{"id":4664,"date":"2023-11-07T21:28:29","date_gmt":"2023-11-07T20:28:29","guid":{"rendered":"https:\/\/hundertwasser-schule.de\/?page_id=4664"},"modified":"2024-05-16T13:25:07","modified_gmt":"2024-05-16T11:25:07","slug":"lies-mit-projekt","status":"publish","type":"page","link":"http:\/\/hundertwasser-schule.de\/cs_cz\/lies-mit-projekt\/","title":{"rendered":"\u010ct\u011bte d\u00e1l! - Projekt"},"content":{"rendered":"<div data-elementor-type=\"wp-page\" data-elementor-id=\"4664\" class=\"elementor elementor-4664\" data-elementor-post-type=\"page\">\n\t\t\t\t\t\t<section class=\"elementor-section elementor-top-section elementor-element elementor-element-8e29a50 elementor-section-boxed elementor-section-height-default elementor-section-height-default\" data-id=\"8e29a50\" data-element_type=\"section\" data-e-type=\"section\">\n\t\t\t\t\t\t<div class=\"elementor-container elementor-column-gap-default\">\n\t\t\t\t\t<div class=\"elementor-column elementor-col-100 elementor-top-column elementor-element elementor-element-1832f55\" data-id=\"1832f55\" data-element_type=\"column\" data-e-type=\"column\">\n\t\t\t<div class=\"elementor-widget-wrap elementor-element-populated\">\n\t\t\t\t\t\t<div class=\"elementor-element elementor-element-deb3dc9 elementor-widget elementor-widget-text-editor\" data-id=\"deb3dc9\" data-element_type=\"widget\" data-e-type=\"widget\" data-widget_type=\"text-editor.default\">\n\t\t\t\t<div class=\"elementor-widget-container\">\n\t\t\t\t\t\t\t\t\t<p><span style=\"color: #0000ff;\"><b>O projektu<\/b><\/span><\/p><p>Projekt \"Lies mit\" je spole\u010dnou nab\u00eddkou \u0161koln\u00ed inspekce pro z\u00e1kladn\u00ed \u0161koly v okrese G\u00fctersloh, kompeten\u010dn\u00edho t\u00fdmu, veden\u00ed \u0161kolstv\u00ed a \u00fa\u0159adu pro vzd\u011bl\u00e1v\u00e1n\u00ed v okrese G\u00fctersloh, Centra pro vzd\u011bl\u00e1v\u00e1n\u00ed a p\u0159\u00edle\u017eitosti a Nadace Reinharda Mohna.<\/p><p>Jsme pot\u011b\u0161eni, \u017ee zam\u011bstnanci \u0161koly v Hundertwasseru jednomysln\u011b souhlasili s \u00fa\u010dast\u00ed v projektu \"Lies mit\" v okrese G\u00fctersloh ve \u0161koln\u00edm roce 2023\/24 a b\u011bhem 18 m\u011bs\u00edc\u016f se z\u00fa\u010dastn\u00ed \u0161kolen\u00ed s dal\u0161\u00edmi z\u00e1kladn\u00edmi \u0161kolami. Hlavn\u00ed my\u0161lenkou projektu je systematick\u00e1 podpora \u010dten\u00ed v r\u00e1mci projektu rozvoje \u0161koly, kter\u00fd podporuj\u00ed v\u0161ichni kolegov\u00e9.<\/p><p>Na str\u00e1nk\u00e1ch\u00a0<strong>Podrobn\u00e9 c\u00edle<\/strong>\u00a0jsou n\u00e1sleduj\u00edc\u00ed:<\/p><ol><li>V\u0161ichni \u017e\u00e1ci vyu\u010dovan\u00ed na stejn\u00e9 \u00farovni dosahuj\u00ed v prvn\u00edm pololet\u00ed \u010dtvrt\u00e9 t\u0159\u00eddy standardn\u00edho rozsahu salcbursk\u00e9ho screeningu \u010dten\u00ed.<\/li><li>\u017d\u00e1ci se speci\u00e1ln\u00edmi pot\u0159ebami na z\u00fa\u010dastn\u011bn\u00e9 \u0161kole zlep\u0161uj\u00ed rychlost \u010dten\u00ed pravidelnou \u00fa\u010dast\u00ed na tr\u00e9ninku \u010dten\u00ed v pr\u016fb\u011bhu z\u00e1kladn\u00ed \u0161koly.<\/li><li>U\u010ditel\u00e9 realizuj\u00ed v\u00fduku \u010dten\u00ed nejpozd\u011bji ve \u010dtvrt\u00e9m \u0161koln\u00edm roce po zah\u00e1jen\u00ed \u00fa\u010dasti v projektu.<\/li><li>Projekt bude od nadch\u00e1zej\u00edc\u00edho \u0161koln\u00edho roku pilotov\u00e1n na p\u011bti z\u00e1kladn\u00edch \u0161kol\u00e1ch. Tyto \u0161koly po\u017e\u00e1daly o \u00fa\u010dast na z\u00e1klad\u011b informa\u010dn\u00ed a hodnot\u00edc\u00ed akce.<\/li><\/ol><p><strong>Struktura nab\u00eddky<\/strong><\/p><p>U\u010ditel\u00e9 ze z\u00fa\u010dastn\u011bn\u00fdch z\u00e1kladn\u00edch \u0161kol se b\u011bhem 18 m\u011bs\u00edc\u016f z\u00fa\u010dastn\u00ed sedmi modul\u016f.<strong>\u00a0<\/strong>kter\u00e9 se zab\u00fdvaj\u00ed n\u00e1sleduj\u00edc\u00edmi t\u00e9maty:<br \/>Plynulost \u010dten\u00ed, diagnostika a p\u011bt metod spr\u00e1vn\u00e9ho \u010dten\u00ed: Sborov\u00e9 \u010dten\u00ed, \u010dten\u00ed v kostk\u00e1ch, tandemov\u00e9 \u010dten\u00ed, \u010dten\u00ed s audioknihou a divadeln\u00ed \u010dten\u00ed.<\/p><p>Ka\u017ed\u00fd modul<strong>\u00a0<\/strong>se skl\u00e1d\u00e1 z:<\/p><ul><li>film, v\u00fdm\u011bna informac\u00ed o filmu a pl\u00e1nov\u00e1n\u00ed realizace.<br \/>v roce t\u00fdm<\/li><li>Prov\u00e1d\u011bn\u00ed metody hlasit\u00e9ho \u010dten\u00ed<\/li><li>V\u00fdm\u011bna mezi \u0161kolami<\/li><li>Testov\u00e1n\u00ed pomoc\u00ed Salcbursk\u00e9ho screeningu \u010dten\u00ed v bezplatn\u00e9 online verzi<\/li><li>Diskuse o v\u00fdsledc\u00edch v t\u00fdmu v roce.<\/li><\/ul><p>Pokud chcete z\u00edskat podrobn\u011bj\u0161\u00ed informace, najdete je zde.\u00a0<strong>film o projektu:<br \/><\/strong><a href=\"https:\/\/youtu.be\/Q9TwVTWEg60?list=PL5LYbSLXzQs-pIlZO-9nmDxBdt5-eU7Qp\"><strong>https:\/\/youtu.be\/Q9TwVTWEg60?list=PL5LYbSLXzQs-pIlZO-9nmDxBdt5-<\/strong><\/a><a href=\"https:\/\/www.kreis-guetersloh.de\/themen\/bildung\/bildungsmanagement-und-bildungsbuero\/lies-mit\/qr-code.jpg?cid=18mk.5vo1\"><strong>eU7Qp<\/strong><\/a><strong>\u00a0 \u00a0<\/strong><\/p>\t\t\t\t\t\t\t\t<\/div>\n\t\t\t\t<\/div>\n\t\t\t\t<div class=\"elementor-element elementor-element-84b3ccb elementor-widget elementor-widget-text-editor\" data-id=\"84b3ccb\" data-element_type=\"widget\" data-e-type=\"widget\" data-widget_type=\"text-editor.default\">\n\t\t\t\t<div class=\"elementor-widget-container\">\n\t\t\t\t\t\t\t\t\t<p><span style=\"color: #0000ff;\"><strong>\"\u010cteme spolu\" v Hundertwasserov\u011b \u0161kole<\/strong><\/span><\/p><p>\u0160koln\u00ed rok 2023\/2024 za\u010d\u00edn\u00e1 pro v\u0161echny z\u00e1kladn\u00ed \u0161koly \u0159adou zm\u011bn. Spolkov\u00e1 zem\u011b Severn\u00ed Por\u00fdn\u00ed-Vestf\u00e1lsko mimo jin\u00e9 podporuje z\u00e1kladn\u00ed \u0161koly v tom, aby up\u0159ednost\u0148ovaly \u010dten\u00ed a do rozvrhu za\u0159adily povinn\u00e9 hodiny \u010dten\u00ed. D\u016fle\u017eit\u00fdm c\u00edlem je zv\u00fd\u0161en\u00ed plynulosti \u010dten\u00ed a schopnosti porozum\u011bt v\u011bcem a tak\u00e9 radosti ze \u010dten\u00ed.<\/p><p>V r\u00e1mci tohoto projektu <strong>\"\u010ct\u011bte d\u00e1l\"<\/strong>kter\u00e9 se zam\u011bstnanci Hundertwasserovy \u0161koly s nad\u0161en\u00edm \u00fa\u010dastn\u00ed od za\u010d\u00e1tku \u0161koln\u00edho roku. Projekt je spole\u010dnou nab\u00eddkou \u0161koln\u00ed inspekce pro z\u00e1kladn\u00ed \u0161koly v okrese G\u00fctersloh, kompeten\u010dn\u00edho t\u00fdmu, \u0161kolsk\u00e9ho \u00fa\u0159adu a veden\u00ed \u0161kolstv\u00ed, Centra pro digit\u00e1ln\u00ed vzd\u011bl\u00e1v\u00e1n\u00ed a \u0161koly a Nadace Reinharda Mohna a zahrnuje r\u016fzn\u00e9 vzd\u011bl\u00e1vac\u00ed moduly, kter\u00e9 jsou n\u00e1sledn\u011b implementov\u00e1ny do ka\u017edodenn\u00ed v\u00fduky a pozd\u011bji reflektov\u00e1ny v r\u00e1mci projektu.<\/p><p>Ji\u017e n\u011bkolik t\u00fddn\u016f zn\u00ed \u010dty\u0159ikr\u00e1t t\u00fddn\u011b ve stanovenou dobu v cel\u00e9 \u0161koln\u00ed budov\u011b tato v\u011bta: \"Za\u010dneme \u010d\u00edst. Prsty pod \"...\" - 3-2-1 ...\". Pot\u00e9 spole\u010dn\u011b sborov\u011b \u010dteme. B\u011bhem t\u00e9to 15-20minutov\u00e9 doby na podporu \u010dten\u00ed si d\u011bti vyzkou\u0161ej\u00ed r\u016fzn\u00e9 metody hlasit\u00e9ho \u010dten\u00ed, nap\u0159\u00edklad sborov\u00e9 \u010dten\u00ed, \u010dten\u00ed z kostek nebo \u010dten\u00ed audioknih. V\u0161echny metody prokazateln\u011b podporuj\u00ed plynulost \u010dten\u00ed, \u010dten\u00ed s porozum\u011bn\u00edm a motivaci ke \u010dten\u00ed - jin\u00fdmi slovy z\u00e1klad ve\u0161ker\u00e9ho vzd\u011bl\u00e1v\u00e1n\u00ed. Pokrok ve \u010dten\u00e1\u0159sk\u00fdch dovednostech \u017e\u00e1k\u016f se m\u011b\u0159\u00ed pravideln\u00fdm testov\u00e1n\u00edm pomoc\u00ed Salcbursk\u00e9ho screeningu \u010dten\u00ed v online verzi.<\/p><p>D\u011bti se u\u017e nemohou do\u010dkat, a\u017e budou objevovat a \u010d\u00edst nov\u00e9 texty a \u010detbu a pozn\u00e1vat a zkou\u0161et dal\u0161\u00ed techniky zvukov\u00e9ho \u010dten\u00ed.<\/p><p>Jsme zv\u011bdav\u00ed, co se bude d\u00edt d\u00e1l!\u00a0<\/p>\t\t\t\t\t\t\t\t<\/div>\n\t\t\t\t<\/div>\n\t\t\t\t<div class=\"elementor-element elementor-element-80f5d5f elementor-widget elementor-widget-video\" data-id=\"80f5d5f\" data-element_type=\"widget\" data-e-type=\"widget\" data-settings=\"{&quot;video_type&quot;:&quot;hosted&quot;,&quot;controls&quot;:&quot;yes&quot;}\" data-widget_type=\"video.default\">\n\t\t\t\t<div class=\"elementor-widget-container\">\n\t\t\t\t\t\t\t<div class=\"e-hosted-video elementor-wrapper elementor-open-inline\">\n\t\t\t\t\t<video class=\"elementor-video\" src=\"http:\/\/hundertwasser-schule.de\/wp-content\/uploads\/2023\/11\/IMG_2543.mov\" controls=\"\" preload=\"metadata\" controlslist=\"nodownload\"><\/video>\n\t\t\t\t<\/div>\n\t\t\t\t\t\t<\/div>\n\t\t\t\t<\/div>\n\t\t\t\t<div class=\"elementor-element elementor-element-1402dd5 elementor-widget elementor-widget-gallery\" data-id=\"1402dd5\" data-element_type=\"widget\" data-e-type=\"widget\" data-settings=\"{&quot;lazyload&quot;:&quot;yes&quot;,&quot;gallery_layout&quot;:&quot;grid&quot;,&quot;columns&quot;:4,&quot;columns_tablet&quot;:2,&quot;columns_mobile&quot;:1,&quot;gap&quot;:{&quot;unit&quot;:&quot;px&quot;,&quot;size&quot;:10,&quot;sizes&quot;:[]},&quot;gap_tablet&quot;:{&quot;unit&quot;:&quot;px&quot;,&quot;size&quot;:10,&quot;sizes&quot;:[]},&quot;gap_mobile&quot;:{&quot;unit&quot;:&quot;px&quot;,&quot;size&quot;:10,&quot;sizes&quot;:[]},&quot;link_to&quot;:&quot;file&quot;,&quot;aspect_ratio&quot;:&quot;3:2&quot;,&quot;overlay_background&quot;:&quot;yes&quot;,&quot;content_hover_animation&quot;:&quot;fade-in&quot;}\" data-widget_type=\"gallery.default\">\n\t\t\t\t<div class=\"elementor-widget-container\">\n\t\t\t\t\t\t\t<div class=\"elementor-gallery__container\">\n\t\t\t\t\t<\/div>\n\t\t\t\t\t<\/div>\n\t\t\t\t<\/div>\n\t\t\t\t\t<\/div>\n\t\t<\/div>\n\t\t\t\t\t<\/div>\n\t\t<\/section>\n\t\t\t\t<section class=\"elementor-section elementor-top-section elementor-element elementor-element-ec3786e elementor-section-boxed elementor-section-height-default elementor-section-height-default\" data-id=\"ec3786e\" data-element_type=\"section\" data-e-type=\"section\">\n\t\t\t\t\t\t<div class=\"elementor-container elementor-column-gap-default\">\n\t\t\t\t\t<div class=\"elementor-column elementor-col-100 elementor-top-column elementor-element elementor-element-d6b72ee\" data-id=\"d6b72ee\" data-element_type=\"column\" data-e-type=\"column\">\n\t\t\t<div class=\"elementor-widget-wrap\">\n\t\t\t\t\t\t\t<\/div>\n\t\t<\/div>\n\t\t\t\t\t<\/div>\n\t\t<\/section>\n\t\t\t\t<\/div>","protected":false},"excerpt":{"rendered":"<p>\u00dcber das Projekt Das Projekt\u00a0\u201eLies\u00a0mit\u201c ist ein gemeinsames Angebot der Schulaufsichten f\u00fcr die Grundschulen im Kreis G\u00fctersloh, des Kompetenzteams, des Bildungsmanagements und Bildungsb\u00fcro im Kreis G\u00fctersloh, des Zentrums f\u00fcr Bildung und Chancen und der Reinhard Mohn Stiftung. Wir freuen uns, dass sich das Kollegium der Hundertwasser-Schule einstimmig im Schuljahr 2023\/24 auf das Projekt \u201eLies mit\u201c [&hellip;]<\/p>\n","protected":false},"author":4,"featured_media":0,"parent":0,"menu_order":0,"comment_status":"closed","ping_status":"closed","template":"","meta":{"footnotes":""},"class_list":["post-4664","page","type-page","status-publish","hentry"],"_links":{"self":[{"href":"http:\/\/hundertwasser-schule.de\/cs_cz\/wp-json\/wp\/v2\/pages\/4664","targetHints":{"allow":["GET"]}}],"collection":[{"href":"http:\/\/hundertwasser-schule.de\/cs_cz\/wp-json\/wp\/v2\/pages"}],"about":[{"href":"http:\/\/hundertwasser-schule.de\/cs_cz\/wp-json\/wp\/v2\/types\/page"}],"author":[{"embeddable":true,"href":"http:\/\/hundertwasser-schule.de\/cs_cz\/wp-json\/wp\/v2\/users\/4"}],"replies":[{"embeddable":true,"href":"http:\/\/hundertwasser-schule.de\/cs_cz\/wp-json\/wp\/v2\/comments?post=4664"}],"version-history":[{"count":5,"href":"http:\/\/hundertwasser-schule.de\/cs_cz\/wp-json\/wp\/v2\/pages\/4664\/revisions"}],"predecessor-version":[{"id":5238,"href":"http:\/\/hundertwasser-schule.de\/cs_cz\/wp-json\/wp\/v2\/pages\/4664\/revisions\/5238"}],"wp:attachment":[{"href":"http:\/\/hundertwasser-schule.de\/cs_cz\/wp-json\/wp\/v2\/media?parent=4664"}],"curies":[{"name":"wp","href":"https:\/\/api.w.org\/{rel}","templated":true}]}}