{"id":853,"date":"2020-04-14T08:16:13","date_gmt":"2020-04-14T06:16:13","guid":{"rendered":"https:\/\/neu.hundertwasser-schule.de\/?page_id=853"},"modified":"2022-09-02T09:55:03","modified_gmt":"2022-09-02T07:55:03","slug":"impressum","status":"publish","type":"page","link":"http:\/\/hundertwasser-schule.de\/cs_cz\/impressum\/","title":{"rendered":"Otisk"},"content":{"rendered":"<div data-elementor-type=\"wp-page\" data-elementor-id=\"853\" class=\"elementor elementor-853\" data-elementor-post-type=\"page\">\n\t\t\t\t\t\t<section class=\"elementor-section elementor-top-section elementor-element elementor-element-3839578d elementor-section-stretched elementor-section-full_width elementor-section-height-default elementor-section-height-default\" data-id=\"3839578d\" data-element_type=\"section\" data-e-type=\"section\" data-settings=\"{&quot;stretch_section&quot;:&quot;section-stretched&quot;}\">\n\t\t\t\t\t\t<div class=\"elementor-container elementor-column-gap-no\">\n\t\t\t\t\t<div class=\"elementor-column elementor-col-100 elementor-top-column elementor-element elementor-element-2faa1dd3\" data-id=\"2faa1dd3\" data-element_type=\"column\" data-e-type=\"column\">\n\t\t\t<div class=\"elementor-widget-wrap elementor-element-populated\">\n\t\t\t\t\t\t<div class=\"elementor-element elementor-element-51e58265 elementor-widget elementor-widget-image\" data-id=\"51e58265\" data-element_type=\"widget\" data-e-type=\"widget\" data-widget_type=\"image.default\">\n\t\t\t\t<div class=\"elementor-widget-container\">\n\t\t\t\t\t\t\t\t\t\t\t\t\t\t\t<img fetchpriority=\"high\" decoding=\"async\" width=\"1920\" height=\"230\" src=\"https:\/\/hundertwasser-schule.de\/wp-content\/uploads\/2020\/03\/bild1.jpg\" class=\"attachment-full size-full wp-image-108\" alt=\"\" srcset=\"https:\/\/hundertwasser-schule.de\/wp-content\/uploads\/2020\/03\/bild1.jpg 1920w, https:\/\/hundertwasser-schule.de\/wp-content\/uploads\/2020\/03\/bild1-300x36.jpg 300w, https:\/\/hundertwasser-schule.de\/wp-content\/uploads\/2020\/03\/bild1-1024x123.jpg 1024w, https:\/\/hundertwasser-schule.de\/wp-content\/uploads\/2020\/03\/bild1-768x92.jpg 768w, https:\/\/hundertwasser-schule.de\/wp-content\/uploads\/2020\/03\/bild1-1536x184.jpg 1536w, https:\/\/hundertwasser-schule.de\/wp-content\/uploads\/2020\/03\/bild1-20x2.jpg 20w\" sizes=\"(max-width: 1920px) 100vw, 1920px\" \/>\t\t\t\t\t\t\t\t\t\t\t\t\t\t\t<\/div>\n\t\t\t\t<\/div>\n\t\t\t\t\t<\/div>\n\t\t<\/div>\n\t\t\t\t\t<\/div>\n\t\t<\/section>\n\t\t\t\t<section class=\"elementor-section elementor-top-section elementor-element elementor-element-d5ec313 elementor-section-height-min-height elementor-section-boxed elementor-section-height-default elementor-section-items-middle\" data-id=\"d5ec313\" data-element_type=\"section\" data-e-type=\"section\" data-settings=\"{&quot;background_background&quot;:&quot;classic&quot;}\">\n\t\t\t\t\t\t<div class=\"elementor-container elementor-column-gap-default\">\n\t\t\t\t\t<div class=\"elementor-column elementor-col-100 elementor-top-column elementor-element elementor-element-33a5bd59\" data-id=\"33a5bd59\" data-element_type=\"column\" data-e-type=\"column\">\n\t\t\t<div class=\"elementor-widget-wrap elementor-element-populated\">\n\t\t\t\t\t\t\t<\/div>\n\t\t<\/div>\n\t\t\t\t\t<\/div>\n\t\t<\/section>\n\t\t\t\t<section class=\"elementor-section elementor-top-section elementor-element elementor-element-103c53cc elementor-section-boxed elementor-section-height-default elementor-section-height-default\" data-id=\"103c53cc\" data-element_type=\"section\" data-e-type=\"section\">\n\t\t\t\t\t\t<div class=\"elementor-container elementor-column-gap-default\">\n\t\t\t\t\t<div class=\"elementor-column elementor-col-100 elementor-top-column elementor-element elementor-element-281e5a1d\" data-id=\"281e5a1d\" data-element_type=\"column\" data-e-type=\"column\">\n\t\t\t<div class=\"elementor-widget-wrap elementor-element-populated\">\n\t\t\t\t\t\t<div class=\"elementor-element elementor-element-61834a54 elementor-widget elementor-widget-spacer\" data-id=\"61834a54\" data-element_type=\"widget\" data-e-type=\"widget\" data-widget_type=\"spacer.default\">\n\t\t\t\t<div class=\"elementor-widget-container\">\n\t\t\t\t\t\t\t<div class=\"elementor-spacer\">\n\t\t\t<div class=\"elementor-spacer-inner\"><\/div>\n\t\t<\/div>\n\t\t\t\t\t\t<\/div>\n\t\t\t\t<\/div>\n\t\t\t\t\t<\/div>\n\t\t<\/div>\n\t\t\t\t\t<\/div>\n\t\t<\/section>\n\t\t\t\t<section class=\"elementor-section elementor-top-section elementor-element elementor-element-b91b0d8 elementor-section-boxed elementor-section-height-default elementor-section-height-default\" data-id=\"b91b0d8\" data-element_type=\"section\" data-e-type=\"section\">\n\t\t\t\t\t\t<div class=\"elementor-container elementor-column-gap-default\">\n\t\t\t\t\t<div class=\"elementor-column elementor-col-100 elementor-top-column elementor-element elementor-element-1fdc87b\" data-id=\"1fdc87b\" data-element_type=\"column\" data-e-type=\"column\">\n\t\t\t<div class=\"elementor-widget-wrap elementor-element-populated\">\n\t\t\t\t\t\t<div class=\"elementor-element elementor-element-b9a3edb elementor-widget elementor-widget-text-editor\" data-id=\"b9a3edb\" data-element_type=\"widget\" data-e-type=\"widget\" data-widget_type=\"text-editor.default\">\n\t\t\t\t<div class=\"elementor-widget-container\">\n\t\t\t\t\t\t\t\t\t<div class=\"cbp-row wh-content\"><div class=\"cbp-container\"><div class=\"entry-content one whole wh-padding\"><div class=\"vc_row wpb_row vc_row-fluid\"><div class=\"wpb_column vc_column_container vc_col-sm-12\"><div class=\"vc_column-inner\"><div class=\"wpb_wrapper\"><div class=\"wpb_text_column wpb_content_element\"><div class=\"wpb_wrapper\"><p><strong>Otisk od 11.04.2019<\/strong><\/p><p>Hundertwasserova \u0161kola<\/p><h3>\u0158\u00edzen\u00ed \u0161koly<\/h3><p>Heyka H\u00fcbner, \u0159editelka \u0161koly<\/p><p>Oststrasse 44<\/p><p>33332 G\u00fctersloh<\/p><p>Telefon: 05241\/505273-10<\/p><p>Fax: 05241\/505273-31<\/p><p>E-mail:<a href=\"mailto:schulleitung.hundertwasser-schule@gt-net.de\">\u00a0schulleitung.hundertwasser-schule@gt-net.de<\/a><\/p><h3>\u0160koln\u00ed rada<\/h3><p>Okres G\u00fctersloh, zastoupen\u00fd okresn\u00edm spr\u00e1vcem<\/p><p>Okresn\u00ed spr\u00e1va G\u00fctersloh<\/p><p>Herzebrocker Stra\u00dfe 140<\/p><p>33324 G\u00fctersloh<\/p><p>Telefon: 05241 85-0<\/p><p>Fax: 05241 85-1200<\/p><p>E-mail:\u00a0<a title=\"Odeslat e-mail na adresu kreis.guetersloh@gt-net.de\" href=\"https:\/\/eks-harsewinkel.de\/email.php?to=kreis.guetersloh@gt-net.de\" target=\"_new\" rel=\"noopener noreferrer\">kreis.guetersloh@gt-net.de<\/a><\/p><p>Vynakl\u00e1d\u00e1me ve\u0161ker\u00e9 \u00fasil\u00ed, abychom obsah str\u00e1nek udr\u017eovali aktu\u00e1ln\u00ed. Nep\u0159eb\u00edr\u00e1me v\u0161ak \u017e\u00e1dnou odpov\u011bdnost za spr\u00e1vnost, \u00faplnost a aktu\u00e1lnost obsahu.<\/p><p>M\u00e1te-li jak\u00e9koli dotazy nebo p\u0159ipom\u00ednky k t\u011bmto webov\u00fdm str\u00e1nk\u00e1m nebo pot\u0159ebujete-li informace o na\u0161\u00ed \u0161kole, obra\u0165te se pros\u00edm p\u0159\u00edmo na \u0161kolu.<\/p><h3>Autorsk\u00e1 pr\u00e1va, odpov\u011bdnost, odpov\u011bdnost<\/h3><p>Pou\u017e\u00edv\u00e1n\u00ed na\u0161ich webov\u00fdch str\u00e1nek je mo\u017en\u00e9 bez poskytnut\u00ed osobn\u00edch \u00fadaj\u016f.<\/p><h3>Autorsk\u00e1 pr\u00e1va<\/h3><p>Copyright \u00a9 2019 Hundertwasser School, G\u00fctersloh<\/p><p>V\u0161echna pr\u00e1va vyhrazena<\/p><p>P\u0159evzet\u00ed, pou\u017eit\u00ed a reprodukce nab\u00edzen\u00fdch p\u0159\u00edsp\u011bvk\u016f a ilustrac\u00ed je mo\u017en\u00e9 pouze s p\u0159edchoz\u00edm p\u00edsemn\u00fdm souhlasem poskytovatele str\u00e1nek (zastoupen\u00e9ho \u0159editelem \u0161koly).<\/p><p>Pou\u017eit\u00ed kontaktn\u00edch \u00fadaj\u016f zve\u0159ejn\u011bn\u00fdch v r\u00e1mci povinnosti otisku t\u0159et\u00edmi stranami za \u00fa\u010delem zas\u00edl\u00e1n\u00ed nevy\u017e\u00e1dan\u00fdch reklamn\u00edch a informa\u010dn\u00edch materi\u00e1l\u016f je t\u00edmto v\u00fdslovn\u011b zak\u00e1z\u00e1no. Provozovatel\u00e9 str\u00e1nek (zastoupeni \u0159editelem) si v\u00fdslovn\u011b vyhrazuj\u00ed pr\u00e1vo podniknout pr\u00e1vn\u00ed kroky v p\u0159\u00edpad\u011b nevy\u017e\u00e1dan\u00e9ho zas\u00edl\u00e1n\u00ed reklamn\u00edch informac\u00ed, nap\u0159\u00edklad prost\u0159ednictv\u00edm nevy\u017e\u00e1dan\u00e9 po\u0161ty.<\/p><h3>Odpov\u011bdnost a ru\u010den\u00ed<\/h3><p>Za spr\u00e1vnost a \u00faplnost informac\u00ed uveden\u00fdch v p\u0159\u00edsp\u011bvc\u00edch nelze ru\u010dit.<\/p><p>To plat\u00ed i pro obsah poskytovatel\u016f, kter\u00fd lze zobrazit prost\u0159ednictv\u00edm odkaz\u016f na t\u011bchto str\u00e1nk\u00e1ch. V\u00fdslovn\u011b nep\u0159eb\u00edr\u00e1me \u017e\u00e1dnou odpov\u011bdnost za \u0161kody, kter\u00e9 by mohly vzniknout v d\u016fsledku pou\u017eit\u00ed t\u011bchto vyhledan\u00fdch informac\u00ed nebo jejich p\u0159ed\u00e1n\u00ed; odpov\u011bdnost nesou v\u00fdhradn\u011b provozovatel\u00e9 odkazovan\u00fdch str\u00e1nek.<\/p><\/div><\/div><\/div><\/div><\/div><\/div><\/div><\/div><\/div>\t\t\t\t\t\t\t\t<\/div>\n\t\t\t\t<\/div>\n\t\t\t\t\t<\/div>\n\t\t<\/div>\n\t\t\t\t\t<\/div>\n\t\t<\/section>\n\t\t\t\t<\/div>","protected":false},"excerpt":{"rendered":"<p>Impressum vom 11.04.2019 Hundertwasser-Schule Schulleitung Heyka H\u00fcbner, Schulleiterin Oststra\u00dfe 44 33332 G\u00fctersloh Telefon: 05241\/505273-10 Telefax: 05241\/505273-31 E-Mail:\u00a0schulleitung.hundertwasser-schule@gt-net.de Schultr\u00e4ger Kreis G\u00fctersloh, vertreten durch den Landrat Kreisverwaltung G\u00fctersloh Herzebrocker Stra\u00dfe 140 33324 G\u00fctersloh Telefon: 05241 85-0 Fax: 05241 85-1200 E-Mail:\u00a0kreis.guetersloh@gt-net.de Wir bem\u00fchen uns, die Inhalte der Seiten aktuell zu halten. F\u00fcr die Richtigkeit, Vollst\u00e4ndigkeit und Aktualit\u00e4t der [&hellip;]<\/p>\n","protected":false},"author":1,"featured_media":0,"parent":0,"menu_order":0,"comment_status":"closed","ping_status":"closed","template":"elementor_header_footer","meta":{"footnotes":""},"class_list":["post-853","page","type-page","status-publish","hentry"],"_links":{"self":[{"href":"http:\/\/hundertwasser-schule.de\/cs_cz\/wp-json\/wp\/v2\/pages\/853","targetHints":{"allow":["GET"]}}],"collection":[{"href":"http:\/\/hundertwasser-schule.de\/cs_cz\/wp-json\/wp\/v2\/pages"}],"about":[{"href":"http:\/\/hundertwasser-schule.de\/cs_cz\/wp-json\/wp\/v2\/types\/page"}],"author":[{"embeddable":true,"href":"http:\/\/hundertwasser-schule.de\/cs_cz\/wp-json\/wp\/v2\/users\/1"}],"replies":[{"embeddable":true,"href":"http:\/\/hundertwasser-schule.de\/cs_cz\/wp-json\/wp\/v2\/comments?post=853"}],"version-history":[{"count":5,"href":"http:\/\/hundertwasser-schule.de\/cs_cz\/wp-json\/wp\/v2\/pages\/853\/revisions"}],"predecessor-version":[{"id":3042,"href":"http:\/\/hundertwasser-schule.de\/cs_cz\/wp-json\/wp\/v2\/pages\/853\/revisions\/3042"}],"wp:attachment":[{"href":"http:\/\/hundertwasser-schule.de\/cs_cz\/wp-json\/wp\/v2\/media?parent=853"}],"curies":[{"name":"wp","href":"https:\/\/api.w.org\/{rel}","templated":true}]}}