{"id":49,"date":"2020-10-09T10:57:32","date_gmt":"2020-10-09T08:57:32","guid":{"rendered":"https:\/\/neu.hundertwasser-schule.de\/?page_id=49"},"modified":"2023-10-29T21:04:17","modified_gmt":"2023-10-29T20:04:17","slug":"kiko","status":"publish","type":"page","link":"http:\/\/hundertwasser-schule.de\/da_dk\/kiko\/","title":{"rendered":"Kiko"},"content":{"rendered":"<div data-elementor-type=\"wp-page\" data-elementor-id=\"49\" class=\"elementor elementor-49\" data-elementor-post-type=\"page\">\n\t\t\t\t\t\t<section class=\"elementor-section elementor-top-section elementor-element elementor-element-4bfa5493 elementor-section-stretched elementor-section-full_width elementor-section-height-default elementor-section-height-default\" data-id=\"4bfa5493\" data-element_type=\"section\" data-e-type=\"section\" data-settings=\"{&quot;stretch_section&quot;:&quot;section-stretched&quot;}\">\n\t\t\t\t\t\t<div class=\"elementor-container elementor-column-gap-no\">\n\t\t\t\t\t<div class=\"elementor-column elementor-col-100 elementor-top-column elementor-element elementor-element-524a53b\" data-id=\"524a53b\" data-element_type=\"column\" data-e-type=\"column\">\n\t\t\t<div class=\"elementor-widget-wrap elementor-element-populated\">\n\t\t\t\t\t\t<div class=\"elementor-element elementor-element-2867f474 elementor-widget elementor-widget-image\" data-id=\"2867f474\" data-element_type=\"widget\" data-e-type=\"widget\" data-widget_type=\"image.default\">\n\t\t\t\t<div class=\"elementor-widget-container\">\n\t\t\t\t\t\t\t\t\t\t\t\t\t\t\t<img fetchpriority=\"high\" decoding=\"async\" width=\"1920\" height=\"230\" src=\"https:\/\/hundertwasser-schule.de\/wp-content\/uploads\/2020\/03\/bild1.jpg\" class=\"attachment-full size-full wp-image-108\" alt=\"\" srcset=\"https:\/\/hundertwasser-schule.de\/wp-content\/uploads\/2020\/03\/bild1.jpg 1920w, https:\/\/hundertwasser-schule.de\/wp-content\/uploads\/2020\/03\/bild1-300x36.jpg 300w, https:\/\/hundertwasser-schule.de\/wp-content\/uploads\/2020\/03\/bild1-1024x123.jpg 1024w, https:\/\/hundertwasser-schule.de\/wp-content\/uploads\/2020\/03\/bild1-768x92.jpg 768w, https:\/\/hundertwasser-schule.de\/wp-content\/uploads\/2020\/03\/bild1-1536x184.jpg 1536w, https:\/\/hundertwasser-schule.de\/wp-content\/uploads\/2020\/03\/bild1-20x2.jpg 20w\" sizes=\"(max-width: 1920px) 100vw, 1920px\" \/>\t\t\t\t\t\t\t\t\t\t\t\t\t\t\t<\/div>\n\t\t\t\t<\/div>\n\t\t\t\t\t<\/div>\n\t\t<\/div>\n\t\t\t\t\t<\/div>\n\t\t<\/section>\n\t\t\t\t<section class=\"elementor-section elementor-top-section elementor-element elementor-element-49d79fd1 elementor-section-height-min-height elementor-section-boxed elementor-section-height-default elementor-section-items-middle\" data-id=\"49d79fd1\" data-element_type=\"section\" data-e-type=\"section\" data-settings=\"{&quot;background_background&quot;:&quot;classic&quot;}\">\n\t\t\t\t\t\t<div class=\"elementor-container elementor-column-gap-default\">\n\t\t\t\t\t<div class=\"elementor-column elementor-col-100 elementor-top-column elementor-element elementor-element-2497b47f\" data-id=\"2497b47f\" data-element_type=\"column\" data-e-type=\"column\">\n\t\t\t<div class=\"elementor-widget-wrap elementor-element-populated\">\n\t\t\t\t\t\t\t<\/div>\n\t\t<\/div>\n\t\t\t\t\t<\/div>\n\t\t<\/section>\n\t\t\t\t<section class=\"elementor-section elementor-top-section elementor-element elementor-element-2517047a elementor-section-boxed elementor-section-height-default elementor-section-height-default\" data-id=\"2517047a\" data-element_type=\"section\" data-e-type=\"section\">\n\t\t\t\t\t\t<div class=\"elementor-container elementor-column-gap-default\">\n\t\t\t\t\t<div class=\"elementor-column elementor-col-100 elementor-top-column elementor-element elementor-element-64cb6f4c\" data-id=\"64cb6f4c\" data-element_type=\"column\" data-e-type=\"column\">\n\t\t\t<div class=\"elementor-widget-wrap elementor-element-populated\">\n\t\t\t\t\t\t<div class=\"elementor-element elementor-element-28032bf1 elementor-widget elementor-widget-spacer\" data-id=\"28032bf1\" data-element_type=\"widget\" data-e-type=\"widget\" data-widget_type=\"spacer.default\">\n\t\t\t\t<div class=\"elementor-widget-container\">\n\t\t\t\t\t\t\t<div class=\"elementor-spacer\">\n\t\t\t<div class=\"elementor-spacer-inner\"><\/div>\n\t\t<\/div>\n\t\t\t\t\t\t<\/div>\n\t\t\t\t<\/div>\n\t\t\t\t\t<\/div>\n\t\t<\/div>\n\t\t\t\t\t<\/div>\n\t\t<\/section>\n\t\t\t\t<section class=\"elementor-section elementor-top-section elementor-element elementor-element-d840060 elementor-section-boxed elementor-section-height-default elementor-section-height-default\" data-id=\"d840060\" data-element_type=\"section\" data-e-type=\"section\">\n\t\t\t\t\t\t<div class=\"elementor-container elementor-column-gap-default\">\n\t\t\t\t\t<div class=\"elementor-column elementor-col-100 elementor-top-column elementor-element elementor-element-28e173b\" data-id=\"28e173b\" data-element_type=\"column\" data-e-type=\"column\">\n\t\t\t<div class=\"elementor-widget-wrap elementor-element-populated\">\n\t\t\t\t\t\t<div class=\"elementor-element elementor-element-77a52ce elementor-widget elementor-widget-heading\" data-id=\"77a52ce\" data-element_type=\"widget\" data-e-type=\"widget\" data-widget_type=\"heading.default\">\n\t\t\t\t<div class=\"elementor-widget-container\">\n\t\t\t\t\t<h2 class=\"elementor-heading-title elementor-size-default\">B\u00f8rnekonference (KIKO)\n<\/h2>\t\t\t\t<\/div>\n\t\t\t\t<\/div>\n\t\t\t\t\t<\/div>\n\t\t<\/div>\n\t\t\t\t\t<\/div>\n\t\t<\/section>\n\t\t\t\t<section class=\"elementor-section elementor-top-section elementor-element elementor-element-bb443fc elementor-section-boxed elementor-section-height-default elementor-section-height-default\" data-id=\"bb443fc\" data-element_type=\"section\" data-e-type=\"section\">\n\t\t\t\t\t\t<div class=\"elementor-container elementor-column-gap-default\">\n\t\t\t\t\t<div class=\"elementor-column elementor-col-100 elementor-top-column elementor-element elementor-element-4e6566d\" data-id=\"4e6566d\" data-element_type=\"column\" data-e-type=\"column\">\n\t\t\t<div class=\"elementor-widget-wrap elementor-element-populated\">\n\t\t\t\t\t\t<div class=\"elementor-element elementor-element-a97052f elementor-widget elementor-widget-text-editor\" data-id=\"a97052f\" data-element_type=\"widget\" data-e-type=\"widget\" data-widget_type=\"text-editor.default\">\n\t\t\t\t<div class=\"elementor-widget-container\">\n\t\t\t\t\t\t\t\t\t<p>B\u00f8rnekonferencen p\u00e5 Hundertwasser-skolen finder altid sted p\u00e5 den sidste skoledag f\u00f8r hver ferie, dvs. fire gange i dette skole\u00e5r. En klasse er altid ansvarlig for forberedelsen, udsmykningen af forummet og moderationen. Alle klasser p\u00e5 skolen bidrager til programmet. Der bliver sunget, f\u00f8dselsdage fejres, der er en eller to klasseoptr\u00e6dener, og sidst men ikke mindst venter alle b\u00f8rnene sp\u00e6ndt p\u00e5 l\u00f8sningen p\u00e5 KIKO-g\u00e5den.<\/p><p>Efter\u00e5ret er her!<\/p><p>Hurtigt er de f\u00f8rste uger af det nye skole\u00e5r overst\u00e5et igen, og efter\u00e5rsferien begynder. Alle b\u00f8rn og voksne p\u00e5 Hundertwasserskolen n\u00f8d endnu en gang efter\u00e5rets Kiko med et stemningsfuldt program. For\u00e6ldre, familie og venner n\u00f8d ogs\u00e5 en fantastisk efter\u00e5rs-KIKO. L\u00f8verne og dragerne akkompagnerede flotte efter\u00e5rssange med orff-instrumenter. Ulvene pr\u00e6senterede et sejt black light-dansenummer. R\u00e6venes festsang var ogs\u00e5 stemningsfuld og opfordrede publikum til at synge med.\u00a0\u00a0<\/p><p>Kiko-opgaven denne gang var at beregne antallet af pigge p\u00e5 et opdigtet pindsvin.\u00a0<\/p><p>Der var ogs\u00e5 sv\u00f8mmem\u00e6rker, der skulle uddeles, og mange f\u00f8dselsdage, der skulle fejres. Evalueringen og pr\u00e6mieoverr\u00e6kkelsen af kunstkonkurrencen var ogs\u00e5 p\u00e5 programmet. Opgaven til kunstkonkurrencen var: \"Design et pindsvin p\u00e5 din m\u00e5de\". Det var sv\u00e6rt at v\u00e6lge vinderne, da alle b\u00f8rnene havde lagt en stor indsats i deres design.<\/p><p>Hundertwasserskolen vandt en stor sum penge i en sparekassekonkurrence, s\u00e5 alle b\u00f8rn og voksne p\u00e5 skolen t\u00e6nkte over, hvad pengene skulle bruges til. I KIKO kunne fru H\u00fcbner pr\u00e6sentere de store indk\u00f8b (to basketballkurve og et k\u00f8ret\u00f8j) sammen med nogle af b\u00f8rnene. Alle b\u00f8rnene var begejstrede \ud83d\ude00.\u00a0<\/p><p>Her er nogle flere indtryk fra vores efter\u00e5rs Kiko...\u00a0<\/p>\t\t\t\t\t\t\t\t<\/div>\n\t\t\t\t<\/div>\n\t\t\t\t<div class=\"elementor-element elementor-element-9c5ae68 elementor-widget elementor-widget-gallery\" data-id=\"9c5ae68\" data-element_type=\"widget\" data-e-type=\"widget\" data-settings=\"{&quot;lazyload&quot;:&quot;yes&quot;,&quot;gallery_layout&quot;:&quot;grid&quot;,&quot;columns&quot;:4,&quot;columns_tablet&quot;:2,&quot;columns_mobile&quot;:1,&quot;gap&quot;:{&quot;unit&quot;:&quot;px&quot;,&quot;size&quot;:10,&quot;sizes&quot;:[]},&quot;gap_tablet&quot;:{&quot;unit&quot;:&quot;px&quot;,&quot;size&quot;:10,&quot;sizes&quot;:[]},&quot;gap_mobile&quot;:{&quot;unit&quot;:&quot;px&quot;,&quot;size&quot;:10,&quot;sizes&quot;:[]},&quot;link_to&quot;:&quot;file&quot;,&quot;aspect_ratio&quot;:&quot;3:2&quot;,&quot;overlay_background&quot;:&quot;yes&quot;,&quot;content_hover_animation&quot;:&quot;fade-in&quot;}\" data-widget_type=\"gallery.default\">\n\t\t\t\t<div class=\"elementor-widget-container\">\n\t\t\t\t\t\t\t<div class=\"elementor-gallery__container\">\n\t\t\t\t\t\t\t<a class=\"e-gallery-item elementor-gallery-item elementor-animated-content\" href=\"https:\/\/hundertwasser-schule.de\/wp-content\/uploads\/2023\/10\/9.1-scaled.jpg\" data-elementor-open-lightbox=\"yes\" data-elementor-lightbox-slideshow=\"9c5ae68\" data-elementor-lightbox-title=\"9.1\" data-e-action-hash=\"#elementor-action%3Aaction%3Dlightbox%26settings%3DeyJpZCI6NDU1NCwidXJsIjoiaHR0cHM6XC9cL2h1bmRlcnR3YXNzZXItc2NodWxlLmRlXC93cC1jb250ZW50XC91cGxvYWRzXC8yMDIzXC8xMFwvOS4xLXNjYWxlZC5qcGciLCJzbGlkZXNob3ciOiI5YzVhZTY4In0%3D\">\n\t\t\t\t\t<div class=\"e-gallery-image elementor-gallery-item__image\" data-thumbnail=\"https:\/\/hundertwasser-schule.de\/wp-content\/uploads\/2023\/10\/9.1-300x225.jpg\" data-width=\"200\" data-height=\"150\" aria-label=\"\" role=\"img\" ><\/div>\n\t\t\t\t\t\t\t\t\t\t\t<div class=\"elementor-gallery-item__overlay\"><\/div>\n\t\t\t\t\t\t\t\t\t\t\t\t\t\t<\/a>\n\t\t\t\t\t\t\t<a class=\"e-gallery-item elementor-gallery-item elementor-animated-content\" href=\"https:\/\/hundertwasser-schule.de\/wp-content\/uploads\/2023\/10\/13-scaled.jpg\" data-elementor-open-lightbox=\"yes\" data-elementor-lightbox-slideshow=\"9c5ae68\" data-elementor-lightbox-title=\"13\" data-e-action-hash=\"#elementor-action%3Aaction%3Dlightbox%26settings%3DeyJpZCI6NDU1NSwidXJsIjoiaHR0cHM6XC9cL2h1bmRlcnR3YXNzZXItc2NodWxlLmRlXC93cC1jb250ZW50XC91cGxvYWRzXC8yMDIzXC8xMFwvMTMtc2NhbGVkLmpwZyIsInNsaWRlc2hvdyI6IjljNWFlNjgifQ%3D%3D\">\n\t\t\t\t\t<div class=\"e-gallery-image elementor-gallery-item__image\" data-thumbnail=\"https:\/\/hundertwasser-schule.de\/wp-content\/uploads\/2023\/10\/13-225x300.jpg\" data-width=\"150\" data-height=\"200\" aria-label=\"\" role=\"img\" ><\/div>\n\t\t\t\t\t\t\t\t\t\t\t<div class=\"elementor-gallery-item__overlay\"><\/div>\n\t\t\t\t\t\t\t\t\t\t\t\t\t\t<\/a>\n\t\t\t\t\t\t\t<a class=\"e-gallery-item elementor-gallery-item elementor-animated-content\" href=\"https:\/\/hundertwasser-schule.de\/wp-content\/uploads\/2023\/10\/20230929_105510_resized.jpg\" data-elementor-open-lightbox=\"yes\" data-elementor-lightbox-slideshow=\"9c5ae68\" data-elementor-lightbox-title=\"20230929_105510_resized\" data-e-action-hash=\"#elementor-action%3Aaction%3Dlightbox%26settings%3DeyJpZCI6NDU2MiwidXJsIjoiaHR0cHM6XC9cL2h1bmRlcnR3YXNzZXItc2NodWxlLmRlXC93cC1jb250ZW50XC91cGxvYWRzXC8yMDIzXC8xMFwvMjAyMzA5MjlfMTA1NTEwX3Jlc2l6ZWQuanBnIiwic2xpZGVzaG93IjoiOWM1YWU2OCJ9\">\n\t\t\t\t\t<div class=\"e-gallery-image elementor-gallery-item__image\" data-thumbnail=\"https:\/\/hundertwasser-schule.de\/wp-content\/uploads\/2023\/10\/20230929_105510_resized-300x225.jpg\" data-width=\"200\" data-height=\"150\" aria-label=\"\" role=\"img\" ><\/div>\n\t\t\t\t\t\t\t\t\t\t\t<div class=\"elementor-gallery-item__overlay\"><\/div>\n\t\t\t\t\t\t\t\t\t\t\t\t\t\t<\/a>\n\t\t\t\t\t\t\t<a class=\"e-gallery-item elementor-gallery-item elementor-animated-content\" href=\"https:\/\/hundertwasser-schule.de\/wp-content\/uploads\/2023\/10\/20230928_131812_resized-1.jpg\" data-elementor-open-lightbox=\"yes\" data-elementor-lightbox-slideshow=\"9c5ae68\" data-elementor-lightbox-title=\"20230928_131812_resized\" data-e-action-hash=\"#elementor-action%3Aaction%3Dlightbox%26settings%3DeyJpZCI6NDU1OCwidXJsIjoiaHR0cHM6XC9cL2h1bmRlcnR3YXNzZXItc2NodWxlLmRlXC93cC1jb250ZW50XC91cGxvYWRzXC8yMDIzXC8xMFwvMjAyMzA5MjhfMTMxODEyX3Jlc2l6ZWQtMS5qcGciLCJzbGlkZXNob3ciOiI5YzVhZTY4In0%3D\">\n\t\t\t\t\t<div class=\"e-gallery-image elementor-gallery-item__image\" data-thumbnail=\"https:\/\/hundertwasser-schule.de\/wp-content\/uploads\/2023\/10\/20230928_131812_resized-1-300x225.jpg\" data-width=\"200\" data-height=\"150\" aria-label=\"\" role=\"img\" ><\/div>\n\t\t\t\t\t\t\t\t\t\t\t<div class=\"elementor-gallery-item__overlay\"><\/div>\n\t\t\t\t\t\t\t\t\t\t\t\t\t\t<\/a>\n\t\t\t\t\t\t\t<a class=\"e-gallery-item elementor-gallery-item elementor-animated-content\" href=\"https:\/\/hundertwasser-schule.de\/wp-content\/uploads\/2023\/10\/20230929_111028_resized.jpg\" data-elementor-open-lightbox=\"yes\" data-elementor-lightbox-slideshow=\"9c5ae68\" data-elementor-lightbox-title=\"20230929_111028_resized\" data-e-action-hash=\"#elementor-action%3Aaction%3Dlightbox%26settings%3DeyJpZCI6NDU2NiwidXJsIjoiaHR0cHM6XC9cL2h1bmRlcnR3YXNzZXItc2NodWxlLmRlXC93cC1jb250ZW50XC91cGxvYWRzXC8yMDIzXC8xMFwvMjAyMzA5MjlfMTExMDI4X3Jlc2l6ZWQuanBnIiwic2xpZGVzaG93IjoiOWM1YWU2OCJ9\">\n\t\t\t\t\t<div class=\"e-gallery-image elementor-gallery-item__image\" data-thumbnail=\"https:\/\/hundertwasser-schule.de\/wp-content\/uploads\/2023\/10\/20230929_111028_resized-221x300.jpg\" data-width=\"147\" data-height=\"200\" aria-label=\"\" role=\"img\" ><\/div>\n\t\t\t\t\t\t\t\t\t\t\t<div class=\"elementor-gallery-item__overlay\"><\/div>\n\t\t\t\t\t\t\t\t\t\t\t\t\t\t<\/a>\n\t\t\t\t\t\t\t<a class=\"e-gallery-item elementor-gallery-item elementor-animated-content\" href=\"https:\/\/hundertwasser-schule.de\/wp-content\/uploads\/2023\/10\/20230929_112245_resized.jpg\" data-elementor-open-lightbox=\"yes\" data-elementor-lightbox-slideshow=\"9c5ae68\" data-elementor-lightbox-title=\"20230929_112245_resized\" data-e-action-hash=\"#elementor-action%3Aaction%3Dlightbox%26settings%3DeyJpZCI6NDU3MiwidXJsIjoiaHR0cHM6XC9cL2h1bmRlcnR3YXNzZXItc2NodWxlLmRlXC93cC1jb250ZW50XC91cGxvYWRzXC8yMDIzXC8xMFwvMjAyMzA5MjlfMTEyMjQ1X3Jlc2l6ZWQuanBnIiwic2xpZGVzaG93IjoiOWM1YWU2OCJ9\">\n\t\t\t\t\t<div class=\"e-gallery-image elementor-gallery-item__image\" data-thumbnail=\"https:\/\/hundertwasser-schule.de\/wp-content\/uploads\/2023\/10\/20230929_112245_resized-225x300.jpg\" data-width=\"150\" data-height=\"200\" aria-label=\"\" role=\"img\" ><\/div>\n\t\t\t\t\t\t\t\t\t\t\t<div class=\"elementor-gallery-item__overlay\"><\/div>\n\t\t\t\t\t\t\t\t\t\t\t\t\t\t<\/a>\n\t\t\t\t\t\t\t<a class=\"e-gallery-item elementor-gallery-item elementor-animated-content\" href=\"https:\/\/hundertwasser-schule.de\/wp-content\/uploads\/2023\/10\/PXL_20230929_090349835-scaled.jpg\" data-elementor-open-lightbox=\"yes\" data-elementor-lightbox-slideshow=\"9c5ae68\" data-elementor-lightbox-title=\"PXL_20230929_090349835\" data-e-action-hash=\"#elementor-action%3Aaction%3Dlightbox%26settings%3DeyJpZCI6NDU4OCwidXJsIjoiaHR0cHM6XC9cL2h1bmRlcnR3YXNzZXItc2NodWxlLmRlXC93cC1jb250ZW50XC91cGxvYWRzXC8yMDIzXC8xMFwvUFhMXzIwMjMwOTI5XzA5MDM0OTgzNS1zY2FsZWQuanBnIiwic2xpZGVzaG93IjoiOWM1YWU2OCJ9\">\n\t\t\t\t\t<div class=\"e-gallery-image elementor-gallery-item__image\" data-thumbnail=\"https:\/\/hundertwasser-schule.de\/wp-content\/uploads\/2023\/10\/PXL_20230929_090349835-300x225.jpg\" data-width=\"200\" data-height=\"150\" aria-label=\"\" role=\"img\" ><\/div>\n\t\t\t\t\t\t\t\t\t\t\t<div class=\"elementor-gallery-item__overlay\"><\/div>\n\t\t\t\t\t\t\t\t\t\t\t\t\t\t<\/a>\n\t\t\t\t\t<\/div>\n\t\t\t\t\t<\/div>\n\t\t\t\t<\/div>\n\t\t\t\t\t<\/div>\n\t\t<\/div>\n\t\t\t\t\t<\/div>\n\t\t<\/section>\n\t\t\t\t<section class=\"elementor-section elementor-top-section elementor-element elementor-element-831b3e3 elementor-section-boxed elementor-section-height-default elementor-section-height-default\" data-id=\"831b3e3\" data-element_type=\"section\" data-e-type=\"section\">\n\t\t\t\t\t\t<div class=\"elementor-container elementor-column-gap-default\">\n\t\t\t\t\t<div class=\"elementor-column elementor-col-100 elementor-top-column elementor-element elementor-element-3c88975\" data-id=\"3c88975\" data-element_type=\"column\" data-e-type=\"column\">\n\t\t\t<div class=\"elementor-widget-wrap elementor-element-populated\">\n\t\t\t\t\t\t<div class=\"elementor-element elementor-element-cc3237a elementor-arrows-position-inside elementor-widget elementor-widget-image-carousel\" data-id=\"cc3237a\" data-element_type=\"widget\" data-e-type=\"widget\" data-settings=\"{&quot;slides_to_show&quot;:&quot;1&quot;,&quot;navigation&quot;:&quot;arrows&quot;,&quot;autoplay&quot;:&quot;yes&quot;,&quot;pause_on_hover&quot;:&quot;yes&quot;,&quot;pause_on_interaction&quot;:&quot;yes&quot;,&quot;autoplay_speed&quot;:5000,&quot;infinite&quot;:&quot;yes&quot;,&quot;effect&quot;:&quot;slide&quot;,&quot;speed&quot;:500}\" data-widget_type=\"image-carousel.default\">\n\t\t\t\t<div class=\"elementor-widget-container\">\n\t\t\t\t\t\t\t<div class=\"elementor-image-carousel-wrapper swiper\" role=\"region\" aria-roledescription=\"carousel\" aria-label=\"\u0412\u0440\u0442\u0435\u0448\u043a\u0430 \u0441\u043b\u0438\u043a\u0430\" dir=\"ltr\">\n\t\t\t<div class=\"elementor-image-carousel swiper-wrapper\" aria-live=\"off\">\n\t\t\t\t\t\t\t\t<div class=\"swiper-slide\" role=\"group\" aria-roledescription=\"slide\" aria-label=\"1 of 17\" data-no-translation-aria-label=\"\"><figure class=\"swiper-slide-inner\"><img decoding=\"async\" class=\"swiper-slide-image\" src=\"http:\/\/hundertwasser-schule.de\/wp-content\/uploads\/2020\/10\/20201009_110653-rotated.jpg\" alt=\"\" \/><\/figure><\/div><div class=\"swiper-slide\" role=\"group\" aria-roledescription=\"slide\" aria-label=\"2 of 17\" data-no-translation-aria-label=\"\"><figure class=\"swiper-slide-inner\"><img decoding=\"async\" class=\"swiper-slide-image\" src=\"http:\/\/hundertwasser-schule.de\/wp-content\/uploads\/2020\/10\/20201009_110750.jpg\" alt=\"\" \/><\/figure><\/div><div class=\"swiper-slide\" role=\"group\" aria-roledescription=\"slide\" aria-label=\"3 of 17\" data-no-translation-aria-label=\"\"><figure class=\"swiper-slide-inner\"><img decoding=\"async\" class=\"swiper-slide-image\" src=\"http:\/\/hundertwasser-schule.de\/wp-content\/uploads\/2020\/10\/20201009_112644-rotated.jpg\" alt=\"\" \/><\/figure><\/div><div class=\"swiper-slide\" role=\"group\" aria-roledescription=\"slide\" aria-label=\"4 of 17\" data-no-translation-aria-label=\"\"><figure class=\"swiper-slide-inner\"><img decoding=\"async\" class=\"swiper-slide-image\" src=\"http:\/\/hundertwasser-schule.de\/wp-content\/uploads\/2020\/10\/20201009_110400.jpg\" alt=\"\" \/><\/figure><\/div><div class=\"swiper-slide\" role=\"group\" aria-roledescription=\"slide\" aria-label=\"5 of 17\" data-no-translation-aria-label=\"\"><figure class=\"swiper-slide-inner\"><img decoding=\"async\" class=\"swiper-slide-image\" src=\"http:\/\/hundertwasser-schule.de\/wp-content\/uploads\/2020\/10\/20201009_110344.jpg\" alt=\"\" \/><\/figure><\/div><div class=\"swiper-slide\" role=\"group\" aria-roledescription=\"slide\" aria-label=\"6 of 17\" data-no-translation-aria-label=\"\"><figure class=\"swiper-slide-inner\"><img decoding=\"async\" class=\"swiper-slide-image\" src=\"http:\/\/hundertwasser-schule.de\/wp-content\/uploads\/2020\/10\/20201009_112130.jpg\" alt=\"\" \/><\/figure><\/div><div class=\"swiper-slide\" role=\"group\" aria-roledescription=\"slide\" aria-label=\"7 of 17\" data-no-translation-aria-label=\"\"><figure class=\"swiper-slide-inner\"><img decoding=\"async\" class=\"swiper-slide-image\" src=\"http:\/\/hundertwasser-schule.de\/wp-content\/uploads\/2020\/10\/20201009_112042-rotated.jpg\" alt=\"\" \/><\/figure><\/div><div class=\"swiper-slide\" role=\"group\" aria-roledescription=\"slide\" aria-label=\"8 of 17\" data-no-translation-aria-label=\"\"><figure class=\"swiper-slide-inner\"><img decoding=\"async\" class=\"swiper-slide-image\" src=\"http:\/\/hundertwasser-schule.de\/wp-content\/uploads\/2020\/10\/20201009_111935.jpg\" alt=\"\" \/><\/figure><\/div><div class=\"swiper-slide\" role=\"group\" aria-roledescription=\"slide\" aria-label=\"9 of 17\" data-no-translation-aria-label=\"\"><figure class=\"swiper-slide-inner\"><img decoding=\"async\" class=\"swiper-slide-image\" src=\"http:\/\/hundertwasser-schule.de\/wp-content\/uploads\/2020\/10\/20201009_111122.jpg\" alt=\"\" \/><\/figure><\/div><div class=\"swiper-slide\" role=\"group\" aria-roledescription=\"slide\" aria-label=\"10 of 17\" data-no-translation-aria-label=\"\"><figure class=\"swiper-slide-inner\"><img decoding=\"async\" class=\"swiper-slide-image\" src=\"http:\/\/hundertwasser-schule.de\/wp-content\/uploads\/2020\/10\/20201009_110822-rotated.jpg\" alt=\"\" \/><\/figure><\/div><div class=\"swiper-slide\" role=\"group\" aria-roledescription=\"slide\" aria-label=\"11 of 17\" data-no-translation-aria-label=\"\"><figure class=\"swiper-slide-inner\"><img decoding=\"async\" class=\"swiper-slide-image\" src=\"http:\/\/hundertwasser-schule.de\/wp-content\/uploads\/2020\/10\/20201009_110746.jpg\" alt=\"\" \/><\/figure><\/div><div class=\"swiper-slide\" role=\"group\" aria-roledescription=\"slide\" aria-label=\"12 of 17\" data-no-translation-aria-label=\"\"><figure class=\"swiper-slide-inner\"><img decoding=\"async\" class=\"swiper-slide-image\" src=\"http:\/\/hundertwasser-schule.de\/wp-content\/uploads\/2020\/10\/20201009_110707.jpg\" alt=\"\" \/><\/figure><\/div><div class=\"swiper-slide\" role=\"group\" aria-roledescription=\"slide\" aria-label=\"13 of 17\" data-no-translation-aria-label=\"\"><figure class=\"swiper-slide-inner\"><img decoding=\"async\" class=\"swiper-slide-image\" src=\"http:\/\/hundertwasser-schule.de\/wp-content\/uploads\/2020\/10\/20201009_110556.jpg\" alt=\"\" \/><\/figure><\/div><div class=\"swiper-slide\" role=\"group\" aria-roledescription=\"slide\" aria-label=\"14 of 17\" data-no-translation-aria-label=\"\"><figure class=\"swiper-slide-inner\"><img decoding=\"async\" class=\"swiper-slide-image\" src=\"http:\/\/hundertwasser-schule.de\/wp-content\/uploads\/2020\/10\/20201009_110443-rotated.jpg\" alt=\"\" \/><\/figure><\/div><div class=\"swiper-slide\" role=\"group\" aria-roledescription=\"slide\" aria-label=\"15 of 17\" data-no-translation-aria-label=\"\"><figure class=\"swiper-slide-inner\"><img decoding=\"async\" class=\"swiper-slide-image\" src=\"http:\/\/hundertwasser-schule.de\/wp-content\/uploads\/2020\/10\/20201009_110418.jpg\" alt=\"\" \/><\/figure><\/div><div class=\"swiper-slide\" role=\"group\" aria-roledescription=\"slide\" aria-label=\"16 of 17\" data-no-translation-aria-label=\"\"><figure class=\"swiper-slide-inner\"><img decoding=\"async\" class=\"swiper-slide-image\" src=\"http:\/\/hundertwasser-schule.de\/wp-content\/uploads\/2020\/10\/20201009_110411.jpg\" alt=\"\" \/><\/figure><\/div><div class=\"swiper-slide\" role=\"group\" aria-roledescription=\"slide\" aria-label=\"17 of 17\" data-no-translation-aria-label=\"\"><figure class=\"swiper-slide-inner\"><img decoding=\"async\" class=\"swiper-slide-image\" src=\"http:\/\/hundertwasser-schule.de\/wp-content\/uploads\/2020\/10\/20201009_110406.jpg\" alt=\"\" \/><\/figure><\/div>\t\t\t<\/div>\n\t\t\t\t\t\t\t\t\t\t\t\t<div class=\"elementor-swiper-button elementor-swiper-button-prev\" role=\"button\" tabindex=\"0\">\n\t\t\t\t\t\t<i aria-hidden=\"true\" class=\"eicon-chevron-left\"><\/i>\t\t\t\t\t<\/div>\n\t\t\t\t\t<div class=\"elementor-swiper-button elementor-swiper-button-next\" role=\"button\" tabindex=\"0\">\n\t\t\t\t\t\t<i aria-hidden=\"true\" class=\"eicon-chevron-right\"><\/i>\t\t\t\t\t<\/div>\n\t\t\t\t\n\t\t\t\t\t\t\t\t\t<\/div>\n\t\t\t\t\t\t<\/div>\n\t\t\t\t<\/div>\n\t\t\t\t\t<\/div>\n\t\t<\/div>\n\t\t\t\t\t<\/div>\n\t\t<\/section>\n\t\t\t\t<section class=\"elementor-section elementor-top-section elementor-element elementor-element-61f9ceb elementor-section-boxed elementor-section-height-default elementor-section-height-default\" data-id=\"61f9ceb\" data-element_type=\"section\" data-e-type=\"section\">\n\t\t\t\t\t\t<div class=\"elementor-container elementor-column-gap-default\">\n\t\t\t\t\t<div class=\"elementor-column elementor-col-100 elementor-top-column elementor-element elementor-element-b07851b\" data-id=\"b07851b\" data-element_type=\"column\" data-e-type=\"column\">\n\t\t\t<div class=\"elementor-widget-wrap elementor-element-populated\">\n\t\t\t\t\t\t<div class=\"elementor-element elementor-element-873ffc7 elementor-widget elementor-widget-spacer\" data-id=\"873ffc7\" data-element_type=\"widget\" data-e-type=\"widget\" data-widget_type=\"spacer.default\">\n\t\t\t\t<div class=\"elementor-widget-container\">\n\t\t\t\t\t\t\t<div class=\"elementor-spacer\">\n\t\t\t<div class=\"elementor-spacer-inner\"><\/div>\n\t\t<\/div>\n\t\t\t\t\t\t<\/div>\n\t\t\t\t<\/div>\n\t\t\t\t\t<\/div>\n\t\t<\/div>\n\t\t\t\t\t<\/div>\n\t\t<\/section>\n\t\t\t\t<\/div>","protected":false},"excerpt":{"rendered":"<p>Kinderkonferenz (KIKO) Die Kinderkonferenz der Hundertwasser-Schule findet immer am letzten Schultag vor jeden Ferien statt: also in diesem Schuljahr vier Mal. Immer eine Klasse ist f\u00fcr die Vorbereitung, das Schm\u00fccken des Forums und die Moderation verantwortlich. Zum Programm tragen alle Klassen der Schule bei. Es wird gesungen, Geburtstage werden gefeiert, die ein oder andere Klassenvorf\u00fchrung [&hellip;]<\/p>\n","protected":false},"author":1,"featured_media":0,"parent":0,"menu_order":0,"comment_status":"closed","ping_status":"closed","template":"elementor_header_footer","meta":{"footnotes":""},"class_list":["post-49","page","type-page","status-publish","hentry"],"_links":{"self":[{"href":"http:\/\/hundertwasser-schule.de\/da_dk\/wp-json\/wp\/v2\/pages\/49","targetHints":{"allow":["GET"]}}],"collection":[{"href":"http:\/\/hundertwasser-schule.de\/da_dk\/wp-json\/wp\/v2\/pages"}],"about":[{"href":"http:\/\/hundertwasser-schule.de\/da_dk\/wp-json\/wp\/v2\/types\/page"}],"author":[{"embeddable":true,"href":"http:\/\/hundertwasser-schule.de\/da_dk\/wp-json\/wp\/v2\/users\/1"}],"replies":[{"embeddable":true,"href":"http:\/\/hundertwasser-schule.de\/da_dk\/wp-json\/wp\/v2\/comments?post=49"}],"version-history":[{"count":5,"href":"http:\/\/hundertwasser-schule.de\/da_dk\/wp-json\/wp\/v2\/pages\/49\/revisions"}],"predecessor-version":[{"id":4612,"href":"http:\/\/hundertwasser-schule.de\/da_dk\/wp-json\/wp\/v2\/pages\/49\/revisions\/4612"}],"wp:attachment":[{"href":"http:\/\/hundertwasser-schule.de\/da_dk\/wp-json\/wp\/v2\/media?parent=49"}],"curies":[{"name":"wp","href":"https:\/\/api.w.org\/{rel}","templated":true}]}}