{"id":65,"date":"2020-03-31T11:00:09","date_gmt":"2020-03-31T11:00:09","guid":{"rendered":"https:\/\/neu.hundertwasser-schule.de\/?page_id=65"},"modified":"2020-11-20T10:32:10","modified_gmt":"2020-11-20T09:32:10","slug":"konzept","status":"publish","type":"page","link":"http:\/\/hundertwasser-schule.de\/el\/konzept\/","title":{"rendered":"\u0388\u03bd\u03bd\u03bf\u03b9\u03b1"},"content":{"rendered":"<div data-elementor-type=\"wp-page\" data-elementor-id=\"65\" class=\"elementor elementor-65\" data-elementor-post-type=\"page\">\n\t\t\t\t\t\t<section class=\"elementor-section elementor-top-section elementor-element elementor-element-5e953abe elementor-section-stretched elementor-section-full_width elementor-section-height-default elementor-section-height-default\" data-id=\"5e953abe\" data-element_type=\"section\" data-e-type=\"section\" data-settings=\"{&quot;stretch_section&quot;:&quot;section-stretched&quot;}\">\n\t\t\t\t\t\t<div class=\"elementor-container elementor-column-gap-no\">\n\t\t\t\t\t<div class=\"elementor-column elementor-col-100 elementor-top-column elementor-element elementor-element-354871e3\" data-id=\"354871e3\" data-element_type=\"column\" data-e-type=\"column\">\n\t\t\t<div class=\"elementor-widget-wrap elementor-element-populated\">\n\t\t\t\t\t\t<div class=\"elementor-element elementor-element-683df095 elementor-widget elementor-widget-image\" data-id=\"683df095\" data-element_type=\"widget\" data-e-type=\"widget\" data-widget_type=\"image.default\">\n\t\t\t\t<div class=\"elementor-widget-container\">\n\t\t\t\t\t\t\t\t\t\t\t\t\t\t\t<img fetchpriority=\"high\" decoding=\"async\" width=\"1920\" height=\"230\" src=\"http:\/\/hundertwasser-schule.de\/wp-content\/uploads\/2020\/03\/bild1.jpg\" class=\"attachment-full size-full wp-image-108\" alt=\"\" srcset=\"http:\/\/hundertwasser-schule.de\/wp-content\/uploads\/2020\/03\/bild1.jpg 1920w, http:\/\/hundertwasser-schule.de\/wp-content\/uploads\/2020\/03\/bild1-300x36.jpg 300w, http:\/\/hundertwasser-schule.de\/wp-content\/uploads\/2020\/03\/bild1-1024x123.jpg 1024w, http:\/\/hundertwasser-schule.de\/wp-content\/uploads\/2020\/03\/bild1-768x92.jpg 768w, http:\/\/hundertwasser-schule.de\/wp-content\/uploads\/2020\/03\/bild1-1536x184.jpg 1536w, http:\/\/hundertwasser-schule.de\/wp-content\/uploads\/2020\/03\/bild1-20x2.jpg 20w\" sizes=\"(max-width: 1920px) 100vw, 1920px\" \/>\t\t\t\t\t\t\t\t\t\t\t\t\t\t\t<\/div>\n\t\t\t\t<\/div>\n\t\t\t\t\t<\/div>\n\t\t<\/div>\n\t\t\t\t\t<\/div>\n\t\t<\/section>\n\t\t\t\t<section class=\"elementor-section elementor-top-section elementor-element elementor-element-3fa1efff elementor-section-height-min-height elementor-section-boxed elementor-section-height-default elementor-section-items-middle\" data-id=\"3fa1efff\" data-element_type=\"section\" data-e-type=\"section\" data-settings=\"{&quot;background_background&quot;:&quot;classic&quot;}\">\n\t\t\t\t\t\t<div class=\"elementor-container elementor-column-gap-default\">\n\t\t\t\t\t<div class=\"elementor-column elementor-col-100 elementor-top-column elementor-element elementor-element-46bccb04\" data-id=\"46bccb04\" data-element_type=\"column\" data-e-type=\"column\">\n\t\t\t<div class=\"elementor-widget-wrap elementor-element-populated\">\n\t\t\t\t\t\t\t<\/div>\n\t\t<\/div>\n\t\t\t\t\t<\/div>\n\t\t<\/section>\n\t\t\t\t<section class=\"elementor-section elementor-top-section elementor-element elementor-element-21f27b3 elementor-section-full_width elementor-section-height-default elementor-section-height-default\" data-id=\"21f27b3\" data-element_type=\"section\" data-e-type=\"section\">\n\t\t\t\t\t\t<div class=\"elementor-container elementor-column-gap-default\">\n\t\t\t\t\t<div class=\"elementor-column elementor-col-100 elementor-top-column elementor-element elementor-element-24f5105\" data-id=\"24f5105\" data-element_type=\"column\" data-e-type=\"column\">\n\t\t\t<div class=\"elementor-widget-wrap elementor-element-populated\">\n\t\t\t\t\t\t<div class=\"elementor-element elementor-element-c208339 elementor-widget elementor-widget-image\" data-id=\"c208339\" data-element_type=\"widget\" data-e-type=\"widget\" data-widget_type=\"image.default\">\n\t\t\t\t<div class=\"elementor-widget-container\">\n\t\t\t\t\t\t\t\t\t\t\t\t\t\t\t<img decoding=\"async\" width=\"800\" height=\"573\" src=\"http:\/\/hundertwasser-schule.de\/wp-content\/uploads\/2020\/04\/Unbenanntes-Bild-1024x733.png\" class=\"attachment-large size-large wp-image-548\" alt=\"\" srcset=\"http:\/\/hundertwasser-schule.de\/wp-content\/uploads\/2020\/04\/Unbenanntes-Bild-1024x733.png 1024w, http:\/\/hundertwasser-schule.de\/wp-content\/uploads\/2020\/04\/Unbenanntes-Bild-300x215.png 300w, http:\/\/hundertwasser-schule.de\/wp-content\/uploads\/2020\/04\/Unbenanntes-Bild-768x549.png 768w, http:\/\/hundertwasser-schule.de\/wp-content\/uploads\/2020\/04\/Unbenanntes-Bild-20x14.png 20w, http:\/\/hundertwasser-schule.de\/wp-content\/uploads\/2020\/04\/Unbenanntes-Bild.png 1026w\" sizes=\"(max-width: 800px) 100vw, 800px\" \/>\t\t\t\t\t\t\t\t\t\t\t\t\t\t\t<\/div>\n\t\t\t\t<\/div>\n\t\t\t\t\t<\/div>\n\t\t<\/div>\n\t\t\t\t\t<\/div>\n\t\t<\/section>\n\t\t\t\t<section class=\"elementor-section elementor-top-section elementor-element elementor-element-5ce7149 elementor-section-boxed elementor-section-height-default elementor-section-height-default\" data-id=\"5ce7149\" data-element_type=\"section\" data-e-type=\"section\">\n\t\t\t\t\t\t<div class=\"elementor-container elementor-column-gap-default\">\n\t\t\t\t\t<div class=\"elementor-column elementor-col-100 elementor-top-column elementor-element elementor-element-7847b10\" data-id=\"7847b10\" data-element_type=\"column\" data-e-type=\"column\">\n\t\t\t<div class=\"elementor-widget-wrap elementor-element-populated\">\n\t\t\t\t\t\t<div class=\"elementor-element elementor-element-4221133 elementor-widget elementor-widget-text-editor\" data-id=\"4221133\" data-element_type=\"widget\" data-e-type=\"widget\" data-widget_type=\"text-editor.default\">\n\t\t\t\t<div class=\"elementor-widget-container\">\n\t\t\t\t\t\t\t\t\t<p>\u03a4\u03bf Bauwagen \u03b5\u03af\u03bd\u03b1\u03b9 \u03ad\u03bd\u03b1\u03c2 \u03b5\u03b9\u03b4\u03b9\u03ba\u03cc\u03c2 \u03c3\u03c7\u03bf\u03bb\u03b9\u03ba\u03cc\u03c2 \u03c7\u03ce\u03c1\u03bf\u03c2 \u03bc\u03ac\u03b8\u03b7\u03c3\u03b7\u03c2 \u03b3\u03b9\u03b1 \u03bc\u03b1\u03b8\u03b7\u03c4\u03ad\u03c2 \u03c3\u03b5 \u03b5\u03b9\u03b4\u03b9\u03ba\u03ad\u03c2 \u03c3\u03c5\u03bd\u03b8\u03ae\u03ba\u03b5\u03c2.<\/p><p>\u03a3\u03c4\u03bf \u03c0\u03bb\u03b1\u03af\u03c3\u03b9\u03bf \u03c4\u03c9\u03bd \u03b5\u03bd\u03c4\u03b1\u03c4\u03b9\u03ba\u03ce\u03bd \u03b5\u03ba\u03c0\u03b1\u03b9\u03b4\u03b5\u03c5\u03c4\u03b9\u03ba\u03ce\u03bd \u03bc\u03ad\u03c4\u03c1\u03c9\u03bd \u03c4\u03b7\u03c2 \u03a3\u03c7\u03bf\u03bb\u03ae\u03c2 Hundertwasser, \u03c4\u03b1 \u03bf\u03c0\u03bf\u03af\u03b1 \u03c0\u03c1\u03bf\u03c3\u03c6\u03ad\u03c1\u03bf\u03bd\u03c4\u03b1\u03b9 \u03c3\u03b5 \u03bc\u03b1\u03b8\u03b7\u03c4\u03ad\u03c2 \u03c4\u03c9\u03bd \u03bf\u03c0\u03bf\u03af\u03c9\u03bd \u03b7 \u03b1\u03bd\u03ac\u03b3\u03ba\u03b7 \u03b3\u03b9\u03b1 \u03c5\u03c0\u03bf\u03c3\u03c4\u03ae\u03c1\u03b9\u03be\u03b7 \u03c5\u03c0\u03b5\u03c1\u03b2\u03b1\u03af\u03bd\u03b5\u03b9 \u03ba\u03b1\u03c4\u03ac \u03c0\u03bf\u03bb\u03cd \u03c4\u03bf \u03c3\u03c5\u03bd\u03b7\u03b8\u03b9\u03c3\u03bc\u03ad\u03bd\u03bf \u03b5\u03c0\u03af\u03c0\u03b5\u03b4\u03bf, \u03c4\u03bf \u03c0\u03c1\u03cc\u03b3\u03c1\u03b1\u03bc\u03bc\u03b1 Bauwagen \u03c0\u03c1\u03bf\u03c3\u03c6\u03ad\u03c1\u03b5\u03b9 \u03c4\u03b7 \u03b4\u03c5\u03bd\u03b1\u03c4\u03cc\u03c4\u03b7\u03c4\u03b1 \u03c0\u03b1\u03c1\u03bf\u03c7\u03ae\u03c2 \u03b5\u03b9\u03b4\u03b9\u03ba\u03ae\u03c2 \u03b5\u03ba\u03c0\u03b1\u03b9\u03b4\u03b5\u03c5\u03c4\u03b9\u03ba\u03ae\u03c2 \u03ba\u03b1\u03b9 \u03ba\u03bf\u03b9\u03bd\u03c9\u03bd\u03b9\u03ba\u03bf\u03b5\u03ba\u03c0\u03b1\u03b9\u03b4\u03b5\u03c5\u03c4\u03b9\u03ba\u03ae\u03c2 \u03c5\u03c0\u03bf\u03c3\u03c4\u03ae\u03c1\u03b9\u03be\u03b7\u03c2 \u03c3\u03b5 4 \u03bc\u03b1\u03b8\u03b7\u03c4\u03ad\u03c2 \u03bc\u03b5 \u03c0\u03bf\u03bb\u03cd \u03c3\u03c4\u03b5\u03bd\u03ae \u03ba\u03b1\u03b9 \u03b5\u03bd\u03c4\u03b1\u03c4\u03b9\u03ba\u03ae \u03c3\u03c5\u03bd\u03bf\u03b4\u03b5\u03af\u03b1 \u03c3\u03b5 \u03b5\u03b9\u03b4\u03b9\u03ba\u03bf\u03cd\u03c2 \u03c7\u03ce\u03c1\u03bf\u03c5\u03c2 \u03ba\u03b1\u03b9 \u03c3\u03b5 \u03b5\u03b9\u03b4\u03b9\u03ba\u03ad\u03c2 \u03ce\u03c1\u03b5\u03c2.<\/p><p>\u03a3\u03c4\u03bf \u03c0\u03c1\u03cc\u03b3\u03c1\u03b1\u03bc\u03bc\u03b1 Bauwagen, \u03c4\u03bf \u03c3\u03c7\u03bf\u03bb\u03b5\u03af\u03bf \u03ba\u03b1\u03b9 \u03b7 \u03c0\u03c1\u03cc\u03bd\u03bf\u03b9\u03b1 \u03c4\u03c9\u03bd \u03bd\u03ad\u03c9\u03bd \u03c3\u03c5\u03bd\u03b5\u03c1\u03b3\u03ac\u03b6\u03bf\u03bd\u03c4\u03b1\u03b9. \u03a0\u03c1\u03b1\u03b3\u03bc\u03b1\u03c4\u03bf\u03c0\u03bf\u03b9\u03b5\u03af\u03c4\u03b1\u03b9 \u03b1\u03c0\u03cc \u03ad\u03bd\u03b1\u03bd \u03ba\u03b1\u03b8\u03b7\u03b3\u03b7\u03c4\u03ae \u03b5\u03b9\u03b4\u03b9\u03ba\u03ae\u03c2 \u03b1\u03b3\u03c9\u03b3\u03ae\u03c2 \u03b1\u03c0\u03cc \u03c4\u03bf \u03c3\u03c7\u03bf\u03bb\u03b5\u03af\u03bf Hundertwasser \u03ba\u03b1\u03b9 \u03ad\u03bd\u03b1\u03bd \u03ba\u03bf\u03b9\u03bd\u03c9\u03bd\u03b9\u03ba\u03cc \u03c0\u03b1\u03b9\u03b4\u03b1\u03b3\u03c9\u03b3\u03cc \u03b1\u03c0\u03cc \u03c4\u03b7\u03bd \u039a\u03bf\u03b9\u03bd\u03c9\u03bd\u03b9\u03ba\u03ae \u03a0\u03b1\u03b9\u03b4\u03b1\u03b3\u03c9\u03b3\u03b9\u03ba\u03ae \u0397\u03bc\u03b5\u03c1\u03ae\u03c3\u03b9\u03b1 \u03a6\u03c1\u03bf\u03bd\u03c4\u03af\u03b4\u03b1 (STB) \u03c4\u03bf\u03c5 Open Day.<\/p>\t\t\t\t\t\t\t\t<\/div>\n\t\t\t\t<\/div>\n\t\t\t\t\t<\/div>\n\t\t<\/div>\n\t\t\t\t\t<\/div>\n\t\t<\/section>\n\t\t\t\t<section class=\"elementor-section elementor-top-section elementor-element elementor-element-ace2cf2 elementor-section-boxed elementor-section-height-default elementor-section-height-default\" data-id=\"ace2cf2\" data-element_type=\"section\" data-e-type=\"section\">\n\t\t\t\t\t\t<div class=\"elementor-container elementor-column-gap-default\">\n\t\t\t\t\t<div class=\"elementor-column elementor-col-100 elementor-top-column elementor-element elementor-element-5db1bfb\" data-id=\"5db1bfb\" data-element_type=\"column\" data-e-type=\"column\">\n\t\t\t<div class=\"elementor-widget-wrap elementor-element-populated\">\n\t\t\t\t\t\t<div class=\"elementor-element elementor-element-da3e455 elementor-widget elementor-widget-accordion\" data-id=\"da3e455\" data-element_type=\"widget\" data-e-type=\"widget\" data-widget_type=\"accordion.default\">\n\t\t\t\t<div class=\"elementor-widget-container\">\n\t\t\t\t\t\t\t<div class=\"elementor-accordion\">\n\t\t\t\t\t\t\t<div class=\"elementor-accordion-item\">\n\t\t\t\t\t<div id=\"elementor-tab-title-2281\" class=\"elementor-tab-title\" data-tab=\"1\" role=\"button\" aria-controls=\"elementor-tab-content-2281\" aria-expanded=\"false\">\n\t\t\t\t\t\t\t\t\t\t\t\t\t<span class=\"elementor-accordion-icon elementor-accordion-icon-left\" aria-hidden=\"true\">\n\t\t\t\t\t\t\t\t\t\t\t\t\t\t\t<span class=\"elementor-accordion-icon-closed\"><i class=\"fas fa-plus\"><\/i><\/span>\n\t\t\t\t\t\t\t\t<span class=\"elementor-accordion-icon-opened\"><i class=\"fas fa-minus\"><\/i><\/span>\n\t\t\t\t\t\t\t\t\t\t\t\t\t\t<\/span>\n\t\t\t\t\t\t\t\t\t\t\t\t<a class=\"elementor-accordion-title\" tabindex=\"0\">\u03a4\u03bf \u03c0\u03bf\u03bb\u03cd 4 \u03bc\u03b1\u03b8\u03b7\u03c4\u03ad\u03c2 \u03c0\u03b5\u03c1\u03bd\u03bf\u03cd\u03bd \u03c4\u03ad\u03c3\u03c3\u03b5\u03c1\u03b9\u03c2 \u03ad\u03c9\u03c2 \u03c0\u03ad\u03bd\u03c4\u03b5 \u03b7\u03bc\u03ad\u03c1\u03b5\u03c2 \u03c4\u03b7\u03bd \u03b5\u03b2\u03b4\u03bf\u03bc\u03ac\u03b4\u03b1 \u03b1\u03c0\u03cc \u03c4\u03b9\u03c2 10.30-12.15 \u03c3\u03c4\u03bf \u03c0\u03c1\u03cc\u03b3\u03c1\u03b1\u03bc\u03bc\u03b1. \u039a\u03ac\u03b8\u03b5 \u03bc\u03ad\u03c1\u03b1 \u03b5\u03af\u03bd\u03b1\u03b9 \u03b4\u03bf\u03bc\u03b7\u03bc\u03ad\u03bd\u03b7 \u03bc\u03b5 \u03c4\u03bf\u03bd \u03af\u03b4\u03b9\u03bf \u03c4\u03c1\u03cc\u03c0\u03bf:<\/a>\n\t\t\t\t\t<\/div>\n\t\t\t\t\t<div id=\"elementor-tab-content-2281\" class=\"elementor-tab-content elementor-clearfix\" data-tab=\"1\" role=\"region\" aria-labelledby=\"elementor-tab-title-2281\"><ul><li>\u039c\u03ad\u03c7\u03c1\u03b9 \u03c4\u03b9\u03c2 10.30 \u03c0.\u03bc. \u03c4\u03b1 \u03c0\u03b1\u03b9\u03b4\u03b9\u03ac \u03c3\u03c5\u03bc\u03bc\u03b5\u03c4\u03ad\u03c7\u03bf\u03c5\u03bd \u03c3\u03c4\u03b9\u03c2 \u03c0\u03c1\u03bf\u03c3\u03c6\u03bf\u03c1\u03ad\u03c2 \u03c4\u03b7\u03c2 \u03c4\u03ac\u03be\u03b7\u03c2.<\/li><\/ul><ul><li>10.30 \u038f\u03c1\u03b1 \u03ac\u03c6\u03b9\u03be\u03b7\u03c2 \u03c3\u03c4\u03bf \u03c4\u03c1\u03ad\u03b9\u03bb\u03b5\u03c1 \u03ba\u03b1\u03c4\u03b1\u03c3\u03ba\u03b5\u03c5\u03ae\u03c2<\/li><li>10.45 \u03c0.\u03bc. - 12.00 \u03bc.\u03bc. \u0395\u03bd\u03c4\u03b1\u03c4\u03b9\u03ba\u03ad\u03c2 \u03b5\u03ba\u03c0\u03b1\u03b9\u03b4\u03b5\u03c5\u03c4\u03b9\u03ba\u03ad\u03c2 \u03b4\u03c1\u03b1\u03c3\u03c4\u03b7\u03c1\u03b9\u03cc\u03c4\u03b7\u03c4\u03b5\u03c2 (\u03b5\u03ba\u03c0\u03b1\u03b9\u03b4\u03b5\u03c5\u03c4\u03b9\u03ba\u03ae \u03b9\u03c0\u03c0\u03b1\u03c3\u03af\u03b1, \u03c4\u03c3\u03af\u03c1\u03ba\u03bf, \u03ba\u03bf\u03c5\u03b6\u03af\u03bd\u03b1, \u03b1\u03af\u03b8\u03bf\u03c5\u03c3\u03b1 \u03b5\u03c1\u03b3\u03b1\u03c3\u03af\u03b1\u03c2, \u03b5\u03ba\u03c0\u03b1\u03af\u03b4\u03b5\u03c5\u03c3\u03b7 \u03c3\u03b5 \u03b8\u03ad\u03bc\u03b1\u03c4\u03b1 \u03c4\u03c1\u03b1\u03cd\u03bc\u03b1\u03c4\u03bf\u03c2, \u03c3\u03c7\u03bf\u03bb\u03b9\u03ba\u03cc\u03c2 \u03ba\u03ae\u03c0\u03bf\u03c2, \u03b5\u03ba\u03c0\u03b1\u03af\u03b4\u03b5\u03c5\u03c3\u03b7 \u03c3\u03c5\u03b3\u03ba\u03ad\u03bd\u03c4\u03c1\u03c9\u03c3\u03b7\u03c2 MKT-Marburg \u03ba.\u03bb\u03c0.)<\/li><li>12.00 \u03bc.\u03bc. \u039a\u03bb\u03b5\u03af\u03c3\u03b9\u03bc\u03bf \u03bc\u03b5 \u03c0\u03c1\u03bf\u03b2\u03bb\u03b7\u03bc\u03b1\u03c4\u03b9\u03c3\u03bc\u03cc<\/li><li>\u03a4\u03b1 \u03c0\u03b1\u03b9\u03b4\u03b9\u03ac J\u00dc 1\/2 \u03c3\u03c5\u03bd\u03bf\u03b4\u03b5\u03cd\u03bf\u03bd\u03c4\u03b1\u03b9 \u03c3\u03c4\u03b7\u03bd \u03b1\u03bd\u03c4\u03af\u03c3\u03c4\u03bf\u03b9\u03c7\u03b7 \u03bf\u03bc\u03ac\u03b4\u03b1 STB \u03c3\u03c4\u03b9\u03c2 12.15 \u03bc.\u03bc.<\/li><li>J\u00dc 3\/4 \u03c4\u03c9\u03bd \u03c0\u03b1\u03b9\u03b4\u03b9\u03ce\u03bd \u03c0\u03b7\u03b3\u03b1\u03af\u03bd\u03bf\u03c5\u03bd \u03c3\u03c4\u03b1 \u03bc\u03b1\u03b8\u03ae\u03bc\u03b1\u03c4\u03b1 \u03c4\u03b7\u03c2 \u03c4\u03ac\u03be\u03b7\u03c2 \u03c4\u03bf\u03c5\u03c2<\/li><\/ul><\/div>\n\t\t\t\t<\/div>\n\t\t\t\t\t\t\t<div class=\"elementor-accordion-item\">\n\t\t\t\t\t<div id=\"elementor-tab-title-2282\" class=\"elementor-tab-title\" data-tab=\"2\" role=\"button\" aria-controls=\"elementor-tab-content-2282\" aria-expanded=\"false\">\n\t\t\t\t\t\t\t\t\t\t\t\t\t<span class=\"elementor-accordion-icon elementor-accordion-icon-left\" aria-hidden=\"true\">\n\t\t\t\t\t\t\t\t\t\t\t\t\t\t\t<span class=\"elementor-accordion-icon-closed\"><i class=\"fas fa-plus\"><\/i><\/span>\n\t\t\t\t\t\t\t\t<span class=\"elementor-accordion-icon-opened\"><i class=\"fas fa-minus\"><\/i><\/span>\n\t\t\t\t\t\t\t\t\t\t\t\t\t\t<\/span>\n\t\t\t\t\t\t\t\t\t\t\t\t<a class=\"elementor-accordion-title\" tabindex=\"0\">\u039f\u03b9 \u03c3\u03c4\u03cc\u03c7\u03bf\u03b9 \u03c4\u03bf\u03c5 \u03ad\u03c1\u03b3\u03bf\u03c5 \u03ba\u03b1\u03c4\u03b1\u03c3\u03ba\u03b5\u03c5\u03ae\u03c2 \u03c1\u03c5\u03bc\u03bf\u03c5\u03bb\u03ba\u03bf\u03cd\u03bc\u03b5\u03bd\u03c9\u03bd \u03b5\u03af\u03bd\u03b1\u03b9:<\/a>\n\t\t\t\t\t<\/div>\n\t\t\t\t\t<div id=\"elementor-tab-content-2282\" class=\"elementor-tab-content elementor-clearfix\" data-tab=\"2\" role=\"region\" aria-labelledby=\"elementor-tab-title-2282\"><ul><li>\u0395\u03c0\u03b9\u03c3\u03c4\u03c1\u03bf\u03c6\u03ae \u03c3\u03c4\u03b7\u03bd \u03c4\u03ac\u03be\u03b7 \u03ba\u03b1\u03b9 \u03c3\u03c4\u03b9\u03c2 \u03b4\u03c1\u03b1\u03c3\u03c4\u03b7\u03c1\u03b9\u03cc\u03c4\u03b7\u03c4\u03b5\u03c2 \u03c4\u03b7\u03c2 \u03bf\u03bb\u03bf\u03ae\u03bc\u03b5\u03c1\u03b7\u03c2 \u03bf\u03bc\u03ac\u03b4\u03b1\u03c2.<\/li><li>\u0391\u03bd\u03b5\u03bc\u03c0\u03cc\u03b4\u03b9\u03c3\u03c4\u03b7 \u03b4\u03b9\u03b4\u03b1\u03c3\u03ba\u03b1\u03bb\u03af\u03b1 \u03b3\u03b9\u03b1 \u03c4\u03b7\u03bd \u03b1\u03bd\u03c4\u03af\u03c3\u03c4\u03bf\u03b9\u03c7\u03b7 \u03c4\u03ac\u03be\u03b7<\/li><li>\u0391\u03c0\u03bf\u03c6\u03c5\u03b3\u03ae \u03c0\u03b5\u03b9\u03b8\u03b1\u03c1\u03c7\u03b9\u03ba\u03ce\u03bd \u03bc\u03ad\u03c4\u03c1\u03c9\u03bd - \u03b9\u03b4\u03af\u03c9\u03c2 \u03b1\u03c0\u03bf\u03c6\u03c5\u03b3\u03ae \u03b1\u03c0\u03bf\u03b2\u03bf\u03bb\u03ae\u03c2 \u03b1\u03c0\u03cc \u03c4\u03bf \u03c3\u03c7\u03bf\u03bb\u03b5\u03af\u03bf<\/li><li>\u03a0\u03c1\u03bf\u03ce\u03b8\u03b7\u03c3\u03b7 \u03c4\u03c9\u03bd \u03c3\u03c7\u03bf\u03bb\u03b9\u03ba\u03ce\u03bd \u03ba\u03b9\u03bd\u03ae\u03c4\u03c1\u03c9\u03bd, \u03c4\u03b7\u03c2 \u03b5\u03c0\u03b9\u03bc\u03bf\u03bd\u03ae\u03c2 \u03ba\u03b1\u03b9 \u03c4\u03b7\u03c2 \u03b1\u03bd\u03bf\u03c7\u03ae\u03c2 \u03c3\u03c4\u03b7\u03bd \u03b1\u03c0\u03bf\u03b3\u03bf\u03ae\u03c4\u03b5\u03c5\u03c3\u03b7<\/li><li>\u0395\u03bd\u03b1\u03bb\u03bb\u03b1\u03b3\u03ae \u03ad\u03bd\u03c4\u03b1\u03c3\u03b7\u03c2 \u03ba\u03b1\u03b9 \u03c7\u03b1\u03bb\u03ac\u03c1\u03c9\u03c3\u03b7\u03c2 \u03bc\u03b5 \u03b5\u03b9\u03b4\u03b9\u03ba\u03ad\u03c2 \u03c0\u03c1\u03bf\u03c3\u03c6\u03bf\u03c1\u03ad\u03c2<\/li><li>\u03a0\u03c1\u03bf\u03c3\u03c9\u03c0\u03b9\u03ba\u03ae \u03ba\u03b1\u03b9 \u03b1\u03c4\u03bf\u03bc\u03b9\u03ba\u03ae \u03c3\u03c5\u03bd\u03ac\u03bd\u03c4\u03b7\u03c3\u03b7 \u03ba\u03b1\u03b9 \u03c3\u03c5\u03bd\u03bf\u03b4\u03b5\u03af\u03b1 \u03c4\u03c9\u03bd \u03c0\u03b1\u03b9\u03b4\u03b9\u03ce\u03bd \u03bc\u03b5 \u03bc\u03b5\u03b3\u03ac\u03bb\u03b7 \u03c0\u03c1\u03bf\u03c3\u03bf\u03c7\u03ae \u03b1\u03c0\u03cc \u03c4\u03bf\u03c5\u03c2 \u03b5\u03bd\u03ae\u03bb\u03b9\u03ba\u03b5\u03c2<\/li><li>\u039d\u03b1 \u03b5\u03af\u03c3\u03c4\u03b5 \u03b5\u03ba\u03b5\u03af \u03b3\u03b9\u03b1 \u03c4\u03b1 \u03c0\u03b1\u03b9\u03b4\u03b9\u03ac, \u03bd\u03b1 \u03b5\u03c0\u03b9\u03ba\u03bf\u03b9\u03bd\u03c9\u03bd\u03b5\u03af\u03c4\u03b5\/\u03c3\u03c7\u03b5\u03c4\u03af\u03b6\u03b5\u03c3\u03c4\u03b5 \u03bc\u03b1\u03b6\u03af \u03c4\u03bf\u03c5\u03c2 \u03bc\u03b5 \u03b7\u03c1\u03b5\u03bc\u03af\u03b1<\/li><li>\u0391\u03bd\u03ac\u03c0\u03c4\u03c5\u03be\u03b7 \u03c3\u03c4\u03c1\u03b1\u03c4\u03b7\u03b3\u03b9\u03ba\u03ce\u03bd \u03b5\u03c0\u03af\u03bb\u03c5\u03c3\u03b7\u03c2 \u03c0\u03c1\u03bf\u03b2\u03bb\u03b7\u03bc\u03ac\u03c4\u03c9\u03bd<\/li><li>\u039c\u03b5\u03b9\u03ce\u03c3\u03c4\u03b5 \u03c4\u03b7 \u03c3\u03c7\u03bf\u03bb\u03b9\u03ba\u03ae \u03c0\u03af\u03b5\u03c3\u03b7<\/li><li>\u03a0\u03c1\u03b1\u03ba\u03c4\u03b9\u03ba\u03ad\u03c2 (\u03c3\u03c7\u03bf\u03bb\u03b9\u03ba\u03ad\u03c2) \u03b4\u03bf\u03bc\u03ad\u03c2<\/li><li>\u039f\u03b9\u03ba\u03bf\u03b4\u03cc\u03bc\u03b7\u03c3\u03b7 \u03ba\u03b1\u03c4\u03b1\u03bd\u03cc\u03b7\u03c3\u03b7\u03c2 \u03c4\u03c9\u03bd \u03b1\u03be\u03b9\u03ce\u03bd<\/li><li>\u0391\u03bd\u03ac\u03c0\u03c4\u03c5\u03be\u03b7 \u03c4\u03b7\u03c2 \u03b5\u03c0\u03b9\u03ba\u03bf\u03b9\u03bd\u03c9\u03bd\u03b9\u03b1\u03ba\u03ae\u03c2 \u03b9\u03ba\u03b1\u03bd\u03cc\u03c4\u03b7\u03c4\u03b1\u03c2 \u03b3\u03b9\u03b1 \u03b4\u03c1\u03ac\u03c3\u03b7<\/li><li>\u0388\u03bd\u03b1\u03c1\u03be\u03b7 \u03ba\u03b1\u03b9 \u03b1\u03bd\u03ac\u03c0\u03c4\u03c5\u03be\u03b7 \u03b4\u03b5\u03be\u03b9\u03bf\u03c4\u03ae\u03c4\u03c9\u03bd \u03c3\u03c5\u03bd\u03b5\u03c1\u03b3\u03b1\u03c3\u03af\u03b1\u03c2<\/li><\/ul><\/div>\n\t\t\t\t<\/div>\n\t\t\t\t\t\t\t\t<\/div>\n\t\t\t\t\t\t<\/div>\n\t\t\t\t<\/div>\n\t\t\t\t\t<\/div>\n\t\t<\/div>\n\t\t\t\t\t<\/div>\n\t\t<\/section>\n\t\t\t\t<section class=\"elementor-section elementor-top-section elementor-element elementor-element-ec7f94a elementor-section-boxed elementor-section-height-default elementor-section-height-default\" data-id=\"ec7f94a\" data-element_type=\"section\" data-e-type=\"section\">\n\t\t\t\t\t\t<div class=\"elementor-container elementor-column-gap-default\">\n\t\t\t\t\t<div class=\"elementor-column elementor-col-100 elementor-top-column elementor-element elementor-element-f9f875f\" data-id=\"f9f875f\" data-element_type=\"column\" data-e-type=\"column\">\n\t\t\t<div class=\"elementor-widget-wrap elementor-element-populated\">\n\t\t\t\t\t\t<div class=\"elementor-element elementor-element-49b4e8e elementor-widget elementor-widget-text-editor\" data-id=\"49b4e8e\" data-element_type=\"widget\" data-e-type=\"widget\" data-widget_type=\"text-editor.default\">\n\t\t\t\t<div class=\"elementor-widget-container\">\n\t\t\t\t\t\t\t\t\t<p>\u039c\u03c0\u03bf\u03c1\u03b5\u03af\u03c4\u03b5 \u03bd\u03b1 \u03ba\u03b1\u03c4\u03b5\u03b2\u03ac\u03c3\u03b5\u03c4\u03b5 \u03c4\u03b7\u03bd \u03b1\u03c1\u03c7\u03b9\u03ba\u03ae \u03b9\u03b4\u03ad\u03b1\u00a0<a href=\"http:\/\/hundertwasser-schule.de\/el\/inhalte\/5Bauwagen\/1Bauwagen\/Bauwagenkonzept%201.pdf\/\">\u03b5\u03b4\u03ce<\/a>\u00a0\u0398\u03b1 \u03b2\u03c1\u03b5\u03af\u03c4\u03b5 \u03c6\u03c9\u03c4\u03bf\u03b3\u03c1\u03b1\u03c6\u03af\u03b5\u03c2 \u03b1\u03c0\u03cc \u03c4\u03b9\u03c2 \u03b4\u03b9\u03ac\u03c6\u03bf\u03c1\u03b5\u03c2 \u03b4\u03c1\u03b1\u03c3\u03c4\u03b7\u03c1\u03b9\u03cc\u03c4\u03b7\u03c4\u03b5\u03c2 \u03c4\u03bf\u03c5 \u03ad\u03c1\u03b3\u03bf\u03c5 \u03c4\u03bf\u03c5 \u03c4\u03c1\u03bf\u03c7\u03cc\u03c3\u03c0\u03b9\u03c4\u03bf\u03c5 \u03ba\u03b1\u03c4\u03b1\u03c3\u03ba\u03b5\u03c5\u03ae\u03c2 \u03c0\u03b1\u03c1\u03b1\u03ba\u03ac\u03c4\u03c9 \u03c3\u03b5 \u03b1\u03c5\u03c4\u03ae \u03c4\u03b7 \u03c3\u03b5\u03bb\u03af\u03b4\u03b1.<\/p><p>\u03a4\u03bf \u03c0\u03c1\u03cc\u03b3\u03c1\u03b1\u03bc\u03bc\u03b1 Bauwagen \u03c7\u03c1\u03b7\u03bc\u03b1\u03c4\u03bf\u03b4\u03bf\u03c4\u03b5\u03af\u03c4\u03b1\u03b9 \u03b1\u03c0\u03cc \u03ba\u03bf\u03b9\u03bd\u03bf\u03cd \u03b1\u03c0\u03cc \u03c4\u03bf \u03c3\u03c7\u03bf\u03bb\u03b5\u03af\u03bf \u03ba\u03b1\u03b9 \u03c4\u03b7\u03bd \u03c5\u03c0\u03b7\u03c1\u03b5\u03c3\u03af\u03b1 \u03c0\u03c1\u03cc\u03bd\u03bf\u03b9\u03b1\u03c2 \u03bd\u03ad\u03c9\u03bd. \u039f\u03b9 \u03c0\u03cc\u03c1\u03bf\u03b9 \u03c0\u03c1\u03bf\u03c3\u03c9\u03c0\u03b9\u03ba\u03bf\u03cd \u03b3\u03b9\u03b1 \u03c4\u03b7 \u03b8\u03ad\u03c3\u03b7 \u03c4\u03bf\u03c5 \u03b4\u03b1\u03c3\u03ba\u03ac\u03bb\u03bf\u03c5 \u03c0\u03c1\u03bf\u03ad\u03c1\u03c7\u03bf\u03bd\u03c4\u03b1\u03b9 \u03b1\u03c0\u03cc \u03c4\u03bf \u03ba\u03c1\u03b1\u03c4\u03af\u03b4\u03b9\u03bf \u03c4\u03b7\u03c2 \u0392\u03cc\u03c1\u03b5\u03b9\u03b1\u03c2 \u03a1\u03b7\u03bd\u03b1\u03bd\u03af\u03b1\u03c2-\u0392\u03b5\u03c3\u03c4\u03c6\u03b1\u03bb\u03af\u03b1\u03c2, \u03b5\u03bd\u03ce \u03b3\u03b9\u03b1 \u03c4\u03b7\u03bd \u03c0\u03c1\u03cc\u03bd\u03bf\u03b9\u03b1 \u03c4\u03c9\u03bd \u03bd\u03ad\u03c9\u03bd \u03b1\u03c0\u03cc \u03c4\u03b7\u03bd \u03bf\u03b9\u03ba\u03bf\u03bd\u03bf\u03bc\u03b9\u03ba\u03ae \u03c3\u03c5\u03bc\u03bc\u03b5\u03c4\u03bf\u03c7\u03ae \u03c4\u03bf\u03c5 \u03c4\u03bc\u03ae\u03bc\u03b1\u03c4\u03bf\u03c2 \u03bf\u03b9\u03ba\u03bf\u03b3\u03b5\u03bd\u03b5\u03b9\u03b1\u03ba\u03ce\u03bd \u03ba\u03b1\u03b9 \u03ba\u03bf\u03b9\u03bd\u03c9\u03bd\u03b9\u03ba\u03ce\u03bd \u03c5\u03c0\u03bf\u03b8\u03ad\u03c3\u03b5\u03c9\u03bd \u03c4\u03b7\u03c2 \u03c0\u03cc\u03bb\u03b7\u03c2 G\u00fctersloh \u03c3\u03c4\u03bf \u03b1\u03bd\u03bf\u03b9\u03c7\u03c4\u03cc \u03bf\u03bb\u03bf\u03ae\u03bc\u03b5\u03c1\u03bf \u03c0\u03c1\u03cc\u03b3\u03c1\u03b1\u03bc\u03bc\u03b1 \u03c4\u03bf\u03c5 \u03c3\u03c7\u03bf\u03bb\u03b5\u03af\u03bf\u03c5 Hundertwasser. \u03a4\u03b1 \u03c4\u03c1\u03ad\u03c7\u03bf\u03bd\u03c4\u03b1 \u03ad\u03be\u03bf\u03b4\u03b1 \u03c3\u03c5\u03bd\u03c4\u03ae\u03c1\u03b7\u03c3\u03b7\u03c2 \u03ba\u03b1\u03bb\u03cd\u03c0\u03c4\u03bf\u03bd\u03c4\u03b1\u03b9 \u03b1\u03c0\u03cc \u03c4\u03b7\u03bd \u03c0\u03b5\u03c1\u03b9\u03c6\u03b5\u03c1\u03b5\u03b9\u03b1\u03ba\u03ae \u03c3\u03c7\u03bf\u03bb\u03b9\u03ba\u03ae \u03b5\u03c0\u03b9\u03c4\u03c1\u03bf\u03c0\u03ae \u03c4\u03bf\u03c5 G\u00fctersloh, \u03b5\u03bd\u03ce \u03b7 \u03b5\u03b3\u03ba\u03b1\u03c4\u03ac\u03c3\u03c4\u03b1\u03c3\u03b7 \u03c4\u03bf\u03c5 \u03c4\u03c1\u03bf\u03c7\u03cc\u03c3\u03c0\u03b9\u03c4\u03bf\u03c5 \u03ba\u03b1\u03c4\u03b1\u03c3\u03ba\u03b5\u03c5\u03ae\u03c2 \u03ba\u03b1\u03bb\u03cd\u03c0\u03c4\u03b5\u03c4\u03b1\u03b9 \u03b1\u03c0\u03cc \u03c4\u03bf\u03bd \u03c0\u03c1\u03bf\u03cb\u03c0\u03bf\u03bb\u03bf\u03b3\u03b9\u03c3\u03bc\u03cc \u03c4\u03bf\u03c5 \u03c3\u03c7\u03bf\u03bb\u03b5\u03af\u03bf\u03c5.<\/p><p>\u03a4\u03bf \u03a0\u03bf\u03bb\u03b9\u03c4\u03b9\u03ba\u03cc \u038a\u03b4\u03c1\u03c5\u03bc\u03b1 G\u00fctersloh \u03c0\u03b1\u03c1\u03b5\u03af\u03c7\u03b5 \u03c3\u03b7\u03bc\u03b1\u03bd\u03c4\u03b9\u03ba\u03ae \u03c5\u03c0\u03bf\u03c3\u03c4\u03ae\u03c1\u03b9\u03be\u03b7 \u03bc\u03b5 \u03c4\u03b7\u03bd \u03b1\u03b3\u03bf\u03c1\u03ac \u03c4\u03bf\u03c5 \u03c1\u03c5\u03bc\u03bf\u03c5\u03bb\u03ba\u03bf\u03cd\u03bc\u03b5\u03bd\u03bf\u03c5 \u03ba\u03b1\u03c4\u03b1\u03c3\u03ba\u03b5\u03c5\u03ae\u03c2.<\/p>\t\t\t\t\t\t\t\t<\/div>\n\t\t\t\t<\/div>\n\t\t\t\t\t<\/div>\n\t\t<\/div>\n\t\t\t\t\t<\/div>\n\t\t<\/section>\n\t\t\t\t<section class=\"elementor-section elementor-top-section elementor-element elementor-element-bbba7fb elementor-section-boxed elementor-section-height-default elementor-section-height-default\" data-id=\"bbba7fb\" data-element_type=\"section\" data-e-type=\"section\">\n\t\t\t\t\t\t<div class=\"elementor-container elementor-column-gap-default\">\n\t\t\t\t\t<div class=\"elementor-column elementor-col-100 elementor-top-column elementor-element elementor-element-f0e1b40\" data-id=\"f0e1b40\" data-element_type=\"column\" data-e-type=\"column\">\n\t\t\t<div class=\"elementor-widget-wrap elementor-element-populated\">\n\t\t\t\t\t\t<div class=\"elementor-element elementor-element-dc9554c elementor-widget elementor-widget-spacer\" data-id=\"dc9554c\" data-element_type=\"widget\" data-e-type=\"widget\" data-widget_type=\"spacer.default\">\n\t\t\t\t<div class=\"elementor-widget-container\">\n\t\t\t\t\t\t\t<div class=\"elementor-spacer\">\n\t\t\t<div class=\"elementor-spacer-inner\"><\/div>\n\t\t<\/div>\n\t\t\t\t\t\t<\/div>\n\t\t\t\t<\/div>\n\t\t\t\t\t<\/div>\n\t\t<\/div>\n\t\t\t\t\t<\/div>\n\t\t<\/section>\n\t\t\t\t<\/div>","protected":false},"excerpt":{"rendered":"<p>Der Bauwagen ist ein besonderer schulischer Lernort f\u00fcr Sch\u00fclerinnen und Sch\u00fcler in besonderen Lebenslagen. Im Rahmen der intensivp\u00e4dagogischen Ma\u00dfnahmen der Hundertwasser-Schule, die f\u00fcr Sch\u00fclerinnen und Sch\u00fcler angeboten werden, deren Unterst\u00fctzungsbedarf weit \u00fcber das \u00fcbliche Ma\u00df hinausgeht, bietet das Bauwagen-Projekt die M\u00f6glichkeit 4 Sch\u00fclerinnen oder Sch\u00fcler in einer sehr engen und intensiven Begleitung an besonderen Orten [&hellip;]<\/p>\n","protected":false},"author":1,"featured_media":0,"parent":0,"menu_order":0,"comment_status":"closed","ping_status":"closed","template":"elementor_header_footer","meta":{"footnotes":""},"class_list":["post-65","page","type-page","status-publish","hentry"],"_links":{"self":[{"href":"http:\/\/hundertwasser-schule.de\/el\/wp-json\/wp\/v2\/pages\/65","targetHints":{"allow":["GET"]}}],"collection":[{"href":"http:\/\/hundertwasser-schule.de\/el\/wp-json\/wp\/v2\/pages"}],"about":[{"href":"http:\/\/hundertwasser-schule.de\/el\/wp-json\/wp\/v2\/types\/page"}],"author":[{"embeddable":true,"href":"http:\/\/hundertwasser-schule.de\/el\/wp-json\/wp\/v2\/users\/1"}],"replies":[{"embeddable":true,"href":"http:\/\/hundertwasser-schule.de\/el\/wp-json\/wp\/v2\/comments?post=65"}],"version-history":[{"count":5,"href":"http:\/\/hundertwasser-schule.de\/el\/wp-json\/wp\/v2\/pages\/65\/revisions"}],"predecessor-version":[{"id":2407,"href":"http:\/\/hundertwasser-schule.de\/el\/wp-json\/wp\/v2\/pages\/65\/revisions\/2407"}],"wp:attachment":[{"href":"http:\/\/hundertwasser-schule.de\/el\/wp-json\/wp\/v2\/media?parent=65"}],"curies":[{"name":"wp","href":"https:\/\/api.w.org\/{rel}","templated":true}]}}