{"id":853,"date":"2020-04-14T08:16:13","date_gmt":"2020-04-14T06:16:13","guid":{"rendered":"https:\/\/neu.hundertwasser-schule.de\/?page_id=853"},"modified":"2022-09-02T09:55:03","modified_gmt":"2022-09-02T07:55:03","slug":"impressum","status":"publish","type":"page","link":"http:\/\/hundertwasser-schule.de\/en_gb\/impressum\/","title":{"rendered":"Imprint"},"content":{"rendered":"<div data-elementor-type=\"wp-page\" data-elementor-id=\"853\" class=\"elementor elementor-853\" data-elementor-post-type=\"page\">\n\t\t\t\t\t\t<section class=\"elementor-section elementor-top-section elementor-element elementor-element-3839578d elementor-section-stretched elementor-section-full_width elementor-section-height-default elementor-section-height-default\" data-id=\"3839578d\" data-element_type=\"section\" data-e-type=\"section\" data-settings=\"{&quot;stretch_section&quot;:&quot;section-stretched&quot;}\">\n\t\t\t\t\t\t<div class=\"elementor-container elementor-column-gap-no\">\n\t\t\t\t\t<div class=\"elementor-column elementor-col-100 elementor-top-column elementor-element elementor-element-2faa1dd3\" data-id=\"2faa1dd3\" data-element_type=\"column\" data-e-type=\"column\">\n\t\t\t<div class=\"elementor-widget-wrap elementor-element-populated\">\n\t\t\t\t\t\t<div class=\"elementor-element elementor-element-51e58265 elementor-widget elementor-widget-image\" data-id=\"51e58265\" data-element_type=\"widget\" data-e-type=\"widget\" data-widget_type=\"image.default\">\n\t\t\t\t<div class=\"elementor-widget-container\">\n\t\t\t\t\t\t\t\t\t\t\t\t\t\t\t<img fetchpriority=\"high\" decoding=\"async\" width=\"1920\" height=\"230\" src=\"https:\/\/hundertwasser-schule.de\/wp-content\/uploads\/2020\/03\/bild1.jpg\" class=\"attachment-full size-full wp-image-108\" alt=\"\" srcset=\"https:\/\/hundertwasser-schule.de\/wp-content\/uploads\/2020\/03\/bild1.jpg 1920w, https:\/\/hundertwasser-schule.de\/wp-content\/uploads\/2020\/03\/bild1-300x36.jpg 300w, https:\/\/hundertwasser-schule.de\/wp-content\/uploads\/2020\/03\/bild1-1024x123.jpg 1024w, https:\/\/hundertwasser-schule.de\/wp-content\/uploads\/2020\/03\/bild1-768x92.jpg 768w, https:\/\/hundertwasser-schule.de\/wp-content\/uploads\/2020\/03\/bild1-1536x184.jpg 1536w, https:\/\/hundertwasser-schule.de\/wp-content\/uploads\/2020\/03\/bild1-20x2.jpg 20w\" sizes=\"(max-width: 1920px) 100vw, 1920px\" \/>\t\t\t\t\t\t\t\t\t\t\t\t\t\t\t<\/div>\n\t\t\t\t<\/div>\n\t\t\t\t\t<\/div>\n\t\t<\/div>\n\t\t\t\t\t<\/div>\n\t\t<\/section>\n\t\t\t\t<section class=\"elementor-section elementor-top-section elementor-element elementor-element-d5ec313 elementor-section-height-min-height elementor-section-boxed elementor-section-height-default elementor-section-items-middle\" data-id=\"d5ec313\" data-element_type=\"section\" data-e-type=\"section\" data-settings=\"{&quot;background_background&quot;:&quot;classic&quot;}\">\n\t\t\t\t\t\t<div class=\"elementor-container elementor-column-gap-default\">\n\t\t\t\t\t<div class=\"elementor-column elementor-col-100 elementor-top-column elementor-element elementor-element-33a5bd59\" data-id=\"33a5bd59\" data-element_type=\"column\" data-e-type=\"column\">\n\t\t\t<div class=\"elementor-widget-wrap elementor-element-populated\">\n\t\t\t\t\t\t\t<\/div>\n\t\t<\/div>\n\t\t\t\t\t<\/div>\n\t\t<\/section>\n\t\t\t\t<section class=\"elementor-section elementor-top-section elementor-element elementor-element-103c53cc elementor-section-boxed elementor-section-height-default elementor-section-height-default\" data-id=\"103c53cc\" data-element_type=\"section\" data-e-type=\"section\">\n\t\t\t\t\t\t<div class=\"elementor-container elementor-column-gap-default\">\n\t\t\t\t\t<div class=\"elementor-column elementor-col-100 elementor-top-column elementor-element elementor-element-281e5a1d\" data-id=\"281e5a1d\" data-element_type=\"column\" data-e-type=\"column\">\n\t\t\t<div class=\"elementor-widget-wrap elementor-element-populated\">\n\t\t\t\t\t\t<div class=\"elementor-element elementor-element-61834a54 elementor-widget elementor-widget-spacer\" data-id=\"61834a54\" data-element_type=\"widget\" data-e-type=\"widget\" data-widget_type=\"spacer.default\">\n\t\t\t\t<div class=\"elementor-widget-container\">\n\t\t\t\t\t\t\t<div class=\"elementor-spacer\">\n\t\t\t<div class=\"elementor-spacer-inner\"><\/div>\n\t\t<\/div>\n\t\t\t\t\t\t<\/div>\n\t\t\t\t<\/div>\n\t\t\t\t\t<\/div>\n\t\t<\/div>\n\t\t\t\t\t<\/div>\n\t\t<\/section>\n\t\t\t\t<section class=\"elementor-section elementor-top-section elementor-element elementor-element-b91b0d8 elementor-section-boxed elementor-section-height-default elementor-section-height-default\" data-id=\"b91b0d8\" data-element_type=\"section\" data-e-type=\"section\">\n\t\t\t\t\t\t<div class=\"elementor-container elementor-column-gap-default\">\n\t\t\t\t\t<div class=\"elementor-column elementor-col-100 elementor-top-column elementor-element elementor-element-1fdc87b\" data-id=\"1fdc87b\" data-element_type=\"column\" data-e-type=\"column\">\n\t\t\t<div class=\"elementor-widget-wrap elementor-element-populated\">\n\t\t\t\t\t\t<div class=\"elementor-element elementor-element-b9a3edb elementor-widget elementor-widget-text-editor\" data-id=\"b9a3edb\" data-element_type=\"widget\" data-e-type=\"widget\" data-widget_type=\"text-editor.default\">\n\t\t\t\t<div class=\"elementor-widget-container\">\n\t\t\t\t\t\t\t\t\t<div class=\"cbp-row wh-content\"><div class=\"cbp-container\"><div class=\"entry-content one whole wh-padding\"><div class=\"vc_row wpb_row vc_row-fluid\"><div class=\"wpb_column vc_column_container vc_col-sm-12\"><div class=\"vc_column-inner\"><div class=\"wpb_wrapper\"><div class=\"wpb_text_column wpb_content_element\"><div class=\"wpb_wrapper\"><p><strong>Imprint from 11.04.2019<\/strong><\/p><p>Hundertwasser School<\/p><h3>School management<\/h3><p>Heyka H\u00fcbner, Headmistress<\/p><p>Oststrasse 44<\/p><p>33332 G\u00fctersloh<\/p><p>Phone: 05241\/505273-10<\/p><p>Fax: 05241\/505273-31<\/p><p>E-mail:<a href=\"mailto:schulleitung.hundertwasser-schule@gt-net.de\">\u00a0schulleitung.hundertwasser-schule@gt-net.de<\/a><\/p><h3>School board<\/h3><p>District of G\u00fctersloh, represented by the District Administrator<\/p><p>G\u00fctersloh district administration<\/p><p>Herzebrocker Stra\u00dfe 140<\/p><p>33324 G\u00fctersloh<\/p><p>Phone: 05241 85-0<\/p><p>Fax: 05241 85-1200<\/p><p>E-mail:\u00a0<a title=\"Send e-mail to kreis.guetersloh@gt-net.de\" href=\"https:\/\/eks-harsewinkel.de\/email.php?to=kreis.guetersloh@gt-net.de\" target=\"_new\" rel=\"noopener noreferrer\">kreis.guetersloh@gt-net.de<\/a><\/p><p>We make every effort to keep the contents of the pages up to date. However, no liability is assumed for the correctness, completeness and up-to-dateness of the contents.<\/p><p>If you have any questions or suggestions about this website, or need information about our school, please contact the school directly.<\/p><h3>Copyright, liability, responsibility<\/h3><p>The use of our website is possible without providing personal data.<\/p><h3>Copyright<\/h3><p>Copyright \u00a9 2019 Hundertwasser School, G\u00fctersloh<\/p><p>All rights reserved<\/p><p>The adoption, use and reproduction of the contributions and illustrations offered may only take place with the prior written consent of the provider of the pages (represented by the headmaster).<\/p><p>The use of contact data published within the framework of the imprint obligation by third parties for the purpose of sending unsolicited advertising and information material is hereby expressly prohibited. The providers of the pages (represented by the headmaster) expressly reserve the right to take legal action in the event of the unsolicited sending of advertising information, for example through spam mails.<\/p><h3>Liability &amp; Responsibility<\/h3><p>No liability can be accepted for the correctness and completeness of the information provided in the contributions.<\/p><p>This also applies to the content of providers that can be viewed via links on these pages. No liability is explicitly assumed for damages that could result from the use of such retrieved information or the passing on of the same; the operators of the linked pages are exclusively responsible.<\/p><\/div><\/div><\/div><\/div><\/div><\/div><\/div><\/div><\/div>\t\t\t\t\t\t\t\t<\/div>\n\t\t\t\t<\/div>\n\t\t\t\t\t<\/div>\n\t\t<\/div>\n\t\t\t\t\t<\/div>\n\t\t<\/section>\n\t\t\t\t<\/div>","protected":false},"excerpt":{"rendered":"<p>Impressum vom 11.04.2019 Hundertwasser-Schule Schulleitung Heyka H\u00fcbner, Schulleiterin Oststra\u00dfe 44 33332 G\u00fctersloh Telefon: 05241\/505273-10 Telefax: 05241\/505273-31 E-Mail:\u00a0schulleitung.hundertwasser-schule@gt-net.de Schultr\u00e4ger Kreis G\u00fctersloh, vertreten durch den Landrat Kreisverwaltung G\u00fctersloh Herzebrocker Stra\u00dfe 140 33324 G\u00fctersloh Telefon: 05241 85-0 Fax: 05241 85-1200 E-Mail:\u00a0kreis.guetersloh@gt-net.de Wir bem\u00fchen uns, die Inhalte der Seiten aktuell zu halten. F\u00fcr die Richtigkeit, Vollst\u00e4ndigkeit und Aktualit\u00e4t der [&hellip;]<\/p>\n","protected":false},"author":1,"featured_media":0,"parent":0,"menu_order":0,"comment_status":"closed","ping_status":"closed","template":"elementor_header_footer","meta":{"footnotes":""},"class_list":["post-853","page","type-page","status-publish","hentry"],"_links":{"self":[{"href":"http:\/\/hundertwasser-schule.de\/en_gb\/wp-json\/wp\/v2\/pages\/853","targetHints":{"allow":["GET"]}}],"collection":[{"href":"http:\/\/hundertwasser-schule.de\/en_gb\/wp-json\/wp\/v2\/pages"}],"about":[{"href":"http:\/\/hundertwasser-schule.de\/en_gb\/wp-json\/wp\/v2\/types\/page"}],"author":[{"embeddable":true,"href":"http:\/\/hundertwasser-schule.de\/en_gb\/wp-json\/wp\/v2\/users\/1"}],"replies":[{"embeddable":true,"href":"http:\/\/hundertwasser-schule.de\/en_gb\/wp-json\/wp\/v2\/comments?post=853"}],"version-history":[{"count":5,"href":"http:\/\/hundertwasser-schule.de\/en_gb\/wp-json\/wp\/v2\/pages\/853\/revisions"}],"predecessor-version":[{"id":3042,"href":"http:\/\/hundertwasser-schule.de\/en_gb\/wp-json\/wp\/v2\/pages\/853\/revisions\/3042"}],"wp:attachment":[{"href":"http:\/\/hundertwasser-schule.de\/en_gb\/wp-json\/wp\/v2\/media?parent=853"}],"curies":[{"name":"wp","href":"https:\/\/api.w.org\/{rel}","templated":true}]}}