{"id":31,"date":"2020-03-31T10:55:04","date_gmt":"2020-03-31T10:55:04","guid":{"rendered":"https:\/\/neu.hundertwasser-schule.de\/?page_id=31"},"modified":"2020-04-08T07:55:59","modified_gmt":"2020-04-08T07:55:59","slug":"die-grundhaltung-loesungs-und-ressourcenorientierte-kommunikation","status":"publish","type":"page","link":"http:\/\/hundertwasser-schule.de\/pt_br\/die-grundhaltung-loesungs-und-ressourcenorientierte-kommunikation\/","title":{"rendered":"A atitude b\u00e1sica: comunica\u00e7\u00e3o orientada para solu\u00e7\u00f5es e recursos"},"content":{"rendered":"<div data-elementor-type=\"wp-page\" data-elementor-id=\"31\" class=\"elementor elementor-31\" data-elementor-post-type=\"page\">\n\t\t\t\t\t\t<section class=\"elementor-section elementor-top-section elementor-element elementor-element-31ae5048 elementor-section-stretched elementor-section-full_width elementor-section-height-default elementor-section-height-default\" data-id=\"31ae5048\" data-element_type=\"section\" data-e-type=\"section\" data-settings=\"{&quot;stretch_section&quot;:&quot;section-stretched&quot;}\">\n\t\t\t\t\t\t<div class=\"elementor-container elementor-column-gap-no\">\n\t\t\t\t\t<div class=\"elementor-column elementor-col-100 elementor-top-column elementor-element elementor-element-7d45cc68\" data-id=\"7d45cc68\" data-element_type=\"column\" data-e-type=\"column\">\n\t\t\t<div class=\"elementor-widget-wrap elementor-element-populated\">\n\t\t\t\t\t\t<div class=\"elementor-element elementor-element-571564ab elementor-widget elementor-widget-image\" data-id=\"571564ab\" data-element_type=\"widget\" data-e-type=\"widget\" data-widget_type=\"image.default\">\n\t\t\t\t<div class=\"elementor-widget-container\">\n\t\t\t\t\t\t\t\t\t\t\t\t\t\t\t<img fetchpriority=\"high\" decoding=\"async\" width=\"1920\" height=\"230\" src=\"https:\/\/hundertwasser-schule.de\/wp-content\/uploads\/2020\/03\/bild1.jpg\" class=\"attachment-full size-full wp-image-108\" alt=\"\" srcset=\"https:\/\/hundertwasser-schule.de\/wp-content\/uploads\/2020\/03\/bild1.jpg 1920w, https:\/\/hundertwasser-schule.de\/wp-content\/uploads\/2020\/03\/bild1-300x36.jpg 300w, https:\/\/hundertwasser-schule.de\/wp-content\/uploads\/2020\/03\/bild1-1024x123.jpg 1024w, https:\/\/hundertwasser-schule.de\/wp-content\/uploads\/2020\/03\/bild1-768x92.jpg 768w, https:\/\/hundertwasser-schule.de\/wp-content\/uploads\/2020\/03\/bild1-1536x184.jpg 1536w, https:\/\/hundertwasser-schule.de\/wp-content\/uploads\/2020\/03\/bild1-20x2.jpg 20w\" sizes=\"(max-width: 1920px) 100vw, 1920px\" \/>\t\t\t\t\t\t\t\t\t\t\t\t\t\t\t<\/div>\n\t\t\t\t<\/div>\n\t\t\t\t\t<\/div>\n\t\t<\/div>\n\t\t\t\t\t<\/div>\n\t\t<\/section>\n\t\t\t\t<section class=\"elementor-section elementor-top-section elementor-element elementor-element-18b68af6 elementor-section-height-min-height elementor-section-boxed elementor-section-height-default elementor-section-items-middle\" data-id=\"18b68af6\" data-element_type=\"section\" data-e-type=\"section\" data-settings=\"{&quot;background_background&quot;:&quot;classic&quot;}\">\n\t\t\t\t\t\t<div class=\"elementor-container elementor-column-gap-default\">\n\t\t\t\t\t<div class=\"elementor-column elementor-col-100 elementor-top-column elementor-element elementor-element-469e150c\" data-id=\"469e150c\" data-element_type=\"column\" data-e-type=\"column\">\n\t\t\t<div class=\"elementor-widget-wrap elementor-element-populated\">\n\t\t\t\t\t\t\t<\/div>\n\t\t<\/div>\n\t\t\t\t\t<\/div>\n\t\t<\/section>\n\t\t\t\t<section class=\"elementor-section elementor-top-section elementor-element elementor-element-57a6d64b elementor-section-boxed elementor-section-height-default elementor-section-height-default\" data-id=\"57a6d64b\" data-element_type=\"section\" data-e-type=\"section\">\n\t\t\t\t\t\t<div class=\"elementor-container elementor-column-gap-default\">\n\t\t\t\t\t<div class=\"elementor-column elementor-col-100 elementor-top-column elementor-element elementor-element-5c9e9def\" data-id=\"5c9e9def\" data-element_type=\"column\" data-e-type=\"column\">\n\t\t\t<div class=\"elementor-widget-wrap elementor-element-populated\">\n\t\t\t\t\t\t<div class=\"elementor-element elementor-element-5f85c158 elementor-widget elementor-widget-spacer\" data-id=\"5f85c158\" data-element_type=\"widget\" data-e-type=\"widget\" data-widget_type=\"spacer.default\">\n\t\t\t\t<div class=\"elementor-widget-container\">\n\t\t\t\t\t\t\t<div class=\"elementor-spacer\">\n\t\t\t<div class=\"elementor-spacer-inner\"><\/div>\n\t\t<\/div>\n\t\t\t\t\t\t<\/div>\n\t\t\t\t<\/div>\n\t\t\t\t\t<\/div>\n\t\t<\/div>\n\t\t\t\t\t<\/div>\n\t\t<\/section>\n\t\t\t\t<section class=\"elementor-section elementor-top-section elementor-element elementor-element-83b374e elementor-section-boxed elementor-section-height-default elementor-section-height-default\" data-id=\"83b374e\" data-element_type=\"section\" data-e-type=\"section\">\n\t\t\t\t\t\t<div class=\"elementor-container elementor-column-gap-default\">\n\t\t\t\t\t<div class=\"elementor-column elementor-col-100 elementor-top-column elementor-element elementor-element-3879ba0\" data-id=\"3879ba0\" data-element_type=\"column\" data-e-type=\"column\">\n\t\t\t<div class=\"elementor-widget-wrap elementor-element-populated\">\n\t\t\t\t\t\t<div class=\"elementor-element elementor-element-3f657f7 elementor-widget elementor-widget-text-editor\" data-id=\"3f657f7\" data-element_type=\"widget\" data-e-type=\"widget\" data-widget_type=\"text-editor.default\">\n\t\t\t\t<div class=\"elementor-widget-container\">\n\t\t\t\t\t\t\t\t\t<div>Na Escola Hundertwasser, toda a comunica\u00e7\u00e3o profissional \u00e9 baseada na abordagem orientada a solu\u00e7\u00f5es e recursos: todas as conversas e reflex\u00f5es com os alunos, as conversas KESS, todas as conversas com os pais, mas tamb\u00e9m todo o desenvolvimento do pessoal e reuni\u00f5es de pessoal. A comunica\u00e7\u00e3o orientada \u00e0 solu\u00e7\u00e3o contribui muito para a atmosfera positiva em nossa escola e para o fato de que todas as crian\u00e7as e adultos podem se sentir confort\u00e1veis nesta escola.<\/div><div>Todo o pessoal da escola e do dia inteiro recebe treinamento b\u00e1sico em comunica\u00e7\u00e3o orientada para solu\u00e7\u00f5es, bem como uma indu\u00e7\u00e3o apoiada pela equipe. Todos os anos, a escola e a escola durante todo o dia, em coopera\u00e7\u00e3o com o Institute for Solution-Oriented Communication em Bielefeld (ILK), oferecem aos novos colegas uma introdu\u00e7\u00e3o ao trabalho pr\u00e1tico com esta abordagem de aconselhamento. Dias conceituais regulares s\u00e3o realizados para todo o pessoal da escola e de todo o dia sobre este t\u00f3pico.<\/div><p>Uma breve introdu\u00e7\u00e3o te\u00f3rica, da qual citamos o seguinte trecho, pode ser encontrada em<cite class=\"iUh30\">www.loesungsfokussiert.de \u00a0\u00a0<\/cite><\/p><p>\u00a0<\/p><div>\"LFT* (terapia focada em solu\u00e7\u00f5es) foi desenvolvida no in\u00edcio dos anos 80 por Steve de Shazer, Insoo Kim Berg e colegas do Brief Family Therapy Center (Milwaukee, EUA) e tem sido continuamente modificada. A abordagem focada em solu\u00e7\u00f5es \u00e9 um modelo independente de problemas e fortemente orientado a recursos para a condu\u00e7\u00e3o de conversas em v\u00e1rios campos de aplica\u00e7\u00e3o. As marcas registradas da abordagem focada na solu\u00e7\u00e3o s\u00e3o o objetivo intensivo e a orienta\u00e7\u00e3o de recursos, a capacita\u00e7\u00e3o e a busca pragm\u00e1tica dos pr\u00f3ximos passos poss\u00edveis para uma solu\u00e7\u00e3o. Um pressuposto b\u00e1sico do LFT \u00e9 que um exame aprofundado da estrutura e das causas dos problemas n\u00e3o \u00e9 necess\u00e1rio para encontrar solu\u00e7\u00f5es. Ao contr\u00e1rio, sup\u00f5e-se que encorajar os clientes a falar sobre exce\u00e7\u00f5es ao problema no passado e desejos e metas para o futuro \u00e9 \u00fatil para desenvolver etapas de solu\u00e7\u00e3o.<\/div><p>\u00a0<\/p><div>Assumimos que cada pessoa j\u00e1 tem todos os recursos necess\u00e1rios para encontrar sua solu\u00e7\u00e3o. A tarefa do conselheiro \u00e9 ativar esses recursos e direcionar a conversa para os momentos em que \"as coisas v\u00e3o melhor\". Nestes tempos livres de problemas e no jogo mental de \"fingir - que - o - problema - j\u00e1 - foi - resolvido\", existem pistas valiosas para o desenvolvimento de solu\u00e7\u00f5es reais. Profissionais focados em solu\u00e7\u00f5es s\u00e3o diretrizes para orientar a conversa em dire\u00e7\u00e3o a objetivos, recursos e primeiros pequenos passos, mas o mais n\u00e3o-diretivo poss\u00edvel sobre o conte\u00fado do que est\u00e1 sendo falado. O cliente determina a dire\u00e7\u00e3o e o caminho. Ao mesmo tempo, os recursos descobertos e os sucessos obtidos s\u00e3o direta e indiretamente refor\u00e7ados.\u00a0<\/div><p>Acreditamos que a melhor maneira de ajudar as pessoas a superar os problemas \u00e9 concentrar a aten\u00e7\u00e3o atrav\u00e9s da conversa em objetivos, exce\u00e7\u00f5es ao problema e pontos fortes. N\u00e3o analisamos tanto como e por que os problemas surgiram, mas nos concentramos juntos em onde queremos ir.<\/p><p>Como regra, esclarecemos logo no in\u00edcio da conversa quais os objetivos e desejos que nosso cliente tem:<\/p><ul><li style=\"list-style-type: none;\"><ul><li>Como ser\u00e1 exatamente a vida quando os problemas se forem?<\/li><li>O que nosso cliente faria ent\u00e3o de diferente primeiro?<\/li><li>O que segue?<\/li><li>Quem em seu ambiente notaria primeiro o desaparecimento do problema sem que o cliente o abordasse diretamente?<\/li><\/ul><\/li><\/ul><p>\u00a0<\/p><p>Assim, o primeiro passo \u00e9 elaborar juntos um objetivo concreto, uma imagem desejada do futuro que d\u00ea a nossos clientes uma nova dire\u00e7\u00e3o (foco).<\/p><p>Ent\u00e3o \u00e9 importante descobrir o que poderia ser um primeiro passo, pequeno, concreto e vi\u00e1vel em dire\u00e7\u00e3o a este objetivo. Quando ficou claro o que poderia ser um primeiro, pequeno passo, muitas vezes surge uma id\u00e9ia para o pr\u00f3ximo pequeno, segundo passo, ... .<\/p><div>Na busca dos pr\u00f3ximos pequenos passos, pode ser extremamente \u00fatil visualizar quando h\u00e1 momentos em que as coisas v\u00e3o melhor e por que elas v\u00e3o melhor (exce\u00e7\u00f5es). Uma de nossas principais tarefas \u00e9 apoiar nossos clientes para ativar este conhecimento e torn\u00e1-lo utiliz\u00e1vel para uma solu\u00e7\u00e3o de problemas atuais. Em tudo isso, estamos sempre preocupados em fazer, sentir e pensar de forma concreta. \u00c9 essencial para o trabalho conjunto em nossa escola que todos os funcion\u00e1rios da escola e da escola em todos os campos de trabalho se encontrem uns com os outros, assim como os alunos e suas fam\u00edlias, a partir de uma atitude b\u00e1sica comum e com base nesta atitude b\u00e1sica comum.<\/div>\t\t\t\t\t\t\t\t<\/div>\n\t\t\t\t<\/div>\n\t\t\t\t\t<\/div>\n\t\t<\/div>\n\t\t\t\t\t<\/div>\n\t\t<\/section>\n\t\t\t\t<section class=\"elementor-section elementor-top-section elementor-element elementor-element-08158d6 elementor-section-boxed elementor-section-height-default elementor-section-height-default\" data-id=\"08158d6\" data-element_type=\"section\" data-e-type=\"section\">\n\t\t\t\t\t\t<div class=\"elementor-container elementor-column-gap-default\">\n\t\t\t\t\t<div class=\"elementor-column elementor-col-100 elementor-top-column elementor-element elementor-element-43e97ae\" data-id=\"43e97ae\" data-element_type=\"column\" data-e-type=\"column\">\n\t\t\t<div class=\"elementor-widget-wrap elementor-element-populated\">\n\t\t\t\t\t\t<div class=\"elementor-element elementor-element-e5f2233 elementor-widget elementor-widget-spacer\" data-id=\"e5f2233\" data-element_type=\"widget\" data-e-type=\"widget\" data-widget_type=\"spacer.default\">\n\t\t\t\t<div class=\"elementor-widget-container\">\n\t\t\t\t\t\t\t<div class=\"elementor-spacer\">\n\t\t\t<div class=\"elementor-spacer-inner\"><\/div>\n\t\t<\/div>\n\t\t\t\t\t\t<\/div>\n\t\t\t\t<\/div>\n\t\t\t\t\t<\/div>\n\t\t<\/div>\n\t\t\t\t\t<\/div>\n\t\t<\/section>\n\t\t\t\t<\/div>","protected":false},"excerpt":{"rendered":"<p>In der Hundertwasser-Schule basiert alle professionelle Kommunikation auf dem l\u00f6sungs- und ressourcenorientierten Ansatz: alle Gespr\u00e4che und Reflexionen mit den Sch\u00fclerinnen und Sch\u00fclern, die KESS-Gespr\u00e4che, alle Gespr\u00e4che mit den Eltern, aber auch alle Personalentwicklungs- und Mitarbeitergespr\u00e4che. Die l\u00f6sungsorientierte Komunikation leistet einen sehr gro\u00dfen Beitrag zu der positiven Atmosph\u00e4re an unserer Schule und dazu, dass sich alle [&hellip;]<\/p>\n","protected":false},"author":1,"featured_media":0,"parent":0,"menu_order":0,"comment_status":"closed","ping_status":"closed","template":"elementor_header_footer","meta":{"footnotes":""},"class_list":["post-31","page","type-page","status-publish","hentry"],"_links":{"self":[{"href":"http:\/\/hundertwasser-schule.de\/pt_br\/wp-json\/wp\/v2\/pages\/31","targetHints":{"allow":["GET"]}}],"collection":[{"href":"http:\/\/hundertwasser-schule.de\/pt_br\/wp-json\/wp\/v2\/pages"}],"about":[{"href":"http:\/\/hundertwasser-schule.de\/pt_br\/wp-json\/wp\/v2\/types\/page"}],"author":[{"embeddable":true,"href":"http:\/\/hundertwasser-schule.de\/pt_br\/wp-json\/wp\/v2\/users\/1"}],"replies":[{"embeddable":true,"href":"http:\/\/hundertwasser-schule.de\/pt_br\/wp-json\/wp\/v2\/comments?post=31"}],"version-history":[{"count":3,"href":"http:\/\/hundertwasser-schule.de\/pt_br\/wp-json\/wp\/v2\/pages\/31\/revisions"}],"predecessor-version":[{"id":197,"href":"http:\/\/hundertwasser-schule.de\/pt_br\/wp-json\/wp\/v2\/pages\/31\/revisions\/197"}],"wp:attachment":[{"href":"http:\/\/hundertwasser-schule.de\/pt_br\/wp-json\/wp\/v2\/media?parent=31"}],"curies":[{"name":"wp","href":"https:\/\/api.w.org\/{rel}","templated":true}]}}