{"id":853,"date":"2020-04-14T08:16:13","date_gmt":"2020-04-14T06:16:13","guid":{"rendered":"https:\/\/neu.hundertwasser-schule.de\/?page_id=853"},"modified":"2022-09-02T09:55:03","modified_gmt":"2022-09-02T07:55:03","slug":"impressum","status":"publish","type":"page","link":"https:\/\/hundertwasser-schule.de\/bg_bg\/impressum\/","title":{"rendered":"\u041e\u0442\u043f\u0435\u0447\u0430\u0442\u044a\u043a"},"content":{"rendered":"<div data-elementor-type=\"wp-page\" data-elementor-id=\"853\" class=\"elementor elementor-853\" data-elementor-post-type=\"page\">\n\t\t\t\t\t\t<section class=\"elementor-section elementor-top-section elementor-element elementor-element-3839578d elementor-section-stretched elementor-section-full_width elementor-section-height-default elementor-section-height-default\" data-id=\"3839578d\" data-element_type=\"section\" data-e-type=\"section\" data-settings=\"{&quot;stretch_section&quot;:&quot;section-stretched&quot;}\">\n\t\t\t\t\t\t<div class=\"elementor-container elementor-column-gap-no\">\n\t\t\t\t\t<div class=\"elementor-column elementor-col-100 elementor-top-column elementor-element elementor-element-2faa1dd3\" data-id=\"2faa1dd3\" data-element_type=\"column\" data-e-type=\"column\">\n\t\t\t<div class=\"elementor-widget-wrap elementor-element-populated\">\n\t\t\t\t\t\t<div class=\"elementor-element elementor-element-51e58265 elementor-widget elementor-widget-image\" data-id=\"51e58265\" data-element_type=\"widget\" data-e-type=\"widget\" data-widget_type=\"image.default\">\n\t\t\t\t<div class=\"elementor-widget-container\">\n\t\t\t\t\t\t\t\t\t\t\t\t\t\t\t<img fetchpriority=\"high\" decoding=\"async\" width=\"1920\" height=\"230\" src=\"https:\/\/hundertwasser-schule.de\/wp-content\/uploads\/2020\/03\/bild1.jpg\" class=\"attachment-full size-full wp-image-108\" alt=\"\" srcset=\"https:\/\/hundertwasser-schule.de\/wp-content\/uploads\/2020\/03\/bild1.jpg 1920w, https:\/\/hundertwasser-schule.de\/wp-content\/uploads\/2020\/03\/bild1-300x36.jpg 300w, https:\/\/hundertwasser-schule.de\/wp-content\/uploads\/2020\/03\/bild1-1024x123.jpg 1024w, https:\/\/hundertwasser-schule.de\/wp-content\/uploads\/2020\/03\/bild1-768x92.jpg 768w, https:\/\/hundertwasser-schule.de\/wp-content\/uploads\/2020\/03\/bild1-1536x184.jpg 1536w, https:\/\/hundertwasser-schule.de\/wp-content\/uploads\/2020\/03\/bild1-20x2.jpg 20w\" sizes=\"(max-width: 1920px) 100vw, 1920px\" \/>\t\t\t\t\t\t\t\t\t\t\t\t\t\t\t<\/div>\n\t\t\t\t<\/div>\n\t\t\t\t\t<\/div>\n\t\t<\/div>\n\t\t\t\t\t<\/div>\n\t\t<\/section>\n\t\t\t\t<section class=\"elementor-section elementor-top-section elementor-element elementor-element-d5ec313 elementor-section-height-min-height elementor-section-boxed elementor-section-height-default elementor-section-items-middle\" data-id=\"d5ec313\" data-element_type=\"section\" data-e-type=\"section\" data-settings=\"{&quot;background_background&quot;:&quot;classic&quot;}\">\n\t\t\t\t\t\t<div class=\"elementor-container elementor-column-gap-default\">\n\t\t\t\t\t<div class=\"elementor-column elementor-col-100 elementor-top-column elementor-element elementor-element-33a5bd59\" data-id=\"33a5bd59\" data-element_type=\"column\" data-e-type=\"column\">\n\t\t\t<div class=\"elementor-widget-wrap elementor-element-populated\">\n\t\t\t\t\t\t\t<\/div>\n\t\t<\/div>\n\t\t\t\t\t<\/div>\n\t\t<\/section>\n\t\t\t\t<section class=\"elementor-section elementor-top-section elementor-element elementor-element-103c53cc elementor-section-boxed elementor-section-height-default elementor-section-height-default\" data-id=\"103c53cc\" data-element_type=\"section\" data-e-type=\"section\">\n\t\t\t\t\t\t<div class=\"elementor-container elementor-column-gap-default\">\n\t\t\t\t\t<div class=\"elementor-column elementor-col-100 elementor-top-column elementor-element elementor-element-281e5a1d\" data-id=\"281e5a1d\" data-element_type=\"column\" data-e-type=\"column\">\n\t\t\t<div class=\"elementor-widget-wrap elementor-element-populated\">\n\t\t\t\t\t\t<div class=\"elementor-element elementor-element-61834a54 elementor-widget elementor-widget-spacer\" data-id=\"61834a54\" data-element_type=\"widget\" data-e-type=\"widget\" data-widget_type=\"spacer.default\">\n\t\t\t\t<div class=\"elementor-widget-container\">\n\t\t\t\t\t\t\t<div class=\"elementor-spacer\">\n\t\t\t<div class=\"elementor-spacer-inner\"><\/div>\n\t\t<\/div>\n\t\t\t\t\t\t<\/div>\n\t\t\t\t<\/div>\n\t\t\t\t\t<\/div>\n\t\t<\/div>\n\t\t\t\t\t<\/div>\n\t\t<\/section>\n\t\t\t\t<section class=\"elementor-section elementor-top-section elementor-element elementor-element-b91b0d8 elementor-section-boxed elementor-section-height-default elementor-section-height-default\" data-id=\"b91b0d8\" data-element_type=\"section\" data-e-type=\"section\">\n\t\t\t\t\t\t<div class=\"elementor-container elementor-column-gap-default\">\n\t\t\t\t\t<div class=\"elementor-column elementor-col-100 elementor-top-column elementor-element elementor-element-1fdc87b\" data-id=\"1fdc87b\" data-element_type=\"column\" data-e-type=\"column\">\n\t\t\t<div class=\"elementor-widget-wrap elementor-element-populated\">\n\t\t\t\t\t\t<div class=\"elementor-element elementor-element-b9a3edb elementor-widget elementor-widget-text-editor\" data-id=\"b9a3edb\" data-element_type=\"widget\" data-e-type=\"widget\" data-widget_type=\"text-editor.default\">\n\t\t\t\t<div class=\"elementor-widget-container\">\n\t\t\t\t\t\t\t\t\t<div class=\"cbp-row wh-content\"><div class=\"cbp-container\"><div class=\"entry-content one whole wh-padding\"><div class=\"vc_row wpb_row vc_row-fluid\"><div class=\"wpb_column vc_column_container vc_col-sm-12\"><div class=\"vc_column-inner\"><div class=\"wpb_wrapper\"><div class=\"wpb_text_column wpb_content_element\"><div class=\"wpb_wrapper\"><p><strong>\u041e\u0442\u043f\u0435\u0447\u0430\u0442\u0432\u0430\u043d\u0435 \u043e\u0442 11.04.2019 \u0433.<\/strong><\/p><p>\u0423\u0447\u0438\u043b\u0438\u0449\u0435 \u0425\u0443\u043d\u0434\u0435\u0440\u0442\u0432\u0430\u0441\u0435\u0440<\/p><h3>\u0423\u043f\u0440\u0430\u0432\u043b\u0435\u043d\u0438\u0435 \u043d\u0430 \u0443\u0447\u0438\u043b\u0438\u0449\u0435\u0442\u043e<\/h3><p>\u0425\u0430\u0439\u043a\u0430 \u0425\u044e\u0431\u043d\u0435\u0440, \u0434\u0438\u0440\u0435\u043a\u0442\u043e\u0440 \u043d\u0430 \u0443\u0447\u0438\u043b\u0438\u0449\u0435\u0442\u043e<\/p><p>Oststrasse 44<\/p><p>33332 \u0413\u044e\u0442\u0435\u0440\u0441\u043b\u043e\u0445<\/p><p>\u0422\u0435\u043b\u0435\u0444\u043e\u043d: 05241\/505273-10<\/p><p>\u0424\u0430\u043a\u0441: 05241\/505273-31<\/p><p>\u0415\u043b\u0435\u043a\u0442\u0440\u043e\u043d\u043d\u0430 \u043f\u043e\u0449\u0430:<a href=\"mailto:schulleitung.hundertwasser-schule@gt-net.de\">\u00a0schulleitung.hundertwasser-schule@gt-net.de<\/a><\/p><h3>\u0423\u0447\u0438\u043b\u0438\u0449\u043d\u043e \u043d\u0430\u0441\u0442\u043e\u044f\u0442\u0435\u043b\u0441\u0442\u0432\u043e<\/h3><p>\u041e\u0431\u043b\u0430\u0441\u0442 G\u00fctersloh, \u043f\u0440\u0435\u0434\u0441\u0442\u0430\u0432\u043b\u044f\u0432\u0430\u043d\u0430 \u043e\u0442 \u043e\u0431\u043b\u0430\u0441\u0442\u043d\u0438\u044f \u0443\u043f\u0440\u0430\u0432\u0438\u0442\u0435\u043b<\/p><p>\u041e\u0431\u043b\u0430\u0441\u0442\u043d\u0430 \u0430\u0434\u043c\u0438\u043d\u0438\u0441\u0442\u0440\u0430\u0446\u0438\u044f \u0413\u044e\u0442\u0435\u0440\u0441\u043b\u043e\u0445<\/p><p>Herzebrocker Stra\u00dfe 140<\/p><p>33324 \u0413\u044e\u0442\u0435\u0440\u0441\u043b\u043e\u0445<\/p><p>\u0422\u0435\u043b\u0435\u0444\u043e\u043d: 05241 85-0<\/p><p>\u0424\u0430\u043a\u0441: 05241 85-1200<\/p><p>\u0415\u043b\u0435\u043a\u0442\u0440\u043e\u043d\u043d\u0430 \u043f\u043e\u0449\u0430:\u00a0<a title=\"\u0418\u0437\u043f\u0440\u0430\u0442\u0435\u0442\u0435 \u0438\u043c\u0435\u0439\u043b \u0434\u043e kreis.guetersloh@gt-net.de\" href=\"https:\/\/eks-harsewinkel.de\/email.php?to=kreis.guetersloh@gt-net.de\" target=\"_new\" rel=\"noopener noreferrer\">kreis.guetersloh@gt-net.de<\/a><\/p><p>\u041f\u043e\u043b\u0430\u0433\u0430\u043c\u0435 \u0432\u0441\u0438\u0447\u043a\u0438 \u0443\u0441\u0438\u043b\u0438\u044f \u0434\u0430 \u043f\u043e\u0434\u0434\u044a\u0440\u0436\u0430\u043c\u0435 \u0441\u044a\u0434\u044a\u0440\u0436\u0430\u043d\u0438\u0435\u0442\u043e \u043d\u0430 \u0441\u0442\u0440\u0430\u043d\u0438\u0446\u0438\u0442\u0435 \u0430\u043a\u0442\u0443\u0430\u043b\u043d\u043e. \u0412\u044a\u043f\u0440\u0435\u043a\u0438 \u0442\u043e\u0432\u0430 \u043d\u0435 \u0441\u0435 \u043f\u043e\u0435\u043c\u0430 \u043e\u0442\u0433\u043e\u0432\u043e\u0440\u043d\u043e\u0441\u0442 \u0437\u0430 \u0432\u0435\u0440\u043d\u043e\u0441\u0442\u0442\u0430, \u043f\u044a\u043b\u043d\u043e\u0442\u0430\u0442\u0430 \u0438 \u0430\u043a\u0442\u0443\u0430\u043b\u043d\u043e\u0441\u0442\u0442\u0430 \u043d\u0430 \u0441\u044a\u0434\u044a\u0440\u0436\u0430\u043d\u0438\u0435\u0442\u043e.<\/p><p>\u0410\u043a\u043e \u0438\u043c\u0430\u0442\u0435 \u0432\u044a\u043f\u0440\u043e\u0441\u0438 \u0438\u043b\u0438 \u043f\u0440\u0435\u0434\u043b\u043e\u0436\u0435\u043d\u0438\u044f \u043e\u0442\u043d\u043e\u0441\u043d\u043e \u0442\u043e\u0437\u0438 \u0443\u0435\u0431\u0441\u0430\u0439\u0442 \u0438\u043b\u0438 \u0441\u0435 \u043d\u0443\u0436\u0434\u0430\u0435\u0442\u0435 \u043e\u0442 \u0438\u043d\u0444\u043e\u0440\u043c\u0430\u0446\u0438\u044f \u0437\u0430 \u043d\u0430\u0448\u0435\u0442\u043e \u0443\u0447\u0438\u043b\u0438\u0449\u0435, \u043c\u043e\u043b\u044f, \u0441\u0432\u044a\u0440\u0436\u0435\u0442\u0435 \u0441\u0435 \u0434\u0438\u0440\u0435\u043a\u0442\u043d\u043e \u0441 \u0443\u0447\u0438\u043b\u0438\u0449\u0435\u0442\u043e.<\/p><h3>\u0410\u0432\u0442\u043e\u0440\u0441\u043a\u043e \u043f\u0440\u0430\u0432\u043e, \u043e\u0442\u0433\u043e\u0432\u043e\u0440\u043d\u043e\u0441\u0442<\/h3><p>\u0418\u0437\u043f\u043e\u043b\u0437\u0432\u0430\u043d\u0435\u0442\u043e \u043d\u0430 \u043d\u0430\u0448\u0438\u044f \u0443\u0435\u0431\u0441\u0430\u0439\u0442 \u0435 \u0432\u044a\u0437\u043c\u043e\u0436\u043d\u043e \u0431\u0435\u0437 \u043f\u0440\u0435\u0434\u043e\u0441\u0442\u0430\u0432\u044f\u043d\u0435 \u043d\u0430 \u043b\u0438\u0447\u043d\u0438 \u0434\u0430\u043d\u043d\u0438.<\/p><h3>\u0410\u0432\u0442\u043e\u0440\u0441\u043a\u043e \u043f\u0440\u0430\u0432\u043e<\/h3><p>Copyright \u00a9 2019 \u0423\u0447\u0438\u043b\u0438\u0449\u0435 \u0425\u0443\u043d\u0434\u0435\u0440\u0442\u0432\u0430\u0441\u0435\u0440, \u0413\u044e\u0442\u0435\u0440\u0441\u043b\u043e\u0445<\/p><p>\u0412\u0441\u0438\u0447\u043a\u0438 \u043f\u0440\u0430\u0432\u0430 \u0437\u0430\u043f\u0430\u0437\u0435\u043d\u0438<\/p><p>\u041f\u0440\u0438\u0435\u043c\u0430\u043d\u0435\u0442\u043e, \u0438\u0437\u043f\u043e\u043b\u0437\u0432\u0430\u043d\u0435\u0442\u043e \u0438 \u0432\u044a\u0437\u043f\u0440\u043e\u0438\u0437\u0432\u0435\u0436\u0434\u0430\u043d\u0435\u0442\u043e \u043d\u0430 \u043f\u0440\u0435\u0434\u043b\u043e\u0436\u0435\u043d\u0438\u0442\u0435 \u043c\u0430\u0442\u0435\u0440\u0438\u0430\u043b\u0438 \u0438 \u0438\u043b\u044e\u0441\u0442\u0440\u0430\u0446\u0438\u0438 \u043c\u043e\u0436\u0435 \u0434\u0430 \u0441\u0442\u0430\u0432\u0430 \u0441\u0430\u043c\u043e \u0441 \u043f\u0440\u0435\u0434\u0432\u0430\u0440\u0438\u0442\u0435\u043b\u043d\u043e\u0442\u043e \u043f\u0438\u0441\u043c\u0435\u043d\u043e \u0441\u044a\u0433\u043b\u0430\u0441\u0438\u0435 \u043d\u0430 \u0434\u043e\u0441\u0442\u0430\u0432\u0447\u0438\u043a\u0430 \u043d\u0430 \u0441\u0442\u0440\u0430\u043d\u0438\u0446\u0438\u0442\u0435 (\u043f\u0440\u0435\u0434\u0441\u0442\u0430\u0432\u043b\u044f\u0432\u0430\u043d \u043e\u0442 \u0434\u0438\u0440\u0435\u043a\u0442\u043e\u0440\u0430).<\/p><p>\u0418\u0437\u043f\u043e\u043b\u0437\u0432\u0430\u043d\u0435\u0442\u043e \u043d\u0430 \u0434\u0430\u043d\u043d\u0438\u0442\u0435 \u0437\u0430 \u043a\u043e\u043d\u0442\u0430\u043a\u0442, \u043f\u0443\u0431\u043b\u0438\u043a\u0443\u0432\u0430\u043d\u0438 \u0432 \u0440\u0430\u043c\u043a\u0438\u0442\u0435 \u043d\u0430 \u0437\u0430\u0434\u044a\u043b\u0436\u0435\u043d\u0438\u0435\u0442\u043e \u0437\u0430 \u043e\u0442\u043f\u0435\u0447\u0430\u0442\u0432\u0430\u043d\u0435, \u043e\u0442 \u0442\u0440\u0435\u0442\u0438 \u0441\u0442\u0440\u0430\u043d\u0438 \u0441 \u0446\u0435\u043b \u0438\u0437\u043f\u0440\u0430\u0449\u0430\u043d\u0435 \u043d\u0430 \u043d\u0435\u043f\u043e\u0438\u0441\u043a\u0430\u043d\u0438 \u0440\u0435\u043a\u043b\u0430\u043c\u043d\u0438 \u0438 \u0438\u043d\u0444\u043e\u0440\u043c\u0430\u0446\u0438\u043e\u043d\u043d\u0438 \u043c\u0430\u0442\u0435\u0440\u0438\u0430\u043b\u0438 \u0435 \u0438\u0437\u0440\u0438\u0447\u043d\u043e \u0437\u0430\u0431\u0440\u0430\u043d\u0435\u043d\u043e. \u0414\u043e\u0441\u0442\u0430\u0432\u0447\u0438\u0446\u0438\u0442\u0435 \u043d\u0430 \u0441\u0442\u0440\u0430\u043d\u0438\u0446\u0438\u0442\u0435 (\u043f\u0440\u0435\u0434\u0441\u0442\u0430\u0432\u043b\u044f\u0432\u0430\u043d\u0438 \u043e\u0442 \u0434\u0438\u0440\u0435\u043a\u0442\u043e\u0440\u0430 \u043d\u0430 \u0443\u0447\u0438\u043b\u0438\u0449\u0435\u0442\u043e) \u0441\u0438 \u0437\u0430\u043f\u0430\u0437\u0432\u0430\u0442 \u043f\u0440\u0430\u0432\u043e\u0442\u043e \u0434\u0430 \u043f\u0440\u0435\u0434\u043f\u0440\u0438\u0435\u043c\u0430\u0442 \u043f\u0440\u0430\u0432\u043d\u0438 \u0434\u0435\u0439\u0441\u0442\u0432\u0438\u044f \u0432 \u0441\u043b\u0443\u0447\u0430\u0439 \u043d\u0430 \u043d\u0435\u0436\u0435\u043b\u0430\u043d\u043e \u0438\u0437\u043f\u0440\u0430\u0449\u0430\u043d\u0435 \u043d\u0430 \u0440\u0435\u043a\u043b\u0430\u043c\u043d\u0430 \u0438\u043d\u0444\u043e\u0440\u043c\u0430\u0446\u0438\u044f, \u043d\u0430\u043f\u0440\u0438\u043c\u0435\u0440 \u0447\u0440\u0435\u0437 \u0441\u043f\u0430\u043c \u043f\u0438\u0441\u043c\u0430.<\/p><h3>\u041e\u0442\u0433\u043e\u0432\u043e\u0440\u043d\u043e\u0441\u0442 \u0438 \u0437\u0430\u0434\u044a\u043b\u0436\u0435\u043d\u0438\u044f<\/h3><p>\u041d\u0435 \u0441\u0435 \u043f\u043e\u0435\u043c\u0430 \u043e\u0442\u0433\u043e\u0432\u043e\u0440\u043d\u043e\u0441\u0442 \u0437\u0430 \u0432\u0435\u0440\u043d\u043e\u0441\u0442\u0442\u0430 \u0438 \u043f\u044a\u043b\u043d\u043e\u0442\u0430\u0442\u0430 \u043d\u0430 \u0438\u043d\u0444\u043e\u0440\u043c\u0430\u0446\u0438\u044f\u0442\u0430, \u043f\u0440\u0435\u0434\u043e\u0441\u0442\u0430\u0432\u0435\u043d\u0430 \u0432 \u043f\u0440\u0438\u043d\u043e\u0441\u0438\u0442\u0435.<\/p><p>\u0422\u043e\u0432\u0430 \u0441\u0435 \u043e\u0442\u043d\u0430\u0441\u044f \u0438 \u0437\u0430 \u0441\u044a\u0434\u044a\u0440\u0436\u0430\u043d\u0438\u0435\u0442\u043e \u043d\u0430 \u0434\u043e\u0441\u0442\u0430\u0432\u0447\u0438\u0446\u0438\u0442\u0435, \u043a\u043e\u0435\u0442\u043e \u043c\u043e\u0436\u0435 \u0434\u0430 \u0431\u044a\u0434\u0435 \u0432\u0438\u0434\u044f\u043d\u043e \u0447\u0440\u0435\u0437 \u0432\u0440\u044a\u0437\u043a\u0438 \u043d\u0430 \u0442\u0435\u0437\u0438 \u0441\u0442\u0440\u0430\u043d\u0438\u0446\u0438. \u041d\u0435 \u0441\u0435 \u043f\u043e\u0435\u043c\u0430 \u0438\u0437\u0440\u0438\u0447\u043d\u0430 \u043e\u0442\u0433\u043e\u0432\u043e\u0440\u043d\u043e\u0441\u0442 \u0437\u0430 \u0449\u0435\u0442\u0438, \u043a\u043e\u0438\u0442\u043e \u0431\u0438\u0445\u0430 \u043c\u043e\u0433\u043b\u0438 \u0434\u0430 \u0432\u044a\u0437\u043d\u0438\u043a\u043d\u0430\u0442 \u0432 \u0440\u0435\u0437\u0443\u043b\u0442\u0430\u0442 \u043d\u0430 \u0438\u0437\u043f\u043e\u043b\u0437\u0432\u0430\u043d\u0435\u0442\u043e \u043d\u0430 \u0442\u0430\u0437\u0438 \u0438\u043d\u0444\u043e\u0440\u043c\u0430\u0446\u0438\u044f \u0438\u043b\u0438 \u043f\u0440\u0435\u0434\u0430\u0432\u0430\u043d\u0435\u0442\u043e \u0439; \u043e\u0442\u0433\u043e\u0432\u043e\u0440\u043d\u043e\u0441\u0442\u0442\u0430 \u0441\u0435 \u043d\u043e\u0441\u0438 \u0438\u0437\u043a\u043b\u044e\u0447\u0438\u0442\u0435\u043b\u043d\u043e \u043e\u0442 \u043e\u043f\u0435\u0440\u0430\u0442\u043e\u0440\u0438\u0442\u0435 \u043d\u0430 \u0441\u0432\u044a\u0440\u0437\u0430\u043d\u0438\u0442\u0435 \u0441\u0442\u0440\u0430\u043d\u0438\u0446\u0438.<\/p><\/div><\/div><\/div><\/div><\/div><\/div><\/div><\/div><\/div>\t\t\t\t\t\t\t\t<\/div>\n\t\t\t\t<\/div>\n\t\t\t\t\t<\/div>\n\t\t<\/div>\n\t\t\t\t\t<\/div>\n\t\t<\/section>\n\t\t\t\t<\/div>","protected":false},"excerpt":{"rendered":"<p>Impressum vom 11.04.2019 Hundertwasser-Schule Schulleitung Heyka H\u00fcbner, Schulleiterin Oststra\u00dfe 44 33332 G\u00fctersloh Telefon: 05241\/505273-10 Telefax: 05241\/505273-31 E-Mail:\u00a0schulleitung.hundertwasser-schule@gt-net.de Schultr\u00e4ger Kreis G\u00fctersloh, vertreten durch den Landrat Kreisverwaltung G\u00fctersloh Herzebrocker Stra\u00dfe 140 33324 G\u00fctersloh Telefon: 05241 85-0 Fax: 05241 85-1200 E-Mail:\u00a0kreis.guetersloh@gt-net.de Wir bem\u00fchen uns, die Inhalte der Seiten aktuell zu halten. F\u00fcr die Richtigkeit, Vollst\u00e4ndigkeit und Aktualit\u00e4t der [&hellip;]<\/p>\n","protected":false},"author":1,"featured_media":0,"parent":0,"menu_order":0,"comment_status":"closed","ping_status":"closed","template":"elementor_header_footer","meta":{"footnotes":""},"class_list":["post-853","page","type-page","status-publish","hentry"],"_links":{"self":[{"href":"https:\/\/hundertwasser-schule.de\/bg_bg\/wp-json\/wp\/v2\/pages\/853","targetHints":{"allow":["GET"]}}],"collection":[{"href":"https:\/\/hundertwasser-schule.de\/bg_bg\/wp-json\/wp\/v2\/pages"}],"about":[{"href":"https:\/\/hundertwasser-schule.de\/bg_bg\/wp-json\/wp\/v2\/types\/page"}],"author":[{"embeddable":true,"href":"https:\/\/hundertwasser-schule.de\/bg_bg\/wp-json\/wp\/v2\/users\/1"}],"replies":[{"embeddable":true,"href":"https:\/\/hundertwasser-schule.de\/bg_bg\/wp-json\/wp\/v2\/comments?post=853"}],"version-history":[{"count":5,"href":"https:\/\/hundertwasser-schule.de\/bg_bg\/wp-json\/wp\/v2\/pages\/853\/revisions"}],"predecessor-version":[{"id":3042,"href":"https:\/\/hundertwasser-schule.de\/bg_bg\/wp-json\/wp\/v2\/pages\/853\/revisions\/3042"}],"wp:attachment":[{"href":"https:\/\/hundertwasser-schule.de\/bg_bg\/wp-json\/wp\/v2\/media?parent=853"}],"curies":[{"name":"wp","href":"https:\/\/api.w.org\/{rel}","templated":true}]}}