{"id":37,"date":"2020-03-31T10:56:02","date_gmt":"2020-03-31T10:56:02","guid":{"rendered":"https:\/\/neu.hundertwasser-schule.de\/?page_id=37"},"modified":"2020-11-24T13:42:37","modified_gmt":"2020-11-24T12:42:37","slug":"auf-einen-blick","status":"publish","type":"page","link":"https:\/\/hundertwasser-schule.de\/cs_cz\/auf-einen-blick\/","title":{"rendered":"P\u0159ehledn\u011b"},"content":{"rendered":"<div data-elementor-type=\"wp-page\" data-elementor-id=\"37\" class=\"elementor elementor-37\" data-elementor-post-type=\"page\">\n\t\t\t\t\t\t<section class=\"elementor-section elementor-top-section elementor-element elementor-element-67358a02 elementor-section-stretched elementor-section-full_width elementor-section-height-default elementor-section-height-default\" data-id=\"67358a02\" data-element_type=\"section\" data-e-type=\"section\" data-settings=\"{&quot;stretch_section&quot;:&quot;section-stretched&quot;}\">\n\t\t\t\t\t\t<div class=\"elementor-container elementor-column-gap-no\">\n\t\t\t\t\t<div class=\"elementor-column elementor-col-100 elementor-top-column elementor-element elementor-element-586636bf\" data-id=\"586636bf\" data-element_type=\"column\" data-e-type=\"column\">\n\t\t\t<div class=\"elementor-widget-wrap elementor-element-populated\">\n\t\t\t\t\t\t<div class=\"elementor-element elementor-element-5ec13e42 elementor-widget elementor-widget-image\" data-id=\"5ec13e42\" data-element_type=\"widget\" data-e-type=\"widget\" data-widget_type=\"image.default\">\n\t\t\t\t<div class=\"elementor-widget-container\">\n\t\t\t\t\t\t\t\t\t\t\t\t\t\t\t<img fetchpriority=\"high\" decoding=\"async\" width=\"1920\" height=\"230\" src=\"http:\/\/hundertwasser-schule.de\/wp-content\/uploads\/2020\/03\/bild1.jpg\" class=\"attachment-full size-full wp-image-108\" alt=\"\" srcset=\"http:\/\/hundertwasser-schule.de\/wp-content\/uploads\/2020\/03\/bild1.jpg 1920w, http:\/\/hundertwasser-schule.de\/wp-content\/uploads\/2020\/03\/bild1-300x36.jpg 300w, http:\/\/hundertwasser-schule.de\/wp-content\/uploads\/2020\/03\/bild1-1024x123.jpg 1024w, http:\/\/hundertwasser-schule.de\/wp-content\/uploads\/2020\/03\/bild1-768x92.jpg 768w, http:\/\/hundertwasser-schule.de\/wp-content\/uploads\/2020\/03\/bild1-1536x184.jpg 1536w, http:\/\/hundertwasser-schule.de\/wp-content\/uploads\/2020\/03\/bild1-20x2.jpg 20w\" sizes=\"(max-width: 1920px) 100vw, 1920px\" \/>\t\t\t\t\t\t\t\t\t\t\t\t\t\t\t<\/div>\n\t\t\t\t<\/div>\n\t\t\t\t\t<\/div>\n\t\t<\/div>\n\t\t\t\t\t<\/div>\n\t\t<\/section>\n\t\t\t\t<section class=\"elementor-section elementor-top-section elementor-element elementor-element-71fa5576 elementor-section-height-min-height elementor-section-boxed elementor-section-height-default elementor-section-items-middle\" data-id=\"71fa5576\" data-element_type=\"section\" data-e-type=\"section\" data-settings=\"{&quot;background_background&quot;:&quot;classic&quot;}\">\n\t\t\t\t\t\t<div class=\"elementor-container elementor-column-gap-default\">\n\t\t\t\t\t<div class=\"elementor-column elementor-col-100 elementor-top-column elementor-element elementor-element-2a0b54c4\" data-id=\"2a0b54c4\" data-element_type=\"column\" data-e-type=\"column\">\n\t\t\t<div class=\"elementor-widget-wrap elementor-element-populated\">\n\t\t\t\t\t\t\t<\/div>\n\t\t<\/div>\n\t\t\t\t\t<\/div>\n\t\t<\/section>\n\t\t\t\t<section class=\"elementor-section elementor-top-section elementor-element elementor-element-4279139d elementor-section-boxed elementor-section-height-default elementor-section-height-default\" data-id=\"4279139d\" data-element_type=\"section\" data-e-type=\"section\">\n\t\t\t\t\t\t<div class=\"elementor-container elementor-column-gap-default\">\n\t\t\t\t\t<div class=\"elementor-column elementor-col-100 elementor-top-column elementor-element elementor-element-51af3ddc\" data-id=\"51af3ddc\" data-element_type=\"column\" data-e-type=\"column\">\n\t\t\t<div class=\"elementor-widget-wrap elementor-element-populated\">\n\t\t\t\t\t\t<div class=\"elementor-element elementor-element-6d210516 elementor-widget elementor-widget-spacer\" data-id=\"6d210516\" data-element_type=\"widget\" data-e-type=\"widget\" data-widget_type=\"spacer.default\">\n\t\t\t\t<div class=\"elementor-widget-container\">\n\t\t\t\t\t\t\t<div class=\"elementor-spacer\">\n\t\t\t<div class=\"elementor-spacer-inner\"><\/div>\n\t\t<\/div>\n\t\t\t\t\t\t<\/div>\n\t\t\t\t<\/div>\n\t\t\t\t\t<\/div>\n\t\t<\/div>\n\t\t\t\t\t<\/div>\n\t\t<\/section>\n\t\t\t\t<section class=\"elementor-section elementor-top-section elementor-element elementor-element-bd49105 elementor-section-boxed elementor-section-height-default elementor-section-height-default\" data-id=\"bd49105\" data-element_type=\"section\" data-e-type=\"section\">\n\t\t\t\t\t\t<div class=\"elementor-container elementor-column-gap-default\">\n\t\t\t\t\t<div class=\"elementor-column elementor-col-100 elementor-top-column elementor-element elementor-element-0a49f76\" data-id=\"0a49f76\" data-element_type=\"column\" data-e-type=\"column\">\n\t\t\t<div class=\"elementor-widget-wrap elementor-element-populated\">\n\t\t\t\t\t\t<div class=\"elementor-element elementor-element-6073bad elementor-widget elementor-widget-text-editor\" data-id=\"6073bad\" data-element_type=\"widget\" data-e-type=\"widget\" data-widget_type=\"text-editor.default\">\n\t\t\t\t<div class=\"elementor-widget-container\">\n\t\t\t\t\t\t\t\t\t<p>Z\u00e1kladn\u00ed my\u0161lenkou Dne otev\u0159en\u00fdch dve\u0159\u00ed na Hundertwasserov\u011b \u0161kole je poskytnout v\u0161em d\u011btem ve \u0161kole co nejlep\u0161\u00ed podporu v oblasti jejich emocion\u00e1ln\u00edho a soci\u00e1ln\u00edho rozvoje v multiprofesn\u00edm prost\u0159ed\u00ed.<\/p><p>Hundertwasserova \u0161kola a SPI spole\u010dn\u011b po\u0159\u00e1daj\u00ed tento celodenn\u00ed otev\u0159en\u00fd den. Celkovou koncepci d\u00e1le rozv\u00edjej\u00ed soci\u00e1ln\u00ed pedagogov\u00e9 otev\u0159en\u00e9 celodenn\u00ed \u0161koly a u\u010ditel\u00e9 \u0161koly.<\/p><p>Soci\u00e1ln\u011b pedagogick\u00e1 denn\u00ed p\u00e9\u010de nab\u00edz\u00ed tyto slu\u017eby:\u00a0<\/p><ul><li>Opat\u0159en\u00ed pro strukturov\u00e1n\u00ed dne<\/li><li>Pr\u00e1ce s rodinou\u00a0<\/li><li>Pomoc s v\u00fdchovou\u00a0<\/li><li>\u00da\u010dast<\/li><li>Konzulta\u010dn\u00ed hodiny pro d\u011bti<\/li><li>\u00darokov\u00e9 financov\u00e1n\u00ed (IF)<\/li><li>Soust\u0159ed\u011bn\u00ed v Marburgu<\/li><\/ul><p>\u00a0<\/p><p>V Denn\u00edm stacion\u00e1\u0159i pro soci\u00e1ln\u00ed pedagogy je poskytov\u00e1na p\u00e9\u010de 54 d\u011btem a jejich rodin\u00e1m s vysok\u00fdm standardem STB. T\u011bchto 54 d\u011bt\u00ed je rozd\u011bleno do \u010dty\u0159 skupin o velikosti 12-15 d\u011bt\u00ed. Doba p\u00e9\u010de je od pond\u011bl\u00ed do \u010dtvrtka od 12:00 do 16:00 hodin a v p\u00e1tek do 15:00 hodin. V dob\u011b \u0161koln\u00edch pr\u00e1zdnin a v p\u0159eklenovac\u00edch dnech nab\u00edz\u00edme spolehlivou pr\u00e1zdninovou p\u00e9\u010di.<\/p><p>T\u00fdm Denn\u00edho stacion\u00e1\u0159e soci\u00e1ln\u00ed pedagogiky tvo\u0159\u00ed soci\u00e1ln\u00ed pedagogov\u00e9, soci\u00e1ln\u00ed pracovn\u00edci, pedagogi\u010dt\u00ed pracovn\u00edci, vychovatel\u00e9 a student\u0161t\u00ed asistenti. Krom\u011b toho maj\u00ed odborn\u00ed pracovn\u00edci dal\u0161\u00ed vzd\u011bl\u00e1n\u00ed v oblasti poradenstv\u00ed zam\u011b\u0159en\u00e9ho na \u0159e\u0161en\u00ed, rodinn\u00e9 terapie, psychomotoriky, z\u00e1\u017eitkov\u00e9 pedagogiky, v\u00fdchovy s pomoc\u00ed zv\u00ed\u0159at a v\u00fdcviku koncentrace. Krom\u011b t\u011bchto z\u00e1kladn\u00edch po\u017eadavk\u016f je d\u016fle\u017eitou sou\u010d\u00e1st\u00ed pr\u00e1ce pravideln\u00e9 dal\u0161\u00ed vzd\u011bl\u00e1v\u00e1n\u00ed a supervize. Ka\u017ed\u00fd u\u010ditel je v r\u00e1mci \"referen\u010dn\u00edho syst\u00e9mu\" kontaktn\u00ed osobou pro jednotliv\u00e9 d\u011bti a jejich rodiny.<\/p><p>Odpoledne se konaj\u00ed individu\u00e1ln\u00ed podp\u016frn\u00e1 sezen\u00ed pro d\u011bti. D\u011bti je nav\u0161t\u011bvuj\u00ed po dobu n\u011bkolika t\u00fddn\u016f.<\/p>\t\t\t\t\t\t\t\t<\/div>\n\t\t\t\t<\/div>\n\t\t\t\t\t<\/div>\n\t\t<\/div>\n\t\t\t\t\t<\/div>\n\t\t<\/section>\n\t\t\t\t<\/div>","protected":false},"excerpt":{"rendered":"<p>Die Grundidee des Offenen Ganztags an der Hundertwasser-Schule ist es, allen Kindern der Schule in einem multiprofessionellem Setting eine m\u00f6glichst optimale F\u00f6rderung im Bereich ihrer emotionalen und sozialen Entwicklung zu erm\u00f6glichen. Hundertwasser-Schule und SPI gestalten diesen Offenen Ganztag gemeinsam. Das Gesamtkonzept wird von den Sozialp\u00e4dagoginnen und Sozialp\u00e4dagogen des Offenen Ganztags sowie den Lehrerinnen und und [&hellip;]<\/p>\n","protected":false},"author":1,"featured_media":0,"parent":0,"menu_order":0,"comment_status":"closed","ping_status":"closed","template":"elementor_header_footer","meta":{"footnotes":""},"class_list":["post-37","page","type-page","status-publish","hentry"],"_links":{"self":[{"href":"https:\/\/hundertwasser-schule.de\/cs_cz\/wp-json\/wp\/v2\/pages\/37","targetHints":{"allow":["GET"]}}],"collection":[{"href":"https:\/\/hundertwasser-schule.de\/cs_cz\/wp-json\/wp\/v2\/pages"}],"about":[{"href":"https:\/\/hundertwasser-schule.de\/cs_cz\/wp-json\/wp\/v2\/types\/page"}],"author":[{"embeddable":true,"href":"https:\/\/hundertwasser-schule.de\/cs_cz\/wp-json\/wp\/v2\/users\/1"}],"replies":[{"embeddable":true,"href":"https:\/\/hundertwasser-schule.de\/cs_cz\/wp-json\/wp\/v2\/comments?post=37"}],"version-history":[{"count":5,"href":"https:\/\/hundertwasser-schule.de\/cs_cz\/wp-json\/wp\/v2\/pages\/37\/revisions"}],"predecessor-version":[{"id":1575,"href":"https:\/\/hundertwasser-schule.de\/cs_cz\/wp-json\/wp\/v2\/pages\/37\/revisions\/1575"}],"wp:attachment":[{"href":"https:\/\/hundertwasser-schule.de\/cs_cz\/wp-json\/wp\/v2\/media?parent=37"}],"curies":[{"name":"wp","href":"https:\/\/api.w.org\/{rel}","templated":true}]}}