{"id":678,"date":"2020-04-13T10:30:06","date_gmt":"2020-04-13T08:30:06","guid":{"rendered":"https:\/\/neu.hundertwasser-schule.de\/?page_id=678"},"modified":"2020-04-13T10:38:17","modified_gmt":"2020-04-13T08:38:17","slug":"anmeldeverfahren","status":"publish","type":"page","link":"https:\/\/hundertwasser-schule.de\/cs_cz\/anmeldeverfahren\/","title":{"rendered":"Postup pod\u00e1v\u00e1n\u00ed \u017e\u00e1dost\u00ed"},"content":{"rendered":"<div data-elementor-type=\"wp-page\" data-elementor-id=\"678\" class=\"elementor elementor-678\" data-elementor-post-type=\"page\">\n\t\t\t\t\t\t<section class=\"elementor-section elementor-top-section elementor-element elementor-element-46a8bb91 elementor-section-stretched elementor-section-full_width elementor-section-height-default elementor-section-height-default\" data-id=\"46a8bb91\" data-element_type=\"section\" data-e-type=\"section\" data-settings=\"{&quot;stretch_section&quot;:&quot;section-stretched&quot;}\">\n\t\t\t\t\t\t<div class=\"elementor-container elementor-column-gap-no\">\n\t\t\t\t\t<div class=\"elementor-column elementor-col-100 elementor-top-column elementor-element elementor-element-669f9052\" data-id=\"669f9052\" data-element_type=\"column\" data-e-type=\"column\">\n\t\t\t<div class=\"elementor-widget-wrap elementor-element-populated\">\n\t\t\t\t\t\t<div class=\"elementor-element elementor-element-ba37478 elementor-widget elementor-widget-image\" data-id=\"ba37478\" data-element_type=\"widget\" data-e-type=\"widget\" data-widget_type=\"image.default\">\n\t\t\t\t<div class=\"elementor-widget-container\">\n\t\t\t\t\t\t\t\t\t\t\t\t\t\t\t<img fetchpriority=\"high\" decoding=\"async\" width=\"1920\" height=\"230\" src=\"https:\/\/hundertwasser-schule.de\/wp-content\/uploads\/2020\/03\/bild1.jpg\" class=\"attachment-full size-full wp-image-108\" alt=\"\" srcset=\"https:\/\/hundertwasser-schule.de\/wp-content\/uploads\/2020\/03\/bild1.jpg 1920w, https:\/\/hundertwasser-schule.de\/wp-content\/uploads\/2020\/03\/bild1-300x36.jpg 300w, https:\/\/hundertwasser-schule.de\/wp-content\/uploads\/2020\/03\/bild1-1024x123.jpg 1024w, https:\/\/hundertwasser-schule.de\/wp-content\/uploads\/2020\/03\/bild1-768x92.jpg 768w, https:\/\/hundertwasser-schule.de\/wp-content\/uploads\/2020\/03\/bild1-1536x184.jpg 1536w, https:\/\/hundertwasser-schule.de\/wp-content\/uploads\/2020\/03\/bild1-20x2.jpg 20w\" sizes=\"(max-width: 1920px) 100vw, 1920px\" \/>\t\t\t\t\t\t\t\t\t\t\t\t\t\t\t<\/div>\n\t\t\t\t<\/div>\n\t\t\t\t\t<\/div>\n\t\t<\/div>\n\t\t\t\t\t<\/div>\n\t\t<\/section>\n\t\t\t\t<section class=\"elementor-section elementor-top-section elementor-element elementor-element-4fdc03db elementor-section-height-min-height elementor-section-boxed elementor-section-height-default elementor-section-items-middle\" data-id=\"4fdc03db\" data-element_type=\"section\" data-e-type=\"section\" data-settings=\"{&quot;background_background&quot;:&quot;classic&quot;}\">\n\t\t\t\t\t\t<div class=\"elementor-container elementor-column-gap-default\">\n\t\t\t\t\t<div class=\"elementor-column elementor-col-100 elementor-top-column elementor-element elementor-element-d0b6535\" data-id=\"d0b6535\" data-element_type=\"column\" data-e-type=\"column\">\n\t\t\t<div class=\"elementor-widget-wrap elementor-element-populated\">\n\t\t\t\t\t\t\t<\/div>\n\t\t<\/div>\n\t\t\t\t\t<\/div>\n\t\t<\/section>\n\t\t\t\t<section class=\"elementor-section elementor-top-section elementor-element elementor-element-14c58b56 elementor-section-boxed elementor-section-height-default elementor-section-height-default\" data-id=\"14c58b56\" data-element_type=\"section\" data-e-type=\"section\">\n\t\t\t\t\t\t<div class=\"elementor-container elementor-column-gap-default\">\n\t\t\t\t\t<div class=\"elementor-column elementor-col-100 elementor-top-column elementor-element elementor-element-6c11e110\" data-id=\"6c11e110\" data-element_type=\"column\" data-e-type=\"column\">\n\t\t\t<div class=\"elementor-widget-wrap elementor-element-populated\">\n\t\t\t\t\t\t<div class=\"elementor-element elementor-element-22c0802d elementor-widget elementor-widget-spacer\" data-id=\"22c0802d\" data-element_type=\"widget\" data-e-type=\"widget\" data-widget_type=\"spacer.default\">\n\t\t\t\t<div class=\"elementor-widget-container\">\n\t\t\t\t\t\t\t<div class=\"elementor-spacer\">\n\t\t\t<div class=\"elementor-spacer-inner\"><\/div>\n\t\t<\/div>\n\t\t\t\t\t\t<\/div>\n\t\t\t\t<\/div>\n\t\t\t\t\t<\/div>\n\t\t<\/div>\n\t\t\t\t\t<\/div>\n\t\t<\/section>\n\t\t\t\t<section class=\"elementor-section elementor-top-section elementor-element elementor-element-0bc5372 elementor-section-boxed elementor-section-height-default elementor-section-height-default\" data-id=\"0bc5372\" data-element_type=\"section\" data-e-type=\"section\">\n\t\t\t\t\t\t<div class=\"elementor-container elementor-column-gap-default\">\n\t\t\t\t\t<div class=\"elementor-column elementor-col-100 elementor-top-column elementor-element elementor-element-5e0cab2\" data-id=\"5e0cab2\" data-element_type=\"column\" data-e-type=\"column\">\n\t\t\t<div class=\"elementor-widget-wrap elementor-element-populated\">\n\t\t\t\t\t\t<div class=\"elementor-element elementor-element-1b5a810 elementor-drop-cap-yes elementor-drop-cap-view-default elementor-widget elementor-widget-text-editor\" data-id=\"1b5a810\" data-element_type=\"widget\" data-e-type=\"widget\" data-settings=\"{&quot;drop_cap&quot;:&quot;yes&quot;}\" data-widget_type=\"text-editor.default\">\n\t\t\t\t<div class=\"elementor-widget-container\">\n\t\t\t\t\t\t\t\t\t<div class=\"wpb_text_column wpb_content_element\"><div class=\"wpb_wrapper\"><p>\u017d\u00e1ci mohou b\u00fdt do Hundertwasserovy \u0161koly zaps\u00e1ni pouze tehdy, pokud se rodi\u010de rozhodli nav\u0161t\u011bvovat speci\u00e1ln\u00ed \u0161kolu a \u0161kolsk\u00fd \u00fa\u0159ad v rozhodnut\u00ed stanovil speci\u00e1ln\u00ed vzd\u011bl\u00e1vac\u00ed pot\u0159eby.<\/p><p>Od za\u010d\u00e1tku \u0161koln\u00edho roku 2014\/15 plat\u00ed v Severn\u00edm Por\u00fdn\u00ed-Vestf\u00e1lsku 9. novela \u0161kolsk\u00e9ho z\u00e1kona. Upravuje svobodu volby \u017e\u00e1k\u016f se speci\u00e1ln\u00edmi vzd\u011bl\u00e1vac\u00edmi pot\u0159ebami nav\u0161t\u011bvovat \u0161kolu spole\u010dn\u00e9ho vzd\u011bl\u00e1v\u00e1n\u00ed nebo speci\u00e1ln\u00ed \u0161kolu.<\/p><p>V p\u0159\u00edpad\u011b, \u017ee se rodi\u010de d\u00edt\u011bte se speci\u00e1ln\u00edmi vzd\u011bl\u00e1vac\u00edmi pot\u0159ebami rozhodnou nav\u0161t\u011bvovat z\u00e1kladn\u00ed \u0161kolu se spole\u010dn\u00fdm vzd\u011bl\u00e1v\u00e1n\u00edm, nemus\u00ed b\u00fdt speci\u00e1ln\u00ed vzd\u011bl\u00e1vac\u00ed pot\u0159eby zpo\u010d\u00e1tku stanoveny.\u00a0<\/p><p>V p\u0159\u00edpad\u011b, \u017ee rodi\u010de d\u00edt\u011bte se speci\u00e1ln\u00edmi pot\u0159ebami podpory uva\u017euj\u00ed o n\u00e1v\u0161t\u011bv\u011b speci\u00e1ln\u00ed \u0161koly, je t\u0159eba, aby<strong>\u00a0Ur\u010den\u00ed speci\u00e1ln\u00edch vzd\u011bl\u00e1vac\u00edch pot\u0159eb<\/strong>\u00a0ale absolutn\u00ed podm\u00ednkou.<\/p><p>Speci\u00e1ln\u00ed vzd\u011bl\u00e1vac\u00ed pot\u0159eby ur\u010duje \u0161kolsk\u00fd \u00fa\u0159ad na z\u00e1klad\u011b pedagogick\u00e9 zpr\u00e1vy. Postup, v jeho\u017e r\u00e1mci se tyto hodnoty ur\u010duj\u00ed, se naz\u00fdv\u00e1 AO-SF (<strong>A<\/strong>Vzd\u011bl\u00e1v\u00e1n\u00ed<strong>o<\/strong>rdnung\u00a0<strong>S<\/strong>onderp\u00e4dagogische\u00a0<strong>F<\/strong>s podporou). O tento postup mohou rodi\u010de zpravidla po\u017e\u00e1dat pouze prost\u0159ednictv\u00edm p\u0159\u00edslu\u0161n\u00e9 z\u00e1kladn\u00ed \u0161koly v kancel\u00e1\u0159i \u0161koly. Pot\u0159ebn\u00e9 formul\u00e1\u0159e jsou k dispozici v sekretari\u00e1tu z\u00e1kladn\u00ed \u0161koly. Po zah\u00e1jen\u00ed \u0159\u00edzen\u00ed podle AO-SF pov\u011b\u0159\u00ed \u0161kolsk\u00fd \u00fa\u0159ad dva odborn\u00edky (1 u\u010ditel Z\u0160 a 1 u\u010ditel speci\u00e1ln\u00ed \u0161koly), kte\u0159\u00ed spole\u010dn\u011b vypracuj\u00ed pedagogickou zpr\u00e1vu o pot\u0159eb\u011b podpory d\u00edt\u011bte. Pokud ze zpr\u00e1vy vypl\u00fdv\u00e1, \u017ee m\u00e1 b\u00fdt stanovena speci\u00e1ln\u00ed vzd\u011bl\u00e1vac\u00ed pot\u0159eba podpory, obsahuje tato zpr\u00e1va tak\u00e9 n\u00e1vrh m\u00edsta podpory. Rodi\u010de jsou od po\u010d\u00e1tku a ve velk\u00e9 m\u00ed\u0159e zapojeni do procesu hodnocen\u00ed i do v\u00fdsledku hodnocen\u00ed. \u0160kolsk\u00fd \u00fa\u0159ad pak rozhoduje na z\u00e1klad\u011b pedagogick\u00e9 zpr\u00e1vy a p\u0159\u00e1n\u00ed rodi\u010d\u016f.\u00a0<\/p><p>Pokud \u0161kolsk\u00fd \u00fa\u0159ad stanovil pot\u0159ebu speci\u00e1ln\u00ed pedagogick\u00e9 podpory a rodi\u010de si p\u0159ej\u00ed zapsat sv\u00e9 d\u00edt\u011b do Hundertwasserovy \u0161koly, mohou rodi\u010de sv\u00e9 d\u00edt\u011b do Hundertwasserovy \u0161koly zapsat s p\u0159\u00edslu\u0161n\u00fdm rozhodnut\u00edm \u0161kolsk\u00e9ho \u00fa\u0159adu.<\/p><\/div><\/div>\t\t\t\t\t\t\t\t<\/div>\n\t\t\t\t<\/div>\n\t\t\t\t\t<\/div>\n\t\t<\/div>\n\t\t\t\t\t<\/div>\n\t\t<\/section>\n\t\t\t\t<section class=\"elementor-section elementor-top-section elementor-element elementor-element-fd30a77 elementor-section-boxed elementor-section-height-default elementor-section-height-default\" data-id=\"fd30a77\" data-element_type=\"section\" data-e-type=\"section\">\n\t\t\t\t\t\t<div class=\"elementor-container elementor-column-gap-default\">\n\t\t\t\t\t<div class=\"elementor-column elementor-col-100 elementor-top-column elementor-element elementor-element-57ace9f\" data-id=\"57ace9f\" data-element_type=\"column\" data-e-type=\"column\">\n\t\t\t<div class=\"elementor-widget-wrap elementor-element-populated\">\n\t\t\t\t\t\t<div class=\"elementor-element elementor-element-cc597d9 elementor-widget elementor-widget-spacer\" data-id=\"cc597d9\" data-element_type=\"widget\" data-e-type=\"widget\" data-widget_type=\"spacer.default\">\n\t\t\t\t<div class=\"elementor-widget-container\">\n\t\t\t\t\t\t\t<div class=\"elementor-spacer\">\n\t\t\t<div class=\"elementor-spacer-inner\"><\/div>\n\t\t<\/div>\n\t\t\t\t\t\t<\/div>\n\t\t\t\t<\/div>\n\t\t\t\t\t<\/div>\n\t\t<\/div>\n\t\t\t\t\t<\/div>\n\t\t<\/section>\n\t\t\t\t<\/div>","protected":false},"excerpt":{"rendered":"<p>An der Hundertwasser-Schule k\u00f6nnen Sch\u00fclerinnen und Sch\u00fcler nur angemeldet werden, wenn Eltern sich f\u00fcr den Besuch einer F\u00f6rderschule entschieden haben und das Schulamt den sonderp\u00e4dagogischen F\u00f6rderbedarf in einem Bescheid festgestellt hat. Seit Beginn des Schuljahres 2014\/15 gilt in NRW das 9. Schulrechts\u00e4nderungsgesetz. Darin ist f\u00fcr\u00a0Sch\u00fclerinnen und Sch\u00fcler mit sonderp\u00e4dagogischem Unterst\u00fctzungsbedarf die Wahlfreiheit in der Beschulung [&hellip;]<\/p>\n","protected":false},"author":1,"featured_media":0,"parent":0,"menu_order":0,"comment_status":"closed","ping_status":"closed","template":"elementor_header_footer","meta":{"footnotes":""},"class_list":["post-678","page","type-page","status-publish","hentry"],"_links":{"self":[{"href":"https:\/\/hundertwasser-schule.de\/cs_cz\/wp-json\/wp\/v2\/pages\/678","targetHints":{"allow":["GET"]}}],"collection":[{"href":"https:\/\/hundertwasser-schule.de\/cs_cz\/wp-json\/wp\/v2\/pages"}],"about":[{"href":"https:\/\/hundertwasser-schule.de\/cs_cz\/wp-json\/wp\/v2\/types\/page"}],"author":[{"embeddable":true,"href":"https:\/\/hundertwasser-schule.de\/cs_cz\/wp-json\/wp\/v2\/users\/1"}],"replies":[{"embeddable":true,"href":"https:\/\/hundertwasser-schule.de\/cs_cz\/wp-json\/wp\/v2\/comments?post=678"}],"version-history":[{"count":3,"href":"https:\/\/hundertwasser-schule.de\/cs_cz\/wp-json\/wp\/v2\/pages\/678\/revisions"}],"predecessor-version":[{"id":704,"href":"https:\/\/hundertwasser-schule.de\/cs_cz\/wp-json\/wp\/v2\/pages\/678\/revisions\/704"}],"wp:attachment":[{"href":"https:\/\/hundertwasser-schule.de\/cs_cz\/wp-json\/wp\/v2\/media?parent=678"}],"curies":[{"name":"wp","href":"https:\/\/api.w.org\/{rel}","templated":true}]}}