{"id":851,"date":"2020-04-14T08:16:03","date_gmt":"2020-04-14T06:16:03","guid":{"rendered":"https:\/\/neu.hundertwasser-schule.de\/?page_id=851"},"modified":"2020-04-14T12:17:52","modified_gmt":"2020-04-14T10:17:52","slug":"presseinfo-2","status":"publish","type":"page","link":"https:\/\/hundertwasser-schule.de\/cs_cz\/presseinfo-2\/","title":{"rendered":"Tiskov\u00e1 zpr\u00e1va"},"content":{"rendered":"<div data-elementor-type=\"wp-page\" data-elementor-id=\"851\" class=\"elementor elementor-851\" data-elementor-post-type=\"page\">\n\t\t\t\t\t\t<section class=\"elementor-section elementor-top-section elementor-element elementor-element-3c74706b elementor-section-stretched elementor-section-full_width elementor-section-height-default elementor-section-height-default\" data-id=\"3c74706b\" data-element_type=\"section\" data-e-type=\"section\" data-settings=\"{&quot;stretch_section&quot;:&quot;section-stretched&quot;}\">\n\t\t\t\t\t\t<div class=\"elementor-container elementor-column-gap-no\">\n\t\t\t\t\t<div class=\"elementor-column elementor-col-100 elementor-top-column elementor-element elementor-element-50667664\" data-id=\"50667664\" data-element_type=\"column\" data-e-type=\"column\">\n\t\t\t<div class=\"elementor-widget-wrap elementor-element-populated\">\n\t\t\t\t\t\t<div class=\"elementor-element elementor-element-64027a3a elementor-widget elementor-widget-image\" data-id=\"64027a3a\" data-element_type=\"widget\" data-e-type=\"widget\" data-widget_type=\"image.default\">\n\t\t\t\t<div class=\"elementor-widget-container\">\n\t\t\t\t\t\t\t\t\t\t\t\t\t\t\t<img fetchpriority=\"high\" decoding=\"async\" width=\"1920\" height=\"230\" src=\"http:\/\/hundertwasser-schule.de\/wp-content\/uploads\/2020\/03\/bild1.jpg\" class=\"attachment-full size-full wp-image-108\" alt=\"\" srcset=\"http:\/\/hundertwasser-schule.de\/wp-content\/uploads\/2020\/03\/bild1.jpg 1920w, http:\/\/hundertwasser-schule.de\/wp-content\/uploads\/2020\/03\/bild1-300x36.jpg 300w, http:\/\/hundertwasser-schule.de\/wp-content\/uploads\/2020\/03\/bild1-1024x123.jpg 1024w, http:\/\/hundertwasser-schule.de\/wp-content\/uploads\/2020\/03\/bild1-768x92.jpg 768w, http:\/\/hundertwasser-schule.de\/wp-content\/uploads\/2020\/03\/bild1-1536x184.jpg 1536w, http:\/\/hundertwasser-schule.de\/wp-content\/uploads\/2020\/03\/bild1-20x2.jpg 20w\" sizes=\"(max-width: 1920px) 100vw, 1920px\" \/>\t\t\t\t\t\t\t\t\t\t\t\t\t\t\t<\/div>\n\t\t\t\t<\/div>\n\t\t\t\t\t<\/div>\n\t\t<\/div>\n\t\t\t\t\t<\/div>\n\t\t<\/section>\n\t\t\t\t<section class=\"elementor-section elementor-top-section elementor-element elementor-element-4f9a8843 elementor-section-height-min-height elementor-section-boxed elementor-section-height-default elementor-section-items-middle\" data-id=\"4f9a8843\" data-element_type=\"section\" data-e-type=\"section\" data-settings=\"{&quot;background_background&quot;:&quot;classic&quot;}\">\n\t\t\t\t\t\t<div class=\"elementor-container elementor-column-gap-default\">\n\t\t\t\t\t<div class=\"elementor-column elementor-col-100 elementor-top-column elementor-element elementor-element-17041e88\" data-id=\"17041e88\" data-element_type=\"column\" data-e-type=\"column\">\n\t\t\t<div class=\"elementor-widget-wrap elementor-element-populated\">\n\t\t\t\t\t\t\t<\/div>\n\t\t<\/div>\n\t\t\t\t\t<\/div>\n\t\t<\/section>\n\t\t\t\t<section class=\"elementor-section elementor-top-section elementor-element elementor-element-47dc2325 elementor-section-boxed elementor-section-height-default elementor-section-height-default\" data-id=\"47dc2325\" data-element_type=\"section\" data-e-type=\"section\">\n\t\t\t\t\t\t<div class=\"elementor-container elementor-column-gap-default\">\n\t\t\t\t\t<div class=\"elementor-column elementor-col-100 elementor-top-column elementor-element elementor-element-699a63e7\" data-id=\"699a63e7\" data-element_type=\"column\" data-e-type=\"column\">\n\t\t\t<div class=\"elementor-widget-wrap elementor-element-populated\">\n\t\t\t\t\t\t<div class=\"elementor-element elementor-element-74cdb4ae elementor-widget elementor-widget-spacer\" data-id=\"74cdb4ae\" data-element_type=\"widget\" data-e-type=\"widget\" data-widget_type=\"spacer.default\">\n\t\t\t\t<div class=\"elementor-widget-container\">\n\t\t\t\t\t\t\t<div class=\"elementor-spacer\">\n\t\t\t<div class=\"elementor-spacer-inner\"><\/div>\n\t\t<\/div>\n\t\t\t\t\t\t<\/div>\n\t\t\t\t<\/div>\n\t\t\t\t\t<\/div>\n\t\t<\/div>\n\t\t\t\t\t<\/div>\n\t\t<\/section>\n\t\t\t\t<section class=\"elementor-section elementor-top-section elementor-element elementor-element-8a7cbd4 elementor-section-boxed elementor-section-height-default elementor-section-height-default\" data-id=\"8a7cbd4\" data-element_type=\"section\" data-e-type=\"section\">\n\t\t\t\t\t\t<div class=\"elementor-container elementor-column-gap-default\">\n\t\t\t\t\t<div class=\"elementor-column elementor-col-100 elementor-top-column elementor-element elementor-element-99a22aa\" data-id=\"99a22aa\" data-element_type=\"column\" data-e-type=\"column\">\n\t\t\t<div class=\"elementor-widget-wrap elementor-element-populated\">\n\t\t\t\t\t\t<div class=\"elementor-element elementor-element-082071a elementor-widget elementor-widget-text-editor\" data-id=\"082071a\" data-element_type=\"widget\" data-e-type=\"widget\" data-widget_type=\"text-editor.default\">\n\t\t\t\t<div class=\"elementor-widget-container\">\n\t\t\t\t\t\t\t\t\t<p><em>Zve\u0159ejn\u011bno s laskav\u00fdm svolen\u00edm spole\u010dnosti Bell<\/em><\/p><p><strong>M\u00edsto, kde se m\u016f\u017eete dob\u0159e u\u010dit a \u017e\u00edt\u00a0\u00a0\u00a0<\/strong><br \/>G\u00fctersloh (bit). Hl\u00e1s\u00ed to d\u011btsk\u00e9 autobusov\u00e9 bubny a \u0159editel \u0161koly Gerhard Dickers je pot\u011b\u0161en: Hundertwasserova \u0161kola se speci\u00e1ln\u00edm zam\u011b\u0159en\u00edm na emocion\u00e1ln\u00ed a soci\u00e1ln\u00ed rozvoj na prvn\u00edm stupni \"na\u0161la skute\u010dn\u00fd domov\" na m\u00edst\u011b b\u00fdval\u00e9 \u0161koly Volkening na Holzstra\u00dfe v G\u00fcterslohu. \"M\u00edsto u\u010den\u00ed a \u017eivota, kde se mus\u00edte c\u00edtit jako doma\".<br \/>Po p\u0159estavb\u011b a architektonicky v\u00fdrazn\u00e9 p\u0159\u00edstavb\u011b hovo\u0159ila starostka Maria Ungerov\u00e1 o velk\u00e9m dni pro \u017e\u00e1ky i m\u011bsto. \u0160kola Hundertwasser, kter\u00e1 byla zalo\u017eena p\u0159ed p\u011bti lety pod z\u00e1\u0161titou okresu G\u00fctersloh ve \u0161kole Edith Stein, se pozd\u011bji p\u0159est\u011bhovala do sousedstv\u00ed V\u0161eobecn\u00e9 \u0161koly Anny Frankov\u00e9 a od roku 2006 je obecn\u00ed \u0161kolou. Unger pouk\u00e1zal na bohatost barev um\u011blce, kter\u00fd dal \u0161kole jm\u00e9no. Oslovuje \u017e\u00e1ky, kte\u0159\u00ed hledaj\u00ed kreativitu. V jeho \"de\u0161\u0165ov\u00e9 kapce padaj\u00edc\u00ed do m\u011bsta\" by d\u011bti na\u0161ly paralely sv\u00fdch p\u0159\u00e1n\u00ed, \u0159ekl starosta.<br \/>Ministryn\u011b \u0161kolstv\u00ed SRN Barbara Sommerov\u00e1 jako host zd\u016fraznila vazbu na m\u011bsto a okres G\u00fctersloh, kde p\u016fsobila jako \u0161koln\u00ed radn\u00ed. Cht\u011bla v\u00e9st dialog s d\u011btmi, ale ty u\u017e byly ve \u0161koln\u00edm autobuse. Pak cht\u011bla mluvit o Hundertwasserovi. Unger ji p\u0159edb\u011bhl. P\u0159esto ministr z\u016fstal s um\u011blcem, kter\u00fd svou lod\u00ed podn\u011bcoval fantazii chlapc\u016f a d\u00edvek. \u017divot m\u00e1 sv\u00e9 temn\u00e9 i sv\u011btl\u00e9 str\u00e1nky. Sommer c\u00edtil vd\u011b\u010dnost za Hundertwassera, kter\u00fd v\u017edy brojil proti p\u0159\u00edmce, a za jeho barevn\u00e9 obrazy.<br \/>\"Jeden \u0159editel, jedna kolegyn\u011b a p\u011bt chlapc\u016f,\" popsal Dickers za\u010d\u00e1tky v dialogu s touto prvn\u00ed kolegyn\u00ed Kerstin Richterovou. \"Nebyli jsme ani trpasli\u010d\u00ed \u0161kola a trochu se n\u00e1m sm\u00e1li,\" vzpom\u00ednal \u0159editel. Pod\u011bkoval za podporu vedouc\u00edmu \u0161kolsk\u00e9ho odboru Siegfriedu Lieskemu v Detmoldu a \u010dlenu \u0161kolsk\u00e9 rady Hartmutu Stieghorstovi z okresn\u00edho \u00fa\u0159adu. P\u0159esun do m\u011bsta G\u00fctersloh v roce 2006 ozna\u010dil za \u0161\u0165astn\u00fd okam\u017eik, proto\u017ee m\u011bsto pr\u00e1v\u011b uva\u017eovalo o komplexn\u00edm otev\u0159en\u00ed celodenn\u00edch \u0161kol. Sou\u010dasnou podobu Hundertwasserovy \u0161koly jako celodenn\u00edho za\u0159\u00edzen\u00ed se zam\u011b\u0159en\u00edm na soci\u00e1ln\u00ed v\u00fdchovu ve spolupr\u00e1ci s m\u011bstsk\u00fdmi odbory \u0161kolstv\u00ed a ml\u00e1de\u017ee pova\u017euje Dockers za modelov\u00fd p\u0159\u00edpad.<br \/>Mezi hosty byla Ursula Doppmeier MdL a prezidentka okresu Marianne Thomann-Stahl. Vz\u00e1cn\u00fdm hostem byla Lisa Weberov\u00e1 (92). Osmdes\u00e1t let \u017eila v u\u010ditelsk\u00e9m byt\u011b ve Volkeningov\u011b \u0161kole, kde byl jej\u00ed otec \u0159editelem a ona sama u\u010dila 30 let.<br \/>(Publikov\u00e1no 15.09.2007 v Die Glocke)<\/p><p><em>Zve\u0159ejn\u011bno s laskav\u00fdm svolen\u00edm den\u00edku Westfalen Blatt<\/em><\/p><p><strong>Pojmenov\u00e1no po multitalentu<\/strong><br \/>Dnes byla slavnostn\u011b otev\u0159ena Hundertwasserova \u0161kola<br \/>Je pojmenov\u00e1na po um\u011blci, multitalentu a ekologovi Hundertwasserovi a nese n\u00e1zev \"F\u00f6rderschule der Stadt G\u00fctersloh\" (zvl\u00e1\u0161tn\u00ed \u0161kola m\u011bsta G\u00fctersloh). Po zm\u011bn\u011b s\u00eddla na\u0161la tato specializovan\u00e1 \u0161kola sv\u016fj nov\u00fd domov na adrese Holzstra\u00dfe 30.<br \/>\u0160kola pat\u0159\u00ed m\u011bstu od 1. srpna 2006. V roce 2002 byla zalo\u017eena jako \u0161kola pro podporu vzd\u011bl\u00e1v\u00e1n\u00ed okresu G\u00fctersloh s t\u0159\u00eddou p\u011bti \u017e\u00e1k\u016f a u\u010ditelem pro speci\u00e1ln\u00ed vzd\u011bl\u00e1v\u00e1n\u00ed a nyn\u00ed s\u00eddl\u00ed na adrese Holzstra\u00dfe.<br \/>Nov\u00e1 \u0161koln\u00ed budova bude slavnostn\u011b otev\u0159ena dnes, v p\u00e1tek, ve 14.30 hodin. O\u010dek\u00e1v\u00e1 se \u00fa\u010dast ministryn\u011b \u0161kolstv\u00ed spolkov\u00e9 zem\u011b Severn\u00ed Por\u00fdn\u00ed-Vestf\u00e1lsko Barbary Sommerov\u00e9. V prezentaci nazvan\u00e9 \"P\u011bt let Hundertwasserovy \u0161koly\" zhodnot\u00ed \u0159editel Gerhard Dickers v\u00fdvoj \u0161koly a nast\u00edn\u00ed jej\u00ed perspektivy. Siegfried Lieske, vedouc\u00ed \u0161kolsk\u00e9ho odboru v Detmoldu, p\u0159ednese prezentaci o Hundertwasserov\u011b \u0161kole v kontextu m\u011bn\u00edc\u00edho se \u0161kolsk\u00e9ho prost\u0159ed\u00ed. Ofici\u00e1ln\u00ed program bude zakon\u010den prohl\u00eddkou \u0161koly.<br \/>Nov\u00e9 um\u00edst\u011bn\u00ed d\u011bl\u00e1 tlustou \u010d\u00e1ru za prozat\u00edmn\u00edmi opat\u0159en\u00edmi: V letech 2002-2004 s\u00eddlila zvl\u00e1\u0161tn\u00ed \u0161kola ve \u0161kole Edith Stein a v letech 2004-2007 v provizorn\u00edm um\u00edst\u011bn\u00ed ve \u0161kole Anny Frankov\u00e9. P\u0159esto t\u00fdm u\u010ditel\u016f neust\u00e1le pracoval na rozvoji t\u00e9to \u0161koly. Od za\u010d\u00e1tku \u0161koln\u00edho roku 2007\/2008 bude zvl\u00e1\u0161tn\u00ed \u0161kola fungovat jako celodenn\u00ed. T\u00edmto zp\u016fsobem chce Hundertwasserova \u0161kola podpo\u0159it emocion\u00e1ln\u00ed a soci\u00e1ln\u00ed rozvoj sv\u00fdch p\u0159ibli\u017en\u011b 50 \u017e\u00e1k\u016f. Odpov\u011bdn\u00e9 osoby podepsaly odpov\u00eddaj\u00edc\u00ed dohodu se Sozialp\u00e4dagogisches und Psychomotorisches Institut G\u00fctersloh (SPI) a m\u011bstem G\u00fctersloh. Celodenn\u00ed p\u00e9\u010di p\u0159evzal poskytovatel, se kter\u00fdm odbor pro ml\u00e1de\u017e ji\u017e l\u00e9ta spolupracuje v oblasti rehabilitace a podpory vzd\u011bl\u00e1v\u00e1n\u00ed. M\u011bsto investovalo t\u0159i miliony eur do p\u0159\u00edstavby b\u00fdval\u00e9 \u0161koly Volkening. \u017d\u00e1dn\u00e9 p\u0159\u00edmky: Fas\u00e1da v zadn\u00ed \u010d\u00e1sti b\u00fdval\u00e9 Volkeningovy \u0161koly byla navr\u017eena v duchu um\u011blce Hundertwassera pro \u0161kolu, kter\u00e1 nese jeho jm\u00e9no.<br \/>(Publikov\u00e1no 14.09.2007 v den\u00edku Westfalen-Blatt)<\/p><p><em>Zve\u0159ejn\u011bno s laskav\u00fdm svolen\u00edm den\u00edku Westfalen Blatt\u00a0<\/em><\/p><p><strong>Sv\u011bt d\u011bt\u00ed nen\u00ed v\u017edy pestr\u00fd<\/strong><br \/><strong>Slavnostn\u00ed otev\u0159en\u00ed Hundertwasserovy \u0161koly<\/strong><br \/>Michael Delker<\/p><p>\u0158editel \u0161koly Gerhard Dicker dostal od starostky Marie Ungerov\u00e9 jako d\u00e1rek zmen\u0161eninu Hundertwasserova domu. Ministryn\u011b \u0161kolstv\u00ed Barbara Sommerov\u00e1 pronesla p\u0159i inauguraci pozdravn\u00e9 slovo.<\/p><p>G\u00fctersloh (WB) Doba provizori\u00ed skon\u010dila. Pot\u00e9, co byla b\u00fdval\u00e1 \u0161kola Volkening roz\u0161\u00ed\u0159ena o p\u0159\u00edstavbu, mohla \u0161kola Hundertwasser v p\u00e1tek odpoledne slavnostn\u011b otev\u0159\u00edt sv\u00e9 nov\u00e9 s\u00eddlo. Po letech str\u00e1ven\u00fdch ve \u0161kole Edith Stein a v provizorn\u00ed budov\u011b \u0161koly Anny Frankov\u00e9 na\u0161la zvl\u00e1\u0161tn\u00ed \u0161kola kone\u010dn\u011b sv\u016fj domov. V\u00fdznam tohoto kroku pro d\u011bti, rodi\u010de a u\u010ditele jasn\u011b uk\u00e1zal d\u00e1rek starostky Marie Ungerov\u00e9: \u0159editeli \u0161koly Gerhardu Dickersovi v\u011bnovala Hundertwasser\u016fv dome\u010dek v miniatu\u0159e - lze jej pou\u017e\u00edt jako pta\u010d\u00ed budku.<\/p><p>Uv\u00edtac\u00ed \u0159e\u010d pronesla ministryn\u011b \u0161kolstv\u00ed Severn\u00edho Por\u00fdn\u00ed-Vestf\u00e1lska Barbara Sommerov\u00e1, kter\u00e1 v minulosti pracovala jako \u0161koln\u00ed radn\u00ed v okrese G\u00fctersloh (\"Tady jsem za\u017eila sv\u00e9 nejlep\u0161\u00ed profesn\u00ed obdob\u00ed\"). Pozvan\u00fdm host\u016fm sd\u011blila, \u017ee um\u011blec Friedensreich Hundertwasser si dal za sv\u00e9ho \u017eivota jm\u00e9no \"Dunkelbunt\". \"Tento n\u00e1zev se dob\u0159e hod\u00ed k d\u011btem, kter\u00e9 sem chod\u00ed do \u0161koly. Jejich sv\u011bt nen\u00ed v\u017edy pestr\u00fd,\" \u0159ekla Barbara Sommerov\u00e1. Hundertwasserova \u0161kola si klade za c\u00edl podporovat emocion\u00e1ln\u00ed a soci\u00e1ln\u00ed rozvoj d\u011bt\u00ed, kter\u00e9 si neum\u011bj\u00ed poradit v b\u011b\u017en\u00e9m typu \u0161koly.<\/p><p>Gerhard Dickers v rozhovoru se svou kolegyn\u00ed Kerstin Richterovou vzpom\u00ednal na zalo\u017een\u00ed \u0161koly p\u0159ed p\u011bti lety. V t\u00e9 dob\u011b zde bylo pouze p\u011bt \u017e\u00e1k\u016f a \"byli jsme pravd\u011bpodobn\u011b nejmen\u0161\u00ed \u0161kolou v Severn\u00edm Por\u00fdn\u00ed-Vestf\u00e1lsku\". Od t\u00e9 doby se \u0161kola pomalu rozv\u00edj\u00ed, a to je dob\u0159e.<\/p><p>(Zve\u0159ejn\u011bno 15.09.2007 v den\u00edku Westfalen-Blatt)<\/p><p><em>Zve\u0159ejn\u011bno s laskav\u00fdm svolen\u00edm NW - Neue Westf\u00e4lische\u00a0<\/em><big><big><small><br \/><big><big><small><\/small><\/big><\/big><\/small><\/big><\/big><\/p><p><strong>Kone\u010dn\u011b na\u0161el domov<\/strong><br \/><strong>G\u00fctersloh m\u00e1 novou \u0161kolu \/ Slavnostn\u00ed otev\u0159en\u00ed s ministrem Sommerem\u00a0<\/strong><br \/>ROLF BIRKHOLZ<br \/>G\u00fctersloh. \"Jsme d\u011bti tohoto sv\u011bta a bubnujeme, jak se n\u00e1m zl\u00edb\u00ed.\" Bubnov\u00e1n\u00edm, zp\u011bvem a p\u00edsk\u00e1n\u00edm p\u0159iv\u00edtaly v\u010dera d\u011bti z Hundertwasserovy \u0161koly ministryni \u0161kolstv\u00ed Barbaru Sommerovou, okresn\u00ed prezidentku Marianne Thomann-Stahlovou a dal\u0161\u00ed hosty na slavnostn\u00edm otev\u0159en\u00ed sv\u00e9 \u0161koly. D\u00edky hudb\u011b a zp\u011bvu, kter\u00e9 byly v\u00fdsledkem projektu africk\u00e9ho bubnov\u00e1n\u00ed, se zd\u00e1lo, jako by \u017e\u00e1ci ji\u017e p\u0159evzali sv\u016fj d\u016fm pojmenovan\u00fd po um\u011blci a ekologovi Friedensreichu Hundertwasserovi, b\u00fdvalou \u0161kolu Volkening na Oststra\u00dfe\/Holzstra\u00dfe, kter\u00e1 byla roz\u0161\u00ed\u0159ena o p\u0159\u00edstavbu.<br \/>\u0158editel Gerhard Dickers byl pot\u011b\u0161en, \u017ee speci\u00e1ln\u00ed \u0161kola se zam\u011b\u0159en\u00edm na emocion\u00e1ln\u00ed a soci\u00e1ln\u00ed rozvoj, kter\u00e1 byla zalo\u017eena v roce 2002 a p\u016fvodn\u011b pat\u0159ila okresu, ale pot\u00e9 se stala obecn\u00ed \u0161kolou, na\u0161la po dvou st\u011bhov\u00e1n\u00edch \"skute\u010dn\u00fd domov\" na nov\u00e9m m\u00edst\u011b a stala se m\u00edstem, kam se chod\u00ed do \u0161koly a kde se \u017eije. Bylo \u0161t\u011bst\u00edm, \u017ee se podle n\u00e1vrh\u016f m\u011bstsk\u00e9ho architekta Karla-Heinze Rempeho \"poda\u0159ilo vytvo\u0159it \u0161\u0165astn\u00e9 prostory v Hundertwasserov\u011b duchu\". Dal\u0161\u00ed \u0161t\u011bst\u00ed vid\u00ed Dickers v tom, \u017ee Sozialp\u00e4dagogisches und Psychomotorisches Institut G\u00fctersloh (SPI), s n\u00edm\u017e centrum spolupracuje v oblasti denn\u00ed p\u00e9\u010de, podp\u016frn\u00fdch opat\u0159en\u00ed a rodi\u010dovsk\u00e9 p\u00e9\u010de, m\u00e1 hned vedle na Holzstra\u00dfe podp\u016frn\u00e9 centrum a sportovn\u00ed halu, kter\u00e9 lze tak\u00e9 vyu\u017e\u00edt. O spojen\u00ed obou za\u0159\u00edzen\u00ed na jednom m\u00edst\u011b poprv\u00e9 uva\u017eovala starostka Maria Ungerov\u00e1, kter\u00e1 tak umo\u017enila synergick\u00fd efekt.<\/p><p>P\u0159i pohledu do budoucna by si zde Dickers dok\u00e1zal p\u0159edstavit soci\u00e1ln\u011b-vzd\u011bl\u00e1vac\u00ed kompeten\u010dn\u00ed centrum. S t\u00edm souhlasili i Siegfried Lieske, vedouc\u00ed \u0161kolsk\u00e9ho odboru okresn\u00edho \u00fa\u0159adu, a Hartmut Stieghorst, \u010dlen \u0161kolsk\u00e9 rady v G\u00fcterslohu, kte\u0159\u00ed vymysleli hran\u00ed dialog\u016f. Na Stieghorstovo prohl\u00e1\u0161en\u00ed, \u017ee Hundertwasserova \u0161kola za p\u011bt let dos\u00e1hla mnoha \u00fasp\u011bch\u016f, Lieske odpov\u011bd\u011bl: \"V\u0161ichni mlad\u00ed lid\u00e9, vysoce motivovan\u00ed: Co jin\u00e9ho byste \u010dekali?\"<\/p><p>Dickers a Kerstin Richterov\u00e1, jeho tehdej\u0161\u00ed prvn\u00ed zam\u011bstnankyn\u011b, toto hodnocen\u00ed nazna\u010dili ji\u017e zp\u011btn\u011b. Se dv\u011bma u\u010diteli a p\u011bti \u017e\u00e1ky si \"p\u0159ipadali jako nejmen\u0161\u00ed \u0161kola v Severn\u00edm Por\u00fdn\u00ed-Vestf\u00e1lsku\" a trochu se jim sm\u00e1li. Pot\u00e9 popsali neust\u00e1l\u00fd vzestupn\u00fd v\u00fdvoj, v\u010detn\u011b \u00fa\u010dasti v nez\u00e1visl\u00e9 \u0161kole a otev\u0159en\u00fdch celodenn\u00edch projektech, kde se n\u011bkdy \"dostali na hranice sv\u00fdch mo\u017enost\u00ed\".<\/p><p>\u0160kolsk\u00e1 ministryn\u011b Barbara Sommerov\u00e1 hovo\u0159ila osv\u011b\u017euj\u00edc\u00edm zp\u016fsobem a bez rukopisu. Vypr\u00e1v\u011bla, jak Friedrich Stowasser jednou na\u0161el sv\u00e9 um\u011bleck\u00e9 jm\u00e9no Friedensreich Hundertwasser. T\u00edm, \u017ee se sna\u017eila v\u017e\u00edt do d\u011btsk\u00fdch du\u0161\u00ed a pouk\u00e1zala na um\u011blc\u016fv term\u00edn \"dunkelbunt\" (tmav\u011b zbarven\u00fd) pro v\u0161echny um\u011blcovy jasn\u00e9 barvy, v\u0159ele na d\u011bti apelovala, m\u00edsto aby jen p\u0159ed\u010d\u00edtala p\u0159edlo\u017een\u00fd text, jak to v takov\u00fdch p\u0159\u00edpadech u politik\u016f neb\u00fdv\u00e1 obvykl\u00e9.<\/p><p>\u00a0<\/p><p><strong>Od Volkeninga k Hundertwasserovi<\/strong><br \/>Hundertwasserova \u0161kola na\u0161la po dvou provizorn\u00edch p\u016fsobi\u0161t\u00edch sv\u016fj nov\u00fd domov v budov\u011b b\u00fdval\u00e9 Volkschule na Holzstra\u00dfe 30 (p\u0159\u00edstupov\u00e1 ulice Oststra\u00dfe), kter\u00e1 byla postavena v roce 1903 a nese jm\u00e9no probuzeneck\u00e9ho kazatele Johanna Heinricha Volkeninga. Jako \u0161kola na podporu vzd\u011bl\u00e1v\u00e1n\u00ed v okrese s\u00eddlila nejprve ve \u0161kole Edith Steinov\u00e9, pozd\u011bji ve \u0161kole Anny Frankov\u00e9. V roce 2006 p\u0159evzalo veden\u00ed \u0161koly m\u011bsto. V roce 2002 za\u010d\u00ednalo s dvou\u010dlenn\u00fdm person\u00e1lem a p\u011bti \u017e\u00e1ky, dnes se zde v\u010detn\u011b celodenn\u00edho provozu star\u00e1 20 profesion\u00e1l\u016f o 50 \u017e\u00e1k\u016f a dal\u0161\u00edch 20 d\u011bt\u00ed, kter\u00e9 dost\u00e1vaj\u00ed p\u0159\u00edmou podporu na sv\u00fdch z\u00e1kladn\u00edch \u0161kol\u00e1ch. Renovace a roz\u0161\u00ed\u0159en\u00ed podle pl\u00e1n\u016f architekta Karla-Heinze Rempeho st\u00e1ly t\u0159i miliony eur. Rempe z\u016fstal v prodlou\u017een\u00ed v\u011brn\u00fd principu prav\u00e9ho \u00fahlu. Barevnost, zejm\u00e9na na zadn\u00ed st\u011bn\u011b, a barevn\u00e9 v\u011b\u017ei\u010dky v\u0161ak zjevn\u011b vych\u00e1zej\u00ed z projevu um\u011blce a buditele fantazie Hundertwassera.<br \/><small>(Zve\u0159ejn\u011bno 15.09.2007 v NW- Neue Westf\u00e4lische)<\/small><\/p>\t\t\t\t\t\t\t\t<\/div>\n\t\t\t\t<\/div>\n\t\t\t\t\t<\/div>\n\t\t<\/div>\n\t\t\t\t\t<\/div>\n\t\t<\/section>\n\t\t\t\t<section class=\"elementor-section elementor-top-section elementor-element elementor-element-01dd008 elementor-section-boxed elementor-section-height-default elementor-section-height-default\" data-id=\"01dd008\" data-element_type=\"section\" data-e-type=\"section\">\n\t\t\t\t\t\t<div class=\"elementor-container elementor-column-gap-default\">\n\t\t\t\t\t<div class=\"elementor-column elementor-col-100 elementor-top-column elementor-element elementor-element-052942e\" data-id=\"052942e\" data-element_type=\"column\" data-e-type=\"column\">\n\t\t\t<div class=\"elementor-widget-wrap elementor-element-populated\">\n\t\t\t\t\t\t<div class=\"elementor-element elementor-element-7bae7a1 elementor-widget elementor-widget-spacer\" data-id=\"7bae7a1\" data-element_type=\"widget\" data-e-type=\"widget\" data-widget_type=\"spacer.default\">\n\t\t\t\t<div class=\"elementor-widget-container\">\n\t\t\t\t\t\t\t<div class=\"elementor-spacer\">\n\t\t\t<div class=\"elementor-spacer-inner\"><\/div>\n\t\t<\/div>\n\t\t\t\t\t\t<\/div>\n\t\t\t\t<\/div>\n\t\t\t\t\t<\/div>\n\t\t<\/div>\n\t\t\t\t\t<\/div>\n\t\t<\/section>\n\t\t\t\t<\/div>","protected":false},"excerpt":{"rendered":"<p>Ver\u00f6ffentlicht mit freundlicher Genehmigung der Glocke Ein Lern- und Lebensort zum Wohlf\u00fchlen\u00a0\u00a0\u00a0G\u00fctersloh (bit). Buschtrommeln der Kinder k\u00fcnden es, und Schulleiter Gerhard Dickers freut sich: Die Hundertwasserschule mit dem F\u00f6rderschwerpunkt emotionale und soziale Entwicklung im Primarbereich hat am Standort der ehemaligen Volkeningschule an der Holzstra\u00dfe in G\u00fctersloh \u201eeine wirkliche Heimat gefunden\u201c. Ein \u201eLern- und Lebensort, an [&hellip;]<\/p>\n","protected":false},"author":1,"featured_media":0,"parent":0,"menu_order":0,"comment_status":"closed","ping_status":"closed","template":"elementor_header_footer","meta":{"footnotes":""},"class_list":["post-851","page","type-page","status-publish","hentry"],"_links":{"self":[{"href":"https:\/\/hundertwasser-schule.de\/cs_cz\/wp-json\/wp\/v2\/pages\/851","targetHints":{"allow":["GET"]}}],"collection":[{"href":"https:\/\/hundertwasser-schule.de\/cs_cz\/wp-json\/wp\/v2\/pages"}],"about":[{"href":"https:\/\/hundertwasser-schule.de\/cs_cz\/wp-json\/wp\/v2\/types\/page"}],"author":[{"embeddable":true,"href":"https:\/\/hundertwasser-schule.de\/cs_cz\/wp-json\/wp\/v2\/users\/1"}],"replies":[{"embeddable":true,"href":"https:\/\/hundertwasser-schule.de\/cs_cz\/wp-json\/wp\/v2\/comments?post=851"}],"version-history":[{"count":2,"href":"https:\/\/hundertwasser-schule.de\/cs_cz\/wp-json\/wp\/v2\/pages\/851\/revisions"}],"predecessor-version":[{"id":1006,"href":"https:\/\/hundertwasser-schule.de\/cs_cz\/wp-json\/wp\/v2\/pages\/851\/revisions\/1006"}],"wp:attachment":[{"href":"https:\/\/hundertwasser-schule.de\/cs_cz\/wp-json\/wp\/v2\/media?parent=851"}],"curies":[{"name":"wp","href":"https:\/\/api.w.org\/{rel}","templated":true}]}}