{"id":4664,"date":"2023-11-07T21:28:29","date_gmt":"2023-11-07T20:28:29","guid":{"rendered":"https:\/\/hundertwasser-schule.de\/?page_id=4664"},"modified":"2024-05-16T13:25:07","modified_gmt":"2024-05-16T11:25:07","slug":"lies-mit-projekt","status":"publish","type":"page","link":"https:\/\/hundertwasser-schule.de\/da_dk\/lies-mit-projekt\/","title":{"rendered":"L\u00e6s med! - Projekt"},"content":{"rendered":"<div data-elementor-type=\"wp-page\" data-elementor-id=\"4664\" class=\"elementor elementor-4664\" data-elementor-post-type=\"page\">\n\t\t\t\t\t\t<section class=\"elementor-section elementor-top-section elementor-element elementor-element-8e29a50 elementor-section-boxed elementor-section-height-default elementor-section-height-default\" data-id=\"8e29a50\" data-element_type=\"section\" data-e-type=\"section\">\n\t\t\t\t\t\t<div class=\"elementor-container elementor-column-gap-default\">\n\t\t\t\t\t<div class=\"elementor-column elementor-col-100 elementor-top-column elementor-element elementor-element-1832f55\" data-id=\"1832f55\" data-element_type=\"column\" data-e-type=\"column\">\n\t\t\t<div class=\"elementor-widget-wrap elementor-element-populated\">\n\t\t\t\t\t\t<div class=\"elementor-element elementor-element-deb3dc9 elementor-widget elementor-widget-text-editor\" data-id=\"deb3dc9\" data-element_type=\"widget\" data-e-type=\"widget\" data-widget_type=\"text-editor.default\">\n\t\t\t\t<div class=\"elementor-widget-container\">\n\t\t\t\t\t\t\t\t\t<p><span style=\"color: #0000ff;\"><b>Om projektet<\/b><\/span><\/p><p>Projektet \"Lies mit\" er et f\u00e6lles tilbud fra skoleinspektoraterne for grundskolerne i G\u00fctersloh-distriktet, kompetenceteamet, uddannelsesforvaltningen og uddannelseskontoret i G\u00fctersloh-distriktet, Center for Uddannelse og Muligheder og Reinhard Mohn Foundation.<\/p><p>Vi er glade for, at personalet p\u00e5 Hundertwasserskolen enstemmigt har sagt ja til at deltage i \"Lies mit\"-projektet i G\u00fctersloh-distriktet i skole\u00e5ret 2023\/24 og vil deltage i uddannelsessessionerne med andre grundskoler inden for 18 m\u00e5neder. Projektets kerneid\u00e9 er systematisk fremme af l\u00e6sning som en del af et skoleudviklingsprojekt, der st\u00f8ttes af alle kolleger.<\/p><p>Den\u00a0<strong>Detaljerede m\u00e5l<\/strong>\u00a0er f\u00f8lgende:<\/p><ol><li>Alle elever, der undervises p\u00e5 samme niveau, opn\u00e5r standardomr\u00e5det i Salzburgs l\u00e6sescreening i f\u00f8rste halvdel af fjerde klasse.<\/li><li>Elever med s\u00e6rlige behov p\u00e5 den deltagende skole forbedrer deres l\u00e6sehastighed ved regelm\u00e6ssigt at deltage i l\u00e6setr\u00e6ning i l\u00f8bet af deres grundskole\u00e5r.<\/li><li>L\u00e6rerne gennemf\u00f8rer l\u00e6setr\u00e6ningen senest i det fjerde skole\u00e5r, efter at de er begyndt at deltage i projektet.<\/li><li>Projektet vil blive afpr\u00f8vet p\u00e5 fem grundskoler i det kommende skole\u00e5r. Disse skoler ans\u00f8gte om at deltage efter et informations- og evalueringsarrangement.<\/li><\/ol><p><strong>Tilbuddets struktur<\/strong><\/p><p>L\u00e6rere fra de deltagende grundskoler deltager i syv moduler i l\u00f8bet af 18 m\u00e5neder.<strong>\u00a0<\/strong>som d\u00e6kker f\u00f8lgende emner:<br \/>Flydende l\u00e6sning, diagnose og fem sunde l\u00e6semetoder: Korl\u00e6sning, terningl\u00e6sning, tandeml\u00e6sning, l\u00e6sning med lydbog og h\u00f8jtl\u00e6sningsteater.<\/p><p>Hvert modul<strong>\u00a0<\/strong>best\u00e5r af:<\/p><ul><li>en film, udveksling om filmen og planl\u00e6gning af implementeringen<br \/>i \u00e5rets team<\/li><li>Implementering af h\u00f8jtl\u00e6sningsmetoden<\/li><li>Udveksling mellem skoler<\/li><li>Test med Salzburg Reading Screening i en gratis online-version<\/li><li>Diskussion af resultaterne i \u00e5rgangen.<\/li><\/ul><p>Hvis du gerne vil have mere detaljerede oplysninger, kan du finde dem her\u00a0<strong>filmen om projektet:<br \/><\/strong><a href=\"https:\/\/youtu.be\/Q9TwVTWEg60?list=PL5LYbSLXzQs-pIlZO-9nmDxBdt5-eU7Qp\"><strong>https:\/\/youtu.be\/Q9TwVTWEg60?list=PL5LYbSLXzQs-pIlZO-9nmDxBdt5-<\/strong><\/a><a href=\"https:\/\/www.kreis-guetersloh.de\/themen\/bildung\/bildungsmanagement-und-bildungsbuero\/lies-mit\/qr-code.jpg?cid=18mk.5vo1\"><strong>eU7Qp<\/strong><\/a><strong>\u00a0 \u00a0<\/strong><\/p>\t\t\t\t\t\t\t\t<\/div>\n\t\t\t\t<\/div>\n\t\t\t\t<div class=\"elementor-element elementor-element-84b3ccb elementor-widget elementor-widget-text-editor\" data-id=\"84b3ccb\" data-element_type=\"widget\" data-e-type=\"widget\" data-widget_type=\"text-editor.default\">\n\t\t\t\t<div class=\"elementor-widget-container\">\n\t\t\t\t\t\t\t\t\t<p><span style=\"color: #0000ff;\"><strong>\"L\u00e6s med\" p\u00e5 Hundertwasser-skolen<\/strong><\/span><\/p><p>Skole\u00e5ret 2023\/2024 starter med en r\u00e6kke \u00e6ndringer for alle grundskoler. Blandt andet opfordrer delstaten Nordrhein-Westfalen grundskolerne til at prioritere l\u00e6sning og til at indarbejde obligatoriske l\u00e6setimer i skemaet. At \u00f8ge l\u00e6sef\u00e6rdighederne og evnen til at forst\u00e5 ting samt gl\u00e6den ved at l\u00e6se er vigtige m\u00e5l.<\/p><p>I l\u00f8bet af dette projekt <strong>\"L\u00e6s med\"<\/strong>som personalet p\u00e5 Hundertwasserskolen har deltaget entusiastisk i siden begyndelsen af skole\u00e5ret. Projektet er et f\u00e6lles tilbud fra skoleinspektoraterne for grundskoler i G\u00fctersloh-distriktet, kompetenceteamet, uddannelseskontoret og uddannelsesledelsen, Center for Digital Uddannelse og Skoler og Reinhard Mohn Foundation og omfatter forskellige uddannelsesmoduler, som derefter implementeres i den daglige undervisning og senere reflekteres over som en del af projektet.<\/p><p>I flere uger har f\u00f8lgende s\u00e6tning lydt fire gange om ugen p\u00e5 et fast tidspunkt i hele skolebygningen: \"Lad os begynde at l\u00e6se. Fingrene under \"...\" - 3-2-1 ...\". Derefter l\u00e6ser vi sammen i kor. I l\u00f8bet af denne 15-20 minutters l\u00e6sefremmende tid afpr\u00f8ver b\u00f8rnene forskellige h\u00f8jtl\u00e6sningsmetoder, s\u00e5som korl\u00e6sning, l\u00e6sekuber eller opl\u00e6sning af lydb\u00f8ger. Alle metoder har vist sig at fremme l\u00e6sef\u00e6rdighed, l\u00e6seforst\u00e5else og l\u00e6semotivation - med andre ord grundlaget for al undervisning. Udviklingen i elevernes l\u00e6sef\u00e6rdigheder m\u00e5les ved regelm\u00e6ssig testning med Salzburg Reading Screening i en onlineversion.<\/p><p>B\u00f8rnene kan n\u00e6sten ikke vente med at opdage og l\u00e6se nye tekster og opl\u00e6sninger og med at l\u00e6re om og afpr\u00f8ve andre lydl\u00e6sningsteknikker.<\/p><p>Vi er sp\u00e6ndte p\u00e5 at se, hvad der nu sker!\u00a0<\/p>\t\t\t\t\t\t\t\t<\/div>\n\t\t\t\t<\/div>\n\t\t\t\t<div class=\"elementor-element elementor-element-80f5d5f elementor-widget elementor-widget-video\" data-id=\"80f5d5f\" data-element_type=\"widget\" data-e-type=\"widget\" data-settings=\"{&quot;video_type&quot;:&quot;hosted&quot;,&quot;controls&quot;:&quot;yes&quot;}\" data-widget_type=\"video.default\">\n\t\t\t\t<div class=\"elementor-widget-container\">\n\t\t\t\t\t\t\t<div class=\"e-hosted-video elementor-wrapper elementor-open-inline\">\n\t\t\t\t\t<video class=\"elementor-video\" src=\"http:\/\/hundertwasser-schule.de\/wp-content\/uploads\/2023\/11\/IMG_2543.mov\" controls=\"\" preload=\"metadata\" controlslist=\"nodownload\"><\/video>\n\t\t\t\t<\/div>\n\t\t\t\t\t\t<\/div>\n\t\t\t\t<\/div>\n\t\t\t\t<div class=\"elementor-element elementor-element-1402dd5 elementor-widget elementor-widget-gallery\" data-id=\"1402dd5\" data-element_type=\"widget\" data-e-type=\"widget\" data-settings=\"{&quot;lazyload&quot;:&quot;yes&quot;,&quot;gallery_layout&quot;:&quot;grid&quot;,&quot;columns&quot;:4,&quot;columns_tablet&quot;:2,&quot;columns_mobile&quot;:1,&quot;gap&quot;:{&quot;unit&quot;:&quot;px&quot;,&quot;size&quot;:10,&quot;sizes&quot;:[]},&quot;gap_tablet&quot;:{&quot;unit&quot;:&quot;px&quot;,&quot;size&quot;:10,&quot;sizes&quot;:[]},&quot;gap_mobile&quot;:{&quot;unit&quot;:&quot;px&quot;,&quot;size&quot;:10,&quot;sizes&quot;:[]},&quot;link_to&quot;:&quot;file&quot;,&quot;aspect_ratio&quot;:&quot;3:2&quot;,&quot;overlay_background&quot;:&quot;yes&quot;,&quot;content_hover_animation&quot;:&quot;fade-in&quot;}\" data-widget_type=\"gallery.default\">\n\t\t\t\t<div class=\"elementor-widget-container\">\n\t\t\t\t\t\t\t<div class=\"elementor-gallery__container\">\n\t\t\t\t\t<\/div>\n\t\t\t\t\t<\/div>\n\t\t\t\t<\/div>\n\t\t\t\t\t<\/div>\n\t\t<\/div>\n\t\t\t\t\t<\/div>\n\t\t<\/section>\n\t\t\t\t<section class=\"elementor-section elementor-top-section elementor-element elementor-element-ec3786e elementor-section-boxed elementor-section-height-default elementor-section-height-default\" data-id=\"ec3786e\" data-element_type=\"section\" data-e-type=\"section\">\n\t\t\t\t\t\t<div class=\"elementor-container elementor-column-gap-default\">\n\t\t\t\t\t<div class=\"elementor-column elementor-col-100 elementor-top-column elementor-element elementor-element-d6b72ee\" data-id=\"d6b72ee\" data-element_type=\"column\" data-e-type=\"column\">\n\t\t\t<div class=\"elementor-widget-wrap\">\n\t\t\t\t\t\t\t<\/div>\n\t\t<\/div>\n\t\t\t\t\t<\/div>\n\t\t<\/section>\n\t\t\t\t<\/div>","protected":false},"excerpt":{"rendered":"<p>\u00dcber das Projekt Das Projekt\u00a0\u201eLies\u00a0mit\u201c ist ein gemeinsames Angebot der Schulaufsichten f\u00fcr die Grundschulen im Kreis G\u00fctersloh, des Kompetenzteams, des Bildungsmanagements und Bildungsb\u00fcro im Kreis G\u00fctersloh, des Zentrums f\u00fcr Bildung und Chancen und der Reinhard Mohn Stiftung. Wir freuen uns, dass sich das Kollegium der Hundertwasser-Schule einstimmig im Schuljahr 2023\/24 auf das Projekt \u201eLies mit\u201c [&hellip;]<\/p>\n","protected":false},"author":4,"featured_media":0,"parent":0,"menu_order":0,"comment_status":"closed","ping_status":"closed","template":"","meta":{"footnotes":""},"class_list":["post-4664","page","type-page","status-publish","hentry"],"_links":{"self":[{"href":"https:\/\/hundertwasser-schule.de\/da_dk\/wp-json\/wp\/v2\/pages\/4664","targetHints":{"allow":["GET"]}}],"collection":[{"href":"https:\/\/hundertwasser-schule.de\/da_dk\/wp-json\/wp\/v2\/pages"}],"about":[{"href":"https:\/\/hundertwasser-schule.de\/da_dk\/wp-json\/wp\/v2\/types\/page"}],"author":[{"embeddable":true,"href":"https:\/\/hundertwasser-schule.de\/da_dk\/wp-json\/wp\/v2\/users\/4"}],"replies":[{"embeddable":true,"href":"https:\/\/hundertwasser-schule.de\/da_dk\/wp-json\/wp\/v2\/comments?post=4664"}],"version-history":[{"count":5,"href":"https:\/\/hundertwasser-schule.de\/da_dk\/wp-json\/wp\/v2\/pages\/4664\/revisions"}],"predecessor-version":[{"id":5238,"href":"https:\/\/hundertwasser-schule.de\/da_dk\/wp-json\/wp\/v2\/pages\/4664\/revisions\/5238"}],"wp:attachment":[{"href":"https:\/\/hundertwasser-schule.de\/da_dk\/wp-json\/wp\/v2\/media?parent=4664"}],"curies":[{"name":"wp","href":"https:\/\/api.w.org\/{rel}","templated":true}]}}