{"id":678,"date":"2020-04-13T10:30:06","date_gmt":"2020-04-13T08:30:06","guid":{"rendered":"https:\/\/neu.hundertwasser-schule.de\/?page_id=678"},"modified":"2020-04-13T10:38:17","modified_gmt":"2020-04-13T08:38:17","slug":"anmeldeverfahren","status":"publish","type":"page","link":"https:\/\/hundertwasser-schule.de\/da_dk\/anmeldeverfahren\/","title":{"rendered":"Ans\u00f8gningsprocedure"},"content":{"rendered":"<div data-elementor-type=\"wp-page\" data-elementor-id=\"678\" class=\"elementor elementor-678\" data-elementor-post-type=\"page\">\n\t\t\t\t\t\t<section class=\"elementor-section elementor-top-section elementor-element elementor-element-46a8bb91 elementor-section-stretched elementor-section-full_width elementor-section-height-default elementor-section-height-default\" data-id=\"46a8bb91\" data-element_type=\"section\" data-e-type=\"section\" data-settings=\"{&quot;stretch_section&quot;:&quot;section-stretched&quot;}\">\n\t\t\t\t\t\t<div class=\"elementor-container elementor-column-gap-no\">\n\t\t\t\t\t<div class=\"elementor-column elementor-col-100 elementor-top-column elementor-element elementor-element-669f9052\" data-id=\"669f9052\" data-element_type=\"column\" data-e-type=\"column\">\n\t\t\t<div class=\"elementor-widget-wrap elementor-element-populated\">\n\t\t\t\t\t\t<div class=\"elementor-element elementor-element-ba37478 elementor-widget elementor-widget-image\" data-id=\"ba37478\" data-element_type=\"widget\" data-e-type=\"widget\" data-widget_type=\"image.default\">\n\t\t\t\t<div class=\"elementor-widget-container\">\n\t\t\t\t\t\t\t\t\t\t\t\t\t\t\t<img fetchpriority=\"high\" decoding=\"async\" width=\"1920\" height=\"230\" src=\"https:\/\/hundertwasser-schule.de\/wp-content\/uploads\/2020\/03\/bild1.jpg\" class=\"attachment-full size-full wp-image-108\" alt=\"\" srcset=\"https:\/\/hundertwasser-schule.de\/wp-content\/uploads\/2020\/03\/bild1.jpg 1920w, https:\/\/hundertwasser-schule.de\/wp-content\/uploads\/2020\/03\/bild1-300x36.jpg 300w, https:\/\/hundertwasser-schule.de\/wp-content\/uploads\/2020\/03\/bild1-1024x123.jpg 1024w, https:\/\/hundertwasser-schule.de\/wp-content\/uploads\/2020\/03\/bild1-768x92.jpg 768w, https:\/\/hundertwasser-schule.de\/wp-content\/uploads\/2020\/03\/bild1-1536x184.jpg 1536w, https:\/\/hundertwasser-schule.de\/wp-content\/uploads\/2020\/03\/bild1-20x2.jpg 20w\" sizes=\"(max-width: 1920px) 100vw, 1920px\" \/>\t\t\t\t\t\t\t\t\t\t\t\t\t\t\t<\/div>\n\t\t\t\t<\/div>\n\t\t\t\t\t<\/div>\n\t\t<\/div>\n\t\t\t\t\t<\/div>\n\t\t<\/section>\n\t\t\t\t<section class=\"elementor-section elementor-top-section elementor-element elementor-element-4fdc03db elementor-section-height-min-height elementor-section-boxed elementor-section-height-default elementor-section-items-middle\" data-id=\"4fdc03db\" data-element_type=\"section\" data-e-type=\"section\" data-settings=\"{&quot;background_background&quot;:&quot;classic&quot;}\">\n\t\t\t\t\t\t<div class=\"elementor-container elementor-column-gap-default\">\n\t\t\t\t\t<div class=\"elementor-column elementor-col-100 elementor-top-column elementor-element elementor-element-d0b6535\" data-id=\"d0b6535\" data-element_type=\"column\" data-e-type=\"column\">\n\t\t\t<div class=\"elementor-widget-wrap elementor-element-populated\">\n\t\t\t\t\t\t\t<\/div>\n\t\t<\/div>\n\t\t\t\t\t<\/div>\n\t\t<\/section>\n\t\t\t\t<section class=\"elementor-section elementor-top-section elementor-element elementor-element-14c58b56 elementor-section-boxed elementor-section-height-default elementor-section-height-default\" data-id=\"14c58b56\" data-element_type=\"section\" data-e-type=\"section\">\n\t\t\t\t\t\t<div class=\"elementor-container elementor-column-gap-default\">\n\t\t\t\t\t<div class=\"elementor-column elementor-col-100 elementor-top-column elementor-element elementor-element-6c11e110\" data-id=\"6c11e110\" data-element_type=\"column\" data-e-type=\"column\">\n\t\t\t<div class=\"elementor-widget-wrap elementor-element-populated\">\n\t\t\t\t\t\t<div class=\"elementor-element elementor-element-22c0802d elementor-widget elementor-widget-spacer\" data-id=\"22c0802d\" data-element_type=\"widget\" data-e-type=\"widget\" data-widget_type=\"spacer.default\">\n\t\t\t\t<div class=\"elementor-widget-container\">\n\t\t\t\t\t\t\t<div class=\"elementor-spacer\">\n\t\t\t<div class=\"elementor-spacer-inner\"><\/div>\n\t\t<\/div>\n\t\t\t\t\t\t<\/div>\n\t\t\t\t<\/div>\n\t\t\t\t\t<\/div>\n\t\t<\/div>\n\t\t\t\t\t<\/div>\n\t\t<\/section>\n\t\t\t\t<section class=\"elementor-section elementor-top-section elementor-element elementor-element-0bc5372 elementor-section-boxed elementor-section-height-default elementor-section-height-default\" data-id=\"0bc5372\" data-element_type=\"section\" data-e-type=\"section\">\n\t\t\t\t\t\t<div class=\"elementor-container elementor-column-gap-default\">\n\t\t\t\t\t<div class=\"elementor-column elementor-col-100 elementor-top-column elementor-element elementor-element-5e0cab2\" data-id=\"5e0cab2\" data-element_type=\"column\" data-e-type=\"column\">\n\t\t\t<div class=\"elementor-widget-wrap elementor-element-populated\">\n\t\t\t\t\t\t<div class=\"elementor-element elementor-element-1b5a810 elementor-drop-cap-yes elementor-drop-cap-view-default elementor-widget elementor-widget-text-editor\" data-id=\"1b5a810\" data-element_type=\"widget\" data-e-type=\"widget\" data-settings=\"{&quot;drop_cap&quot;:&quot;yes&quot;}\" data-widget_type=\"text-editor.default\">\n\t\t\t\t<div class=\"elementor-widget-container\">\n\t\t\t\t\t\t\t\t\t<div class=\"wpb_text_column wpb_content_element\"><div class=\"wpb_wrapper\"><p>Elever kan kun indskrives p\u00e5 Hundertwasser-skolen, hvis for\u00e6ldrene har besluttet at g\u00e5 p\u00e5 en specialskole, og skolemyndigheden har fastsl\u00e5et de s\u00e6rlige undervisningsbehov i en afg\u00f8relse.<\/p><p>Siden begyndelsen af skole\u00e5ret 2014\/15 har den 9. lov om \u00e6ndring af skoleloven v\u00e6ret i kraft i NRW. Den regulerer valgfriheden for elever med s\u00e6rlige undervisningsbehov til at g\u00e5 p\u00e5 en skole for f\u00e6lles l\u00e6ring eller en specialskole.<\/p><p>Hvis for\u00e6ldrene til et barn med s\u00e6rlige undervisningsbehov beslutter at g\u00e5 p\u00e5 en grundskole med f\u00e6lles l\u00e6ring, beh\u00f8ver de s\u00e6rlige undervisningsbehov ikke at blive fastlagt i f\u00f8rste omgang.\u00a0<\/p><p>Hvis for\u00e6ldre til et barn med s\u00e6rlige st\u00f8ttebehov overvejer at g\u00e5 p\u00e5 en specialskole, skal de<strong>\u00a0Fastl\u00e6ggelse af s\u00e6rlige undervisningsbehov<\/strong>\u00a0men en absolut foruds\u00e6tning.<\/p><p>De s\u00e6rlige undervisningsbehov fastl\u00e6gges af skolemyndigheden p\u00e5 grundlag af en p\u00e6dagogisk rapport. Den procedure, inden for hvilken dette fastl\u00e6gges, kaldes AO-SF (<strong>A<\/strong>uddannelse<strong>o<\/strong>rdnung\u00a0<strong>S<\/strong>onderp\u00e4dagogische\u00a0<strong>F<\/strong>s st\u00f8tte). Denne procedure kan som regel kun s\u00f8ges af for\u00e6ldrene via den ansvarlige grundskole p\u00e5 skolens kontor. De n\u00f8dvendige formularer kan f\u00e5s i folkeskolens sekretariat. Efter at have indledt proceduren i henhold til AO-SF giver skolekontoret to eksperter (1 folkeskolel\u00e6rer og 1 specialskolel\u00e6rer), som i f\u00e6llesskab udarbejder en p\u00e6dagogisk rapport om barnets behov for st\u00f8tte. Hvis rapporten viser, at der skal konstateres et specialp\u00e6dagogisk behov for st\u00f8tte, indeholder denne rapport ogs\u00e5 et forslag til stedet for st\u00f8tten. For\u00e6ldrene inddrages fra starten og i meget h\u00f8j grad i processen med vurderingen samt i resultatet af vurderingen. Skolemyndigheden tr\u00e6ffer derefter afg\u00f8relse p\u00e5 grundlag af den p\u00e6dagogiske rapport og for\u00e6ldrenes \u00f8nsker.\u00a0<\/p><p>Hvis skolemyndigheden har fastsl\u00e5et, at der er behov for specialp\u00e6dagogisk st\u00f8tte, og for\u00e6ldrene \u00f8nsker at indskrive deres barn p\u00e5 Hundertwasser-skolen, kan for\u00e6ldrene indskrive deres barn p\u00e5 Hundertwasser-skolen med en tilsvarende afg\u00f8relse fra skolemyndigheden.<\/p><\/div><\/div>\t\t\t\t\t\t\t\t<\/div>\n\t\t\t\t<\/div>\n\t\t\t\t\t<\/div>\n\t\t<\/div>\n\t\t\t\t\t<\/div>\n\t\t<\/section>\n\t\t\t\t<section class=\"elementor-section elementor-top-section elementor-element elementor-element-fd30a77 elementor-section-boxed elementor-section-height-default elementor-section-height-default\" data-id=\"fd30a77\" data-element_type=\"section\" data-e-type=\"section\">\n\t\t\t\t\t\t<div class=\"elementor-container elementor-column-gap-default\">\n\t\t\t\t\t<div class=\"elementor-column elementor-col-100 elementor-top-column elementor-element elementor-element-57ace9f\" data-id=\"57ace9f\" data-element_type=\"column\" data-e-type=\"column\">\n\t\t\t<div class=\"elementor-widget-wrap elementor-element-populated\">\n\t\t\t\t\t\t<div class=\"elementor-element elementor-element-cc597d9 elementor-widget elementor-widget-spacer\" data-id=\"cc597d9\" data-element_type=\"widget\" data-e-type=\"widget\" data-widget_type=\"spacer.default\">\n\t\t\t\t<div class=\"elementor-widget-container\">\n\t\t\t\t\t\t\t<div class=\"elementor-spacer\">\n\t\t\t<div class=\"elementor-spacer-inner\"><\/div>\n\t\t<\/div>\n\t\t\t\t\t\t<\/div>\n\t\t\t\t<\/div>\n\t\t\t\t\t<\/div>\n\t\t<\/div>\n\t\t\t\t\t<\/div>\n\t\t<\/section>\n\t\t\t\t<\/div>","protected":false},"excerpt":{"rendered":"<p>An der Hundertwasser-Schule k\u00f6nnen Sch\u00fclerinnen und Sch\u00fcler nur angemeldet werden, wenn Eltern sich f\u00fcr den Besuch einer F\u00f6rderschule entschieden haben und das Schulamt den sonderp\u00e4dagogischen F\u00f6rderbedarf in einem Bescheid festgestellt hat. Seit Beginn des Schuljahres 2014\/15 gilt in NRW das 9. Schulrechts\u00e4nderungsgesetz. Darin ist f\u00fcr\u00a0Sch\u00fclerinnen und Sch\u00fcler mit sonderp\u00e4dagogischem Unterst\u00fctzungsbedarf die Wahlfreiheit in der Beschulung [&hellip;]<\/p>\n","protected":false},"author":1,"featured_media":0,"parent":0,"menu_order":0,"comment_status":"closed","ping_status":"closed","template":"elementor_header_footer","meta":{"footnotes":""},"class_list":["post-678","page","type-page","status-publish","hentry"],"_links":{"self":[{"href":"https:\/\/hundertwasser-schule.de\/da_dk\/wp-json\/wp\/v2\/pages\/678","targetHints":{"allow":["GET"]}}],"collection":[{"href":"https:\/\/hundertwasser-schule.de\/da_dk\/wp-json\/wp\/v2\/pages"}],"about":[{"href":"https:\/\/hundertwasser-schule.de\/da_dk\/wp-json\/wp\/v2\/types\/page"}],"author":[{"embeddable":true,"href":"https:\/\/hundertwasser-schule.de\/da_dk\/wp-json\/wp\/v2\/users\/1"}],"replies":[{"embeddable":true,"href":"https:\/\/hundertwasser-schule.de\/da_dk\/wp-json\/wp\/v2\/comments?post=678"}],"version-history":[{"count":3,"href":"https:\/\/hundertwasser-schule.de\/da_dk\/wp-json\/wp\/v2\/pages\/678\/revisions"}],"predecessor-version":[{"id":704,"href":"https:\/\/hundertwasser-schule.de\/da_dk\/wp-json\/wp\/v2\/pages\/678\/revisions\/704"}],"wp:attachment":[{"href":"https:\/\/hundertwasser-schule.de\/da_dk\/wp-json\/wp\/v2\/media?parent=678"}],"curies":[{"name":"wp","href":"https:\/\/api.w.org\/{rel}","templated":true}]}}