{"id":692,"date":"2020-04-13T10:31:44","date_gmt":"2020-04-13T08:31:44","guid":{"rendered":"https:\/\/neu.hundertwasser-schule.de\/?page_id=692"},"modified":"2025-11-27T13:13:41","modified_gmt":"2025-11-27T12:13:41","slug":"elternmitwirkung","status":"publish","type":"page","link":"https:\/\/hundertwasser-schule.de\/da_dk\/elternmitwirkung\/","title":{"rendered":"Inddragelse af for\u00e6ldrene"},"content":{"rendered":"<div data-elementor-type=\"wp-page\" data-elementor-id=\"692\" class=\"elementor elementor-692\" data-elementor-post-type=\"page\">\n\t\t\t\t\t\t<section class=\"elementor-section elementor-top-section elementor-element elementor-element-8fdc835 elementor-section-stretched elementor-section-full_width elementor-section-height-default elementor-section-height-default\" data-id=\"8fdc835\" data-element_type=\"section\" data-e-type=\"section\" data-settings=\"{&quot;stretch_section&quot;:&quot;section-stretched&quot;}\">\n\t\t\t\t\t\t<div class=\"elementor-container elementor-column-gap-no\">\n\t\t\t\t\t<div class=\"elementor-column elementor-col-100 elementor-top-column elementor-element elementor-element-7cab587b\" data-id=\"7cab587b\" data-element_type=\"column\" data-e-type=\"column\">\n\t\t\t<div class=\"elementor-widget-wrap elementor-element-populated\">\n\t\t\t\t\t\t<div class=\"elementor-element elementor-element-25cdaf6f elementor-widget elementor-widget-image\" data-id=\"25cdaf6f\" data-element_type=\"widget\" data-e-type=\"widget\" data-widget_type=\"image.default\">\n\t\t\t\t<div class=\"elementor-widget-container\">\n\t\t\t\t\t\t\t\t\t\t\t\t\t\t\t<img fetchpriority=\"high\" decoding=\"async\" width=\"1920\" height=\"230\" src=\"https:\/\/hundertwasser-schule.de\/wp-content\/uploads\/2020\/03\/bild1.jpg\" class=\"attachment-full size-full wp-image-108\" alt=\"\" srcset=\"https:\/\/hundertwasser-schule.de\/wp-content\/uploads\/2020\/03\/bild1.jpg 1920w, https:\/\/hundertwasser-schule.de\/wp-content\/uploads\/2020\/03\/bild1-300x36.jpg 300w, https:\/\/hundertwasser-schule.de\/wp-content\/uploads\/2020\/03\/bild1-1024x123.jpg 1024w, https:\/\/hundertwasser-schule.de\/wp-content\/uploads\/2020\/03\/bild1-768x92.jpg 768w, https:\/\/hundertwasser-schule.de\/wp-content\/uploads\/2020\/03\/bild1-1536x184.jpg 1536w, https:\/\/hundertwasser-schule.de\/wp-content\/uploads\/2020\/03\/bild1-20x2.jpg 20w\" sizes=\"(max-width: 1920px) 100vw, 1920px\" \/>\t\t\t\t\t\t\t\t\t\t\t\t\t\t\t<\/div>\n\t\t\t\t<\/div>\n\t\t\t\t\t<\/div>\n\t\t<\/div>\n\t\t\t\t\t<\/div>\n\t\t<\/section>\n\t\t\t\t<section class=\"elementor-section elementor-top-section elementor-element elementor-element-3ee22dd5 elementor-section-height-min-height elementor-section-boxed elementor-section-height-default elementor-section-items-middle\" data-id=\"3ee22dd5\" data-element_type=\"section\" data-e-type=\"section\" data-settings=\"{&quot;background_background&quot;:&quot;classic&quot;}\">\n\t\t\t\t\t\t<div class=\"elementor-container elementor-column-gap-default\">\n\t\t\t\t\t<div class=\"elementor-column elementor-col-100 elementor-top-column elementor-element elementor-element-d2a1d6b\" data-id=\"d2a1d6b\" data-element_type=\"column\" data-e-type=\"column\">\n\t\t\t<div class=\"elementor-widget-wrap elementor-element-populated\">\n\t\t\t\t\t\t\t<\/div>\n\t\t<\/div>\n\t\t\t\t\t<\/div>\n\t\t<\/section>\n\t\t\t\t<section class=\"elementor-section elementor-top-section elementor-element elementor-element-6e405e25 elementor-section-boxed elementor-section-height-default elementor-section-height-default\" data-id=\"6e405e25\" data-element_type=\"section\" data-e-type=\"section\">\n\t\t\t\t\t\t<div class=\"elementor-container elementor-column-gap-default\">\n\t\t\t\t\t<div class=\"elementor-column elementor-col-100 elementor-top-column elementor-element elementor-element-2be19283\" data-id=\"2be19283\" data-element_type=\"column\" data-e-type=\"column\">\n\t\t\t<div class=\"elementor-widget-wrap elementor-element-populated\">\n\t\t\t\t\t\t<div class=\"elementor-element elementor-element-5f46b399 elementor-widget elementor-widget-spacer\" data-id=\"5f46b399\" data-element_type=\"widget\" data-e-type=\"widget\" data-widget_type=\"spacer.default\">\n\t\t\t\t<div class=\"elementor-widget-container\">\n\t\t\t\t\t\t\t<div class=\"elementor-spacer\">\n\t\t\t<div class=\"elementor-spacer-inner\"><\/div>\n\t\t<\/div>\n\t\t\t\t\t\t<\/div>\n\t\t\t\t<\/div>\n\t\t\t\t\t<\/div>\n\t\t<\/div>\n\t\t\t\t\t<\/div>\n\t\t<\/section>\n\t\t\t\t<section class=\"elementor-section elementor-top-section elementor-element elementor-element-8e79a3f elementor-section-boxed elementor-section-height-default elementor-section-height-default\" data-id=\"8e79a3f\" data-element_type=\"section\" data-e-type=\"section\">\n\t\t\t\t\t\t<div class=\"elementor-container elementor-column-gap-default\">\n\t\t\t\t\t<div class=\"elementor-column elementor-col-100 elementor-top-column elementor-element elementor-element-0baccfb\" data-id=\"0baccfb\" data-element_type=\"column\" data-e-type=\"column\">\n\t\t\t<div class=\"elementor-widget-wrap elementor-element-populated\">\n\t\t\t\t\t\t<div class=\"elementor-element elementor-element-a2b1429 elementor-widget elementor-widget-text-editor\" data-id=\"a2b1429\" data-element_type=\"widget\" data-e-type=\"widget\" data-widget_type=\"text-editor.default\">\n\t\t\t\t<div class=\"elementor-widget-container\">\n\t\t\t\t\t\t\t\t\t<div class=\"wpb_text_column wpb_content_element\"><div class=\"wpb_wrapper\"><p>P\u00e5 disse sider vil vi gerne vise dig, p\u00e5 hvilke m\u00e5der og i hvilke udvalg for\u00e6ldre og elever deltager i vores skole og er med til at forme skolen gennem deres engagement.<\/p><\/div><\/div>\t\t\t\t\t\t\t\t<\/div>\n\t\t\t\t<\/div>\n\t\t\t\t\t<\/div>\n\t\t<\/div>\n\t\t\t\t\t<\/div>\n\t\t<\/section>\n\t\t\t\t<section class=\"elementor-section elementor-top-section elementor-element elementor-element-de0fe50 elementor-section-boxed elementor-section-height-default elementor-section-height-default\" data-id=\"de0fe50\" data-element_type=\"section\" data-e-type=\"section\">\n\t\t\t\t\t\t<div class=\"elementor-container elementor-column-gap-default\">\n\t\t\t\t\t<div class=\"elementor-column elementor-col-100 elementor-top-column elementor-element elementor-element-8f5348f\" data-id=\"8f5348f\" data-element_type=\"column\" data-e-type=\"column\">\n\t\t\t<div class=\"elementor-widget-wrap elementor-element-populated\">\n\t\t\t\t\t\t<div class=\"elementor-element elementor-element-1cd5437 elementor-widget elementor-widget-text-editor\" data-id=\"1cd5437\" data-element_type=\"widget\" data-e-type=\"widget\" data-widget_type=\"text-editor.default\">\n\t\t\t\t<div class=\"elementor-widget-container\">\n\t\t\t\t\t\t\t\t\t<p><strong>\u00a0 \u00a0Schuljahr 2025\/26<\/strong><\/p><p>\u00a0 \u00a0Hundertwasser-skolens udvalg er f\u00f8lgende:<\/p><p><strong>\u00a0 \u00a0Klassernes r\u00e5d<\/strong><\/p>\t\t\t\t\t\t\t\t<\/div>\n\t\t\t\t<\/div>\n\t\t\t\t<section class=\"elementor-section elementor-inner-section elementor-element elementor-element-7e74563 elementor-section-boxed elementor-section-height-default elementor-section-height-default\" data-id=\"7e74563\" data-element_type=\"section\" data-e-type=\"section\">\n\t\t\t\t\t\t<div class=\"elementor-container elementor-column-gap-default\">\n\t\t\t\t\t<div class=\"elementor-column elementor-col-50 elementor-inner-column elementor-element elementor-element-883f8b7\" data-id=\"883f8b7\" data-element_type=\"column\" data-e-type=\"column\">\n\t\t\t<div class=\"elementor-widget-wrap elementor-element-populated\">\n\t\t\t\t\t\t<div class=\"elementor-element elementor-element-73f1ced elementor-widget elementor-widget-text-editor\" data-id=\"73f1ced\" data-element_type=\"widget\" data-e-type=\"widget\" data-widget_type=\"text-editor.default\">\n\t\t\t\t<div class=\"elementor-widget-container\">\n\t\t\t\t\t\t\t\t\t<p><strong>Drageklasse<\/strong><\/p><p>1.Vorsitzende Frau Demirci<\/p><p>2.Vorsitzende Frau Siebeck<\/p><p><strong>L\u00f8veklasse<\/strong><\/p><p>1.Vorsitzende Herr Connor<\/p><p>2.Vorsitzende Frau\u00a0 Dr. Suren<\/p>\t\t\t\t\t\t\t\t<\/div>\n\t\t\t\t<\/div>\n\t\t\t\t\t<\/div>\n\t\t<\/div>\n\t\t\t\t<div class=\"elementor-column elementor-col-50 elementor-inner-column elementor-element elementor-element-917d96a\" data-id=\"917d96a\" data-element_type=\"column\" data-e-type=\"column\">\n\t\t\t<div class=\"elementor-widget-wrap elementor-element-populated\">\n\t\t\t\t\t\t<div class=\"elementor-element elementor-element-76db292 elementor-widget elementor-widget-text-editor\" data-id=\"76db292\" data-element_type=\"widget\" data-e-type=\"widget\" data-widget_type=\"text-editor.default\">\n\t\t\t\t<div class=\"elementor-widget-container\">\n\t\t\t\t\t\t\t\t\t<p><strong>Ulveklasse<\/strong><\/p><p>1.Vorsitzende Frau Baumgart<\/p><p>2.Vorsitzende Frau Rudman<\/p><p><strong>R\u00e6veklasse<\/strong><\/p><p>1. formand Fru Cicek<\/p><p>2. formand Hr. vom Hofe<\/p>\t\t\t\t\t\t\t\t<\/div>\n\t\t\t\t<\/div>\n\t\t\t\t\t<\/div>\n\t\t<\/div>\n\t\t\t\t\t<\/div>\n\t\t<\/section>\n\t\t\t\t<section class=\"elementor-section elementor-inner-section elementor-element elementor-element-4cf1282 elementor-section-boxed elementor-section-height-default elementor-section-height-default\" data-id=\"4cf1282\" data-element_type=\"section\" data-e-type=\"section\">\n\t\t\t\t\t\t<div class=\"elementor-container elementor-column-gap-default\">\n\t\t\t\t\t<div class=\"elementor-column elementor-col-50 elementor-inner-column elementor-element elementor-element-4a5ec8e\" data-id=\"4a5ec8e\" data-element_type=\"column\" data-e-type=\"column\">\n\t\t\t<div class=\"elementor-widget-wrap elementor-element-populated\">\n\t\t\t\t\t\t<div class=\"elementor-element elementor-element-f7f9703 elementor-widget elementor-widget-text-editor\" data-id=\"f7f9703\" data-element_type=\"widget\" data-e-type=\"widget\" data-widget_type=\"text-editor.default\">\n\t\t\t\t<div class=\"elementor-widget-container\">\n\t\t\t\t\t\t\t\t\t<p><strong>Skoler\u00e5d<\/strong><\/p><p>1. formand Fru Cicek<\/p><p>2. formand Dr. Suren (suppleant)<\/p>\t\t\t\t\t\t\t\t<\/div>\n\t\t\t\t<\/div>\n\t\t\t\t\t<\/div>\n\t\t<\/div>\n\t\t\t\t<div class=\"elementor-column elementor-col-50 elementor-inner-column elementor-element elementor-element-a123ab3\" data-id=\"a123ab3\" data-element_type=\"column\" data-e-type=\"column\">\n\t\t\t<div class=\"elementor-widget-wrap elementor-element-populated\">\n\t\t\t\t\t\t<div class=\"elementor-element elementor-element-f744414 elementor-widget elementor-widget-text-editor\" data-id=\"f744414\" data-element_type=\"widget\" data-e-type=\"widget\" data-widget_type=\"text-editor.default\">\n\t\t\t\t<div class=\"elementor-widget-container\">\n\t\t\t\t\t\t\t\t\t<p><strong>For\u00e6ldrerepr\u00e6sentanter i skolekonferencen<\/strong><\/p><ol><li>Fru Cicek\u00a0<\/li><li>Herr Connor<\/li><\/ol><p>Vertretung: Frau Baumgart<\/p><p><strong>For\u00e6ldrerepr\u00e6sentant i underkonferencen:<\/strong> Fru Cicek<\/p>\t\t\t\t\t\t\t\t<\/div>\n\t\t\t\t<\/div>\n\t\t\t\t\t<\/div>\n\t\t<\/div>\n\t\t\t\t\t<\/div>\n\t\t<\/section>\n\t\t\t\t\t<\/div>\n\t\t<\/div>\n\t\t\t\t\t<\/div>\n\t\t<\/section>\n\t\t\t\t<\/div>","protected":false},"excerpt":{"rendered":"<p>Auf diesen Seiten m\u00f6chten wir Ihnen zeigen, auf welche Weise und in welchen Gremien Eltern und Sch\u00fcler in unserer Schule mitwirken und durch ihre Mitwirkung die Schule mitgestalten. \u00a0 \u00a0Schuljahr 2025\/26 \u00a0 \u00a0Die Gremien der Hundertwasser-Schule sind wie folgt besetzt: \u00a0 \u00a0Klassenpflegschaften Drachenklasse 1.Vorsitzende Frau Demirci 2.Vorsitzende Frau Siebeck L\u00f6wenklasse 1.Vorsitzende Herr Connor 2.Vorsitzende Frau\u00a0 [&hellip;]<\/p>\n","protected":false},"author":1,"featured_media":0,"parent":0,"menu_order":0,"comment_status":"closed","ping_status":"closed","template":"elementor_header_footer","meta":{"footnotes":""},"class_list":["post-692","page","type-page","status-publish","hentry"],"_links":{"self":[{"href":"https:\/\/hundertwasser-schule.de\/da_dk\/wp-json\/wp\/v2\/pages\/692","targetHints":{"allow":["GET"]}}],"collection":[{"href":"https:\/\/hundertwasser-schule.de\/da_dk\/wp-json\/wp\/v2\/pages"}],"about":[{"href":"https:\/\/hundertwasser-schule.de\/da_dk\/wp-json\/wp\/v2\/types\/page"}],"author":[{"embeddable":true,"href":"https:\/\/hundertwasser-schule.de\/da_dk\/wp-json\/wp\/v2\/users\/1"}],"replies":[{"embeddable":true,"href":"https:\/\/hundertwasser-schule.de\/da_dk\/wp-json\/wp\/v2\/comments?post=692"}],"version-history":[{"count":14,"href":"https:\/\/hundertwasser-schule.de\/da_dk\/wp-json\/wp\/v2\/pages\/692\/revisions"}],"predecessor-version":[{"id":6095,"href":"https:\/\/hundertwasser-schule.de\/da_dk\/wp-json\/wp\/v2\/pages\/692\/revisions\/6095"}],"wp:attachment":[{"href":"https:\/\/hundertwasser-schule.de\/da_dk\/wp-json\/wp\/v2\/media?parent=692"}],"curies":[{"name":"wp","href":"https:\/\/api.w.org\/{rel}","templated":true}]}}