{"id":851,"date":"2020-04-14T08:16:03","date_gmt":"2020-04-14T06:16:03","guid":{"rendered":"https:\/\/neu.hundertwasser-schule.de\/?page_id=851"},"modified":"2020-04-14T12:17:52","modified_gmt":"2020-04-14T10:17:52","slug":"presseinfo-2","status":"publish","type":"page","link":"https:\/\/hundertwasser-schule.de\/da_dk\/presseinfo-2\/","title":{"rendered":"Pressemeddelelse"},"content":{"rendered":"<div data-elementor-type=\"wp-page\" data-elementor-id=\"851\" class=\"elementor elementor-851\" data-elementor-post-type=\"page\">\n\t\t\t\t\t\t<section class=\"elementor-section elementor-top-section elementor-element elementor-element-3c74706b elementor-section-stretched elementor-section-full_width elementor-section-height-default elementor-section-height-default\" data-id=\"3c74706b\" data-element_type=\"section\" data-e-type=\"section\" data-settings=\"{&quot;stretch_section&quot;:&quot;section-stretched&quot;}\">\n\t\t\t\t\t\t<div class=\"elementor-container elementor-column-gap-no\">\n\t\t\t\t\t<div class=\"elementor-column elementor-col-100 elementor-top-column elementor-element elementor-element-50667664\" data-id=\"50667664\" data-element_type=\"column\" data-e-type=\"column\">\n\t\t\t<div class=\"elementor-widget-wrap elementor-element-populated\">\n\t\t\t\t\t\t<div class=\"elementor-element elementor-element-64027a3a elementor-widget elementor-widget-image\" data-id=\"64027a3a\" data-element_type=\"widget\" data-e-type=\"widget\" data-widget_type=\"image.default\">\n\t\t\t\t<div class=\"elementor-widget-container\">\n\t\t\t\t\t\t\t\t\t\t\t\t\t\t\t<img fetchpriority=\"high\" decoding=\"async\" width=\"1920\" height=\"230\" src=\"https:\/\/hundertwasser-schule.de\/wp-content\/uploads\/2020\/03\/bild1.jpg\" class=\"attachment-full size-full wp-image-108\" alt=\"\" srcset=\"https:\/\/hundertwasser-schule.de\/wp-content\/uploads\/2020\/03\/bild1.jpg 1920w, https:\/\/hundertwasser-schule.de\/wp-content\/uploads\/2020\/03\/bild1-300x36.jpg 300w, https:\/\/hundertwasser-schule.de\/wp-content\/uploads\/2020\/03\/bild1-1024x123.jpg 1024w, https:\/\/hundertwasser-schule.de\/wp-content\/uploads\/2020\/03\/bild1-768x92.jpg 768w, https:\/\/hundertwasser-schule.de\/wp-content\/uploads\/2020\/03\/bild1-1536x184.jpg 1536w, https:\/\/hundertwasser-schule.de\/wp-content\/uploads\/2020\/03\/bild1-20x2.jpg 20w\" sizes=\"(max-width: 1920px) 100vw, 1920px\" \/>\t\t\t\t\t\t\t\t\t\t\t\t\t\t\t<\/div>\n\t\t\t\t<\/div>\n\t\t\t\t\t<\/div>\n\t\t<\/div>\n\t\t\t\t\t<\/div>\n\t\t<\/section>\n\t\t\t\t<section class=\"elementor-section elementor-top-section elementor-element elementor-element-4f9a8843 elementor-section-height-min-height elementor-section-boxed elementor-section-height-default elementor-section-items-middle\" data-id=\"4f9a8843\" data-element_type=\"section\" data-e-type=\"section\" data-settings=\"{&quot;background_background&quot;:&quot;classic&quot;}\">\n\t\t\t\t\t\t<div class=\"elementor-container elementor-column-gap-default\">\n\t\t\t\t\t<div class=\"elementor-column elementor-col-100 elementor-top-column elementor-element elementor-element-17041e88\" data-id=\"17041e88\" data-element_type=\"column\" data-e-type=\"column\">\n\t\t\t<div class=\"elementor-widget-wrap elementor-element-populated\">\n\t\t\t\t\t\t\t<\/div>\n\t\t<\/div>\n\t\t\t\t\t<\/div>\n\t\t<\/section>\n\t\t\t\t<section class=\"elementor-section elementor-top-section elementor-element elementor-element-47dc2325 elementor-section-boxed elementor-section-height-default elementor-section-height-default\" data-id=\"47dc2325\" data-element_type=\"section\" data-e-type=\"section\">\n\t\t\t\t\t\t<div class=\"elementor-container elementor-column-gap-default\">\n\t\t\t\t\t<div class=\"elementor-column elementor-col-100 elementor-top-column elementor-element elementor-element-699a63e7\" data-id=\"699a63e7\" data-element_type=\"column\" data-e-type=\"column\">\n\t\t\t<div class=\"elementor-widget-wrap elementor-element-populated\">\n\t\t\t\t\t\t<div class=\"elementor-element elementor-element-74cdb4ae elementor-widget elementor-widget-spacer\" data-id=\"74cdb4ae\" data-element_type=\"widget\" data-e-type=\"widget\" data-widget_type=\"spacer.default\">\n\t\t\t\t<div class=\"elementor-widget-container\">\n\t\t\t\t\t\t\t<div class=\"elementor-spacer\">\n\t\t\t<div class=\"elementor-spacer-inner\"><\/div>\n\t\t<\/div>\n\t\t\t\t\t\t<\/div>\n\t\t\t\t<\/div>\n\t\t\t\t\t<\/div>\n\t\t<\/div>\n\t\t\t\t\t<\/div>\n\t\t<\/section>\n\t\t\t\t<section class=\"elementor-section elementor-top-section elementor-element elementor-element-8a7cbd4 elementor-section-boxed elementor-section-height-default elementor-section-height-default\" data-id=\"8a7cbd4\" data-element_type=\"section\" data-e-type=\"section\">\n\t\t\t\t\t\t<div class=\"elementor-container elementor-column-gap-default\">\n\t\t\t\t\t<div class=\"elementor-column elementor-col-100 elementor-top-column elementor-element elementor-element-99a22aa\" data-id=\"99a22aa\" data-element_type=\"column\" data-e-type=\"column\">\n\t\t\t<div class=\"elementor-widget-wrap elementor-element-populated\">\n\t\t\t\t\t\t<div class=\"elementor-element elementor-element-082071a elementor-widget elementor-widget-text-editor\" data-id=\"082071a\" data-element_type=\"widget\" data-e-type=\"widget\" data-widget_type=\"text-editor.default\">\n\t\t\t\t<div class=\"elementor-widget-container\">\n\t\t\t\t\t\t\t\t\t<p><em>Udgivet med venlig tilladelse fra Bell<\/em><\/p><p><strong>Et sted at l\u00e6re og leve godt\u00a0\u00a0\u00a0<\/strong><br \/>G\u00fctersloh (bit). B\u00f8rnebustrommerne annoncerer det, og skoleleder Gerhard Dickers er glad: Hundertwasser-skolen med s\u00e6rligt fokus p\u00e5 f\u00f8lelsesm\u00e6ssig og social udvikling i grundskolen har \"fundet et rigtigt hjem\" p\u00e5 den tidligere Volkening-skole i Holzstra\u00dfe i G\u00fctersloh. Et \"sted at l\u00e6re og bo, hvor man skal f\u00f8le sig hjemme\".<br \/>Efter ombygningen og den arkitektonisk imponerende udvidelse talte borgmester Maria Unger om en stor dag for eleverne og byen. Hundertwasser-skolen, der blev grundlagt for fem \u00e5r siden i G\u00fctersloh-distriktets regi p\u00e5 Edith Stein-skolen, flyttede senere til Anne Franks grundskole og har siden 2006 v\u00e6ret en kommunal skole. Unger henviste til den farverige kunstner, der har givet skolen sit navn. Han henvender sig til elever, der s\u00f8ger kreativitet. I hans \"regndr\u00e5be, der falder ned i byen\", ville b\u00f8rnene finde paralleller til deres \u00f8nsker, sagde borgmesteren.<br \/>NRW's skoleminister Barbara Sommer understregede som g\u00e6st b\u00e5ndet til byen og distriktet G\u00fctersloh, hvor hun arbejdede som skolebestyrelsesmedlem. Hun ville gerne have en dialog med b\u00f8rnene, men de sad allerede i skolebussen. S\u00e5 ville hun tale om Hundertwasser. Unger kom hende i fork\u00f8bet. Ikke desto mindre blev ministeren hos kunstneren, som stimulerede drenge og pigers fantasier med sin b\u00e5d. Livet har sider med m\u00f8rke og lys. Sommer f\u00f8lte taknemmelighed over for Hundertwasser, der altid havde v\u00e6ret imod den lige linje, og hans farverige billeder.<br \/>\"En rektor, en kollega og fem drenge\", beskrev Dickers begyndelsen i en dialog med den f\u00f8rste kollega Kerstin Richter. \"Vi var ikke engang en dv\u00e6rgskole og blev grinet lidt af,\" husker skolelederen. Han takkede skoleafdelingsleder Siegfried Lieske i Detmold og skolebestyrelsesmedlem Hartmut Stieghorst i distriktsadministrationen for deres st\u00f8tte. Han kaldte flytningen til byen G\u00fctersloh i 2006 for et heldigt \u00f8jeblik, fordi byen netop overvejede at oprette \u00e5bne heldagsskoler. Dockers ans\u00e5 Hundertwasser-skolen i sin nuv\u00e6rende form som en heldagsinstitution med fokus p\u00e5 socialp\u00e6dagogik i samarbejde med byens skole- og ungdomsafdeling for at v\u00e6re et forbillede.<br \/>Blandt g\u00e6sterne var Ursula Doppmeier MdL og distriktsformand Marianne Thomann-Stahl. En helt s\u00e6rlig g\u00e6st var Lisa Weber (92). Hun havde boet i 80 \u00e5r i l\u00e6rerlejligheden p\u00e5 Volkening-skolen, hvor hendes far engang var rektor, og hvor hun selv havde undervist i 30 \u00e5r.<br \/>(Offentliggjort den 15.09.2007 i Die Glocke)<\/p><p><em>Udgivet med venlig tilladelse fra Westfalen Blatt<\/em><\/p><p><strong>Opkaldt efter multitalentet<\/strong><br \/>Hundertwasser-skolen indvies i dag<br \/>Den er opkaldt efter kunstneren, multitalentet og milj\u00f8fork\u00e6mperen Hundertwasser og hedder \"F\u00f6rderschule der Stadt G\u00fctersloh\" (specialskole i byen G\u00fctersloh). Efter at have skiftet adresse har den dedikerede skole nu fundet sit nye hjem i Holzstra\u00dfe 30.<br \/>Skolen har tilh\u00f8rt byen siden 1. august 2006. I 2002 blev den grundlagt som en skole for p\u00e6dagogisk st\u00f8tte i G\u00fctersloh-distriktet med en klasse p\u00e5 fem elever og en l\u00e6rer for specialundervisning og ligger nu i Holzstra\u00dfe.<br \/>Den nye skolebygning vil blive officielt indviet i dag, fredag, kl. 14.30. Skoleministeren i delstaten Nordrhein-Westfalen, Barbara Sommer, forventes at deltage. I en pr\u00e6sentation med titlen \"Fem \u00e5r med Hundertwasser-skolen\" vil skoleleder Gerhard Dickers g\u00f8re status over skolens udvikling og skitsere dens fremtidsudsigter. Siegfried Lieske, leder af skoleafdelingen i Detmold, vil holde et opl\u00e6g om Hundertwasser-skolen i forbindelse med det skiftende skolelandskab. Det officielle program afsluttes med en rundvisning p\u00e5 skolen.<br \/>Den nye placering s\u00e6tter en streg under den midlertidige ordning: Fra 2002 til 2004 havde specialskolen til huse p\u00e5 Edith Stein-skolen og fra 2004 til 2007 midlertidigt p\u00e5 Anne Frank-skolen. Ikke desto mindre har l\u00e6rerteamet konstant arbejdet p\u00e5 at udvikle skolen. Fra begyndelsen af skole\u00e5ret 2007\/2008 vil specialskolen blive drevet som en \u00e5ben heldagsskole. P\u00e5 denne m\u00e5de \u00f8nsker Hundertwasser-skolen at st\u00f8tte den f\u00f8lelsesm\u00e6ssige og sociale udvikling af sine ca. 50 elever. En tilsvarende aftale med Sozialp\u00e4dagogisches und Psychomotorisches Institut G\u00fctersloh (SPI) og byen G\u00fctersloh blev underskrevet af de ansvarlige. Med SPI overtager en udbyder, som Ungdomsafdelingen har arbejdet sammen med i \u00e5revis inden for rehabilitering og p\u00e6dagogisk st\u00f8tte, heldagstilbuddet. Byen har investeret tre millioner euro i udvidelsen af den tidligere Volkening-skole. Ingen lige linjer: Facaden p\u00e5 bagsiden af den tidligere Volkening-skole blev designet i kunstneren Hundertwassers \u00e5nd til den skole, der er opkaldt efter ham.<br \/>(Offentliggjort den 14.09.2007 i Westfalen-Blatt)<\/p><p><em>Udgivet med venlig tilladelse fra Westfalen Blatt\u00a0<\/em><\/p><p><strong>B\u00f8rns verden er ikke altid farverig<\/strong><br \/><strong>Hundertwasser-skolen officielt indviet<\/strong><br \/>Af Michael Delker<\/p><p>Skoleleder Gerhard Dicker modtog et Hundertwasser-hus i miniature som gave fra borgmester Maria Unger. Skolepr\u00e6st Barbara Sommer talte en hilsen ved indvielsen.<\/p><p>G\u00fctersloh (WB) De forel\u00f8bige ordningers tid er forbi. Efter at den tidligere Volkening-skole er blevet udvidet med en tilbygning+, kunne Hundertwasser-skolen fredag eftermiddag officielt indvie sit nye domicil. Efter flere \u00e5r p\u00e5 Edith Stein-skolen og i en midlertidig bygning p\u00e5 Anne Frank-skolen har specialskolen endelig fundet et hjem. Betydningen af dette skridt for b\u00f8rn, for\u00e6ldre og l\u00e6rere blev tydeliggjort af borgmester Maria Unger's gave: Hun overrakte skoleinspekt\u00f8r Gerhard Dickers et Hundertwasser-hus i miniature - det kan bruges som fuglehus.<\/p><p>Nordrhein-Westfalens undervisningsminister Barbara Sommer, som tidligere har arbejdet som skolebestyrelsesmedlem i G\u00fctersloh-distriktet (\"Det var her, jeg oplevede min bedste tid p\u00e5 arbejdsmarkedet\"), holdt en velkomsttale. Hun fortalte de inviterede g\u00e6ster, at kunstneren Friedensreich Hundertwasser havde givet sig selv navnet \"Dunkelbunt\" i sin levetid. \"Navnet passer godt til de b\u00f8rn, der g\u00e5r i skole her. Deres verden er ikke altid farverig,\" sagde Barbara Sommer. Hundertwasser-skolen har sat sig det m\u00e5l at fremme den f\u00f8lelsesm\u00e6ssige og sociale udvikling af b\u00f8rn, som ikke kan klare sig i en konventionel skole.<\/p><p>I en samtale med sin kollega Kerstin Richter mindede Gerhard Dickers om grundl\u00e6ggelsen af skolen for fem \u00e5r siden. P\u00e5 det tidspunkt var der kun fem elever, \"og vi var nok den mindste skole i Nordrhein-Westfalen.\" Siden da har skolen langsomt udviklet sig, og det er en god ting.<\/p><p>(Offentliggjort den 15.09.2007 i Westfalen-Blatt)<\/p><p><em>Udgivet med venlig tilladelse fra NW - Neue Westf\u00e4lische\u00a0<\/em><big><big><small><br \/><big><big><small><\/small><\/big><\/big><\/small><\/big><\/big><\/p><p><strong>Endelig fundet et hjem<\/strong><br \/><strong>G\u00fctersloh har f\u00e5et en ny skole \/ Indvielse med minister Sommer\u00a0<\/strong><br \/>AF ROLF BIRKHOLZ<br \/>G\u00fctersloh. \"Vi er b\u00f8rn af denne verden, og vi trommer, som det passer os\". Med trommer, sang og fl\u00f8jter b\u00f8d b\u00f8rnene fra Hundertwasser-skolen i g\u00e5r skoleminister Barbara Sommer, distriktsformand Marianne Thomann-Stahl og de andre g\u00e6ster velkommen til indvielsen af deres skole. Musik og sang, resultatet af et afrikansk trommeprojekt, fik det til at se ud, som om eleverne allerede havde taget deres hus, der er opkaldt efter kunstneren og milj\u00f8fork\u00e6mperen Friedensreich Hundertwasser, i besiddelse, nemlig den tidligere Volkening-skole i Oststra\u00dfe\/Holzstra\u00dfe, som er blevet udvidet med en tilbygning.<br \/>Rektor Gerhard Dickers var glad for, at specialskolen med fokus p\u00e5 f\u00f8lelsesm\u00e6ssig og social udvikling, som blev grundlagt i 2002 og oprindeligt var ejet af distriktet, men siden er blevet en kommunal skole, nu har fundet \"et rigtigt hjem\" p\u00e5 sin nye adresse efter to flytninger og er blevet et sted at g\u00e5 i skole og et sted at bo. Det var et lykketr\u00e6f, at det lykkedes kommunearkitekt Karl-Heinz Rempe \"at skabe glade rum i Hundertwassers \u00e5nd\". Dickers s\u00e5 et andet held i, at Sozialp\u00e4dagogisches und Psychomotorisches Institut G\u00fctersloh (SPI), som centret samarbejder med inden for dagpleje, st\u00f8tteforanstaltninger og for\u00e6ldrepleje, har et st\u00f8ttecenter og en sportshal lige ved siden af i Holzstra\u00dfe, som ogs\u00e5 kan bruges. Borgmester Maria Unger havde f\u00f8rst t\u00e6nkt p\u00e5 at samle de to faciliteter p\u00e5 \u00e9t sted og dermed gjort synergieffekten mulig.<\/p><p>I fremtiden kunne Dickers forestille sig et socialp\u00e6dagogisk kompetencecenter her. Dette blev ogs\u00e5 gentaget af Siegfried Lieske, leder af distriktsregeringens skoleafdeling, og Hartmut Stieghorst, medlem af G\u00fcterslohs skolebestyrelse, som havde udviklet en dialog i form af et rollespil. Som svar p\u00e5 Stieghorsts udtalelse om, at Hundertwasser-skolen har opn\u00e5et meget p\u00e5 fem \u00e5r, sagde Lieske: \"Alle unge mennesker er meget motiverede: Hvad ville du ellers forvente?\"<\/p><p>Dickers og Kerstin Richter, hans dav\u00e6rende f\u00f8rste medarbejder, havde allerede i eftertiden foresl\u00e5et denne vurdering. Med to l\u00e6rere og fem elever \"f\u00f8lte de sig som den mindste skole i Nordrhein-Westfalen\" og blev grinet lidt af. Derefter beskrev de den konstante opadg\u00e5ende udvikling, herunder deltagelse i den uafh\u00e6ngige skole og \u00e5bne heldagsprojekter, hvor de nogle gange \"n\u00e5ede gr\u00e6nsen for deres kapacitet\".<\/p><p>Skoleminister Barbara Sommer talte forfriskende frit og uden manuskript. Hun fortalte, hvordan Friedrich Stowasser engang fandt sit kunstnernavn Friedensreich Hundertwasser. Ved at fors\u00f8ge at s\u00e6tte sig ind i b\u00f8rnenes sj\u00e6l, ved ogs\u00e5 at p\u00e5pege kunstnerens udtryk \"dunkelbunt\" (m\u00f8rkfarvet) for alle kunstnerens lyse farver, appellerede hun varmt til b\u00f8rnene i stedet for blot at l\u00e6se en pr\u00e6senteret tekst op, som det ikke er us\u00e6dvanligt i s\u00e5danne tilf\u00e6lde med politikere.<\/p><p>\u00a0<\/p><p><strong>Fra Volkening til Hundertwasser<\/strong><br \/>Efter to midlertidige placeringer har Hundertwasser-skolen fundet sit nye hjem i den tidligere Volkschule i Holzstra\u00dfe 30 (adgangsvej er Oststra\u00dfe), der er opkaldt efter den v\u00e6kkelsespr\u00e6dikant Johann Heinrich Volkening og bygget i 1903. Som en skole til uddannelsesst\u00f8tte for distriktet havde den oprindeligt til huse i Edith Stein-skolen og senere i Anne Frank-skolen. I 2006 overtog byen driften af skolen. Det startede i 2002 med to ansatte og fem elever, og i dag, inklusive heldagsomr\u00e5det, tager 20 fagfolk sig af 50 elever p\u00e5 stedet samt 20 andre b\u00f8rn, der modtager direkte st\u00f8tte p\u00e5 deres grundskoler. Renoveringen og udvidelsen efter arkitekt Karl-Heinz Rempe's planer kostede tre millioner euro. Rempe forblev tro mod princippet om den rette vinkel i udvidelsen. Men farvesammens\u00e6tningen, is\u00e6r p\u00e5 bagv\u00e6ggen, samt de farverige t\u00e5rne er tydeligt baseret p\u00e5 kunstneren og fantasiopvarmeren Hundertwassers udtryk.<br \/><small>(Offentliggjort den 15.09.2007 i NW- Neue Westf\u00e4lische)<\/small><\/p>\t\t\t\t\t\t\t\t<\/div>\n\t\t\t\t<\/div>\n\t\t\t\t\t<\/div>\n\t\t<\/div>\n\t\t\t\t\t<\/div>\n\t\t<\/section>\n\t\t\t\t<section class=\"elementor-section elementor-top-section elementor-element elementor-element-01dd008 elementor-section-boxed elementor-section-height-default elementor-section-height-default\" data-id=\"01dd008\" data-element_type=\"section\" data-e-type=\"section\">\n\t\t\t\t\t\t<div class=\"elementor-container elementor-column-gap-default\">\n\t\t\t\t\t<div class=\"elementor-column elementor-col-100 elementor-top-column elementor-element elementor-element-052942e\" data-id=\"052942e\" data-element_type=\"column\" data-e-type=\"column\">\n\t\t\t<div class=\"elementor-widget-wrap elementor-element-populated\">\n\t\t\t\t\t\t<div class=\"elementor-element elementor-element-7bae7a1 elementor-widget elementor-widget-spacer\" data-id=\"7bae7a1\" data-element_type=\"widget\" data-e-type=\"widget\" data-widget_type=\"spacer.default\">\n\t\t\t\t<div class=\"elementor-widget-container\">\n\t\t\t\t\t\t\t<div class=\"elementor-spacer\">\n\t\t\t<div class=\"elementor-spacer-inner\"><\/div>\n\t\t<\/div>\n\t\t\t\t\t\t<\/div>\n\t\t\t\t<\/div>\n\t\t\t\t\t<\/div>\n\t\t<\/div>\n\t\t\t\t\t<\/div>\n\t\t<\/section>\n\t\t\t\t<\/div>","protected":false},"excerpt":{"rendered":"<p>Ver\u00f6ffentlicht mit freundlicher Genehmigung der Glocke Ein Lern- und Lebensort zum Wohlf\u00fchlen\u00a0\u00a0\u00a0G\u00fctersloh (bit). Buschtrommeln der Kinder k\u00fcnden es, und Schulleiter Gerhard Dickers freut sich: Die Hundertwasserschule mit dem F\u00f6rderschwerpunkt emotionale und soziale Entwicklung im Primarbereich hat am Standort der ehemaligen Volkeningschule an der Holzstra\u00dfe in G\u00fctersloh \u201eeine wirkliche Heimat gefunden\u201c. Ein \u201eLern- und Lebensort, an [&hellip;]<\/p>\n","protected":false},"author":1,"featured_media":0,"parent":0,"menu_order":0,"comment_status":"closed","ping_status":"closed","template":"elementor_header_footer","meta":{"footnotes":""},"class_list":["post-851","page","type-page","status-publish","hentry"],"_links":{"self":[{"href":"https:\/\/hundertwasser-schule.de\/da_dk\/wp-json\/wp\/v2\/pages\/851","targetHints":{"allow":["GET"]}}],"collection":[{"href":"https:\/\/hundertwasser-schule.de\/da_dk\/wp-json\/wp\/v2\/pages"}],"about":[{"href":"https:\/\/hundertwasser-schule.de\/da_dk\/wp-json\/wp\/v2\/types\/page"}],"author":[{"embeddable":true,"href":"https:\/\/hundertwasser-schule.de\/da_dk\/wp-json\/wp\/v2\/users\/1"}],"replies":[{"embeddable":true,"href":"https:\/\/hundertwasser-schule.de\/da_dk\/wp-json\/wp\/v2\/comments?post=851"}],"version-history":[{"count":2,"href":"https:\/\/hundertwasser-schule.de\/da_dk\/wp-json\/wp\/v2\/pages\/851\/revisions"}],"predecessor-version":[{"id":1006,"href":"https:\/\/hundertwasser-schule.de\/da_dk\/wp-json\/wp\/v2\/pages\/851\/revisions\/1006"}],"wp:attachment":[{"href":"https:\/\/hundertwasser-schule.de\/da_dk\/wp-json\/wp\/v2\/media?parent=851"}],"curies":[{"name":"wp","href":"https:\/\/api.w.org\/{rel}","templated":true}]}}