{"id":37,"date":"2020-03-31T10:56:02","date_gmt":"2020-03-31T10:56:02","guid":{"rendered":"https:\/\/neu.hundertwasser-schule.de\/?page_id=37"},"modified":"2020-11-24T13:42:37","modified_gmt":"2020-11-24T12:42:37","slug":"auf-einen-blick","status":"publish","type":"page","link":"https:\/\/hundertwasser-schule.de\/el\/auf-einen-blick\/","title":{"rendered":"\u039c\u03b5 \u03bc\u03b9\u03b1 \u03bc\u03b1\u03c4\u03b9\u03ac"},"content":{"rendered":"<div data-elementor-type=\"wp-page\" data-elementor-id=\"37\" class=\"elementor elementor-37\" data-elementor-post-type=\"page\">\n\t\t\t\t\t\t<section class=\"elementor-section elementor-top-section elementor-element elementor-element-67358a02 elementor-section-stretched elementor-section-full_width elementor-section-height-default elementor-section-height-default\" data-id=\"67358a02\" data-element_type=\"section\" data-e-type=\"section\" data-settings=\"{&quot;stretch_section&quot;:&quot;section-stretched&quot;}\">\n\t\t\t\t\t\t<div class=\"elementor-container elementor-column-gap-no\">\n\t\t\t\t\t<div class=\"elementor-column elementor-col-100 elementor-top-column elementor-element elementor-element-586636bf\" data-id=\"586636bf\" data-element_type=\"column\" data-e-type=\"column\">\n\t\t\t<div class=\"elementor-widget-wrap elementor-element-populated\">\n\t\t\t\t\t\t<div class=\"elementor-element elementor-element-5ec13e42 elementor-widget elementor-widget-image\" data-id=\"5ec13e42\" data-element_type=\"widget\" data-e-type=\"widget\" data-widget_type=\"image.default\">\n\t\t\t\t<div class=\"elementor-widget-container\">\n\t\t\t\t\t\t\t\t\t\t\t\t\t\t\t<img fetchpriority=\"high\" decoding=\"async\" width=\"1920\" height=\"230\" src=\"https:\/\/hundertwasser-schule.de\/wp-content\/uploads\/2020\/03\/bild1.jpg\" class=\"attachment-full size-full wp-image-108\" alt=\"\" srcset=\"https:\/\/hundertwasser-schule.de\/wp-content\/uploads\/2020\/03\/bild1.jpg 1920w, https:\/\/hundertwasser-schule.de\/wp-content\/uploads\/2020\/03\/bild1-300x36.jpg 300w, https:\/\/hundertwasser-schule.de\/wp-content\/uploads\/2020\/03\/bild1-1024x123.jpg 1024w, https:\/\/hundertwasser-schule.de\/wp-content\/uploads\/2020\/03\/bild1-768x92.jpg 768w, https:\/\/hundertwasser-schule.de\/wp-content\/uploads\/2020\/03\/bild1-1536x184.jpg 1536w, https:\/\/hundertwasser-schule.de\/wp-content\/uploads\/2020\/03\/bild1-20x2.jpg 20w\" sizes=\"(max-width: 1920px) 100vw, 1920px\" \/>\t\t\t\t\t\t\t\t\t\t\t\t\t\t\t<\/div>\n\t\t\t\t<\/div>\n\t\t\t\t\t<\/div>\n\t\t<\/div>\n\t\t\t\t\t<\/div>\n\t\t<\/section>\n\t\t\t\t<section class=\"elementor-section elementor-top-section elementor-element elementor-element-71fa5576 elementor-section-height-min-height elementor-section-boxed elementor-section-height-default elementor-section-items-middle\" data-id=\"71fa5576\" data-element_type=\"section\" data-e-type=\"section\" data-settings=\"{&quot;background_background&quot;:&quot;classic&quot;}\">\n\t\t\t\t\t\t<div class=\"elementor-container elementor-column-gap-default\">\n\t\t\t\t\t<div class=\"elementor-column elementor-col-100 elementor-top-column elementor-element elementor-element-2a0b54c4\" data-id=\"2a0b54c4\" data-element_type=\"column\" data-e-type=\"column\">\n\t\t\t<div class=\"elementor-widget-wrap elementor-element-populated\">\n\t\t\t\t\t\t\t<\/div>\n\t\t<\/div>\n\t\t\t\t\t<\/div>\n\t\t<\/section>\n\t\t\t\t<section class=\"elementor-section elementor-top-section elementor-element elementor-element-4279139d elementor-section-boxed elementor-section-height-default elementor-section-height-default\" data-id=\"4279139d\" data-element_type=\"section\" data-e-type=\"section\">\n\t\t\t\t\t\t<div class=\"elementor-container elementor-column-gap-default\">\n\t\t\t\t\t<div class=\"elementor-column elementor-col-100 elementor-top-column elementor-element elementor-element-51af3ddc\" data-id=\"51af3ddc\" data-element_type=\"column\" data-e-type=\"column\">\n\t\t\t<div class=\"elementor-widget-wrap elementor-element-populated\">\n\t\t\t\t\t\t<div class=\"elementor-element elementor-element-6d210516 elementor-widget elementor-widget-spacer\" data-id=\"6d210516\" data-element_type=\"widget\" data-e-type=\"widget\" data-widget_type=\"spacer.default\">\n\t\t\t\t<div class=\"elementor-widget-container\">\n\t\t\t\t\t\t\t<div class=\"elementor-spacer\">\n\t\t\t<div class=\"elementor-spacer-inner\"><\/div>\n\t\t<\/div>\n\t\t\t\t\t\t<\/div>\n\t\t\t\t<\/div>\n\t\t\t\t\t<\/div>\n\t\t<\/div>\n\t\t\t\t\t<\/div>\n\t\t<\/section>\n\t\t\t\t<section class=\"elementor-section elementor-top-section elementor-element elementor-element-bd49105 elementor-section-boxed elementor-section-height-default elementor-section-height-default\" data-id=\"bd49105\" data-element_type=\"section\" data-e-type=\"section\">\n\t\t\t\t\t\t<div class=\"elementor-container elementor-column-gap-default\">\n\t\t\t\t\t<div class=\"elementor-column elementor-col-100 elementor-top-column elementor-element elementor-element-0a49f76\" data-id=\"0a49f76\" data-element_type=\"column\" data-e-type=\"column\">\n\t\t\t<div class=\"elementor-widget-wrap elementor-element-populated\">\n\t\t\t\t\t\t<div class=\"elementor-element elementor-element-6073bad elementor-widget elementor-widget-text-editor\" data-id=\"6073bad\" data-element_type=\"widget\" data-e-type=\"widget\" data-widget_type=\"text-editor.default\">\n\t\t\t\t<div class=\"elementor-widget-container\">\n\t\t\t\t\t\t\t\t\t<p>\u0397 \u03b2\u03b1\u03c3\u03b9\u03ba\u03ae \u03b9\u03b4\u03ad\u03b1 \u03c4\u03bf\u03c5 Open All Day \u03c3\u03c4\u03bf \u03c3\u03c7\u03bf\u03bb\u03b5\u03af\u03bf Hundertwasser \u03b5\u03af\u03bd\u03b1\u03b9 \u03bd\u03b1 \u03c0\u03b1\u03c1\u03ad\u03c7\u03b5\u03b9 \u03c3\u03b5 \u03cc\u03bb\u03b1 \u03c4\u03b1 \u03c0\u03b1\u03b9\u03b4\u03b9\u03ac \u03c4\u03bf\u03c5 \u03c3\u03c7\u03bf\u03bb\u03b5\u03af\u03bf\u03c5 \u03c4\u03b7\u03bd \u03ba\u03b1\u03bb\u03cd\u03c4\u03b5\u03c1\u03b7 \u03b4\u03c5\u03bd\u03b1\u03c4\u03ae \u03c5\u03c0\u03bf\u03c3\u03c4\u03ae\u03c1\u03b9\u03be\u03b7 \u03c3\u03c4\u03bf\u03bd \u03c4\u03bf\u03bc\u03ad\u03b1 \u03c4\u03b7\u03c2 \u03c3\u03c5\u03bd\u03b1\u03b9\u03c3\u03b8\u03b7\u03bc\u03b1\u03c4\u03b9\u03ba\u03ae\u03c2 \u03ba\u03b1\u03b9 \u03ba\u03bf\u03b9\u03bd\u03c9\u03bd\u03b9\u03ba\u03ae\u03c2 \u03c4\u03bf\u03c5\u03c2 \u03b1\u03bd\u03ac\u03c0\u03c4\u03c5\u03be\u03b7\u03c2 \u03c3\u03b5 \u03ad\u03bd\u03b1 \u03c0\u03bf\u03bb\u03c5-\u03b5\u03c0\u03b1\u03b3\u03b3\u03b5\u03bb\u03bc\u03b1\u03c4\u03b9\u03ba\u03cc \u03c0\u03b5\u03c1\u03b9\u03b2\u03ac\u03bb\u03bb\u03bf\u03bd.<\/p><p>\u03a4\u03bf \u03c3\u03c7\u03bf\u03bb\u03b5\u03af\u03bf Hundertwasser \u03ba\u03b1\u03b9 \u03c4\u03bf SPI \u03b4\u03b9\u03bf\u03c1\u03b3\u03b1\u03bd\u03ce\u03bd\u03bf\u03c5\u03bd \u03b1\u03c0\u03cc \u03ba\u03bf\u03b9\u03bd\u03bf\u03cd \u03b1\u03c5\u03c4\u03cc \u03c4\u03bf \u03b1\u03bd\u03bf\u03b9\u03c7\u03c4\u03cc \u03bf\u03bb\u03bf\u03ae\u03bc\u03b5\u03c1\u03bf. \u0397 \u03c3\u03c5\u03bd\u03bf\u03bb\u03b9\u03ba\u03ae \u03b9\u03b4\u03ad\u03b1 \u03b1\u03bd\u03b1\u03c0\u03c4\u03cd\u03c3\u03c3\u03b5\u03c4\u03b1\u03b9 \u03c0\u03b5\u03c1\u03b1\u03b9\u03c4\u03ad\u03c1\u03c9 \u03b1\u03c0\u03cc \u03c4\u03bf\u03c5\u03c2 \u03ba\u03bf\u03b9\u03bd\u03c9\u03bd\u03b9\u03ba\u03bf\u03cd\u03c2 \u03c0\u03b1\u03b9\u03b4\u03b1\u03b3\u03c9\u03b3\u03bf\u03cd\u03c2 \u03c4\u03bf\u03c5 \u03b1\u03bd\u03bf\u03b9\u03c7\u03c4\u03bf\u03cd \u03bf\u03bb\u03bf\u03ae\u03bc\u03b5\u03c1\u03bf\u03c5 \u03c3\u03c7\u03bf\u03bb\u03b5\u03af\u03bf\u03c5 \u03ba\u03b1\u03b9 \u03c4\u03bf\u03c5\u03c2 \u03b5\u03ba\u03c0\u03b1\u03b9\u03b4\u03b5\u03c5\u03c4\u03b9\u03ba\u03bf\u03cd\u03c2 \u03c4\u03bf\u03c5 \u03c3\u03c7\u03bf\u03bb\u03b5\u03af\u03bf\u03c5.<\/p><p>\u0397 \u03ba\u03bf\u03b9\u03bd\u03c9\u03bd\u03b9\u03ba\u03ae \u03c0\u03b1\u03b9\u03b4\u03b1\u03b3\u03c9\u03b3\u03b9\u03ba\u03ae \u03b7\u03bc\u03b5\u03c1\u03ae\u03c3\u03b9\u03b1 \u03c6\u03c1\u03bf\u03bd\u03c4\u03af\u03b4\u03b1 \u03c0\u03c1\u03bf\u03c3\u03c6\u03ad\u03c1\u03b5\u03b9 \u03c4\u03b9\u03c2 \u03b1\u03ba\u03cc\u03bb\u03bf\u03c5\u03b8\u03b5\u03c2 \u03c5\u03c0\u03b7\u03c1\u03b5\u03c3\u03af\u03b5\u03c2:\u00a0<\/p><ul><li>\u039c\u03ad\u03c4\u03c1\u03b1 \u03b4\u03b9\u03ac\u03c1\u03b8\u03c1\u03c9\u03c3\u03b7\u03c2 \u03c4\u03b7\u03c2 \u03b7\u03bc\u03ad\u03c1\u03b1\u03c2<\/li><li>\u039f\u03b9\u03ba\u03bf\u03b3\u03b5\u03bd\u03b5\u03b9\u03b1\u03ba\u03ae \u03b5\u03c1\u03b3\u03b1\u03c3\u03af\u03b1\u00a0<\/li><li>\u0392\u03bf\u03ae\u03b8\u03b5\u03b9\u03b1 \u03c3\u03c4\u03b7\u03bd \u03b1\u03bd\u03b1\u03c4\u03c1\u03bf\u03c6\u03ae\u00a0<\/li><li>\u03a3\u03c5\u03bc\u03bc\u03b5\u03c4\u03bf\u03c7\u03ae<\/li><li>\u038f\u03c1\u03b5\u03c2 \u03b4\u03b9\u03b1\u03b2\u03bf\u03cd\u03bb\u03b5\u03c5\u03c3\u03b7\u03c2 \u03bc\u03b5 \u03c4\u03b1 \u03c0\u03b1\u03b9\u03b4\u03b9\u03ac<\/li><li>\u03a7\u03c1\u03b7\u03bc\u03b1\u03c4\u03bf\u03b4\u03cc\u03c4\u03b7\u03c3\u03b7 \u03b2\u03ac\u03c3\u03b5\u03b9 \u03c4\u03cc\u03ba\u03c9\u03bd (\u03a7\u03a4)<\/li><li>\u0395\u03ba\u03c0\u03b1\u03af\u03b4\u03b5\u03c5\u03c3\u03b7 \u03c3\u03c5\u03b3\u03ba\u03ad\u03bd\u03c4\u03c1\u03c9\u03c3\u03b7\u03c2 Marburg<\/li><\/ul><p>\u00a0<\/p><p>\u03a3\u03c4\u03b7\u03bd \u039a\u03bf\u03b9\u03bd\u03c9\u03bd\u03b9\u03ba\u03ae \u03a0\u03b1\u03b9\u03b4\u03b1\u03b3\u03c9\u03b3\u03b9\u03ba\u03ae \u0397\u03bc\u03b5\u03c1\u03ae\u03c3\u03b9\u03b1 \u03a6\u03c1\u03bf\u03bd\u03c4\u03af\u03b4\u03b1, 54 \u03c0\u03b1\u03b9\u03b4\u03b9\u03ac \u03ba\u03b1\u03b9 \u03bf\u03b9 \u03bf\u03b9\u03ba\u03bf\u03b3\u03ad\u03bd\u03b5\u03b9\u03ad\u03c2 \u03c4\u03bf\u03c5\u03c2 \u03c6\u03c1\u03bf\u03bd\u03c4\u03af\u03b6\u03bf\u03bd\u03c4\u03b1\u03b9 \u03bc\u03b5 \u03c4\u03bf \u03c5\u03c8\u03b7\u03bb\u03cc \u03b5\u03c0\u03af\u03c0\u03b5\u03b4\u03bf \u03c4\u03b7\u03c2 STB. \u03a4\u03b1 54 \u03c0\u03b1\u03b9\u03b4\u03b9\u03ac \u03c7\u03c9\u03c1\u03af\u03b6\u03bf\u03bd\u03c4\u03b1\u03b9 \u03c3\u03b5 \u03c4\u03ad\u03c3\u03c3\u03b5\u03c1\u03b9\u03c2 \u03bf\u03bc\u03ac\u03b4\u03b5\u03c2 \u03bc\u03b5 \u03bc\u03ad\u03b3\u03b5\u03b8\u03bf\u03c2 12-15 \u03c0\u03b1\u03b9\u03b4\u03b9\u03ce\u03bd. \u039f\u03b9 \u03ce\u03c1\u03b5\u03c2 \u03c6\u03c1\u03bf\u03bd\u03c4\u03af\u03b4\u03b1\u03c2 \u03b5\u03af\u03bd\u03b1\u03b9 \u03b1\u03c0\u03cc \u03c4\u03b9\u03c2 12:00 \u03ad\u03c9\u03c2 \u03c4\u03b9\u03c2 16:00 \u0394\u03b5\u03c5\u03c4\u03ad\u03c1\u03b1 \u03ad\u03c9\u03c2 \u03a0\u03ad\u03bc\u03c0\u03c4\u03b7 \u03ba\u03b1\u03b9 \u03ad\u03c9\u03c2 \u03c4\u03b9\u03c2 15:00 \u03c4\u03b7\u03bd \u03a0\u03b1\u03c1\u03b1\u03c3\u03ba\u03b5\u03c5\u03ae. \u039a\u03b1\u03c4\u03ac \u03c4\u03b7 \u03b4\u03b9\u03ac\u03c1\u03ba\u03b5\u03b9\u03b1 \u03c4\u03c9\u03bd \u03c3\u03c7\u03bf\u03bb\u03b9\u03ba\u03ce\u03bd \u03b4\u03b9\u03b1\u03ba\u03bf\u03c0\u03ce\u03bd \u03ba\u03b1\u03b9 \u03c4\u03b9\u03c2 \u03b7\u03bc\u03ad\u03c1\u03b5\u03c2 \u03b3\u03b5\u03c6\u03cd\u03c1\u03c9\u03c3\u03b7\u03c2, \u03c0\u03c1\u03bf\u03c3\u03c6\u03ad\u03c1\u03bf\u03c5\u03bc\u03b5 \u03b1\u03be\u03b9\u03cc\u03c0\u03b9\u03c3\u03c4\u03b7 \u03c6\u03c1\u03bf\u03bd\u03c4\u03af\u03b4\u03b1 \u03b4\u03b9\u03b1\u03ba\u03bf\u03c0\u03ce\u03bd.<\/p><p>\u0397 \u03bf\u03bc\u03ac\u03b4\u03b1 \u03c4\u03b7\u03c2 \u039a\u03bf\u03b9\u03bd\u03c9\u03bd\u03b9\u03ba\u03ae\u03c2 \u03a0\u03b1\u03b9\u03b4\u03b1\u03b3\u03c9\u03b3\u03b9\u03ba\u03ae\u03c2 \u0397\u03bc\u03b5\u03c1\u03ae\u03c3\u03b9\u03b1\u03c2 \u03a6\u03c1\u03bf\u03bd\u03c4\u03af\u03b4\u03b1\u03c2 \u03b1\u03c0\u03bf\u03c4\u03b5\u03bb\u03b5\u03af\u03c4\u03b1\u03b9 \u03b1\u03c0\u03cc \u03ba\u03bf\u03b9\u03bd\u03c9\u03bd\u03b9\u03ba\u03bf\u03cd\u03c2 \u03c0\u03b1\u03b9\u03b4\u03b1\u03b3\u03c9\u03b3\u03bf\u03cd\u03c2, \u03ba\u03bf\u03b9\u03bd\u03c9\u03bd\u03b9\u03ba\u03bf\u03cd\u03c2 \u03bb\u03b5\u03b9\u03c4\u03bf\u03c5\u03c1\u03b3\u03bf\u03cd\u03c2, \u03b5\u03ba\u03c0\u03b1\u03b9\u03b4\u03b5\u03c5\u03c4\u03b9\u03ba\u03bf\u03cd\u03c2 \u03b5\u03c0\u03b9\u03c3\u03c4\u03ae\u03bc\u03bf\u03bd\u03b5\u03c2, \u03c0\u03b1\u03b9\u03b4\u03b1\u03b3\u03c9\u03b3\u03bf\u03cd\u03c2 \u03ba\u03b1\u03b9 \u03b2\u03bf\u03b7\u03b8\u03bf\u03cd\u03c2 \u03c6\u03bf\u03b9\u03c4\u03b7\u03c4\u03ad\u03c2. \u0395\u03c0\u03b9\u03c0\u03bb\u03ad\u03bf\u03bd, \u03bf\u03b9 \u03b5\u03c0\u03b1\u03b3\u03b3\u03b5\u03bb\u03bc\u03b1\u03c4\u03af\u03b5\u03c2 \u03ad\u03c7\u03bf\u03c5\u03bd \u03c0\u03c1\u03cc\u03c3\u03b8\u03b5\u03c4\u03b7 \u03b5\u03ba\u03c0\u03b1\u03af\u03b4\u03b5\u03c5\u03c3\u03b7 \u03c3\u03c4\u03b7 \u03c3\u03c5\u03bc\u03b2\u03bf\u03c5\u03bb\u03b5\u03c5\u03c4\u03b9\u03ba\u03ae \u03bc\u03b5 \u03b5\u03c0\u03af\u03bb\u03c5\u03c3\u03b7, \u03c4\u03b7\u03bd \u03bf\u03b9\u03ba\u03bf\u03b3\u03b5\u03bd\u03b5\u03b9\u03b1\u03ba\u03ae \u03b8\u03b5\u03c1\u03b1\u03c0\u03b5\u03af\u03b1, \u03c4\u03b7\u03bd \u03c8\u03c5\u03c7\u03bf\u03c4\u03c1\u03bf\u03c0\u03bf\u03bb\u03bf\u03b3\u03af\u03b1, \u03c4\u03b7 \u03b2\u03b9\u03c9\u03bc\u03b1\u03c4\u03b9\u03ba\u03ae \u03b5\u03ba\u03c0\u03b1\u03af\u03b4\u03b5\u03c5\u03c3\u03b7, \u03c4\u03b7\u03bd \u03b5\u03ba\u03c0\u03b1\u03af\u03b4\u03b5\u03c5\u03c3\u03b7 \u03bc\u03b5 \u03c4\u03b7 \u03b2\u03bf\u03ae\u03b8\u03b5\u03b9\u03b1 \u03b6\u03ce\u03c9\u03bd \u03ba\u03b1\u03b9 \u03c4\u03b7\u03bd \u03b5\u03ba\u03c0\u03b1\u03af\u03b4\u03b5\u03c5\u03c3\u03b7 \u03c3\u03c5\u03b3\u03ba\u03ad\u03bd\u03c4\u03c1\u03c9\u03c3\u03b7\u03c2. \u0395\u03ba\u03c4\u03cc\u03c2 \u03b1\u03c0\u03cc \u03b1\u03c5\u03c4\u03ad\u03c2 \u03c4\u03b9\u03c2 \u03b2\u03b1\u03c3\u03b9\u03ba\u03ad\u03c2 \u03b1\u03c0\u03b1\u03b9\u03c4\u03ae\u03c3\u03b5\u03b9\u03c2, \u03b7 \u03c4\u03b1\u03ba\u03c4\u03b9\u03ba\u03ae \u03b5\u03c0\u03b9\u03bc\u03cc\u03c1\u03c6\u03c9\u03c3\u03b7 \u03ba\u03b1\u03b9 \u03b7 \u03b5\u03c0\u03bf\u03c0\u03c4\u03b5\u03af\u03b1 \u03b1\u03c0\u03bf\u03c4\u03b5\u03bb\u03bf\u03cd\u03bd \u03c3\u03b7\u03bc\u03b1\u03bd\u03c4\u03b9\u03ba\u03ac \u03c3\u03c4\u03bf\u03b9\u03c7\u03b5\u03af\u03b1 \u03c4\u03b7\u03c2 \u03b5\u03c1\u03b3\u03b1\u03c3\u03af\u03b1\u03c2. \u039a\u03ac\u03b8\u03b5 \u03b5\u03ba\u03c0\u03b1\u03b9\u03b4\u03b5\u03c5\u03c4\u03b9\u03ba\u03cc\u03c2 \u03b5\u03af\u03bd\u03b1\u03b9 \u03c4\u03bf \u03c0\u03c1\u03cc\u03c3\u03c9\u03c0\u03bf \u03b5\u03c0\u03b1\u03c6\u03ae\u03c2 \u03b3\u03b9\u03b1 \u03bc\u03b5\u03bc\u03bf\u03bd\u03c9\u03bc\u03ad\u03bd\u03b1 \u03c0\u03b1\u03b9\u03b4\u03b9\u03ac \u03ba\u03b1\u03b9 \u03c4\u03b9\u03c2 \u03bf\u03b9\u03ba\u03bf\u03b3\u03ad\u03bd\u03b5\u03b9\u03ad\u03c2 \u03c4\u03bf\u03c5\u03c2 \u03c3\u03c4\u03bf \u03c0\u03bb\u03b1\u03af\u03c3\u03b9\u03bf \u03c4\u03bf\u03c5 \"\u03c3\u03c5\u03c3\u03c4\u03ae\u03bc\u03b1\u03c4\u03bf\u03c2 \u03b1\u03bd\u03b1\u03c6\u03bf\u03c1\u03ac\u03c2\".<\/p><p>\u03a4\u03bf \u03b1\u03c0\u03cc\u03b3\u03b5\u03c5\u03bc\u03b1 \u03c0\u03c1\u03b1\u03b3\u03bc\u03b1\u03c4\u03bf\u03c0\u03bf\u03b9\u03bf\u03cd\u03bd\u03c4\u03b1\u03b9 \u03b1\u03c4\u03bf\u03bc\u03b9\u03ba\u03ad\u03c2 \u03c3\u03c5\u03bd\u03b5\u03b4\u03c1\u03af\u03b5\u03c2 \u03c5\u03c0\u03bf\u03c3\u03c4\u03ae\u03c1\u03b9\u03be\u03b7\u03c2 \u03b3\u03b9\u03b1 \u03c4\u03b1 \u03c0\u03b1\u03b9\u03b4\u03b9\u03ac. \u0391\u03c5\u03c4\u03ad\u03c2 \u03c4\u03b9\u03c2 \u03c0\u03b1\u03c1\u03b1\u03ba\u03bf\u03bb\u03bf\u03c5\u03b8\u03bf\u03cd\u03bd \u03c4\u03b1 \u03c0\u03b1\u03b9\u03b4\u03b9\u03ac \u03b3\u03b9\u03b1 \u03b4\u03b9\u03ac\u03c3\u03c4\u03b7\u03bc\u03b1 \u03b1\u03c1\u03ba\u03b5\u03c4\u03ce\u03bd \u03b5\u03b2\u03b4\u03bf\u03bc\u03ac\u03b4\u03c9\u03bd.<\/p>\t\t\t\t\t\t\t\t<\/div>\n\t\t\t\t<\/div>\n\t\t\t\t\t<\/div>\n\t\t<\/div>\n\t\t\t\t\t<\/div>\n\t\t<\/section>\n\t\t\t\t<\/div>","protected":false},"excerpt":{"rendered":"<p>Die Grundidee des Offenen Ganztags an der Hundertwasser-Schule ist es, allen Kindern der Schule in einem multiprofessionellem Setting eine m\u00f6glichst optimale F\u00f6rderung im Bereich ihrer emotionalen und sozialen Entwicklung zu erm\u00f6glichen. Hundertwasser-Schule und SPI gestalten diesen Offenen Ganztag gemeinsam. Das Gesamtkonzept wird von den Sozialp\u00e4dagoginnen und Sozialp\u00e4dagogen des Offenen Ganztags sowie den Lehrerinnen und und [&hellip;]<\/p>\n","protected":false},"author":1,"featured_media":0,"parent":0,"menu_order":0,"comment_status":"closed","ping_status":"closed","template":"elementor_header_footer","meta":{"footnotes":""},"class_list":["post-37","page","type-page","status-publish","hentry"],"_links":{"self":[{"href":"https:\/\/hundertwasser-schule.de\/el\/wp-json\/wp\/v2\/pages\/37","targetHints":{"allow":["GET"]}}],"collection":[{"href":"https:\/\/hundertwasser-schule.de\/el\/wp-json\/wp\/v2\/pages"}],"about":[{"href":"https:\/\/hundertwasser-schule.de\/el\/wp-json\/wp\/v2\/types\/page"}],"author":[{"embeddable":true,"href":"https:\/\/hundertwasser-schule.de\/el\/wp-json\/wp\/v2\/users\/1"}],"replies":[{"embeddable":true,"href":"https:\/\/hundertwasser-schule.de\/el\/wp-json\/wp\/v2\/comments?post=37"}],"version-history":[{"count":5,"href":"https:\/\/hundertwasser-schule.de\/el\/wp-json\/wp\/v2\/pages\/37\/revisions"}],"predecessor-version":[{"id":1575,"href":"https:\/\/hundertwasser-schule.de\/el\/wp-json\/wp\/v2\/pages\/37\/revisions\/1575"}],"wp:attachment":[{"href":"https:\/\/hundertwasser-schule.de\/el\/wp-json\/wp\/v2\/media?parent=37"}],"curies":[{"name":"wp","href":"https:\/\/api.w.org\/{rel}","templated":true}]}}