{"id":676,"date":"2020-04-13T10:29:21","date_gmt":"2020-04-13T08:29:21","guid":{"rendered":"https:\/\/neu.hundertwasser-schule.de\/?page_id=676"},"modified":"2020-04-13T10:35:03","modified_gmt":"2020-04-13T08:35:03","slug":"welche-kinder-besuchen-die-hws","status":"publish","type":"page","link":"https:\/\/hundertwasser-schule.de\/el\/welche-kinder-besuchen-die-hws\/","title":{"rendered":"\u03a0\u03bf\u03b9\u03b1 \u03c0\u03b1\u03b9\u03b4\u03b9\u03ac \u03c0\u03b1\u03c1\u03b1\u03ba\u03bf\u03bb\u03bf\u03c5\u03b8\u03bf\u03cd\u03bd \u03c4\u03bf HWS"},"content":{"rendered":"<div data-elementor-type=\"wp-page\" data-elementor-id=\"676\" class=\"elementor elementor-676\" data-elementor-post-type=\"page\">\n\t\t\t\t\t\t<section class=\"elementor-section elementor-top-section elementor-element elementor-element-554070bd elementor-section-stretched elementor-section-full_width elementor-section-height-default elementor-section-height-default\" data-id=\"554070bd\" data-element_type=\"section\" data-e-type=\"section\" data-settings=\"{&quot;stretch_section&quot;:&quot;section-stretched&quot;}\">\n\t\t\t\t\t\t<div class=\"elementor-container elementor-column-gap-no\">\n\t\t\t\t\t<div class=\"elementor-column elementor-col-100 elementor-top-column elementor-element elementor-element-54675096\" data-id=\"54675096\" data-element_type=\"column\" data-e-type=\"column\">\n\t\t\t<div class=\"elementor-widget-wrap elementor-element-populated\">\n\t\t\t\t\t\t<div class=\"elementor-element elementor-element-12ed7ddc elementor-widget elementor-widget-image\" data-id=\"12ed7ddc\" data-element_type=\"widget\" data-e-type=\"widget\" data-widget_type=\"image.default\">\n\t\t\t\t<div class=\"elementor-widget-container\">\n\t\t\t\t\t\t\t\t\t\t\t\t\t\t\t<img fetchpriority=\"high\" decoding=\"async\" width=\"1920\" height=\"230\" src=\"https:\/\/hundertwasser-schule.de\/wp-content\/uploads\/2020\/03\/bild1.jpg\" class=\"attachment-full size-full wp-image-108\" alt=\"\" srcset=\"https:\/\/hundertwasser-schule.de\/wp-content\/uploads\/2020\/03\/bild1.jpg 1920w, https:\/\/hundertwasser-schule.de\/wp-content\/uploads\/2020\/03\/bild1-300x36.jpg 300w, https:\/\/hundertwasser-schule.de\/wp-content\/uploads\/2020\/03\/bild1-1024x123.jpg 1024w, https:\/\/hundertwasser-schule.de\/wp-content\/uploads\/2020\/03\/bild1-768x92.jpg 768w, https:\/\/hundertwasser-schule.de\/wp-content\/uploads\/2020\/03\/bild1-1536x184.jpg 1536w, https:\/\/hundertwasser-schule.de\/wp-content\/uploads\/2020\/03\/bild1-20x2.jpg 20w\" sizes=\"(max-width: 1920px) 100vw, 1920px\" \/>\t\t\t\t\t\t\t\t\t\t\t\t\t\t\t<\/div>\n\t\t\t\t<\/div>\n\t\t\t\t\t<\/div>\n\t\t<\/div>\n\t\t\t\t\t<\/div>\n\t\t<\/section>\n\t\t\t\t<section class=\"elementor-section elementor-top-section elementor-element elementor-element-636a5807 elementor-section-height-min-height elementor-section-boxed elementor-section-height-default elementor-section-items-middle\" data-id=\"636a5807\" data-element_type=\"section\" data-e-type=\"section\" data-settings=\"{&quot;background_background&quot;:&quot;classic&quot;}\">\n\t\t\t\t\t\t<div class=\"elementor-container elementor-column-gap-default\">\n\t\t\t\t\t<div class=\"elementor-column elementor-col-100 elementor-top-column elementor-element elementor-element-5c15b9b8\" data-id=\"5c15b9b8\" data-element_type=\"column\" data-e-type=\"column\">\n\t\t\t<div class=\"elementor-widget-wrap elementor-element-populated\">\n\t\t\t\t\t\t\t<\/div>\n\t\t<\/div>\n\t\t\t\t\t<\/div>\n\t\t<\/section>\n\t\t\t\t<section class=\"elementor-section elementor-top-section elementor-element elementor-element-2f63cb0c elementor-section-boxed elementor-section-height-default elementor-section-height-default\" data-id=\"2f63cb0c\" data-element_type=\"section\" data-e-type=\"section\">\n\t\t\t\t\t\t<div class=\"elementor-container elementor-column-gap-default\">\n\t\t\t\t\t<div class=\"elementor-column elementor-col-100 elementor-top-column elementor-element elementor-element-58186eed\" data-id=\"58186eed\" data-element_type=\"column\" data-e-type=\"column\">\n\t\t\t<div class=\"elementor-widget-wrap elementor-element-populated\">\n\t\t\t\t\t\t<div class=\"elementor-element elementor-element-55a02d61 elementor-widget elementor-widget-spacer\" data-id=\"55a02d61\" data-element_type=\"widget\" data-e-type=\"widget\" data-widget_type=\"spacer.default\">\n\t\t\t\t<div class=\"elementor-widget-container\">\n\t\t\t\t\t\t\t<div class=\"elementor-spacer\">\n\t\t\t<div class=\"elementor-spacer-inner\"><\/div>\n\t\t<\/div>\n\t\t\t\t\t\t<\/div>\n\t\t\t\t<\/div>\n\t\t\t\t\t<\/div>\n\t\t<\/div>\n\t\t\t\t\t<\/div>\n\t\t<\/section>\n\t\t\t\t<section class=\"elementor-section elementor-top-section elementor-element elementor-element-f1c5980 elementor-section-boxed elementor-section-height-default elementor-section-height-default\" data-id=\"f1c5980\" data-element_type=\"section\" data-e-type=\"section\">\n\t\t\t\t\t\t<div class=\"elementor-container elementor-column-gap-default\">\n\t\t\t\t\t<div class=\"elementor-column elementor-col-50 elementor-top-column elementor-element elementor-element-e706b91\" data-id=\"e706b91\" data-element_type=\"column\" data-e-type=\"column\">\n\t\t\t<div class=\"elementor-widget-wrap elementor-element-populated\">\n\t\t\t\t\t\t<div class=\"elementor-element elementor-element-51ad6a2 elementor-view-default elementor-widget elementor-widget-icon\" data-id=\"51ad6a2\" data-element_type=\"widget\" data-e-type=\"widget\" data-widget_type=\"icon.default\">\n\t\t\t\t<div class=\"elementor-widget-container\">\n\t\t\t\t\t\t\t<div class=\"elementor-icon-wrapper\">\n\t\t\t<div class=\"elementor-icon\">\n\t\t\t<i aria-hidden=\"true\" class=\"fas fa-school\"><\/i>\t\t\t<\/div>\n\t\t<\/div>\n\t\t\t\t\t\t<\/div>\n\t\t\t\t<\/div>\n\t\t\t\t\t<\/div>\n\t\t<\/div>\n\t\t\t\t<div class=\"elementor-column elementor-col-50 elementor-top-column elementor-element elementor-element-c564f37\" data-id=\"c564f37\" data-element_type=\"column\" data-e-type=\"column\">\n\t\t\t<div class=\"elementor-widget-wrap elementor-element-populated\">\n\t\t\t\t\t\t<div class=\"elementor-element elementor-element-817d7f4 elementor-widget elementor-widget-text-editor\" data-id=\"817d7f4\" data-element_type=\"widget\" data-e-type=\"widget\" data-widget_type=\"text-editor.default\">\n\t\t\t\t<div class=\"elementor-widget-container\">\n\t\t\t\t\t\t\t\t\t<p>\u039f\u03b9 \u03bc\u03b1\u03b8\u03b7\u03c4\u03ad\u03c2 \u03bc\u03b5 \u03b1\u03bd\u03ac\u03b3\u03ba\u03b5\u03c2 \u03c5\u03c0\u03bf\u03c3\u03c4\u03ae\u03c1\u03b9\u03be\u03b7\u03c2 \u03c3\u03c4\u03bf\u03bd \u03c4\u03bf\u03bc\u03ad\u03b1 \u03c4\u03b7\u03c2 \u03c3\u03c5\u03bd\u03b1\u03b9\u03c3\u03b8\u03b7\u03bc\u03b1\u03c4\u03b9\u03ba\u03ae\u03c2 \u03ba\u03b1\u03b9 \u03ba\u03bf\u03b9\u03bd\u03c9\u03bd\u03b9\u03ba\u03ae\u03c2 \u03c4\u03bf\u03c5\u03c2 \u03b1\u03bd\u03ac\u03c0\u03c4\u03c5\u03be\u03b7\u03c2 \u03b5\u03af\u03bd\u03b1\u03b9 \u03b1\u03c0\u03b1\u03b9\u03c4\u03b7\u03c4\u03b9\u03ba\u03ac, \u03c3\u03c5\u03c7\u03bd\u03ac \u03b1\u03ba\u03cc\u03bc\u03b7 \u03ba\u03b1\u03b9 \u03c0\u03c1\u03bf\u03ba\u03bb\u03b7\u03c4\u03b9\u03ba\u03ac, \u03b1\u03bb\u03bb\u03ac \u03bc\u03b5\u03c1\u03b9\u03ba\u03ad\u03c2 \u03c6\u03bf\u03c1\u03ad\u03c2 \u03ba\u03b1\u03b9 \u03b1\u03c0\u03bf\u03c4\u03c1\u03b1\u03b2\u03b7\u03b3\u03bc\u03ad\u03bd\u03b1 \u03ae \u03b4\u03b9\u03c7\u03b1\u03c3\u03bc\u03ad\u03bd\u03b1 \u03c0\u03b1\u03b9\u03b4\u03b9\u03ac. \u03a3\u03c4\u03bf \u03c3\u03c7\u03bf\u03bb\u03b5\u03af\u03bf \u03c7\u03c1\u03b5\u03b9\u03ac\u03b6\u03bf\u03bd\u03c4\u03b1\u03b9 \u03c3\u03b1\u03c6\u03ae \u03c0\u03c1\u03bf\u03c3\u03b1\u03bd\u03b1\u03c4\u03bf\u03bb\u03b9\u03c3\u03bc\u03cc \u03bc\u03ad\u03c3\u03b1 \u03b1\u03c0\u03cc \u03ad\u03bd\u03b1 \u03bc\u03b9\u03ba\u03c1\u03cc, \u03b4\u03b9\u03b1\u03c7\u03b5\u03b9\u03c1\u03af\u03c3\u03b9\u03bc\u03bf \u03c3\u03cd\u03c3\u03c4\u03b7\u03bc\u03b1, \u03c0\u03c1\u03bf\u03c3\u03c6\u03bf\u03c1\u03ad\u03c2 \u03c3\u03c7\u03ad\u03c3\u03b5\u03c9\u03bd \u03bc\u03ad\u03c3\u03b1 \u03b1\u03c0\u03cc \u03b5\u03c0\u03b1\u03b3\u03b3\u03b5\u03bb\u03bc\u03b1\u03c4\u03af\u03b5\u03c2 \u03c3\u03c5\u03bd\u03b5\u03c1\u03b3\u03ac\u03c4\u03b5\u03c2 \u03c3\u03c7\u03ad\u03c3\u03b5\u03c9\u03bd \u03c0\u03bf\u03c5 \u03b1\u03bd\u03c4\u03b1\u03c0\u03bf\u03ba\u03c1\u03af\u03bd\u03bf\u03bd\u03c4\u03b1\u03b9 \u03c3\u03c4\u03b9\u03c2 \u03c0\u03c1\u03bf\u03ba\u03bb\u03ae\u03c3\u03b5\u03b9\u03c2 \u03b1\u03c5\u03c4\u03ce\u03bd \u03c4\u03c9\u03bd \u03c0\u03b1\u03b9\u03b4\u03b9\u03ce\u03bd, \u03b1\u03bb\u03bb\u03ac \u03ba\u03b1\u03b9 \u03bc\u03b9\u03b1 \u03c0\u03c1\u03bf\u03c3\u03c6\u03bf\u03c1\u03ac \u03c5\u03c0\u03bf\u03c3\u03c4\u03ae\u03c1\u03b9\u03be\u03b7\u03c2 \u03c0\u03bf\u03c5 \u03c0\u03c1\u03bf\u03ba\u03b1\u03bb\u03b5\u03af \u03b1\u03c5\u03c4\u03ac \u03c4\u03b1 \u03c0\u03b1\u03b9\u03b4\u03b9\u03ac \u03ba\u03b1\u03b9 \u03b1\u03c0\u03b1\u03b9\u03c4\u03b5\u03af \u03b1\u03c0\u03cc \u03b1\u03c5\u03c4\u03ac \u03b1\u03c5\u03c4\u03cc \u03c0\u03bf\u03c5 \u03c0\u03c1\u03b1\u03b3\u03bc\u03b1\u03c4\u03b9\u03ba\u03ac \u03b5\u03af\u03bd\u03b1\u03b9 \u03b9\u03ba\u03b1\u03bd\u03ac \u03bd\u03b1 \u03ba\u03ac\u03bd\u03bf\u03c5\u03bd.<\/p>\t\t\t\t\t\t\t\t<\/div>\n\t\t\t\t<\/div>\n\t\t\t\t\t<\/div>\n\t\t<\/div>\n\t\t\t\t\t<\/div>\n\t\t<\/section>\n\t\t\t\t<section class=\"elementor-section elementor-top-section elementor-element elementor-element-f94f340 elementor-section-boxed elementor-section-height-default elementor-section-height-default\" data-id=\"f94f340\" data-element_type=\"section\" data-e-type=\"section\">\n\t\t\t\t\t\t<div class=\"elementor-container elementor-column-gap-default\">\n\t\t\t\t\t<div class=\"elementor-column elementor-col-100 elementor-top-column elementor-element elementor-element-3de6850\" data-id=\"3de6850\" data-element_type=\"column\" data-e-type=\"column\">\n\t\t\t<div class=\"elementor-widget-wrap elementor-element-populated\">\n\t\t\t\t\t\t<div class=\"elementor-element elementor-element-f470107 elementor-widget elementor-widget-spacer\" data-id=\"f470107\" data-element_type=\"widget\" data-e-type=\"widget\" data-widget_type=\"spacer.default\">\n\t\t\t\t<div class=\"elementor-widget-container\">\n\t\t\t\t\t\t\t<div class=\"elementor-spacer\">\n\t\t\t<div class=\"elementor-spacer-inner\"><\/div>\n\t\t<\/div>\n\t\t\t\t\t\t<\/div>\n\t\t\t\t<\/div>\n\t\t\t\t\t<\/div>\n\t\t<\/div>\n\t\t\t\t\t<\/div>\n\t\t<\/section>\n\t\t\t\t<\/div>","protected":false},"excerpt":{"rendered":"<p>Sch\u00fcler mit einem F\u00f6rderbedarf im Bereich ihrer emotionalen und sozialen Entwicklung sind fordernde, oft sogar herausfordernde, manchmal aber auch in sich zur\u00fcckgezogene oder hin- und hergerissene Kinder. In der Schule ben\u00f6tigen sie klare Orientierung durch ein kleines, \u00fcberschaubares System, Beziehungsangebote durch professionelle Beziehungspartner, die sich den Herausforderungen dieser Kinder stellen, aber auch ein F\u00f6rderangebot, das [&hellip;]<\/p>\n","protected":false},"author":1,"featured_media":0,"parent":0,"menu_order":0,"comment_status":"closed","ping_status":"closed","template":"elementor_header_footer","meta":{"footnotes":""},"class_list":["post-676","page","type-page","status-publish","hentry"],"_links":{"self":[{"href":"https:\/\/hundertwasser-schule.de\/el\/wp-json\/wp\/v2\/pages\/676","targetHints":{"allow":["GET"]}}],"collection":[{"href":"https:\/\/hundertwasser-schule.de\/el\/wp-json\/wp\/v2\/pages"}],"about":[{"href":"https:\/\/hundertwasser-schule.de\/el\/wp-json\/wp\/v2\/types\/page"}],"author":[{"embeddable":true,"href":"https:\/\/hundertwasser-schule.de\/el\/wp-json\/wp\/v2\/users\/1"}],"replies":[{"embeddable":true,"href":"https:\/\/hundertwasser-schule.de\/el\/wp-json\/wp\/v2\/comments?post=676"}],"version-history":[{"count":3,"href":"https:\/\/hundertwasser-schule.de\/el\/wp-json\/wp\/v2\/pages\/676\/revisions"}],"predecessor-version":[{"id":700,"href":"https:\/\/hundertwasser-schule.de\/el\/wp-json\/wp\/v2\/pages\/676\/revisions\/700"}],"wp:attachment":[{"href":"https:\/\/hundertwasser-schule.de\/el\/wp-json\/wp\/v2\/media?parent=676"}],"curies":[{"name":"wp","href":"https:\/\/api.w.org\/{rel}","templated":true}]}}