{"id":678,"date":"2020-04-13T10:30:06","date_gmt":"2020-04-13T08:30:06","guid":{"rendered":"https:\/\/neu.hundertwasser-schule.de\/?page_id=678"},"modified":"2020-04-13T10:38:17","modified_gmt":"2020-04-13T08:38:17","slug":"anmeldeverfahren","status":"publish","type":"page","link":"https:\/\/hundertwasser-schule.de\/el\/anmeldeverfahren\/","title":{"rendered":"\u0394\u03b9\u03b1\u03b4\u03b9\u03ba\u03b1\u03c3\u03af\u03b1 \u03c5\u03c0\u03bf\u03b2\u03bf\u03bb\u03ae\u03c2 \u03b1\u03b9\u03c4\u03ae\u03c3\u03b5\u03c9\u03bd"},"content":{"rendered":"<div data-elementor-type=\"wp-page\" data-elementor-id=\"678\" class=\"elementor elementor-678\" data-elementor-post-type=\"page\">\n\t\t\t\t\t\t<section class=\"elementor-section elementor-top-section elementor-element elementor-element-46a8bb91 elementor-section-stretched elementor-section-full_width elementor-section-height-default elementor-section-height-default\" data-id=\"46a8bb91\" data-element_type=\"section\" data-e-type=\"section\" data-settings=\"{&quot;stretch_section&quot;:&quot;section-stretched&quot;}\">\n\t\t\t\t\t\t<div class=\"elementor-container elementor-column-gap-no\">\n\t\t\t\t\t<div class=\"elementor-column elementor-col-100 elementor-top-column elementor-element elementor-element-669f9052\" data-id=\"669f9052\" data-element_type=\"column\" data-e-type=\"column\">\n\t\t\t<div class=\"elementor-widget-wrap elementor-element-populated\">\n\t\t\t\t\t\t<div class=\"elementor-element elementor-element-ba37478 elementor-widget elementor-widget-image\" data-id=\"ba37478\" data-element_type=\"widget\" data-e-type=\"widget\" data-widget_type=\"image.default\">\n\t\t\t\t<div class=\"elementor-widget-container\">\n\t\t\t\t\t\t\t\t\t\t\t\t\t\t\t<img fetchpriority=\"high\" decoding=\"async\" width=\"1920\" height=\"230\" src=\"https:\/\/hundertwasser-schule.de\/wp-content\/uploads\/2020\/03\/bild1.jpg\" class=\"attachment-full size-full wp-image-108\" alt=\"\" srcset=\"https:\/\/hundertwasser-schule.de\/wp-content\/uploads\/2020\/03\/bild1.jpg 1920w, https:\/\/hundertwasser-schule.de\/wp-content\/uploads\/2020\/03\/bild1-300x36.jpg 300w, https:\/\/hundertwasser-schule.de\/wp-content\/uploads\/2020\/03\/bild1-1024x123.jpg 1024w, https:\/\/hundertwasser-schule.de\/wp-content\/uploads\/2020\/03\/bild1-768x92.jpg 768w, https:\/\/hundertwasser-schule.de\/wp-content\/uploads\/2020\/03\/bild1-1536x184.jpg 1536w, https:\/\/hundertwasser-schule.de\/wp-content\/uploads\/2020\/03\/bild1-20x2.jpg 20w\" sizes=\"(max-width: 1920px) 100vw, 1920px\" \/>\t\t\t\t\t\t\t\t\t\t\t\t\t\t\t<\/div>\n\t\t\t\t<\/div>\n\t\t\t\t\t<\/div>\n\t\t<\/div>\n\t\t\t\t\t<\/div>\n\t\t<\/section>\n\t\t\t\t<section class=\"elementor-section elementor-top-section elementor-element elementor-element-4fdc03db elementor-section-height-min-height elementor-section-boxed elementor-section-height-default elementor-section-items-middle\" data-id=\"4fdc03db\" data-element_type=\"section\" data-e-type=\"section\" data-settings=\"{&quot;background_background&quot;:&quot;classic&quot;}\">\n\t\t\t\t\t\t<div class=\"elementor-container elementor-column-gap-default\">\n\t\t\t\t\t<div class=\"elementor-column elementor-col-100 elementor-top-column elementor-element elementor-element-d0b6535\" data-id=\"d0b6535\" data-element_type=\"column\" data-e-type=\"column\">\n\t\t\t<div class=\"elementor-widget-wrap elementor-element-populated\">\n\t\t\t\t\t\t\t<\/div>\n\t\t<\/div>\n\t\t\t\t\t<\/div>\n\t\t<\/section>\n\t\t\t\t<section class=\"elementor-section elementor-top-section elementor-element elementor-element-14c58b56 elementor-section-boxed elementor-section-height-default elementor-section-height-default\" data-id=\"14c58b56\" data-element_type=\"section\" data-e-type=\"section\">\n\t\t\t\t\t\t<div class=\"elementor-container elementor-column-gap-default\">\n\t\t\t\t\t<div class=\"elementor-column elementor-col-100 elementor-top-column elementor-element elementor-element-6c11e110\" data-id=\"6c11e110\" data-element_type=\"column\" data-e-type=\"column\">\n\t\t\t<div class=\"elementor-widget-wrap elementor-element-populated\">\n\t\t\t\t\t\t<div class=\"elementor-element elementor-element-22c0802d elementor-widget elementor-widget-spacer\" data-id=\"22c0802d\" data-element_type=\"widget\" data-e-type=\"widget\" data-widget_type=\"spacer.default\">\n\t\t\t\t<div class=\"elementor-widget-container\">\n\t\t\t\t\t\t\t<div class=\"elementor-spacer\">\n\t\t\t<div class=\"elementor-spacer-inner\"><\/div>\n\t\t<\/div>\n\t\t\t\t\t\t<\/div>\n\t\t\t\t<\/div>\n\t\t\t\t\t<\/div>\n\t\t<\/div>\n\t\t\t\t\t<\/div>\n\t\t<\/section>\n\t\t\t\t<section class=\"elementor-section elementor-top-section elementor-element elementor-element-0bc5372 elementor-section-boxed elementor-section-height-default elementor-section-height-default\" data-id=\"0bc5372\" data-element_type=\"section\" data-e-type=\"section\">\n\t\t\t\t\t\t<div class=\"elementor-container elementor-column-gap-default\">\n\t\t\t\t\t<div class=\"elementor-column elementor-col-100 elementor-top-column elementor-element elementor-element-5e0cab2\" data-id=\"5e0cab2\" data-element_type=\"column\" data-e-type=\"column\">\n\t\t\t<div class=\"elementor-widget-wrap elementor-element-populated\">\n\t\t\t\t\t\t<div class=\"elementor-element elementor-element-1b5a810 elementor-drop-cap-yes elementor-drop-cap-view-default elementor-widget elementor-widget-text-editor\" data-id=\"1b5a810\" data-element_type=\"widget\" data-e-type=\"widget\" data-settings=\"{&quot;drop_cap&quot;:&quot;yes&quot;}\" data-widget_type=\"text-editor.default\">\n\t\t\t\t<div class=\"elementor-widget-container\">\n\t\t\t\t\t\t\t\t\t<div class=\"wpb_text_column wpb_content_element\"><div class=\"wpb_wrapper\"><p>\u039f\u03b9 \u03bc\u03b1\u03b8\u03b7\u03c4\u03ad\u03c2 \u03bc\u03c0\u03bf\u03c1\u03bf\u03cd\u03bd \u03bd\u03b1 \u03b5\u03b3\u03b3\u03c1\u03b1\u03c6\u03bf\u03cd\u03bd \u03c3\u03c4\u03bf \u03c3\u03c7\u03bf\u03bb\u03b5\u03af\u03bf Hundertwasser \u03bc\u03cc\u03bd\u03bf \u03b5\u03ac\u03bd \u03bf\u03b9 \u03b3\u03bf\u03bd\u03b5\u03af\u03c2 \u03ad\u03c7\u03bf\u03c5\u03bd \u03b1\u03c0\u03bf\u03c6\u03b1\u03c3\u03af\u03c3\u03b5\u03b9 \u03bd\u03b1 \u03c6\u03bf\u03b9\u03c4\u03ae\u03c3\u03bf\u03c5\u03bd \u03c3\u03b5 \u03b5\u03b9\u03b4\u03b9\u03ba\u03cc \u03c3\u03c7\u03bf\u03bb\u03b5\u03af\u03bf \u03ba\u03b1\u03b9 \u03b7 \u03c3\u03c7\u03bf\u03bb\u03b9\u03ba\u03ae \u03b1\u03c1\u03c7\u03ae \u03ad\u03c7\u03b5\u03b9 \u03ba\u03b1\u03b8\u03bf\u03c1\u03af\u03c3\u03b5\u03b9 \u03c4\u03b9\u03c2 \u03b5\u03b9\u03b4\u03b9\u03ba\u03ad\u03c2 \u03b5\u03ba\u03c0\u03b1\u03b9\u03b4\u03b5\u03c5\u03c4\u03b9\u03ba\u03ad\u03c2 \u03b1\u03bd\u03ac\u03b3\u03ba\u03b5\u03c2 \u03bc\u03b5 \u03b1\u03c0\u03cc\u03c6\u03b1\u03c3\u03b7.<\/p><p>\u0391\u03c0\u03cc \u03c4\u03b7\u03bd \u03b1\u03c1\u03c7\u03ae \u03c4\u03bf\u03c5 \u03c3\u03c7\u03bf\u03bb\u03b9\u03ba\u03bf\u03cd \u03ad\u03c4\u03bf\u03c5\u03c2 2014\/15, \u03bf 9\u03bf\u03c2 \u03c4\u03c1\u03bf\u03c0\u03bf\u03c0\u03bf\u03b9\u03b7\u03c4\u03b9\u03ba\u03cc\u03c2 \u03bd\u03cc\u03bc\u03bf\u03c2 \u03b3\u03b9\u03b1 \u03c4\u03b7 \u03c3\u03c7\u03bf\u03bb\u03b9\u03ba\u03ae \u03bd\u03bf\u03bc\u03bf\u03b8\u03b5\u03c3\u03af\u03b1 \u03b9\u03c3\u03c7\u03cd\u03b5\u03b9 \u03c3\u03c4\u03b7\u03bd NRW. \u03a1\u03c5\u03b8\u03bc\u03af\u03b6\u03b5\u03b9 \u03c4\u03b7\u03bd \u03b5\u03bb\u03b5\u03c5\u03b8\u03b5\u03c1\u03af\u03b1 \u03b5\u03c0\u03b9\u03bb\u03bf\u03b3\u03ae\u03c2 \u03c4\u03c9\u03bd \u03bc\u03b1\u03b8\u03b7\u03c4\u03ce\u03bd \u03bc\u03b5 \u03b5\u03b9\u03b4\u03b9\u03ba\u03ad\u03c2 \u03b5\u03ba\u03c0\u03b1\u03b9\u03b4\u03b5\u03c5\u03c4\u03b9\u03ba\u03ad\u03c2 \u03b1\u03bd\u03ac\u03b3\u03ba\u03b5\u03c2 \u03bd\u03b1 \u03c6\u03bf\u03b9\u03c4\u03ae\u03c3\u03bf\u03c5\u03bd \u03c3\u03b5 \u03c3\u03c7\u03bf\u03bb\u03b5\u03af\u03bf \u03ba\u03bf\u03b9\u03bd\u03ae\u03c2 \u03bc\u03ac\u03b8\u03b7\u03c3\u03b7\u03c2 \u03ae \u03c3\u03b5 \u03b5\u03b9\u03b4\u03b9\u03ba\u03cc \u03c3\u03c7\u03bf\u03bb\u03b5\u03af\u03bf.<\/p><p>\u03a3\u03c4\u03b7\u03bd \u03c0\u03b5\u03c1\u03af\u03c0\u03c4\u03c9\u03c3\u03b7 \u03c0\u03bf\u03c5 \u03bf\u03b9 \u03b3\u03bf\u03bd\u03b5\u03af\u03c2 \u03b5\u03bd\u03cc\u03c2 \u03c0\u03b1\u03b9\u03b4\u03b9\u03bf\u03cd \u03bc\u03b5 \u03b5\u03b9\u03b4\u03b9\u03ba\u03ad\u03c2 \u03b5\u03ba\u03c0\u03b1\u03b9\u03b4\u03b5\u03c5\u03c4\u03b9\u03ba\u03ad\u03c2 \u03b1\u03bd\u03ac\u03b3\u03ba\u03b5\u03c2 \u03b1\u03c0\u03bf\u03c6\u03b1\u03c3\u03af\u03c3\u03bf\u03c5\u03bd \u03bd\u03b1 \u03c6\u03bf\u03b9\u03c4\u03ae\u03c3\u03bf\u03c5\u03bd \u03c3\u03b5 \u03b4\u03b7\u03bc\u03bf\u03c4\u03b9\u03ba\u03cc \u03c3\u03c7\u03bf\u03bb\u03b5\u03af\u03bf \u03bc\u03b5 \u03ba\u03bf\u03b9\u03bd\u03ae \u03bc\u03ac\u03b8\u03b7\u03c3\u03b7, \u03bf\u03b9 \u03b5\u03b9\u03b4\u03b9\u03ba\u03ad\u03c2 \u03b5\u03ba\u03c0\u03b1\u03b9\u03b4\u03b5\u03c5\u03c4\u03b9\u03ba\u03ad\u03c2 \u03b1\u03bd\u03ac\u03b3\u03ba\u03b5\u03c2 \u03b4\u03b5\u03bd \u03c7\u03c1\u03b5\u03b9\u03ac\u03b6\u03b5\u03c4\u03b1\u03b9 \u03bd\u03b1 \u03c0\u03c1\u03bf\u03c3\u03b4\u03b9\u03bf\u03c1\u03b9\u03c3\u03c4\u03bf\u03cd\u03bd \u03b1\u03c1\u03c7\u03b9\u03ba\u03ac.\u00a0<\/p><p>\u03a3\u03b5 \u03c0\u03b5\u03c1\u03af\u03c0\u03c4\u03c9\u03c3\u03b7 \u03c0\u03bf\u03c5 \u03bf\u03b9 \u03b3\u03bf\u03bd\u03b5\u03af\u03c2 \u03b5\u03bd\u03cc\u03c2 \u03c0\u03b1\u03b9\u03b4\u03b9\u03bf\u03cd \u03bc\u03b5 \u03b5\u03b9\u03b4\u03b9\u03ba\u03ad\u03c2 \u03b1\u03bd\u03ac\u03b3\u03ba\u03b5\u03c2 \u03c5\u03c0\u03bf\u03c3\u03c4\u03ae\u03c1\u03b9\u03be\u03b7\u03c2 \u03c3\u03ba\u03ad\u03c6\u03c4\u03bf\u03bd\u03c4\u03b1\u03b9 \u03bd\u03b1 \u03c6\u03bf\u03b9\u03c4\u03ae\u03c3\u03bf\u03c5\u03bd \u03c3\u03b5 \u03b5\u03b9\u03b4\u03b9\u03ba\u03cc \u03c3\u03c7\u03bf\u03bb\u03b5\u03af\u03bf, \u03c4\u03bf<strong>\u00a0\u039a\u03b1\u03b8\u03bf\u03c1\u03b9\u03c3\u03bc\u03cc\u03c2 \u03b5\u03b9\u03b4\u03b9\u03ba\u03ce\u03bd \u03b5\u03ba\u03c0\u03b1\u03b9\u03b4\u03b5\u03c5\u03c4\u03b9\u03ba\u03ce\u03bd \u03b1\u03bd\u03b1\u03b3\u03ba\u03ce\u03bd<\/strong>\u00a0\u03b1\u03bb\u03bb\u03ac \u03b1\u03c0\u03cc\u03bb\u03c5\u03c4\u03b7 \u03c0\u03c1\u03bf\u03cb\u03c0\u03cc\u03b8\u03b5\u03c3\u03b7.<\/p><p>\u039f\u03b9 \u03b5\u03b9\u03b4\u03b9\u03ba\u03ad\u03c2 \u03b5\u03ba\u03c0\u03b1\u03b9\u03b4\u03b5\u03c5\u03c4\u03b9\u03ba\u03ad\u03c2 \u03b1\u03bd\u03ac\u03b3\u03ba\u03b5\u03c2 \u03ba\u03b1\u03b8\u03bf\u03c1\u03af\u03b6\u03bf\u03bd\u03c4\u03b1\u03b9 \u03b1\u03c0\u03cc \u03c4\u03b7 \u03c3\u03c7\u03bf\u03bb\u03b9\u03ba\u03ae \u03b1\u03c1\u03c7\u03ae \u03b2\u03ac\u03c3\u03b5\u03b9 \u03c0\u03b1\u03b9\u03b4\u03b1\u03b3\u03c9\u03b3\u03b9\u03ba\u03ae\u03c2 \u03ad\u03ba\u03b8\u03b5\u03c3\u03b7\u03c2. \u0397 \u03b4\u03b9\u03b1\u03b4\u03b9\u03ba\u03b1\u03c3\u03af\u03b1 \u03c3\u03c4\u03bf \u03c0\u03bb\u03b1\u03af\u03c3\u03b9\u03bf \u03c4\u03b7\u03c2 \u03bf\u03c0\u03bf\u03af\u03b1\u03c2 \u03c0\u03c1\u03bf\u03c3\u03b4\u03b9\u03bf\u03c1\u03af\u03b6\u03b5\u03c4\u03b1\u03b9 \u03b1\u03c5\u03c4\u03ae \u03bf\u03bd\u03bf\u03bc\u03ac\u03b6\u03b5\u03c4\u03b1\u03b9 AO-SF (<strong>A<\/strong>\u0395\u039a\u03a0\u0391\u0399\u0394\u0395\u03a5\u03a3\u0397<strong>o<\/strong>rdnung\u00a0<strong>S<\/strong>onderp\u00e4dagogische\u00a0<strong>F<\/strong>s support). \u039a\u03b1\u03c4\u03ac \u03ba\u03b1\u03bd\u03cc\u03bd\u03b1, \u03b7 \u03b4\u03b9\u03b1\u03b4\u03b9\u03ba\u03b1\u03c3\u03af\u03b1 \u03b1\u03c5\u03c4\u03ae \u03bc\u03c0\u03bf\u03c1\u03b5\u03af \u03bd\u03b1 \u03b6\u03b7\u03c4\u03b7\u03b8\u03b5\u03af \u03b1\u03c0\u03cc \u03c4\u03bf\u03c5\u03c2 \u03b3\u03bf\u03bd\u03b5\u03af\u03c2 \u03bc\u03cc\u03bd\u03bf \u03bc\u03ad\u03c3\u03c9 \u03c4\u03bf\u03c5 \u03b1\u03c1\u03bc\u03cc\u03b4\u03b9\u03bf\u03c5 \u03b4\u03b7\u03bc\u03bf\u03c4\u03b9\u03ba\u03bf\u03cd \u03c3\u03c7\u03bf\u03bb\u03b5\u03af\u03bf\u03c5 \u03c3\u03c4\u03bf \u03b3\u03c1\u03b1\u03c6\u03b5\u03af\u03bf \u03c4\u03bf\u03c5 \u03c3\u03c7\u03bf\u03bb\u03b5\u03af\u03bf\u03c5. \u03a4\u03b1 \u03b1\u03c0\u03b1\u03c1\u03b1\u03af\u03c4\u03b7\u03c4\u03b1 \u03ad\u03bd\u03c4\u03c5\u03c0\u03b1 \u03b5\u03af\u03bd\u03b1\u03b9 \u03b4\u03b9\u03b1\u03b8\u03ad\u03c3\u03b9\u03bc\u03b1 \u03c3\u03c4\u03b7 \u03b3\u03c1\u03b1\u03bc\u03bc\u03b1\u03c4\u03b5\u03af\u03b1 \u03c4\u03bf\u03c5 \u03b4\u03b7\u03bc\u03bf\u03c4\u03b9\u03ba\u03bf\u03cd \u03c3\u03c7\u03bf\u03bb\u03b5\u03af\u03bf\u03c5. \u039c\u03b5\u03c4\u03ac \u03c4\u03b7\u03bd \u03ad\u03bd\u03b1\u03c1\u03be\u03b7 \u03c4\u03b7\u03c2 \u03b4\u03b9\u03b1\u03b4\u03b9\u03ba\u03b1\u03c3\u03af\u03b1\u03c2 \u03c3\u03cd\u03bc\u03c6\u03c9\u03bd\u03b1 \u03bc\u03b5 \u03c4\u03bf AO-SF, \u03c4\u03bf \u03b3\u03c1\u03b1\u03c6\u03b5\u03af\u03bf \u03c4\u03bf\u03c5 \u03c3\u03c7\u03bf\u03bb\u03b5\u03af\u03bf\u03c5 \u03b1\u03bd\u03b1\u03b8\u03ad\u03c4\u03b5\u03b9 \u03c3\u03b5 \u03b4\u03cd\u03bf \u03b5\u03bc\u03c0\u03b5\u03b9\u03c1\u03bf\u03b3\u03bd\u03ce\u03bc\u03bf\u03bd\u03b5\u03c2 (1 \u03b5\u03ba\u03c0\u03b1\u03b9\u03b4\u03b5\u03c5\u03c4\u03b9\u03ba\u03cc \u03c4\u03bf\u03c5 \u03b4\u03b7\u03bc\u03bf\u03c4\u03b9\u03ba\u03bf\u03cd \u03c3\u03c7\u03bf\u03bb\u03b5\u03af\u03bf\u03c5 \u03ba\u03b1\u03b9 1 \u03b5\u03ba\u03c0\u03b1\u03b9\u03b4\u03b5\u03c5\u03c4\u03b9\u03ba\u03cc \u03c4\u03bf\u03c5 \u03b5\u03b9\u03b4\u03b9\u03ba\u03bf\u03cd \u03c3\u03c7\u03bf\u03bb\u03b5\u03af\u03bf\u03c5), \u03bf\u03b9 \u03bf\u03c0\u03bf\u03af\u03bf\u03b9 \u03c3\u03c5\u03bd\u03c4\u03ac\u03c3\u03c3\u03bf\u03c5\u03bd \u03b1\u03c0\u03cc \u03ba\u03bf\u03b9\u03bd\u03bf\u03cd \u03bc\u03b9\u03b1 \u03c0\u03b1\u03b9\u03b4\u03b1\u03b3\u03c9\u03b3\u03b9\u03ba\u03ae \u03ad\u03ba\u03b8\u03b5\u03c3\u03b7 \u03c3\u03c7\u03b5\u03c4\u03b9\u03ba\u03ac \u03bc\u03b5 \u03c4\u03b7\u03bd \u03b1\u03bd\u03ac\u03b3\u03ba\u03b7 \u03c5\u03c0\u03bf\u03c3\u03c4\u03ae\u03c1\u03b9\u03be\u03b7\u03c2 \u03c4\u03bf\u03c5 \u03c0\u03b1\u03b9\u03b4\u03b9\u03bf\u03cd. \u0395\u03ac\u03bd \u03b1\u03c0\u03cc \u03c4\u03b7\u03bd \u03ad\u03ba\u03b8\u03b5\u03c3\u03b7 \u03c0\u03c1\u03bf\u03ba\u03cd\u03c0\u03c4\u03b5\u03b9 \u03cc\u03c4\u03b9 \u03c0\u03c1\u03ad\u03c0\u03b5\u03b9 \u03bd\u03b1 \u03ba\u03b1\u03b8\u03bf\u03c1\u03b9\u03c3\u03c4\u03b5\u03af \u03b5\u03b9\u03b4\u03b9\u03ba\u03ae \u03b5\u03ba\u03c0\u03b1\u03b9\u03b4\u03b5\u03c5\u03c4\u03b9\u03ba\u03ae \u03b1\u03bd\u03ac\u03b3\u03ba\u03b7 \u03c3\u03c4\u03ae\u03c1\u03b9\u03be\u03b7\u03c2, \u03b7 \u03ad\u03ba\u03b8\u03b5\u03c3\u03b7 \u03b1\u03c5\u03c4\u03ae \u03c0\u03b5\u03c1\u03b9\u03ad\u03c7\u03b5\u03b9 \u03b5\u03c0\u03af\u03c3\u03b7\u03c2 \u03c0\u03c1\u03cc\u03c4\u03b1\u03c3\u03b7 \u03b3\u03b9\u03b1 \u03c4\u03bf\u03bd \u03c4\u03cc\u03c0\u03bf \u03c3\u03c4\u03ae\u03c1\u03b9\u03be\u03b7\u03c2. \u039f\u03b9 \u03b3\u03bf\u03bd\u03b5\u03af\u03c2 \u03b5\u03bc\u03c0\u03bb\u03ad\u03ba\u03bf\u03bd\u03c4\u03b1\u03b9 \u03b1\u03c0\u03cc \u03c4\u03b7\u03bd \u03b1\u03c1\u03c7\u03ae \u03ba\u03b1\u03b9 \u03c3\u03b5 \u03c0\u03bf\u03bb\u03cd \u03bc\u03b5\u03b3\u03ac\u03bb\u03bf \u03b2\u03b1\u03b8\u03bc\u03cc \u03c3\u03c4\u03b7 \u03b4\u03b9\u03b1\u03b4\u03b9\u03ba\u03b1\u03c3\u03af\u03b1 \u03c4\u03b7\u03c2 \u03b1\u03be\u03b9\u03bf\u03bb\u03cc\u03b3\u03b7\u03c3\u03b7\u03c2 \u03ba\u03b1\u03b8\u03ce\u03c2 \u03ba\u03b1\u03b9 \u03c3\u03c4\u03bf \u03b1\u03c0\u03bf\u03c4\u03ad\u03bb\u03b5\u03c3\u03bc\u03b1 \u03c4\u03b7\u03c2 \u03b1\u03be\u03b9\u03bf\u03bb\u03cc\u03b3\u03b7\u03c3\u03b7\u03c2. \u03a3\u03c4\u03b7 \u03c3\u03c5\u03bd\u03ad\u03c7\u03b5\u03b9\u03b1, \u03b7 \u03c3\u03c7\u03bf\u03bb\u03b9\u03ba\u03ae \u03b1\u03c1\u03c7\u03ae \u03b1\u03c0\u03bf\u03c6\u03b1\u03c3\u03af\u03b6\u03b5\u03b9 \u03bc\u03b5 \u03b2\u03ac\u03c3\u03b7 \u03c4\u03b7\u03bd \u03c0\u03b1\u03b9\u03b4\u03b1\u03b3\u03c9\u03b3\u03b9\u03ba\u03ae \u03ad\u03ba\u03b8\u03b5\u03c3\u03b7 \u03ba\u03b1\u03b9 \u03c4\u03b9\u03c2 \u03b5\u03c0\u03b9\u03b8\u03c5\u03bc\u03af\u03b5\u03c2 \u03c4\u03c9\u03bd \u03b3\u03bf\u03bd\u03ad\u03c9\u03bd.\u00a0<\/p><p>\u0395\u03ac\u03bd \u03b7 \u03c3\u03c7\u03bf\u03bb\u03b9\u03ba\u03ae \u03b1\u03c1\u03c7\u03ae \u03ad\u03c7\u03b5\u03b9 \u03b4\u03b9\u03b1\u03c0\u03b9\u03c3\u03c4\u03ce\u03c3\u03b5\u03b9 \u03c4\u03b7\u03bd \u03b1\u03bd\u03ac\u03b3\u03ba\u03b7 \u03b5\u03b9\u03b4\u03b9\u03ba\u03ae\u03c2 \u03b5\u03ba\u03c0\u03b1\u03b9\u03b4\u03b5\u03c5\u03c4\u03b9\u03ba\u03ae\u03c2 \u03c5\u03c0\u03bf\u03c3\u03c4\u03ae\u03c1\u03b9\u03be\u03b7\u03c2 \u03ba\u03b1\u03b9 \u03bf\u03b9 \u03b3\u03bf\u03bd\u03b5\u03af\u03c2 \u03b5\u03c0\u03b9\u03b8\u03c5\u03bc\u03bf\u03cd\u03bd \u03bd\u03b1 \u03b5\u03b3\u03b3\u03c1\u03ac\u03c8\u03bf\u03c5\u03bd \u03c4\u03bf \u03c0\u03b1\u03b9\u03b4\u03af \u03c4\u03bf\u03c5\u03c2 \u03c3\u03c4\u03bf \u03c3\u03c7\u03bf\u03bb\u03b5\u03af\u03bf Hundertwasser, \u03c4\u03cc\u03c4\u03b5 \u03bf\u03b9 \u03b3\u03bf\u03bd\u03b5\u03af\u03c2 \u03bc\u03c0\u03bf\u03c1\u03bf\u03cd\u03bd \u03bd\u03b1 \u03b5\u03b3\u03b3\u03c1\u03ac\u03c8\u03bf\u03c5\u03bd \u03c4\u03bf \u03c0\u03b1\u03b9\u03b4\u03af \u03c4\u03bf\u03c5\u03c2 \u03c3\u03c4\u03bf \u03c3\u03c7\u03bf\u03bb\u03b5\u03af\u03bf Hundertwasser \u03bc\u03b5 \u03c4\u03b7\u03bd \u03b1\u03bd\u03c4\u03af\u03c3\u03c4\u03bf\u03b9\u03c7\u03b7 \u03b1\u03c0\u03cc\u03c6\u03b1\u03c3\u03b7 \u03c4\u03b7\u03c2 \u03c3\u03c7\u03bf\u03bb\u03b9\u03ba\u03ae\u03c2 \u03b1\u03c1\u03c7\u03ae\u03c2.<\/p><\/div><\/div>\t\t\t\t\t\t\t\t<\/div>\n\t\t\t\t<\/div>\n\t\t\t\t\t<\/div>\n\t\t<\/div>\n\t\t\t\t\t<\/div>\n\t\t<\/section>\n\t\t\t\t<section class=\"elementor-section elementor-top-section elementor-element elementor-element-fd30a77 elementor-section-boxed elementor-section-height-default elementor-section-height-default\" data-id=\"fd30a77\" data-element_type=\"section\" data-e-type=\"section\">\n\t\t\t\t\t\t<div class=\"elementor-container elementor-column-gap-default\">\n\t\t\t\t\t<div class=\"elementor-column elementor-col-100 elementor-top-column elementor-element elementor-element-57ace9f\" data-id=\"57ace9f\" data-element_type=\"column\" data-e-type=\"column\">\n\t\t\t<div class=\"elementor-widget-wrap elementor-element-populated\">\n\t\t\t\t\t\t<div class=\"elementor-element elementor-element-cc597d9 elementor-widget elementor-widget-spacer\" data-id=\"cc597d9\" data-element_type=\"widget\" data-e-type=\"widget\" data-widget_type=\"spacer.default\">\n\t\t\t\t<div class=\"elementor-widget-container\">\n\t\t\t\t\t\t\t<div class=\"elementor-spacer\">\n\t\t\t<div class=\"elementor-spacer-inner\"><\/div>\n\t\t<\/div>\n\t\t\t\t\t\t<\/div>\n\t\t\t\t<\/div>\n\t\t\t\t\t<\/div>\n\t\t<\/div>\n\t\t\t\t\t<\/div>\n\t\t<\/section>\n\t\t\t\t<\/div>","protected":false},"excerpt":{"rendered":"<p>An der Hundertwasser-Schule k\u00f6nnen Sch\u00fclerinnen und Sch\u00fcler nur angemeldet werden, wenn Eltern sich f\u00fcr den Besuch einer F\u00f6rderschule entschieden haben und das Schulamt den sonderp\u00e4dagogischen F\u00f6rderbedarf in einem Bescheid festgestellt hat. Seit Beginn des Schuljahres 2014\/15 gilt in NRW das 9. Schulrechts\u00e4nderungsgesetz. Darin ist f\u00fcr\u00a0Sch\u00fclerinnen und Sch\u00fcler mit sonderp\u00e4dagogischem Unterst\u00fctzungsbedarf die Wahlfreiheit in der Beschulung [&hellip;]<\/p>\n","protected":false},"author":1,"featured_media":0,"parent":0,"menu_order":0,"comment_status":"closed","ping_status":"closed","template":"elementor_header_footer","meta":{"footnotes":""},"class_list":["post-678","page","type-page","status-publish","hentry"],"_links":{"self":[{"href":"https:\/\/hundertwasser-schule.de\/el\/wp-json\/wp\/v2\/pages\/678","targetHints":{"allow":["GET"]}}],"collection":[{"href":"https:\/\/hundertwasser-schule.de\/el\/wp-json\/wp\/v2\/pages"}],"about":[{"href":"https:\/\/hundertwasser-schule.de\/el\/wp-json\/wp\/v2\/types\/page"}],"author":[{"embeddable":true,"href":"https:\/\/hundertwasser-schule.de\/el\/wp-json\/wp\/v2\/users\/1"}],"replies":[{"embeddable":true,"href":"https:\/\/hundertwasser-schule.de\/el\/wp-json\/wp\/v2\/comments?post=678"}],"version-history":[{"count":3,"href":"https:\/\/hundertwasser-schule.de\/el\/wp-json\/wp\/v2\/pages\/678\/revisions"}],"predecessor-version":[{"id":704,"href":"https:\/\/hundertwasser-schule.de\/el\/wp-json\/wp\/v2\/pages\/678\/revisions\/704"}],"wp:attachment":[{"href":"https:\/\/hundertwasser-schule.de\/el\/wp-json\/wp\/v2\/media?parent=678"}],"curies":[{"name":"wp","href":"https:\/\/api.w.org\/{rel}","templated":true}]}}