{"id":65,"date":"2020-03-31T11:00:09","date_gmt":"2020-03-31T11:00:09","guid":{"rendered":"https:\/\/neu.hundertwasser-schule.de\/?page_id=65"},"modified":"2020-11-20T10:32:10","modified_gmt":"2020-11-20T09:32:10","slug":"konzept","status":"publish","type":"page","link":"https:\/\/hundertwasser-schule.de\/en_ca\/konzept\/","title":{"rendered":"Concept"},"content":{"rendered":"<div data-elementor-type=\"wp-page\" data-elementor-id=\"65\" class=\"elementor elementor-65\" data-elementor-post-type=\"page\">\n\t\t\t\t\t\t<section class=\"elementor-section elementor-top-section elementor-element elementor-element-5e953abe elementor-section-stretched elementor-section-full_width elementor-section-height-default elementor-section-height-default\" data-id=\"5e953abe\" data-element_type=\"section\" data-e-type=\"section\" data-settings=\"{&quot;stretch_section&quot;:&quot;section-stretched&quot;}\">\n\t\t\t\t\t\t<div class=\"elementor-container elementor-column-gap-no\">\n\t\t\t\t\t<div class=\"elementor-column elementor-col-100 elementor-top-column elementor-element elementor-element-354871e3\" data-id=\"354871e3\" data-element_type=\"column\" data-e-type=\"column\">\n\t\t\t<div class=\"elementor-widget-wrap elementor-element-populated\">\n\t\t\t\t\t\t<div class=\"elementor-element elementor-element-683df095 elementor-widget elementor-widget-image\" data-id=\"683df095\" data-element_type=\"widget\" data-e-type=\"widget\" data-widget_type=\"image.default\">\n\t\t\t\t<div class=\"elementor-widget-container\">\n\t\t\t\t\t\t\t\t\t\t\t\t\t\t\t<img fetchpriority=\"high\" decoding=\"async\" width=\"1920\" height=\"230\" src=\"https:\/\/hundertwasser-schule.de\/wp-content\/uploads\/2020\/03\/bild1.jpg\" class=\"attachment-full size-full wp-image-108\" alt=\"\" srcset=\"https:\/\/hundertwasser-schule.de\/wp-content\/uploads\/2020\/03\/bild1.jpg 1920w, https:\/\/hundertwasser-schule.de\/wp-content\/uploads\/2020\/03\/bild1-300x36.jpg 300w, https:\/\/hundertwasser-schule.de\/wp-content\/uploads\/2020\/03\/bild1-1024x123.jpg 1024w, https:\/\/hundertwasser-schule.de\/wp-content\/uploads\/2020\/03\/bild1-768x92.jpg 768w, https:\/\/hundertwasser-schule.de\/wp-content\/uploads\/2020\/03\/bild1-1536x184.jpg 1536w, https:\/\/hundertwasser-schule.de\/wp-content\/uploads\/2020\/03\/bild1-20x2.jpg 20w\" sizes=\"(max-width: 1920px) 100vw, 1920px\" \/>\t\t\t\t\t\t\t\t\t\t\t\t\t\t\t<\/div>\n\t\t\t\t<\/div>\n\t\t\t\t\t<\/div>\n\t\t<\/div>\n\t\t\t\t\t<\/div>\n\t\t<\/section>\n\t\t\t\t<section class=\"elementor-section elementor-top-section elementor-element elementor-element-3fa1efff elementor-section-height-min-height elementor-section-boxed elementor-section-height-default elementor-section-items-middle\" data-id=\"3fa1efff\" data-element_type=\"section\" data-e-type=\"section\" data-settings=\"{&quot;background_background&quot;:&quot;classic&quot;}\">\n\t\t\t\t\t\t<div class=\"elementor-container elementor-column-gap-default\">\n\t\t\t\t\t<div class=\"elementor-column elementor-col-100 elementor-top-column elementor-element elementor-element-46bccb04\" data-id=\"46bccb04\" data-element_type=\"column\" data-e-type=\"column\">\n\t\t\t<div class=\"elementor-widget-wrap elementor-element-populated\">\n\t\t\t\t\t\t\t<\/div>\n\t\t<\/div>\n\t\t\t\t\t<\/div>\n\t\t<\/section>\n\t\t\t\t<section class=\"elementor-section elementor-top-section elementor-element elementor-element-21f27b3 elementor-section-full_width elementor-section-height-default elementor-section-height-default\" data-id=\"21f27b3\" data-element_type=\"section\" data-e-type=\"section\">\n\t\t\t\t\t\t<div class=\"elementor-container elementor-column-gap-default\">\n\t\t\t\t\t<div class=\"elementor-column elementor-col-100 elementor-top-column elementor-element elementor-element-24f5105\" data-id=\"24f5105\" data-element_type=\"column\" data-e-type=\"column\">\n\t\t\t<div class=\"elementor-widget-wrap elementor-element-populated\">\n\t\t\t\t\t\t<div class=\"elementor-element elementor-element-c208339 elementor-widget elementor-widget-image\" data-id=\"c208339\" data-element_type=\"widget\" data-e-type=\"widget\" data-widget_type=\"image.default\">\n\t\t\t\t<div class=\"elementor-widget-container\">\n\t\t\t\t\t\t\t\t\t\t\t\t\t\t\t<img decoding=\"async\" width=\"800\" height=\"573\" src=\"https:\/\/hundertwasser-schule.de\/wp-content\/uploads\/2020\/04\/Unbenanntes-Bild-1024x733.png\" class=\"attachment-large size-large wp-image-548\" alt=\"\" srcset=\"https:\/\/hundertwasser-schule.de\/wp-content\/uploads\/2020\/04\/Unbenanntes-Bild-1024x733.png 1024w, https:\/\/hundertwasser-schule.de\/wp-content\/uploads\/2020\/04\/Unbenanntes-Bild-300x215.png 300w, https:\/\/hundertwasser-schule.de\/wp-content\/uploads\/2020\/04\/Unbenanntes-Bild-768x549.png 768w, https:\/\/hundertwasser-schule.de\/wp-content\/uploads\/2020\/04\/Unbenanntes-Bild-20x14.png 20w, https:\/\/hundertwasser-schule.de\/wp-content\/uploads\/2020\/04\/Unbenanntes-Bild.png 1026w\" sizes=\"(max-width: 800px) 100vw, 800px\" \/>\t\t\t\t\t\t\t\t\t\t\t\t\t\t\t<\/div>\n\t\t\t\t<\/div>\n\t\t\t\t\t<\/div>\n\t\t<\/div>\n\t\t\t\t\t<\/div>\n\t\t<\/section>\n\t\t\t\t<section class=\"elementor-section elementor-top-section elementor-element elementor-element-5ce7149 elementor-section-boxed elementor-section-height-default elementor-section-height-default\" data-id=\"5ce7149\" data-element_type=\"section\" data-e-type=\"section\">\n\t\t\t\t\t\t<div class=\"elementor-container elementor-column-gap-default\">\n\t\t\t\t\t<div class=\"elementor-column elementor-col-100 elementor-top-column elementor-element elementor-element-7847b10\" data-id=\"7847b10\" data-element_type=\"column\" data-e-type=\"column\">\n\t\t\t<div class=\"elementor-widget-wrap elementor-element-populated\">\n\t\t\t\t\t\t<div class=\"elementor-element elementor-element-4221133 elementor-widget elementor-widget-text-editor\" data-id=\"4221133\" data-element_type=\"widget\" data-e-type=\"widget\" data-widget_type=\"text-editor.default\">\n\t\t\t\t<div class=\"elementor-widget-container\">\n\t\t\t\t\t\t\t\t\t<p>The construction trailer is a special school learning space for students in special circumstances.<\/p><p>Within the framework of the intensive pedagogical measures of the Hundertwasser School, which are offered to pupils whose need for support goes far beyond the usual level, the Bauwagen project offers the possibility of providing special pedagogical and socio-pedagogical support to 4 pupils in a very close and intensive accompaniment in special places and at special times.<\/p><p>In the Bauwagen project, school and youth welfare work together. It is carried out by a teacher for special education of the Hundertwasser School and a social pedagogue of the social pedagogical day care (STB) of the open all-day program.<\/p>\t\t\t\t\t\t\t\t<\/div>\n\t\t\t\t<\/div>\n\t\t\t\t\t<\/div>\n\t\t<\/div>\n\t\t\t\t\t<\/div>\n\t\t<\/section>\n\t\t\t\t<section class=\"elementor-section elementor-top-section elementor-element elementor-element-ace2cf2 elementor-section-boxed elementor-section-height-default elementor-section-height-default\" data-id=\"ace2cf2\" data-element_type=\"section\" data-e-type=\"section\">\n\t\t\t\t\t\t<div class=\"elementor-container elementor-column-gap-default\">\n\t\t\t\t\t<div class=\"elementor-column elementor-col-100 elementor-top-column elementor-element elementor-element-5db1bfb\" data-id=\"5db1bfb\" data-element_type=\"column\" data-e-type=\"column\">\n\t\t\t<div class=\"elementor-widget-wrap elementor-element-populated\">\n\t\t\t\t\t\t<div class=\"elementor-element elementor-element-da3e455 elementor-widget elementor-widget-accordion\" data-id=\"da3e455\" data-element_type=\"widget\" data-e-type=\"widget\" data-widget_type=\"accordion.default\">\n\t\t\t\t<div class=\"elementor-widget-container\">\n\t\t\t\t\t\t\t<div class=\"elementor-accordion\">\n\t\t\t\t\t\t\t<div class=\"elementor-accordion-item\">\n\t\t\t\t\t<div id=\"elementor-tab-title-2281\" class=\"elementor-tab-title\" data-tab=\"1\" role=\"button\" aria-controls=\"elementor-tab-content-2281\" aria-expanded=\"false\">\n\t\t\t\t\t\t\t\t\t\t\t\t\t<span class=\"elementor-accordion-icon elementor-accordion-icon-left\" aria-hidden=\"true\">\n\t\t\t\t\t\t\t\t\t\t\t\t\t\t\t<span class=\"elementor-accordion-icon-closed\"><i class=\"fas fa-plus\"><\/i><\/span>\n\t\t\t\t\t\t\t\t<span class=\"elementor-accordion-icon-opened\"><i class=\"fas fa-minus\"><\/i><\/span>\n\t\t\t\t\t\t\t\t\t\t\t\t\t\t<\/span>\n\t\t\t\t\t\t\t\t\t\t\t\t<a class=\"elementor-accordion-title\" tabindex=\"0\">A maximum of 4 students spend four to five days a week from 10:30-12:15 in the project. Each day is structured in the same way:<\/a>\n\t\t\t\t\t<\/div>\n\t\t\t\t\t<div id=\"elementor-tab-content-2281\" class=\"elementor-tab-content elementor-clearfix\" data-tab=\"1\" role=\"region\" aria-labelledby=\"elementor-tab-title-2281\"><ul><li>Until 10.30 children take part in the offers of the class<\/li><\/ul><ul><li>10.30 Arrival time in the construction trailer<\/li><li>10.45 - 12.00 Intensive pedagogical offers (pedagogical riding, circus, kitchen, workroom, trauma pedagogical offers, school garden, MKT-Marburg concentration training, or similar)<\/li><li>12.00 Final round with reflection<\/li><li>YT 1\/2 children are escorted to their respective STB group at 12:15 p.m.<\/li><li>J\u00dc 3\/4 children go to the lessons of their class<\/li><\/ul><\/div>\n\t\t\t\t<\/div>\n\t\t\t\t\t\t\t<div class=\"elementor-accordion-item\">\n\t\t\t\t\t<div id=\"elementor-tab-title-2282\" class=\"elementor-tab-title\" data-tab=\"2\" role=\"button\" aria-controls=\"elementor-tab-content-2282\" aria-expanded=\"false\">\n\t\t\t\t\t\t\t\t\t\t\t\t\t<span class=\"elementor-accordion-icon elementor-accordion-icon-left\" aria-hidden=\"true\">\n\t\t\t\t\t\t\t\t\t\t\t\t\t\t\t<span class=\"elementor-accordion-icon-closed\"><i class=\"fas fa-plus\"><\/i><\/span>\n\t\t\t\t\t\t\t\t<span class=\"elementor-accordion-icon-opened\"><i class=\"fas fa-minus\"><\/i><\/span>\n\t\t\t\t\t\t\t\t\t\t\t\t\t\t<\/span>\n\t\t\t\t\t\t\t\t\t\t\t\t<a class=\"elementor-accordion-title\" tabindex=\"0\">The goals of the construction trailer project are:<\/a>\n\t\t\t\t\t<\/div>\n\t\t\t\t\t<div id=\"elementor-tab-content-2282\" class=\"elementor-tab-content elementor-clearfix\" data-tab=\"2\" role=\"region\" aria-labelledby=\"elementor-tab-title-2282\"><ul><li>Returning to the classroom and the activities of the all-day group.<\/li><li>Undisturbed teaching for the respective class<\/li><li>Avoidance of disciplinary measures - in particular avoidance of expulsion from school.<\/li><li>Promote school motivation, perseverance and frustration tolerance.<\/li><li>Alternation of tension and relaxation with special offers<\/li><li>Personal and individual meeting and accompaniment of the children with high attention from adults.<\/li><li>Being there for the children, communicating\/relating with them calmly.<\/li><li>Develop problem solving strategies<\/li><li>Reduce school pressure<\/li><li>Practicing (school) structures<\/li><li>Building an understanding of values<\/li><li>Development of communicative ability to act<\/li><li>Initiation and development of cooperation skills<\/li><\/ul><\/div>\n\t\t\t\t<\/div>\n\t\t\t\t\t\t\t\t<\/div>\n\t\t\t\t\t\t<\/div>\n\t\t\t\t<\/div>\n\t\t\t\t\t<\/div>\n\t\t<\/div>\n\t\t\t\t\t<\/div>\n\t\t<\/section>\n\t\t\t\t<section class=\"elementor-section elementor-top-section elementor-element elementor-element-ec7f94a elementor-section-boxed elementor-section-height-default elementor-section-height-default\" data-id=\"ec7f94a\" data-element_type=\"section\" data-e-type=\"section\">\n\t\t\t\t\t\t<div class=\"elementor-container elementor-column-gap-default\">\n\t\t\t\t\t<div class=\"elementor-column elementor-col-100 elementor-top-column elementor-element elementor-element-f9f875f\" data-id=\"f9f875f\" data-element_type=\"column\" data-e-type=\"column\">\n\t\t\t<div class=\"elementor-widget-wrap elementor-element-populated\">\n\t\t\t\t\t\t<div class=\"elementor-element elementor-element-49b4e8e elementor-widget elementor-widget-text-editor\" data-id=\"49b4e8e\" data-element_type=\"widget\" data-e-type=\"widget\" data-widget_type=\"text-editor.default\">\n\t\t\t\t<div class=\"elementor-widget-container\">\n\t\t\t\t\t\t\t\t\t<p>You can download the starter concept\u00a0<a href=\"http:\/\/hundertwasser-schule.de\/en_ca\/inhalte\/5Bauwagen\/1Bauwagen\/Bauwagenkonzept%201.pdf\/\">here<\/a>\u00a0view - photos of the various activities in the construction trailer project can be found further down this page.<\/p><p>The Bauwagen project is financed jointly by the school and the youth welfare service. The personnel resources for the teacher's position come from the state of North Rhine-Westphalia, and for the youth services from the financial participation of the Family and Social Affairs Department of the City of G\u00fctersloh in the open all-day program of the Hundertwasser School. The ongoing maintenance costs are covered by the G\u00fctersloh district, and the installation of the construction trailer is covered by the school budget.<\/p><p>The G\u00fctersloh Civic Foundation provided significant support by purchasing the construction trailer.<\/p>\t\t\t\t\t\t\t\t<\/div>\n\t\t\t\t<\/div>\n\t\t\t\t\t<\/div>\n\t\t<\/div>\n\t\t\t\t\t<\/div>\n\t\t<\/section>\n\t\t\t\t<section class=\"elementor-section elementor-top-section elementor-element elementor-element-bbba7fb elementor-section-boxed elementor-section-height-default elementor-section-height-default\" data-id=\"bbba7fb\" data-element_type=\"section\" data-e-type=\"section\">\n\t\t\t\t\t\t<div class=\"elementor-container elementor-column-gap-default\">\n\t\t\t\t\t<div class=\"elementor-column elementor-col-100 elementor-top-column elementor-element elementor-element-f0e1b40\" data-id=\"f0e1b40\" data-element_type=\"column\" data-e-type=\"column\">\n\t\t\t<div class=\"elementor-widget-wrap elementor-element-populated\">\n\t\t\t\t\t\t<div class=\"elementor-element elementor-element-dc9554c elementor-widget elementor-widget-spacer\" data-id=\"dc9554c\" data-element_type=\"widget\" data-e-type=\"widget\" data-widget_type=\"spacer.default\">\n\t\t\t\t<div class=\"elementor-widget-container\">\n\t\t\t\t\t\t\t<div class=\"elementor-spacer\">\n\t\t\t<div class=\"elementor-spacer-inner\"><\/div>\n\t\t<\/div>\n\t\t\t\t\t\t<\/div>\n\t\t\t\t<\/div>\n\t\t\t\t\t<\/div>\n\t\t<\/div>\n\t\t\t\t\t<\/div>\n\t\t<\/section>\n\t\t\t\t<\/div>","protected":false},"excerpt":{"rendered":"<p>Der Bauwagen ist ein besonderer schulischer Lernort f\u00fcr Sch\u00fclerinnen und Sch\u00fcler in besonderen Lebenslagen. Im Rahmen der intensivp\u00e4dagogischen Ma\u00dfnahmen der Hundertwasser-Schule, die f\u00fcr Sch\u00fclerinnen und Sch\u00fcler angeboten werden, deren Unterst\u00fctzungsbedarf weit \u00fcber das \u00fcbliche Ma\u00df hinausgeht, bietet das Bauwagen-Projekt die M\u00f6glichkeit 4 Sch\u00fclerinnen oder Sch\u00fcler in einer sehr engen und intensiven Begleitung an besonderen Orten [&hellip;]<\/p>\n","protected":false},"author":1,"featured_media":0,"parent":0,"menu_order":0,"comment_status":"closed","ping_status":"closed","template":"elementor_header_footer","meta":{"footnotes":""},"class_list":["post-65","page","type-page","status-publish","hentry"],"_links":{"self":[{"href":"https:\/\/hundertwasser-schule.de\/en_ca\/wp-json\/wp\/v2\/pages\/65","targetHints":{"allow":["GET"]}}],"collection":[{"href":"https:\/\/hundertwasser-schule.de\/en_ca\/wp-json\/wp\/v2\/pages"}],"about":[{"href":"https:\/\/hundertwasser-schule.de\/en_ca\/wp-json\/wp\/v2\/types\/page"}],"author":[{"embeddable":true,"href":"https:\/\/hundertwasser-schule.de\/en_ca\/wp-json\/wp\/v2\/users\/1"}],"replies":[{"embeddable":true,"href":"https:\/\/hundertwasser-schule.de\/en_ca\/wp-json\/wp\/v2\/comments?post=65"}],"version-history":[{"count":5,"href":"https:\/\/hundertwasser-schule.de\/en_ca\/wp-json\/wp\/v2\/pages\/65\/revisions"}],"predecessor-version":[{"id":2407,"href":"https:\/\/hundertwasser-schule.de\/en_ca\/wp-json\/wp\/v2\/pages\/65\/revisions\/2407"}],"wp:attachment":[{"href":"https:\/\/hundertwasser-schule.de\/en_ca\/wp-json\/wp\/v2\/media?parent=65"}],"curies":[{"name":"wp","href":"https:\/\/api.w.org\/{rel}","templated":true}]}}