{"id":4664,"date":"2023-11-07T21:28:29","date_gmt":"2023-11-07T20:28:29","guid":{"rendered":"https:\/\/hundertwasser-schule.de\/?page_id=4664"},"modified":"2024-05-16T13:25:07","modified_gmt":"2024-05-16T11:25:07","slug":"lies-mit-projekt","status":"publish","type":"page","link":"https:\/\/hundertwasser-schule.de\/es_es\/lies-mit-projekt\/","title":{"rendered":"Sigue leyendo - Proyectos"},"content":{"rendered":"<div data-elementor-type=\"wp-page\" data-elementor-id=\"4664\" class=\"elementor elementor-4664\" data-elementor-post-type=\"page\">\n\t\t\t\t\t\t<section class=\"elementor-section elementor-top-section elementor-element elementor-element-8e29a50 elementor-section-boxed elementor-section-height-default elementor-section-height-default\" data-id=\"8e29a50\" data-element_type=\"section\" data-e-type=\"section\">\n\t\t\t\t\t\t<div class=\"elementor-container elementor-column-gap-default\">\n\t\t\t\t\t<div class=\"elementor-column elementor-col-100 elementor-top-column elementor-element elementor-element-1832f55\" data-id=\"1832f55\" data-element_type=\"column\" data-e-type=\"column\">\n\t\t\t<div class=\"elementor-widget-wrap elementor-element-populated\">\n\t\t\t\t\t\t<div class=\"elementor-element elementor-element-deb3dc9 elementor-widget elementor-widget-text-editor\" data-id=\"deb3dc9\" data-element_type=\"widget\" data-e-type=\"widget\" data-widget_type=\"text-editor.default\">\n\t\t\t\t<div class=\"elementor-widget-container\">\n\t\t\t\t\t\t\t\t\t<p><span style=\"color: #0000ff;\"><b>Sobre el proyecto<\/b><\/span><\/p><p>El proyecto \"Lies mit\" es una oferta conjunta de las inspecciones escolares de las escuelas primarias del distrito de G\u00fctersloh, el equipo de competencias, la direcci\u00f3n de educaci\u00f3n y la oficina de educaci\u00f3n del distrito de G\u00fctersloh, el Centro de Educaci\u00f3n y Oportunidades y la Fundaci\u00f3n Reinhard Mohn.<\/p><p>Nos alegramos de que el personal de la escuela Hundertwasser haya aceptado por unanimidad participar en el proyecto \"Lies mit\" en el distrito de G\u00fctersloh en el curso escolar 2023\/24 y participar\u00e1 en las sesiones de formaci\u00f3n con otras escuelas primarias dentro de 18 meses. La idea central del proyecto es la promoci\u00f3n sistem\u00e1tica de la lectura como parte de un proyecto de desarrollo escolar que cuente con el apoyo de todos los colegas.<\/p><p>En\u00a0<strong>Objetivos detallados<\/strong>\u00a0son las siguientes:<\/p><ol><li>Todos los alumnos a los que se imparte el mismo nivel alcanzan el intervalo est\u00e1ndar del screening de lectura de Salzburgo en la primera mitad del cuarto curso.<\/li><li>Los alumnos con necesidades especiales del centro participante mejoran su velocidad de lectura participando regularmente en cursos de formaci\u00f3n lectora durante sus a\u00f1os de primaria.<\/li><li>Los profesores ponen en pr\u00e1ctica la formaci\u00f3n en lectura como muy tarde en el cuarto curso escolar tras el inicio de la participaci\u00f3n en el proyecto.<\/li><li>El proyecto se pondr\u00e1 a prueba con cinco escuelas primarias a partir del pr\u00f3ximo curso escolar. Estas escuelas solicitaron participar tras un acto de informaci\u00f3n y evaluaci\u00f3n.<\/li><\/ol><p><strong>La estructura de la oferta<\/strong><\/p><p>Los profesores de las escuelas primarias participantes toman parte en siete m\u00f3dulos a lo largo de 18 meses.<strong>\u00a0<\/strong>que cubren los siguientes temas:<br \/>Fluidez lectora, diagn\u00f3stico y cinco m\u00e9todos de lectura sonora: Lectura coral, lectura de dados, lectura en t\u00e1ndem, lectura con audiolibro y teatro de lectura en voz alta.<\/p><p>Cada m\u00f3dulo<strong>\u00a0<\/strong>consiste en:<\/p><ul><li>una pel\u00edcula, el intercambio sobre la pel\u00edcula y la planificaci\u00f3n de la ejecuci\u00f3n<br \/>en el equipo del a\u00f1o<\/li><li>Aplicaci\u00f3n del m\u00e9todo de lectura en voz alta<\/li><li>Intercambio intercolegial<\/li><li>Prueba con el Salzburg Reading Screening en versi\u00f3n gratuita en l\u00ednea<\/li><li>Discusi\u00f3n de los resultados en el equipo del a\u00f1o.<\/li><\/ul><p>Si desea informaci\u00f3n m\u00e1s detallada, puede encontrarla aqu\u00ed\u00a0<strong>la pel\u00edcula sobre el proyecto:<br \/><\/strong><a href=\"https:\/\/youtu.be\/Q9TwVTWEg60?list=PL5LYbSLXzQs-pIlZO-9nmDxBdt5-eU7Qp\"><strong>https:\/\/youtu.be\/Q9TwVTWEg60?list=PL5LYbSLXzQs-pIlZO-9nmDxBdt5-<\/strong><\/a><a href=\"https:\/\/www.kreis-guetersloh.de\/themen\/bildung\/bildungsmanagement-und-bildungsbuero\/lies-mit\/qr-code.jpg?cid=18mk.5vo1\"><strong>eU7Qp<\/strong><\/a><strong>\u00a0 \u00a0<\/strong><\/p>\t\t\t\t\t\t\t\t<\/div>\n\t\t\t\t<\/div>\n\t\t\t\t<div class=\"elementor-element elementor-element-84b3ccb elementor-widget elementor-widget-text-editor\" data-id=\"84b3ccb\" data-element_type=\"widget\" data-e-type=\"widget\" data-widget_type=\"text-editor.default\">\n\t\t\t\t<div class=\"elementor-widget-container\">\n\t\t\t\t\t\t\t\t\t<p><span style=\"color: #0000ff;\"><strong>\"Lectura en la Escuela Hundertwasser<\/strong><\/span><\/p><p>El curso escolar 2023\/2024 comienza con una serie de cambios para todas las escuelas primarias. Entre otras cosas, el estado de Renania del Norte-Westfalia anima a las escuelas primarias a dar prioridad a la lectura y a incorporar tiempos de lectura obligatorios en el horario. Aumentar la fluidez lectora y la capacidad de dar sentido a las cosas, as\u00ed como el placer de leer, son objetivos importantes.<\/p><p>Para ello, el proyecto <strong>\"Sigue leyendo\"<\/strong>en el que el personal de la escuela Hundertwasser participa con entusiasmo desde el comienzo del curso escolar. El proyecto es una oferta conjunta de las inspecciones escolares de las escuelas primarias del distrito de G\u00fctersloh, el equipo de competencias, la oficina de educaci\u00f3n y la direcci\u00f3n educativa, el Centro de Educaci\u00f3n y Escuelas Digitales y la Fundaci\u00f3n Reinhard Mohn e incluye diversos m\u00f3dulos de formaci\u00f3n, que luego se ponen en pr\u00e1ctica en la ense\u00f1anza diaria y sobre los que posteriormente se reflexiona en el marco del proyecto.<\/p><p>Desde hace varias semanas, se oye la siguiente frase cuatro veces por semana a una hora fija en todo el edificio escolar: \"Vamos a empezar a leer. Dedos bajo \"...\" - 3-2-1 ...\". A continuaci\u00f3n, leemos juntos a coro. Durante este tiempo de promoci\u00f3n de la lectura de 15-20 minutos, los ni\u00f1os prueban varios m\u00e9todos de lectura en voz alta, como la lectura coral, los cubos de lectura o la lectura de audiolibros. Se ha demostrado que todos los m\u00e9todos fomentan la fluidez lectora, la comprensi\u00f3n lectora y la motivaci\u00f3n por la lectura, es decir, la base de toda educaci\u00f3n. El progreso de la capacidad lectora de los alumnos se mide mediante pruebas peri\u00f3dicas con el Salzburg Reading Screening en versi\u00f3n en l\u00ednea.<\/p><p>Los ni\u00f1os est\u00e1n impacientes por descubrir y leer nuevos textos y lecturas y por conocer y probar otras t\u00e9cnicas de lectura sonora.<\/p><p>Estamos impacientes por ver qu\u00e9 ocurre a continuaci\u00f3n.\u00a0<\/p>\t\t\t\t\t\t\t\t<\/div>\n\t\t\t\t<\/div>\n\t\t\t\t<div class=\"elementor-element elementor-element-80f5d5f elementor-widget elementor-widget-video\" data-id=\"80f5d5f\" data-element_type=\"widget\" data-e-type=\"widget\" data-settings=\"{&quot;video_type&quot;:&quot;hosted&quot;,&quot;controls&quot;:&quot;yes&quot;}\" data-widget_type=\"video.default\">\n\t\t\t\t<div class=\"elementor-widget-container\">\n\t\t\t\t\t\t\t<div class=\"e-hosted-video elementor-wrapper elementor-open-inline\">\n\t\t\t\t\t<video class=\"elementor-video\" src=\"http:\/\/hundertwasser-schule.de\/wp-content\/uploads\/2023\/11\/IMG_2543.mov\" controls=\"\" preload=\"metadata\" controlslist=\"nodownload\"><\/video>\n\t\t\t\t<\/div>\n\t\t\t\t\t\t<\/div>\n\t\t\t\t<\/div>\n\t\t\t\t<div class=\"elementor-element elementor-element-1402dd5 elementor-widget elementor-widget-gallery\" data-id=\"1402dd5\" data-element_type=\"widget\" data-e-type=\"widget\" data-settings=\"{&quot;lazyload&quot;:&quot;yes&quot;,&quot;gallery_layout&quot;:&quot;grid&quot;,&quot;columns&quot;:4,&quot;columns_tablet&quot;:2,&quot;columns_mobile&quot;:1,&quot;gap&quot;:{&quot;unit&quot;:&quot;px&quot;,&quot;size&quot;:10,&quot;sizes&quot;:[]},&quot;gap_tablet&quot;:{&quot;unit&quot;:&quot;px&quot;,&quot;size&quot;:10,&quot;sizes&quot;:[]},&quot;gap_mobile&quot;:{&quot;unit&quot;:&quot;px&quot;,&quot;size&quot;:10,&quot;sizes&quot;:[]},&quot;link_to&quot;:&quot;file&quot;,&quot;aspect_ratio&quot;:&quot;3:2&quot;,&quot;overlay_background&quot;:&quot;yes&quot;,&quot;content_hover_animation&quot;:&quot;fade-in&quot;}\" data-widget_type=\"gallery.default\">\n\t\t\t\t<div class=\"elementor-widget-container\">\n\t\t\t\t\t\t\t<div class=\"elementor-gallery__container\">\n\t\t\t\t\t<\/div>\n\t\t\t\t\t<\/div>\n\t\t\t\t<\/div>\n\t\t\t\t\t<\/div>\n\t\t<\/div>\n\t\t\t\t\t<\/div>\n\t\t<\/section>\n\t\t\t\t<section class=\"elementor-section elementor-top-section elementor-element elementor-element-ec3786e elementor-section-boxed elementor-section-height-default elementor-section-height-default\" data-id=\"ec3786e\" data-element_type=\"section\" data-e-type=\"section\">\n\t\t\t\t\t\t<div class=\"elementor-container elementor-column-gap-default\">\n\t\t\t\t\t<div class=\"elementor-column elementor-col-100 elementor-top-column elementor-element elementor-element-d6b72ee\" data-id=\"d6b72ee\" data-element_type=\"column\" data-e-type=\"column\">\n\t\t\t<div class=\"elementor-widget-wrap\">\n\t\t\t\t\t\t\t<\/div>\n\t\t<\/div>\n\t\t\t\t\t<\/div>\n\t\t<\/section>\n\t\t\t\t<\/div>","protected":false},"excerpt":{"rendered":"<p>\u00dcber das Projekt Das Projekt\u00a0\u201eLies\u00a0mit\u201c ist ein gemeinsames Angebot der Schulaufsichten f\u00fcr die Grundschulen im Kreis G\u00fctersloh, des Kompetenzteams, des Bildungsmanagements und Bildungsb\u00fcro im Kreis G\u00fctersloh, des Zentrums f\u00fcr Bildung und Chancen und der Reinhard Mohn Stiftung. Wir freuen uns, dass sich das Kollegium der Hundertwasser-Schule einstimmig im Schuljahr 2023\/24 auf das Projekt \u201eLies mit\u201c [&hellip;]<\/p>\n","protected":false},"author":4,"featured_media":0,"parent":0,"menu_order":0,"comment_status":"closed","ping_status":"closed","template":"","meta":{"footnotes":""},"class_list":["post-4664","page","type-page","status-publish","hentry"],"_links":{"self":[{"href":"https:\/\/hundertwasser-schule.de\/es_es\/wp-json\/wp\/v2\/pages\/4664","targetHints":{"allow":["GET"]}}],"collection":[{"href":"https:\/\/hundertwasser-schule.de\/es_es\/wp-json\/wp\/v2\/pages"}],"about":[{"href":"https:\/\/hundertwasser-schule.de\/es_es\/wp-json\/wp\/v2\/types\/page"}],"author":[{"embeddable":true,"href":"https:\/\/hundertwasser-schule.de\/es_es\/wp-json\/wp\/v2\/users\/4"}],"replies":[{"embeddable":true,"href":"https:\/\/hundertwasser-schule.de\/es_es\/wp-json\/wp\/v2\/comments?post=4664"}],"version-history":[{"count":5,"href":"https:\/\/hundertwasser-schule.de\/es_es\/wp-json\/wp\/v2\/pages\/4664\/revisions"}],"predecessor-version":[{"id":5238,"href":"https:\/\/hundertwasser-schule.de\/es_es\/wp-json\/wp\/v2\/pages\/4664\/revisions\/5238"}],"wp:attachment":[{"href":"https:\/\/hundertwasser-schule.de\/es_es\/wp-json\/wp\/v2\/media?parent=4664"}],"curies":[{"name":"wp","href":"https:\/\/api.w.org\/{rel}","templated":true}]}}