{"id":851,"date":"2020-04-14T08:16:03","date_gmt":"2020-04-14T06:16:03","guid":{"rendered":"https:\/\/neu.hundertwasser-schule.de\/?page_id=851"},"modified":"2020-04-14T12:17:52","modified_gmt":"2020-04-14T10:17:52","slug":"presseinfo-2","status":"publish","type":"page","link":"https:\/\/hundertwasser-schule.de\/es_es\/presseinfo-2\/","title":{"rendered":"Comunicado de prensa"},"content":{"rendered":"<div data-elementor-type=\"wp-page\" data-elementor-id=\"851\" class=\"elementor elementor-851\" data-elementor-post-type=\"page\">\n\t\t\t\t\t\t<section class=\"elementor-section elementor-top-section elementor-element elementor-element-3c74706b elementor-section-stretched elementor-section-full_width elementor-section-height-default elementor-section-height-default\" data-id=\"3c74706b\" data-element_type=\"section\" data-e-type=\"section\" data-settings=\"{&quot;stretch_section&quot;:&quot;section-stretched&quot;}\">\n\t\t\t\t\t\t<div class=\"elementor-container elementor-column-gap-no\">\n\t\t\t\t\t<div class=\"elementor-column elementor-col-100 elementor-top-column elementor-element elementor-element-50667664\" data-id=\"50667664\" data-element_type=\"column\" data-e-type=\"column\">\n\t\t\t<div class=\"elementor-widget-wrap elementor-element-populated\">\n\t\t\t\t\t\t<div class=\"elementor-element elementor-element-64027a3a elementor-widget elementor-widget-image\" data-id=\"64027a3a\" data-element_type=\"widget\" data-e-type=\"widget\" data-widget_type=\"image.default\">\n\t\t\t\t<div class=\"elementor-widget-container\">\n\t\t\t\t\t\t\t\t\t\t\t\t\t\t\t<img fetchpriority=\"high\" decoding=\"async\" width=\"1920\" height=\"230\" src=\"https:\/\/hundertwasser-schule.de\/wp-content\/uploads\/2020\/03\/bild1.jpg\" class=\"attachment-full size-full wp-image-108\" alt=\"\" srcset=\"https:\/\/hundertwasser-schule.de\/wp-content\/uploads\/2020\/03\/bild1.jpg 1920w, https:\/\/hundertwasser-schule.de\/wp-content\/uploads\/2020\/03\/bild1-300x36.jpg 300w, https:\/\/hundertwasser-schule.de\/wp-content\/uploads\/2020\/03\/bild1-1024x123.jpg 1024w, https:\/\/hundertwasser-schule.de\/wp-content\/uploads\/2020\/03\/bild1-768x92.jpg 768w, https:\/\/hundertwasser-schule.de\/wp-content\/uploads\/2020\/03\/bild1-1536x184.jpg 1536w, https:\/\/hundertwasser-schule.de\/wp-content\/uploads\/2020\/03\/bild1-20x2.jpg 20w\" sizes=\"(max-width: 1920px) 100vw, 1920px\" \/>\t\t\t\t\t\t\t\t\t\t\t\t\t\t\t<\/div>\n\t\t\t\t<\/div>\n\t\t\t\t\t<\/div>\n\t\t<\/div>\n\t\t\t\t\t<\/div>\n\t\t<\/section>\n\t\t\t\t<section class=\"elementor-section elementor-top-section elementor-element elementor-element-4f9a8843 elementor-section-height-min-height elementor-section-boxed elementor-section-height-default elementor-section-items-middle\" data-id=\"4f9a8843\" data-element_type=\"section\" data-e-type=\"section\" data-settings=\"{&quot;background_background&quot;:&quot;classic&quot;}\">\n\t\t\t\t\t\t<div class=\"elementor-container elementor-column-gap-default\">\n\t\t\t\t\t<div class=\"elementor-column elementor-col-100 elementor-top-column elementor-element elementor-element-17041e88\" data-id=\"17041e88\" data-element_type=\"column\" data-e-type=\"column\">\n\t\t\t<div class=\"elementor-widget-wrap elementor-element-populated\">\n\t\t\t\t\t\t\t<\/div>\n\t\t<\/div>\n\t\t\t\t\t<\/div>\n\t\t<\/section>\n\t\t\t\t<section class=\"elementor-section elementor-top-section elementor-element elementor-element-47dc2325 elementor-section-boxed elementor-section-height-default elementor-section-height-default\" data-id=\"47dc2325\" data-element_type=\"section\" data-e-type=\"section\">\n\t\t\t\t\t\t<div class=\"elementor-container elementor-column-gap-default\">\n\t\t\t\t\t<div class=\"elementor-column elementor-col-100 elementor-top-column elementor-element elementor-element-699a63e7\" data-id=\"699a63e7\" data-element_type=\"column\" data-e-type=\"column\">\n\t\t\t<div class=\"elementor-widget-wrap elementor-element-populated\">\n\t\t\t\t\t\t<div class=\"elementor-element elementor-element-74cdb4ae elementor-widget elementor-widget-spacer\" data-id=\"74cdb4ae\" data-element_type=\"widget\" data-e-type=\"widget\" data-widget_type=\"spacer.default\">\n\t\t\t\t<div class=\"elementor-widget-container\">\n\t\t\t\t\t\t\t<div class=\"elementor-spacer\">\n\t\t\t<div class=\"elementor-spacer-inner\"><\/div>\n\t\t<\/div>\n\t\t\t\t\t\t<\/div>\n\t\t\t\t<\/div>\n\t\t\t\t\t<\/div>\n\t\t<\/div>\n\t\t\t\t\t<\/div>\n\t\t<\/section>\n\t\t\t\t<section class=\"elementor-section elementor-top-section elementor-element elementor-element-8a7cbd4 elementor-section-boxed elementor-section-height-default elementor-section-height-default\" data-id=\"8a7cbd4\" data-element_type=\"section\" data-e-type=\"section\">\n\t\t\t\t\t\t<div class=\"elementor-container elementor-column-gap-default\">\n\t\t\t\t\t<div class=\"elementor-column elementor-col-100 elementor-top-column elementor-element elementor-element-99a22aa\" data-id=\"99a22aa\" data-element_type=\"column\" data-e-type=\"column\">\n\t\t\t<div class=\"elementor-widget-wrap elementor-element-populated\">\n\t\t\t\t\t\t<div class=\"elementor-element elementor-element-082071a elementor-widget elementor-widget-text-editor\" data-id=\"082071a\" data-element_type=\"widget\" data-e-type=\"widget\" data-widget_type=\"text-editor.default\">\n\t\t\t\t<div class=\"elementor-widget-container\">\n\t\t\t\t\t\t\t\t\t<p><em>Publicado con la amable autorizaci\u00f3n de la Bell<\/em><\/p><p><strong>Un lugar para aprender y vivir bien\u00a0\u00a0\u00a0<\/strong><br \/>G\u00fctersloh (bit). Los tambores del autob\u00fas de los ni\u00f1os lo anuncian, y el director Gerhard Dickers se alegra: la Escuela Hundertwasser, centrada especialmente en el desarrollo emocional y social en el sector primario, \"ha encontrado un verdadero hogar\" en el emplazamiento de la antigua Escuela Volkening, en la calle Holzstra\u00dfe de G\u00fctersloh. Un \"lugar de aprendizaje y de vida donde hay que sentirse como en casa\".<br \/>Tras la conversi\u00f3n y la ampliaci\u00f3n arquitect\u00f3nicamente impactante, la alcaldesa Maria Unger habl\u00f3 de un gran d\u00eda para los alumnos y la ciudad. La Escuela Hundertwasser, fundada hace cinco a\u00f1os bajo los auspicios del distrito de G\u00fctersloh en la Escuela Edith Stein, se traslad\u00f3 posteriormente al barrio de la Escuela Integral Ana Frank y desde 2006 es una escuela municipal. Unger se refiri\u00f3 a la riqueza crom\u00e1tica del artista que dio nombre a la escuela. Atrae a los alumnos que buscan creatividad. En su \"gota de lluvia que cae en la ciudad\", los ni\u00f1os encontrar\u00e1n paralelismos de sus deseos, dijo el alcalde.<br \/>La Ministra de Educaci\u00f3n de Renania del Norte-Westfalia, Barbara Sommer, subray\u00f3 como invitada los estrechos v\u00ednculos con la ciudad y el distrito de G\u00fctersloh, donde trabaj\u00f3 como consejera escolar. Quer\u00eda dialogar con los ni\u00f1os, pero ya estaban en el autob\u00fas escolar. Luego quiso hablar de Hundertwasser. Unger se le adelant\u00f3. Sin embargo, el ministro se qued\u00f3 con el artista, que estimul\u00f3 las fantas\u00edas de ni\u00f1os y ni\u00f1as con su barco. La vida tiene lados oscuros y claros. Sommer sinti\u00f3 gratitud por Hundertwasser, que siempre hab\u00eda arremetido contra la l\u00ednea recta, y sus coloridos cuadros.<br \/>\"Un director, una colega y cinco chicos\", describi\u00f3 Dickers los comienzos en di\u00e1logo con esta primera colega, Kerstin Richter. \"Ni siquiera \u00e9ramos una escuela de enanos y se re\u00edan un poco de nosotros\", recuerda el director. Agradeci\u00f3 su apoyo al jefe del departamento escolar de Detmold, Siegfried Lieske, y al miembro del consejo escolar de la administraci\u00f3n del distrito, Hartmut Stieghorst. Calific\u00f3 el traslado a la ciudad de G\u00fctersloh en 2006 de momento afortunado, porque la ciudad acababa de plantearse la apertura integral de escuelas de jornada completa. Dockers consider\u00f3 que la forma actual de la Escuela Hundertwasser, como instituci\u00f3n de jornada completa centrada en la educaci\u00f3n social en cooperaci\u00f3n con los departamentos de escuelas y juventud de la ciudad, era un caso mod\u00e9lico.<br \/>Entre los invitados se encontraban Ursula Doppmeier MdL y la Presidenta de Distrito Marianne Thomann-Stahl. Una invitada muy especial fue Lisa Weber (92). Llevaba 80 a\u00f1os viviendo en el piso de profesores de la escuela Volkening, de la que su padre fue director y ella misma ense\u00f1\u00f3 durante 30 a\u00f1os.<br \/>(Publicado el 15.09.2007 en Die Glocke)<\/p><p><em>Publicado con la amable autorizaci\u00f3n del Westfalen Blatt<\/em><\/p><p><strong>Lleva el nombre del polifac\u00e9tico<\/strong><br \/>Hoy se inaugura la Escuela Hundertwasser<br \/>Lleva el nombre del artista, polifac\u00e9tico y ecologista Hundertwasser y se llama \"F\u00f6rderschule der Stadt G\u00fctersloh\" (escuela especial de la ciudad de G\u00fctersloh). Tras cambiar de ubicaci\u00f3n, la escuela especializada ha encontrado ahora su nuevo hogar en Holzstra\u00dfe 30.<br \/>La escuela pertenece a la ciudad desde el 1 de agosto de 2006. En 2002 se fund\u00f3 como escuela de asistencia educativa del distrito de G\u00fctersloh con una clase de cinco alumnos y un profesor de educaci\u00f3n especial, y actualmente se encuentra en la calle Holzstra\u00dfe.<br \/>El nuevo edificio escolar se inaugurar\u00e1 oficialmente hoy viernes a las 14.30 horas. Se espera que asista la ministra de Educaci\u00f3n del Estado federado de Renania del Norte-Westfalia, Barbara Sommer. En una presentaci\u00f3n titulada \"Cinco a\u00f1os de la Escuela Hundertwasser\", el Director Gerhard Dickers har\u00e1 balance de la evoluci\u00f3n de la escuela y esbozar\u00e1 sus perspectivas. Siegfried Lieske, Jefe del Departamento Escolar de Detmold, har\u00e1 una presentaci\u00f3n sobre la Escuela Hundertwasser en el contexto del cambiante panorama escolar. El programa oficial concluir\u00e1 con una visita a la escuela.<br \/>La nueva ubicaci\u00f3n pone punto final a las disposiciones provisionales: De 2002 a 2004, la escuela especial estuvo alojada en la Escuela Edith Stein, y de 2004 a 2007 en un local provisional de la Escuela Ana Frank. Sin embargo, el equipo de profesores ha trabajado constantemente en el desarrollo de esta escuela. Desde el comienzo del curso escolar 2007\/2008, la escuela especial funcionar\u00e1 como escuela abierta de jornada completa. De este modo, la Escuela Hundertwasser quiere apoyar el desarrollo emocional y social de sus aproximadamente 50 alumnos. Los responsables firmaron el correspondiente convenio con el Sozialp\u00e4dagogisches und Psychomotorisches Institut G\u00fctersloh (SPI) y la ciudad de G\u00fctersloh. Con el SPI, un proveedor con el que el Departamento de Juventud lleva a\u00f1os trabajando en los \u00e1mbitos de la rehabilitaci\u00f3n y el apoyo educativo se hace cargo de la atenci\u00f3n durante todo el d\u00eda. La ciudad ha invertido tres millones de euros en la ampliaci\u00f3n de la antigua escuela Volkening. Nada de l\u00edneas rectas: La fachada trasera de la antigua Escuela Volkening se dise\u00f1\u00f3 siguiendo el esp\u00edritu del artista Hundertwasser para la escuela que lleva su nombre.<br \/>(Publicado el 14.09.2007 en el Westfalen-Blatt)<\/p><p><em>Publicado con la amable autorizaci\u00f3n del Westfalen Blatt\u00a0<\/em><\/p><p><strong>El mundo de los ni\u00f1os no siempre es colorido<\/strong><br \/><strong>Inauguraci\u00f3n oficial de la Escuela Hundertwasser<\/strong><br \/>Por Michael Delker<\/p><p>El director Gerhard Dicker recibi\u00f3 una casa Hundertwasser en miniatura como regalo de la alcaldesa Maria Unger. La Ministra de Educaci\u00f3n, Barbara Sommer, pronunci\u00f3 unas palabras de saludo en la inauguraci\u00f3n.<\/p><p>G\u00fctersloh (WB) Se acab\u00f3 el tiempo de los acuerdos provisionales. Tras la ampliaci\u00f3n de la antigua escuela Volkening con un anexo+, la escuela Hundertwasser pudo inaugurar oficialmente su nuevo domicilio el viernes por la tarde. Tras a\u00f1os en la Escuela Edith Stein y en un edificio provisional de la Escuela Ana Frank, la escuela especial ha encontrado por fin un hogar. La importancia de este paso para ni\u00f1os, padres y profesores qued\u00f3 patente con el regalo de la alcaldesa Maria Unger: obsequi\u00f3 al director de la escuela, Gerhard Dickers, con una casa Hundertwasser en miniatura, que puede utilizarse como pajarera.<\/p><p>La Ministra de Educaci\u00f3n de Renania del Norte-Westfalia, Barbara Sommer, que trabaj\u00f3 como consejera escolar en el distrito de G\u00fctersloh (\"Aqu\u00ed viv\u00ed mi mejor \u00e9poca profesional\"), pronunci\u00f3 un discurso de bienvenida. Cont\u00f3 a los invitados que el artista Friedensreich Hundertwasser se hab\u00eda dado a s\u00ed mismo el nombre de \"Dunkelbunt\" en vida. \"Este nombre encaja bien con los ni\u00f1os que van a la escuela aqu\u00ed. Su mundo no siempre es colorido\", afirma Barbara Sommer. La Escuela Hundertwasser se ha fijado el objetivo de fomentar el desarrollo emocional y social de los ni\u00f1os que no pueden desenvolverse en un tipo de escuela convencional.<\/p><p>En conversaci\u00f3n con su colega Kerstin Richter, Gerhard Dickers record\u00f3 la fundaci\u00f3n de la escuela hace cinco a\u00f1os. En aquella \u00e9poca s\u00f3lo hab\u00eda cinco alumnos, \"y probablemente \u00e9ramos la escuela m\u00e1s peque\u00f1a de Renania del Norte-Westfalia\". Desde entonces, la escuela se ha desarrollado lentamente, y eso es bueno.<\/p><p>(Publicado el 15.09.2007 en el Westfalen-Blatt)<\/p><p><em>Publicado con la amable autorizaci\u00f3n de NW - Neue Westf\u00e4lische\u00a0<\/em><big><big><small><br \/><big><big><small><\/small><\/big><\/big><\/small><\/big><\/big><\/p><p><strong>Por fin ha encontrado un hogar<\/strong><br \/><strong>G\u00fctersloh tiene una nueva escuela \/ Inauguraci\u00f3n con el Ministro Sommer\u00a0<\/strong><br \/>POR ROLF BIRKHOLZ<br \/>G\u00fctersloh. \"Somos hijos de este mundo y tamborileamos a nuestro antojo\". Tocando tambores, cantando y silbando, los ni\u00f1os de la Escuela Hundertwasser dieron ayer la bienvenida a la Ministra de Educaci\u00f3n, Barbara Sommer, a la Presidenta del Distrito, Marianne Thomann-Stahl, y a los dem\u00e1s invitados a la ceremonia de inauguraci\u00f3n de su escuela. La m\u00fasica y los cantos, fruto de un proyecto de percusi\u00f3n africana, hicieron que pareciera que los alumnos ya hab\u00edan tomado posesi\u00f3n de su casa, que lleva el nombre del artista y ecologista Friedensreich Hundertwasser, la antigua escuela Volkening de la Oststra\u00dfe\/Holzstra\u00dfe, ampliada con un anexo.<br \/>El director Gerhard Dickers se congratul\u00f3 de que la escuela especial centrada en el desarrollo emocional y social, que se fund\u00f3 en 2002 y que inicialmente era propiedad del distrito pero que desde entonces se ha convertido en una escuela municipal, haya encontrado ahora \"un verdadero hogar\" en su nueva ubicaci\u00f3n tras dos traslados, y se haya convertido en un lugar al que ir a la escuela y en un lugar en el que vivir. Fue una suerte que los dise\u00f1os del arquitecto municipal Karl-Heinz Rempe \"consiguieran crear espacios felices en el esp\u00edritu de Hundertwasser\". Dickers vio otro golpe de suerte en el hecho de que el Sozialp\u00e4dagogisches und Psychomotorisches Institut G\u00fctersloh (SPI), con el que el centro coopera en la atenci\u00f3n diurna, las medidas de apoyo y la atenci\u00f3n a los padres, tiene un centro de apoyo y un pabell\u00f3n deportivo justo al lado, en la Holzstra\u00dfe, que tambi\u00e9n se pueden utilizar. La alcaldesa Maria Unger fue la primera en pensar en combinar ambas instalaciones en un mismo emplazamiento, haciendo as\u00ed posible el efecto de sinergia.<\/p><p>De cara al futuro, Dickers podr\u00eda imaginar aqu\u00ed un centro de competencia socioeducativa. Tambi\u00e9n Siegfried Lieske, jefe del departamento escolar del gobierno del distrito, y Hartmut Stieghorst, miembro del consejo escolar de G\u00fctersloh, que hab\u00edan ideado un di\u00e1logo de rol, se hicieron eco de esta idea. En respuesta a la afirmaci\u00f3n de Stieghorst de que la Escuela Hundertwasser hab\u00eda logrado mucho en cinco a\u00f1os, Lieske dijo: \"Todos j\u00f3venes, muy motivados: \u00bfQu\u00e9 otra cosa se pod\u00eda esperar?\"<\/p><p>Dickers y Kerstin Richter, su primera empleada por aquel entonces, ya hab\u00edan sugerido esta apreciaci\u00f3n retrospectivamente. Con dos profesores y cinco alumnos, \"se sent\u00edan la escuela m\u00e1s peque\u00f1a de Renania del Norte-Westfalia\" y se re\u00edan un poco de ellos. Luego describieron el constante desarrollo ascendente, incluida la participaci\u00f3n en la escuela independiente y en proyectos abiertos de jornada completa, donde a veces \"llegaban al l\u00edmite de su capacidad\".<\/p><p>La Ministra de Educaci\u00f3n, Barbara Sommer, habl\u00f3 con refrescante libertad, sin manuscrito. Cont\u00f3 c\u00f3mo Friedrich Stowasser encontr\u00f3 una vez su nombre de artista, Friedensreich Hundertwasser. Intentando ponerse en el lugar de los ni\u00f1os, se\u00f1alando tambi\u00e9n el t\u00e9rmino \"dunkelbunt\" (color oscuro) para todos los colores brillantes del artista, apel\u00f3 calurosamente a los ni\u00f1os en lugar de limitarse a leer un texto presentado, como no es inusual en estos casos con los pol\u00edticos.<\/p><p>\u00a0<\/p><p><strong>De Volkening a Hundertwasser<\/strong><br \/>Despu\u00e9s de dos ubicaciones provisionales, la Escuela Hundertwasser ha encontrado su nuevo hogar en la antigua Volkschule de Holzstra\u00dfe 30 (acceso en realidad Oststra\u00dfe), que lleva el nombre del predicador renovador Johann Heinrich Volkening y fue construida en 1903. Como escuela de apoyo educativo del distrito, se aloj\u00f3 inicialmente en la Escuela Edith Stein, y m\u00e1s tarde en la Escuela Ana Frank. En 2006, la ciudad asumi\u00f3 la gesti\u00f3n de la escuela. Iniciado en 2002 con una plantilla de dos personas y cinco alumnos, en la actualidad, incluida la zona de jornada completa, 20 profesionales atienden a 50 alumnos en el centro, as\u00ed como a otros 20 ni\u00f1os que reciben apoyo directo en sus escuelas primarias. La renovaci\u00f3n y ampliaci\u00f3n seg\u00fan los planos del arquitecto Karl-Heinz Rempe cost\u00f3 tres millones de euros. Rempe se mantuvo fiel al principio del \u00e1ngulo recto en la ampliaci\u00f3n. Sin embargo, la combinaci\u00f3n de colores, especialmente en la pared del fondo, as\u00ed como las coloridas torrecillas se basan claramente en la expresi\u00f3n del artista y despertador de fantas\u00edas Hundertwasser.<br \/><small>(Publicado el 15.09.2007 en el NW- Neue Westf\u00e4lische)<\/small><\/p>\t\t\t\t\t\t\t\t<\/div>\n\t\t\t\t<\/div>\n\t\t\t\t\t<\/div>\n\t\t<\/div>\n\t\t\t\t\t<\/div>\n\t\t<\/section>\n\t\t\t\t<section class=\"elementor-section elementor-top-section elementor-element elementor-element-01dd008 elementor-section-boxed elementor-section-height-default elementor-section-height-default\" data-id=\"01dd008\" data-element_type=\"section\" data-e-type=\"section\">\n\t\t\t\t\t\t<div class=\"elementor-container elementor-column-gap-default\">\n\t\t\t\t\t<div class=\"elementor-column elementor-col-100 elementor-top-column elementor-element elementor-element-052942e\" data-id=\"052942e\" data-element_type=\"column\" data-e-type=\"column\">\n\t\t\t<div class=\"elementor-widget-wrap elementor-element-populated\">\n\t\t\t\t\t\t<div class=\"elementor-element elementor-element-7bae7a1 elementor-widget elementor-widget-spacer\" data-id=\"7bae7a1\" data-element_type=\"widget\" data-e-type=\"widget\" data-widget_type=\"spacer.default\">\n\t\t\t\t<div class=\"elementor-widget-container\">\n\t\t\t\t\t\t\t<div class=\"elementor-spacer\">\n\t\t\t<div class=\"elementor-spacer-inner\"><\/div>\n\t\t<\/div>\n\t\t\t\t\t\t<\/div>\n\t\t\t\t<\/div>\n\t\t\t\t\t<\/div>\n\t\t<\/div>\n\t\t\t\t\t<\/div>\n\t\t<\/section>\n\t\t\t\t<\/div>","protected":false},"excerpt":{"rendered":"<p>Ver\u00f6ffentlicht mit freundlicher Genehmigung der Glocke Ein Lern- und Lebensort zum Wohlf\u00fchlen\u00a0\u00a0\u00a0G\u00fctersloh (bit). Buschtrommeln der Kinder k\u00fcnden es, und Schulleiter Gerhard Dickers freut sich: Die Hundertwasserschule mit dem F\u00f6rderschwerpunkt emotionale und soziale Entwicklung im Primarbereich hat am Standort der ehemaligen Volkeningschule an der Holzstra\u00dfe in G\u00fctersloh \u201eeine wirkliche Heimat gefunden\u201c. Ein \u201eLern- und Lebensort, an [&hellip;]<\/p>\n","protected":false},"author":1,"featured_media":0,"parent":0,"menu_order":0,"comment_status":"closed","ping_status":"closed","template":"elementor_header_footer","meta":{"footnotes":""},"class_list":["post-851","page","type-page","status-publish","hentry"],"_links":{"self":[{"href":"https:\/\/hundertwasser-schule.de\/es_es\/wp-json\/wp\/v2\/pages\/851","targetHints":{"allow":["GET"]}}],"collection":[{"href":"https:\/\/hundertwasser-schule.de\/es_es\/wp-json\/wp\/v2\/pages"}],"about":[{"href":"https:\/\/hundertwasser-schule.de\/es_es\/wp-json\/wp\/v2\/types\/page"}],"author":[{"embeddable":true,"href":"https:\/\/hundertwasser-schule.de\/es_es\/wp-json\/wp\/v2\/users\/1"}],"replies":[{"embeddable":true,"href":"https:\/\/hundertwasser-schule.de\/es_es\/wp-json\/wp\/v2\/comments?post=851"}],"version-history":[{"count":2,"href":"https:\/\/hundertwasser-schule.de\/es_es\/wp-json\/wp\/v2\/pages\/851\/revisions"}],"predecessor-version":[{"id":1006,"href":"https:\/\/hundertwasser-schule.de\/es_es\/wp-json\/wp\/v2\/pages\/851\/revisions\/1006"}],"wp:attachment":[{"href":"https:\/\/hundertwasser-schule.de\/es_es\/wp-json\/wp\/v2\/media?parent=851"}],"curies":[{"name":"wp","href":"https:\/\/api.w.org\/{rel}","templated":true}]}}