{"id":31,"date":"2020-03-31T10:55:04","date_gmt":"2020-03-31T10:55:04","guid":{"rendered":"https:\/\/neu.hundertwasser-schule.de\/?page_id=31"},"modified":"2020-04-08T07:55:59","modified_gmt":"2020-04-08T07:55:59","slug":"die-grundhaltung-loesungs-und-ressourcenorientierte-kommunikation","status":"publish","type":"page","link":"https:\/\/hundertwasser-schule.de\/et\/die-grundhaltung-loesungs-und-ressourcenorientierte-kommunikation\/","title":{"rendered":"P\u00f5hiline suhtumine: lahendustele ja ressurssidele orienteeritud suhtlemine"},"content":{"rendered":"<div data-elementor-type=\"wp-page\" data-elementor-id=\"31\" class=\"elementor elementor-31\" data-elementor-post-type=\"page\">\n\t\t\t\t\t\t<section class=\"elementor-section elementor-top-section elementor-element elementor-element-31ae5048 elementor-section-stretched elementor-section-full_width elementor-section-height-default elementor-section-height-default\" data-id=\"31ae5048\" data-element_type=\"section\" data-e-type=\"section\" data-settings=\"{&quot;stretch_section&quot;:&quot;section-stretched&quot;}\">\n\t\t\t\t\t\t<div class=\"elementor-container elementor-column-gap-no\">\n\t\t\t\t\t<div class=\"elementor-column elementor-col-100 elementor-top-column elementor-element elementor-element-7d45cc68\" data-id=\"7d45cc68\" data-element_type=\"column\" data-e-type=\"column\">\n\t\t\t<div class=\"elementor-widget-wrap elementor-element-populated\">\n\t\t\t\t\t\t<div class=\"elementor-element elementor-element-571564ab elementor-widget elementor-widget-image\" data-id=\"571564ab\" data-element_type=\"widget\" data-e-type=\"widget\" data-widget_type=\"image.default\">\n\t\t\t\t<div class=\"elementor-widget-container\">\n\t\t\t\t\t\t\t\t\t\t\t\t\t\t\t<img fetchpriority=\"high\" decoding=\"async\" width=\"1920\" height=\"230\" src=\"https:\/\/hundertwasser-schule.de\/wp-content\/uploads\/2020\/03\/bild1.jpg\" class=\"attachment-full size-full wp-image-108\" alt=\"\" srcset=\"https:\/\/hundertwasser-schule.de\/wp-content\/uploads\/2020\/03\/bild1.jpg 1920w, https:\/\/hundertwasser-schule.de\/wp-content\/uploads\/2020\/03\/bild1-300x36.jpg 300w, https:\/\/hundertwasser-schule.de\/wp-content\/uploads\/2020\/03\/bild1-1024x123.jpg 1024w, https:\/\/hundertwasser-schule.de\/wp-content\/uploads\/2020\/03\/bild1-768x92.jpg 768w, https:\/\/hundertwasser-schule.de\/wp-content\/uploads\/2020\/03\/bild1-1536x184.jpg 1536w, https:\/\/hundertwasser-schule.de\/wp-content\/uploads\/2020\/03\/bild1-20x2.jpg 20w\" sizes=\"(max-width: 1920px) 100vw, 1920px\" \/>\t\t\t\t\t\t\t\t\t\t\t\t\t\t\t<\/div>\n\t\t\t\t<\/div>\n\t\t\t\t\t<\/div>\n\t\t<\/div>\n\t\t\t\t\t<\/div>\n\t\t<\/section>\n\t\t\t\t<section class=\"elementor-section elementor-top-section elementor-element elementor-element-18b68af6 elementor-section-height-min-height elementor-section-boxed elementor-section-height-default elementor-section-items-middle\" data-id=\"18b68af6\" data-element_type=\"section\" data-e-type=\"section\" data-settings=\"{&quot;background_background&quot;:&quot;classic&quot;}\">\n\t\t\t\t\t\t<div class=\"elementor-container elementor-column-gap-default\">\n\t\t\t\t\t<div class=\"elementor-column elementor-col-100 elementor-top-column elementor-element elementor-element-469e150c\" data-id=\"469e150c\" data-element_type=\"column\" data-e-type=\"column\">\n\t\t\t<div class=\"elementor-widget-wrap elementor-element-populated\">\n\t\t\t\t\t\t\t<\/div>\n\t\t<\/div>\n\t\t\t\t\t<\/div>\n\t\t<\/section>\n\t\t\t\t<section class=\"elementor-section elementor-top-section elementor-element elementor-element-57a6d64b elementor-section-boxed elementor-section-height-default elementor-section-height-default\" data-id=\"57a6d64b\" data-element_type=\"section\" data-e-type=\"section\">\n\t\t\t\t\t\t<div class=\"elementor-container elementor-column-gap-default\">\n\t\t\t\t\t<div class=\"elementor-column elementor-col-100 elementor-top-column elementor-element elementor-element-5c9e9def\" data-id=\"5c9e9def\" data-element_type=\"column\" data-e-type=\"column\">\n\t\t\t<div class=\"elementor-widget-wrap elementor-element-populated\">\n\t\t\t\t\t\t<div class=\"elementor-element elementor-element-5f85c158 elementor-widget elementor-widget-spacer\" data-id=\"5f85c158\" data-element_type=\"widget\" data-e-type=\"widget\" data-widget_type=\"spacer.default\">\n\t\t\t\t<div class=\"elementor-widget-container\">\n\t\t\t\t\t\t\t<div class=\"elementor-spacer\">\n\t\t\t<div class=\"elementor-spacer-inner\"><\/div>\n\t\t<\/div>\n\t\t\t\t\t\t<\/div>\n\t\t\t\t<\/div>\n\t\t\t\t\t<\/div>\n\t\t<\/div>\n\t\t\t\t\t<\/div>\n\t\t<\/section>\n\t\t\t\t<section class=\"elementor-section elementor-top-section elementor-element elementor-element-83b374e elementor-section-boxed elementor-section-height-default elementor-section-height-default\" data-id=\"83b374e\" data-element_type=\"section\" data-e-type=\"section\">\n\t\t\t\t\t\t<div class=\"elementor-container elementor-column-gap-default\">\n\t\t\t\t\t<div class=\"elementor-column elementor-col-100 elementor-top-column elementor-element elementor-element-3879ba0\" data-id=\"3879ba0\" data-element_type=\"column\" data-e-type=\"column\">\n\t\t\t<div class=\"elementor-widget-wrap elementor-element-populated\">\n\t\t\t\t\t\t<div class=\"elementor-element elementor-element-3f657f7 elementor-widget elementor-widget-text-editor\" data-id=\"3f657f7\" data-element_type=\"widget\" data-e-type=\"widget\" data-widget_type=\"text-editor.default\">\n\t\t\t\t<div class=\"elementor-widget-container\">\n\t\t\t\t\t\t\t\t\t<div>Hundertveeri koolis p\u00f5hineb kogu professionaalne suhtlus lahendustele ja ressurssidele suunatud l\u00e4henemisviisil: k\u00f5ik vestlused ja m\u00f5ttevahetused \u00f5pilastega, KESSi vestlused, k\u00f5ik vestlused lapsevanematega, aga ka k\u00f5ik personaliarendus ja personalikoosolekud. Lahendustele orienteeritud suhtlus annab v\u00e4ga suure panuse meie kooli positiivsesse \u00f5hkkonda ja sellesse, et k\u00f5ik lapsed ja t\u00e4iskasvanud saavad end selles koolis h\u00e4sti tunda.<\/div><div>Kogu kooli- ja kogu p\u00e4eva t\u00f6\u00f6tav personal saab p\u00f5hikoolituse lahendustele orienteeritud suhtlemises ning meeskonna toetatud sissejuhatuse. Igal aastal pakuvad kool ja kogu p\u00e4eva kool koost\u00f6\u00f6s Bielefeldi lahenduskeskse kommunikatsiooni instituudiga (ILK) uutele kolleegidele sissejuhatust praktilisse t\u00f6\u00f6sse selle n\u00f5ustamisviisiga. Kogu kooli ja kogu kooli t\u00f6\u00f6tajatele korraldatakse regulaarselt kontseptsioonip\u00e4evi sel teemal.<\/div><p>L\u00fchike teoreetiline sissejuhatus, millest tsiteerime j\u00e4rgmist v\u00e4ljav\u00f5tet, on k\u00e4ttesaadav aadressil<cite class=\"iUh30\">www.loesungsfokussiert.de \u00a0\u00a0<\/cite><\/p><p>\u00a0<\/p><div>\"LFT* (lahenduskeskne teraapia) t\u00f6\u00f6tati v\u00e4lja 1980. aastate alguses Steve de Shazeri, Insoo Kim Bergi ja kolleegide poolt Brief Family Therapy Center'is (Milwaukee, USA) ning seda on pidevalt muudetud. Lahenduskeskne l\u00e4henemine on probleemidest s\u00f5ltumatu ja tugevalt ressurssip\u00f5hine mudel vestluste l\u00e4biviimiseks erinevates rakendusvaldkondades. Lahenduskeskse l\u00e4henemise tunnusjooned on intensiivne eesm\u00e4rgile ja ressurssidele orienteeritus, v\u00f5imestamine ja pragmaatiline j\u00e4rgmiste v\u00f5imalike sammude otsimine lahenduse suunas. LFT p\u00f5hieeldus on, et probleemide struktuuri ja p\u00f5hjuste p\u00f5hjalik uurimine ei ole lahenduste leidmiseks vajalik. Pigem eeldatakse, et klientide julgustamine, et nad r\u00e4\u00e4giksid mineviku eranditest ning soovidest ja eesm\u00e4rkidest tulevikus, on abiks lahenduse sammude v\u00e4ljat\u00f6\u00f6tamisel.<\/div><p>\u00a0<\/p><div>Me eeldame, et igal inimesel on juba olemas k\u00f5ik vahendid, mida ta oma lahenduse v\u00e4ljat\u00f6\u00f6tamiseks vajab. N\u00f5ustaja \u00fclesanne on aktiveerida need ressursid ja suunata vestlus ajale, mil \"asjad l\u00e4hevad paremini\". Nendes probleemivabades aegades ja mentaalses l\u00e4bim\u00e4ngimises \"teeseldes - et - probleem - on - juba - lahendatud\" peituvad v\u00e4\u00e4rtuslikud vihjed tegelike lahenduste v\u00e4ljat\u00f6\u00f6tamiseks. Lahenduskesksed praktikud suunavad vestlust eesm\u00e4rkide, ressursside ja esimeste v\u00e4ikeste sammude suunas, kuid on v\u00f5imalikult mittedirektiivsed selle sisu suhtes, millest r\u00e4\u00e4gitakse. Klient m\u00e4\u00e4rab suuna ja tee. Samal ajal tugevdatakse otseselt ja kaudselt avastatud ressursse ja saavutatud edu.\u00a0<\/div><p>Me usume, et parim viis aidata inimestel probleemidest \u00fcle saada on keskenduda vestluse kaudu eesm\u00e4rkidele, eranditele ja tugevatele k\u00fclgedele. Me ei anal\u00fc\u00fcsi niiv\u00f5rd seda, kuidas ja miks probleemid tekkisid, vaid keskendume koos sellele, kuhu me tahame j\u00f5uda.<\/p><p>Reeglina selgitame vestluse alguses, millised on meie kliendi eesm\u00e4rgid ja soovid:<\/p><ul><li style=\"list-style-type: none;\"><ul><li>Milline t\u00e4pselt n\u00e4eb elu v\u00e4lja, kui probleemid on kadunud?<\/li><li>Mida meie klient teeks siis k\u00f5igepealt teisiti?<\/li><li>Mis saab edasi?<\/li><li>Kes tema keskkonnas m\u00e4rkaks esimesena probleemi kadumist, ilma et klient sellega otseselt tegeleks?<\/li><\/ul><\/li><\/ul><p>\u00a0<\/p><p>Seega on esimene samm koos v\u00e4lja t\u00f6\u00f6tada konkreetne eesm\u00e4rk, soovitud tulevikupilt, mis annab meie klientidele uue suuna (fookuse).<\/p><p>Siis on oluline v\u00e4lja selgitada, milline v\u00f5iks olla esimene v\u00e4ike, konkreetne ja teostatav samm selle eesm\u00e4rgi suunas. Kui on selgeks saanud, milline v\u00f5iks olla esimene, v\u00e4ike samm, tekib sageli idee j\u00e4rgmise v\u00e4ikese, teise sammu jaoks, ... .<\/p><div>J\u00e4rgmiste v\u00e4ikeste sammude otsimisel v\u00f5ib olla \u00e4\u00e4rmiselt kasulik visualiseerida, millal on hetki, mil asjad l\u00e4hevad paremini ja miks nad l\u00e4hevad paremini (erandid). \u00dcks meie peamisi \u00fclesandeid on toetada kliente nende teadmiste aktiveerimisel ja nende kasutatavaks muutmisel jooksva probleemi lahendamiseks. K\u00f5ige selle juures on meil alati tegemist konkreetse tegemise, tundmise ja m\u00f5tlemisega. Lahenduskeskne tegevus on seega v\u00e4ga praktiline ja tihedalt orienteeritud isiklikule v\u00f5i t\u00f6\u00f6alasele igap\u00e4evaelule.\" Meie kooli \u00fchiseks t\u00f6\u00f6ks on oluline, et k\u00f5ik kooli ja kogu p\u00e4eva kooli t\u00f6\u00f6tajad k\u00f5igis t\u00f6\u00f6valdkondades kohtuvad \u00fcksteisega ning \u00f5pilaste ja nende peredega \u00fchisest p\u00f5hihoiakust l\u00e4htuvalt ja selle \u00fchise p\u00f5hihoiaku alusel.<\/div>\t\t\t\t\t\t\t\t<\/div>\n\t\t\t\t<\/div>\n\t\t\t\t\t<\/div>\n\t\t<\/div>\n\t\t\t\t\t<\/div>\n\t\t<\/section>\n\t\t\t\t<section class=\"elementor-section elementor-top-section elementor-element elementor-element-08158d6 elementor-section-boxed elementor-section-height-default elementor-section-height-default\" data-id=\"08158d6\" data-element_type=\"section\" data-e-type=\"section\">\n\t\t\t\t\t\t<div class=\"elementor-container elementor-column-gap-default\">\n\t\t\t\t\t<div class=\"elementor-column elementor-col-100 elementor-top-column elementor-element elementor-element-43e97ae\" data-id=\"43e97ae\" data-element_type=\"column\" data-e-type=\"column\">\n\t\t\t<div class=\"elementor-widget-wrap elementor-element-populated\">\n\t\t\t\t\t\t<div class=\"elementor-element elementor-element-e5f2233 elementor-widget elementor-widget-spacer\" data-id=\"e5f2233\" data-element_type=\"widget\" data-e-type=\"widget\" data-widget_type=\"spacer.default\">\n\t\t\t\t<div class=\"elementor-widget-container\">\n\t\t\t\t\t\t\t<div class=\"elementor-spacer\">\n\t\t\t<div class=\"elementor-spacer-inner\"><\/div>\n\t\t<\/div>\n\t\t\t\t\t\t<\/div>\n\t\t\t\t<\/div>\n\t\t\t\t\t<\/div>\n\t\t<\/div>\n\t\t\t\t\t<\/div>\n\t\t<\/section>\n\t\t\t\t<\/div>","protected":false},"excerpt":{"rendered":"<p>In der Hundertwasser-Schule basiert alle professionelle Kommunikation auf dem l\u00f6sungs- und ressourcenorientierten Ansatz: alle Gespr\u00e4che und Reflexionen mit den Sch\u00fclerinnen und Sch\u00fclern, die KESS-Gespr\u00e4che, alle Gespr\u00e4che mit den Eltern, aber auch alle Personalentwicklungs- und Mitarbeitergespr\u00e4che. Die l\u00f6sungsorientierte Komunikation leistet einen sehr gro\u00dfen Beitrag zu der positiven Atmosph\u00e4re an unserer Schule und dazu, dass sich alle [&hellip;]<\/p>\n","protected":false},"author":1,"featured_media":0,"parent":0,"menu_order":0,"comment_status":"closed","ping_status":"closed","template":"elementor_header_footer","meta":{"footnotes":""},"class_list":["post-31","page","type-page","status-publish","hentry"],"_links":{"self":[{"href":"https:\/\/hundertwasser-schule.de\/et\/wp-json\/wp\/v2\/pages\/31","targetHints":{"allow":["GET"]}}],"collection":[{"href":"https:\/\/hundertwasser-schule.de\/et\/wp-json\/wp\/v2\/pages"}],"about":[{"href":"https:\/\/hundertwasser-schule.de\/et\/wp-json\/wp\/v2\/types\/page"}],"author":[{"embeddable":true,"href":"https:\/\/hundertwasser-schule.de\/et\/wp-json\/wp\/v2\/users\/1"}],"replies":[{"embeddable":true,"href":"https:\/\/hundertwasser-schule.de\/et\/wp-json\/wp\/v2\/comments?post=31"}],"version-history":[{"count":3,"href":"https:\/\/hundertwasser-schule.de\/et\/wp-json\/wp\/v2\/pages\/31\/revisions"}],"predecessor-version":[{"id":197,"href":"https:\/\/hundertwasser-schule.de\/et\/wp-json\/wp\/v2\/pages\/31\/revisions\/197"}],"wp:attachment":[{"href":"https:\/\/hundertwasser-schule.de\/et\/wp-json\/wp\/v2\/media?parent=31"}],"curies":[{"name":"wp","href":"https:\/\/api.w.org\/{rel}","templated":true}]}}