{"id":37,"date":"2020-03-31T10:56:02","date_gmt":"2020-03-31T10:56:02","guid":{"rendered":"https:\/\/neu.hundertwasser-schule.de\/?page_id=37"},"modified":"2020-11-24T13:42:37","modified_gmt":"2020-11-24T12:42:37","slug":"auf-einen-blick","status":"publish","type":"page","link":"https:\/\/hundertwasser-schule.de\/et\/auf-einen-blick\/","title":{"rendered":"\u00dclevaade"},"content":{"rendered":"<div data-elementor-type=\"wp-page\" data-elementor-id=\"37\" class=\"elementor elementor-37\" data-elementor-post-type=\"page\">\n\t\t\t\t\t\t<section class=\"elementor-section elementor-top-section elementor-element elementor-element-67358a02 elementor-section-stretched elementor-section-full_width elementor-section-height-default elementor-section-height-default\" data-id=\"67358a02\" data-element_type=\"section\" data-e-type=\"section\" data-settings=\"{&quot;stretch_section&quot;:&quot;section-stretched&quot;}\">\n\t\t\t\t\t\t<div class=\"elementor-container elementor-column-gap-no\">\n\t\t\t\t\t<div class=\"elementor-column elementor-col-100 elementor-top-column elementor-element elementor-element-586636bf\" data-id=\"586636bf\" data-element_type=\"column\" data-e-type=\"column\">\n\t\t\t<div class=\"elementor-widget-wrap elementor-element-populated\">\n\t\t\t\t\t\t<div class=\"elementor-element elementor-element-5ec13e42 elementor-widget elementor-widget-image\" data-id=\"5ec13e42\" data-element_type=\"widget\" data-e-type=\"widget\" data-widget_type=\"image.default\">\n\t\t\t\t<div class=\"elementor-widget-container\">\n\t\t\t\t\t\t\t\t\t\t\t\t\t\t\t<img fetchpriority=\"high\" decoding=\"async\" width=\"1920\" height=\"230\" src=\"http:\/\/hundertwasser-schule.de\/wp-content\/uploads\/2020\/03\/bild1.jpg\" class=\"attachment-full size-full wp-image-108\" alt=\"\" srcset=\"http:\/\/hundertwasser-schule.de\/wp-content\/uploads\/2020\/03\/bild1.jpg 1920w, http:\/\/hundertwasser-schule.de\/wp-content\/uploads\/2020\/03\/bild1-300x36.jpg 300w, http:\/\/hundertwasser-schule.de\/wp-content\/uploads\/2020\/03\/bild1-1024x123.jpg 1024w, http:\/\/hundertwasser-schule.de\/wp-content\/uploads\/2020\/03\/bild1-768x92.jpg 768w, http:\/\/hundertwasser-schule.de\/wp-content\/uploads\/2020\/03\/bild1-1536x184.jpg 1536w, http:\/\/hundertwasser-schule.de\/wp-content\/uploads\/2020\/03\/bild1-20x2.jpg 20w\" sizes=\"(max-width: 1920px) 100vw, 1920px\" \/>\t\t\t\t\t\t\t\t\t\t\t\t\t\t\t<\/div>\n\t\t\t\t<\/div>\n\t\t\t\t\t<\/div>\n\t\t<\/div>\n\t\t\t\t\t<\/div>\n\t\t<\/section>\n\t\t\t\t<section class=\"elementor-section elementor-top-section elementor-element elementor-element-71fa5576 elementor-section-height-min-height elementor-section-boxed elementor-section-height-default elementor-section-items-middle\" data-id=\"71fa5576\" data-element_type=\"section\" data-e-type=\"section\" data-settings=\"{&quot;background_background&quot;:&quot;classic&quot;}\">\n\t\t\t\t\t\t<div class=\"elementor-container elementor-column-gap-default\">\n\t\t\t\t\t<div class=\"elementor-column elementor-col-100 elementor-top-column elementor-element elementor-element-2a0b54c4\" data-id=\"2a0b54c4\" data-element_type=\"column\" data-e-type=\"column\">\n\t\t\t<div class=\"elementor-widget-wrap elementor-element-populated\">\n\t\t\t\t\t\t\t<\/div>\n\t\t<\/div>\n\t\t\t\t\t<\/div>\n\t\t<\/section>\n\t\t\t\t<section class=\"elementor-section elementor-top-section elementor-element elementor-element-4279139d elementor-section-boxed elementor-section-height-default elementor-section-height-default\" data-id=\"4279139d\" data-element_type=\"section\" data-e-type=\"section\">\n\t\t\t\t\t\t<div class=\"elementor-container elementor-column-gap-default\">\n\t\t\t\t\t<div class=\"elementor-column elementor-col-100 elementor-top-column elementor-element elementor-element-51af3ddc\" data-id=\"51af3ddc\" data-element_type=\"column\" data-e-type=\"column\">\n\t\t\t<div class=\"elementor-widget-wrap elementor-element-populated\">\n\t\t\t\t\t\t<div class=\"elementor-element elementor-element-6d210516 elementor-widget elementor-widget-spacer\" data-id=\"6d210516\" data-element_type=\"widget\" data-e-type=\"widget\" data-widget_type=\"spacer.default\">\n\t\t\t\t<div class=\"elementor-widget-container\">\n\t\t\t\t\t\t\t<div class=\"elementor-spacer\">\n\t\t\t<div class=\"elementor-spacer-inner\"><\/div>\n\t\t<\/div>\n\t\t\t\t\t\t<\/div>\n\t\t\t\t<\/div>\n\t\t\t\t\t<\/div>\n\t\t<\/div>\n\t\t\t\t\t<\/div>\n\t\t<\/section>\n\t\t\t\t<section class=\"elementor-section elementor-top-section elementor-element elementor-element-bd49105 elementor-section-boxed elementor-section-height-default elementor-section-height-default\" data-id=\"bd49105\" data-element_type=\"section\" data-e-type=\"section\">\n\t\t\t\t\t\t<div class=\"elementor-container elementor-column-gap-default\">\n\t\t\t\t\t<div class=\"elementor-column elementor-col-100 elementor-top-column elementor-element elementor-element-0a49f76\" data-id=\"0a49f76\" data-element_type=\"column\" data-e-type=\"column\">\n\t\t\t<div class=\"elementor-widget-wrap elementor-element-populated\">\n\t\t\t\t\t\t<div class=\"elementor-element elementor-element-6073bad elementor-widget elementor-widget-text-editor\" data-id=\"6073bad\" data-element_type=\"widget\" data-e-type=\"widget\" data-widget_type=\"text-editor.default\">\n\t\t\t\t<div class=\"elementor-widget-container\">\n\t\t\t\t\t\t\t\t\t<p>Hundertveeri kooli avatud kogu p\u00e4eva p\u00f5hiidee on pakkuda k\u00f5igile kooli lastele parimat v\u00f5imalikku tuge nende emotsionaalse ja sotsiaalse arengu valdkonnas multiprofessionaalses keskkonnas.<\/p><p>Hundertveeri kool ja SPI korraldavad \u00fchiselt selle avatud kogu p\u00e4eva. \u00dcldkontseptsiooni arendavad edasi avatud kogu p\u00e4eva kooli sotsiaalpedagoogid ja kooli \u00f5petajad.<\/p><p>Sotsiaalpedagoogiline p\u00e4evahoid pakub j\u00e4rgmisi teenuseid:\u00a0<\/p><ul><li>P\u00e4eva struktureerimise meetmed<\/li><li>Peret\u00f6\u00f6\u00a0<\/li><li>Abi kasvatamisel\u00a0<\/li><li>Osalemine<\/li><li>Laste n\u00f5ustamisaeg<\/li><li>Intressip\u00f5hine rahastamine (IF)<\/li><li>Marburgi kontsentratsioonikoolitus<\/li><\/ul><p>\u00a0<\/p><p>Sotsiaalpedagoogilises p\u00e4evahoius hoolitsetakse 54 lapse ja nende perede eest STB k\u00f5rgel tasemel. 54 last on jagatud nelja r\u00fchma, mille suurus on 12-15 last. Hooldusajad on esmasp\u00e4evast neljap\u00e4evani kell 12:00-16:00 ja reedeti kuni 15:00. Koolivaheaegadel ja \u00fcleminekup\u00e4evadel pakume usaldusv\u00e4\u00e4rset puhkusehooldust.<\/p><p>Sotsiaalpedagoogilise p\u00e4evahoiu meeskonda kuuluvad sotsiaalpedagoogid, sotsiaalt\u00f6\u00f6tajad, kasvatusteadlased, pedagoogid ja \u00f5pilasassistendid. Lisaks on spetsialistidel lisakoolitus lahenduskeskse n\u00f5ustamise, pereteraapia, ps\u00fchhomoteraapia, kogemuspedagoogika, loomapedagoogika ja kontsentratsioonikoolituse alal. Lisaks nendele p\u00f5hin\u00f5uetele on t\u00f6\u00f6 oluliseks osaks korrap\u00e4rane t\u00e4iendkoolitus ja supervisioon. Iga \u00f5petaja on kontaktisikuks \u00fcksikute laste ja nende perede jaoks \"referentss\u00fcsteemi\" raames.<\/p><p>P\u00e4rastl\u00f5unal toimuvad lastele individuaalsed tugiseansid. Nendes osalevad lapsed mitme n\u00e4dala jooksul.<\/p>\t\t\t\t\t\t\t\t<\/div>\n\t\t\t\t<\/div>\n\t\t\t\t\t<\/div>\n\t\t<\/div>\n\t\t\t\t\t<\/div>\n\t\t<\/section>\n\t\t\t\t<\/div>","protected":false},"excerpt":{"rendered":"<p>Die Grundidee des Offenen Ganztags an der Hundertwasser-Schule ist es, allen Kindern der Schule in einem multiprofessionellem Setting eine m\u00f6glichst optimale F\u00f6rderung im Bereich ihrer emotionalen und sozialen Entwicklung zu erm\u00f6glichen. Hundertwasser-Schule und SPI gestalten diesen Offenen Ganztag gemeinsam. Das Gesamtkonzept wird von den Sozialp\u00e4dagoginnen und Sozialp\u00e4dagogen des Offenen Ganztags sowie den Lehrerinnen und und [&hellip;]<\/p>\n","protected":false},"author":1,"featured_media":0,"parent":0,"menu_order":0,"comment_status":"closed","ping_status":"closed","template":"elementor_header_footer","meta":{"footnotes":""},"class_list":["post-37","page","type-page","status-publish","hentry"],"_links":{"self":[{"href":"https:\/\/hundertwasser-schule.de\/et\/wp-json\/wp\/v2\/pages\/37","targetHints":{"allow":["GET"]}}],"collection":[{"href":"https:\/\/hundertwasser-schule.de\/et\/wp-json\/wp\/v2\/pages"}],"about":[{"href":"https:\/\/hundertwasser-schule.de\/et\/wp-json\/wp\/v2\/types\/page"}],"author":[{"embeddable":true,"href":"https:\/\/hundertwasser-schule.de\/et\/wp-json\/wp\/v2\/users\/1"}],"replies":[{"embeddable":true,"href":"https:\/\/hundertwasser-schule.de\/et\/wp-json\/wp\/v2\/comments?post=37"}],"version-history":[{"count":5,"href":"https:\/\/hundertwasser-schule.de\/et\/wp-json\/wp\/v2\/pages\/37\/revisions"}],"predecessor-version":[{"id":1575,"href":"https:\/\/hundertwasser-schule.de\/et\/wp-json\/wp\/v2\/pages\/37\/revisions\/1575"}],"wp:attachment":[{"href":"https:\/\/hundertwasser-schule.de\/et\/wp-json\/wp\/v2\/media?parent=37"}],"curies":[{"name":"wp","href":"https:\/\/api.w.org\/{rel}","templated":true}]}}