{"id":4664,"date":"2023-11-07T21:28:29","date_gmt":"2023-11-07T20:28:29","guid":{"rendered":"https:\/\/hundertwasser-schule.de\/?page_id=4664"},"modified":"2024-05-16T13:25:07","modified_gmt":"2024-05-16T11:25:07","slug":"lies-mit-projekt","status":"publish","type":"page","link":"https:\/\/hundertwasser-schule.de\/et\/lies-mit-projekt\/","title":{"rendered":"Loe kaasa! - Projekt"},"content":{"rendered":"<div data-elementor-type=\"wp-page\" data-elementor-id=\"4664\" class=\"elementor elementor-4664\" data-elementor-post-type=\"page\">\n\t\t\t\t\t\t<section class=\"elementor-section elementor-top-section elementor-element elementor-element-8e29a50 elementor-section-boxed elementor-section-height-default elementor-section-height-default\" data-id=\"8e29a50\" data-element_type=\"section\" data-e-type=\"section\">\n\t\t\t\t\t\t<div class=\"elementor-container elementor-column-gap-default\">\n\t\t\t\t\t<div class=\"elementor-column elementor-col-100 elementor-top-column elementor-element elementor-element-1832f55\" data-id=\"1832f55\" data-element_type=\"column\" data-e-type=\"column\">\n\t\t\t<div class=\"elementor-widget-wrap elementor-element-populated\">\n\t\t\t\t\t\t<div class=\"elementor-element elementor-element-deb3dc9 elementor-widget elementor-widget-text-editor\" data-id=\"deb3dc9\" data-element_type=\"widget\" data-e-type=\"widget\" data-widget_type=\"text-editor.default\">\n\t\t\t\t<div class=\"elementor-widget-container\">\n\t\t\t\t\t\t\t\t\t<p><span style=\"color: #0000ff;\"><b>Projekti kohta<\/b><\/span><\/p><p>Projekt \"Lies mit\" on G\u00fcterslohi piirkonna algkoolide inspektsioonide, p\u00e4devusmeeskonna, G\u00fcterslohi piirkonna haridusjuhtimise ja haridusameti, Haridus- ja v\u00f5imaluste keskuse ning Reinhard Mohni fondi \u00fchine pakkumine.<\/p><p>Meil on hea meel, et Hundertveeri kooli personal on \u00fcheh\u00e4\u00e4lselt n\u00f5ustunud osalema 2023\/24. \u00f5ppeaastal G\u00fcterslohi piirkonnas projektis \"Lies mit\" ja osaleb 18 kuu jooksul koos teiste p\u00f5hikoolidega koolitustel. Projekti p\u00f5hiidee on lugemise s\u00fcstemaatiline edendamine kooli arenguprojekti raames, mida toetavad k\u00f5ik kolleegid.<\/p><p>The\u00a0<strong>\u00dcksikasjalikud eesm\u00e4rgid<\/strong>\u00a0on j\u00e4rgmised:<\/p><ol><li>K\u00f5ik \u00f5pilased, keda \u00f5petatakse samal tasemel, saavutavad Salzburgi lugemisoskuse s\u00f5elumise standardvahemiku neljanda klassi esimeses pooles.<\/li><li>Osaleva kooli erivajadustega \u00f5pilased parandavad oma lugemiskiirust, osaledes regulaarselt lugemistreeningutes p\u00f5hikooli ajal.<\/li><li>\u00d5petajad viivad lugemiskoolituse ellu hiljemalt neljandal \u00f5ppeaastal p\u00e4rast projektis osalemise algust.<\/li><li>Projekti katsetatakse alates tulevast \u00f5ppeaastast viie algkooliga. Need koolid taotlesid osalemist p\u00e4rast teabe- ja hindamis\u00fcritust.<\/li><\/ol><p><strong>Pakkumise struktuur<\/strong><\/p><p>Osalevate algkoolide \u00f5petajad osalevad 18 kuu jooksul seitsmes moodulis.<strong>\u00a0<\/strong>mis h\u00f5lmavad j\u00e4rgmisi teemasid:<br \/>Lugemisoskus, diagnoosimine ja viis lugemismeetodit: Koorilugemine, noppalugemine, tandemlugemine, lugemine koos audioraamatuga ja ette lugemise teater.<\/p><p>Iga moodul<strong>\u00a0<\/strong>koosneb:<\/p><ul><li>film, filmi vahetamine ja rakendamise kavandamine<br \/>aasta meeskond<\/li><li>Ette lugemise meetodi rakendamine<\/li><li>Koolidevaheline vahetus<\/li><li>Testige Salzburgi lugemisoskuse s\u00f5eltestiga tasuta veebiversioonis<\/li><li>Arutelu tulemuste \u00fcle aasta meeskonnas.<\/li><\/ul><p>Kui soovite \u00fcksikasjalikumat teavet, leiate selle siit\u00a0<strong>filmi projekti kohta:<br \/><\/strong><a href=\"https:\/\/youtu.be\/Q9TwVTWEg60?list=PL5LYbSLXzQs-pIlZO-9nmDxBdt5-eU7Qp\"><strong>https:\/\/youtu.be\/Q9TwVTWEg60?list=PL5LYbSLXzQs-pIlZO-9nmDxBdt5-<\/strong><\/a><a href=\"https:\/\/www.kreis-guetersloh.de\/themen\/bildung\/bildungsmanagement-und-bildungsbuero\/lies-mit\/qr-code.jpg?cid=18mk.5vo1\"><strong>eU7Qp<\/strong><\/a><strong>\u00a0 \u00a0<\/strong><\/p>\t\t\t\t\t\t\t\t<\/div>\n\t\t\t\t<\/div>\n\t\t\t\t<div class=\"elementor-element elementor-element-84b3ccb elementor-widget elementor-widget-text-editor\" data-id=\"84b3ccb\" data-element_type=\"widget\" data-e-type=\"widget\" data-widget_type=\"text-editor.default\">\n\t\t\t\t<div class=\"elementor-widget-container\">\n\t\t\t\t\t\t\t\t\t<p><span style=\"color: #0000ff;\"><strong>\"Loe kaasa\" Hundertveeri koolis<\/strong><\/span><\/p><p>2023\/2024. \u00f5ppeaasta algab k\u00f5igi p\u00f5hikoolide jaoks mitmete muudatustega. Muu hulgas julgustab Nordrhein-Westfaleni liidumaa p\u00f5hikoole seadma lugemise prioriteediks ja lisama tunniplaani kohustuslikud lugemisaegade ajad. Olulised eesm\u00e4rgid on lugemisoskus ja lugemisv\u00f5ime suurendamine ning lugemisr\u00f5\u00f5m.<\/p><p>Selle k\u00e4igus on projekt <strong>\"Loe kaasa\"<\/strong>milles Hundertveeri kooli t\u00f6\u00f6tajad on \u00f5ppeaasta algusest saadik innukalt osalenud. Projekt on G\u00fcterslohi piirkonna algkoolide inspektsiooni, p\u00e4devusmeeskonna, haridusameti ja haridusjuhtkonna, digihariduse ja koolide keskuse ning Reinhard Mohni fondi \u00fchine pakkumine, mis h\u00f5lmab erinevaid koolitusmooduleid, mida rakendatakse igap\u00e4evases \u00f5ppet\u00f6\u00f6s ja mille \u00fcle hiljem projekti raames reflekteeritakse.<\/p><p>Juba mitu n\u00e4dalat on kogu koolimajas neli korda n\u00e4dalas kindlal ajal k\u00f5lanud j\u00e4rgmine lause: \"Alustame lugemist. S\u00f5rmede all \"...\" - 3-2-1 ...\". Seej\u00e4rel loeme \u00fcheskoos kooris. Selle 15-20-minutilise lugemise edendamise aja jooksul katsetavad lapsed erinevaid lugemismeetodeid, n\u00e4iteks koorilugemist, lugemiskuubikuid v\u00f5i audioraamatute lugemist. K\u00f5ik meetodid on t\u00f5estatud, et nad edendavad lugemisoskus, lugemism\u00f5istmine ja lugemismotivatsioon - teisis\u00f5nu, kogu hariduse alus. \u00d5pilaste lugemisoskuse arengut m\u00f5\u00f5detakse regulaarsete testidega, milleks kasutatakse Salzburgi lugemisoskuse s\u00f5eluuringu veebiversiooni.<\/p><p>Lapsed ootavad vaevalt, et avastada ja lugeda uusi tekste ja lugemisviise ning \u00f5ppida ja proovida teisi helilugemise tehnikaid.<\/p><p>Oleme p\u00f5nevil, et n\u00e4ha, mis saab edasi!\u00a0<\/p>\t\t\t\t\t\t\t\t<\/div>\n\t\t\t\t<\/div>\n\t\t\t\t<div class=\"elementor-element elementor-element-80f5d5f elementor-widget elementor-widget-video\" data-id=\"80f5d5f\" data-element_type=\"widget\" data-e-type=\"widget\" data-settings=\"{&quot;video_type&quot;:&quot;hosted&quot;,&quot;controls&quot;:&quot;yes&quot;}\" data-widget_type=\"video.default\">\n\t\t\t\t<div class=\"elementor-widget-container\">\n\t\t\t\t\t\t\t<div class=\"e-hosted-video elementor-wrapper elementor-open-inline\">\n\t\t\t\t\t<video class=\"elementor-video\" src=\"http:\/\/hundertwasser-schule.de\/wp-content\/uploads\/2023\/11\/IMG_2543.mov\" controls=\"\" preload=\"metadata\" controlslist=\"nodownload\"><\/video>\n\t\t\t\t<\/div>\n\t\t\t\t\t\t<\/div>\n\t\t\t\t<\/div>\n\t\t\t\t<div class=\"elementor-element elementor-element-1402dd5 elementor-widget elementor-widget-gallery\" data-id=\"1402dd5\" data-element_type=\"widget\" data-e-type=\"widget\" data-settings=\"{&quot;lazyload&quot;:&quot;yes&quot;,&quot;gallery_layout&quot;:&quot;grid&quot;,&quot;columns&quot;:4,&quot;columns_tablet&quot;:2,&quot;columns_mobile&quot;:1,&quot;gap&quot;:{&quot;unit&quot;:&quot;px&quot;,&quot;size&quot;:10,&quot;sizes&quot;:[]},&quot;gap_tablet&quot;:{&quot;unit&quot;:&quot;px&quot;,&quot;size&quot;:10,&quot;sizes&quot;:[]},&quot;gap_mobile&quot;:{&quot;unit&quot;:&quot;px&quot;,&quot;size&quot;:10,&quot;sizes&quot;:[]},&quot;link_to&quot;:&quot;file&quot;,&quot;aspect_ratio&quot;:&quot;3:2&quot;,&quot;overlay_background&quot;:&quot;yes&quot;,&quot;content_hover_animation&quot;:&quot;fade-in&quot;}\" data-widget_type=\"gallery.default\">\n\t\t\t\t<div class=\"elementor-widget-container\">\n\t\t\t\t\t\t\t<div class=\"elementor-gallery__container\">\n\t\t\t\t\t<\/div>\n\t\t\t\t\t<\/div>\n\t\t\t\t<\/div>\n\t\t\t\t\t<\/div>\n\t\t<\/div>\n\t\t\t\t\t<\/div>\n\t\t<\/section>\n\t\t\t\t<section class=\"elementor-section elementor-top-section elementor-element elementor-element-ec3786e elementor-section-boxed elementor-section-height-default elementor-section-height-default\" data-id=\"ec3786e\" data-element_type=\"section\" data-e-type=\"section\">\n\t\t\t\t\t\t<div class=\"elementor-container elementor-column-gap-default\">\n\t\t\t\t\t<div class=\"elementor-column elementor-col-100 elementor-top-column elementor-element elementor-element-d6b72ee\" data-id=\"d6b72ee\" data-element_type=\"column\" data-e-type=\"column\">\n\t\t\t<div class=\"elementor-widget-wrap\">\n\t\t\t\t\t\t\t<\/div>\n\t\t<\/div>\n\t\t\t\t\t<\/div>\n\t\t<\/section>\n\t\t\t\t<\/div>","protected":false},"excerpt":{"rendered":"<p>\u00dcber das Projekt Das Projekt\u00a0\u201eLies\u00a0mit\u201c ist ein gemeinsames Angebot der Schulaufsichten f\u00fcr die Grundschulen im Kreis G\u00fctersloh, des Kompetenzteams, des Bildungsmanagements und Bildungsb\u00fcro im Kreis G\u00fctersloh, des Zentrums f\u00fcr Bildung und Chancen und der Reinhard Mohn Stiftung. Wir freuen uns, dass sich das Kollegium der Hundertwasser-Schule einstimmig im Schuljahr 2023\/24 auf das Projekt \u201eLies mit\u201c [&hellip;]<\/p>\n","protected":false},"author":4,"featured_media":0,"parent":0,"menu_order":0,"comment_status":"closed","ping_status":"closed","template":"","meta":{"footnotes":""},"class_list":["post-4664","page","type-page","status-publish","hentry"],"_links":{"self":[{"href":"https:\/\/hundertwasser-schule.de\/et\/wp-json\/wp\/v2\/pages\/4664","targetHints":{"allow":["GET"]}}],"collection":[{"href":"https:\/\/hundertwasser-schule.de\/et\/wp-json\/wp\/v2\/pages"}],"about":[{"href":"https:\/\/hundertwasser-schule.de\/et\/wp-json\/wp\/v2\/types\/page"}],"author":[{"embeddable":true,"href":"https:\/\/hundertwasser-schule.de\/et\/wp-json\/wp\/v2\/users\/4"}],"replies":[{"embeddable":true,"href":"https:\/\/hundertwasser-schule.de\/et\/wp-json\/wp\/v2\/comments?post=4664"}],"version-history":[{"count":5,"href":"https:\/\/hundertwasser-schule.de\/et\/wp-json\/wp\/v2\/pages\/4664\/revisions"}],"predecessor-version":[{"id":5238,"href":"https:\/\/hundertwasser-schule.de\/et\/wp-json\/wp\/v2\/pages\/4664\/revisions\/5238"}],"wp:attachment":[{"href":"https:\/\/hundertwasser-schule.de\/et\/wp-json\/wp\/v2\/media?parent=4664"}],"curies":[{"name":"wp","href":"https:\/\/api.w.org\/{rel}","templated":true}]}}