{"id":851,"date":"2020-04-14T08:16:03","date_gmt":"2020-04-14T06:16:03","guid":{"rendered":"https:\/\/neu.hundertwasser-schule.de\/?page_id=851"},"modified":"2020-04-14T12:17:52","modified_gmt":"2020-04-14T10:17:52","slug":"presseinfo-2","status":"publish","type":"page","link":"https:\/\/hundertwasser-schule.de\/et\/presseinfo-2\/","title":{"rendered":"Pressiteade"},"content":{"rendered":"<div data-elementor-type=\"wp-page\" data-elementor-id=\"851\" class=\"elementor elementor-851\" data-elementor-post-type=\"page\">\n\t\t\t\t\t\t<section class=\"elementor-section elementor-top-section elementor-element elementor-element-3c74706b elementor-section-stretched elementor-section-full_width elementor-section-height-default elementor-section-height-default\" data-id=\"3c74706b\" data-element_type=\"section\" data-e-type=\"section\" data-settings=\"{&quot;stretch_section&quot;:&quot;section-stretched&quot;}\">\n\t\t\t\t\t\t<div class=\"elementor-container elementor-column-gap-no\">\n\t\t\t\t\t<div class=\"elementor-column elementor-col-100 elementor-top-column elementor-element elementor-element-50667664\" data-id=\"50667664\" data-element_type=\"column\" data-e-type=\"column\">\n\t\t\t<div class=\"elementor-widget-wrap elementor-element-populated\">\n\t\t\t\t\t\t<div class=\"elementor-element elementor-element-64027a3a elementor-widget elementor-widget-image\" data-id=\"64027a3a\" data-element_type=\"widget\" data-e-type=\"widget\" data-widget_type=\"image.default\">\n\t\t\t\t<div class=\"elementor-widget-container\">\n\t\t\t\t\t\t\t\t\t\t\t\t\t\t\t<img fetchpriority=\"high\" decoding=\"async\" width=\"1920\" height=\"230\" src=\"https:\/\/hundertwasser-schule.de\/wp-content\/uploads\/2020\/03\/bild1.jpg\" class=\"attachment-full size-full wp-image-108\" alt=\"\" srcset=\"https:\/\/hundertwasser-schule.de\/wp-content\/uploads\/2020\/03\/bild1.jpg 1920w, https:\/\/hundertwasser-schule.de\/wp-content\/uploads\/2020\/03\/bild1-300x36.jpg 300w, https:\/\/hundertwasser-schule.de\/wp-content\/uploads\/2020\/03\/bild1-1024x123.jpg 1024w, https:\/\/hundertwasser-schule.de\/wp-content\/uploads\/2020\/03\/bild1-768x92.jpg 768w, https:\/\/hundertwasser-schule.de\/wp-content\/uploads\/2020\/03\/bild1-1536x184.jpg 1536w, https:\/\/hundertwasser-schule.de\/wp-content\/uploads\/2020\/03\/bild1-20x2.jpg 20w\" sizes=\"(max-width: 1920px) 100vw, 1920px\" \/>\t\t\t\t\t\t\t\t\t\t\t\t\t\t\t<\/div>\n\t\t\t\t<\/div>\n\t\t\t\t\t<\/div>\n\t\t<\/div>\n\t\t\t\t\t<\/div>\n\t\t<\/section>\n\t\t\t\t<section class=\"elementor-section elementor-top-section elementor-element elementor-element-4f9a8843 elementor-section-height-min-height elementor-section-boxed elementor-section-height-default elementor-section-items-middle\" data-id=\"4f9a8843\" data-element_type=\"section\" data-e-type=\"section\" data-settings=\"{&quot;background_background&quot;:&quot;classic&quot;}\">\n\t\t\t\t\t\t<div class=\"elementor-container elementor-column-gap-default\">\n\t\t\t\t\t<div class=\"elementor-column elementor-col-100 elementor-top-column elementor-element elementor-element-17041e88\" data-id=\"17041e88\" data-element_type=\"column\" data-e-type=\"column\">\n\t\t\t<div class=\"elementor-widget-wrap elementor-element-populated\">\n\t\t\t\t\t\t\t<\/div>\n\t\t<\/div>\n\t\t\t\t\t<\/div>\n\t\t<\/section>\n\t\t\t\t<section class=\"elementor-section elementor-top-section elementor-element elementor-element-47dc2325 elementor-section-boxed elementor-section-height-default elementor-section-height-default\" data-id=\"47dc2325\" data-element_type=\"section\" data-e-type=\"section\">\n\t\t\t\t\t\t<div class=\"elementor-container elementor-column-gap-default\">\n\t\t\t\t\t<div class=\"elementor-column elementor-col-100 elementor-top-column elementor-element elementor-element-699a63e7\" data-id=\"699a63e7\" data-element_type=\"column\" data-e-type=\"column\">\n\t\t\t<div class=\"elementor-widget-wrap elementor-element-populated\">\n\t\t\t\t\t\t<div class=\"elementor-element elementor-element-74cdb4ae elementor-widget elementor-widget-spacer\" data-id=\"74cdb4ae\" data-element_type=\"widget\" data-e-type=\"widget\" data-widget_type=\"spacer.default\">\n\t\t\t\t<div class=\"elementor-widget-container\">\n\t\t\t\t\t\t\t<div class=\"elementor-spacer\">\n\t\t\t<div class=\"elementor-spacer-inner\"><\/div>\n\t\t<\/div>\n\t\t\t\t\t\t<\/div>\n\t\t\t\t<\/div>\n\t\t\t\t\t<\/div>\n\t\t<\/div>\n\t\t\t\t\t<\/div>\n\t\t<\/section>\n\t\t\t\t<section class=\"elementor-section elementor-top-section elementor-element elementor-element-8a7cbd4 elementor-section-boxed elementor-section-height-default elementor-section-height-default\" data-id=\"8a7cbd4\" data-element_type=\"section\" data-e-type=\"section\">\n\t\t\t\t\t\t<div class=\"elementor-container elementor-column-gap-default\">\n\t\t\t\t\t<div class=\"elementor-column elementor-col-100 elementor-top-column elementor-element elementor-element-99a22aa\" data-id=\"99a22aa\" data-element_type=\"column\" data-e-type=\"column\">\n\t\t\t<div class=\"elementor-widget-wrap elementor-element-populated\">\n\t\t\t\t\t\t<div class=\"elementor-element elementor-element-082071a elementor-widget elementor-widget-text-editor\" data-id=\"082071a\" data-element_type=\"widget\" data-e-type=\"widget\" data-widget_type=\"text-editor.default\">\n\t\t\t\t<div class=\"elementor-widget-container\">\n\t\t\t\t\t\t\t\t\t<p><em>Avaldatud Bell'i lahkel loal<\/em><\/p><p><strong>Koht, kus \u00f5ppida ja elada h\u00e4sti\u00a0\u00a0\u00a0<\/strong><br \/>G\u00fctersloh (natuke). Laste bussitrummid teatavad seda ja direktor Gerhard Dickers on rahul: Hundertwasseri kool, mis keskendub emotsionaalsele ja sotsiaalsele arengule algklassides, on \"leidnud t\u00f5elise kodu\" endise Volkeningi kooli asukohas G\u00fcterslohis Holzstra\u00dfe \u00e4\u00e4res. \"\u00d5ppimise ja elamise koht, kus sa pead end koduselt tundma\".<br \/>P\u00e4rast \u00fcmberehitust ja arhitektuuriliselt silmatorkavat laiendust r\u00e4\u00e4kis linnapea Maria Unger \u00f5pilaste ja linna jaoks suurest p\u00e4evast. Viis aastat tagasi G\u00fcterslohi linnaosa egiidi all Edith Steini koolis asutatud Hundertwasseri kool kolis hiljem Anne Franki \u00fcldkooli naabrusesse ja on alates 2006. aastast munitsipaalkool. Unger viitas koolile nime andnud kunstniku v\u00e4rvirikkusele. Ta k\u00f5netab \u00f5pilasi, kes otsivad loovust. Tema \"linna langevas vihmapiisas\" leiaksid lapsed oma soovide paralleele, \u00fctles linnapea.<br \/>NRW haridusminister Barbara Sommer r\u00f5hutas k\u00fclalisena tihedaid sidemeid G\u00fcterslohi linna ja piirkonnaga, kus ta t\u00f6\u00f6tas koolin\u00f5unikuna. Ta tahtis lastega dialoogi pidada, kuid nad olid juba koolibussis. Siis tahtis ta r\u00e4\u00e4kida Hundertwasserist. Unger j\u00f5udis talle ette. Sellest hoolimata j\u00e4i minister kunstniku juurde, kes ergutas oma paadiga poiste ja t\u00fcdrukute fantaasiat. Elul on pimeduse ja helguse k\u00fcljed. Sommer tundis t\u00e4nulikkust Hundertwasseri vastu, kes oli alati sirgjoonelisuse vastu s\u00f5imanud, ja tema v\u00e4rviliste piltide eest.<br \/>\"\u00dcks direktor, \u00fcks kolleeg ja viis poissi,\" kirjeldas Dickers algust dialoogis selle esimese kolleegi Kerstin Richteriga. \"Me ei olnud isegi p\u00e4kapikkude kool ja meid naerdi natuke,\" meenutas direktor. Ta t\u00e4nas Detmoldi kooliosakonna juhatajat Siegfried Lieske't ja koolin\u00f5ukogu liiget Hartmut Stieghorsti ringkonnavalitsuses toetuse eest. Ta nimetas 2006. aastal G\u00fcterslohi linna \u00fcleviimist \u00f5nnelikuks hetkeks, sest linn m\u00f5tles just avatud \u00fcldhariduskoolide peale. Dockers pidas Hundertveeri kooli praegust vormi, mis on linna kooli- ja noorsooametitega koost\u00f6\u00f6s toimuvale sotsiaalpedagoogikale keskenduv kogu p\u00e4evaasutus, eeskujuks.<br \/>K\u00fclaliste hulgas olid Ursula Doppmeier MdL ja ringkonnapresident Marianne Thomann-Stahl. V\u00e4ga eriline k\u00fclaline oli Lisa Weber (92). Ta oli elanud 80 aastat Volkeningi kooli \u00f5petajate korteris, kus tema isa oli kunagi direktor ja ta ise \u00f5petas 30 aastat.<br \/>(Avaldatud 15.09.2007 ajakirjas Die Glocke)<\/p><p><em>Avaldatud Westfalen Blatt'i lahkel loal.<\/em><\/p><p><strong>Nimetati multitalendi j\u00e4rgi<\/strong><br \/>T\u00e4na avatakse Hundertveeri kool<br \/>See on nime saanud kunstniku, multitalendi ja keskkonnakaitsja Hundertwasseri j\u00e4rgi ning kannab nime \"F\u00f6rderschule der Stadt G\u00fctersloh\" (G\u00fcterslohi linna erikool). P\u00e4rast asukohavahetust on p\u00fchendunud kool n\u00fc\u00fcd leidnud uue kodu aadressil Holzstra\u00dfe 30.<br \/>Kool kuulub linnale alates 1. augustist 2006. 2002. aastal asutati G\u00fcterslohi linnaosa haridusliku toe kooliks viie \u00f5pilasega ja eripedagoogiga ning asub n\u00fc\u00fcd Holzstra\u00dfe's.<br \/>Uus koolihoone avatakse ametlikult t\u00e4na, reedel kell 14.30. Kohale on oodata Nordrhein-Westfaleni liidumaa kooliministrit Barbara Sommerit. Ettekandes \"Hundertveeri kooli viis aastat\" teeb kooli direktor Gerhard Dickers kokkuv\u00f5tte kooli arengust ja kirjeldab selle v\u00e4ljavaateid. Detmoldi kooliosakonna juhataja Siegfried Lieske teeb ettekande Hundertveeri koolist muutuva koolimaastiku kontekstis. Ametlik programm l\u00f5peb kooli ekskursiooniga.<br \/>Uus asukoht t\u00f5mbab joone alla ajutistele kokkulepetele: Aastatel 2002-2004 asus erikool Edith Steini koolis ja aastatel 2004-2007 ajutiselt Anne Franki koolis. Sellegipoolest on \u00f5petajate meeskond pidevalt t\u00f6\u00f6tanud selle kooli arendamise nimel. Alates 2007\/2008. \u00f5ppeaasta algusest hakkab erikool toimima avatud \u00fcldkoolina. Nii soovib Hundertveeri kool toetada oma umbes 50 \u00f5pilase emotsionaalset ja sotsiaalset arengut. Vastutajad s\u00f5lmisid vastava lepingu Sozialp\u00e4dagogisches und Psychomotorisches Institut G\u00fcterslohi (SPI) ja G\u00fcterslohi linnaga. Koos SPIga v\u00f5tab kogu p\u00e4eva hoolduse \u00fcle teenusepakkuja, kellega noorteosakond on aastaid teinud koost\u00f6\u00f6d rehabilitatsiooni ja haridusliku toetuse valdkonnas. Linn on investeerinud kolm miljonit eurot endise Volkeningi kooli laiendamisse. Ei mingeid sirgjooni: Endise Volkeningi kooli tagumise osa fassaad kujundati kunstnik Hundertwasseri vaimus tema nime kandva kooli jaoks.<br \/>(Avaldatud 14.09.2007 ajakirjas Westfalen-Blatt)<\/p><p><em>Avaldatud Westfalen Blatt'i lahkel loal.\u00a0<\/em><\/p><p><strong>Laste maailm ei ole alati v\u00e4rviline<\/strong><br \/><strong>Hundertveeri kool avatakse ametlikult<\/strong><br \/>Michael Delker<\/p><p>Direktor Gerhard Dicker sai linnapea Maria Ungerilt kingituseks Hundertveeri maja miniatuuris. Kooliminister Barbara Sommer \u00fctles avamisel tervituss\u00f5nu.<\/p><p>G\u00fctersloh (WB) Ajutiste kokkulepete aeg on m\u00f6\u00f6das. P\u00e4rast seda, kui endise Volkeningi kooli juurdeehitust+ laiendati, sai Hundertveeri kool reede p\u00e4rastl\u00f5unal oma uue asukoha ametlikult sisse p\u00fchitseda. P\u00e4rast aastaid Edith Steini koolis ja Anne Franki kooli ajutises hoones viibimist on erikool l\u00f5puks ometi leidnud endale kodu. Selle sammu olulisust lastele, vanematele ja \u00f5petajatele tegi selgeks linnapea Maria Ungeri kingitus: ta kinkis koolijuhile Gerhard Dickersile Hundertveeri maja miniatuuris - seda saab kasutada linnumajana.<\/p><p>Tervitusk\u00f5ne pidas Nordrhein-Westfaleni haridusminister Barbara Sommer, kes t\u00f6\u00f6tas varem G\u00fcterslohi piirkonnas koolin\u00f5unikuna (\"Siin kogesin oma parimat t\u00f6\u00f6aega\"). Ta r\u00e4\u00e4kis kutsutud k\u00fclalistele, et kunstnik Friedensreich Hundertwasser andis endale eluajal nime \"Dunkelbunt\". \"See nimi sobib h\u00e4sti nende lastega, kes siin koolis k\u00e4ivad. Nende maailm ei ole alati v\u00e4rviline,\" \u00fctles Barbara Sommer. Hundertveeri kool on seadnud endale eesm\u00e4rgiks edendada nende laste emotsionaalset ja sotsiaalset arengut, kes ei saa tavap\u00e4rastes koolides hakkama.<\/p><p>Vestluses oma kolleegi Kerstin Richteriga meenutas Gerhard Dickers kooli asutamist viis aastat tagasi. Tol ajal oli seal ainult viis \u00f5pilast ja \"me olime ilmselt k\u00f5ige v\u00e4iksem kool Nordrhein-Westfalenis\". Sellest ajast alates on kool aeglaselt arenenud ja see on hea.<\/p><p>(Avaldatud 15.09.2007 ajakirjas Westfalen-Blatt)<\/p><p><em>Avaldatud NW - Neue Westf\u00e4lische lahkel loal.\u00a0<\/em><big><big><small><br \/><big><big><small><\/small><\/big><\/big><\/small><\/big><\/big><\/p><p><strong>L\u00f5puks leidsin kodu<\/strong><br \/><strong>G\u00fcterslohil on uus kool \/ Inauguratsioon koos minister Sommeriga\u00a0<\/strong><br \/>ROLF BIRKHOLZ<br \/>G\u00fctersloh. \"Me oleme selle maailma lapsed ja me trummeldame nii, nagu meile meeldib\". Trummeldades, lauldes ja vilistades tervitasid Hundertveeri kooli lapsed eile kooliminister Barbara Sommeri, ringkonnapresident Marianne Thomann-Stahli ja teisi k\u00fclalisi oma kooli avamistseremoonial. Muusika ja laul, Aafrika trummiprojekti tulemused, tekitasid mulje, nagu oleksid \u00f5pilased juba v\u00f5tnud oma kunstniku ja keskkonnakaitsja Friedensreich Hundertwasseri nime kandva maja, endise Volkeningi kooli Oststra\u00dfe\/Holzstra\u00dfe \u00e4\u00e4res, mida on laiendatud k\u00f5rvalhoonega, oma valdusesse.<br \/>Direktor Gerhard Dickers oli rahul, et 2002. aastal asutatud emotsionaalsele ja sotsiaalsele arengule keskendunud erikool, mis algselt oli linnaosa omandis, kuid millest on vahepeal saanud munitsipaalkool, on n\u00fc\u00fcd p\u00e4rast kahte kolimist leidnud oma uues asukohas \"t\u00f5elise kodu\" ning saanud kooli- ja elukoha. See oli \u00f5nn, et linnaarhitekti Karl-Heinz Rempe projektid \"suutsid luua \u00f5nnelikud ruumid Hundertveeri vaimus\". Dickers n\u00e4gi veel \u00fcht \u00f5nnelikku juhust selles, et Sozialp\u00e4dagogisches und Psychomotorisches Institut G\u00fctersloh (SPI), kellega keskus teeb koost\u00f6\u00f6d p\u00e4evahoiu, tugimeetmete ja vanemahoolduse valdkonnas, omab kohe k\u00f5rval, Holzstra\u00dfe \u00e4\u00e4res tugikeskust ja spordisaali, mida saab samuti kasutada. Linnapea Maria Unger oli esimesena m\u00f5elnud m\u00f5lema rajatise \u00fchendamise peale \u00fches kohas ja tegi seega s\u00fcnergiaefekti v\u00f5imalikuks.<\/p><p>Tulevikku vaadates v\u00f5iks Dickers siin ette kujutada sotsiaalpedagoogilist kompetentsikeskust. Seda kordasid ka ringkonnavalitsuse kooliosakonna juhataja Siegfried Lieske ja G\u00fcterslohi koolin\u00f5ukogu liige Hartmut Stieghorst, kes olid v\u00e4lja t\u00f6\u00f6tanud rollidialoogi. Vastuseks Stieghorsti v\u00e4itele, et Hundertveeri kool on viie aastaga palju saavutanud, \u00fctles Lieske: \"K\u00f5ik noored, v\u00e4ga motiveeritud: Mida sa veel ootad?\"<\/p><p>Dickers ja Kerstin Richter, tema tolleaegne esimene t\u00f6\u00f6taja, olid juba tagantj\u00e4rele soovitanud seda hinnangut. Kahe \u00f5petaja ja viie \u00f5pilasega tundsid nad end \"P\u00f5hja-Rein-Vestfaali v\u00e4ikseima koolidena\" ja nende \u00fcle naerdi veidi. Seej\u00e4rel kirjeldasid nad pidevat arengut \u00fclespoole, sealhulgas osalemist iseseisvas koolis ja avatud kogu p\u00e4eva projektides, kus nad m\u00f5nikord \"j\u00f5udsid oma v\u00f5imekuse piirini\".<\/p><p>Kooliminister Barbara Sommer r\u00e4\u00e4kis v\u00e4rskendavalt vabalt, ilma k\u00e4sikirjata. Ta r\u00e4\u00e4kis, kuidas Friedrich Stowasser leidis kunagi oma kunstnikunime Friedensreich Hundertwasser. P\u00fc\u00fcdes panna end laste hinge, osutades kunstniku terminile \"dunkelbunt\" (tumedav\u00e4rviline) k\u00f5igile kunstniku heledatele v\u00e4rvidele, k\u00f5netas ta lapsi soojalt, selle asemel, et lihtsalt etteantud teksti ette lugeda, nagu poliitikute puhul ei ole sellistel juhtudel ebatavaline.<\/p><p>\u00a0<\/p><p><strong>Volkeningist Hundertwasserini<\/strong><br \/>P\u00e4rast kahte ajutist asukohta on Hundertveeri kool leidnud oma uue kodu endises Volkschule'i hoones aadressil Holzstra\u00dfe 30 (tegelikult Oststra\u00dfe), mis sai oma nime 1903. aastal ehitatud \u00e4ratundliku jutlustaja Johann Heinrich Volkeningi j\u00e4rgi. Piirkonna haridustoetuskoolina asus see esialgu Edith Steini koolis, hiljem Anne Franki koolis. 2006. aastal v\u00f5ttis linn kooli juhtimise \u00fcle. 2002. aastal kaheliikmelise personali ja viie \u00f5pilasega alustanud lasteaias hoolitseb t\u00e4nap\u00e4eval, sealhulgas kogu p\u00e4eva jooksul, 20 spetsialisti 50 \u00f5pilase eest ning veel 20 lapse eest, kes saavad otsest toetust oma p\u00f5hikoolis. Arhitekt Karl-Heinz Rempe plaanide kohane renoveerimine ja laiendamine l\u00e4ks maksma kolm miljonit eurot. Rempe j\u00e4i pikenduses truuks t\u00e4isnurga p\u00f5him\u00f5ttele. V\u00e4rvikava, eriti tagaseinas, ning v\u00e4rvilised tornid p\u00f5hinevad aga selgelt kunstniku ja fantaasia \u00e4rataja Hundertwasseri v\u00e4ljendusel.<br \/><small>(Avaldatud 15.09.2007 NW- Neue Westf\u00e4lische)<\/small><\/p>\t\t\t\t\t\t\t\t<\/div>\n\t\t\t\t<\/div>\n\t\t\t\t\t<\/div>\n\t\t<\/div>\n\t\t\t\t\t<\/div>\n\t\t<\/section>\n\t\t\t\t<section class=\"elementor-section elementor-top-section elementor-element elementor-element-01dd008 elementor-section-boxed elementor-section-height-default elementor-section-height-default\" data-id=\"01dd008\" data-element_type=\"section\" data-e-type=\"section\">\n\t\t\t\t\t\t<div class=\"elementor-container elementor-column-gap-default\">\n\t\t\t\t\t<div class=\"elementor-column elementor-col-100 elementor-top-column elementor-element elementor-element-052942e\" data-id=\"052942e\" data-element_type=\"column\" data-e-type=\"column\">\n\t\t\t<div class=\"elementor-widget-wrap elementor-element-populated\">\n\t\t\t\t\t\t<div class=\"elementor-element elementor-element-7bae7a1 elementor-widget elementor-widget-spacer\" data-id=\"7bae7a1\" data-element_type=\"widget\" data-e-type=\"widget\" data-widget_type=\"spacer.default\">\n\t\t\t\t<div class=\"elementor-widget-container\">\n\t\t\t\t\t\t\t<div class=\"elementor-spacer\">\n\t\t\t<div class=\"elementor-spacer-inner\"><\/div>\n\t\t<\/div>\n\t\t\t\t\t\t<\/div>\n\t\t\t\t<\/div>\n\t\t\t\t\t<\/div>\n\t\t<\/div>\n\t\t\t\t\t<\/div>\n\t\t<\/section>\n\t\t\t\t<\/div>","protected":false},"excerpt":{"rendered":"<p>Ver\u00f6ffentlicht mit freundlicher Genehmigung der Glocke Ein Lern- und Lebensort zum Wohlf\u00fchlen\u00a0\u00a0\u00a0G\u00fctersloh (bit). Buschtrommeln der Kinder k\u00fcnden es, und Schulleiter Gerhard Dickers freut sich: Die Hundertwasserschule mit dem F\u00f6rderschwerpunkt emotionale und soziale Entwicklung im Primarbereich hat am Standort der ehemaligen Volkeningschule an der Holzstra\u00dfe in G\u00fctersloh \u201eeine wirkliche Heimat gefunden\u201c. Ein \u201eLern- und Lebensort, an [&hellip;]<\/p>\n","protected":false},"author":1,"featured_media":0,"parent":0,"menu_order":0,"comment_status":"closed","ping_status":"closed","template":"elementor_header_footer","meta":{"footnotes":""},"class_list":["post-851","page","type-page","status-publish","hentry"],"_links":{"self":[{"href":"https:\/\/hundertwasser-schule.de\/et\/wp-json\/wp\/v2\/pages\/851","targetHints":{"allow":["GET"]}}],"collection":[{"href":"https:\/\/hundertwasser-schule.de\/et\/wp-json\/wp\/v2\/pages"}],"about":[{"href":"https:\/\/hundertwasser-schule.de\/et\/wp-json\/wp\/v2\/types\/page"}],"author":[{"embeddable":true,"href":"https:\/\/hundertwasser-schule.de\/et\/wp-json\/wp\/v2\/users\/1"}],"replies":[{"embeddable":true,"href":"https:\/\/hundertwasser-schule.de\/et\/wp-json\/wp\/v2\/comments?post=851"}],"version-history":[{"count":2,"href":"https:\/\/hundertwasser-schule.de\/et\/wp-json\/wp\/v2\/pages\/851\/revisions"}],"predecessor-version":[{"id":1006,"href":"https:\/\/hundertwasser-schule.de\/et\/wp-json\/wp\/v2\/pages\/851\/revisions\/1006"}],"wp:attachment":[{"href":"https:\/\/hundertwasser-schule.de\/et\/wp-json\/wp\/v2\/media?parent=851"}],"curies":[{"name":"wp","href":"https:\/\/api.w.org\/{rel}","templated":true}]}}