{"id":19,"date":"2020-03-31T10:53:34","date_gmt":"2020-03-31T10:53:34","guid":{"rendered":"https:\/\/neu.hundertwasser-schule.de\/?page_id=19"},"modified":"2026-03-11T13:10:05","modified_gmt":"2026-03-11T12:10:05","slug":"konzepte-zum-schulprogramm","status":"publish","type":"page","link":"https:\/\/hundertwasser-schule.de\/fi\/konzepte-zum-schulprogramm\/","title":{"rendered":"Kouluohjelman k\u00e4sitteet"},"content":{"rendered":"<div data-elementor-type=\"wp-page\" data-elementor-id=\"19\" class=\"elementor elementor-19\" data-elementor-post-type=\"page\">\n\t\t\t\t\t\t<section class=\"elementor-section elementor-top-section elementor-element elementor-element-50b5d902 elementor-section-stretched elementor-section-full_width elementor-section-height-default elementor-section-height-default\" data-id=\"50b5d902\" data-element_type=\"section\" data-e-type=\"section\" data-settings=\"{&quot;stretch_section&quot;:&quot;section-stretched&quot;}\">\n\t\t\t\t\t\t<div class=\"elementor-container elementor-column-gap-no\">\n\t\t\t\t\t<div class=\"elementor-column elementor-col-100 elementor-top-column elementor-element elementor-element-6e36a43b\" data-id=\"6e36a43b\" data-element_type=\"column\" data-e-type=\"column\">\n\t\t\t<div class=\"elementor-widget-wrap elementor-element-populated\">\n\t\t\t\t\t\t<div class=\"elementor-element elementor-element-1a13e510 elementor-widget elementor-widget-image\" data-id=\"1a13e510\" data-element_type=\"widget\" data-e-type=\"widget\" data-widget_type=\"image.default\">\n\t\t\t\t<div class=\"elementor-widget-container\">\n\t\t\t\t\t\t\t\t\t\t\t\t\t\t\t<img fetchpriority=\"high\" decoding=\"async\" width=\"1920\" height=\"230\" src=\"http:\/\/hundertwasser-schule.de\/wp-content\/uploads\/2020\/03\/bild1.jpg\" class=\"attachment-full size-full wp-image-108\" alt=\"\" srcset=\"http:\/\/hundertwasser-schule.de\/wp-content\/uploads\/2020\/03\/bild1.jpg 1920w, http:\/\/hundertwasser-schule.de\/wp-content\/uploads\/2020\/03\/bild1-300x36.jpg 300w, http:\/\/hundertwasser-schule.de\/wp-content\/uploads\/2020\/03\/bild1-1024x123.jpg 1024w, http:\/\/hundertwasser-schule.de\/wp-content\/uploads\/2020\/03\/bild1-768x92.jpg 768w, http:\/\/hundertwasser-schule.de\/wp-content\/uploads\/2020\/03\/bild1-1536x184.jpg 1536w, http:\/\/hundertwasser-schule.de\/wp-content\/uploads\/2020\/03\/bild1-20x2.jpg 20w\" sizes=\"(max-width: 1920px) 100vw, 1920px\" \/>\t\t\t\t\t\t\t\t\t\t\t\t\t\t\t<\/div>\n\t\t\t\t<\/div>\n\t\t\t\t\t<\/div>\n\t\t<\/div>\n\t\t\t\t\t<\/div>\n\t\t<\/section>\n\t\t\t\t<section class=\"elementor-section elementor-top-section elementor-element elementor-element-58fb84af elementor-section-height-min-height elementor-section-boxed elementor-section-height-default elementor-section-items-middle\" data-id=\"58fb84af\" data-element_type=\"section\" data-e-type=\"section\" data-settings=\"{&quot;background_background&quot;:&quot;classic&quot;}\">\n\t\t\t\t\t\t<div class=\"elementor-container elementor-column-gap-default\">\n\t\t\t\t\t<div class=\"elementor-column elementor-col-100 elementor-top-column elementor-element elementor-element-1a7fdca8\" data-id=\"1a7fdca8\" data-element_type=\"column\" data-e-type=\"column\">\n\t\t\t<div class=\"elementor-widget-wrap elementor-element-populated\">\n\t\t\t\t\t\t\t<\/div>\n\t\t<\/div>\n\t\t\t\t\t<\/div>\n\t\t<\/section>\n\t\t\t\t<section class=\"elementor-section elementor-top-section elementor-element elementor-element-80d35f0 elementor-section-boxed elementor-section-height-default elementor-section-height-default\" data-id=\"80d35f0\" data-element_type=\"section\" data-e-type=\"section\">\n\t\t\t\t\t\t<div class=\"elementor-container elementor-column-gap-default\">\n\t\t\t\t\t<div class=\"elementor-column elementor-col-100 elementor-top-column elementor-element elementor-element-73efd50\" data-id=\"73efd50\" data-element_type=\"column\" data-e-type=\"column\">\n\t\t\t<div class=\"elementor-widget-wrap elementor-element-populated\">\n\t\t\t\t\t\t<div class=\"elementor-element elementor-element-01637c0 elementor-widget elementor-widget-spacer\" data-id=\"01637c0\" data-element_type=\"widget\" data-e-type=\"widget\" data-widget_type=\"spacer.default\">\n\t\t\t\t<div class=\"elementor-widget-container\">\n\t\t\t\t\t\t\t<div class=\"elementor-spacer\">\n\t\t\t<div class=\"elementor-spacer-inner\"><\/div>\n\t\t<\/div>\n\t\t\t\t\t\t<\/div>\n\t\t\t\t<\/div>\n\t\t\t\t\t<\/div>\n\t\t<\/div>\n\t\t\t\t\t<\/div>\n\t\t<\/section>\n\t\t\t\t<section class=\"elementor-section elementor-top-section elementor-element elementor-element-73c8340 elementor-section-boxed elementor-section-height-default elementor-section-height-default\" data-id=\"73c8340\" data-element_type=\"section\" data-e-type=\"section\">\n\t\t\t\t\t\t<div class=\"elementor-container elementor-column-gap-default\">\n\t\t\t\t\t<div class=\"elementor-column elementor-col-100 elementor-top-column elementor-element elementor-element-98c2637\" data-id=\"98c2637\" data-element_type=\"column\" data-e-type=\"column\">\n\t\t\t<div class=\"elementor-widget-wrap elementor-element-populated\">\n\t\t\t\t\t\t<div class=\"elementor-element elementor-element-73dd1d7 elementor-widget elementor-widget-text-editor\" data-id=\"73dd1d7\" data-element_type=\"widget\" data-e-type=\"widget\" data-widget_type=\"text-editor.default\">\n\t\t\t\t<div class=\"elementor-widget-container\">\n\t\t\t\t\t\t\t\t\t<h4 class=\"vc_custom_heading\">Toimitamme kaikki materiaalit PDF-tiedostoina.<\/h4>\t\t\t\t\t\t\t\t<\/div>\n\t\t\t\t<\/div>\n\t\t\t\t\t<\/div>\n\t\t<\/div>\n\t\t\t\t\t<\/div>\n\t\t<\/section>\n\t\t\t\t<section class=\"elementor-section elementor-top-section elementor-element elementor-element-5408b27 elementor-section-content-middle elementor-section-boxed elementor-section-height-default elementor-section-height-default\" data-id=\"5408b27\" data-element_type=\"section\" data-e-type=\"section\">\n\t\t\t\t\t\t<div class=\"elementor-container elementor-column-gap-default\">\n\t\t\t\t\t<div class=\"elementor-column elementor-col-50 elementor-top-column elementor-element elementor-element-168e72d\" data-id=\"168e72d\" data-element_type=\"column\" data-e-type=\"column\" data-settings=\"{&quot;background_background&quot;:&quot;classic&quot;}\">\n\t\t\t<div class=\"elementor-widget-wrap elementor-element-populated\">\n\t\t\t\t\t\t<div class=\"elementor-element elementor-element-afb55b0 elementor-widget elementor-widget-text-editor\" data-id=\"afb55b0\" data-element_type=\"widget\" data-e-type=\"widget\" data-widget_type=\"text-editor.default\">\n\t\t\t\t<div class=\"elementor-widget-container\">\n\t\t\t\t\t\t\t\t\t<p style=\"text-align: center;\">K\u00e4sitteet<\/p>\t\t\t\t\t\t\t\t<\/div>\n\t\t\t\t<\/div>\n\t\t\t\t\t<\/div>\n\t\t<\/div>\n\t\t\t\t<div class=\"elementor-column elementor-col-50 elementor-top-column elementor-element elementor-element-f471759\" data-id=\"f471759\" data-element_type=\"column\" data-e-type=\"column\">\n\t\t\t<div class=\"elementor-widget-wrap elementor-element-populated\">\n\t\t\t\t\t\t<div class=\"elementor-element elementor-element-9dbb8ac elementor-widget elementor-widget-text-editor\" data-id=\"9dbb8ac\" data-element_type=\"widget\" data-e-type=\"widget\" data-widget_type=\"text-editor.default\">\n\t\t\t\t<div class=\"elementor-widget-container\">\n\t\t\t\t\t\t\t\t\t<h6 class=\"vc_custom_heading\"><u><a href=\"http:\/\/hundertwasser-schule.de\/wp-content\/uploads\/2026\/02\/Medienkonzept-Stand-Februar-2026.pdf\">Mediakonsepti<\/a><\/u><\/h6><h6 class=\"vc_custom_heading\"><u><a href=\"http:\/\/hundertwasser-schule.de\/wp-content\/uploads\/2022\/11\/Bauwagenkonzept.pdf\">Rakennusper\u00e4vaunun konsepti<\/a><\/u><\/h6><h6 class=\"vc_custom_heading\"><a href=\"http:\/\/hundertwasser-schule.de\/wp-content\/uploads\/2022\/11\/Erziehungskonzept-1.pdf\"><u>Koulutuksellinen k\u00e4site<\/u><\/a><\/h6><h6 class=\"vc_custom_heading\"><a href=\"http:\/\/hundertwasser-schule.de\/wp-content\/uploads\/2022\/11\/Einheitlicher-Leitfaden-fuer-den-konkreten-Umgang-mit-Kindern-in-Alltagssituationen.pdf\"><u>Yhten\u00e4iset ohjeet lasten konkreettisesta k\u00e4sittelyst\u00e4 arjen tilanteissa koulun ja koko p\u00e4iv\u00e4n toiminnan v\u00e4lill\u00e4<\/u><\/a><\/h6><h6 class=\"vc_custom_heading\"><a href=\"http:\/\/hundertwasser-schule.de\/wp-content\/uploads\/2022\/11\/Erziehungsvereinbarung-Hundertwasser-Schule.pdf\"><u>Koulutussopimus<\/u><\/a><\/h6><h6 class=\"vc_custom_heading\"><a href=\"http:\/\/hundertwasser-schule.de\/wp-content\/uploads\/2026\/02\/Schuelervertrag_und_Selbstverpflichtungsvereinbarung.pdf\" target=\" _blank\"><u>Sch\u00fclervertrag und Selbstverpflichtungserkl\u00e4rung<\/u><\/a><\/h6><h6 class=\"vc_custom_heading\"><a href=\"http:\/\/hundertwasser-schule.de\/fi\/inhalte\/1unsereschule\/4konzepte\/Foerderplankonzept.pdf\/\" target=\" _blank\"><u>Tukisuunnitelman k\u00e4site<\/u><\/a><\/h6><h6 class=\"vc_custom_heading\"><a href=\"http:\/\/hundertwasser-schule.de\/wp-content\/uploads\/2022\/11\/Fortbildungskonzept.pdf\"><u>Koulutuskonsepti<\/u><\/a><\/h6><h6 class=\"vc_custom_heading\"><a href=\"http:\/\/hundertwasser-schule.de\/wp-content\/uploads\/2022\/11\/Konzept-zum-Distanzunterricht-HWS.pdf\"><u>Et\u00e4opetuksen k\u00e4site<\/u><\/a><\/h6><h6 class=\"vc_custom_heading\"><a href=\"http:\/\/hundertwasser-schule.de\/wp-content\/uploads\/2022\/11\/Konzept-intensivpaedagogischer-Massnahmen-an-der-Hunderwasser-Schule-Guetersloh.pdf\"><u>K\u00e4siteintensiiviset pedagogiset toimenpiteet<\/u><\/a><\/h6><h6 class=\"vc_custom_heading\"><a href=\"http:\/\/hundertwasser-schule.de\/wp-content\/uploads\/2022\/11\/Jahrgangsuebergreifender-Unterricht-JUe-12.pdf\"><u>Luokkien v\u00e4lisen opetuksen k\u00e4site 1-2<\/u><\/a><\/h6><h6 class=\"vc_custom_heading\"><a href=\"http:\/\/hundertwasser-schule.de\/wp-content\/uploads\/2022\/11\/Jahrgangsuebergreifender-Unterricht-34.pdf\"><u>Luokkien v\u00e4lisen opetuksen k\u00e4site 3-4<\/u><\/a><\/h6><h6 class=\"vc_custom_heading\"><a href=\"http:\/\/hundertwasser-schule.de\/wp-content\/uploads\/2022\/11\/Konzept-zur-Schreib-und-Leseentwicklung.pdf\"><u>Kirjoittamisen ja lukemisen kehitt\u00e4misen k\u00e4site<\/u><\/a><\/h6><h6 class=\"vc_custom_heading\"><a href=\"http:\/\/hundertwasser-schule.de\/wp-content\/uploads\/2022\/11\/Elternarbeitskonzept.pdf\"><u>Vanhempien ty\u00f6n k\u00e4site<\/u><\/a><\/h6><h6 class=\"vc_custom_heading\"><u><a href=\"http:\/\/hundertwasser-schule.de\/wp-content\/uploads\/2022\/11\/Kooperationskonzept-HWS-STB.pdf\">Koulun ja STB:n v\u00e4lisen yhteisty\u00f6n konsepti<\/a><\/u><\/h6><h6 class=\"vc_custom_heading\"><a href=\"http:\/\/hundertwasser-schule.de\/wp-content\/uploads\/2022\/11\/Aufgabenprofil-LehrerIn-an-der-HWS.pdf\"><u>Hundertwasserin koulun opettaja<\/u><u>e<\/u><\/a><\/h6><h6 class=\"vc_custom_heading\"><a href=\"http:\/\/hundertwasser-schule.de\/wp-content\/uploads\/2022\/11\/Lesekonzept.pdf\"><u>Lukemisen k\u00e4site<\/u><\/a><\/h6><h6 class=\"vc_custom_heading\"><span style=\"color: #ff9900;\"><a style=\"color: #ff9900;\" href=\"http:\/\/hundertwasser-schule.de\/wp-content\/uploads\/2026\/03\/Selbstverstaendnis_als_Schul-Team.pdf\"><u>Itsetuntemus koulutiimin\u00e4<\/u><\/a><\/span><\/h6>\t\t\t\t\t\t\t\t<\/div>\n\t\t\t\t<\/div>\n\t\t\t\t\t<\/div>\n\t\t<\/div>\n\t\t\t\t\t<\/div>\n\t\t<\/section>\n\t\t\t\t<section class=\"elementor-section elementor-top-section elementor-element elementor-element-bf4d162 elementor-section-boxed elementor-section-height-default elementor-section-height-default\" data-id=\"bf4d162\" data-element_type=\"section\" data-e-type=\"section\">\n\t\t\t\t\t\t<div class=\"elementor-container elementor-column-gap-default\">\n\t\t\t\t\t<div class=\"elementor-column elementor-col-100 elementor-top-column elementor-element elementor-element-d57607d\" data-id=\"d57607d\" data-element_type=\"column\" data-e-type=\"column\">\n\t\t\t<div class=\"elementor-widget-wrap elementor-element-populated\">\n\t\t\t\t\t\t<div class=\"elementor-element elementor-element-719ede4 elementor-widget elementor-widget-spacer\" data-id=\"719ede4\" data-element_type=\"widget\" data-e-type=\"widget\" data-widget_type=\"spacer.default\">\n\t\t\t\t<div class=\"elementor-widget-container\">\n\t\t\t\t\t\t\t<div class=\"elementor-spacer\">\n\t\t\t<div class=\"elementor-spacer-inner\"><\/div>\n\t\t<\/div>\n\t\t\t\t\t\t<\/div>\n\t\t\t\t<\/div>\n\t\t\t\t\t<\/div>\n\t\t<\/div>\n\t\t\t\t\t<\/div>\n\t\t<\/section>\n\t\t\t\t<\/div>","protected":false},"excerpt":{"rendered":"<p>Alle Materialien stellen wir Ihnen als PDF-Datei zur Verf\u00fcgung. Konzepte Medienkonzept Bauwagenkonzept Erziehungskonzept Einheitlicher Leitfaden f\u00fcr den konkreten Umgang mit Kindern in Alltagssituationen zwischen Schule und Ganztag Erziehungsvereinbarung Sch\u00fclervertrag und Selbstverpflichtungserkl\u00e4rung F\u00f6rderplankonzept Fortbildungskonzept Konzept zum Distanzunterricht Konzept Intensivp\u00e4dagogische Ma\u00dfnahmen Konzept zum Jahrgangs\u00fcbergreifenden Unterricht 1-2 Konzept zum Jahrgangs\u00fcbergreifenden Unterricht 3-4 Konzept zur Schreib- und\u00a0 Leseentwicklung Konzept [&hellip;]<\/p>\n","protected":false},"author":1,"featured_media":0,"parent":0,"menu_order":0,"comment_status":"closed","ping_status":"closed","template":"elementor_header_footer","meta":{"footnotes":""},"class_list":["post-19","page","type-page","status-publish","hentry"],"_links":{"self":[{"href":"https:\/\/hundertwasser-schule.de\/fi\/wp-json\/wp\/v2\/pages\/19","targetHints":{"allow":["GET"]}}],"collection":[{"href":"https:\/\/hundertwasser-schule.de\/fi\/wp-json\/wp\/v2\/pages"}],"about":[{"href":"https:\/\/hundertwasser-schule.de\/fi\/wp-json\/wp\/v2\/types\/page"}],"author":[{"embeddable":true,"href":"https:\/\/hundertwasser-schule.de\/fi\/wp-json\/wp\/v2\/users\/1"}],"replies":[{"embeddable":true,"href":"https:\/\/hundertwasser-schule.de\/fi\/wp-json\/wp\/v2\/comments?post=19"}],"version-history":[{"count":20,"href":"https:\/\/hundertwasser-schule.de\/fi\/wp-json\/wp\/v2\/pages\/19\/revisions"}],"predecessor-version":[{"id":6245,"href":"https:\/\/hundertwasser-schule.de\/fi\/wp-json\/wp\/v2\/pages\/19\/revisions\/6245"}],"wp:attachment":[{"href":"https:\/\/hundertwasser-schule.de\/fi\/wp-json\/wp\/v2\/media?parent=19"}],"curies":[{"name":"wp","href":"https:\/\/api.w.org\/{rel}","templated":true}]}}