{"id":43,"date":"2020-03-31T10:56:38","date_gmt":"2020-03-31T10:56:38","guid":{"rendered":"https:\/\/neu.hundertwasser-schule.de\/?page_id=43"},"modified":"2020-06-02T13:30:37","modified_gmt":"2020-06-02T11:30:37","slug":"der-traeger-spi","status":"publish","type":"page","link":"https:\/\/hundertwasser-schule.de\/fi\/der-traeger-spi\/","title":{"rendered":"Rahoittaja: SPI"},"content":{"rendered":"<div data-elementor-type=\"wp-page\" data-elementor-id=\"43\" class=\"elementor elementor-43\" data-elementor-post-type=\"page\">\n\t\t\t\t\t\t<section class=\"elementor-section elementor-top-section elementor-element elementor-element-5a7a1fed elementor-section-stretched elementor-section-full_width elementor-section-height-default elementor-section-height-default\" data-id=\"5a7a1fed\" data-element_type=\"section\" data-e-type=\"section\" data-settings=\"{&quot;stretch_section&quot;:&quot;section-stretched&quot;}\">\n\t\t\t\t\t\t<div class=\"elementor-container elementor-column-gap-no\">\n\t\t\t\t\t<div class=\"elementor-column elementor-col-100 elementor-top-column elementor-element elementor-element-5828ac9d\" data-id=\"5828ac9d\" data-element_type=\"column\" data-e-type=\"column\">\n\t\t\t<div class=\"elementor-widget-wrap elementor-element-populated\">\n\t\t\t\t\t\t<div class=\"elementor-element elementor-element-5f14c8bc elementor-widget elementor-widget-image\" data-id=\"5f14c8bc\" data-element_type=\"widget\" data-e-type=\"widget\" data-widget_type=\"image.default\">\n\t\t\t\t<div class=\"elementor-widget-container\">\n\t\t\t\t\t\t\t\t\t\t\t\t\t\t\t<img fetchpriority=\"high\" decoding=\"async\" width=\"1920\" height=\"230\" src=\"https:\/\/hundertwasser-schule.de\/wp-content\/uploads\/2020\/03\/bild1.jpg\" class=\"attachment-full size-full wp-image-108\" alt=\"\" srcset=\"https:\/\/hundertwasser-schule.de\/wp-content\/uploads\/2020\/03\/bild1.jpg 1920w, https:\/\/hundertwasser-schule.de\/wp-content\/uploads\/2020\/03\/bild1-300x36.jpg 300w, https:\/\/hundertwasser-schule.de\/wp-content\/uploads\/2020\/03\/bild1-1024x123.jpg 1024w, https:\/\/hundertwasser-schule.de\/wp-content\/uploads\/2020\/03\/bild1-768x92.jpg 768w, https:\/\/hundertwasser-schule.de\/wp-content\/uploads\/2020\/03\/bild1-1536x184.jpg 1536w, https:\/\/hundertwasser-schule.de\/wp-content\/uploads\/2020\/03\/bild1-20x2.jpg 20w\" sizes=\"(max-width: 1920px) 100vw, 1920px\" \/>\t\t\t\t\t\t\t\t\t\t\t\t\t\t\t<\/div>\n\t\t\t\t<\/div>\n\t\t\t\t\t<\/div>\n\t\t<\/div>\n\t\t\t\t\t<\/div>\n\t\t<\/section>\n\t\t\t\t<section class=\"elementor-section elementor-top-section elementor-element elementor-element-9d858a9 elementor-section-height-min-height elementor-section-boxed elementor-section-height-default elementor-section-items-middle\" data-id=\"9d858a9\" data-element_type=\"section\" data-e-type=\"section\" data-settings=\"{&quot;background_background&quot;:&quot;classic&quot;}\">\n\t\t\t\t\t\t<div class=\"elementor-container elementor-column-gap-default\">\n\t\t\t\t\t<div class=\"elementor-column elementor-col-100 elementor-top-column elementor-element elementor-element-3fb06de9\" data-id=\"3fb06de9\" data-element_type=\"column\" data-e-type=\"column\">\n\t\t\t<div class=\"elementor-widget-wrap elementor-element-populated\">\n\t\t\t\t\t\t\t<\/div>\n\t\t<\/div>\n\t\t\t\t\t<\/div>\n\t\t<\/section>\n\t\t\t\t<section class=\"elementor-section elementor-top-section elementor-element elementor-element-f6e6cca elementor-section-boxed elementor-section-height-default elementor-section-height-default\" data-id=\"f6e6cca\" data-element_type=\"section\" data-e-type=\"section\">\n\t\t\t\t\t\t<div class=\"elementor-container elementor-column-gap-default\">\n\t\t\t\t\t<div class=\"elementor-column elementor-col-100 elementor-top-column elementor-element elementor-element-1113d1a7\" data-id=\"1113d1a7\" data-element_type=\"column\" data-e-type=\"column\">\n\t\t\t<div class=\"elementor-widget-wrap elementor-element-populated\">\n\t\t\t\t\t\t<div class=\"elementor-element elementor-element-2481ebfb elementor-widget elementor-widget-spacer\" data-id=\"2481ebfb\" data-element_type=\"widget\" data-e-type=\"widget\" data-widget_type=\"spacer.default\">\n\t\t\t\t<div class=\"elementor-widget-container\">\n\t\t\t\t\t\t\t<div class=\"elementor-spacer\">\n\t\t\t<div class=\"elementor-spacer-inner\"><\/div>\n\t\t<\/div>\n\t\t\t\t\t\t<\/div>\n\t\t\t\t<\/div>\n\t\t\t\t\t<\/div>\n\t\t<\/div>\n\t\t\t\t\t<\/div>\n\t\t<\/section>\n\t\t\t\t<section class=\"elementor-section elementor-top-section elementor-element elementor-element-0832c41 elementor-section-boxed elementor-section-height-default elementor-section-height-default\" data-id=\"0832c41\" data-element_type=\"section\" data-e-type=\"section\">\n\t\t\t\t\t\t<div class=\"elementor-container elementor-column-gap-default\">\n\t\t\t\t\t<div class=\"elementor-column elementor-col-100 elementor-top-column elementor-element elementor-element-624cc38\" data-id=\"624cc38\" data-element_type=\"column\" data-e-type=\"column\">\n\t\t\t<div class=\"elementor-widget-wrap elementor-element-populated\">\n\t\t\t\t\t\t<div class=\"elementor-element elementor-element-7dfce16 elementor-widget elementor-widget-text-editor\" data-id=\"7dfce16\" data-element_type=\"widget\" data-e-type=\"widget\" data-widget_type=\"text-editor.default\">\n\t\t\t\t<div class=\"elementor-widget-container\">\n\t\t\t\t\t\t\t\t\t<p>Sosiaalipedagoginen instituutti G\u00fctersloh e.V. vastaa avoimesta koko p\u00e4iv\u00e4n ohjelmasta. \u00a0 \u00a0 <a href=\"http:\/\/www.spi-gt.de\/\"><img decoding=\"async\" src=\"http:\/\/hundertwasser-schule.de\/inhalte\/2offenerganztag\/6Traeger\/spi.jpg\" alt=\"\" \/><\/a><br \/>SPI G\u00fctersloh e.V. on KJHG:n 75 \u00a7:n mukaisesti tunnustettu nuorisoj\u00e4rjest\u00f6 ja varhaisen puuttumisen palveluntarjoaja. SPI G\u00fctersloh e.V. on ollut Saksan pariteettihuoltoyhdistyksen (DPWV) j\u00e4sen 7. syyskuuta 2001 alkaen.<\/p><p>Yhdistys on asettanut tavoitteekseen tukea kehitysviiveisi\u00e4, k\u00e4ytt\u00e4ytymisongelmaisia ja\/tai sosiaalisesti heikossa asemassa olevia lapsia, nuoria ja heid\u00e4n perheit\u00e4\u00e4n sopivilla toimenpiteill\u00e4 ja auttaa n\u00e4in heit\u00e4 kehitt\u00e4m\u00e4\u00e4n ja kouluttamaan persoonallisuuttaan. Lis\u00e4ksi SPI on asettanut itselleen teht\u00e4v\u00e4ksi tarjota palveluja avoimissa kokop\u00e4iv\u00e4kouluissa osana kokonaisvaltaista kasvatusteht\u00e4v\u00e4\u00e4ns\u00e4.<\/p><p>SPI G\u00fctersloh e.V. on nykyaikainen, hajautettu laitos, jolla on yli 10 vuoden kokemus lasten ja nuorten hyvinvoinnin eri aloilta. Sosiaalipedagoginen instituutti kehitt\u00e4\u00e4 yksil\u00f6llisi\u00e4 ja eriytettyj\u00e4 palveluja lapsille, nuorille ja perheille.<br \/>T\u00e4rkeimm\u00e4t ty\u00f6alat ovat:<\/p><p>- Joustavat avohoidon nuorisotoimenpiteet\u00a0<br \/>- Kuratiivinen koulutus\/psykomotorisen kehityksen tuki\u00a0<br \/>- Osittainen laitoshoito nuorten hyvinvointitoimenpiteet (p\u00e4iv\u00e4ryhm\u00e4)\u00a0<br \/>- Avoinna koko p\u00e4iv\u00e4n ja lastenhoitopalvelut\u00a0<br \/>- Koulun sosiaality\u00f6\u00a0<\/p><p>Sozialp\u00e4dagogisches Institut G\u00fctersloh (SPI) e. V. toimii koko G\u00fcterslohin kaupungissa ja alueella. Yhteisty\u00f6sopimuksia on tehty G\u00fcterslohin kaupungin ja G\u00fcterslohin piirin nuorisotoimistojen, kaupungin ja piirin sosiaalitoimiston sek\u00e4 G\u00fcterslohin piirin sosiaalitoimiston kanssa.<br \/>Laadun kehitt\u00e4mist\u00e4 ja varmistamista varten SPI osallistuu s\u00e4\u00e4nn\u00f6llisesti erilaisiin asiantuntijaryhmiin alueellisella ja ylikansallisella tasolla.<\/p>\t\t\t\t\t\t\t\t<\/div>\n\t\t\t\t<\/div>\n\t\t\t\t\t<\/div>\n\t\t<\/div>\n\t\t\t\t\t<\/div>\n\t\t<\/section>\n\t\t\t\t<section class=\"elementor-section elementor-top-section elementor-element elementor-element-c429ca2 elementor-section-boxed elementor-section-height-default elementor-section-height-default\" data-id=\"c429ca2\" data-element_type=\"section\" data-e-type=\"section\">\n\t\t\t\t\t\t<div class=\"elementor-container elementor-column-gap-default\">\n\t\t\t\t\t<div class=\"elementor-column elementor-col-100 elementor-top-column elementor-element elementor-element-659c433\" data-id=\"659c433\" data-element_type=\"column\" data-e-type=\"column\">\n\t\t\t<div class=\"elementor-widget-wrap elementor-element-populated\">\n\t\t\t\t\t\t<div class=\"elementor-element elementor-element-ff5bef4 elementor-widget elementor-widget-spacer\" data-id=\"ff5bef4\" data-element_type=\"widget\" data-e-type=\"widget\" data-widget_type=\"spacer.default\">\n\t\t\t\t<div class=\"elementor-widget-container\">\n\t\t\t\t\t\t\t<div class=\"elementor-spacer\">\n\t\t\t<div class=\"elementor-spacer-inner\"><\/div>\n\t\t<\/div>\n\t\t\t\t\t\t<\/div>\n\t\t\t\t<\/div>\n\t\t\t\t\t<\/div>\n\t\t<\/div>\n\t\t\t\t\t<\/div>\n\t\t<\/section>\n\t\t\t\t<\/div>","protected":false},"excerpt":{"rendered":"<p>Tr\u00e4ger des Offenen Ganztages ist das Sozialp\u00e4dagogische Institut G\u00fctersloh e.V. \u00a0 \u00a0 Das SPI G\u00fctersloh e.V. ist anerkannter Tr\u00e4ger der Jugendhilfe nach \u00a7 75 KJHG und Dienstleister im Rahmen der Fr\u00fchf\u00f6rderung. Seit dem 07.09.2001 ist das SPI G\u00fctersloh e.V. Mitglied im Deutschen Parit\u00e4tischen Wohlfahrtsverband (DPWV). Der Verein hat sich zum Ziel gesetzt, entwicklungsverz\u00f6gerte, verhaltensauff\u00e4llige und\/oder [&hellip;]<\/p>\n","protected":false},"author":1,"featured_media":0,"parent":0,"menu_order":0,"comment_status":"closed","ping_status":"closed","template":"elementor_header_footer","meta":{"footnotes":""},"class_list":["post-43","page","type-page","status-publish","hentry"],"_links":{"self":[{"href":"https:\/\/hundertwasser-schule.de\/fi\/wp-json\/wp\/v2\/pages\/43","targetHints":{"allow":["GET"]}}],"collection":[{"href":"https:\/\/hundertwasser-schule.de\/fi\/wp-json\/wp\/v2\/pages"}],"about":[{"href":"https:\/\/hundertwasser-schule.de\/fi\/wp-json\/wp\/v2\/types\/page"}],"author":[{"embeddable":true,"href":"https:\/\/hundertwasser-schule.de\/fi\/wp-json\/wp\/v2\/users\/1"}],"replies":[{"embeddable":true,"href":"https:\/\/hundertwasser-schule.de\/fi\/wp-json\/wp\/v2\/comments?post=43"}],"version-history":[{"count":4,"href":"https:\/\/hundertwasser-schule.de\/fi\/wp-json\/wp\/v2\/pages\/43\/revisions"}],"predecessor-version":[{"id":1099,"href":"https:\/\/hundertwasser-schule.de\/fi\/wp-json\/wp\/v2\/pages\/43\/revisions\/1099"}],"wp:attachment":[{"href":"https:\/\/hundertwasser-schule.de\/fi\/wp-json\/wp\/v2\/media?parent=43"}],"curies":[{"name":"wp","href":"https:\/\/api.w.org\/{rel}","templated":true}]}}