{"id":4664,"date":"2023-11-07T21:28:29","date_gmt":"2023-11-07T20:28:29","guid":{"rendered":"https:\/\/hundertwasser-schule.de\/?page_id=4664"},"modified":"2024-05-16T13:25:07","modified_gmt":"2024-05-16T11:25:07","slug":"lies-mit-projekt","status":"publish","type":"page","link":"https:\/\/hundertwasser-schule.de\/fi\/lies-mit-projekt\/","title":{"rendered":"Lue mukana! - Hanke"},"content":{"rendered":"<div data-elementor-type=\"wp-page\" data-elementor-id=\"4664\" class=\"elementor elementor-4664\" data-elementor-post-type=\"page\">\n\t\t\t\t\t\t<section class=\"elementor-section elementor-top-section elementor-element elementor-element-8e29a50 elementor-section-boxed elementor-section-height-default elementor-section-height-default\" data-id=\"8e29a50\" data-element_type=\"section\" data-e-type=\"section\">\n\t\t\t\t\t\t<div class=\"elementor-container elementor-column-gap-default\">\n\t\t\t\t\t<div class=\"elementor-column elementor-col-100 elementor-top-column elementor-element elementor-element-1832f55\" data-id=\"1832f55\" data-element_type=\"column\" data-e-type=\"column\">\n\t\t\t<div class=\"elementor-widget-wrap elementor-element-populated\">\n\t\t\t\t\t\t<div class=\"elementor-element elementor-element-deb3dc9 elementor-widget elementor-widget-text-editor\" data-id=\"deb3dc9\" data-element_type=\"widget\" data-e-type=\"widget\" data-widget_type=\"text-editor.default\">\n\t\t\t\t<div class=\"elementor-widget-container\">\n\t\t\t\t\t\t\t\t\t<p><span style=\"color: #0000ff;\"><b>Tietoa hankkeesta<\/b><\/span><\/p><p>Lies mit -hanke on G\u00fcterslohin piirin peruskoulujen tarkastuslautakuntien, osaamisryhm\u00e4n, G\u00fcterslohin piirin koulutushallinnon ja koulutustoimiston, Koulutus- ja mahdollisuuksien keskuksen sek\u00e4 Reinhard Mohnin s\u00e4\u00e4ti\u00f6n yhteinen tarjous.<\/p><p>Olemme iloisia siit\u00e4, ett\u00e4 Hundertwasserin koulun henkil\u00f6kunta on yksimielisesti suostunut osallistumaan \"Lies mit\" -hankkeeseen G\u00fcterslohin alueella lukuvuonna 2023\/24 ja osallistuu koulutustilaisuuksiin muiden peruskoulujen kanssa 18 kuukauden kuluessa. Hankkeen ydinajatuksena on lukemisen j\u00e4rjestelm\u00e4llinen edist\u00e4minen osana koulun kehitt\u00e4mishanketta, jota kaikki kollegat tukevat.<\/p><p>The\u00a0<strong>Yksityiskohtaiset tavoitteet<\/strong>\u00a0ovat seuraavat:<\/p><ol><li>Kaikki samantasoisesti opetetut oppilaat saavuttavat Salzburgin lukutaitotestin standardialueen nelj\u00e4nnen luokan ensimm\u00e4isell\u00e4 puoliskolla.<\/li><li>Osallistuvan koulun erityistarpeiset oppilaat parantavat lukunopeuttaan osallistumalla s\u00e4\u00e4nn\u00f6llisesti lukuharjoitteluun peruskouluvuosiensa aikana.<\/li><li>Opettajat toteuttavat lukuharjoittelun viimeist\u00e4\u00e4n nelj\u00e4nten\u00e4 lukuvuonna hankkeeseen osallistumisen alkamisen j\u00e4lkeen.<\/li><li>Hanketta kokeillaan viidess\u00e4 alakoulussa tulevana lukuvuonna. Koulut hakivat mukaan tiedotus- ja arviointitilaisuuden j\u00e4lkeen.<\/li><\/ol><p><strong>Tarjouksen rakenne<\/strong><\/p><p>Osallistuvien peruskoulujen opettajat osallistuvat seitsem\u00e4\u00e4n moduuliin 18 kuukauden aikana.<strong>\u00a0<\/strong>jotka kattavat seuraavat aiheet:<br \/>Lukemisen sujuvuus, diagnoosi ja viisi \u00e4\u00e4nilukumenetelm\u00e4\u00e4: kuorolukeminen, noppalukeminen, tandemlukeminen, lukeminen \u00e4\u00e4nikirjan kanssa ja \u00e4\u00e4neenlukuteatteri.<\/p><p>Kukin moduuli<strong>\u00a0<\/strong>koostuu seuraavista:<\/p><ul><li>elokuva, elokuvaa koskeva vaihto ja toteutuksen suunnittelu.<br \/>vuonna joukkue<\/li><li>\u00c4\u00e4neenlukumenetelm\u00e4n toteuttaminen<\/li><li>Koulujen v\u00e4linen vaihto<\/li><li>Testaa Salzburg Reading Screening -testill\u00e4 ilmaisessa online-versiossa.<\/li><li>Keskustelu tuloksista vuoden tiimiss\u00e4.<\/li><\/ul><p>Jos haluat tarkempia tietoja, l\u00f6yd\u00e4t ne t\u00e4\u00e4lt\u00e4.\u00a0<strong>elokuva hankkeesta:<br \/><\/strong><a href=\"https:\/\/youtu.be\/Q9TwVTWEg60?list=PL5LYbSLXzQs-pIlZO-9nmDxBdt5-eU7Qp\"><strong>https:\/\/youtu.be\/Q9TwVTWEg60?list=PL5LYbSLXzQs-pIlZO-9nmDxBdt5-<\/strong><\/a><a href=\"https:\/\/www.kreis-guetersloh.de\/themen\/bildung\/bildungsmanagement-und-bildungsbuero\/lies-mit\/qr-code.jpg?cid=18mk.5vo1\"><strong>eU7Qp<\/strong><\/a><strong>\u00a0 \u00a0<\/strong><\/p>\t\t\t\t\t\t\t\t<\/div>\n\t\t\t\t<\/div>\n\t\t\t\t<div class=\"elementor-element elementor-element-84b3ccb elementor-widget elementor-widget-text-editor\" data-id=\"84b3ccb\" data-element_type=\"widget\" data-e-type=\"widget\" data-widget_type=\"text-editor.default\">\n\t\t\t\t<div class=\"elementor-widget-container\">\n\t\t\t\t\t\t\t\t\t<p><span style=\"color: #0000ff;\"><strong>\"Lue mukana\" Hundertwasserin koulussa<\/strong><\/span><\/p><p>Lukuvuosi 2023\/2024 alkaa kaikilla peruskouluilla monin muutoksin. Nordrhein-Westfalenin osavaltio muun muassa kannustaa peruskouluja asettamaan lukemisen etusijalle ja sis\u00e4llytt\u00e4m\u00e4\u00e4n lukuj\u00e4rjestykseen pakollisia lukuaikoja. Lukemisen sujuvuuden ja hahmottamiskyvyn sek\u00e4 lukemisen ilon lis\u00e4\u00e4minen ovat t\u00e4rkeit\u00e4 tavoitteita.<\/p><p>Hankkeen aikana hanke <strong>\"Lue mukana\"<\/strong>johon Hundertwasserin koulun henkil\u00f6kunta on osallistunut innokkaasti lukuvuoden alusta l\u00e4htien. Hanke on G\u00fcterslohin alueen peruskoulujen koulutarkastajien, osaamisty\u00f6ryhm\u00e4n, koulutoimiston ja -johdon, digitaalisen koulutuksen ja koulujen keskuksen sek\u00e4 Reinhard Mohn -s\u00e4\u00e4ti\u00f6n yhteinen tarjous, ja se sis\u00e4lt\u00e4\u00e4 erilaisia koulutusmoduuleja, jotka toteutetaan jokap\u00e4iv\u00e4isess\u00e4 opetuksessa ja joita my\u00f6hemmin pohditaan osana hanketta.<\/p><p>Jo useiden viikkojen ajan koko koulurakennuksessa on kuulunut nelj\u00e4 kertaa viikossa tiettyyn aikaan seuraava lause: \"Aloitetaan lukeminen. Sormet alle \"...\" - 3-2-1 ...\". Sitten luemme yhdess\u00e4 kuorossa. T\u00e4m\u00e4n 15-20 minuutin lukemisen edist\u00e4misaikana lapset kokeilevat erilaisia \u00e4\u00e4neen lukemisen menetelmi\u00e4, kuten kuorolukemista, lukukuutioita tai \u00e4\u00e4nikirjojen lukemista. Kaikkien menetelmien on osoitettu edist\u00e4v\u00e4n lukemisen sujuvuutta, luetun ymm\u00e4rt\u00e4mist\u00e4 ja lukumotivaatiota - toisin sanoen kaiken opetuksen perustaa. Oppilaiden lukutaidon edistymist\u00e4 mitataan s\u00e4\u00e4nn\u00f6llisill\u00e4 testeill\u00e4, jotka tehd\u00e4\u00e4n Salzburgin lukiseulan verkkoversiossa.<\/p><p>Lapset tuskin malttavat odottaa, ett\u00e4 p\u00e4\u00e4sev\u00e4t l\u00f6yt\u00e4m\u00e4\u00e4n ja lukemaan uusia tekstej\u00e4 ja lukutapoja sek\u00e4 tutustumaan ja kokeilemaan muita \u00e4\u00e4nilukutekniikoita.<\/p><p>Odotamme innolla, mit\u00e4 seuraavaksi tapahtuu!\u00a0<\/p>\t\t\t\t\t\t\t\t<\/div>\n\t\t\t\t<\/div>\n\t\t\t\t<div class=\"elementor-element elementor-element-80f5d5f elementor-widget elementor-widget-video\" data-id=\"80f5d5f\" data-element_type=\"widget\" data-e-type=\"widget\" data-settings=\"{&quot;video_type&quot;:&quot;hosted&quot;,&quot;controls&quot;:&quot;yes&quot;}\" data-widget_type=\"video.default\">\n\t\t\t\t<div class=\"elementor-widget-container\">\n\t\t\t\t\t\t\t<div class=\"e-hosted-video elementor-wrapper elementor-open-inline\">\n\t\t\t\t\t<video class=\"elementor-video\" src=\"http:\/\/hundertwasser-schule.de\/wp-content\/uploads\/2023\/11\/IMG_2543.mov\" controls=\"\" preload=\"metadata\" controlslist=\"nodownload\"><\/video>\n\t\t\t\t<\/div>\n\t\t\t\t\t\t<\/div>\n\t\t\t\t<\/div>\n\t\t\t\t<div class=\"elementor-element elementor-element-1402dd5 elementor-widget elementor-widget-gallery\" data-id=\"1402dd5\" data-element_type=\"widget\" data-e-type=\"widget\" data-settings=\"{&quot;lazyload&quot;:&quot;yes&quot;,&quot;gallery_layout&quot;:&quot;grid&quot;,&quot;columns&quot;:4,&quot;columns_tablet&quot;:2,&quot;columns_mobile&quot;:1,&quot;gap&quot;:{&quot;unit&quot;:&quot;px&quot;,&quot;size&quot;:10,&quot;sizes&quot;:[]},&quot;gap_tablet&quot;:{&quot;unit&quot;:&quot;px&quot;,&quot;size&quot;:10,&quot;sizes&quot;:[]},&quot;gap_mobile&quot;:{&quot;unit&quot;:&quot;px&quot;,&quot;size&quot;:10,&quot;sizes&quot;:[]},&quot;link_to&quot;:&quot;file&quot;,&quot;aspect_ratio&quot;:&quot;3:2&quot;,&quot;overlay_background&quot;:&quot;yes&quot;,&quot;content_hover_animation&quot;:&quot;fade-in&quot;}\" data-widget_type=\"gallery.default\">\n\t\t\t\t<div class=\"elementor-widget-container\">\n\t\t\t\t\t\t\t<div class=\"elementor-gallery__container\">\n\t\t\t\t\t<\/div>\n\t\t\t\t\t<\/div>\n\t\t\t\t<\/div>\n\t\t\t\t\t<\/div>\n\t\t<\/div>\n\t\t\t\t\t<\/div>\n\t\t<\/section>\n\t\t\t\t<section class=\"elementor-section elementor-top-section elementor-element elementor-element-ec3786e elementor-section-boxed elementor-section-height-default elementor-section-height-default\" data-id=\"ec3786e\" data-element_type=\"section\" data-e-type=\"section\">\n\t\t\t\t\t\t<div class=\"elementor-container elementor-column-gap-default\">\n\t\t\t\t\t<div class=\"elementor-column elementor-col-100 elementor-top-column elementor-element elementor-element-d6b72ee\" data-id=\"d6b72ee\" data-element_type=\"column\" data-e-type=\"column\">\n\t\t\t<div class=\"elementor-widget-wrap\">\n\t\t\t\t\t\t\t<\/div>\n\t\t<\/div>\n\t\t\t\t\t<\/div>\n\t\t<\/section>\n\t\t\t\t<\/div>","protected":false},"excerpt":{"rendered":"<p>\u00dcber das Projekt Das Projekt\u00a0\u201eLies\u00a0mit\u201c ist ein gemeinsames Angebot der Schulaufsichten f\u00fcr die Grundschulen im Kreis G\u00fctersloh, des Kompetenzteams, des Bildungsmanagements und Bildungsb\u00fcro im Kreis G\u00fctersloh, des Zentrums f\u00fcr Bildung und Chancen und der Reinhard Mohn Stiftung. Wir freuen uns, dass sich das Kollegium der Hundertwasser-Schule einstimmig im Schuljahr 2023\/24 auf das Projekt \u201eLies mit\u201c [&hellip;]<\/p>\n","protected":false},"author":4,"featured_media":0,"parent":0,"menu_order":0,"comment_status":"closed","ping_status":"closed","template":"","meta":{"footnotes":""},"class_list":["post-4664","page","type-page","status-publish","hentry"],"_links":{"self":[{"href":"https:\/\/hundertwasser-schule.de\/fi\/wp-json\/wp\/v2\/pages\/4664","targetHints":{"allow":["GET"]}}],"collection":[{"href":"https:\/\/hundertwasser-schule.de\/fi\/wp-json\/wp\/v2\/pages"}],"about":[{"href":"https:\/\/hundertwasser-schule.de\/fi\/wp-json\/wp\/v2\/types\/page"}],"author":[{"embeddable":true,"href":"https:\/\/hundertwasser-schule.de\/fi\/wp-json\/wp\/v2\/users\/4"}],"replies":[{"embeddable":true,"href":"https:\/\/hundertwasser-schule.de\/fi\/wp-json\/wp\/v2\/comments?post=4664"}],"version-history":[{"count":5,"href":"https:\/\/hundertwasser-schule.de\/fi\/wp-json\/wp\/v2\/pages\/4664\/revisions"}],"predecessor-version":[{"id":5238,"href":"https:\/\/hundertwasser-schule.de\/fi\/wp-json\/wp\/v2\/pages\/4664\/revisions\/5238"}],"wp:attachment":[{"href":"https:\/\/hundertwasser-schule.de\/fi\/wp-json\/wp\/v2\/media?parent=4664"}],"curies":[{"name":"wp","href":"https:\/\/api.w.org\/{rel}","templated":true}]}}