{"id":65,"date":"2020-03-31T11:00:09","date_gmt":"2020-03-31T11:00:09","guid":{"rendered":"https:\/\/neu.hundertwasser-schule.de\/?page_id=65"},"modified":"2020-11-20T10:32:10","modified_gmt":"2020-11-20T09:32:10","slug":"konzept","status":"publish","type":"page","link":"https:\/\/hundertwasser-schule.de\/fi\/konzept\/","title":{"rendered":"Konsepti"},"content":{"rendered":"<div data-elementor-type=\"wp-page\" data-elementor-id=\"65\" class=\"elementor elementor-65\" data-elementor-post-type=\"page\">\n\t\t\t\t\t\t<section class=\"elementor-section elementor-top-section elementor-element elementor-element-5e953abe elementor-section-stretched elementor-section-full_width elementor-section-height-default elementor-section-height-default\" data-id=\"5e953abe\" data-element_type=\"section\" data-e-type=\"section\" data-settings=\"{&quot;stretch_section&quot;:&quot;section-stretched&quot;}\">\n\t\t\t\t\t\t<div class=\"elementor-container elementor-column-gap-no\">\n\t\t\t\t\t<div class=\"elementor-column elementor-col-100 elementor-top-column elementor-element elementor-element-354871e3\" data-id=\"354871e3\" data-element_type=\"column\" data-e-type=\"column\">\n\t\t\t<div class=\"elementor-widget-wrap elementor-element-populated\">\n\t\t\t\t\t\t<div class=\"elementor-element elementor-element-683df095 elementor-widget elementor-widget-image\" data-id=\"683df095\" data-element_type=\"widget\" data-e-type=\"widget\" data-widget_type=\"image.default\">\n\t\t\t\t<div class=\"elementor-widget-container\">\n\t\t\t\t\t\t\t\t\t\t\t\t\t\t\t<img fetchpriority=\"high\" decoding=\"async\" width=\"1920\" height=\"230\" src=\"https:\/\/hundertwasser-schule.de\/wp-content\/uploads\/2020\/03\/bild1.jpg\" class=\"attachment-full size-full wp-image-108\" alt=\"\" srcset=\"https:\/\/hundertwasser-schule.de\/wp-content\/uploads\/2020\/03\/bild1.jpg 1920w, https:\/\/hundertwasser-schule.de\/wp-content\/uploads\/2020\/03\/bild1-300x36.jpg 300w, https:\/\/hundertwasser-schule.de\/wp-content\/uploads\/2020\/03\/bild1-1024x123.jpg 1024w, https:\/\/hundertwasser-schule.de\/wp-content\/uploads\/2020\/03\/bild1-768x92.jpg 768w, https:\/\/hundertwasser-schule.de\/wp-content\/uploads\/2020\/03\/bild1-1536x184.jpg 1536w, https:\/\/hundertwasser-schule.de\/wp-content\/uploads\/2020\/03\/bild1-20x2.jpg 20w\" sizes=\"(max-width: 1920px) 100vw, 1920px\" \/>\t\t\t\t\t\t\t\t\t\t\t\t\t\t\t<\/div>\n\t\t\t\t<\/div>\n\t\t\t\t\t<\/div>\n\t\t<\/div>\n\t\t\t\t\t<\/div>\n\t\t<\/section>\n\t\t\t\t<section class=\"elementor-section elementor-top-section elementor-element elementor-element-3fa1efff elementor-section-height-min-height elementor-section-boxed elementor-section-height-default elementor-section-items-middle\" data-id=\"3fa1efff\" data-element_type=\"section\" data-e-type=\"section\" data-settings=\"{&quot;background_background&quot;:&quot;classic&quot;}\">\n\t\t\t\t\t\t<div class=\"elementor-container elementor-column-gap-default\">\n\t\t\t\t\t<div class=\"elementor-column elementor-col-100 elementor-top-column elementor-element elementor-element-46bccb04\" data-id=\"46bccb04\" data-element_type=\"column\" data-e-type=\"column\">\n\t\t\t<div class=\"elementor-widget-wrap elementor-element-populated\">\n\t\t\t\t\t\t\t<\/div>\n\t\t<\/div>\n\t\t\t\t\t<\/div>\n\t\t<\/section>\n\t\t\t\t<section class=\"elementor-section elementor-top-section elementor-element elementor-element-21f27b3 elementor-section-full_width elementor-section-height-default elementor-section-height-default\" data-id=\"21f27b3\" data-element_type=\"section\" data-e-type=\"section\">\n\t\t\t\t\t\t<div class=\"elementor-container elementor-column-gap-default\">\n\t\t\t\t\t<div class=\"elementor-column elementor-col-100 elementor-top-column elementor-element elementor-element-24f5105\" data-id=\"24f5105\" data-element_type=\"column\" data-e-type=\"column\">\n\t\t\t<div class=\"elementor-widget-wrap elementor-element-populated\">\n\t\t\t\t\t\t<div class=\"elementor-element elementor-element-c208339 elementor-widget elementor-widget-image\" data-id=\"c208339\" data-element_type=\"widget\" data-e-type=\"widget\" data-widget_type=\"image.default\">\n\t\t\t\t<div class=\"elementor-widget-container\">\n\t\t\t\t\t\t\t\t\t\t\t\t\t\t\t<img decoding=\"async\" width=\"800\" height=\"573\" src=\"https:\/\/hundertwasser-schule.de\/wp-content\/uploads\/2020\/04\/Unbenanntes-Bild-1024x733.png\" class=\"attachment-large size-large wp-image-548\" alt=\"\" srcset=\"https:\/\/hundertwasser-schule.de\/wp-content\/uploads\/2020\/04\/Unbenanntes-Bild-1024x733.png 1024w, https:\/\/hundertwasser-schule.de\/wp-content\/uploads\/2020\/04\/Unbenanntes-Bild-300x215.png 300w, https:\/\/hundertwasser-schule.de\/wp-content\/uploads\/2020\/04\/Unbenanntes-Bild-768x549.png 768w, https:\/\/hundertwasser-schule.de\/wp-content\/uploads\/2020\/04\/Unbenanntes-Bild-20x14.png 20w, https:\/\/hundertwasser-schule.de\/wp-content\/uploads\/2020\/04\/Unbenanntes-Bild.png 1026w\" sizes=\"(max-width: 800px) 100vw, 800px\" \/>\t\t\t\t\t\t\t\t\t\t\t\t\t\t\t<\/div>\n\t\t\t\t<\/div>\n\t\t\t\t\t<\/div>\n\t\t<\/div>\n\t\t\t\t\t<\/div>\n\t\t<\/section>\n\t\t\t\t<section class=\"elementor-section elementor-top-section elementor-element elementor-element-5ce7149 elementor-section-boxed elementor-section-height-default elementor-section-height-default\" data-id=\"5ce7149\" data-element_type=\"section\" data-e-type=\"section\">\n\t\t\t\t\t\t<div class=\"elementor-container elementor-column-gap-default\">\n\t\t\t\t\t<div class=\"elementor-column elementor-col-100 elementor-top-column elementor-element elementor-element-7847b10\" data-id=\"7847b10\" data-element_type=\"column\" data-e-type=\"column\">\n\t\t\t<div class=\"elementor-widget-wrap elementor-element-populated\">\n\t\t\t\t\t\t<div class=\"elementor-element elementor-element-4221133 elementor-widget elementor-widget-text-editor\" data-id=\"4221133\" data-element_type=\"widget\" data-e-type=\"widget\" data-widget_type=\"text-editor.default\">\n\t\t\t\t<div class=\"elementor-widget-container\">\n\t\t\t\t\t\t\t\t\t<p>Bauwagen on erityiskoulun oppimistila erityisolosuhteissa oleville oppilaille.<\/p><p>Hundertwasser-koulun intensiivisten koulutustoimenpiteiden puitteissa, joita tarjotaan oppilaille, joiden tuen tarve ylitt\u00e4\u00e4 huomattavasti tavanomaisen tason, Bauwagen-hanke tarjoaa mahdollisuuden tarjota erityispedagogista ja sosiaalipedagogista tukea nelj\u00e4lle oppilaalle hyvin tiiviiss\u00e4 ja intensiivisess\u00e4 seurannassa erityisiss\u00e4 paikoissa ja erityisajankohtina.<\/p><p>Bauwagen-hankkeessa koulu- ja nuorisotoimi tekev\u00e4t yhteisty\u00f6t\u00e4. Sit\u00e4 toteuttavat Hundertwasserin koulun erityisopettaja ja Avoimen p\u00e4iv\u00e4n sosiaalipedagogisen p\u00e4iv\u00e4hoidon (STB) sosiaalipedagogi.<\/p>\t\t\t\t\t\t\t\t<\/div>\n\t\t\t\t<\/div>\n\t\t\t\t\t<\/div>\n\t\t<\/div>\n\t\t\t\t\t<\/div>\n\t\t<\/section>\n\t\t\t\t<section class=\"elementor-section elementor-top-section elementor-element elementor-element-ace2cf2 elementor-section-boxed elementor-section-height-default elementor-section-height-default\" data-id=\"ace2cf2\" data-element_type=\"section\" data-e-type=\"section\">\n\t\t\t\t\t\t<div class=\"elementor-container elementor-column-gap-default\">\n\t\t\t\t\t<div class=\"elementor-column elementor-col-100 elementor-top-column elementor-element elementor-element-5db1bfb\" data-id=\"5db1bfb\" data-element_type=\"column\" data-e-type=\"column\">\n\t\t\t<div class=\"elementor-widget-wrap elementor-element-populated\">\n\t\t\t\t\t\t<div class=\"elementor-element elementor-element-da3e455 elementor-widget elementor-widget-accordion\" data-id=\"da3e455\" data-element_type=\"widget\" data-e-type=\"widget\" data-widget_type=\"accordion.default\">\n\t\t\t\t<div class=\"elementor-widget-container\">\n\t\t\t\t\t\t\t<div class=\"elementor-accordion\">\n\t\t\t\t\t\t\t<div class=\"elementor-accordion-item\">\n\t\t\t\t\t<div id=\"elementor-tab-title-2281\" class=\"elementor-tab-title\" data-tab=\"1\" role=\"button\" aria-controls=\"elementor-tab-content-2281\" aria-expanded=\"false\">\n\t\t\t\t\t\t\t\t\t\t\t\t\t<span class=\"elementor-accordion-icon elementor-accordion-icon-left\" aria-hidden=\"true\">\n\t\t\t\t\t\t\t\t\t\t\t\t\t\t\t<span class=\"elementor-accordion-icon-closed\"><i class=\"fas fa-plus\"><\/i><\/span>\n\t\t\t\t\t\t\t\t<span class=\"elementor-accordion-icon-opened\"><i class=\"fas fa-minus\"><\/i><\/span>\n\t\t\t\t\t\t\t\t\t\t\t\t\t\t<\/span>\n\t\t\t\t\t\t\t\t\t\t\t\t<a class=\"elementor-accordion-title\" tabindex=\"0\">Enint\u00e4\u00e4n 4 opiskelijaa osallistuu hankkeeseen nelj\u00e4st\u00e4 viiteen p\u00e4iv\u00e4n\u00e4 viikossa klo 10.30-12.15. Jokainen p\u00e4iv\u00e4 rakentuu samalla tavalla:<\/a>\n\t\t\t\t\t<\/div>\n\t\t\t\t\t<div id=\"elementor-tab-content-2281\" class=\"elementor-tab-content elementor-clearfix\" data-tab=\"1\" role=\"region\" aria-labelledby=\"elementor-tab-title-2281\"><ul><li>Klo 10.30 asti lapset osallistuvat luokkatarjouksiin.<\/li><\/ul><ul><li>10.30 Saapumisaika rakennusvaunuun<\/li><li>10.45 - 12.00 Intensiivinen opetustoiminta (opetusratsastus, sirkus, keitti\u00f6, ty\u00f6huone, traumakasvatus, koulupuutarha, MKT-Marburg-keskittymiskoulutus jne).<\/li><li>12.00 p.m. P\u00e4\u00e4t\u00f6skierros ja pohdintaa<\/li><li>J\u00dc 1\/2 -lapset saatetaan omaan STB-ryhm\u00e4\u00e4ns\u00e4 klo 12.15.<\/li><li>J\u00dc 3\/4 lapset menev\u00e4t luokkatunneille<\/li><\/ul><\/div>\n\t\t\t\t<\/div>\n\t\t\t\t\t\t\t<div class=\"elementor-accordion-item\">\n\t\t\t\t\t<div id=\"elementor-tab-title-2282\" class=\"elementor-tab-title\" data-tab=\"2\" role=\"button\" aria-controls=\"elementor-tab-content-2282\" aria-expanded=\"false\">\n\t\t\t\t\t\t\t\t\t\t\t\t\t<span class=\"elementor-accordion-icon elementor-accordion-icon-left\" aria-hidden=\"true\">\n\t\t\t\t\t\t\t\t\t\t\t\t\t\t\t<span class=\"elementor-accordion-icon-closed\"><i class=\"fas fa-plus\"><\/i><\/span>\n\t\t\t\t\t\t\t\t<span class=\"elementor-accordion-icon-opened\"><i class=\"fas fa-minus\"><\/i><\/span>\n\t\t\t\t\t\t\t\t\t\t\t\t\t\t<\/span>\n\t\t\t\t\t\t\t\t\t\t\t\t<a class=\"elementor-accordion-title\" tabindex=\"0\">Rakennusper\u00e4vaunuhankkeen tavoitteet ovat:<\/a>\n\t\t\t\t\t<\/div>\n\t\t\t\t\t<div id=\"elementor-tab-content-2282\" class=\"elementor-tab-content elementor-clearfix\" data-tab=\"2\" role=\"region\" aria-labelledby=\"elementor-tab-title-2282\"><ul><li>Paluu luokkaan ja kokop\u00e4iv\u00e4ryhm\u00e4n toimintaan.<\/li><li>H\u00e4iri\u00f6t\u00f6n opetus kyseiselle luokalle<\/li><li>Kurinpitotoimenpiteiden v\u00e4ltt\u00e4minen - erityisesti koulusta erottamisen v\u00e4ltt\u00e4minen.<\/li><li>Koulumotivaation, sinnikkyyden ja turhautumisen sietokyvyn edist\u00e4minen.<\/li><li>J\u00e4nnityksen ja rentoutumisen vuorottelu erikoistarjousten kanssa<\/li><li>Lasten henkil\u00f6kohtainen ja yksil\u00f6llinen kohtaaminen ja saattaminen, jossa aikuiset kiinnitt\u00e4v\u00e4t erityist\u00e4 huomiota.<\/li><li>Olla l\u00e4sn\u00e4 lapsia varten, kommunikoida ja keskustella heid\u00e4n kanssaan rauhallisesti.<\/li><li>Ongelmanratkaisustrategioiden kehitt\u00e4minen<\/li><li>V\u00e4henn\u00e4 koulupaineita<\/li><li>K\u00e4yt\u00e4nn\u00f6n (koulu)rakenteet<\/li><li>Arvojen ymm\u00e4rt\u00e4minen<\/li><li>Viestinn\u00e4llisen toimintakyvyn kehitt\u00e4minen<\/li><li>Yhteisty\u00f6taitojen k\u00e4ynnist\u00e4minen ja kehitt\u00e4minen<\/li><\/ul><\/div>\n\t\t\t\t<\/div>\n\t\t\t\t\t\t\t\t<\/div>\n\t\t\t\t\t\t<\/div>\n\t\t\t\t<\/div>\n\t\t\t\t\t<\/div>\n\t\t<\/div>\n\t\t\t\t\t<\/div>\n\t\t<\/section>\n\t\t\t\t<section class=\"elementor-section elementor-top-section elementor-element elementor-element-ec7f94a elementor-section-boxed elementor-section-height-default elementor-section-height-default\" data-id=\"ec7f94a\" data-element_type=\"section\" data-e-type=\"section\">\n\t\t\t\t\t\t<div class=\"elementor-container elementor-column-gap-default\">\n\t\t\t\t\t<div class=\"elementor-column elementor-col-100 elementor-top-column elementor-element elementor-element-f9f875f\" data-id=\"f9f875f\" data-element_type=\"column\" data-e-type=\"column\">\n\t\t\t<div class=\"elementor-widget-wrap elementor-element-populated\">\n\t\t\t\t\t\t<div class=\"elementor-element elementor-element-49b4e8e elementor-widget elementor-widget-text-editor\" data-id=\"49b4e8e\" data-element_type=\"widget\" data-e-type=\"widget\" data-widget_type=\"text-editor.default\">\n\t\t\t\t<div class=\"elementor-widget-container\">\n\t\t\t\t\t\t\t\t\t<p>Voit ladata aloituskonseptin\u00a0<a href=\"http:\/\/hundertwasser-schule.de\/fi\/inhalte\/5Bauwagen\/1Bauwagen\/Bauwagenkonzept%201.pdf\/\">t\u00e4\u00e4ll\u00e4<\/a>\u00a0L\u00f6yd\u00e4t kuvia rakennusper\u00e4vaunuprojektin eri toiminnoista alempana t\u00e4ll\u00e4 sivulla.<\/p><p>Koulu ja nuorisotoimi rahoittavat Bauwagen-hankkeen yhdess\u00e4. Opettajan viran henkil\u00f6st\u00f6resurssit tulevat Nordrhein-Westfalenin osavaltiolta, nuorisotoimen osalta G\u00fcterslohin kaupungin perhe- ja sosiaaliosaston taloudellisesta osallistumisesta Hundertwasser-koulun avoimeen kokop\u00e4iv\u00e4ohjelmaan. G\u00fcterslohin piirikouluhallitus vastaa jatkuvista yll\u00e4pitokustannuksista, ja koulun budjetista katetaan rakennusper\u00e4vaunun asennuskustannukset.<\/p><p>G\u00fcterslohin kaupungin s\u00e4\u00e4ti\u00f6 on antanut merkitt\u00e4v\u00e4\u00e4 tukea hankkimalla rakennusper\u00e4vaunun.<\/p>\t\t\t\t\t\t\t\t<\/div>\n\t\t\t\t<\/div>\n\t\t\t\t\t<\/div>\n\t\t<\/div>\n\t\t\t\t\t<\/div>\n\t\t<\/section>\n\t\t\t\t<section class=\"elementor-section elementor-top-section elementor-element elementor-element-bbba7fb elementor-section-boxed elementor-section-height-default elementor-section-height-default\" data-id=\"bbba7fb\" data-element_type=\"section\" data-e-type=\"section\">\n\t\t\t\t\t\t<div class=\"elementor-container elementor-column-gap-default\">\n\t\t\t\t\t<div class=\"elementor-column elementor-col-100 elementor-top-column elementor-element elementor-element-f0e1b40\" data-id=\"f0e1b40\" data-element_type=\"column\" data-e-type=\"column\">\n\t\t\t<div class=\"elementor-widget-wrap elementor-element-populated\">\n\t\t\t\t\t\t<div class=\"elementor-element elementor-element-dc9554c elementor-widget elementor-widget-spacer\" data-id=\"dc9554c\" data-element_type=\"widget\" data-e-type=\"widget\" data-widget_type=\"spacer.default\">\n\t\t\t\t<div class=\"elementor-widget-container\">\n\t\t\t\t\t\t\t<div class=\"elementor-spacer\">\n\t\t\t<div class=\"elementor-spacer-inner\"><\/div>\n\t\t<\/div>\n\t\t\t\t\t\t<\/div>\n\t\t\t\t<\/div>\n\t\t\t\t\t<\/div>\n\t\t<\/div>\n\t\t\t\t\t<\/div>\n\t\t<\/section>\n\t\t\t\t<\/div>","protected":false},"excerpt":{"rendered":"<p>Der Bauwagen ist ein besonderer schulischer Lernort f\u00fcr Sch\u00fclerinnen und Sch\u00fcler in besonderen Lebenslagen. Im Rahmen der intensivp\u00e4dagogischen Ma\u00dfnahmen der Hundertwasser-Schule, die f\u00fcr Sch\u00fclerinnen und Sch\u00fcler angeboten werden, deren Unterst\u00fctzungsbedarf weit \u00fcber das \u00fcbliche Ma\u00df hinausgeht, bietet das Bauwagen-Projekt die M\u00f6glichkeit 4 Sch\u00fclerinnen oder Sch\u00fcler in einer sehr engen und intensiven Begleitung an besonderen Orten [&hellip;]<\/p>\n","protected":false},"author":1,"featured_media":0,"parent":0,"menu_order":0,"comment_status":"closed","ping_status":"closed","template":"elementor_header_footer","meta":{"footnotes":""},"class_list":["post-65","page","type-page","status-publish","hentry"],"_links":{"self":[{"href":"https:\/\/hundertwasser-schule.de\/fi\/wp-json\/wp\/v2\/pages\/65","targetHints":{"allow":["GET"]}}],"collection":[{"href":"https:\/\/hundertwasser-schule.de\/fi\/wp-json\/wp\/v2\/pages"}],"about":[{"href":"https:\/\/hundertwasser-schule.de\/fi\/wp-json\/wp\/v2\/types\/page"}],"author":[{"embeddable":true,"href":"https:\/\/hundertwasser-schule.de\/fi\/wp-json\/wp\/v2\/users\/1"}],"replies":[{"embeddable":true,"href":"https:\/\/hundertwasser-schule.de\/fi\/wp-json\/wp\/v2\/comments?post=65"}],"version-history":[{"count":5,"href":"https:\/\/hundertwasser-schule.de\/fi\/wp-json\/wp\/v2\/pages\/65\/revisions"}],"predecessor-version":[{"id":2407,"href":"https:\/\/hundertwasser-schule.de\/fi\/wp-json\/wp\/v2\/pages\/65\/revisions\/2407"}],"wp:attachment":[{"href":"https:\/\/hundertwasser-schule.de\/fi\/wp-json\/wp\/v2\/media?parent=65"}],"curies":[{"name":"wp","href":"https:\/\/api.w.org\/{rel}","templated":true}]}}