{"id":678,"date":"2020-04-13T10:30:06","date_gmt":"2020-04-13T08:30:06","guid":{"rendered":"https:\/\/neu.hundertwasser-schule.de\/?page_id=678"},"modified":"2020-04-13T10:38:17","modified_gmt":"2020-04-13T08:38:17","slug":"anmeldeverfahren","status":"publish","type":"page","link":"https:\/\/hundertwasser-schule.de\/fi\/anmeldeverfahren\/","title":{"rendered":"Hakumenettely"},"content":{"rendered":"<div data-elementor-type=\"wp-page\" data-elementor-id=\"678\" class=\"elementor elementor-678\" data-elementor-post-type=\"page\">\n\t\t\t\t\t\t<section class=\"elementor-section elementor-top-section elementor-element elementor-element-46a8bb91 elementor-section-stretched elementor-section-full_width elementor-section-height-default elementor-section-height-default\" data-id=\"46a8bb91\" data-element_type=\"section\" data-e-type=\"section\" data-settings=\"{&quot;stretch_section&quot;:&quot;section-stretched&quot;}\">\n\t\t\t\t\t\t<div class=\"elementor-container elementor-column-gap-no\">\n\t\t\t\t\t<div class=\"elementor-column elementor-col-100 elementor-top-column elementor-element elementor-element-669f9052\" data-id=\"669f9052\" data-element_type=\"column\" data-e-type=\"column\">\n\t\t\t<div class=\"elementor-widget-wrap elementor-element-populated\">\n\t\t\t\t\t\t<div class=\"elementor-element elementor-element-ba37478 elementor-widget elementor-widget-image\" data-id=\"ba37478\" data-element_type=\"widget\" data-e-type=\"widget\" data-widget_type=\"image.default\">\n\t\t\t\t<div class=\"elementor-widget-container\">\n\t\t\t\t\t\t\t\t\t\t\t\t\t\t\t<img fetchpriority=\"high\" decoding=\"async\" width=\"1920\" height=\"230\" src=\"https:\/\/hundertwasser-schule.de\/wp-content\/uploads\/2020\/03\/bild1.jpg\" class=\"attachment-full size-full wp-image-108\" alt=\"\" srcset=\"https:\/\/hundertwasser-schule.de\/wp-content\/uploads\/2020\/03\/bild1.jpg 1920w, https:\/\/hundertwasser-schule.de\/wp-content\/uploads\/2020\/03\/bild1-300x36.jpg 300w, https:\/\/hundertwasser-schule.de\/wp-content\/uploads\/2020\/03\/bild1-1024x123.jpg 1024w, https:\/\/hundertwasser-schule.de\/wp-content\/uploads\/2020\/03\/bild1-768x92.jpg 768w, https:\/\/hundertwasser-schule.de\/wp-content\/uploads\/2020\/03\/bild1-1536x184.jpg 1536w, https:\/\/hundertwasser-schule.de\/wp-content\/uploads\/2020\/03\/bild1-20x2.jpg 20w\" sizes=\"(max-width: 1920px) 100vw, 1920px\" \/>\t\t\t\t\t\t\t\t\t\t\t\t\t\t\t<\/div>\n\t\t\t\t<\/div>\n\t\t\t\t\t<\/div>\n\t\t<\/div>\n\t\t\t\t\t<\/div>\n\t\t<\/section>\n\t\t\t\t<section class=\"elementor-section elementor-top-section elementor-element elementor-element-4fdc03db elementor-section-height-min-height elementor-section-boxed elementor-section-height-default elementor-section-items-middle\" data-id=\"4fdc03db\" data-element_type=\"section\" data-e-type=\"section\" data-settings=\"{&quot;background_background&quot;:&quot;classic&quot;}\">\n\t\t\t\t\t\t<div class=\"elementor-container elementor-column-gap-default\">\n\t\t\t\t\t<div class=\"elementor-column elementor-col-100 elementor-top-column elementor-element elementor-element-d0b6535\" data-id=\"d0b6535\" data-element_type=\"column\" data-e-type=\"column\">\n\t\t\t<div class=\"elementor-widget-wrap elementor-element-populated\">\n\t\t\t\t\t\t\t<\/div>\n\t\t<\/div>\n\t\t\t\t\t<\/div>\n\t\t<\/section>\n\t\t\t\t<section class=\"elementor-section elementor-top-section elementor-element elementor-element-14c58b56 elementor-section-boxed elementor-section-height-default elementor-section-height-default\" data-id=\"14c58b56\" data-element_type=\"section\" data-e-type=\"section\">\n\t\t\t\t\t\t<div class=\"elementor-container elementor-column-gap-default\">\n\t\t\t\t\t<div class=\"elementor-column elementor-col-100 elementor-top-column elementor-element elementor-element-6c11e110\" data-id=\"6c11e110\" data-element_type=\"column\" data-e-type=\"column\">\n\t\t\t<div class=\"elementor-widget-wrap elementor-element-populated\">\n\t\t\t\t\t\t<div class=\"elementor-element elementor-element-22c0802d elementor-widget elementor-widget-spacer\" data-id=\"22c0802d\" data-element_type=\"widget\" data-e-type=\"widget\" data-widget_type=\"spacer.default\">\n\t\t\t\t<div class=\"elementor-widget-container\">\n\t\t\t\t\t\t\t<div class=\"elementor-spacer\">\n\t\t\t<div class=\"elementor-spacer-inner\"><\/div>\n\t\t<\/div>\n\t\t\t\t\t\t<\/div>\n\t\t\t\t<\/div>\n\t\t\t\t\t<\/div>\n\t\t<\/div>\n\t\t\t\t\t<\/div>\n\t\t<\/section>\n\t\t\t\t<section class=\"elementor-section elementor-top-section elementor-element elementor-element-0bc5372 elementor-section-boxed elementor-section-height-default elementor-section-height-default\" data-id=\"0bc5372\" data-element_type=\"section\" data-e-type=\"section\">\n\t\t\t\t\t\t<div class=\"elementor-container elementor-column-gap-default\">\n\t\t\t\t\t<div class=\"elementor-column elementor-col-100 elementor-top-column elementor-element elementor-element-5e0cab2\" data-id=\"5e0cab2\" data-element_type=\"column\" data-e-type=\"column\">\n\t\t\t<div class=\"elementor-widget-wrap elementor-element-populated\">\n\t\t\t\t\t\t<div class=\"elementor-element elementor-element-1b5a810 elementor-drop-cap-yes elementor-drop-cap-view-default elementor-widget elementor-widget-text-editor\" data-id=\"1b5a810\" data-element_type=\"widget\" data-e-type=\"widget\" data-settings=\"{&quot;drop_cap&quot;:&quot;yes&quot;}\" data-widget_type=\"text-editor.default\">\n\t\t\t\t<div class=\"elementor-widget-container\">\n\t\t\t\t\t\t\t\t\t<div class=\"wpb_text_column wpb_content_element\"><div class=\"wpb_wrapper\"><p>Oppilaat voidaan ottaa Hundertwasserin kouluun vain, jos vanhemmat ovat p\u00e4\u00e4tt\u00e4neet erityiskoulun k\u00e4ymisest\u00e4 ja kouluviranomainen on p\u00e4\u00e4t\u00f6ksell\u00e4\u00e4n todennut erityisopetuksen tarpeet.<\/p><p>Kouluvuoden 2014\/15 alusta l\u00e4htien Nordrhein-Westfalenissa on ollut voimassa 9. koululain muutoslaki. Siin\u00e4 s\u00e4\u00e4det\u00e4\u00e4n erityisopetusta tarvitsevien oppilaiden valinnanvapaudesta k\u00e4yd\u00e4 yhteisopettajaopetusta antavaa koulua tai erityiskoulua.<\/p><p>Jos erityisopetusta tarvitsevan lapsen vanhemmat p\u00e4\u00e4tt\u00e4v\u00e4t k\u00e4yd\u00e4 jaetun oppimisen peruskoulua, erityisopetuksen tarpeita ei tarvitse m\u00e4\u00e4ritell\u00e4 ensin.\u00a0<\/p><p>Jos erityist\u00e4 tukea tarvitsevan lapsen vanhemmat harkitsevat erityiskoulun k\u00e4ymist\u00e4, on t\u00e4rke\u00e4\u00e4, ett\u00e4<strong>\u00a0Erityisen koulutustarpeen m\u00e4\u00e4ritt\u00e4minen<\/strong>\u00a0vaan ehdoton edellytys.<\/p><p>Kouluviranomainen m\u00e4\u00e4ritt\u00e4\u00e4 erityisopetuksen tarpeet pedagogisen selvityksen perusteella. Menettely\u00e4, jonka puitteissa t\u00e4m\u00e4 m\u00e4\u00e4ritet\u00e4\u00e4n, kutsutaan AO-SF:ksi (<strong>A<\/strong>koulutus<strong>o<\/strong>rdnung\u00a0<strong>S<\/strong>onderp\u00e4dagogische\u00a0<strong>F<\/strong>s-tuki). Vanhemmat voivat hakea t\u00e4t\u00e4 menettely\u00e4 p\u00e4\u00e4s\u00e4\u00e4nt\u00f6isesti vain toimivaltaisen peruskoulun toimistosta. Tarvittavat lomakkeet ovat saatavilla alakoulun sihteerist\u00f6st\u00e4. Kun AO-SF:n mukainen menettely on aloitettu, koulun kanslia tilaa kaksi asiantuntijaa (yhden alakoulun opettajan ja yhden erityiskoulun opettajan), jotka yhdess\u00e4 laativat pedagogisen selvityksen lapsen tuen tarpeesta. Jos selvitys osoittaa, ett\u00e4 on m\u00e4\u00e4ritelt\u00e4v\u00e4 erityisen tuen pedagoginen tarve, selvitys sis\u00e4lt\u00e4\u00e4 my\u00f6s ehdotuksen tuen paikasta. Vanhemmat otetaan alusta alkaen ja hyvin laajasti mukaan arviointiprosessiin sek\u00e4 arvioinnin tulokseen. Kouluviranomainen tekee sitten p\u00e4\u00e4t\u00f6ksen pedagogisen selvityksen ja vanhempien toiveiden perusteella.\u00a0<\/p><p>Jos kouluviranomainen on todennut erityisen tuen tarpeen ja vanhemmat haluavat kirjoittaa lapsensa Hundertwasserin kouluun, vanhemmat voivat kirjoittaa lapsensa Hundertwasserin kouluun kouluviranomaisen vastaavan p\u00e4\u00e4t\u00f6ksen perusteella.<\/p><\/div><\/div>\t\t\t\t\t\t\t\t<\/div>\n\t\t\t\t<\/div>\n\t\t\t\t\t<\/div>\n\t\t<\/div>\n\t\t\t\t\t<\/div>\n\t\t<\/section>\n\t\t\t\t<section class=\"elementor-section elementor-top-section elementor-element elementor-element-fd30a77 elementor-section-boxed elementor-section-height-default elementor-section-height-default\" data-id=\"fd30a77\" data-element_type=\"section\" data-e-type=\"section\">\n\t\t\t\t\t\t<div class=\"elementor-container elementor-column-gap-default\">\n\t\t\t\t\t<div class=\"elementor-column elementor-col-100 elementor-top-column elementor-element elementor-element-57ace9f\" data-id=\"57ace9f\" data-element_type=\"column\" data-e-type=\"column\">\n\t\t\t<div class=\"elementor-widget-wrap elementor-element-populated\">\n\t\t\t\t\t\t<div class=\"elementor-element elementor-element-cc597d9 elementor-widget elementor-widget-spacer\" data-id=\"cc597d9\" data-element_type=\"widget\" data-e-type=\"widget\" data-widget_type=\"spacer.default\">\n\t\t\t\t<div class=\"elementor-widget-container\">\n\t\t\t\t\t\t\t<div class=\"elementor-spacer\">\n\t\t\t<div class=\"elementor-spacer-inner\"><\/div>\n\t\t<\/div>\n\t\t\t\t\t\t<\/div>\n\t\t\t\t<\/div>\n\t\t\t\t\t<\/div>\n\t\t<\/div>\n\t\t\t\t\t<\/div>\n\t\t<\/section>\n\t\t\t\t<\/div>","protected":false},"excerpt":{"rendered":"<p>An der Hundertwasser-Schule k\u00f6nnen Sch\u00fclerinnen und Sch\u00fcler nur angemeldet werden, wenn Eltern sich f\u00fcr den Besuch einer F\u00f6rderschule entschieden haben und das Schulamt den sonderp\u00e4dagogischen F\u00f6rderbedarf in einem Bescheid festgestellt hat. Seit Beginn des Schuljahres 2014\/15 gilt in NRW das 9. Schulrechts\u00e4nderungsgesetz. Darin ist f\u00fcr\u00a0Sch\u00fclerinnen und Sch\u00fcler mit sonderp\u00e4dagogischem Unterst\u00fctzungsbedarf die Wahlfreiheit in der Beschulung [&hellip;]<\/p>\n","protected":false},"author":1,"featured_media":0,"parent":0,"menu_order":0,"comment_status":"closed","ping_status":"closed","template":"elementor_header_footer","meta":{"footnotes":""},"class_list":["post-678","page","type-page","status-publish","hentry"],"_links":{"self":[{"href":"https:\/\/hundertwasser-schule.de\/fi\/wp-json\/wp\/v2\/pages\/678","targetHints":{"allow":["GET"]}}],"collection":[{"href":"https:\/\/hundertwasser-schule.de\/fi\/wp-json\/wp\/v2\/pages"}],"about":[{"href":"https:\/\/hundertwasser-schule.de\/fi\/wp-json\/wp\/v2\/types\/page"}],"author":[{"embeddable":true,"href":"https:\/\/hundertwasser-schule.de\/fi\/wp-json\/wp\/v2\/users\/1"}],"replies":[{"embeddable":true,"href":"https:\/\/hundertwasser-schule.de\/fi\/wp-json\/wp\/v2\/comments?post=678"}],"version-history":[{"count":3,"href":"https:\/\/hundertwasser-schule.de\/fi\/wp-json\/wp\/v2\/pages\/678\/revisions"}],"predecessor-version":[{"id":704,"href":"https:\/\/hundertwasser-schule.de\/fi\/wp-json\/wp\/v2\/pages\/678\/revisions\/704"}],"wp:attachment":[{"href":"https:\/\/hundertwasser-schule.de\/fi\/wp-json\/wp\/v2\/media?parent=678"}],"curies":[{"name":"wp","href":"https:\/\/api.w.org\/{rel}","templated":true}]}}