{"id":851,"date":"2020-04-14T08:16:03","date_gmt":"2020-04-14T06:16:03","guid":{"rendered":"https:\/\/neu.hundertwasser-schule.de\/?page_id=851"},"modified":"2020-04-14T12:17:52","modified_gmt":"2020-04-14T10:17:52","slug":"presseinfo-2","status":"publish","type":"page","link":"https:\/\/hundertwasser-schule.de\/fi\/presseinfo-2\/","title":{"rendered":"Lehdist\u00f6tiedote"},"content":{"rendered":"<div data-elementor-type=\"wp-page\" data-elementor-id=\"851\" class=\"elementor elementor-851\" data-elementor-post-type=\"page\">\n\t\t\t\t\t\t<section class=\"elementor-section elementor-top-section elementor-element elementor-element-3c74706b elementor-section-stretched elementor-section-full_width elementor-section-height-default elementor-section-height-default\" data-id=\"3c74706b\" data-element_type=\"section\" data-e-type=\"section\" data-settings=\"{&quot;stretch_section&quot;:&quot;section-stretched&quot;}\">\n\t\t\t\t\t\t<div class=\"elementor-container elementor-column-gap-no\">\n\t\t\t\t\t<div class=\"elementor-column elementor-col-100 elementor-top-column elementor-element elementor-element-50667664\" data-id=\"50667664\" data-element_type=\"column\" data-e-type=\"column\">\n\t\t\t<div class=\"elementor-widget-wrap elementor-element-populated\">\n\t\t\t\t\t\t<div class=\"elementor-element elementor-element-64027a3a elementor-widget elementor-widget-image\" data-id=\"64027a3a\" data-element_type=\"widget\" data-e-type=\"widget\" data-widget_type=\"image.default\">\n\t\t\t\t<div class=\"elementor-widget-container\">\n\t\t\t\t\t\t\t\t\t\t\t\t\t\t\t<img fetchpriority=\"high\" decoding=\"async\" width=\"1920\" height=\"230\" src=\"https:\/\/hundertwasser-schule.de\/wp-content\/uploads\/2020\/03\/bild1.jpg\" class=\"attachment-full size-full wp-image-108\" alt=\"\" srcset=\"https:\/\/hundertwasser-schule.de\/wp-content\/uploads\/2020\/03\/bild1.jpg 1920w, https:\/\/hundertwasser-schule.de\/wp-content\/uploads\/2020\/03\/bild1-300x36.jpg 300w, https:\/\/hundertwasser-schule.de\/wp-content\/uploads\/2020\/03\/bild1-1024x123.jpg 1024w, https:\/\/hundertwasser-schule.de\/wp-content\/uploads\/2020\/03\/bild1-768x92.jpg 768w, https:\/\/hundertwasser-schule.de\/wp-content\/uploads\/2020\/03\/bild1-1536x184.jpg 1536w, https:\/\/hundertwasser-schule.de\/wp-content\/uploads\/2020\/03\/bild1-20x2.jpg 20w\" sizes=\"(max-width: 1920px) 100vw, 1920px\" \/>\t\t\t\t\t\t\t\t\t\t\t\t\t\t\t<\/div>\n\t\t\t\t<\/div>\n\t\t\t\t\t<\/div>\n\t\t<\/div>\n\t\t\t\t\t<\/div>\n\t\t<\/section>\n\t\t\t\t<section class=\"elementor-section elementor-top-section elementor-element elementor-element-4f9a8843 elementor-section-height-min-height elementor-section-boxed elementor-section-height-default elementor-section-items-middle\" data-id=\"4f9a8843\" data-element_type=\"section\" data-e-type=\"section\" data-settings=\"{&quot;background_background&quot;:&quot;classic&quot;}\">\n\t\t\t\t\t\t<div class=\"elementor-container elementor-column-gap-default\">\n\t\t\t\t\t<div class=\"elementor-column elementor-col-100 elementor-top-column elementor-element elementor-element-17041e88\" data-id=\"17041e88\" data-element_type=\"column\" data-e-type=\"column\">\n\t\t\t<div class=\"elementor-widget-wrap elementor-element-populated\">\n\t\t\t\t\t\t\t<\/div>\n\t\t<\/div>\n\t\t\t\t\t<\/div>\n\t\t<\/section>\n\t\t\t\t<section class=\"elementor-section elementor-top-section elementor-element elementor-element-47dc2325 elementor-section-boxed elementor-section-height-default elementor-section-height-default\" data-id=\"47dc2325\" data-element_type=\"section\" data-e-type=\"section\">\n\t\t\t\t\t\t<div class=\"elementor-container elementor-column-gap-default\">\n\t\t\t\t\t<div class=\"elementor-column elementor-col-100 elementor-top-column elementor-element elementor-element-699a63e7\" data-id=\"699a63e7\" data-element_type=\"column\" data-e-type=\"column\">\n\t\t\t<div class=\"elementor-widget-wrap elementor-element-populated\">\n\t\t\t\t\t\t<div class=\"elementor-element elementor-element-74cdb4ae elementor-widget elementor-widget-spacer\" data-id=\"74cdb4ae\" data-element_type=\"widget\" data-e-type=\"widget\" data-widget_type=\"spacer.default\">\n\t\t\t\t<div class=\"elementor-widget-container\">\n\t\t\t\t\t\t\t<div class=\"elementor-spacer\">\n\t\t\t<div class=\"elementor-spacer-inner\"><\/div>\n\t\t<\/div>\n\t\t\t\t\t\t<\/div>\n\t\t\t\t<\/div>\n\t\t\t\t\t<\/div>\n\t\t<\/div>\n\t\t\t\t\t<\/div>\n\t\t<\/section>\n\t\t\t\t<section class=\"elementor-section elementor-top-section elementor-element elementor-element-8a7cbd4 elementor-section-boxed elementor-section-height-default elementor-section-height-default\" data-id=\"8a7cbd4\" data-element_type=\"section\" data-e-type=\"section\">\n\t\t\t\t\t\t<div class=\"elementor-container elementor-column-gap-default\">\n\t\t\t\t\t<div class=\"elementor-column elementor-col-100 elementor-top-column elementor-element elementor-element-99a22aa\" data-id=\"99a22aa\" data-element_type=\"column\" data-e-type=\"column\">\n\t\t\t<div class=\"elementor-widget-wrap elementor-element-populated\">\n\t\t\t\t\t\t<div class=\"elementor-element elementor-element-082071a elementor-widget elementor-widget-text-editor\" data-id=\"082071a\" data-element_type=\"widget\" data-e-type=\"widget\" data-widget_type=\"text-editor.default\">\n\t\t\t\t<div class=\"elementor-widget-container\">\n\t\t\t\t\t\t\t\t\t<p><em>Julkaistu Bellin yst\u00e4v\u00e4llisell\u00e4 luvalla<\/em><\/p><p><strong>Paikka oppia ja el\u00e4\u00e4 hyvin\u00a0\u00a0\u00a0<\/strong><br \/>G\u00fctersloh (v\u00e4h\u00e4n). Lasten bussirummut ilmoittavat siit\u00e4, ja rehtori Gerhard Dickers on tyytyv\u00e4inen: Hundertwasser-koulu, jossa keskityt\u00e4\u00e4n erityisesti emotionaaliseen ja sosiaaliseen kehitykseen alakoulussa, on \"l\u00f6yt\u00e4nyt todellisen kodin\" entisen Volkening-koulun tiloissa Holzstrassen varrella G\u00fcterslohissa. \"Oppimis- ja elinymp\u00e4rist\u00f6, jossa sinun on tunnettava olosi kotoisaksi\".<br \/>Pormestari Maria Unger puhui muuntamisen ja arkkitehtonisesti vaikuttavan laajennuksen j\u00e4lkeen oppilaiden ja kaupungin kannalta hienosta p\u00e4iv\u00e4st\u00e4. Hundertwasser-koulu perustettiin viisi vuotta sitten G\u00fcterslohin piirin alaisuuteen Edith Steinin kouluun, mutta se muutti my\u00f6hemmin Anne Frankin peruskoulun naapurustoon, ja se on ollut kunnallinen koulu vuodesta 2006. Unger viittasi koululle nimens\u00e4 antaneen taiteilijan v\u00e4rikyll\u00e4isyyteen. H\u00e4n vetoaa luovuutta etsiviin oppilaisiin. H\u00e4nen \"sadepisarassaan, joka putoaa kaupunkiin\", lapset l\u00f6yt\u00e4isiv\u00e4t rinnastuksia omiin toiveisiinsa, pormestari sanoi.<br \/>Vieraana ollut Nordrhein-Westfalenin kouluministeri Barbara Sommer korosti yhteytt\u00e4 G\u00fcterslohin kaupunkiin ja alueeseen, jossa h\u00e4n toimi kouluneuvoksena. H\u00e4n halusi keskustella lasten kanssa, mutta he olivat jo koulubussissa. Sitten h\u00e4n halusi puhua Hundertwasserista. Unger ehti ennen h\u00e4nt\u00e4. Ministeri pysyi kuitenkin taiteilijan luona, joka her\u00e4tti veneell\u00e4\u00e4n poikien ja tytt\u00f6jen fantasioita. El\u00e4m\u00e4ss\u00e4 on pimeytt\u00e4 ja kirkkautta. Sommer tunsi kiitollisuutta Hundertwasseria kohtaan, joka oli aina vastustanut suoraa linjaa, ja h\u00e4nen v\u00e4rikk\u00e4it\u00e4 kuviaan kohtaan.<br \/>\"Yksi rehtori, yksi kollega ja viisi poikaa\", Dickers kuvaili alkua vuoropuhelussa ensimm\u00e4isen kollegansa Kerstin Richterin kanssa. \"Emme olleet edes k\u00e4\u00e4pi\u00f6koulu, ja meille naurettiin v\u00e4h\u00e4n v\u00e4li\u00e4\", rehtori muisteli. H\u00e4n kiitti Detmoldin koulun osastop\u00e4\u00e4llikk\u00f6\u00e4 Siegfried Lieske\u00e4 ja koululautakunnan j\u00e4sent\u00e4 Hartmut Stieghorstia piirihallinnossa tuesta. H\u00e4n kutsui siirtoa G\u00fcterslohin kaupunkiin vuonna 2006 onnekkaaksi hetkeksi, koska kaupunki oli juuri miettim\u00e4ss\u00e4 kattavia avoimia kokop\u00e4iv\u00e4kouluja. Dockers piti Hundertwasserin koulun nykyist\u00e4 muotoa kokop\u00e4iv\u00e4kouluna, jossa keskityt\u00e4\u00e4n sosiaalipedagogiikkaan yhteisty\u00f6ss\u00e4 kaupungin koulu- ja nuorisotoimen kanssa, esimerkkitapauksena.<br \/>Vieraina olivat muun muassa Ursula Doppmeier MdL ja piirin puheenjohtaja Marianne Thomann-Stahl. Erikoisvieraana oli Lisa Weber (92). H\u00e4n oli asunut 80 vuotta Volkeningin koulun opettaja-asunnossa, jossa h\u00e4nen is\u00e4ns\u00e4 oli aikoinaan rehtori ja jossa h\u00e4n itse opetti 30 vuotta.<br \/>(Julkaistu 15.09.2007 Die Glocke -lehdess\u00e4)<\/p><p><em>Julkaistu Westfalen Blattin yst\u00e4v\u00e4llisell\u00e4 luvalla.<\/em><\/p><p><strong>Nimetty monilahjakkuuden mukaan<\/strong><br \/>Hundertwasserin koulu vihit\u00e4\u00e4n t\u00e4n\u00e4\u00e4n k\u00e4ytt\u00f6\u00f6n.<br \/>Se on nimetty taiteilija, monitaituri ja ymp\u00e4rist\u00f6aktivisti Hundertwasserin mukaan, ja sen nimi on \"F\u00f6rderschule der Stadt G\u00fctersloh\" (G\u00fcterslohin kaupungin erityiskoulu). Koulu on vaihtanut sijaintia, ja nyt se on l\u00f6yt\u00e4nyt uuden kodin osoitteesta Holzstra\u00dfe 30.<br \/>Koulu on kuulunut kaupungille 1. elokuuta 2006 alkaen. Vuonna 2002 se perustettiin G\u00fcterslohin piirin tukikouluksi, jossa oli viiden oppilaan luokka ja erityisopettaja, ja se sijaitsee nyt osoitteessa Holzstra\u00dfe.<br \/>Uusi koulurakennus vihit\u00e4\u00e4n virallisesti k\u00e4ytt\u00f6\u00f6n t\u00e4n\u00e4\u00e4n perjantaina klo 14.30. Nordrhein-Westfalenin osavaltion kouluministerin Barbara Sommerin odotetaan osallistuvan tilaisuuteen. Rehtori Gerhard Dickers tekee esityksess\u00e4\u00e4n \"Hundertwasser-koulun viisi vuotta\" katsauksen koulun kehitykseen ja hahmottelee koulun tulevaisuudenn\u00e4kymi\u00e4. Detmoldin koululaitoksen johtaja Siegfried Lieske pit\u00e4\u00e4 esitelm\u00e4n Hundertwasserin koulusta muuttuvan koulumaailman yhteydess\u00e4. Virallinen ohjelma p\u00e4\u00e4ttyy koulukierrokseen.<br \/>Uusi sijaintipaikka on v\u00e4liaikaisten j\u00e4rjestelyjen loppu: Vuosina 2002-2004 erityiskoulu toimi Edith Steinin koulussa ja vuosina 2004-2007 v\u00e4liaikaisesti Anne Frankin koulussa. Opettajaryhm\u00e4 on kuitenkin jatkuvasti ty\u00f6skennellyt koulun kehitt\u00e4miseksi. Lukuvuoden 2007\/2008 alusta l\u00e4htien erityiskoulu toimii avoimena kokop\u00e4iv\u00e4kouluna. T\u00e4ll\u00e4 tavoin Hundertwasserin koulu haluaa tukea noin 50 oppilaansa emotionaalista ja sosiaalista kehityst\u00e4. Vastuuhenkil\u00f6t allekirjoittivat vastaavan sopimuksen Sozialp\u00e4dagogisches und Psychomotorisches Institut G\u00fcterslohin (SPI) ja G\u00fcterslohin kaupungin kanssa. SPI:n my\u00f6t\u00e4 kokop\u00e4iv\u00e4hoito siirtyy palveluntarjoajalle, jonka kanssa nuoriso-osasto on tehnyt jo vuosia yhteisty\u00f6t\u00e4 kuntoutuksen ja kasvatuksellisen tuen alalla. Kaupunki on investoinut kolme miljoonaa euroa entisen Volkeningin koulun laajennukseen. Ei suoria linjoja: Entisen Volkeningin koulun takaosan julkisivu on suunniteltu taiteilija Hundertwasserin hengess\u00e4 h\u00e4nen mukaansa nimetty\u00e4 koulua varten.<br \/>(Julkaistu 14.09.2007 Westfalen-Blattissa)<\/p><p><em>Julkaistu Westfalen Blattin yst\u00e4v\u00e4llisell\u00e4 luvalla.\u00a0<\/em><\/p><p><strong>Lasten maailma ei ole aina v\u00e4rik\u00e4s<\/strong><br \/><strong>Hundertwasser-koulu vihittiin virallisesti k\u00e4ytt\u00f6\u00f6n<\/strong><br \/>Michael Delker<\/p><p>Rehtori Gerhard Dicker sai pormestari Maria Ungerilta lahjaksi pienoiskoossa olevan Hundertwasser-talon. Koulupappi Barbara Sommer lausui tervehdyksen virkaanastujaisissa.<\/p><p>G\u00fctersloh (WB) V\u00e4liaikaisten j\u00e4rjestelyjen aika on ohi. Entisen Volkeningin koulun laajennuksen+ j\u00e4lkeen Hundertwasserin koulu sai perjantaina iltap\u00e4iv\u00e4ll\u00e4 virallisesti vihki\u00e4 uuden kotipaikkansa k\u00e4ytt\u00f6\u00f6n. Edith Steinin koulussa ja Anne Frankin koulun tilap\u00e4israkennuksessa vietettyjen vuosien j\u00e4lkeen erityiskoulu on vihdoin l\u00f6yt\u00e4nyt kodin. T\u00e4m\u00e4n askeleen merkitys lapsille, vanhemmille ja opettajille k\u00e4vi selv\u00e4ksi pormestari Maria Ungerin lahjassa: h\u00e4n lahjoitti koulun rehtori Gerhard Dickersille Hundertwasserin talon pienoiskoossa - sit\u00e4 voidaan k\u00e4ytt\u00e4\u00e4 linnunp\u00f6ntt\u00f6n\u00e4.<\/p><p>Nordrhein-Westfalenin opetusministeri Barbara Sommer, joka ty\u00f6skenteli aiemmin kouluneuvoksena G\u00fcterslohin alueella (\"T\u00e4\u00e4ll\u00e4 koin parhaan ammatillisen aikani\"), piti tervehdyspuheen. H\u00e4n kertoi kutsuvieraille, ett\u00e4 taiteilija Friedensreich Hundertwasser oli el\u00e4ess\u00e4\u00e4n antanut itselleen nimen \"Dunkelbunt\". \"T\u00e4m\u00e4 nimi sopii hyvin lapsille, jotka k\u00e4yv\u00e4t t\u00e4\u00e4ll\u00e4 koulua. Heid\u00e4n maailmansa ei ole aina v\u00e4rik\u00e4s\", Barbara Sommer sanoi. Hundertwasser-koulu on asettanut tavoitteekseen edist\u00e4\u00e4 niiden lasten emotionaalista ja sosiaalista kehityst\u00e4, jotka eiv\u00e4t p\u00e4rj\u00e4\u00e4 perinteisess\u00e4 koulussa.<\/p><p>Keskustellessaan kollegansa Kerstin Richterin kanssa Gerhard Dickers muisteli koulun perustamista viisi vuotta sitten. Siihen aikaan oppilaita oli vain viisi, \"ja olimme luultavasti Nordrhein-Westfalenin pienin koulu\". Sen j\u00e4lkeen koulu on kehittynyt hitaasti, ja se on hyv\u00e4 asia.<\/p><p>(Julkaistu 15.09.2007 Westfalen-Blattissa)<\/p><p><em>Julkaistu NW - Neue Westf\u00e4lische -lehden yst\u00e4v\u00e4llisell\u00e4 luvalla.\u00a0<\/em><big><big><small><br \/><big><big><small><\/small><\/big><\/big><\/small><\/big><\/big><\/p><p><strong>Vihdoin l\u00f6ysi kodin<\/strong><br \/><strong>G\u00fcterslohissa on uusi koulu \/ Avajaiset ministeri Sommerin kanssa\u00a0<\/strong><br \/>ROLF BIRKHOLZ<br \/>G\u00fctersloh. \"Me olemme t\u00e4m\u00e4n maailman lapsia, ja me rummutamme niin kuin haluamme\". Hundertwasserin koulun lapset toivottivat eilen rummuttaen, laulaen ja vihelt\u00e4en tervetulleeksi kouluministeri Barbara Sommerin, piirin puheenjohtajan Marianne Thomann-Stahlin ja muut vieraat koulun vihki\u00e4istilaisuudessa. Musiikki ja laulu, afrikkalaisen rumpuprojektin tulokset, saivat oppilaat n\u00e4ytt\u00e4m\u00e4\u00e4n silt\u00e4, ett\u00e4 he olivat jo ottaneet haltuunsa taiteilija ja ymp\u00e4rist\u00f6aktivisti Friedensreich Hundertwasserin mukaan nimetyn talonsa, entisen Volkening-koulun Oststra\u00dfe\/Holzstrassen varrella, jota on laajennettu lis\u00e4rakennuksella.<br \/>Rehtori Gerhard Dickers oli tyytyv\u00e4inen siihen, ett\u00e4 vuonna 2002 perustettu emotionaaliseen ja sosiaaliseen kehitykseen keskittyv\u00e4 erityiskoulu, joka oli aluksi piirin omistuksessa, mutta josta on sittemmin tullut kunnallinen koulu, on nyt kahden muuton j\u00e4lkeen l\u00f6yt\u00e4nyt \"todellisen kodin\" uudessa paikassaan, ja siit\u00e4 on tullut paikka, jossa voi k\u00e4yd\u00e4 koulua ja jossa voi asua. Oli onnenpotku, ett\u00e4 kunnanarkkitehti Karl-Heinz Rempen suunnitelmilla \"pystyttiin luomaan iloisia tiloja Hundertwasserin hengess\u00e4\". Dickers n\u00e4ki toisen onnenpotkun siin\u00e4, ett\u00e4 Sozialp\u00e4dagogisches und Psychomotorisches Institut G\u00fcterslohilla (SPI), jonka kanssa keskus tekee yhteisty\u00f6t\u00e4 p\u00e4iv\u00e4hoidon, tukitoimenpiteiden ja vanhempien hoidon alalla, on aivan vieress\u00e4 Holzstrassen varrella tukikeskus ja liikuntasali, joita voidaan my\u00f6s k\u00e4ytt\u00e4\u00e4. Pormestari Maria Unger oli ensimm\u00e4isen\u00e4 ajatellut yhdist\u00e4\u00e4 molemmat laitokset samalle paikalle, mik\u00e4 mahdollisti synergiaedun.<\/p><p>Tulevaisuutta ajatellen Dickers voisi kuvitella t\u00e4nne sosiaalipedagogisen osaamiskeskuksen. Samaa mielt\u00e4 olivat my\u00f6s piirihallituksen kouluosaston johtaja Siegfried Lieske ja G\u00fcterslohin koululautakunnan j\u00e4sen Hartmut Stieghorst, jotka olivat suunnitelleet roolipelimuotoisen vuoropuhelun. Vastauksena Stieghorstin toteamukseen, jonka mukaan Hundertwasserin koulu on saavuttanut paljon viidess\u00e4 vuodessa, Lieske sanoi: \"Kaikki nuoret ovat eritt\u00e4in motivoituneita: Mit\u00e4 muuta voisit odottaa?\"<\/p><p>Dickers ja Kerstin Richter, h\u00e4nen silloinen ensimm\u00e4inen ty\u00f6ntekij\u00e4ns\u00e4, olivat jo j\u00e4lkik\u00e4teen ehdottaneet t\u00e4t\u00e4 arviota. Kahden opettajan ja viiden oppilaan koulu \"tuntui Nordrhein-Westfalenin pienimm\u00e4lt\u00e4 koululta\", ja sille naurettiin hieman. Sitten he kuvailivat jatkuvaa kehityst\u00e4 yl\u00f6sp\u00e4in, mukaan lukien osallistuminen itsen\u00e4iseen kouluun ja avoimiin kokop\u00e4iv\u00e4hankkeisiin, joissa he joskus \"p\u00e4\u00e4siv\u00e4t kapasiteettinsa \u00e4\u00e4rirajoille\".<\/p><p>Koulupappi Barbara Sommer puhui virkist\u00e4v\u00e4n vapaasti ilman k\u00e4sikirjoitusta. H\u00e4n kertoi, kuinka Friedrich Stowasser l\u00f6ysi kerran taiteilijanimens\u00e4 Friedensreich Hundertwasser. H\u00e4n yritti asettua lasten sieluun ja huomautti my\u00f6s taiteilijan termist\u00e4 \"dunkelbunt\" (tumma) kaikkien taiteilijan kirkkaiden v\u00e4rien rinnalla, joten h\u00e4n vetosi lapsiin l\u00e4mpim\u00e4sti sen sijaan, ett\u00e4 h\u00e4n olisi vain lukenut esitetyn tekstin, mik\u00e4 ei ole ep\u00e4tavallista t\u00e4llaisissa tapauksissa poliitikkojen kohdalla.<\/p><p>\u00a0<\/p><p><strong>Volkeningista Hundertwasseriin<\/strong><br \/>Kahden v\u00e4liaikaisen sijainnin j\u00e4lkeen Hundertwasser-koulu on l\u00f6yt\u00e4nyt uuden kotinsa entisest\u00e4 Volkschule-koulusta osoitteessa Holzstra\u00dfe 30 (oikeastaan Oststra\u00dfe), joka on nimetty her\u00e4tyssaarnaaja Johann Heinrich Volkeningin mukaan ja rakennettu vuonna 1903. Piirin koulu toimi aluksi Edith Steinin koulussa ja my\u00f6hemmin Anne Frankin koulussa. Vuonna 2006 kaupunki otti koulun yll\u00e4pidon hoitaakseen. Vuonna 2002 aloitettiin kahden hengen henkil\u00f6kunnalla ja viidell\u00e4 oppilaalla, ja nyky\u00e4\u00e4n, kun mukaan luetaan my\u00f6s kokop\u00e4iv\u00e4hoito, 20 ammattilaista huolehtii 50 oppilaasta sek\u00e4 20 muusta lapsesta, jotka saavat suoraa tukea alakouluissaan. Arkkitehti Karl-Heinz Rempen suunnitelmien mukainen remontti ja laajennus maksoi kolme miljoonaa euroa. Rempe pysyi oikean kulman periaatteelle uskollisena laajennuksessa. V\u00e4rimaailma, erityisesti takasein\u00e4n v\u00e4rimaailma, sek\u00e4 v\u00e4rikk\u00e4\u00e4t tornit perustuvat kuitenkin selv\u00e4sti taiteilija ja mielikuvituksen her\u00e4tt\u00e4j\u00e4 Hundertwasserin ilmaisuun.<br \/><small>(Julkaistu 15.09.2007 NW- Neue Westf\u00e4lische -lehdess\u00e4)<\/small><\/p>\t\t\t\t\t\t\t\t<\/div>\n\t\t\t\t<\/div>\n\t\t\t\t\t<\/div>\n\t\t<\/div>\n\t\t\t\t\t<\/div>\n\t\t<\/section>\n\t\t\t\t<section class=\"elementor-section elementor-top-section elementor-element elementor-element-01dd008 elementor-section-boxed elementor-section-height-default elementor-section-height-default\" data-id=\"01dd008\" data-element_type=\"section\" data-e-type=\"section\">\n\t\t\t\t\t\t<div class=\"elementor-container elementor-column-gap-default\">\n\t\t\t\t\t<div class=\"elementor-column elementor-col-100 elementor-top-column elementor-element elementor-element-052942e\" data-id=\"052942e\" data-element_type=\"column\" data-e-type=\"column\">\n\t\t\t<div class=\"elementor-widget-wrap elementor-element-populated\">\n\t\t\t\t\t\t<div class=\"elementor-element elementor-element-7bae7a1 elementor-widget elementor-widget-spacer\" data-id=\"7bae7a1\" data-element_type=\"widget\" data-e-type=\"widget\" data-widget_type=\"spacer.default\">\n\t\t\t\t<div class=\"elementor-widget-container\">\n\t\t\t\t\t\t\t<div class=\"elementor-spacer\">\n\t\t\t<div class=\"elementor-spacer-inner\"><\/div>\n\t\t<\/div>\n\t\t\t\t\t\t<\/div>\n\t\t\t\t<\/div>\n\t\t\t\t\t<\/div>\n\t\t<\/div>\n\t\t\t\t\t<\/div>\n\t\t<\/section>\n\t\t\t\t<\/div>","protected":false},"excerpt":{"rendered":"<p>Ver\u00f6ffentlicht mit freundlicher Genehmigung der Glocke Ein Lern- und Lebensort zum Wohlf\u00fchlen\u00a0\u00a0\u00a0G\u00fctersloh (bit). Buschtrommeln der Kinder k\u00fcnden es, und Schulleiter Gerhard Dickers freut sich: Die Hundertwasserschule mit dem F\u00f6rderschwerpunkt emotionale und soziale Entwicklung im Primarbereich hat am Standort der ehemaligen Volkeningschule an der Holzstra\u00dfe in G\u00fctersloh \u201eeine wirkliche Heimat gefunden\u201c. Ein \u201eLern- und Lebensort, an [&hellip;]<\/p>\n","protected":false},"author":1,"featured_media":0,"parent":0,"menu_order":0,"comment_status":"closed","ping_status":"closed","template":"elementor_header_footer","meta":{"footnotes":""},"class_list":["post-851","page","type-page","status-publish","hentry"],"_links":{"self":[{"href":"https:\/\/hundertwasser-schule.de\/fi\/wp-json\/wp\/v2\/pages\/851","targetHints":{"allow":["GET"]}}],"collection":[{"href":"https:\/\/hundertwasser-schule.de\/fi\/wp-json\/wp\/v2\/pages"}],"about":[{"href":"https:\/\/hundertwasser-schule.de\/fi\/wp-json\/wp\/v2\/types\/page"}],"author":[{"embeddable":true,"href":"https:\/\/hundertwasser-schule.de\/fi\/wp-json\/wp\/v2\/users\/1"}],"replies":[{"embeddable":true,"href":"https:\/\/hundertwasser-schule.de\/fi\/wp-json\/wp\/v2\/comments?post=851"}],"version-history":[{"count":2,"href":"https:\/\/hundertwasser-schule.de\/fi\/wp-json\/wp\/v2\/pages\/851\/revisions"}],"predecessor-version":[{"id":1006,"href":"https:\/\/hundertwasser-schule.de\/fi\/wp-json\/wp\/v2\/pages\/851\/revisions\/1006"}],"wp:attachment":[{"href":"https:\/\/hundertwasser-schule.de\/fi\/wp-json\/wp\/v2\/media?parent=851"}],"curies":[{"name":"wp","href":"https:\/\/api.w.org\/{rel}","templated":true}]}}