{"id":43,"date":"2020-03-31T10:56:38","date_gmt":"2020-03-31T10:56:38","guid":{"rendered":"https:\/\/neu.hundertwasser-schule.de\/?page_id=43"},"modified":"2020-06-02T13:30:37","modified_gmt":"2020-06-02T11:30:37","slug":"der-traeger-spi","status":"publish","type":"page","link":"https:\/\/hundertwasser-schule.de\/fr_fr\/der-traeger-spi\/","title":{"rendered":"L'organisme responsable : SPI"},"content":{"rendered":"<div data-elementor-type=\"wp-page\" data-elementor-id=\"43\" class=\"elementor elementor-43\" data-elementor-post-type=\"page\">\n\t\t\t\t\t\t<section class=\"elementor-section elementor-top-section elementor-element elementor-element-5a7a1fed elementor-section-stretched elementor-section-full_width elementor-section-height-default elementor-section-height-default\" data-id=\"5a7a1fed\" data-element_type=\"section\" data-e-type=\"section\" data-settings=\"{&quot;stretch_section&quot;:&quot;section-stretched&quot;}\">\n\t\t\t\t\t\t<div class=\"elementor-container elementor-column-gap-no\">\n\t\t\t\t\t<div class=\"elementor-column elementor-col-100 elementor-top-column elementor-element elementor-element-5828ac9d\" data-id=\"5828ac9d\" data-element_type=\"column\" data-e-type=\"column\">\n\t\t\t<div class=\"elementor-widget-wrap elementor-element-populated\">\n\t\t\t\t\t\t<div class=\"elementor-element elementor-element-5f14c8bc elementor-widget elementor-widget-image\" data-id=\"5f14c8bc\" data-element_type=\"widget\" data-e-type=\"widget\" data-widget_type=\"image.default\">\n\t\t\t\t<div class=\"elementor-widget-container\">\n\t\t\t\t\t\t\t\t\t\t\t\t\t\t\t<img fetchpriority=\"high\" decoding=\"async\" width=\"1920\" height=\"230\" src=\"https:\/\/hundertwasser-schule.de\/wp-content\/uploads\/2020\/03\/bild1.jpg\" class=\"attachment-full size-full wp-image-108\" alt=\"\" srcset=\"https:\/\/hundertwasser-schule.de\/wp-content\/uploads\/2020\/03\/bild1.jpg 1920w, https:\/\/hundertwasser-schule.de\/wp-content\/uploads\/2020\/03\/bild1-300x36.jpg 300w, https:\/\/hundertwasser-schule.de\/wp-content\/uploads\/2020\/03\/bild1-1024x123.jpg 1024w, https:\/\/hundertwasser-schule.de\/wp-content\/uploads\/2020\/03\/bild1-768x92.jpg 768w, https:\/\/hundertwasser-schule.de\/wp-content\/uploads\/2020\/03\/bild1-1536x184.jpg 1536w, https:\/\/hundertwasser-schule.de\/wp-content\/uploads\/2020\/03\/bild1-20x2.jpg 20w\" sizes=\"(max-width: 1920px) 100vw, 1920px\" \/>\t\t\t\t\t\t\t\t\t\t\t\t\t\t\t<\/div>\n\t\t\t\t<\/div>\n\t\t\t\t\t<\/div>\n\t\t<\/div>\n\t\t\t\t\t<\/div>\n\t\t<\/section>\n\t\t\t\t<section class=\"elementor-section elementor-top-section elementor-element elementor-element-9d858a9 elementor-section-height-min-height elementor-section-boxed elementor-section-height-default elementor-section-items-middle\" data-id=\"9d858a9\" data-element_type=\"section\" data-e-type=\"section\" data-settings=\"{&quot;background_background&quot;:&quot;classic&quot;}\">\n\t\t\t\t\t\t<div class=\"elementor-container elementor-column-gap-default\">\n\t\t\t\t\t<div class=\"elementor-column elementor-col-100 elementor-top-column elementor-element elementor-element-3fb06de9\" data-id=\"3fb06de9\" data-element_type=\"column\" data-e-type=\"column\">\n\t\t\t<div class=\"elementor-widget-wrap elementor-element-populated\">\n\t\t\t\t\t\t\t<\/div>\n\t\t<\/div>\n\t\t\t\t\t<\/div>\n\t\t<\/section>\n\t\t\t\t<section class=\"elementor-section elementor-top-section elementor-element elementor-element-f6e6cca elementor-section-boxed elementor-section-height-default elementor-section-height-default\" data-id=\"f6e6cca\" data-element_type=\"section\" data-e-type=\"section\">\n\t\t\t\t\t\t<div class=\"elementor-container elementor-column-gap-default\">\n\t\t\t\t\t<div class=\"elementor-column elementor-col-100 elementor-top-column elementor-element elementor-element-1113d1a7\" data-id=\"1113d1a7\" data-element_type=\"column\" data-e-type=\"column\">\n\t\t\t<div class=\"elementor-widget-wrap elementor-element-populated\">\n\t\t\t\t\t\t<div class=\"elementor-element elementor-element-2481ebfb elementor-widget elementor-widget-spacer\" data-id=\"2481ebfb\" data-element_type=\"widget\" data-e-type=\"widget\" data-widget_type=\"spacer.default\">\n\t\t\t\t<div class=\"elementor-widget-container\">\n\t\t\t\t\t\t\t<div class=\"elementor-spacer\">\n\t\t\t<div class=\"elementor-spacer-inner\"><\/div>\n\t\t<\/div>\n\t\t\t\t\t\t<\/div>\n\t\t\t\t<\/div>\n\t\t\t\t\t<\/div>\n\t\t<\/div>\n\t\t\t\t\t<\/div>\n\t\t<\/section>\n\t\t\t\t<section class=\"elementor-section elementor-top-section elementor-element elementor-element-0832c41 elementor-section-boxed elementor-section-height-default elementor-section-height-default\" data-id=\"0832c41\" data-element_type=\"section\" data-e-type=\"section\">\n\t\t\t\t\t\t<div class=\"elementor-container elementor-column-gap-default\">\n\t\t\t\t\t<div class=\"elementor-column elementor-col-100 elementor-top-column elementor-element elementor-element-624cc38\" data-id=\"624cc38\" data-element_type=\"column\" data-e-type=\"column\">\n\t\t\t<div class=\"elementor-widget-wrap elementor-element-populated\">\n\t\t\t\t\t\t<div class=\"elementor-element elementor-element-7dfce16 elementor-widget elementor-widget-text-editor\" data-id=\"7dfce16\" data-element_type=\"widget\" data-e-type=\"widget\" data-widget_type=\"text-editor.default\">\n\t\t\t\t<div class=\"elementor-widget-container\">\n\t\t\t\t\t\t\t\t\t<p>L'organisme responsable de la journ\u00e9e continue est l'Institut socio-p\u00e9dagogique de G\u00fctersloh e.V. \u00a0 \u00a0 <a href=\"http:\/\/www.spi-gt.de\/\"><img decoding=\"async\" src=\"http:\/\/hundertwasser-schule.de\/inhalte\/2offenerganztag\/6Traeger\/spi.jpg\" alt=\"\" \/><\/a><br \/>Le SPI G\u00fctersloh e.V. est un organisme reconnu d'aide \u00e0 la jeunesse selon le \u00a7 75 de la loi sur l'aide \u00e0 la jeunesse (KJHG) et un prestataire de services dans le cadre de l'encouragement pr\u00e9coce. Depuis le 07.09.2001, l'association SPI G\u00fctersloh e.V. est membre de l'association paritaire allemande d'aide sociale (DPWV).<\/p><p>L'association s'est fix\u00e9 pour objectif de soutenir par des mesures appropri\u00e9es les enfants et les adolescents pr\u00e9sentant des retards de d\u00e9veloppement, des troubles du comportement et\/ou socialement d\u00e9favoris\u00e9s, ainsi que leurs familles, et de les aider ainsi \u00e0 s'\u00e9panouir et \u00e0 former leur personnalit\u00e9. En outre, le SPI s'est donn\u00e9 pour mission, dans le cadre de sa mission globale de formation et d'\u00e9ducation, d'organiser des offres dans le domaine des \u00e9coles ouvertes \u00e0 plein temps.<\/p><p>L'institut SPI G\u00fctersloh e.V. est une institution moderne, travaillant de mani\u00e8re d\u00e9centralis\u00e9e, avec plus de 10 ans d'exp\u00e9rience dans les domaines de travail les plus divers de l'aide aux enfants et aux jeunes. L'institut socio-p\u00e9dagogique d\u00e9veloppe des offres individuelles et diff\u00e9renci\u00e9es pour les enfants, les jeunes et les familles.<br \/>Les principaux domaines d'activit\u00e9 sont<\/p><p>- Mesures ambulatoires flexibles de l'aide \u00e0 la jeunesse\u00a0<br \/>- P\u00e9dagogie curative \/ soutien au d\u00e9veloppement psychomoteur\u00a0<br \/>- Mesures semi-stationnaires de l'aide \u00e0 la jeunesse (groupe de jour)\u00a0<br \/>- Journ\u00e9e continue et services d'accueil\u00a0<br \/>- Travail social en milieu scolaire\u00a0<\/p><p>L'institut socio-p\u00e9dagogique de G\u00fctersloh (SPI) e.V. est actif dans toute la ville et le district de G\u00fctersloh. Des accords de coop\u00e9ration ont \u00e9t\u00e9 conclus avec les services de la jeunesse, la ville et le district de G\u00fctersloh ainsi qu'avec le service social du district de G\u00fctersloh.<br \/>Dans le but de d\u00e9velopper et d'assurer la qualit\u00e9, l'ISP participe r\u00e9guli\u00e8rement \u00e0 diff\u00e9rents cercles d'experts au niveau r\u00e9gional et suprar\u00e9gional.<\/p>\t\t\t\t\t\t\t\t<\/div>\n\t\t\t\t<\/div>\n\t\t\t\t\t<\/div>\n\t\t<\/div>\n\t\t\t\t\t<\/div>\n\t\t<\/section>\n\t\t\t\t<section class=\"elementor-section elementor-top-section elementor-element elementor-element-c429ca2 elementor-section-boxed elementor-section-height-default elementor-section-height-default\" data-id=\"c429ca2\" data-element_type=\"section\" data-e-type=\"section\">\n\t\t\t\t\t\t<div class=\"elementor-container elementor-column-gap-default\">\n\t\t\t\t\t<div class=\"elementor-column elementor-col-100 elementor-top-column elementor-element elementor-element-659c433\" data-id=\"659c433\" data-element_type=\"column\" data-e-type=\"column\">\n\t\t\t<div class=\"elementor-widget-wrap elementor-element-populated\">\n\t\t\t\t\t\t<div class=\"elementor-element elementor-element-ff5bef4 elementor-widget elementor-widget-spacer\" data-id=\"ff5bef4\" data-element_type=\"widget\" data-e-type=\"widget\" data-widget_type=\"spacer.default\">\n\t\t\t\t<div class=\"elementor-widget-container\">\n\t\t\t\t\t\t\t<div class=\"elementor-spacer\">\n\t\t\t<div class=\"elementor-spacer-inner\"><\/div>\n\t\t<\/div>\n\t\t\t\t\t\t<\/div>\n\t\t\t\t<\/div>\n\t\t\t\t\t<\/div>\n\t\t<\/div>\n\t\t\t\t\t<\/div>\n\t\t<\/section>\n\t\t\t\t<\/div>","protected":false},"excerpt":{"rendered":"<p>Tr\u00e4ger des Offenen Ganztages ist das Sozialp\u00e4dagogische Institut G\u00fctersloh e.V. \u00a0 \u00a0 Das SPI G\u00fctersloh e.V. ist anerkannter Tr\u00e4ger der Jugendhilfe nach \u00a7 75 KJHG und Dienstleister im Rahmen der Fr\u00fchf\u00f6rderung. Seit dem 07.09.2001 ist das SPI G\u00fctersloh e.V. Mitglied im Deutschen Parit\u00e4tischen Wohlfahrtsverband (DPWV). Der Verein hat sich zum Ziel gesetzt, entwicklungsverz\u00f6gerte, verhaltensauff\u00e4llige und\/oder [&hellip;]<\/p>\n","protected":false},"author":1,"featured_media":0,"parent":0,"menu_order":0,"comment_status":"closed","ping_status":"closed","template":"elementor_header_footer","meta":{"footnotes":""},"class_list":["post-43","page","type-page","status-publish","hentry"],"_links":{"self":[{"href":"https:\/\/hundertwasser-schule.de\/fr_fr\/wp-json\/wp\/v2\/pages\/43","targetHints":{"allow":["GET"]}}],"collection":[{"href":"https:\/\/hundertwasser-schule.de\/fr_fr\/wp-json\/wp\/v2\/pages"}],"about":[{"href":"https:\/\/hundertwasser-schule.de\/fr_fr\/wp-json\/wp\/v2\/types\/page"}],"author":[{"embeddable":true,"href":"https:\/\/hundertwasser-schule.de\/fr_fr\/wp-json\/wp\/v2\/users\/1"}],"replies":[{"embeddable":true,"href":"https:\/\/hundertwasser-schule.de\/fr_fr\/wp-json\/wp\/v2\/comments?post=43"}],"version-history":[{"count":4,"href":"https:\/\/hundertwasser-schule.de\/fr_fr\/wp-json\/wp\/v2\/pages\/43\/revisions"}],"predecessor-version":[{"id":1099,"href":"https:\/\/hundertwasser-schule.de\/fr_fr\/wp-json\/wp\/v2\/pages\/43\/revisions\/1099"}],"wp:attachment":[{"href":"https:\/\/hundertwasser-schule.de\/fr_fr\/wp-json\/wp\/v2\/media?parent=43"}],"curies":[{"name":"wp","href":"https:\/\/api.w.org\/{rel}","templated":true}]}}