{"id":4664,"date":"2023-11-07T21:28:29","date_gmt":"2023-11-07T20:28:29","guid":{"rendered":"https:\/\/hundertwasser-schule.de\/?page_id=4664"},"modified":"2024-05-16T13:25:07","modified_gmt":"2024-05-16T11:25:07","slug":"lies-mit-projekt","status":"publish","type":"page","link":"https:\/\/hundertwasser-schule.de\/fr_fr\/lies-mit-projekt\/","title":{"rendered":"Lisez avec nous ! - Projet"},"content":{"rendered":"<div data-elementor-type=\"wp-page\" data-elementor-id=\"4664\" class=\"elementor elementor-4664\" data-elementor-post-type=\"page\">\n\t\t\t\t\t\t<section class=\"elementor-section elementor-top-section elementor-element elementor-element-8e29a50 elementor-section-boxed elementor-section-height-default elementor-section-height-default\" data-id=\"8e29a50\" data-element_type=\"section\" data-e-type=\"section\">\n\t\t\t\t\t\t<div class=\"elementor-container elementor-column-gap-default\">\n\t\t\t\t\t<div class=\"elementor-column elementor-col-100 elementor-top-column elementor-element elementor-element-1832f55\" data-id=\"1832f55\" data-element_type=\"column\" data-e-type=\"column\">\n\t\t\t<div class=\"elementor-widget-wrap elementor-element-populated\">\n\t\t\t\t\t\t<div class=\"elementor-element elementor-element-deb3dc9 elementor-widget elementor-widget-text-editor\" data-id=\"deb3dc9\" data-element_type=\"widget\" data-e-type=\"widget\" data-widget_type=\"text-editor.default\">\n\t\t\t\t<div class=\"elementor-widget-container\">\n\t\t\t\t\t\t\t\t\t<p><span style=\"color: #0000ff;\"><b>\u00c0 propos du projet<\/b><\/span><\/p><p>Le projet \"Lies mit\" est une offre commune des inspections scolaires pour les \u00e9coles primaires du district de G\u00fctersloh, de l'\u00e9quipe de comp\u00e9tence, du management de la formation et du bureau de la formation du district de G\u00fctersloh, du centre pour la formation et les chances et de la fondation Reinhard Mohn.<\/p><p>Nous sommes heureux que le coll\u00e8ge de l'\u00e9cole Hundertwasser ait accept\u00e9 \u00e0 l'unanimit\u00e9 de participer au projet \"Lies mit\" dans le district de G\u00fctersloh pour l'ann\u00e9e scolaire 2023\/24 et qu'il participe en bloc aux formations continues avec d'autres \u00e9coles primaires sur une p\u00e9riode de 18 mois. L'id\u00e9e centrale du projet est la promotion syst\u00e9matique de la lecture, dans le cadre d'un projet de d\u00e9veloppement scolaire soutenu par tous les coll\u00e8gues.<\/p><p>Le site\u00a0<strong>Objectifs d\u00e9taill\u00e9s<\/strong>\u00a0sont les suivantes :<\/p><ol><li>Tous les \u00e9l\u00e8ves de l'enseignement cibl\u00e9 atteignent la norme du test de lecture de Salzbourg au cours du premier semestre de la quatri\u00e8me ann\u00e9e.<\/li><li>Les \u00e9l\u00e8ves* ayant besoin de soutien dans l'\u00e9cole participante am\u00e9liorent leur vitesse de lecture en participant r\u00e9guli\u00e8rement \u00e0 l'entra\u00eenement \u00e0 la lecture au cours de leur scolarit\u00e9 primaire.<\/li><li>Les enseignants* mettent en \u0153uvre l'entra\u00eenement \u00e0 la lecture au plus tard au cours de la quatri\u00e8me ann\u00e9e scolaire suivant le d\u00e9but de la participation au projet.<\/li><li>Le projet sera pilot\u00e9 d\u00e8s l'ann\u00e9e scolaire prochaine avec cinq \u00e9coles primaires. Celles-ci avaient pos\u00e9 leur candidature \u00e0 l'issue d'une r\u00e9union d'information et d'examen.<\/li><\/ol><p><strong>La structure de l'offre<\/strong><\/p><p>En l'espace de 18 mois, les enseignants des \u00e9coles primaires participantes suivent sept modules<strong>\u00a0<\/strong>qui comprennent les th\u00e8mes suivants :<br \/>Fluidit\u00e9 de lecture, diagnostic et cinq m\u00e9thodes de lecture \u00e0 haute voix : La lecture chorale, la lecture au cube, la lecture en tandem, la lecture avec livre audio et la lecture th\u00e9\u00e2trale.<\/p><p>Chaque module<strong>\u00a0<\/strong>se compose de<\/p><ul><li>un film, \u00e9change sur le film et planification de la mise en \u0153uvre<br \/>dans l'\u00e9quipe de l'ann\u00e9e<\/li><li>Mise en \u0153uvre de la lecture \u00e0 haute voix<\/li><li>\u00e9changes inter-\u00e9coles<\/li><li>Test avec le screening de lecture de Salzbourg dans une version en ligne gratuite<\/li><li>Discussion des r\u00e9sultats au sein de l'\u00e9quipe de l'ann\u00e9e.<\/li><\/ul><p>Pour plus d'informations, cliquez ici\u00a0<strong>le film du projet :<br \/><\/strong><a href=\"https:\/\/youtu.be\/Q9TwVTWEg60?list=PL5LYbSLXzQs-pIlZO-9nmDxBdt5-eU7Qp\"><strong>https:\/\/youtu.be\/Q9TwVTWEg60?list=PL5LYbSLXzQs-pIlZO-9nmDxBdt5-<\/strong><\/a><a href=\"https:\/\/www.kreis-guetersloh.de\/themen\/bildung\/bildungsmanagement-und-bildungsbuero\/lies-mit\/qr-code.jpg?cid=18mk.5vo1\"><strong>eU7Qp<\/strong><\/a><strong>\u00a0 \u00a0<\/strong><\/p>\t\t\t\t\t\t\t\t<\/div>\n\t\t\t\t<\/div>\n\t\t\t\t<div class=\"elementor-element elementor-element-84b3ccb elementor-widget elementor-widget-text-editor\" data-id=\"84b3ccb\" data-element_type=\"widget\" data-e-type=\"widget\" data-widget_type=\"text-editor.default\">\n\t\t\t\t<div class=\"elementor-widget-container\">\n\t\t\t\t\t\t\t\t\t<p><span style=\"color: #0000ff;\"><strong>\"Lisez avec moi\" \u00e0 l'\u00e9cole Hundertwasser<\/strong><\/span><\/p><p>L'ann\u00e9e scolaire 2023\/2024 d\u00e9bute avec quelques nouveaut\u00e9s pour toutes les \u00e9coles primaires. Entre autres, le Land de Rh\u00e9nanie-du-Nord-Westphalie encourage les \u00e9coles primaires \u00e0 accorder une plus grande importance \u00e0 la lecture et \u00e0 int\u00e9grer des temps de lecture obligatoires dans l'emploi du temps. L'augmentation de la fluidit\u00e9 de la lecture et du pr\u00e9l\u00e8vement sensoriel ainsi que le plaisir de lire sont des objectifs importants.<\/p><p>Dans ce contexte, le projet <strong>\"Lisez avec moi\"<\/strong>Le projet de l'\u00e9cole Hundertwasser, auquel le coll\u00e8ge de l'\u00e9cole Hundertwasser participe avec enthousiasme depuis le d\u00e9but de l'ann\u00e9e scolaire, tombe \u00e0 pic. Le projet est une offre commune des inspections scolaires pour les \u00e9coles primaires du district de G\u00fctersloh, de l'\u00e9quipe de comp\u00e9tences, du bureau de l'\u00e9ducation et de la gestion de la formation, du centre pour l'\u00e9ducation num\u00e9rique et l'\u00e9cole et de la fondation Reinhard Mohn. Il comprend diff\u00e9rents modules de formation continue qui sont ensuite mis en \u0153uvre dans le quotidien de l'enseignement et font l'objet d'une r\u00e9flexion ult\u00e9rieure dans le cadre du projet.<\/p><p>Depuis quelques semaines maintenant, quatre fois par semaine, la phrase suivante retentit dans tout le b\u00e2timent scolaire \u00e0 heure fixe, joyeuse et motiv\u00e9e : \"Nous commen\u00e7ons \u00e0 lire. Doigts sous \"...\" - 3-2-1 ...\". Ensuite, on lit ensemble en ch\u0153ur. Pendant ce temps d'encouragement \u00e0 la lecture de 15 \u00e0 20 minutes, les enfants testent diff\u00e9rentes m\u00e9thodes de lecture \u00e0 haute voix, comme la lecture chorale, la lecture au cube ou la lecture de livres audio. Il est prouv\u00e9 que toutes les m\u00e9thodes favorisent la fluidit\u00e9 de la lecture, la compr\u00e9hension de la lecture et la motivation \u00e0 lire - c'est-\u00e0-dire la base de toute \u00e9ducation. Les progr\u00e8s des \u00e9l\u00e8ves en mati\u00e8re de lecture sont mesur\u00e9s par un test r\u00e9gulier avec le Salzburger Lese-Screening dans une version en ligne.<\/p><p>Les enfants sont impatients de d\u00e9couvrir et de lire de nouveaux textes et de nouvelles lectures, ainsi que de conna\u00eetre et d'exp\u00e9rimenter d'autres m\u00e9thodes de lecture \u00e0 haute voix.<\/p><p>Nous sommes impatients de conna\u00eetre la suite !\u00a0<\/p>\t\t\t\t\t\t\t\t<\/div>\n\t\t\t\t<\/div>\n\t\t\t\t<div class=\"elementor-element elementor-element-80f5d5f elementor-widget elementor-widget-video\" data-id=\"80f5d5f\" data-element_type=\"widget\" data-e-type=\"widget\" data-settings=\"{&quot;video_type&quot;:&quot;hosted&quot;,&quot;controls&quot;:&quot;yes&quot;}\" data-widget_type=\"video.default\">\n\t\t\t\t<div class=\"elementor-widget-container\">\n\t\t\t\t\t\t\t<div class=\"e-hosted-video elementor-wrapper elementor-open-inline\">\n\t\t\t\t\t<video class=\"elementor-video\" src=\"http:\/\/hundertwasser-schule.de\/wp-content\/uploads\/2023\/11\/IMG_2543.mov\" controls=\"\" preload=\"metadata\" controlslist=\"nodownload\"><\/video>\n\t\t\t\t<\/div>\n\t\t\t\t\t\t<\/div>\n\t\t\t\t<\/div>\n\t\t\t\t<div class=\"elementor-element elementor-element-1402dd5 elementor-widget elementor-widget-gallery\" data-id=\"1402dd5\" data-element_type=\"widget\" data-e-type=\"widget\" data-settings=\"{&quot;lazyload&quot;:&quot;yes&quot;,&quot;gallery_layout&quot;:&quot;grid&quot;,&quot;columns&quot;:4,&quot;columns_tablet&quot;:2,&quot;columns_mobile&quot;:1,&quot;gap&quot;:{&quot;unit&quot;:&quot;px&quot;,&quot;size&quot;:10,&quot;sizes&quot;:[]},&quot;gap_tablet&quot;:{&quot;unit&quot;:&quot;px&quot;,&quot;size&quot;:10,&quot;sizes&quot;:[]},&quot;gap_mobile&quot;:{&quot;unit&quot;:&quot;px&quot;,&quot;size&quot;:10,&quot;sizes&quot;:[]},&quot;link_to&quot;:&quot;file&quot;,&quot;aspect_ratio&quot;:&quot;3:2&quot;,&quot;overlay_background&quot;:&quot;yes&quot;,&quot;content_hover_animation&quot;:&quot;fade-in&quot;}\" data-widget_type=\"gallery.default\">\n\t\t\t\t<div class=\"elementor-widget-container\">\n\t\t\t\t\t\t\t<div class=\"elementor-gallery__container\">\n\t\t\t\t\t<\/div>\n\t\t\t\t\t<\/div>\n\t\t\t\t<\/div>\n\t\t\t\t\t<\/div>\n\t\t<\/div>\n\t\t\t\t\t<\/div>\n\t\t<\/section>\n\t\t\t\t<section class=\"elementor-section elementor-top-section elementor-element elementor-element-ec3786e elementor-section-boxed elementor-section-height-default elementor-section-height-default\" data-id=\"ec3786e\" data-element_type=\"section\" data-e-type=\"section\">\n\t\t\t\t\t\t<div class=\"elementor-container elementor-column-gap-default\">\n\t\t\t\t\t<div class=\"elementor-column elementor-col-100 elementor-top-column elementor-element elementor-element-d6b72ee\" data-id=\"d6b72ee\" data-element_type=\"column\" data-e-type=\"column\">\n\t\t\t<div class=\"elementor-widget-wrap\">\n\t\t\t\t\t\t\t<\/div>\n\t\t<\/div>\n\t\t\t\t\t<\/div>\n\t\t<\/section>\n\t\t\t\t<\/div>","protected":false},"excerpt":{"rendered":"<p>\u00dcber das Projekt Das Projekt\u00a0\u201eLies\u00a0mit\u201c ist ein gemeinsames Angebot der Schulaufsichten f\u00fcr die Grundschulen im Kreis G\u00fctersloh, des Kompetenzteams, des Bildungsmanagements und Bildungsb\u00fcro im Kreis G\u00fctersloh, des Zentrums f\u00fcr Bildung und Chancen und der Reinhard Mohn Stiftung. Wir freuen uns, dass sich das Kollegium der Hundertwasser-Schule einstimmig im Schuljahr 2023\/24 auf das Projekt \u201eLies mit\u201c [&hellip;]<\/p>\n","protected":false},"author":4,"featured_media":0,"parent":0,"menu_order":0,"comment_status":"closed","ping_status":"closed","template":"","meta":{"footnotes":""},"class_list":["post-4664","page","type-page","status-publish","hentry"],"_links":{"self":[{"href":"https:\/\/hundertwasser-schule.de\/fr_fr\/wp-json\/wp\/v2\/pages\/4664","targetHints":{"allow":["GET"]}}],"collection":[{"href":"https:\/\/hundertwasser-schule.de\/fr_fr\/wp-json\/wp\/v2\/pages"}],"about":[{"href":"https:\/\/hundertwasser-schule.de\/fr_fr\/wp-json\/wp\/v2\/types\/page"}],"author":[{"embeddable":true,"href":"https:\/\/hundertwasser-schule.de\/fr_fr\/wp-json\/wp\/v2\/users\/4"}],"replies":[{"embeddable":true,"href":"https:\/\/hundertwasser-schule.de\/fr_fr\/wp-json\/wp\/v2\/comments?post=4664"}],"version-history":[{"count":5,"href":"https:\/\/hundertwasser-schule.de\/fr_fr\/wp-json\/wp\/v2\/pages\/4664\/revisions"}],"predecessor-version":[{"id":5238,"href":"https:\/\/hundertwasser-schule.de\/fr_fr\/wp-json\/wp\/v2\/pages\/4664\/revisions\/5238"}],"wp:attachment":[{"href":"https:\/\/hundertwasser-schule.de\/fr_fr\/wp-json\/wp\/v2\/media?parent=4664"}],"curies":[{"name":"wp","href":"https:\/\/api.w.org\/{rel}","templated":true}]}}