{"id":1408,"date":"2020-11-06T12:24:12","date_gmt":"2020-11-06T11:24:12","guid":{"rendered":"https:\/\/hundertwasser-schule.de\/?page_id=1408"},"modified":"2021-02-05T10:17:14","modified_gmt":"2021-02-05T09:17:14","slug":"logineo-lms","status":"publish","type":"page","link":"https:\/\/hundertwasser-schule.de\/hr\/logineo-lms\/","title":{"rendered":"Logineo LMS"},"content":{"rendered":"<div data-elementor-type=\"wp-page\" data-elementor-id=\"1408\" class=\"elementor elementor-1408\" data-elementor-post-type=\"page\">\n\t\t\t\t\t\t<section class=\"elementor-section elementor-top-section elementor-element elementor-element-c14ee07 elementor-section-boxed elementor-section-height-default elementor-section-height-default\" data-id=\"c14ee07\" data-element_type=\"section\" data-e-type=\"section\">\n\t\t\t\t\t\t<div class=\"elementor-container elementor-column-gap-default\">\n\t\t\t\t\t<div class=\"elementor-column elementor-col-100 elementor-top-column elementor-element elementor-element-7bee526\" data-id=\"7bee526\" data-element_type=\"column\" data-e-type=\"column\">\n\t\t\t<div class=\"elementor-widget-wrap elementor-element-populated\">\n\t\t\t\t\t\t<div class=\"elementor-element elementor-element-923332a elementor-widget elementor-widget-button\" data-id=\"923332a\" data-element_type=\"widget\" data-e-type=\"widget\" data-widget_type=\"button.default\">\n\t\t\t\t<div class=\"elementor-widget-container\">\n\t\t\t\t\t\t\t\t\t<div class=\"elementor-button-wrapper\">\n\t\t\t\t\t<a class=\"elementor-button elementor-button-link elementor-size-sm\" href=\"https:\/\/194803.logineonrw-lms.de\/\">\n\t\t\t\t\t\t<span class=\"elementor-button-content-wrapper\">\n\t\t\t\t\t\t\t\t\t<span class=\"elementor-button-text\">Hier Klicken<\/span>\n\t\t\t\t\t<\/span>\n\t\t\t\t\t<\/a>\n\t\t\t\t<\/div>\n\t\t\t\t\t\t\t\t<\/div>\n\t\t\t\t<\/div>\n\t\t\t\t\t<\/div>\n\t\t<\/div>\n\t\t\t\t\t<\/div>\n\t\t<\/section>\n\t\t\t\t<section class=\"elementor-section elementor-top-section elementor-element elementor-element-51ef864 elementor-section-boxed elementor-section-height-default elementor-section-height-default\" data-id=\"51ef864\" data-element_type=\"section\" data-e-type=\"section\">\n\t\t\t\t\t\t<div class=\"elementor-container elementor-column-gap-default\">\n\t\t\t\t\t<div class=\"elementor-column elementor-col-100 elementor-top-column elementor-element elementor-element-f87439a\" data-id=\"f87439a\" data-element_type=\"column\" data-e-type=\"column\">\n\t\t\t<div class=\"elementor-widget-wrap elementor-element-populated\">\n\t\t\t\t\t\t<div class=\"elementor-element elementor-element-e32444c elementor-widget elementor-widget-text-editor\" data-id=\"e32444c\" data-element_type=\"widget\" data-e-type=\"widget\" data-widget_type=\"text-editor.default\">\n\t\t\t\t<div class=\"elementor-widget-container\">\n\t\t\t\t\t\t\t\t\t<p><strong>Zugang f\u00fcr alle Sch\u00fclerinnen und Sch\u00fcler mit ihren Zugangsdaten.<\/strong><\/p>\t\t\t\t\t\t\t\t<\/div>\n\t\t\t\t<\/div>\n\t\t\t\t\t<\/div>\n\t\t<\/div>\n\t\t\t\t\t<\/div>\n\t\t<\/section>\n\t\t\t\t<\/div>","protected":false},"excerpt":{"rendered":"<p>Hier Klicken Zugang f\u00fcr alle Sch\u00fclerinnen und Sch\u00fcler mit ihren Zugangsdaten.<\/p>","protected":false},"author":2,"featured_media":0,"parent":0,"menu_order":0,"comment_status":"closed","ping_status":"closed","template":"","meta":{"footnotes":""},"class_list":["post-1408","page","type-page","status-publish","hentry"],"_links":{"self":[{"href":"https:\/\/hundertwasser-schule.de\/hr\/wp-json\/wp\/v2\/pages\/1408","targetHints":{"allow":["GET"]}}],"collection":[{"href":"https:\/\/hundertwasser-schule.de\/hr\/wp-json\/wp\/v2\/pages"}],"about":[{"href":"https:\/\/hundertwasser-schule.de\/hr\/wp-json\/wp\/v2\/types\/page"}],"author":[{"embeddable":true,"href":"https:\/\/hundertwasser-schule.de\/hr\/wp-json\/wp\/v2\/users\/2"}],"replies":[{"embeddable":true,"href":"https:\/\/hundertwasser-schule.de\/hr\/wp-json\/wp\/v2\/comments?post=1408"}],"version-history":[{"count":5,"href":"https:\/\/hundertwasser-schule.de\/hr\/wp-json\/wp\/v2\/pages\/1408\/revisions"}],"predecessor-version":[{"id":1724,"href":"https:\/\/hundertwasser-schule.de\/hr\/wp-json\/wp\/v2\/pages\/1408\/revisions\/1724"}],"wp:attachment":[{"href":"https:\/\/hundertwasser-schule.de\/hr\/wp-json\/wp\/v2\/media?parent=1408"}],"curies":[{"name":"wp","href":"https:\/\/api.w.org\/{rel}","templated":true}]}}