{"id":15,"date":"2020-03-31T10:53:06","date_gmt":"2020-03-31T10:53:06","guid":{"rendered":"https:\/\/neu.hundertwasser-schule.de\/?page_id=15"},"modified":"2025-10-06T13:53:34","modified_gmt":"2025-10-06T11:53:34","slug":"hundertwasser-schule-2021","status":"publish","type":"page","link":"https:\/\/hundertwasser-schule.de\/hr\/hundertwasser-schule-2021\/","title":{"rendered":"Hundertwasser-Schule 2025\/2026"},"content":{"rendered":"<div data-elementor-type=\"wp-page\" data-elementor-id=\"15\" class=\"elementor elementor-15\" data-elementor-post-type=\"page\">\n\t\t\t\t\t\t<section class=\"elementor-section elementor-top-section elementor-element elementor-element-18be1da0 elementor-section-stretched elementor-section-full_width elementor-section-height-default elementor-section-height-default\" data-id=\"18be1da0\" data-element_type=\"section\" data-e-type=\"section\" data-settings=\"{&quot;stretch_section&quot;:&quot;section-stretched&quot;}\">\n\t\t\t\t\t\t<div class=\"elementor-container elementor-column-gap-no\">\n\t\t\t\t\t<div class=\"elementor-column elementor-col-100 elementor-top-column elementor-element elementor-element-52f72e34\" data-id=\"52f72e34\" data-element_type=\"column\" data-e-type=\"column\">\n\t\t\t<div class=\"elementor-widget-wrap elementor-element-populated\">\n\t\t\t\t\t\t<div class=\"elementor-element elementor-element-43ba5b06 elementor-widget elementor-widget-image\" data-id=\"43ba5b06\" data-element_type=\"widget\" data-e-type=\"widget\" data-widget_type=\"image.default\">\n\t\t\t\t<div class=\"elementor-widget-container\">\n\t\t\t\t\t\t\t\t\t\t\t\t\t\t\t<img fetchpriority=\"high\" decoding=\"async\" width=\"1920\" height=\"230\" src=\"https:\/\/hundertwasser-schule.de\/wp-content\/uploads\/2020\/03\/bild1.jpg\" class=\"attachment-full size-full wp-image-108\" alt=\"\" srcset=\"https:\/\/hundertwasser-schule.de\/wp-content\/uploads\/2020\/03\/bild1.jpg 1920w, https:\/\/hundertwasser-schule.de\/wp-content\/uploads\/2020\/03\/bild1-300x36.jpg 300w, https:\/\/hundertwasser-schule.de\/wp-content\/uploads\/2020\/03\/bild1-1024x123.jpg 1024w, https:\/\/hundertwasser-schule.de\/wp-content\/uploads\/2020\/03\/bild1-768x92.jpg 768w, https:\/\/hundertwasser-schule.de\/wp-content\/uploads\/2020\/03\/bild1-1536x184.jpg 1536w, https:\/\/hundertwasser-schule.de\/wp-content\/uploads\/2020\/03\/bild1-20x2.jpg 20w\" sizes=\"(max-width: 1920px) 100vw, 1920px\" \/>\t\t\t\t\t\t\t\t\t\t\t\t\t\t\t<\/div>\n\t\t\t\t<\/div>\n\t\t\t\t\t<\/div>\n\t\t<\/div>\n\t\t\t\t\t<\/div>\n\t\t<\/section>\n\t\t\t\t<section class=\"elementor-section elementor-top-section elementor-element elementor-element-173d1b16 elementor-section-height-min-height elementor-section-boxed elementor-section-height-default elementor-section-items-middle\" data-id=\"173d1b16\" data-element_type=\"section\" data-e-type=\"section\" data-settings=\"{&quot;background_background&quot;:&quot;classic&quot;}\">\n\t\t\t\t\t\t<div class=\"elementor-container elementor-column-gap-default\">\n\t\t\t\t\t<div class=\"elementor-column elementor-col-100 elementor-top-column elementor-element elementor-element-272ccaa7\" data-id=\"272ccaa7\" data-element_type=\"column\" data-e-type=\"column\">\n\t\t\t<div class=\"elementor-widget-wrap elementor-element-populated\">\n\t\t\t\t\t\t\t<\/div>\n\t\t<\/div>\n\t\t\t\t\t<\/div>\n\t\t<\/section>\n\t\t\t\t<section class=\"elementor-section elementor-top-section elementor-element elementor-element-3c0865d elementor-section-boxed elementor-section-height-default elementor-section-height-default\" data-id=\"3c0865d\" data-element_type=\"section\" data-e-type=\"section\">\n\t\t\t\t\t\t<div class=\"elementor-container elementor-column-gap-default\">\n\t\t\t\t\t<div class=\"elementor-column elementor-col-100 elementor-top-column elementor-element elementor-element-2a221d9\" data-id=\"2a221d9\" data-element_type=\"column\" data-e-type=\"column\">\n\t\t\t<div class=\"elementor-widget-wrap elementor-element-populated\">\n\t\t\t\t\t\t<div class=\"elementor-element elementor-element-a36e00a elementor-widget elementor-widget-spacer\" data-id=\"a36e00a\" data-element_type=\"widget\" data-e-type=\"widget\" data-widget_type=\"spacer.default\">\n\t\t\t\t<div class=\"elementor-widget-container\">\n\t\t\t\t\t\t\t<div class=\"elementor-spacer\">\n\t\t\t<div class=\"elementor-spacer-inner\"><\/div>\n\t\t<\/div>\n\t\t\t\t\t\t<\/div>\n\t\t\t\t<\/div>\n\t\t\t\t\t<\/div>\n\t\t<\/div>\n\t\t\t\t\t<\/div>\n\t\t<\/section>\n\t\t\t\t<section class=\"elementor-section elementor-top-section elementor-element elementor-element-76be1bf elementor-section-boxed elementor-section-height-default elementor-section-height-default\" data-id=\"76be1bf\" data-element_type=\"section\" data-e-type=\"section\">\n\t\t\t\t\t\t<div class=\"elementor-container elementor-column-gap-default\">\n\t\t\t\t\t<div class=\"elementor-column elementor-col-100 elementor-top-column elementor-element elementor-element-b1e669c\" data-id=\"b1e669c\" data-element_type=\"column\" data-e-type=\"column\">\n\t\t\t<div class=\"elementor-widget-wrap elementor-element-populated\">\n\t\t\t\t\t\t<div class=\"elementor-element elementor-element-0b27b53 elementor-widget elementor-widget-text-editor\" data-id=\"0b27b53\" data-element_type=\"widget\" data-e-type=\"widget\" data-widget_type=\"text-editor.default\">\n\t\t\t\t<div class=\"elementor-widget-container\">\n\t\t\t\t\t\t\t\t\t<p>Die Hundertwasser-Schule 2024\/2025 ist eine F\u00f6rderschule, die als Offene Ganztagsschule mit sozialp\u00e4dagogischem Schwerpunkt die F\u00f6rderung von Sch\u00fclerinnen und Sch\u00fclern mit einem sonderp\u00e4dagogischen Unterst\u00fctzungsbedarf im Bereich ihrer emotionalen und sozialen Entwicklung&nbsp;<\/p>\n<p>&nbsp; &nbsp;- kroz intenzivnu, posebnu obrazovnu podr\u0161ku s posebnim ponudama kao i<\/p>\n<p>&nbsp; &nbsp;\u2013 kroz intenzivnu socio-obrazovnu podr\u0161ku obiteljima<\/p>\n<p>in ihrer Schule organisiert und durchf\u00fchrt. Auf diese Weise f\u00f6rdert die Hundertwasser-Schule als F\u00f6rderschule des Kreises G\u00fctersloh mit einem Team bestehend aus Lehrerinnen und Lehrern der Schule sowie Sozialp\u00e4dagoginnen und Sozialp\u00e4dagogen des Offenen Ganztags mit Unterst\u00fctzung des Fachbereichs Familie und Soziales der Stadt G\u00fctersloh zur Zeit etwa 63 Sch\u00fclerinnen und Sch\u00fcler mit einem sonderp\u00e4dagogischen Unterst\u00fctzungsbedarf im Bereich ihrer emotionalen und sozialen Entwicklung. Der Offene Ganztag wird &nbsp;als Sozialp\u00e4dagogische Tagesbetreuung (STB) vom <a href=\"https:\/\/spi-gt.de\/\">SPI G\u00fctersloh e.V.&nbsp;<\/a>provodi kao mjera.<\/p>\t\t\t\t\t\t\t\t<\/div>\n\t\t\t\t<\/div>\n\t\t\t\t\t<\/div>\n\t\t<\/div>\n\t\t\t\t\t<\/div>\n\t\t<\/section>\n\t\t\t\t<section class=\"elementor-section elementor-top-section elementor-element elementor-element-1e5bf0f elementor-section-boxed elementor-section-height-default elementor-section-height-default\" data-id=\"1e5bf0f\" data-element_type=\"section\" data-e-type=\"section\">\n\t\t\t\t\t\t<div class=\"elementor-container elementor-column-gap-default\">\n\t\t\t\t\t<div class=\"elementor-column elementor-col-100 elementor-top-column elementor-element elementor-element-1e61fc6\" data-id=\"1e61fc6\" data-element_type=\"column\" data-e-type=\"column\">\n\t\t\t<div class=\"elementor-widget-wrap elementor-element-populated\">\n\t\t\t\t\t\t<div class=\"elementor-element elementor-element-62a0989 elementor-widget elementor-widget-spacer\" data-id=\"62a0989\" data-element_type=\"widget\" data-e-type=\"widget\" data-widget_type=\"spacer.default\">\n\t\t\t\t<div class=\"elementor-widget-container\">\n\t\t\t\t\t\t\t<div class=\"elementor-spacer\">\n\t\t\t<div class=\"elementor-spacer-inner\"><\/div>\n\t\t<\/div>\n\t\t\t\t\t\t<\/div>\n\t\t\t\t<\/div>\n\t\t\t\t\t<\/div>\n\t\t<\/div>\n\t\t\t\t\t<\/div>\n\t\t<\/section>\n\t\t\t\t<section class=\"elementor-section elementor-top-section elementor-element elementor-element-b33d8bd elementor-section-boxed elementor-section-height-default elementor-section-height-default\" data-id=\"b33d8bd\" data-element_type=\"section\" data-e-type=\"section\">\n\t\t\t\t\t\t<div class=\"elementor-container elementor-column-gap-default\">\n\t\t\t\t\t<div class=\"elementor-column elementor-col-100 elementor-top-column elementor-element elementor-element-aae4c5d\" data-id=\"aae4c5d\" data-element_type=\"column\" data-e-type=\"column\">\n\t\t\t<div class=\"elementor-widget-wrap elementor-element-populated\">\n\t\t\t\t\t\t<div class=\"elementor-element elementor-element-dd73bd1 elementor-view-framed elementor-shape-circle elementor-position-block-start elementor-mobile-position-block-start elementor-widget elementor-widget-icon-box\" data-id=\"dd73bd1\" data-element_type=\"widget\" data-e-type=\"widget\" data-widget_type=\"icon-box.default\">\n\t\t\t\t<div class=\"elementor-widget-container\">\n\t\t\t\t\t\t\t<div class=\"elementor-icon-box-wrapper\">\n\n\t\t\t\t\t\t<div class=\"elementor-icon-box-icon\">\n\t\t\t\t<span  class=\"elementor-icon\">\n\t\t\t\t<i aria-hidden=\"true\" class=\"far fa-handshake\"><\/i>\t\t\t\t<\/span>\n\t\t\t<\/div>\n\t\t\t\n\t\t\t\t\t\t<div class=\"elementor-icon-box-content\">\n\n\t\t\t\t\t\t\t\t\t<h3 class=\"elementor-icon-box-title\">\n\t\t\t\t\t\t<span  >\n\t\t\t\t\t\t\t\u0160kola i skrb za mlade rade ruku pod ruku\t\t\t\t\t\t<\/span>\n\t\t\t\t\t<\/h3>\n\t\t\t\t\n\t\t\t\t\t\t\t\t\t<p class=\"elementor-icon-box-description\">\n\t\t\t\t\t\tTijekom godina razvijalo se sve vi\u0161e preklapaju\u0107ih podru\u010dja zajedni\u010dkog rada u suradnji u\u010ditelja \u0161kole i cjelodnevne socijalne radnice. Suradnja se sada odvija na svim poljima rada u \u0161koli. Svi uklju\u010deni imaju ukupnu odgovornost za sve u\u010denike, njihove obitelji i \u0161kolski sustav Hundertwasser. U\u010ditelji i socijalni radnici rade zajedno tijekom cjelodnevnog rada zada\u0107e. Zajedno vode sve KESS razgovore. Obje profesionalne grupe jednom godi\u0161nje vode sve u\u010denike na tjedne socijalne obuke\/razredne izlete. Projekt gra\u0111evinske prikolice provodi se zajedni\u010dki u sklopu intenzivnih odgojno-obrazovnih mjera za u\u010denike \u010dije posebne obrazovne potrebe potpore prelaze uobi\u010dajenu razinu. Redovite zajedni\u010dke razmjene na razini zaposlenika i menad\u017ementa, kao i dani zajedni\u010dkog koncepta i team buildinga prirodni su dio ove suradnje.\t\t\t\t\t<\/p>\n\t\t\t\t\n\t\t\t<\/div>\n\t\t\t\n\t\t<\/div>\n\t\t\t\t\t\t<\/div>\n\t\t\t\t<\/div>\n\t\t\t\t\t<\/div>\n\t\t<\/div>\n\t\t\t\t\t<\/div>\n\t\t<\/section>\n\t\t\t\t<section class=\"elementor-section elementor-top-section elementor-element elementor-element-b0815f9 elementor-section-boxed elementor-section-height-default elementor-section-height-default\" data-id=\"b0815f9\" data-element_type=\"section\" data-e-type=\"section\">\n\t\t\t\t\t\t<div class=\"elementor-container elementor-column-gap-default\">\n\t\t\t\t\t<div class=\"elementor-column elementor-col-100 elementor-top-column elementor-element elementor-element-583e6af\" data-id=\"583e6af\" data-element_type=\"column\" data-e-type=\"column\">\n\t\t\t<div class=\"elementor-widget-wrap elementor-element-populated\">\n\t\t\t\t\t\t<div class=\"elementor-element elementor-element-e61a7a5 elementor-widget elementor-widget-spacer\" data-id=\"e61a7a5\" data-element_type=\"widget\" data-e-type=\"widget\" data-widget_type=\"spacer.default\">\n\t\t\t\t<div class=\"elementor-widget-container\">\n\t\t\t\t\t\t\t<div class=\"elementor-spacer\">\n\t\t\t<div class=\"elementor-spacer-inner\"><\/div>\n\t\t<\/div>\n\t\t\t\t\t\t<\/div>\n\t\t\t\t<\/div>\n\t\t\t\t\t<\/div>\n\t\t<\/div>\n\t\t\t\t\t<\/div>\n\t\t<\/section>\n\t\t\t\t<section class=\"elementor-section elementor-top-section elementor-element elementor-element-70249a5 elementor-section-boxed elementor-section-height-default elementor-section-height-default\" data-id=\"70249a5\" data-element_type=\"section\" data-e-type=\"section\">\n\t\t\t\t\t\t<div class=\"elementor-container elementor-column-gap-default\">\n\t\t\t\t\t<div class=\"elementor-column elementor-col-100 elementor-top-column elementor-element elementor-element-8b24ca3\" data-id=\"8b24ca3\" data-element_type=\"column\" data-e-type=\"column\">\n\t\t\t<div class=\"elementor-widget-wrap elementor-element-populated\">\n\t\t\t\t\t\t<div class=\"elementor-element elementor-element-6ddd73c elementor-view-framed elementor-shape-circle elementor-position-block-start elementor-mobile-position-block-start elementor-widget elementor-widget-icon-box\" data-id=\"6ddd73c\" data-element_type=\"widget\" data-e-type=\"widget\" data-widget_type=\"icon-box.default\">\n\t\t\t\t<div class=\"elementor-widget-container\">\n\t\t\t\t\t\t\t<div class=\"elementor-icon-box-wrapper\">\n\n\t\t\t\t\t\t<div class=\"elementor-icon-box-icon\">\n\t\t\t\t<span  class=\"elementor-icon\">\n\t\t\t\t<i aria-hidden=\"true\" class=\"far fa-comment-dots\"><\/i>\t\t\t\t<\/span>\n\t\t\t<\/div>\n\t\t\t\n\t\t\t\t\t\t<div class=\"elementor-icon-box-content\">\n\n\t\t\t\t\t\t\t\t\t<h3 class=\"elementor-icon-box-title\">\n\t\t\t\t\t\t<span  >\n\t\t\t\t\t\t\tOrijentacija na rje\u0161enja i resurse kao temelj zajedni\u010dkog djelovanja\t\t\t\t\t\t<\/span>\n\t\t\t\t\t<\/h3>\n\t\t\t\t\n\t\t\t\t\t\t\t\t\t<p class=\"elementor-icon-box-description\">\n\t\t\t\t\t\tOsnova zajedni\u010dkog djelovanja \u0161kole i socijalno-pedago\u0161kog dnevnog boravka (STB) je koncept komunikacije usmjerene na rje\u0161enja i resurse. Svi u\u010ditelji u \u0161koli i svi socijalni radnici u SPI-u stekli su osnovnu kvalifikaciju za komunikaciju usmjerenu na rje\u0161enja i resurse. Svi novi zaposlenici iz dvaju podru\u010dja u \u0161kolskoj godini dobivaju 2 x 1-dnevni uvod u komunikaciju usmjerenu na rje\u0161enja i resurse, koja je dopunjena prakti\u010dnim dijelovima koje govore kolege. Time se osigurava da svi zaposlenici \u0161kole i STB-a mogu uvijek i stru\u010dno kvalitetno provoditi individualno razvojno planiranje s u\u010denicima i njihovim obiteljima.\t\t\t\t\t<\/p>\n\t\t\t\t\n\t\t\t<\/div>\n\t\t\t\n\t\t<\/div>\n\t\t\t\t\t\t<\/div>\n\t\t\t\t<\/div>\n\t\t\t\t\t<\/div>\n\t\t<\/div>\n\t\t\t\t\t<\/div>\n\t\t<\/section>\n\t\t\t\t<section class=\"elementor-section elementor-top-section elementor-element elementor-element-b62f819 elementor-section-boxed elementor-section-height-default elementor-section-height-default\" data-id=\"b62f819\" data-element_type=\"section\" data-e-type=\"section\">\n\t\t\t\t\t\t<div class=\"elementor-container elementor-column-gap-default\">\n\t\t\t\t\t<div class=\"elementor-column elementor-col-100 elementor-top-column elementor-element elementor-element-dfa1139\" data-id=\"dfa1139\" data-element_type=\"column\" data-e-type=\"column\">\n\t\t\t<div class=\"elementor-widget-wrap elementor-element-populated\">\n\t\t\t\t\t\t<div class=\"elementor-element elementor-element-6950de2 elementor-widget elementor-widget-spacer\" data-id=\"6950de2\" data-element_type=\"widget\" data-e-type=\"widget\" data-widget_type=\"spacer.default\">\n\t\t\t\t<div class=\"elementor-widget-container\">\n\t\t\t\t\t\t\t<div class=\"elementor-spacer\">\n\t\t\t<div class=\"elementor-spacer-inner\"><\/div>\n\t\t<\/div>\n\t\t\t\t\t\t<\/div>\n\t\t\t\t<\/div>\n\t\t\t\t\t<\/div>\n\t\t<\/div>\n\t\t\t\t\t<\/div>\n\t\t<\/section>\n\t\t\t\t<\/div>","protected":false},"excerpt":{"rendered":"<p>Die Hundertwasser-Schule 2024\/2025 ist eine F\u00f6rderschule, die als Offene Ganztagsschule mit sozialp\u00e4dagogischem Schwerpunkt die F\u00f6rderung von Sch\u00fclerinnen und Sch\u00fclern mit einem sonderp\u00e4dagogischen Unterst\u00fctzungsbedarf im Bereich ihrer emotionalen und sozialen Entwicklung&nbsp; &nbsp; &nbsp;\u2013 durch eine intensive, sonderp\u00e4dagogische Unterst\u00fctzung mit besonderen Angeboten sowie &nbsp; &nbsp;\u2013 durch eine intensive, sozialp\u00e4dagogische Begleitung der Familien in ihrer Schule organisiert und [&hellip;]<\/p>\n","protected":false},"author":1,"featured_media":0,"parent":0,"menu_order":0,"comment_status":"closed","ping_status":"closed","template":"elementor_header_footer","meta":{"footnotes":""},"class_list":["post-15","page","type-page","status-publish","hentry"],"_links":{"self":[{"href":"https:\/\/hundertwasser-schule.de\/hr\/wp-json\/wp\/v2\/pages\/15","targetHints":{"allow":["GET"]}}],"collection":[{"href":"https:\/\/hundertwasser-schule.de\/hr\/wp-json\/wp\/v2\/pages"}],"about":[{"href":"https:\/\/hundertwasser-schule.de\/hr\/wp-json\/wp\/v2\/types\/page"}],"author":[{"embeddable":true,"href":"https:\/\/hundertwasser-schule.de\/hr\/wp-json\/wp\/v2\/users\/1"}],"replies":[{"embeddable":true,"href":"https:\/\/hundertwasser-schule.de\/hr\/wp-json\/wp\/v2\/comments?post=15"}],"version-history":[{"count":6,"href":"https:\/\/hundertwasser-schule.de\/hr\/wp-json\/wp\/v2\/pages\/15\/revisions"}],"predecessor-version":[{"id":6029,"href":"https:\/\/hundertwasser-schule.de\/hr\/wp-json\/wp\/v2\/pages\/15\/revisions\/6029"}],"wp:attachment":[{"href":"https:\/\/hundertwasser-schule.de\/hr\/wp-json\/wp\/v2\/media?parent=15"}],"curies":[{"name":"wp","href":"https:\/\/api.w.org\/{rel}","templated":true}]}}