{"id":15,"date":"2020-03-31T10:53:06","date_gmt":"2020-03-31T10:53:06","guid":{"rendered":"https:\/\/neu.hundertwasser-schule.de\/?page_id=15"},"modified":"2025-10-06T13:53:34","modified_gmt":"2025-10-06T11:53:34","slug":"hundertwasser-schule-2021","status":"publish","type":"page","link":"https:\/\/hundertwasser-schule.de\/hu_hu\/hundertwasser-schule-2021\/","title":{"rendered":"Hundertwasser-Schule 2025\/2026"},"content":{"rendered":"<div data-elementor-type=\"wp-page\" data-elementor-id=\"15\" class=\"elementor elementor-15\" data-elementor-post-type=\"page\">\n\t\t\t\t\t\t<section class=\"elementor-section elementor-top-section elementor-element elementor-element-18be1da0 elementor-section-stretched elementor-section-full_width elementor-section-height-default elementor-section-height-default\" data-id=\"18be1da0\" data-element_type=\"section\" data-e-type=\"section\" data-settings=\"{&quot;stretch_section&quot;:&quot;section-stretched&quot;}\">\n\t\t\t\t\t\t<div class=\"elementor-container elementor-column-gap-no\">\n\t\t\t\t\t<div class=\"elementor-column elementor-col-100 elementor-top-column elementor-element elementor-element-52f72e34\" data-id=\"52f72e34\" data-element_type=\"column\" data-e-type=\"column\">\n\t\t\t<div class=\"elementor-widget-wrap elementor-element-populated\">\n\t\t\t\t\t\t<div class=\"elementor-element elementor-element-43ba5b06 elementor-widget elementor-widget-image\" data-id=\"43ba5b06\" data-element_type=\"widget\" data-e-type=\"widget\" data-widget_type=\"image.default\">\n\t\t\t\t<div class=\"elementor-widget-container\">\n\t\t\t\t\t\t\t\t\t\t\t\t\t\t\t<img fetchpriority=\"high\" decoding=\"async\" width=\"1920\" height=\"230\" src=\"http:\/\/hundertwasser-schule.de\/wp-content\/uploads\/2020\/03\/bild1.jpg\" class=\"attachment-full size-full wp-image-108\" alt=\"\" srcset=\"http:\/\/hundertwasser-schule.de\/wp-content\/uploads\/2020\/03\/bild1.jpg 1920w, http:\/\/hundertwasser-schule.de\/wp-content\/uploads\/2020\/03\/bild1-300x36.jpg 300w, http:\/\/hundertwasser-schule.de\/wp-content\/uploads\/2020\/03\/bild1-1024x123.jpg 1024w, http:\/\/hundertwasser-schule.de\/wp-content\/uploads\/2020\/03\/bild1-768x92.jpg 768w, http:\/\/hundertwasser-schule.de\/wp-content\/uploads\/2020\/03\/bild1-1536x184.jpg 1536w, http:\/\/hundertwasser-schule.de\/wp-content\/uploads\/2020\/03\/bild1-20x2.jpg 20w\" sizes=\"(max-width: 1920px) 100vw, 1920px\" \/>\t\t\t\t\t\t\t\t\t\t\t\t\t\t\t<\/div>\n\t\t\t\t<\/div>\n\t\t\t\t\t<\/div>\n\t\t<\/div>\n\t\t\t\t\t<\/div>\n\t\t<\/section>\n\t\t\t\t<section class=\"elementor-section elementor-top-section elementor-element elementor-element-173d1b16 elementor-section-height-min-height elementor-section-boxed elementor-section-height-default elementor-section-items-middle\" data-id=\"173d1b16\" data-element_type=\"section\" data-e-type=\"section\" data-settings=\"{&quot;background_background&quot;:&quot;classic&quot;}\">\n\t\t\t\t\t\t<div class=\"elementor-container elementor-column-gap-default\">\n\t\t\t\t\t<div class=\"elementor-column elementor-col-100 elementor-top-column elementor-element elementor-element-272ccaa7\" data-id=\"272ccaa7\" data-element_type=\"column\" data-e-type=\"column\">\n\t\t\t<div class=\"elementor-widget-wrap elementor-element-populated\">\n\t\t\t\t\t\t\t<\/div>\n\t\t<\/div>\n\t\t\t\t\t<\/div>\n\t\t<\/section>\n\t\t\t\t<section class=\"elementor-section elementor-top-section elementor-element elementor-element-3c0865d elementor-section-boxed elementor-section-height-default elementor-section-height-default\" data-id=\"3c0865d\" data-element_type=\"section\" data-e-type=\"section\">\n\t\t\t\t\t\t<div class=\"elementor-container elementor-column-gap-default\">\n\t\t\t\t\t<div class=\"elementor-column elementor-col-100 elementor-top-column elementor-element elementor-element-2a221d9\" data-id=\"2a221d9\" data-element_type=\"column\" data-e-type=\"column\">\n\t\t\t<div class=\"elementor-widget-wrap elementor-element-populated\">\n\t\t\t\t\t\t<div class=\"elementor-element elementor-element-a36e00a elementor-widget elementor-widget-spacer\" data-id=\"a36e00a\" data-element_type=\"widget\" data-e-type=\"widget\" data-widget_type=\"spacer.default\">\n\t\t\t\t<div class=\"elementor-widget-container\">\n\t\t\t\t\t\t\t<div class=\"elementor-spacer\">\n\t\t\t<div class=\"elementor-spacer-inner\"><\/div>\n\t\t<\/div>\n\t\t\t\t\t\t<\/div>\n\t\t\t\t<\/div>\n\t\t\t\t\t<\/div>\n\t\t<\/div>\n\t\t\t\t\t<\/div>\n\t\t<\/section>\n\t\t\t\t<section class=\"elementor-section elementor-top-section elementor-element elementor-element-76be1bf elementor-section-boxed elementor-section-height-default elementor-section-height-default\" data-id=\"76be1bf\" data-element_type=\"section\" data-e-type=\"section\">\n\t\t\t\t\t\t<div class=\"elementor-container elementor-column-gap-default\">\n\t\t\t\t\t<div class=\"elementor-column elementor-col-100 elementor-top-column elementor-element elementor-element-b1e669c\" data-id=\"b1e669c\" data-element_type=\"column\" data-e-type=\"column\">\n\t\t\t<div class=\"elementor-widget-wrap elementor-element-populated\">\n\t\t\t\t\t\t<div class=\"elementor-element elementor-element-0b27b53 elementor-widget elementor-widget-text-editor\" data-id=\"0b27b53\" data-element_type=\"widget\" data-e-type=\"widget\" data-widget_type=\"text-editor.default\">\n\t\t\t\t<div class=\"elementor-widget-container\">\n\t\t\t\t\t\t\t\t\t<p>A Hundertwasser-iskola 2024\/2025 egy speci\u00e1lis iskola, amely nyitott, eg\u00e9sz napos, szoci\u00e1lpedag\u00f3giai f\u00f3kusz\u00fa iskolak\u00e9nt a saj\u00e1tos nevel\u00e9si ig\u00e9ny\u0171 tanul\u00f3knak ny\u00fajt t\u00e1mogat\u00e1st \u00e9rzelmi \u00e9s szoci\u00e1lis fejl\u0151d\u00e9s\u00fck ter\u00fclet\u00e9n.&nbsp;<\/p>\n<p>&nbsp; &nbsp;- intenz\u00edv, speci\u00e1lis oktat\u00e1si t\u00e1mogat\u00e1ssal, speci\u00e1lis aj\u00e1nlatokkal, valamint<\/p>\n<p>&nbsp; &nbsp;- a csal\u00e1dok intenz\u00edv, szoci\u00e1lpedag\u00f3giai t\u00e1mogat\u00e1sa r\u00e9v\u00e9n<\/p>\n<p>az iskol\u00e1jukban szervezett \u00e9s v\u00e9grehajtott programokat. \u00cdgy a Hundertwasser-iskola, mint G\u00fctersloh v\u00e1rosr\u00e9sz speci\u00e1lis iskol\u00e1ja, jelenleg mintegy 63 saj\u00e1tos nevel\u00e9si ig\u00e9ny\u0171 tanul\u00f3t t\u00e1mogat \u00e9rzelmi \u00e9s szoci\u00e1lis fejl\u0151d\u00e9s\u00fck ter\u00fclet\u00e9n az iskola tan\u00e1raib\u00f3l \u00e9s a ny\u00edlt eg\u00e9sz napos program szoci\u00e1lis nevel\u0151ib\u0151l \u00e1ll\u00f3 csapat seg\u00edts\u00e9g\u00e9vel, G\u00fctersloh v\u00e1ros Csal\u00e1d\u00fcgyi \u00e9s Szoci\u00e1lis Oszt\u00e1ly\u00e1nak t\u00e1mogat\u00e1s\u00e1val. A nyitott eg\u00e9sz napos programot szoci\u00e1lpedag\u00f3giai napk\u00f6zi otthonk\u00e9nt (STB) m\u0171k\u00f6dteti a <a href=\"https:\/\/spi-gt.de\/\">SPI G\u00fctersloh e.V.&nbsp;<\/a>mint a projekt v\u00e9grehajt\u00f3ja.<\/p>\t\t\t\t\t\t\t\t<\/div>\n\t\t\t\t<\/div>\n\t\t\t\t\t<\/div>\n\t\t<\/div>\n\t\t\t\t\t<\/div>\n\t\t<\/section>\n\t\t\t\t<section class=\"elementor-section elementor-top-section elementor-element elementor-element-1e5bf0f elementor-section-boxed elementor-section-height-default elementor-section-height-default\" data-id=\"1e5bf0f\" data-element_type=\"section\" data-e-type=\"section\">\n\t\t\t\t\t\t<div class=\"elementor-container elementor-column-gap-default\">\n\t\t\t\t\t<div class=\"elementor-column elementor-col-100 elementor-top-column elementor-element elementor-element-1e61fc6\" data-id=\"1e61fc6\" data-element_type=\"column\" data-e-type=\"column\">\n\t\t\t<div class=\"elementor-widget-wrap elementor-element-populated\">\n\t\t\t\t\t\t<div class=\"elementor-element elementor-element-62a0989 elementor-widget elementor-widget-spacer\" data-id=\"62a0989\" data-element_type=\"widget\" data-e-type=\"widget\" data-widget_type=\"spacer.default\">\n\t\t\t\t<div class=\"elementor-widget-container\">\n\t\t\t\t\t\t\t<div class=\"elementor-spacer\">\n\t\t\t<div class=\"elementor-spacer-inner\"><\/div>\n\t\t<\/div>\n\t\t\t\t\t\t<\/div>\n\t\t\t\t<\/div>\n\t\t\t\t\t<\/div>\n\t\t<\/div>\n\t\t\t\t\t<\/div>\n\t\t<\/section>\n\t\t\t\t<section class=\"elementor-section elementor-top-section elementor-element elementor-element-b33d8bd elementor-section-boxed elementor-section-height-default elementor-section-height-default\" data-id=\"b33d8bd\" data-element_type=\"section\" data-e-type=\"section\">\n\t\t\t\t\t\t<div class=\"elementor-container elementor-column-gap-default\">\n\t\t\t\t\t<div class=\"elementor-column elementor-col-100 elementor-top-column elementor-element elementor-element-aae4c5d\" data-id=\"aae4c5d\" data-element_type=\"column\" data-e-type=\"column\">\n\t\t\t<div class=\"elementor-widget-wrap elementor-element-populated\">\n\t\t\t\t\t\t<div class=\"elementor-element elementor-element-dd73bd1 elementor-view-framed elementor-shape-circle elementor-position-block-start elementor-mobile-position-block-start elementor-widget elementor-widget-icon-box\" data-id=\"dd73bd1\" data-element_type=\"widget\" data-e-type=\"widget\" data-widget_type=\"icon-box.default\">\n\t\t\t\t<div class=\"elementor-widget-container\">\n\t\t\t\t\t\t\t<div class=\"elementor-icon-box-wrapper\">\n\n\t\t\t\t\t\t<div class=\"elementor-icon-box-icon\">\n\t\t\t\t<span  class=\"elementor-icon\">\n\t\t\t\t<i aria-hidden=\"true\" class=\"far fa-handshake\"><\/i>\t\t\t\t<\/span>\n\t\t\t<\/div>\n\t\t\t\n\t\t\t\t\t\t<div class=\"elementor-icon-box-content\">\n\n\t\t\t\t\t\t\t\t\t<h3 class=\"elementor-icon-box-title\">\n\t\t\t\t\t\t<span  >\n\t\t\t\t\t\t\tAz iskola \u00e9s az ifj\u00fas\u00e1gv\u00e9delem k\u00e9z a k\u00e9zben\t\t\t\t\t\t<\/span>\n\t\t\t\t\t<\/h3>\n\t\t\t\t\n\t\t\t\t\t\t\t\t\t<p class=\"elementor-icon-box-description\">\n\t\t\t\t\t\tAz \u00e9vek sor\u00e1n az iskola tan\u00e1rai \u00e9s az eg\u00e9sz napos iskola szoci\u00e1lpedag\u00f3gusai k\u00f6z\u00f6tti egy\u00fcttm\u0171k\u00f6d\u00e9sben egyre t\u00f6bb \u00e1tfed\u0151 ter\u00fclet alakult ki a k\u00f6z\u00f6s munka ter\u00e9n. Az egy\u00fcttm\u0171k\u00f6d\u00e9s ma m\u00e1r az iskola minden ter\u00fclet\u00e9n zajlik. Minden \u00e9rintett \u00e1tfog\u00f3 felel\u0151ss\u00e9ggel tartozik minden tanul\u00f3, csal\u00e1djaik \u00e9s a Hundertwasser-iskola rendszere ir\u00e1nt. A tan\u00e1rok \u00e9s a szoci\u00e1lpedag\u00f3gusok egy\u00fctt dolgoznak a nyitott eg\u00e9sz napos iskola h\u00e1zi feladatai sor\u00e1n. Minden KESS-besz\u00e9lget\u00e9st k\u00f6z\u00f6sen folytatnak. Mindk\u00e9t szakmai csoport \u00e9vente egyszer minden tanul\u00f3val egy\u00fctt utazik a szoci\u00e1lis k\u00e9pz\u00e9si hetekre\/oszt\u00e1lykir\u00e1ndul\u00e1sokra. A Bauwagen projektet az intenz\u00edv oktat\u00e1si int\u00e9zked\u00e9sek keret\u00e9ben k\u00f6z\u00f6sen hajtj\u00e1k v\u00e9gre azon tanul\u00f3k sz\u00e1m\u00e1ra, akiknek saj\u00e1tos nevel\u00e9si ig\u00e9nye meghaladja a szok\u00e1sos szintet. Az egy\u00fcttm\u0171k\u00f6d\u00e9s term\u00e9szetes r\u00e9sz\u00e9t k\u00e9pezik a rendszeres k\u00f6z\u00f6s szem\u00e9lyzeti \u00e9s vezet\u0151i szint\u0171 csereprogramok, valamint a k\u00f6z\u00f6s koncepci\u00f3- \u00e9s csapat\u00e9p\u00edt\u0151 napok.\t\t\t\t\t<\/p>\n\t\t\t\t\n\t\t\t<\/div>\n\t\t\t\n\t\t<\/div>\n\t\t\t\t\t\t<\/div>\n\t\t\t\t<\/div>\n\t\t\t\t\t<\/div>\n\t\t<\/div>\n\t\t\t\t\t<\/div>\n\t\t<\/section>\n\t\t\t\t<section class=\"elementor-section elementor-top-section elementor-element elementor-element-b0815f9 elementor-section-boxed elementor-section-height-default elementor-section-height-default\" data-id=\"b0815f9\" data-element_type=\"section\" data-e-type=\"section\">\n\t\t\t\t\t\t<div class=\"elementor-container elementor-column-gap-default\">\n\t\t\t\t\t<div class=\"elementor-column elementor-col-100 elementor-top-column elementor-element elementor-element-583e6af\" data-id=\"583e6af\" data-element_type=\"column\" data-e-type=\"column\">\n\t\t\t<div class=\"elementor-widget-wrap elementor-element-populated\">\n\t\t\t\t\t\t<div class=\"elementor-element elementor-element-e61a7a5 elementor-widget elementor-widget-spacer\" data-id=\"e61a7a5\" data-element_type=\"widget\" data-e-type=\"widget\" data-widget_type=\"spacer.default\">\n\t\t\t\t<div class=\"elementor-widget-container\">\n\t\t\t\t\t\t\t<div class=\"elementor-spacer\">\n\t\t\t<div class=\"elementor-spacer-inner\"><\/div>\n\t\t<\/div>\n\t\t\t\t\t\t<\/div>\n\t\t\t\t<\/div>\n\t\t\t\t\t<\/div>\n\t\t<\/div>\n\t\t\t\t\t<\/div>\n\t\t<\/section>\n\t\t\t\t<section class=\"elementor-section elementor-top-section elementor-element elementor-element-70249a5 elementor-section-boxed elementor-section-height-default elementor-section-height-default\" data-id=\"70249a5\" data-element_type=\"section\" data-e-type=\"section\">\n\t\t\t\t\t\t<div class=\"elementor-container elementor-column-gap-default\">\n\t\t\t\t\t<div class=\"elementor-column elementor-col-100 elementor-top-column elementor-element elementor-element-8b24ca3\" data-id=\"8b24ca3\" data-element_type=\"column\" data-e-type=\"column\">\n\t\t\t<div class=\"elementor-widget-wrap elementor-element-populated\">\n\t\t\t\t\t\t<div class=\"elementor-element elementor-element-6ddd73c elementor-view-framed elementor-shape-circle elementor-position-block-start elementor-mobile-position-block-start elementor-widget elementor-widget-icon-box\" data-id=\"6ddd73c\" data-element_type=\"widget\" data-e-type=\"widget\" data-widget_type=\"icon-box.default\">\n\t\t\t\t<div class=\"elementor-widget-container\">\n\t\t\t\t\t\t\t<div class=\"elementor-icon-box-wrapper\">\n\n\t\t\t\t\t\t<div class=\"elementor-icon-box-icon\">\n\t\t\t\t<span  class=\"elementor-icon\">\n\t\t\t\t<i aria-hidden=\"true\" class=\"far fa-comment-dots\"><\/i>\t\t\t\t<\/span>\n\t\t\t<\/div>\n\t\t\t\n\t\t\t\t\t\t<div class=\"elementor-icon-box-content\">\n\n\t\t\t\t\t\t\t\t\t<h3 class=\"elementor-icon-box-title\">\n\t\t\t\t\t\t<span  >\n\t\t\t\t\t\t\tMegold\u00e1s- \u00e9s er\u0151forr\u00e1s-orient\u00e1lts\u00e1g mint a k\u00f6z\u00f6s fell\u00e9p\u00e9s alapja\t\t\t\t\t\t<\/span>\n\t\t\t\t\t<\/h3>\n\t\t\t\t\n\t\t\t\t\t\t\t\t\t<p class=\"elementor-icon-box-description\">\n\t\t\t\t\t\tAz iskola \u00e9s a szoci\u00e1lpedag\u00f3giai napk\u00f6zi (STB) k\u00f6z\u00f6s tev\u00e9kenys\u00e9g\u00e9nek alapja a megold\u00e1s- \u00e9s er\u0151forr\u00e1s-k\u00f6zpont\u00fa kommunik\u00e1ci\u00f3 koncepci\u00f3ja. Az iskola valamennyi tan\u00e1ra \u00e9s az SPI valamennyi szoci\u00e1lpedag\u00f3gusa alapk\u00e9pes\u00edt\u00e9st szerzett a megold\u00e1s- \u00e9s er\u0151forr\u00e1s-orient\u00e1lt kommunik\u00e1ci\u00f3b\u00f3l. Mindk\u00e9t ter\u00fclet minden \u00faj alkalmazottja 2 x 1 napos bevezet\u00e9st kap a megold\u00e1s- \u00e9s er\u0151forr\u00e1s-orient\u00e1lt kommunik\u00e1ci\u00f3ba, amelyet a koll\u00e9g\u00e1k \u00e1ltal reflekt\u00e1lt gyakorlati r\u00e9szek eg\u00e9sz\u00edtenek ki. Ez biztos\u00edtja, hogy az iskola \u00e9s az STB minden munkat\u00e1rsa mindig k\u00e9pes legyen szakmailag megalapozottan elv\u00e9gezni a tanul\u00f3kkal \u00e9s csal\u00e1djaikkal az egy\u00e9ni fejleszt\u00e9si tervez\u00e9st.\t\t\t\t\t<\/p>\n\t\t\t\t\n\t\t\t<\/div>\n\t\t\t\n\t\t<\/div>\n\t\t\t\t\t\t<\/div>\n\t\t\t\t<\/div>\n\t\t\t\t\t<\/div>\n\t\t<\/div>\n\t\t\t\t\t<\/div>\n\t\t<\/section>\n\t\t\t\t<section class=\"elementor-section elementor-top-section elementor-element elementor-element-b62f819 elementor-section-boxed elementor-section-height-default elementor-section-height-default\" data-id=\"b62f819\" data-element_type=\"section\" data-e-type=\"section\">\n\t\t\t\t\t\t<div class=\"elementor-container elementor-column-gap-default\">\n\t\t\t\t\t<div class=\"elementor-column elementor-col-100 elementor-top-column elementor-element elementor-element-dfa1139\" data-id=\"dfa1139\" data-element_type=\"column\" data-e-type=\"column\">\n\t\t\t<div class=\"elementor-widget-wrap elementor-element-populated\">\n\t\t\t\t\t\t<div class=\"elementor-element elementor-element-6950de2 elementor-widget elementor-widget-spacer\" data-id=\"6950de2\" data-element_type=\"widget\" data-e-type=\"widget\" data-widget_type=\"spacer.default\">\n\t\t\t\t<div class=\"elementor-widget-container\">\n\t\t\t\t\t\t\t<div class=\"elementor-spacer\">\n\t\t\t<div class=\"elementor-spacer-inner\"><\/div>\n\t\t<\/div>\n\t\t\t\t\t\t<\/div>\n\t\t\t\t<\/div>\n\t\t\t\t\t<\/div>\n\t\t<\/div>\n\t\t\t\t\t<\/div>\n\t\t<\/section>\n\t\t\t\t<\/div>","protected":false},"excerpt":{"rendered":"<p>Die Hundertwasser-Schule 2024\/2025 ist eine F\u00f6rderschule, die als Offene Ganztagsschule mit sozialp\u00e4dagogischem Schwerpunkt die F\u00f6rderung von Sch\u00fclerinnen und Sch\u00fclern mit einem sonderp\u00e4dagogischen Unterst\u00fctzungsbedarf im Bereich ihrer emotionalen und sozialen Entwicklung&nbsp; &nbsp; &nbsp;\u2013 durch eine intensive, sonderp\u00e4dagogische Unterst\u00fctzung mit besonderen Angeboten sowie &nbsp; &nbsp;\u2013 durch eine intensive, sozialp\u00e4dagogische Begleitung der Familien in ihrer Schule organisiert und [&hellip;]<\/p>\n","protected":false},"author":1,"featured_media":0,"parent":0,"menu_order":0,"comment_status":"closed","ping_status":"closed","template":"elementor_header_footer","meta":{"footnotes":""},"class_list":["post-15","page","type-page","status-publish","hentry"],"_links":{"self":[{"href":"https:\/\/hundertwasser-schule.de\/hu_hu\/wp-json\/wp\/v2\/pages\/15","targetHints":{"allow":["GET"]}}],"collection":[{"href":"https:\/\/hundertwasser-schule.de\/hu_hu\/wp-json\/wp\/v2\/pages"}],"about":[{"href":"https:\/\/hundertwasser-schule.de\/hu_hu\/wp-json\/wp\/v2\/types\/page"}],"author":[{"embeddable":true,"href":"https:\/\/hundertwasser-schule.de\/hu_hu\/wp-json\/wp\/v2\/users\/1"}],"replies":[{"embeddable":true,"href":"https:\/\/hundertwasser-schule.de\/hu_hu\/wp-json\/wp\/v2\/comments?post=15"}],"version-history":[{"count":6,"href":"https:\/\/hundertwasser-schule.de\/hu_hu\/wp-json\/wp\/v2\/pages\/15\/revisions"}],"predecessor-version":[{"id":6029,"href":"https:\/\/hundertwasser-schule.de\/hu_hu\/wp-json\/wp\/v2\/pages\/15\/revisions\/6029"}],"wp:attachment":[{"href":"https:\/\/hundertwasser-schule.de\/hu_hu\/wp-json\/wp\/v2\/media?parent=15"}],"curies":[{"name":"wp","href":"https:\/\/api.w.org\/{rel}","templated":true}]}}