{"id":27,"date":"2020-03-31T10:54:41","date_gmt":"2020-03-31T10:54:41","guid":{"rendered":"https:\/\/neu.hundertwasser-schule.de\/?page_id=27"},"modified":"2020-04-03T07:19:06","modified_gmt":"2020-04-03T07:19:06","slug":"die-grundidee-ein-kooperationsprojekt","status":"publish","type":"page","link":"https:\/\/hundertwasser-schule.de\/hu_hu\/die-grundidee-ein-kooperationsprojekt\/","title":{"rendered":"Az alap\u00f6tlet: Egy egy\u00fcttm\u0171k\u00f6d\u00e9si projekt"},"content":{"rendered":"<div data-elementor-type=\"wp-page\" data-elementor-id=\"27\" class=\"elementor elementor-27\" data-elementor-post-type=\"page\">\n\t\t\t\t\t\t<section class=\"elementor-section elementor-top-section elementor-element elementor-element-3351bf6f elementor-section-stretched elementor-section-full_width elementor-section-height-default elementor-section-height-default\" data-id=\"3351bf6f\" data-element_type=\"section\" data-e-type=\"section\" data-settings=\"{&quot;stretch_section&quot;:&quot;section-stretched&quot;}\">\n\t\t\t\t\t\t<div class=\"elementor-container elementor-column-gap-no\">\n\t\t\t\t\t<div class=\"elementor-column elementor-col-100 elementor-top-column elementor-element elementor-element-13c39d94\" data-id=\"13c39d94\" data-element_type=\"column\" data-e-type=\"column\">\n\t\t\t<div class=\"elementor-widget-wrap elementor-element-populated\">\n\t\t\t\t\t\t<div class=\"elementor-element elementor-element-6b05d387 elementor-widget elementor-widget-image\" data-id=\"6b05d387\" data-element_type=\"widget\" data-e-type=\"widget\" data-widget_type=\"image.default\">\n\t\t\t\t<div class=\"elementor-widget-container\">\n\t\t\t\t\t\t\t\t\t\t\t\t\t\t\t<img fetchpriority=\"high\" decoding=\"async\" width=\"1920\" height=\"230\" src=\"https:\/\/hundertwasser-schule.de\/wp-content\/uploads\/2020\/03\/bild1.jpg\" class=\"attachment-full size-full wp-image-108\" alt=\"\" srcset=\"https:\/\/hundertwasser-schule.de\/wp-content\/uploads\/2020\/03\/bild1.jpg 1920w, https:\/\/hundertwasser-schule.de\/wp-content\/uploads\/2020\/03\/bild1-300x36.jpg 300w, https:\/\/hundertwasser-schule.de\/wp-content\/uploads\/2020\/03\/bild1-1024x123.jpg 1024w, https:\/\/hundertwasser-schule.de\/wp-content\/uploads\/2020\/03\/bild1-768x92.jpg 768w, https:\/\/hundertwasser-schule.de\/wp-content\/uploads\/2020\/03\/bild1-1536x184.jpg 1536w, https:\/\/hundertwasser-schule.de\/wp-content\/uploads\/2020\/03\/bild1-20x2.jpg 20w\" sizes=\"(max-width: 1920px) 100vw, 1920px\" \/>\t\t\t\t\t\t\t\t\t\t\t\t\t\t\t<\/div>\n\t\t\t\t<\/div>\n\t\t\t\t\t<\/div>\n\t\t<\/div>\n\t\t\t\t\t<\/div>\n\t\t<\/section>\n\t\t\t\t<section class=\"elementor-section elementor-top-section elementor-element elementor-element-acef850 elementor-section-height-min-height elementor-section-boxed elementor-section-height-default elementor-section-items-middle\" data-id=\"acef850\" data-element_type=\"section\" data-e-type=\"section\" data-settings=\"{&quot;background_background&quot;:&quot;classic&quot;}\">\n\t\t\t\t\t\t<div class=\"elementor-container elementor-column-gap-default\">\n\t\t\t\t\t<div class=\"elementor-column elementor-col-100 elementor-top-column elementor-element elementor-element-16631656\" data-id=\"16631656\" data-element_type=\"column\" data-e-type=\"column\">\n\t\t\t<div class=\"elementor-widget-wrap elementor-element-populated\">\n\t\t\t\t\t\t\t<\/div>\n\t\t<\/div>\n\t\t\t\t\t<\/div>\n\t\t<\/section>\n\t\t\t\t<section class=\"elementor-section elementor-top-section elementor-element elementor-element-645c7c51 elementor-section-boxed elementor-section-height-default elementor-section-height-default\" data-id=\"645c7c51\" data-element_type=\"section\" data-e-type=\"section\">\n\t\t\t\t\t\t<div class=\"elementor-container elementor-column-gap-default\">\n\t\t\t\t\t<div class=\"elementor-column elementor-col-100 elementor-top-column elementor-element elementor-element-54814620\" data-id=\"54814620\" data-element_type=\"column\" data-e-type=\"column\">\n\t\t\t<div class=\"elementor-widget-wrap elementor-element-populated\">\n\t\t\t\t\t\t<div class=\"elementor-element elementor-element-69bd06a elementor-widget elementor-widget-spacer\" data-id=\"69bd06a\" data-element_type=\"widget\" data-e-type=\"widget\" data-widget_type=\"spacer.default\">\n\t\t\t\t<div class=\"elementor-widget-container\">\n\t\t\t\t\t\t\t<div class=\"elementor-spacer\">\n\t\t\t<div class=\"elementor-spacer-inner\"><\/div>\n\t\t<\/div>\n\t\t\t\t\t\t<\/div>\n\t\t\t\t<\/div>\n\t\t\t\t\t<\/div>\n\t\t<\/div>\n\t\t\t\t\t<\/div>\n\t\t<\/section>\n\t\t\t\t<section class=\"elementor-section elementor-top-section elementor-element elementor-element-2a2652c elementor-section-boxed elementor-section-height-default elementor-section-height-default\" data-id=\"2a2652c\" data-element_type=\"section\" data-e-type=\"section\">\n\t\t\t\t\t\t<div class=\"elementor-container elementor-column-gap-default\">\n\t\t\t\t\t<div class=\"elementor-column elementor-col-100 elementor-top-column elementor-element elementor-element-8cf8d3c\" data-id=\"8cf8d3c\" data-element_type=\"column\" data-e-type=\"column\">\n\t\t\t<div class=\"elementor-widget-wrap elementor-element-populated\">\n\t\t\t\t\t\t<div class=\"elementor-element elementor-element-b8eb0ae elementor-widget elementor-widget-heading\" data-id=\"b8eb0ae\" data-element_type=\"widget\" data-e-type=\"widget\" data-widget_type=\"heading.default\">\n\t\t\t\t<div class=\"elementor-widget-container\">\n\t\t\t\t\t<h2 class=\"elementor-heading-title elementor-size-default\">Az alap\u00f6tlet\nNyitott eg\u00e9sz napos szoci\u00e1lpedag\u00f3giai f\u00f3kusz\u00fa foglalkoz\u00e1s a Hundertwasser iskol\u00e1ban, az iskola \u00e9s az ifj\u00fas\u00e1gseg\u00edt\u0151 szolg\u00e1lat egy\u00fcttm\u0171k\u00f6d\u00e9si projektjek\u00e9nt.<\/h2>\t\t\t\t<\/div>\n\t\t\t\t<\/div>\n\t\t\t\t<div class=\"elementor-element elementor-element-e9aca9b elementor-widget-divider--view-line elementor-widget elementor-widget-divider\" data-id=\"e9aca9b\" data-element_type=\"widget\" data-e-type=\"widget\" data-widget_type=\"divider.default\">\n\t\t\t\t<div class=\"elementor-widget-container\">\n\t\t\t\t\t\t\t<div class=\"elementor-divider\">\n\t\t\t<span class=\"elementor-divider-separator\">\n\t\t\t\t\t\t<\/span>\n\t\t<\/div>\n\t\t\t\t\t\t<\/div>\n\t\t\t\t<\/div>\n\t\t\t\t\t<\/div>\n\t\t<\/div>\n\t\t\t\t\t<\/div>\n\t\t<\/section>\n\t\t\t\t<section class=\"elementor-section elementor-top-section elementor-element elementor-element-e1bd7b6 elementor-section-boxed elementor-section-height-default elementor-section-height-default\" data-id=\"e1bd7b6\" data-element_type=\"section\" data-e-type=\"section\">\n\t\t\t\t\t\t<div class=\"elementor-container elementor-column-gap-default\">\n\t\t\t\t\t<div class=\"elementor-column elementor-col-100 elementor-top-column elementor-element elementor-element-83a255c\" data-id=\"83a255c\" data-element_type=\"column\" data-e-type=\"column\">\n\t\t\t<div class=\"elementor-widget-wrap elementor-element-populated\">\n\t\t\t\t\t\t<div class=\"elementor-element elementor-element-4bd8169 elementor-widget elementor-widget-spacer\" data-id=\"4bd8169\" data-element_type=\"widget\" data-e-type=\"widget\" data-widget_type=\"spacer.default\">\n\t\t\t\t<div class=\"elementor-widget-container\">\n\t\t\t\t\t\t\t<div class=\"elementor-spacer\">\n\t\t\t<div class=\"elementor-spacer-inner\"><\/div>\n\t\t<\/div>\n\t\t\t\t\t\t<\/div>\n\t\t\t\t<\/div>\n\t\t\t\t\t<\/div>\n\t\t<\/div>\n\t\t\t\t\t<\/div>\n\t\t<\/section>\n\t\t\t\t<section class=\"elementor-section elementor-top-section elementor-element elementor-element-2b49f63 elementor-section-boxed elementor-section-height-default elementor-section-height-default\" data-id=\"2b49f63\" data-element_type=\"section\" data-e-type=\"section\">\n\t\t\t\t\t\t<div class=\"elementor-container elementor-column-gap-default\">\n\t\t\t\t\t<div class=\"elementor-column elementor-col-100 elementor-top-column elementor-element elementor-element-a6256d6\" data-id=\"a6256d6\" data-element_type=\"column\" data-e-type=\"column\">\n\t\t\t<div class=\"elementor-widget-wrap elementor-element-populated\">\n\t\t\t\t\t\t<div class=\"elementor-element elementor-element-8fc8d02 elementor-widget elementor-widget-text-editor\" data-id=\"8fc8d02\" data-element_type=\"widget\" data-e-type=\"widget\" data-widget_type=\"text-editor.default\">\n\t\t\t\t<div class=\"elementor-widget-container\">\n\t\t\t\t\t\t\t\t\t<p>A Hundertwasser-iskola ny\u00edlt eg\u00e9sz napos, szoci\u00e1lpedag\u00f3giai c\u00e9l\u00fa programja az iskola \u00e9s az ifj\u00fas\u00e1gseg\u00edt\u0151 szolg\u00e1lat egy\u00fcttm\u0171k\u00f6d\u00e9si projektje. Az egy\u00fcttm\u0171k\u00f6d\u00e9si projekt partnerei a Hundertwasser-iskola \u00e9s iskolai fenntart\u00f3ja, G\u00fctersloh ker\u00fclete, a ny\u00edlt eg\u00e9sz napos program szolg\u00e1ltat\u00f3ja - az SPI G\u00fctersloh -, valamint G\u00fctersloh v\u00e1ros Csal\u00e1d\u00fcgyi \u00e9s Szoci\u00e1lis Oszt\u00e1lya, mint a Hundertwasser-iskola di\u00e1kjai\u00e9rt felel\u0151s ifj\u00fas\u00e1gv\u00e9delmi szolg\u00e1ltat\u00f3, akik mindannyian G\u00fctersloh v\u00e1ros k\u00f6rzet\u00e9b\u0151l sz\u00e1rmaznak.<\/p><p>Az eredetileg 3 \u00e9ves modellprojektk\u00e9nt tervezett, az iskola \u00e9s az ifj\u00fas\u00e1gv\u00e9delem k\u00f6z\u00f6tti egy\u00fcttm\u0171k\u00f6d\u00e9si projekt imm\u00e1r t\u00f6bb mint 10 \u00e9ve sikeresen m\u0171k\u00f6dik a Hundertwasser-iskola tanul\u00f3i \u00e9s csal\u00e1djaik sz\u00e1m\u00e1ra.\u00a0<\/p>\t\t\t\t\t\t\t\t<\/div>\n\t\t\t\t<\/div>\n\t\t\t\t\t<\/div>\n\t\t<\/div>\n\t\t\t\t\t<\/div>\n\t\t<\/section>\n\t\t\t\t<section class=\"elementor-section elementor-top-section elementor-element elementor-element-2220b41 elementor-section-boxed elementor-section-height-default elementor-section-height-default\" data-id=\"2220b41\" data-element_type=\"section\" data-e-type=\"section\">\n\t\t\t\t\t\t<div class=\"elementor-container elementor-column-gap-default\">\n\t\t\t\t\t<div class=\"elementor-column elementor-col-100 elementor-top-column elementor-element elementor-element-7879ae2\" data-id=\"7879ae2\" data-element_type=\"column\" data-e-type=\"column\">\n\t\t\t<div class=\"elementor-widget-wrap elementor-element-populated\">\n\t\t\t\t\t\t<div class=\"elementor-element elementor-element-cbc0aff elementor-widget elementor-widget-spacer\" data-id=\"cbc0aff\" data-element_type=\"widget\" data-e-type=\"widget\" data-widget_type=\"spacer.default\">\n\t\t\t\t<div class=\"elementor-widget-container\">\n\t\t\t\t\t\t\t<div class=\"elementor-spacer\">\n\t\t\t<div class=\"elementor-spacer-inner\"><\/div>\n\t\t<\/div>\n\t\t\t\t\t\t<\/div>\n\t\t\t\t<\/div>\n\t\t\t\t\t<\/div>\n\t\t<\/div>\n\t\t\t\t\t<\/div>\n\t\t<\/section>\n\t\t\t\t<section class=\"elementor-section elementor-top-section elementor-element elementor-element-60d381e elementor-section-boxed elementor-section-height-default elementor-section-height-default\" data-id=\"60d381e\" data-element_type=\"section\" data-e-type=\"section\">\n\t\t\t\t\t\t<div class=\"elementor-container elementor-column-gap-default\">\n\t\t\t\t\t<div class=\"elementor-column elementor-col-100 elementor-top-column elementor-element elementor-element-5d25df8\" data-id=\"5d25df8\" data-element_type=\"column\" data-e-type=\"column\">\n\t\t\t<div class=\"elementor-widget-wrap elementor-element-populated\">\n\t\t\t\t\t\t<div class=\"elementor-element elementor-element-182ebc6 elementor-widget elementor-widget-accordion\" data-id=\"182ebc6\" data-element_type=\"widget\" data-e-type=\"widget\" data-widget_type=\"accordion.default\">\n\t\t\t\t<div class=\"elementor-widget-container\">\n\t\t\t\t\t\t\t<div class=\"elementor-accordion\">\n\t\t\t\t\t\t\t<div class=\"elementor-accordion-item\">\n\t\t\t\t\t<div id=\"elementor-tab-title-2531\" class=\"elementor-tab-title\" data-tab=\"1\" role=\"button\" aria-controls=\"elementor-tab-content-2531\" aria-expanded=\"false\">\n\t\t\t\t\t\t\t\t\t\t\t\t\t<span class=\"elementor-accordion-icon elementor-accordion-icon-left\" aria-hidden=\"true\">\n\t\t\t\t\t\t\t\t\t\t\t\t\t\t\t<span class=\"elementor-accordion-icon-closed\"><i class=\"fas fa-plus\"><\/i><\/span>\n\t\t\t\t\t\t\t\t<span class=\"elementor-accordion-icon-opened\"><i class=\"fas fa-minus\"><\/i><\/span>\n\t\t\t\t\t\t\t\t\t\t\t\t\t\t<\/span>\n\t\t\t\t\t\t\t\t\t\t\t\t<a class=\"elementor-accordion-title\" tabindex=\"0\">Az al\u00e1bbi megfontol\u00e1sokb\u00f3l kiindulva tervezt\u00fck meg az eg\u00e9sz napos ny\u00edlt napot iskol\u00e1nkban:<\/a>\n\t\t\t\t\t<\/div>\n\t\t\t\t\t<div id=\"elementor-tab-content-2531\" class=\"elementor-tab-content elementor-clearfix\" data-tab=\"1\" role=\"region\" aria-labelledby=\"elementor-tab-title-2531\"><ul><li>A Hundertwasser Iskol\u00e1ban minden tanul\u00f3nak sz\u00fcks\u00e9ge van egy struktur\u00e1lt napi rutinra.<\/li><li>A Hundertwasser-iskola di\u00e1kjainak csal\u00e1djai olyan szakmai t\u00e1mogat\u00e1st ig\u00e9nyelnek, amely messze t\u00falmutat az iskolai tan\u00e1csad\u00e1son.<\/li><li>A Hundertwasser-iskola di\u00e1kjainak nagy sz\u00e1zal\u00e9ka ifj\u00fas\u00e1gi seg\u00e9lyben r\u00e9szes\u00fcl.<\/li><li>A Nyitott eg\u00e9sz nap lehet\u0151s\u00e9get k\u00edn\u00e1l a saj\u00e1tos nevel\u00e9si ig\u00e9ny\u0171 tanul\u00f3k sz\u00e1m\u00e1ra az \u00e9rzelmi \u00e9s szoci\u00e1lis fejl\u0151d\u00e9s\u00fck ter\u00fclet\u00e9n egy multiprofesszion\u00e1lis k\u00f6rnyezet kialak\u00edt\u00e1s\u00e1ra.<\/li><li>Ebben a multiprofesszion\u00e1lis k\u00f6rnyezetben a helysz\u00ednen lehet\u0151s\u00e9g van a kieg\u00e9sz\u00edt\u0151 t\u00e1mogat\u00e1sra szorul\u00f3 gyermekek ell\u00e1t\u00e1s\u00e1ra is.<\/li><li>Ez potenci\u00e1lis megtakar\u00edt\u00e1sokat eredm\u00e9nyezhet az ifj\u00fas\u00e1gv\u00e9delmi szolg\u00e1ltat\u00e1sok ter\u00fclet\u00e9n.<\/li><\/ul><\/div>\n\t\t\t\t<\/div>\n\t\t\t\t\t\t\t<div class=\"elementor-accordion-item\">\n\t\t\t\t\t<div id=\"elementor-tab-title-2532\" class=\"elementor-tab-title\" data-tab=\"2\" role=\"button\" aria-controls=\"elementor-tab-content-2532\" aria-expanded=\"false\">\n\t\t\t\t\t\t\t\t\t\t\t\t\t<span class=\"elementor-accordion-icon elementor-accordion-icon-left\" aria-hidden=\"true\">\n\t\t\t\t\t\t\t\t\t\t\t\t\t\t\t<span class=\"elementor-accordion-icon-closed\"><i class=\"fas fa-plus\"><\/i><\/span>\n\t\t\t\t\t\t\t\t<span class=\"elementor-accordion-icon-opened\"><i class=\"fas fa-minus\"><\/i><\/span>\n\t\t\t\t\t\t\t\t\t\t\t\t\t\t<\/span>\n\t\t\t\t\t\t\t\t\t\t\t\t<a class=\"elementor-accordion-title\" tabindex=\"0\">A Hundertwasser-iskol\u00e1ban, az \u00e9rzelmi \u00e9s szoci\u00e1lis fejl\u0151d\u00e9sre \u00f6sszpontos\u00edt\u00f3 speci\u00e1lis iskol\u00e1ban azonban a ny\u00edlt eg\u00e9sz napos oktat\u00e1s speci\u00e1lis felszerel\u00e9st \u00e9s felt\u00e9teleket ig\u00e9nyel: <\/a>\n\t\t\t\t\t<\/div>\n\t\t\t\t\t<div id=\"elementor-tab-content-2532\" class=\"elementor-tab-content elementor-clearfix\" data-tab=\"2\" role=\"region\" aria-labelledby=\"elementor-tab-title-2532\"><ul><li>szoci\u00e1lpedag\u00f3giai f\u00f3kusz<\/li><li>K\u00fcl\u00f6nleges keretfelt\u00e9telek a t\u00e9rbeli, anyagi \u00e9s szem\u00e9lyi felszerelts\u00e9g tekintet\u00e9ben<\/li><li>Az Ifj\u00fas\u00e1gv\u00e9delmi Szolg\u00e1lat\/a Csal\u00e1d\u00fcgyi \u00e9s Szoci\u00e1lis Miniszt\u00e9rium mint partner<\/li><li>egy speci\u00e1lis kompetenci\u00e1val rendelkez\u0151 int\u00e9zked\u00e9si szolg\u00e1ltat\u00f3: ebben az esetben a g\u00fcterslohi SPI (Szoci\u00e1lpedag\u00f3giai Int\u00e9zet).<\/li><\/ul><\/div>\n\t\t\t\t<\/div>\n\t\t\t\t\t\t\t\t<\/div>\n\t\t\t\t\t\t<\/div>\n\t\t\t\t<\/div>\n\t\t\t\t<div class=\"elementor-element elementor-element-245f3b2 elementor-widget elementor-widget-text-editor\" data-id=\"245f3b2\" data-element_type=\"widget\" data-e-type=\"widget\" data-widget_type=\"text-editor.default\">\n\t\t\t\t<div class=\"elementor-widget-container\">\n\t\t\t\t\t\t\t\t\t<p>Ahhoz, hogy a Hundertwasser-iskola ny\u00edlt eg\u00e9sz napos programj\u00e1t szoci\u00e1lpedag\u00f3giai f\u00f3kusz\u00fa eg\u00e9sz napos programk\u00e9nt lehessen kialak\u00edtani, a k\u00e9t egy\u00fcttm\u0171k\u00f6d\u0151 partnernek - az iskol\u00e1nak \u00e9s az ifj\u00fas\u00e1gv\u00e9delemnek - egyes\u00edtenie kell a saj\u00e1t k\u00e9pess\u00e9geit.<\/p>\t\t\t\t\t\t\t\t<\/div>\n\t\t\t\t<\/div>\n\t\t\t\t\t<\/div>\n\t\t<\/div>\n\t\t\t\t\t<\/div>\n\t\t<\/section>\n\t\t\t\t<section class=\"elementor-section elementor-top-section elementor-element elementor-element-62ceee4 elementor-section-boxed elementor-section-height-default elementor-section-height-default\" data-id=\"62ceee4\" data-element_type=\"section\" data-e-type=\"section\">\n\t\t\t\t\t\t<div class=\"elementor-container elementor-column-gap-default\">\n\t\t\t\t\t<div class=\"elementor-column elementor-col-100 elementor-top-column elementor-element elementor-element-ba4aec9\" data-id=\"ba4aec9\" data-element_type=\"column\" data-e-type=\"column\">\n\t\t\t<div class=\"elementor-widget-wrap elementor-element-populated\">\n\t\t\t\t\t\t<div class=\"elementor-element elementor-element-6afce81 elementor-widget elementor-widget-accordion\" data-id=\"6afce81\" data-element_type=\"widget\" data-e-type=\"widget\" data-widget_type=\"accordion.default\">\n\t\t\t\t<div class=\"elementor-widget-container\">\n\t\t\t\t\t\t\t<div class=\"elementor-accordion\">\n\t\t\t\t\t\t\t<div class=\"elementor-accordion-item\">\n\t\t\t\t\t<div id=\"elementor-tab-title-1121\" class=\"elementor-tab-title\" data-tab=\"1\" role=\"button\" aria-controls=\"elementor-tab-content-1121\" aria-expanded=\"false\">\n\t\t\t\t\t\t\t\t\t\t\t\t\t<span class=\"elementor-accordion-icon elementor-accordion-icon-left\" aria-hidden=\"true\">\n\t\t\t\t\t\t\t\t\t\t\t\t\t\t\t<span class=\"elementor-accordion-icon-closed\"><i class=\"fas fa-plus\"><\/i><\/span>\n\t\t\t\t\t\t\t\t<span class=\"elementor-accordion-icon-opened\"><i class=\"fas fa-minus\"><\/i><\/span>\n\t\t\t\t\t\t\t\t\t\t\t\t\t\t<\/span>\n\t\t\t\t\t\t\t\t\t\t\t\t<a class=\"elementor-accordion-title\" tabindex=\"0\">Az iskolai oszt\u00e1ly - a Kreis G\u00fctersloh iskolai hat\u00f3s\u00e1g oktat\u00e1si oszt\u00e1lya - hozz\u00e1j\u00e1rul:<\/a>\n\t\t\t\t\t<\/div>\n\t\t\t\t\t<div id=\"elementor-tab-content-1121\" class=\"elementor-tab-content elementor-clearfix\" data-tab=\"1\" role=\"region\" aria-labelledby=\"elementor-tab-title-1121\"><ul><li>G\u00fctersloh ker\u00fclet sz\u00f6vets\u00e9gi, \u00e1llami \u00e9s \u00f6nkorm\u00e1nyzati forr\u00e1sb\u00f3l finansz\u00edrozza.<\/li><li>K\u00fcl\u00f6nleges t\u00e9rbeli felt\u00e9telek<\/li><li>\u00a02 partner egy helysz\u00ednen: Hundertwasser Iskola \u00e9s SPI<\/li><\/ul><\/div>\n\t\t\t\t<\/div>\n\t\t\t\t\t\t\t<div class=\"elementor-accordion-item\">\n\t\t\t\t\t<div id=\"elementor-tab-title-1122\" class=\"elementor-tab-title\" data-tab=\"2\" role=\"button\" aria-controls=\"elementor-tab-content-1122\" aria-expanded=\"false\">\n\t\t\t\t\t\t\t\t\t\t\t\t\t<span class=\"elementor-accordion-icon elementor-accordion-icon-left\" aria-hidden=\"true\">\n\t\t\t\t\t\t\t\t\t\t\t\t\t\t\t<span class=\"elementor-accordion-icon-closed\"><i class=\"fas fa-plus\"><\/i><\/span>\n\t\t\t\t\t\t\t\t<span class=\"elementor-accordion-icon-opened\"><i class=\"fas fa-minus\"><\/i><\/span>\n\t\t\t\t\t\t\t\t\t\t\t\t\t\t<\/span>\n\t\t\t\t\t\t\t\t\t\t\t\t<a class=\"elementor-accordion-title\" tabindex=\"0\">G\u00fctersloh v\u00e1ros Csal\u00e1d\u00fcgyi \u00e9s Szoci\u00e1lis Oszt\u00e1lya hozz\u00e1j\u00e1rul:<\/a>\n\t\t\t\t\t<\/div>\n\t\t\t\t\t<div id=\"elementor-tab-content-1122\" class=\"elementor-tab-content elementor-clearfix\" data-tab=\"2\" role=\"region\" aria-labelledby=\"elementor-tab-title-1122\"><ul><li>Finansz\u00edroz\u00e1s a j\u00e1r\u00f3beteg-nevel\u00e9si t\u00e1mogat\u00e1s ter\u00fclet\u00e9r\u0151l sz\u00e1rmaz\u00f3 p\u00e9nzeszk\u00f6z\u00f6kb\u0151l.<\/li><li>G\u00fctersloh v\u00e1ros Csal\u00e1d\u00fcgyi \u00e9s Szoci\u00e1lis Oszt\u00e1lya \u00e9s az SPI int\u00e9zked\u00e9sszervez\u0151 k\u00f6z\u00f6tt l\u00e9trej\u00f6tt hat\u00e1svizsg\u00e1lati meg\u00e1llapod\u00e1s.<\/li><li>\u00a0<\/li><\/ul><\/div>\n\t\t\t\t<\/div>\n\t\t\t\t\t\t\t<div class=\"elementor-accordion-item\">\n\t\t\t\t\t<div id=\"elementor-tab-title-1123\" class=\"elementor-tab-title\" data-tab=\"3\" role=\"button\" aria-controls=\"elementor-tab-content-1123\" aria-expanded=\"false\">\n\t\t\t\t\t\t\t\t\t\t\t\t\t<span class=\"elementor-accordion-icon elementor-accordion-icon-left\" aria-hidden=\"true\">\n\t\t\t\t\t\t\t\t\t\t\t\t\t\t\t<span class=\"elementor-accordion-icon-closed\"><i class=\"fas fa-plus\"><\/i><\/span>\n\t\t\t\t\t\t\t\t<span class=\"elementor-accordion-icon-opened\"><i class=\"fas fa-minus\"><\/i><\/span>\n\t\t\t\t\t\t\t\t\t\t\t\t\t\t<\/span>\n\t\t\t\t\t\t\t\t\t\t\t\t<a class=\"elementor-accordion-title\" tabindex=\"0\">A Hundertwasser-iskola \u00e9s az SPI k\u00f6z\u00f6sen szervezi meg a ny\u00edlt eg\u00e9sz napos, szoci\u00e1lpedag\u00f3giai f\u00f3kusz\u00fa rendezv\u00e9nyt.<\/a>\n\t\t\t\t\t<\/div>\n\t\t\t\t\t<div id=\"elementor-tab-content-1123\" class=\"elementor-tab-content elementor-clearfix\" data-tab=\"3\" role=\"region\" aria-labelledby=\"elementor-tab-title-1123\"><ul><li>Az \u00e1tfog\u00f3 pedag\u00f3giai koncepci\u00f3ban a tan\u00f3r\u00e1k, a speci\u00e1lis t\u00e1mogat\u00e1si aj\u00e1nlatok, a k\u00f6z\u00f6s eb\u00e9d, a kultur\u00e1lis \u00e9s szabadid\u0151s tev\u00e9kenys\u00e9gek, a h\u00e1zi feladatok fel\u00fcgyelete \u00e9s a sz\u00fcl\u0151kkel val\u00f3 egy\u00fcttm\u0171k\u00f6d\u00e9s \u00f6sszehangoltan \u00e9s egym\u00e1st kieg\u00e9sz\u00edtve val\u00f3sul meg.<\/li><li>A szoci\u00e1lpedag\u00f3giai f\u00f3kusz tov\u00e1bbi tanul\u00e1si t\u00e1mogat\u00e1ssal, szoci\u00e1lpedag\u00f3giailag k\u00eds\u00e9rt szabadid\u0151s tev\u00e9kenys\u00e9gekkel, gy\u00f3gypedag\u00f3giai nevel\u00e9ssel \u00e9s a sz\u00fcl\u0151kkel val\u00f3 k\u00f6z\u00f6s, intenz\u00edv munk\u00e1val lehet\u0151v\u00e9 teszi, hogy az \u00e9rzelmi \u00e9s szoci\u00e1lis fejl\u0151d\u00e9s\u00fck ter\u00fclet\u00e9n saj\u00e1tos t\u00e1mogat\u00e1si ig\u00e9ny\u0171 tanul\u00f3k r\u00e9szt vehessenek a nyitott eg\u00e9sz napos iskol\u00e1ban.\u00a0<\/li><li>Ezen t\u00falmen\u0151en a Hundertwasser-iskola tanul\u00f3i a csal\u00e1djukkal \u00f6sszef\u00fcgg\u00e9sben minden olyan j\u00e1r\u00f3beteg-nevel\u00e9si t\u00e1mogat\u00e1st megkapnak, amelyet egy\u00e9bk\u00e9nt G\u00fctersloh v\u00e1ros Csal\u00e1d\u00fcgyi \u00e9s Szoci\u00e1lis Oszt\u00e1ly\u00e1n ig\u00e9nyeln\u00e9nek, a Nyitott eg\u00e9sz napos int\u00e9zm\u00e9ny\u00fcnk - az SPI G\u00fctersloh - int\u00e9zked\u00e9si szolg\u00e1ltat\u00f3j\u00e1n kereszt\u00fcl.<\/li><\/ul><\/div>\n\t\t\t\t<\/div>\n\t\t\t\t\t\t\t\t<\/div>\n\t\t\t\t\t\t<\/div>\n\t\t\t\t<\/div>\n\t\t\t\t\t<\/div>\n\t\t<\/div>\n\t\t\t\t\t<\/div>\n\t\t<\/section>\n\t\t\t\t<section class=\"elementor-section elementor-top-section elementor-element elementor-element-ba03255 elementor-section-boxed elementor-section-height-default elementor-section-height-default\" data-id=\"ba03255\" data-element_type=\"section\" data-e-type=\"section\">\n\t\t\t\t\t\t<div class=\"elementor-container elementor-column-gap-default\">\n\t\t\t\t\t<div class=\"elementor-column elementor-col-100 elementor-top-column elementor-element elementor-element-1a027a0\" data-id=\"1a027a0\" data-element_type=\"column\" data-e-type=\"column\">\n\t\t\t<div class=\"elementor-widget-wrap elementor-element-populated\">\n\t\t\t\t\t\t<div class=\"elementor-element elementor-element-a63f563 elementor-widget elementor-widget-spacer\" data-id=\"a63f563\" data-element_type=\"widget\" data-e-type=\"widget\" data-widget_type=\"spacer.default\">\n\t\t\t\t<div class=\"elementor-widget-container\">\n\t\t\t\t\t\t\t<div class=\"elementor-spacer\">\n\t\t\t<div class=\"elementor-spacer-inner\"><\/div>\n\t\t<\/div>\n\t\t\t\t\t\t<\/div>\n\t\t\t\t<\/div>\n\t\t\t\t\t<\/div>\n\t\t<\/div>\n\t\t\t\t\t<\/div>\n\t\t<\/section>\n\t\t\t\t<\/div>","protected":false},"excerpt":{"rendered":"<p>Die Grundidee Offener Ganztag mit sozialp\u00e4dagogischem Schwerpunkt an der Hundertwasser-Schule als Kooperationsprojekt von Schule und Jugendhilfe Der\u00a0Offene Ganztag mit sozialp\u00e4dagogischem Schwerpunkt\u00a0an der Hundertwasser-Schule ist ein\u00a0Kooperationsprojekt zwischen Schule und Jugendhilfe. Partner in diesem Kooperationsprojekt sind die\u00a0Hundertwasser-Schule mit ihrem\u00a0Schultr\u00e4ger Kreis G\u00fctersloh, der Ma\u00dfnahmetr\u00e4ger des Offenen Ganztages \u2013 das\u00a0SPI G\u00fctersloh\u00a0\u2013 sowie der\u00a0Fachbereich Familie und Soziales der Stadt G\u00fctersloh\u00a0als [&hellip;]<\/p>\n","protected":false},"author":1,"featured_media":0,"parent":0,"menu_order":0,"comment_status":"closed","ping_status":"closed","template":"elementor_header_footer","meta":{"footnotes":""},"class_list":["post-27","page","type-page","status-publish","hentry"],"_links":{"self":[{"href":"https:\/\/hundertwasser-schule.de\/hu_hu\/wp-json\/wp\/v2\/pages\/27","targetHints":{"allow":["GET"]}}],"collection":[{"href":"https:\/\/hundertwasser-schule.de\/hu_hu\/wp-json\/wp\/v2\/pages"}],"about":[{"href":"https:\/\/hundertwasser-schule.de\/hu_hu\/wp-json\/wp\/v2\/types\/page"}],"author":[{"embeddable":true,"href":"https:\/\/hundertwasser-schule.de\/hu_hu\/wp-json\/wp\/v2\/users\/1"}],"replies":[{"embeddable":true,"href":"https:\/\/hundertwasser-schule.de\/hu_hu\/wp-json\/wp\/v2\/comments?post=27"}],"version-history":[{"count":3,"href":"https:\/\/hundertwasser-schule.de\/hu_hu\/wp-json\/wp\/v2\/pages\/27\/revisions"}],"predecessor-version":[{"id":185,"href":"https:\/\/hundertwasser-schule.de\/hu_hu\/wp-json\/wp\/v2\/pages\/27\/revisions\/185"}],"wp:attachment":[{"href":"https:\/\/hundertwasser-schule.de\/hu_hu\/wp-json\/wp\/v2\/media?parent=27"}],"curies":[{"name":"wp","href":"https:\/\/api.w.org\/{rel}","templated":true}]}}