{"id":37,"date":"2020-03-31T10:56:02","date_gmt":"2020-03-31T10:56:02","guid":{"rendered":"https:\/\/neu.hundertwasser-schule.de\/?page_id=37"},"modified":"2020-11-24T13:42:37","modified_gmt":"2020-11-24T12:42:37","slug":"auf-einen-blick","status":"publish","type":"page","link":"https:\/\/hundertwasser-schule.de\/hu_hu\/auf-einen-blick\/","title":{"rendered":"R\u00e1n\u00e9z\u00e9sre"},"content":{"rendered":"<div data-elementor-type=\"wp-page\" data-elementor-id=\"37\" class=\"elementor elementor-37\" data-elementor-post-type=\"page\">\n\t\t\t\t\t\t<section class=\"elementor-section elementor-top-section elementor-element elementor-element-67358a02 elementor-section-stretched elementor-section-full_width elementor-section-height-default elementor-section-height-default\" data-id=\"67358a02\" data-element_type=\"section\" data-e-type=\"section\" data-settings=\"{&quot;stretch_section&quot;:&quot;section-stretched&quot;}\">\n\t\t\t\t\t\t<div class=\"elementor-container elementor-column-gap-no\">\n\t\t\t\t\t<div class=\"elementor-column elementor-col-100 elementor-top-column elementor-element elementor-element-586636bf\" data-id=\"586636bf\" data-element_type=\"column\" data-e-type=\"column\">\n\t\t\t<div class=\"elementor-widget-wrap elementor-element-populated\">\n\t\t\t\t\t\t<div class=\"elementor-element elementor-element-5ec13e42 elementor-widget elementor-widget-image\" data-id=\"5ec13e42\" data-element_type=\"widget\" data-e-type=\"widget\" data-widget_type=\"image.default\">\n\t\t\t\t<div class=\"elementor-widget-container\">\n\t\t\t\t\t\t\t\t\t\t\t\t\t\t\t<img fetchpriority=\"high\" decoding=\"async\" width=\"1920\" height=\"230\" src=\"https:\/\/hundertwasser-schule.de\/wp-content\/uploads\/2020\/03\/bild1.jpg\" class=\"attachment-full size-full wp-image-108\" alt=\"\" srcset=\"https:\/\/hundertwasser-schule.de\/wp-content\/uploads\/2020\/03\/bild1.jpg 1920w, https:\/\/hundertwasser-schule.de\/wp-content\/uploads\/2020\/03\/bild1-300x36.jpg 300w, https:\/\/hundertwasser-schule.de\/wp-content\/uploads\/2020\/03\/bild1-1024x123.jpg 1024w, https:\/\/hundertwasser-schule.de\/wp-content\/uploads\/2020\/03\/bild1-768x92.jpg 768w, https:\/\/hundertwasser-schule.de\/wp-content\/uploads\/2020\/03\/bild1-1536x184.jpg 1536w, https:\/\/hundertwasser-schule.de\/wp-content\/uploads\/2020\/03\/bild1-20x2.jpg 20w\" sizes=\"(max-width: 1920px) 100vw, 1920px\" \/>\t\t\t\t\t\t\t\t\t\t\t\t\t\t\t<\/div>\n\t\t\t\t<\/div>\n\t\t\t\t\t<\/div>\n\t\t<\/div>\n\t\t\t\t\t<\/div>\n\t\t<\/section>\n\t\t\t\t<section class=\"elementor-section elementor-top-section elementor-element elementor-element-71fa5576 elementor-section-height-min-height elementor-section-boxed elementor-section-height-default elementor-section-items-middle\" data-id=\"71fa5576\" data-element_type=\"section\" data-e-type=\"section\" data-settings=\"{&quot;background_background&quot;:&quot;classic&quot;}\">\n\t\t\t\t\t\t<div class=\"elementor-container elementor-column-gap-default\">\n\t\t\t\t\t<div class=\"elementor-column elementor-col-100 elementor-top-column elementor-element elementor-element-2a0b54c4\" data-id=\"2a0b54c4\" data-element_type=\"column\" data-e-type=\"column\">\n\t\t\t<div class=\"elementor-widget-wrap elementor-element-populated\">\n\t\t\t\t\t\t\t<\/div>\n\t\t<\/div>\n\t\t\t\t\t<\/div>\n\t\t<\/section>\n\t\t\t\t<section class=\"elementor-section elementor-top-section elementor-element elementor-element-4279139d elementor-section-boxed elementor-section-height-default elementor-section-height-default\" data-id=\"4279139d\" data-element_type=\"section\" data-e-type=\"section\">\n\t\t\t\t\t\t<div class=\"elementor-container elementor-column-gap-default\">\n\t\t\t\t\t<div class=\"elementor-column elementor-col-100 elementor-top-column elementor-element elementor-element-51af3ddc\" data-id=\"51af3ddc\" data-element_type=\"column\" data-e-type=\"column\">\n\t\t\t<div class=\"elementor-widget-wrap elementor-element-populated\">\n\t\t\t\t\t\t<div class=\"elementor-element elementor-element-6d210516 elementor-widget elementor-widget-spacer\" data-id=\"6d210516\" data-element_type=\"widget\" data-e-type=\"widget\" data-widget_type=\"spacer.default\">\n\t\t\t\t<div class=\"elementor-widget-container\">\n\t\t\t\t\t\t\t<div class=\"elementor-spacer\">\n\t\t\t<div class=\"elementor-spacer-inner\"><\/div>\n\t\t<\/div>\n\t\t\t\t\t\t<\/div>\n\t\t\t\t<\/div>\n\t\t\t\t\t<\/div>\n\t\t<\/div>\n\t\t\t\t\t<\/div>\n\t\t<\/section>\n\t\t\t\t<section class=\"elementor-section elementor-top-section elementor-element elementor-element-bd49105 elementor-section-boxed elementor-section-height-default elementor-section-height-default\" data-id=\"bd49105\" data-element_type=\"section\" data-e-type=\"section\">\n\t\t\t\t\t\t<div class=\"elementor-container elementor-column-gap-default\">\n\t\t\t\t\t<div class=\"elementor-column elementor-col-100 elementor-top-column elementor-element elementor-element-0a49f76\" data-id=\"0a49f76\" data-element_type=\"column\" data-e-type=\"column\">\n\t\t\t<div class=\"elementor-widget-wrap elementor-element-populated\">\n\t\t\t\t\t\t<div class=\"elementor-element elementor-element-6073bad elementor-widget elementor-widget-text-editor\" data-id=\"6073bad\" data-element_type=\"widget\" data-e-type=\"widget\" data-widget_type=\"text-editor.default\">\n\t\t\t\t<div class=\"elementor-widget-container\">\n\t\t\t\t\t\t\t\t\t<p>A Hundertwasser-iskol\u00e1ban a Nyitott Eg\u00e9szs\u00e9gnap alapgondolata az, hogy az iskola minden gyermeke a lehet\u0151 legjobb t\u00e1mogat\u00e1st kapja \u00e9rzelmi \u00e9s szoci\u00e1lis fejl\u0151d\u00e9s\u00e9nek ter\u00fclet\u00e9n egy multiprofesszion\u00e1lis k\u00f6rnyezetben.<\/p><p>A Hundertwasser Iskola \u00e9s az SPI k\u00f6z\u00f6sen szervezi ezt az eg\u00e9sz napos ny\u00edlt napot. Az \u00e1tfog\u00f3 koncepci\u00f3t a ny\u00edlt eg\u00e9sz napos iskola szoci\u00e1lpedag\u00f3gusai \u00e9s az iskola tan\u00e1rai fejlesztik tov\u00e1bb.<\/p><p>A szoci\u00e1lpedag\u00f3giai napk\u00f6zi a k\u00f6vetkez\u0151 szolg\u00e1ltat\u00e1sokat ny\u00fajtja:\u00a0<\/p><ul><li>Napi struktur\u00e1l\u00f3 int\u00e9zked\u00e9sek<\/li><li>Csal\u00e1di munka\u00a0<\/li><li>Seg\u00edts\u00e9g a nevel\u00e9sben\u00a0<\/li><li>R\u00e9szv\u00e9tel<\/li><li>Gyermekkonzult\u00e1ci\u00f3s \u00f3r\u00e1k<\/li><li>Kamatalap\u00fa finansz\u00edroz\u00e1s (IF)<\/li><li>Marburgi koncentr\u00e1ci\u00f3s k\u00e9pz\u00e9s<\/li><\/ul><p>\u00a0<\/p><p>A Szoci\u00e1lpedag\u00f3giai Napk\u00f6zi Otthonban 54 gyermek \u00e9s csal\u00e1djaik gondoz\u00e1s\u00e1t v\u00e9gzik az STB magas sz\u00ednvonalon. Az 54 gyermeket n\u00e9gy csoportba osztj\u00e1k, amelyek l\u00e9tsz\u00e1ma 12-15 gyermek. A gondoz\u00e1si id\u0151 h\u00e9tf\u0151t\u0151l cs\u00fct\u00f6rt\u00f6kig 12:00-16:00 \u00f3r\u00e1ig, p\u00e9nteken 15:00 \u00f3r\u00e1ig tart. Az iskolai sz\u00fcnetekben \u00e9s \u00e1thidal\u00f3 napokon megb\u00edzhat\u00f3 sz\u00fcnidei fel\u00fcgyeletet biztos\u00edtunk.<\/p><p>A szoci\u00e1lpedag\u00f3giai napk\u00f6zi csapat\u00e1t szoci\u00e1lpedag\u00f3gusok, szoci\u00e1lis munk\u00e1sok, nevel\u00e9stud\u00f3sok, pedag\u00f3gusok \u00e9s di\u00e1kasszisztensek alkotj\u00e1k. A szakemberek emellett megold\u00e1sk\u00f6zpont\u00fa tan\u00e1csad\u00e1s, csal\u00e1dter\u00e1pia, pszichomotorika, \u00e9lm\u00e9nypedag\u00f3gia, \u00e1llatassziszt\u00e1lt nevel\u00e9s \u00e9s koncentr\u00e1ci\u00f3s tr\u00e9ning ter\u00fclet\u00e9n is rendelkeznek kieg\u00e9sz\u00edt\u0151 k\u00e9pz\u00e9sekkel. Ezen alapk\u00f6vetelm\u00e9nyek mellett a rendszeres tov\u00e1bbk\u00e9pz\u00e9s \u00e9s a szuperv\u00edzi\u00f3 fontos elemei a munk\u00e1nak. A \"referenciarendszer\" keret\u00e9ben minden pedag\u00f3gus az egyes gyermekek \u00e9s csal\u00e1djaik kapcsolattart\u00f3ja.<\/p><p>D\u00e9lut\u00e1nonk\u00e9nt egy\u00e9ni t\u00e1mogat\u00f3 foglalkoz\u00e1sokat tartanak a gyerekeknek. Ezeken a gyerekek t\u00f6bb h\u00e9ten kereszt\u00fcl vesznek r\u00e9szt.<\/p>\t\t\t\t\t\t\t\t<\/div>\n\t\t\t\t<\/div>\n\t\t\t\t\t<\/div>\n\t\t<\/div>\n\t\t\t\t\t<\/div>\n\t\t<\/section>\n\t\t\t\t<\/div>","protected":false},"excerpt":{"rendered":"<p>Die Grundidee des Offenen Ganztags an der Hundertwasser-Schule ist es, allen Kindern der Schule in einem multiprofessionellem Setting eine m\u00f6glichst optimale F\u00f6rderung im Bereich ihrer emotionalen und sozialen Entwicklung zu erm\u00f6glichen. Hundertwasser-Schule und SPI gestalten diesen Offenen Ganztag gemeinsam. Das Gesamtkonzept wird von den Sozialp\u00e4dagoginnen und Sozialp\u00e4dagogen des Offenen Ganztags sowie den Lehrerinnen und und [&hellip;]<\/p>\n","protected":false},"author":1,"featured_media":0,"parent":0,"menu_order":0,"comment_status":"closed","ping_status":"closed","template":"elementor_header_footer","meta":{"footnotes":""},"class_list":["post-37","page","type-page","status-publish","hentry"],"_links":{"self":[{"href":"https:\/\/hundertwasser-schule.de\/hu_hu\/wp-json\/wp\/v2\/pages\/37","targetHints":{"allow":["GET"]}}],"collection":[{"href":"https:\/\/hundertwasser-schule.de\/hu_hu\/wp-json\/wp\/v2\/pages"}],"about":[{"href":"https:\/\/hundertwasser-schule.de\/hu_hu\/wp-json\/wp\/v2\/types\/page"}],"author":[{"embeddable":true,"href":"https:\/\/hundertwasser-schule.de\/hu_hu\/wp-json\/wp\/v2\/users\/1"}],"replies":[{"embeddable":true,"href":"https:\/\/hundertwasser-schule.de\/hu_hu\/wp-json\/wp\/v2\/comments?post=37"}],"version-history":[{"count":5,"href":"https:\/\/hundertwasser-schule.de\/hu_hu\/wp-json\/wp\/v2\/pages\/37\/revisions"}],"predecessor-version":[{"id":1575,"href":"https:\/\/hundertwasser-schule.de\/hu_hu\/wp-json\/wp\/v2\/pages\/37\/revisions\/1575"}],"wp:attachment":[{"href":"https:\/\/hundertwasser-schule.de\/hu_hu\/wp-json\/wp\/v2\/media?parent=37"}],"curies":[{"name":"wp","href":"https:\/\/api.w.org\/{rel}","templated":true}]}}