{"id":4664,"date":"2023-11-07T21:28:29","date_gmt":"2023-11-07T20:28:29","guid":{"rendered":"https:\/\/hundertwasser-schule.de\/?page_id=4664"},"modified":"2024-05-16T13:25:07","modified_gmt":"2024-05-16T11:25:07","slug":"lies-mit-projekt","status":"publish","type":"page","link":"https:\/\/hundertwasser-schule.de\/hu_hu\/lies-mit-projekt\/","title":{"rendered":"Olvass tov\u00e1bb! - Projekt"},"content":{"rendered":"<div data-elementor-type=\"wp-page\" data-elementor-id=\"4664\" class=\"elementor elementor-4664\" data-elementor-post-type=\"page\">\n\t\t\t\t\t\t<section class=\"elementor-section elementor-top-section elementor-element elementor-element-8e29a50 elementor-section-boxed elementor-section-height-default elementor-section-height-default\" data-id=\"8e29a50\" data-element_type=\"section\" data-e-type=\"section\">\n\t\t\t\t\t\t<div class=\"elementor-container elementor-column-gap-default\">\n\t\t\t\t\t<div class=\"elementor-column elementor-col-100 elementor-top-column elementor-element elementor-element-1832f55\" data-id=\"1832f55\" data-element_type=\"column\" data-e-type=\"column\">\n\t\t\t<div class=\"elementor-widget-wrap elementor-element-populated\">\n\t\t\t\t\t\t<div class=\"elementor-element elementor-element-deb3dc9 elementor-widget elementor-widget-text-editor\" data-id=\"deb3dc9\" data-element_type=\"widget\" data-e-type=\"widget\" data-widget_type=\"text-editor.default\">\n\t\t\t\t<div class=\"elementor-widget-container\">\n\t\t\t\t\t\t\t\t\t<p><span style=\"color: #0000ff;\"><b>A projektr\u0151l<\/b><\/span><\/p><p>A \"Lies mit\" projekt a g\u00fcterslohi j\u00e1r\u00e1s \u00e1ltal\u00e1nos iskol\u00e1inak tanfel\u00fcgyel\u0151s\u00e9gei, a kompetenciacsoport, a g\u00fcterslohi j\u00e1r\u00e1s oktat\u00e1sir\u00e1ny\u00edt\u00e1si \u00e9s oktat\u00e1si hivatala, az Oktat\u00e1si \u00e9s Es\u00e9lyteremt\u00e9si K\u00f6zpont \u00e9s a Reinhard Mohn Alap\u00edtv\u00e1ny k\u00f6z\u00f6s aj\u00e1nlata.<\/p><p>Nagy \u00f6r\u00f6m\u00fcnkre szolg\u00e1l, hogy a Hundertwasser iskola tantest\u00fclete egyhang\u00falag beleegyezett, hogy a 2023\/24-es tan\u00e9vben r\u00e9szt vesz a \"Lies mit\" projektben a g\u00fcterslohi k\u00f6rzetben, \u00e9s 18 h\u00f3napon bel\u00fcl m\u00e1s \u00e1ltal\u00e1nos iskol\u00e1kkal egy\u00fctt r\u00e9szt vesz a k\u00e9pz\u00e9seken. A projekt alapgondolata az olvas\u00e1s szisztematikus n\u00e9pszer\u0171s\u00edt\u00e9se egy iskolafejleszt\u00e9si projekt r\u00e9szek\u00e9nt, amelyet minden koll\u00e9ga t\u00e1mogat.<\/p><p>A\u00a0<strong>R\u00e9szletes c\u00e9lok<\/strong>\u00a0a k\u00f6vetkez\u0151k:<\/p><ol><li>A negyedik oszt\u00e1ly els\u0151 fel\u00e9ben minden azonos szinten oktatott tanul\u00f3 el\u00e9ri a salzburgi olvas\u00e1ssz\u0171r\u00e9s standard tartom\u00e1ny\u00e1t.<\/li><li>A r\u00e9sztvev\u0151 iskola saj\u00e1tos nevel\u00e9si ig\u00e9ny\u0171 tanul\u00f3inak olvas\u00e1si sebess\u00e9ge javul az\u00e1ltal, hogy \u00e1ltal\u00e1nos iskolai \u00e9veik alatt rendszeresen r\u00e9szt vesznek az olvas\u00e1si tr\u00e9ningen.<\/li><li>A tan\u00e1rok legk\u00e9s\u0151bb a projektben val\u00f3 r\u00e9szv\u00e9tel megkezd\u00e9s\u00e9t k\u00f6vet\u0151 negyedik tan\u00e9vben hajtj\u00e1k v\u00e9gre az olvas\u00e1si tr\u00e9ninget.<\/li><li>A projektet a k\u00f6vetkez\u0151 tan\u00e9vt\u0151l \u00f6t \u00e1ltal\u00e1nos iskol\u00e1ban k\u00eds\u00e9rleti jelleggel fogj\u00e1k bevezetni. Ezek az iskol\u00e1k egy t\u00e1j\u00e9koztat\u00f3 \u00e9s \u00e9rt\u00e9kel\u0151 rendezv\u00e9nyt k\u00f6vet\u0151en jelentkeztek a r\u00e9szv\u00e9telre.<\/li><\/ol><p><strong>Az aj\u00e1nlat szerkezete<\/strong><\/p><p>A r\u00e9sztvev\u0151 \u00e1ltal\u00e1nos iskol\u00e1k tan\u00e1rai 18 h\u00f3nap alatt h\u00e9t modulban vesznek r\u00e9szt.<strong>\u00a0<\/strong>amelyek a k\u00f6vetkez\u0151 t\u00e9mak\u00f6r\u00f6kkel foglalkoznak:<br \/>Olvas\u00e1si foly\u00e9konys\u00e1g, diagn\u00f3zis \u00e9s \u00f6t hangz\u00f3 olvas\u00e1si m\u00f3dszer: K\u00f3rusolvas\u00e1s, kockaolvas\u00e1s, tandemolvas\u00e1s, hangosk\u00f6nyvvel val\u00f3 olvas\u00e1s \u00e9s felolvas\u00f3sz\u00ednh\u00e1z.<\/p><p>Minden modul<strong>\u00a0<\/strong>a k\u00f6vetkez\u0151kb\u0151l \u00e1ll:<\/p><ul><li>film, csere a filmr\u0151l \u00e9s a megval\u00f3s\u00edt\u00e1s megtervez\u00e9se<br \/>az \u00e9v csapat\u00e1ban<\/li><li>A felolvas\u00e1si m\u00f3dszer megval\u00f3s\u00edt\u00e1sa<\/li><li>Iskol\u00e1k k\u00f6z\u00f6tti csere<\/li><li>Tesztelje a Salzburgi Olvas\u00e1ssz\u0171r\u00e9s ingyenes online v\u00e1ltozat\u00e1val<\/li><li>Az eredm\u00e9nyek megvitat\u00e1sa az \u00e9v csapat\u00e1ban.<\/li><\/ul><p>Ha r\u00e9szletesebb inform\u00e1ci\u00f3t szeretne, itt tal\u00e1lja meg\u00a0<strong>a projektr\u0151l sz\u00f3l\u00f3 film:<br \/><\/strong><a href=\"https:\/\/youtu.be\/Q9TwVTWEg60?list=PL5LYbSLXzQs-pIlZO-9nmDxBdt5-eU7Qp\"><strong>https:\/\/youtu.be\/Q9TwVTWEg60?list=PL5LYbSLXzQs-pIlZO-9nmDxBdt5-<\/strong><\/a><a href=\"https:\/\/www.kreis-guetersloh.de\/themen\/bildung\/bildungsmanagement-und-bildungsbuero\/lies-mit\/qr-code.jpg?cid=18mk.5vo1\"><strong>eU7Qp<\/strong><\/a><strong>\u00a0 \u00a0<\/strong><\/p>\t\t\t\t\t\t\t\t<\/div>\n\t\t\t\t<\/div>\n\t\t\t\t<div class=\"elementor-element elementor-element-84b3ccb elementor-widget elementor-widget-text-editor\" data-id=\"84b3ccb\" data-element_type=\"widget\" data-e-type=\"widget\" data-widget_type=\"text-editor.default\">\n\t\t\t\t<div class=\"elementor-widget-container\">\n\t\t\t\t\t\t\t\t\t<p><span style=\"color: #0000ff;\"><strong>\"Olvass egy\u00fctt\" a Hundertwasser iskol\u00e1ban<\/strong><\/span><\/p><p>A 2023\/2024-es tan\u00e9v sz\u00e1mos v\u00e1ltoz\u00e1ssal kezd\u0151dik valamennyi \u00e1ltal\u00e1nos iskola sz\u00e1m\u00e1ra. \u00c9szak-Rajna-Vesztf\u00e1lia tartom\u00e1ny t\u00f6bbek k\u00f6z\u00f6tt arra \u00f6szt\u00f6nzi az \u00e1ltal\u00e1nos iskol\u00e1kat, hogy helyezz\u00e9k el\u0151t\u00e9rbe az olvas\u00e1st, \u00e9s az \u00f3rarendbe \u00e9p\u00edts\u00e9k be a k\u00f6telez\u0151 olvas\u00e1si \u00f3r\u00e1kat. Fontos c\u00e9l az olvas\u00e1s foly\u00e9konys\u00e1g\u00e1nak \u00e9s a sz\u00f6veg\u00e9rt\u00e9si k\u00e9pess\u00e9gnek a n\u00f6vel\u00e9se, valamint az olvas\u00e1s \u00f6r\u00f6m\u00e9nek az elsaj\u00e1t\u00edt\u00e1sa.<\/p><p>Ennek sor\u00e1n a projekt <strong>\"Olvass tov\u00e1bb\"<\/strong>amelyben a Hundertwasser-iskola dolgoz\u00f3i a tan\u00e9v kezdete \u00f3ta lelkesen vesznek r\u00e9szt. A projekt a g\u00fcterslohi ker\u00fclet \u00e1ltal\u00e1nos iskol\u00e1inak tanfel\u00fcgyel\u0151s\u00e9gei, a kompetenciacsoport, az oktat\u00e1si hivatal \u00e9s az oktat\u00e1sir\u00e1ny\u00edt\u00e1s, a Digit\u00e1lis Oktat\u00e1si \u00e9s Iskolai K\u00f6zpont \u00e9s a Reinhard Mohn Alap\u00edtv\u00e1ny k\u00f6z\u00f6s aj\u00e1nlata, \u00e9s k\u00fcl\u00f6nb\u00f6z\u0151 k\u00e9pz\u00e9si modulokat tartalmaz, amelyeket a mindennapi tan\u00edt\u00e1sban hajtanak v\u00e9gre, majd a projekt keret\u00e9ben reflekt\u00e1lnak r\u00e1juk.<\/p><p>N\u00e9h\u00e1ny hete hetente n\u00e9gyszer, meghat\u00e1rozott id\u0151ben a k\u00f6vetkez\u0151 mondat hangzik el az iskola eg\u00e9sz \u00e9p\u00fclet\u00e9ben: \"Kezdj\u00fcnk olvasni. Ujjakat a \"...\" al\u00e1. - 3-2-1 ...\". Ezut\u00e1n k\u00f3rusban egy\u00fctt olvasunk. Ebben a 15-20 perces olvas\u00e1s-\u00f6szt\u00f6nz\u00e9si id\u0151ben a gyerekek k\u00fcl\u00f6nb\u00f6z\u0151 hangos olvas\u00e1si m\u00f3dszereket pr\u00f3b\u00e1lnak ki, mint p\u00e9ld\u00e1ul a k\u00f3rusolvas\u00e1s, az olvas\u00f3kock\u00e1k vagy a hangosk\u00f6nyvek felolvas\u00e1sa. Valamennyi m\u00f3dszer bizony\u00edtottan el\u0151seg\u00edti az olvas\u00e1s foly\u00e9konys\u00e1g\u00e1t, az olvas\u00e1s\u00e9rt\u00e9st \u00e9s az olvas\u00e1si motiv\u00e1ci\u00f3t - vagyis minden oktat\u00e1s alapj\u00e1t. A tanul\u00f3k olvas\u00e1si k\u00e9szs\u00e9geinek fejl\u0151d\u00e9s\u00e9t rendszeres tesztel\u00e9ssel m\u00e9rik a Salzburgi Olvas\u00e1ssz\u0171r\u00e9s online v\u00e1ltozat\u00e1val.<\/p><p>A gyerekek alig v\u00e1rj\u00e1k, hogy \u00faj sz\u00f6vegeket \u00e9s olvasm\u00e1nyokat fedezzenek fel \u00e9s olvassanak, valamint hogy megismerjenek \u00e9s kipr\u00f3b\u00e1ljanak m\u00e1s hangos olvas\u00e1si technik\u00e1kat.<\/p><p>Izgatottan v\u00e1rjuk, mi lesz a k\u00f6vetkez\u0151 l\u00e9p\u00e9s!\u00a0<\/p>\t\t\t\t\t\t\t\t<\/div>\n\t\t\t\t<\/div>\n\t\t\t\t<div class=\"elementor-element elementor-element-80f5d5f elementor-widget elementor-widget-video\" data-id=\"80f5d5f\" data-element_type=\"widget\" data-e-type=\"widget\" data-settings=\"{&quot;video_type&quot;:&quot;hosted&quot;,&quot;controls&quot;:&quot;yes&quot;}\" data-widget_type=\"video.default\">\n\t\t\t\t<div class=\"elementor-widget-container\">\n\t\t\t\t\t\t\t<div class=\"e-hosted-video elementor-wrapper elementor-open-inline\">\n\t\t\t\t\t<video class=\"elementor-video\" src=\"http:\/\/hundertwasser-schule.de\/wp-content\/uploads\/2023\/11\/IMG_2543.mov\" controls=\"\" preload=\"metadata\" controlslist=\"nodownload\"><\/video>\n\t\t\t\t<\/div>\n\t\t\t\t\t\t<\/div>\n\t\t\t\t<\/div>\n\t\t\t\t<div class=\"elementor-element elementor-element-1402dd5 elementor-widget elementor-widget-gallery\" data-id=\"1402dd5\" data-element_type=\"widget\" data-e-type=\"widget\" data-settings=\"{&quot;lazyload&quot;:&quot;yes&quot;,&quot;gallery_layout&quot;:&quot;grid&quot;,&quot;columns&quot;:4,&quot;columns_tablet&quot;:2,&quot;columns_mobile&quot;:1,&quot;gap&quot;:{&quot;unit&quot;:&quot;px&quot;,&quot;size&quot;:10,&quot;sizes&quot;:[]},&quot;gap_tablet&quot;:{&quot;unit&quot;:&quot;px&quot;,&quot;size&quot;:10,&quot;sizes&quot;:[]},&quot;gap_mobile&quot;:{&quot;unit&quot;:&quot;px&quot;,&quot;size&quot;:10,&quot;sizes&quot;:[]},&quot;link_to&quot;:&quot;file&quot;,&quot;aspect_ratio&quot;:&quot;3:2&quot;,&quot;overlay_background&quot;:&quot;yes&quot;,&quot;content_hover_animation&quot;:&quot;fade-in&quot;}\" data-widget_type=\"gallery.default\">\n\t\t\t\t<div class=\"elementor-widget-container\">\n\t\t\t\t\t\t\t<div class=\"elementor-gallery__container\">\n\t\t\t\t\t<\/div>\n\t\t\t\t\t<\/div>\n\t\t\t\t<\/div>\n\t\t\t\t\t<\/div>\n\t\t<\/div>\n\t\t\t\t\t<\/div>\n\t\t<\/section>\n\t\t\t\t<section class=\"elementor-section elementor-top-section elementor-element elementor-element-ec3786e elementor-section-boxed elementor-section-height-default elementor-section-height-default\" data-id=\"ec3786e\" data-element_type=\"section\" data-e-type=\"section\">\n\t\t\t\t\t\t<div class=\"elementor-container elementor-column-gap-default\">\n\t\t\t\t\t<div class=\"elementor-column elementor-col-100 elementor-top-column elementor-element elementor-element-d6b72ee\" data-id=\"d6b72ee\" data-element_type=\"column\" data-e-type=\"column\">\n\t\t\t<div class=\"elementor-widget-wrap\">\n\t\t\t\t\t\t\t<\/div>\n\t\t<\/div>\n\t\t\t\t\t<\/div>\n\t\t<\/section>\n\t\t\t\t<\/div>","protected":false},"excerpt":{"rendered":"<p>\u00dcber das Projekt Das Projekt\u00a0\u201eLies\u00a0mit\u201c ist ein gemeinsames Angebot der Schulaufsichten f\u00fcr die Grundschulen im Kreis G\u00fctersloh, des Kompetenzteams, des Bildungsmanagements und Bildungsb\u00fcro im Kreis G\u00fctersloh, des Zentrums f\u00fcr Bildung und Chancen und der Reinhard Mohn Stiftung. Wir freuen uns, dass sich das Kollegium der Hundertwasser-Schule einstimmig im Schuljahr 2023\/24 auf das Projekt \u201eLies mit\u201c [&hellip;]<\/p>\n","protected":false},"author":4,"featured_media":0,"parent":0,"menu_order":0,"comment_status":"closed","ping_status":"closed","template":"","meta":{"footnotes":""},"class_list":["post-4664","page","type-page","status-publish","hentry"],"_links":{"self":[{"href":"https:\/\/hundertwasser-schule.de\/hu_hu\/wp-json\/wp\/v2\/pages\/4664","targetHints":{"allow":["GET"]}}],"collection":[{"href":"https:\/\/hundertwasser-schule.de\/hu_hu\/wp-json\/wp\/v2\/pages"}],"about":[{"href":"https:\/\/hundertwasser-schule.de\/hu_hu\/wp-json\/wp\/v2\/types\/page"}],"author":[{"embeddable":true,"href":"https:\/\/hundertwasser-schule.de\/hu_hu\/wp-json\/wp\/v2\/users\/4"}],"replies":[{"embeddable":true,"href":"https:\/\/hundertwasser-schule.de\/hu_hu\/wp-json\/wp\/v2\/comments?post=4664"}],"version-history":[{"count":5,"href":"https:\/\/hundertwasser-schule.de\/hu_hu\/wp-json\/wp\/v2\/pages\/4664\/revisions"}],"predecessor-version":[{"id":5238,"href":"https:\/\/hundertwasser-schule.de\/hu_hu\/wp-json\/wp\/v2\/pages\/4664\/revisions\/5238"}],"wp:attachment":[{"href":"https:\/\/hundertwasser-schule.de\/hu_hu\/wp-json\/wp\/v2\/media?parent=4664"}],"curies":[{"name":"wp","href":"https:\/\/api.w.org\/{rel}","templated":true}]}}