{"id":65,"date":"2020-03-31T11:00:09","date_gmt":"2020-03-31T11:00:09","guid":{"rendered":"https:\/\/neu.hundertwasser-schule.de\/?page_id=65"},"modified":"2020-11-20T10:32:10","modified_gmt":"2020-11-20T09:32:10","slug":"konzept","status":"publish","type":"page","link":"https:\/\/hundertwasser-schule.de\/hu_hu\/konzept\/","title":{"rendered":"Koncepci\u00f3"},"content":{"rendered":"<div data-elementor-type=\"wp-page\" data-elementor-id=\"65\" class=\"elementor elementor-65\" data-elementor-post-type=\"page\">\n\t\t\t\t\t\t<section class=\"elementor-section elementor-top-section elementor-element elementor-element-5e953abe elementor-section-stretched elementor-section-full_width elementor-section-height-default elementor-section-height-default\" data-id=\"5e953abe\" data-element_type=\"section\" data-e-type=\"section\" data-settings=\"{&quot;stretch_section&quot;:&quot;section-stretched&quot;}\">\n\t\t\t\t\t\t<div class=\"elementor-container elementor-column-gap-no\">\n\t\t\t\t\t<div class=\"elementor-column elementor-col-100 elementor-top-column elementor-element elementor-element-354871e3\" data-id=\"354871e3\" data-element_type=\"column\" data-e-type=\"column\">\n\t\t\t<div class=\"elementor-widget-wrap elementor-element-populated\">\n\t\t\t\t\t\t<div class=\"elementor-element elementor-element-683df095 elementor-widget elementor-widget-image\" data-id=\"683df095\" data-element_type=\"widget\" data-e-type=\"widget\" data-widget_type=\"image.default\">\n\t\t\t\t<div class=\"elementor-widget-container\">\n\t\t\t\t\t\t\t\t\t\t\t\t\t\t\t<img fetchpriority=\"high\" decoding=\"async\" width=\"1920\" height=\"230\" src=\"https:\/\/hundertwasser-schule.de\/wp-content\/uploads\/2020\/03\/bild1.jpg\" class=\"attachment-full size-full wp-image-108\" alt=\"\" srcset=\"https:\/\/hundertwasser-schule.de\/wp-content\/uploads\/2020\/03\/bild1.jpg 1920w, https:\/\/hundertwasser-schule.de\/wp-content\/uploads\/2020\/03\/bild1-300x36.jpg 300w, https:\/\/hundertwasser-schule.de\/wp-content\/uploads\/2020\/03\/bild1-1024x123.jpg 1024w, https:\/\/hundertwasser-schule.de\/wp-content\/uploads\/2020\/03\/bild1-768x92.jpg 768w, https:\/\/hundertwasser-schule.de\/wp-content\/uploads\/2020\/03\/bild1-1536x184.jpg 1536w, https:\/\/hundertwasser-schule.de\/wp-content\/uploads\/2020\/03\/bild1-20x2.jpg 20w\" sizes=\"(max-width: 1920px) 100vw, 1920px\" \/>\t\t\t\t\t\t\t\t\t\t\t\t\t\t\t<\/div>\n\t\t\t\t<\/div>\n\t\t\t\t\t<\/div>\n\t\t<\/div>\n\t\t\t\t\t<\/div>\n\t\t<\/section>\n\t\t\t\t<section class=\"elementor-section elementor-top-section elementor-element elementor-element-3fa1efff elementor-section-height-min-height elementor-section-boxed elementor-section-height-default elementor-section-items-middle\" data-id=\"3fa1efff\" data-element_type=\"section\" data-e-type=\"section\" data-settings=\"{&quot;background_background&quot;:&quot;classic&quot;}\">\n\t\t\t\t\t\t<div class=\"elementor-container elementor-column-gap-default\">\n\t\t\t\t\t<div class=\"elementor-column elementor-col-100 elementor-top-column elementor-element elementor-element-46bccb04\" data-id=\"46bccb04\" data-element_type=\"column\" data-e-type=\"column\">\n\t\t\t<div class=\"elementor-widget-wrap elementor-element-populated\">\n\t\t\t\t\t\t\t<\/div>\n\t\t<\/div>\n\t\t\t\t\t<\/div>\n\t\t<\/section>\n\t\t\t\t<section class=\"elementor-section elementor-top-section elementor-element elementor-element-21f27b3 elementor-section-full_width elementor-section-height-default elementor-section-height-default\" data-id=\"21f27b3\" data-element_type=\"section\" data-e-type=\"section\">\n\t\t\t\t\t\t<div class=\"elementor-container elementor-column-gap-default\">\n\t\t\t\t\t<div class=\"elementor-column elementor-col-100 elementor-top-column elementor-element elementor-element-24f5105\" data-id=\"24f5105\" data-element_type=\"column\" data-e-type=\"column\">\n\t\t\t<div class=\"elementor-widget-wrap elementor-element-populated\">\n\t\t\t\t\t\t<div class=\"elementor-element elementor-element-c208339 elementor-widget elementor-widget-image\" data-id=\"c208339\" data-element_type=\"widget\" data-e-type=\"widget\" data-widget_type=\"image.default\">\n\t\t\t\t<div class=\"elementor-widget-container\">\n\t\t\t\t\t\t\t\t\t\t\t\t\t\t\t<img decoding=\"async\" width=\"800\" height=\"573\" src=\"https:\/\/hundertwasser-schule.de\/wp-content\/uploads\/2020\/04\/Unbenanntes-Bild-1024x733.png\" class=\"attachment-large size-large wp-image-548\" alt=\"\" srcset=\"https:\/\/hundertwasser-schule.de\/wp-content\/uploads\/2020\/04\/Unbenanntes-Bild-1024x733.png 1024w, https:\/\/hundertwasser-schule.de\/wp-content\/uploads\/2020\/04\/Unbenanntes-Bild-300x215.png 300w, https:\/\/hundertwasser-schule.de\/wp-content\/uploads\/2020\/04\/Unbenanntes-Bild-768x549.png 768w, https:\/\/hundertwasser-schule.de\/wp-content\/uploads\/2020\/04\/Unbenanntes-Bild-20x14.png 20w, https:\/\/hundertwasser-schule.de\/wp-content\/uploads\/2020\/04\/Unbenanntes-Bild.png 1026w\" sizes=\"(max-width: 800px) 100vw, 800px\" \/>\t\t\t\t\t\t\t\t\t\t\t\t\t\t\t<\/div>\n\t\t\t\t<\/div>\n\t\t\t\t\t<\/div>\n\t\t<\/div>\n\t\t\t\t\t<\/div>\n\t\t<\/section>\n\t\t\t\t<section class=\"elementor-section elementor-top-section elementor-element elementor-element-5ce7149 elementor-section-boxed elementor-section-height-default elementor-section-height-default\" data-id=\"5ce7149\" data-element_type=\"section\" data-e-type=\"section\">\n\t\t\t\t\t\t<div class=\"elementor-container elementor-column-gap-default\">\n\t\t\t\t\t<div class=\"elementor-column elementor-col-100 elementor-top-column elementor-element elementor-element-7847b10\" data-id=\"7847b10\" data-element_type=\"column\" data-e-type=\"column\">\n\t\t\t<div class=\"elementor-widget-wrap elementor-element-populated\">\n\t\t\t\t\t\t<div class=\"elementor-element elementor-element-4221133 elementor-widget elementor-widget-text-editor\" data-id=\"4221133\" data-element_type=\"widget\" data-e-type=\"widget\" data-widget_type=\"text-editor.default\">\n\t\t\t\t<div class=\"elementor-widget-container\">\n\t\t\t\t\t\t\t\t\t<p>A Bauwagen egy speci\u00e1lis iskolai tanul\u00e1si t\u00e9r a k\u00fcl\u00f6nleges k\u00f6r\u00fclm\u00e9nyek k\u00f6z\u00f6tt \u00e9l\u0151 tanul\u00f3k sz\u00e1m\u00e1ra.<\/p><p>A Hundertwasser-iskola intenz\u00edv oktat\u00e1si int\u00e9zked\u00e9sei keret\u00e9ben, amelyeket olyan tanul\u00f3knak k\u00edn\u00e1lnak, akiknek a t\u00e1mogat\u00e1si ig\u00e9nye messze meghaladja a szok\u00e1sos szintet, a Bauwagen projekt lehet\u0151s\u00e9get ny\u00fajt arra, hogy 4 tanul\u00f3nak speci\u00e1lis oktat\u00e1si \u00e9s szoci\u00e1lpedag\u00f3giai t\u00e1mogat\u00e1st ny\u00fajtson, nagyon szoros \u00e9s intenz\u00edv k\u00eds\u00e9r\u00e9s keret\u00e9ben, k\u00fcl\u00f6nleges helyeken \u00e9s k\u00fcl\u00f6nleges id\u0151pontokban.<\/p><p>A Bauwagen projektben az iskola \u00e9s az ifj\u00fas\u00e1gv\u00e9delem egy\u00fctt dolgozik. Ezt a Hundertwasser-iskola saj\u00e1tos nevel\u00e9si ig\u00e9ny\u0171 tan\u00e1ra \u00e9s a Nyitnik\u00e9k Szoci\u00e1lpedag\u00f3giai Napk\u00f6zi Otthon (STB) szoci\u00e1lpedag\u00f3gusa v\u00e9gzi.<\/p>\t\t\t\t\t\t\t\t<\/div>\n\t\t\t\t<\/div>\n\t\t\t\t\t<\/div>\n\t\t<\/div>\n\t\t\t\t\t<\/div>\n\t\t<\/section>\n\t\t\t\t<section class=\"elementor-section elementor-top-section elementor-element elementor-element-ace2cf2 elementor-section-boxed elementor-section-height-default elementor-section-height-default\" data-id=\"ace2cf2\" data-element_type=\"section\" data-e-type=\"section\">\n\t\t\t\t\t\t<div class=\"elementor-container elementor-column-gap-default\">\n\t\t\t\t\t<div class=\"elementor-column elementor-col-100 elementor-top-column elementor-element elementor-element-5db1bfb\" data-id=\"5db1bfb\" data-element_type=\"column\" data-e-type=\"column\">\n\t\t\t<div class=\"elementor-widget-wrap elementor-element-populated\">\n\t\t\t\t\t\t<div class=\"elementor-element elementor-element-da3e455 elementor-widget elementor-widget-accordion\" data-id=\"da3e455\" data-element_type=\"widget\" data-e-type=\"widget\" data-widget_type=\"accordion.default\">\n\t\t\t\t<div class=\"elementor-widget-container\">\n\t\t\t\t\t\t\t<div class=\"elementor-accordion\">\n\t\t\t\t\t\t\t<div class=\"elementor-accordion-item\">\n\t\t\t\t\t<div id=\"elementor-tab-title-2281\" class=\"elementor-tab-title\" data-tab=\"1\" role=\"button\" aria-controls=\"elementor-tab-content-2281\" aria-expanded=\"false\">\n\t\t\t\t\t\t\t\t\t\t\t\t\t<span class=\"elementor-accordion-icon elementor-accordion-icon-left\" aria-hidden=\"true\">\n\t\t\t\t\t\t\t\t\t\t\t\t\t\t\t<span class=\"elementor-accordion-icon-closed\"><i class=\"fas fa-plus\"><\/i><\/span>\n\t\t\t\t\t\t\t\t<span class=\"elementor-accordion-icon-opened\"><i class=\"fas fa-minus\"><\/i><\/span>\n\t\t\t\t\t\t\t\t\t\t\t\t\t\t<\/span>\n\t\t\t\t\t\t\t\t\t\t\t\t<a class=\"elementor-accordion-title\" tabindex=\"0\">Legfeljebb 4 tanul\u00f3 heti n\u00e9gy-\u00f6t napot t\u00f6lt a projektben 10.30-12.15 k\u00f6z\u00f6tt. Minden nap ugyan\u00fagy \u00e9p\u00fcl fel:<\/a>\n\t\t\t\t\t<\/div>\n\t\t\t\t\t<div id=\"elementor-tab-content-2281\" class=\"elementor-tab-content elementor-clearfix\" data-tab=\"1\" role=\"region\" aria-labelledby=\"elementor-tab-title-2281\"><ul><li>10.30-ig a gyerekek r\u00e9szt vesznek a tan\u00edt\u00e1si \u00f3r\u00e1kon.<\/li><\/ul><ul><li>10.30 \u00c9rkez\u00e9s az \u00e9p\u00edt\u00e9si p\u00f3tkocsiba<\/li><li>10.45 - 12.00 Intenz\u00edv oktat\u00e1si tev\u00e9kenys\u00e9gek (oktat\u00f3 lovagl\u00e1s, cirkusz, konyha, dolgoz\u00f3szoba, traumapedag\u00f3gia, iskolakert, MKT-Marburg koncentr\u00e1ci\u00f3s tr\u00e9ning stb.)<\/li><li>12.00 \u00f3ra Z\u00e1r\u00f3 fordul\u00f3 elm\u00e9lked\u00e9ssel<\/li><li>A J\u00dc 1\/2 gyermekeket 12.15-kor k\u00eds\u00e9rik a saj\u00e1t STB csoportjukba.<\/li><li>J\u00dc 3\/4-es gyerekek mennek az oszt\u00e1lyf\u0151n\u00f6ki \u00f3r\u00e1kra<\/li><\/ul><\/div>\n\t\t\t\t<\/div>\n\t\t\t\t\t\t\t<div class=\"elementor-accordion-item\">\n\t\t\t\t\t<div id=\"elementor-tab-title-2282\" class=\"elementor-tab-title\" data-tab=\"2\" role=\"button\" aria-controls=\"elementor-tab-content-2282\" aria-expanded=\"false\">\n\t\t\t\t\t\t\t\t\t\t\t\t\t<span class=\"elementor-accordion-icon elementor-accordion-icon-left\" aria-hidden=\"true\">\n\t\t\t\t\t\t\t\t\t\t\t\t\t\t\t<span class=\"elementor-accordion-icon-closed\"><i class=\"fas fa-plus\"><\/i><\/span>\n\t\t\t\t\t\t\t\t<span class=\"elementor-accordion-icon-opened\"><i class=\"fas fa-minus\"><\/i><\/span>\n\t\t\t\t\t\t\t\t\t\t\t\t\t\t<\/span>\n\t\t\t\t\t\t\t\t\t\t\t\t<a class=\"elementor-accordion-title\" tabindex=\"0\">Az \u00e9p\u00edt\u00e9si p\u00f3tkocsi projekt c\u00e9ljai a k\u00f6vetkez\u0151k:<\/a>\n\t\t\t\t\t<\/div>\n\t\t\t\t\t<div id=\"elementor-tab-content-2282\" class=\"elementor-tab-content elementor-clearfix\" data-tab=\"2\" role=\"region\" aria-labelledby=\"elementor-tab-title-2282\"><ul><li>Visszat\u00e9r\u00e9s az oszt\u00e1lyhoz \u00e9s az eg\u00e9sz napos csoport tev\u00e9kenys\u00e9geihez.<\/li><li>Zavartalan tan\u00edt\u00e1s az adott oszt\u00e1ly sz\u00e1m\u00e1ra<\/li><li>A fegyelmi int\u00e9zked\u00e9sek elker\u00fcl\u00e9se - k\u00fcl\u00f6n\u00f6sen az iskol\u00e1b\u00f3l val\u00f3 kiz\u00e1r\u00e1s elker\u00fcl\u00e9se<\/li><li>Az iskolai motiv\u00e1ci\u00f3, a kitart\u00e1s \u00e9s a frusztr\u00e1ci\u00f3t\u0171r\u00e9s el\u0151seg\u00edt\u00e9se<\/li><li>A fesz\u00fclts\u00e9g \u00e9s a pihen\u00e9s v\u00e1ltakoz\u00e1sa k\u00fcl\u00f6nleges aj\u00e1nlatokkal<\/li><li>A gyermekek szem\u00e9lyes \u00e9s egy\u00e9ni tal\u00e1lkoz\u00e1sa \u00e9s k\u00eds\u00e9r\u00e9se a feln\u0151ttek nagyfok\u00fa figyelm\u00e9vel.<\/li><li>Ott lenni a gyerekek mellett, nyugodtan kommunik\u00e1lni\/kapcsolkodni vel\u00fck.<\/li><li>Probl\u00e9mamegold\u00f3 strat\u00e9gi\u00e1k kidolgoz\u00e1sa<\/li><li>Cs\u00f6kkentse az iskolai nyom\u00e1st<\/li><li>Gyakorl\u00f3 (iskolai) strukt\u00far\u00e1k<\/li><li>Az \u00e9rt\u00e9kek meg\u00e9rt\u00e9s\u00e9nek kialak\u00edt\u00e1sa<\/li><li>A kommunikat\u00edv cselekv\u0151k\u00e9pess\u00e9g fejleszt\u00e9se<\/li><li>Egy\u00fcttm\u0171k\u00f6d\u00e9si k\u00e9szs\u00e9gek kezdem\u00e9nyez\u00e9se \u00e9s fejleszt\u00e9se<\/li><\/ul><\/div>\n\t\t\t\t<\/div>\n\t\t\t\t\t\t\t\t<\/div>\n\t\t\t\t\t\t<\/div>\n\t\t\t\t<\/div>\n\t\t\t\t\t<\/div>\n\t\t<\/div>\n\t\t\t\t\t<\/div>\n\t\t<\/section>\n\t\t\t\t<section class=\"elementor-section elementor-top-section elementor-element elementor-element-ec7f94a elementor-section-boxed elementor-section-height-default elementor-section-height-default\" data-id=\"ec7f94a\" data-element_type=\"section\" data-e-type=\"section\">\n\t\t\t\t\t\t<div class=\"elementor-container elementor-column-gap-default\">\n\t\t\t\t\t<div class=\"elementor-column elementor-col-100 elementor-top-column elementor-element elementor-element-f9f875f\" data-id=\"f9f875f\" data-element_type=\"column\" data-e-type=\"column\">\n\t\t\t<div class=\"elementor-widget-wrap elementor-element-populated\">\n\t\t\t\t\t\t<div class=\"elementor-element elementor-element-49b4e8e elementor-widget elementor-widget-text-editor\" data-id=\"49b4e8e\" data-element_type=\"widget\" data-e-type=\"widget\" data-widget_type=\"text-editor.default\">\n\t\t\t\t<div class=\"elementor-widget-container\">\n\t\t\t\t\t\t\t\t\t<p>Let\u00f6ltheti az indul\u00f3 koncepci\u00f3t\u00a0<a href=\"http:\/\/hundertwasser-schule.de\/hu_hu\/inhalte\/5Bauwagen\/1Bauwagen\/Bauwagenkonzept%201.pdf\/\">itt<\/a>\u00a0Az \u00e9p\u00edt\u00e9si p\u00f3tkocsi projekt k\u00fcl\u00f6nb\u00f6z\u0151 tev\u00e9kenys\u00e9geir\u0151l k\u00e9sz\u00fclt fot\u00f3kat ezen az oldalon lejjebb tal\u00e1lja.<\/p><p>A Bauwagen-projektet az iskola \u00e9s az ifj\u00fas\u00e1gv\u00e9delmi szolg\u00e1lat k\u00f6z\u00f6sen finansz\u00edrozza. A tan\u00e1ri \u00e1ll\u00e1shoz sz\u00fcks\u00e9ges szem\u00e9lyi forr\u00e1sokat \u00c9szak-Rajna-Vesztf\u00e1lia tartom\u00e1ny biztos\u00edtja, az ifj\u00fas\u00e1gv\u00e9delem pedig G\u00fctersloh v\u00e1ros Csal\u00e1d- \u00e9s Szoci\u00e1lis \u00dcgyek Oszt\u00e1ly\u00e1nak a Hundertwasser-iskola ny\u00edlt eg\u00e9sz napos programj\u00e1ban val\u00f3 p\u00e9nz\u00fcgyi r\u00e9szv\u00e9tel\u00e9b\u0151l. A folyamatos fenntart\u00e1si k\u00f6lts\u00e9geket a G\u00fcterslohi Ker\u00fcleti Iskolasz\u00e9k, az \u00e9p\u00edt\u00e9si p\u00f3tkocsi felszerel\u00e9s\u00e9t pedig az iskola k\u00f6lts\u00e9gvet\u00e9se fedezi.<\/p><p>A G\u00fcterslohi Polg\u00e1ri Alap\u00edtv\u00e1ny jelent\u0151s t\u00e1mogat\u00e1st ny\u00fajtott az \u00e9p\u00edt\u00e9si p\u00f3tkocsi megv\u00e1s\u00e1rl\u00e1s\u00e1val.<\/p>\t\t\t\t\t\t\t\t<\/div>\n\t\t\t\t<\/div>\n\t\t\t\t\t<\/div>\n\t\t<\/div>\n\t\t\t\t\t<\/div>\n\t\t<\/section>\n\t\t\t\t<section class=\"elementor-section elementor-top-section elementor-element elementor-element-bbba7fb elementor-section-boxed elementor-section-height-default elementor-section-height-default\" data-id=\"bbba7fb\" data-element_type=\"section\" data-e-type=\"section\">\n\t\t\t\t\t\t<div class=\"elementor-container elementor-column-gap-default\">\n\t\t\t\t\t<div class=\"elementor-column elementor-col-100 elementor-top-column elementor-element elementor-element-f0e1b40\" data-id=\"f0e1b40\" data-element_type=\"column\" data-e-type=\"column\">\n\t\t\t<div class=\"elementor-widget-wrap elementor-element-populated\">\n\t\t\t\t\t\t<div class=\"elementor-element elementor-element-dc9554c elementor-widget elementor-widget-spacer\" data-id=\"dc9554c\" data-element_type=\"widget\" data-e-type=\"widget\" data-widget_type=\"spacer.default\">\n\t\t\t\t<div class=\"elementor-widget-container\">\n\t\t\t\t\t\t\t<div class=\"elementor-spacer\">\n\t\t\t<div class=\"elementor-spacer-inner\"><\/div>\n\t\t<\/div>\n\t\t\t\t\t\t<\/div>\n\t\t\t\t<\/div>\n\t\t\t\t\t<\/div>\n\t\t<\/div>\n\t\t\t\t\t<\/div>\n\t\t<\/section>\n\t\t\t\t<\/div>","protected":false},"excerpt":{"rendered":"<p>Der Bauwagen ist ein besonderer schulischer Lernort f\u00fcr Sch\u00fclerinnen und Sch\u00fcler in besonderen Lebenslagen. Im Rahmen der intensivp\u00e4dagogischen Ma\u00dfnahmen der Hundertwasser-Schule, die f\u00fcr Sch\u00fclerinnen und Sch\u00fcler angeboten werden, deren Unterst\u00fctzungsbedarf weit \u00fcber das \u00fcbliche Ma\u00df hinausgeht, bietet das Bauwagen-Projekt die M\u00f6glichkeit 4 Sch\u00fclerinnen oder Sch\u00fcler in einer sehr engen und intensiven Begleitung an besonderen Orten [&hellip;]<\/p>\n","protected":false},"author":1,"featured_media":0,"parent":0,"menu_order":0,"comment_status":"closed","ping_status":"closed","template":"elementor_header_footer","meta":{"footnotes":""},"class_list":["post-65","page","type-page","status-publish","hentry"],"_links":{"self":[{"href":"https:\/\/hundertwasser-schule.de\/hu_hu\/wp-json\/wp\/v2\/pages\/65","targetHints":{"allow":["GET"]}}],"collection":[{"href":"https:\/\/hundertwasser-schule.de\/hu_hu\/wp-json\/wp\/v2\/pages"}],"about":[{"href":"https:\/\/hundertwasser-schule.de\/hu_hu\/wp-json\/wp\/v2\/types\/page"}],"author":[{"embeddable":true,"href":"https:\/\/hundertwasser-schule.de\/hu_hu\/wp-json\/wp\/v2\/users\/1"}],"replies":[{"embeddable":true,"href":"https:\/\/hundertwasser-schule.de\/hu_hu\/wp-json\/wp\/v2\/comments?post=65"}],"version-history":[{"count":5,"href":"https:\/\/hundertwasser-schule.de\/hu_hu\/wp-json\/wp\/v2\/pages\/65\/revisions"}],"predecessor-version":[{"id":2407,"href":"https:\/\/hundertwasser-schule.de\/hu_hu\/wp-json\/wp\/v2\/pages\/65\/revisions\/2407"}],"wp:attachment":[{"href":"https:\/\/hundertwasser-schule.de\/hu_hu\/wp-json\/wp\/v2\/media?parent=65"}],"curies":[{"name":"wp","href":"https:\/\/api.w.org\/{rel}","templated":true}]}}