{"id":678,"date":"2020-04-13T10:30:06","date_gmt":"2020-04-13T08:30:06","guid":{"rendered":"https:\/\/neu.hundertwasser-schule.de\/?page_id=678"},"modified":"2020-04-13T10:38:17","modified_gmt":"2020-04-13T08:38:17","slug":"anmeldeverfahren","status":"publish","type":"page","link":"https:\/\/hundertwasser-schule.de\/hu_hu\/anmeldeverfahren\/","title":{"rendered":"P\u00e1ly\u00e1zati elj\u00e1r\u00e1s"},"content":{"rendered":"<div data-elementor-type=\"wp-page\" data-elementor-id=\"678\" class=\"elementor elementor-678\" data-elementor-post-type=\"page\">\n\t\t\t\t\t\t<section class=\"elementor-section elementor-top-section elementor-element elementor-element-46a8bb91 elementor-section-stretched elementor-section-full_width elementor-section-height-default elementor-section-height-default\" data-id=\"46a8bb91\" data-element_type=\"section\" data-e-type=\"section\" data-settings=\"{&quot;stretch_section&quot;:&quot;section-stretched&quot;}\">\n\t\t\t\t\t\t<div class=\"elementor-container elementor-column-gap-no\">\n\t\t\t\t\t<div class=\"elementor-column elementor-col-100 elementor-top-column elementor-element elementor-element-669f9052\" data-id=\"669f9052\" data-element_type=\"column\" data-e-type=\"column\">\n\t\t\t<div class=\"elementor-widget-wrap elementor-element-populated\">\n\t\t\t\t\t\t<div class=\"elementor-element elementor-element-ba37478 elementor-widget elementor-widget-image\" data-id=\"ba37478\" data-element_type=\"widget\" data-e-type=\"widget\" data-widget_type=\"image.default\">\n\t\t\t\t<div class=\"elementor-widget-container\">\n\t\t\t\t\t\t\t\t\t\t\t\t\t\t\t<img fetchpriority=\"high\" decoding=\"async\" width=\"1920\" height=\"230\" src=\"http:\/\/hundertwasser-schule.de\/wp-content\/uploads\/2020\/03\/bild1.jpg\" class=\"attachment-full size-full wp-image-108\" alt=\"\" srcset=\"http:\/\/hundertwasser-schule.de\/wp-content\/uploads\/2020\/03\/bild1.jpg 1920w, http:\/\/hundertwasser-schule.de\/wp-content\/uploads\/2020\/03\/bild1-300x36.jpg 300w, http:\/\/hundertwasser-schule.de\/wp-content\/uploads\/2020\/03\/bild1-1024x123.jpg 1024w, http:\/\/hundertwasser-schule.de\/wp-content\/uploads\/2020\/03\/bild1-768x92.jpg 768w, http:\/\/hundertwasser-schule.de\/wp-content\/uploads\/2020\/03\/bild1-1536x184.jpg 1536w, http:\/\/hundertwasser-schule.de\/wp-content\/uploads\/2020\/03\/bild1-20x2.jpg 20w\" sizes=\"(max-width: 1920px) 100vw, 1920px\" \/>\t\t\t\t\t\t\t\t\t\t\t\t\t\t\t<\/div>\n\t\t\t\t<\/div>\n\t\t\t\t\t<\/div>\n\t\t<\/div>\n\t\t\t\t\t<\/div>\n\t\t<\/section>\n\t\t\t\t<section class=\"elementor-section elementor-top-section elementor-element elementor-element-4fdc03db elementor-section-height-min-height elementor-section-boxed elementor-section-height-default elementor-section-items-middle\" data-id=\"4fdc03db\" data-element_type=\"section\" data-e-type=\"section\" data-settings=\"{&quot;background_background&quot;:&quot;classic&quot;}\">\n\t\t\t\t\t\t<div class=\"elementor-container elementor-column-gap-default\">\n\t\t\t\t\t<div class=\"elementor-column elementor-col-100 elementor-top-column elementor-element elementor-element-d0b6535\" data-id=\"d0b6535\" data-element_type=\"column\" data-e-type=\"column\">\n\t\t\t<div class=\"elementor-widget-wrap elementor-element-populated\">\n\t\t\t\t\t\t\t<\/div>\n\t\t<\/div>\n\t\t\t\t\t<\/div>\n\t\t<\/section>\n\t\t\t\t<section class=\"elementor-section elementor-top-section elementor-element elementor-element-14c58b56 elementor-section-boxed elementor-section-height-default elementor-section-height-default\" data-id=\"14c58b56\" data-element_type=\"section\" data-e-type=\"section\">\n\t\t\t\t\t\t<div class=\"elementor-container elementor-column-gap-default\">\n\t\t\t\t\t<div class=\"elementor-column elementor-col-100 elementor-top-column elementor-element elementor-element-6c11e110\" data-id=\"6c11e110\" data-element_type=\"column\" data-e-type=\"column\">\n\t\t\t<div class=\"elementor-widget-wrap elementor-element-populated\">\n\t\t\t\t\t\t<div class=\"elementor-element elementor-element-22c0802d elementor-widget elementor-widget-spacer\" data-id=\"22c0802d\" data-element_type=\"widget\" data-e-type=\"widget\" data-widget_type=\"spacer.default\">\n\t\t\t\t<div class=\"elementor-widget-container\">\n\t\t\t\t\t\t\t<div class=\"elementor-spacer\">\n\t\t\t<div class=\"elementor-spacer-inner\"><\/div>\n\t\t<\/div>\n\t\t\t\t\t\t<\/div>\n\t\t\t\t<\/div>\n\t\t\t\t\t<\/div>\n\t\t<\/div>\n\t\t\t\t\t<\/div>\n\t\t<\/section>\n\t\t\t\t<section class=\"elementor-section elementor-top-section elementor-element elementor-element-0bc5372 elementor-section-boxed elementor-section-height-default elementor-section-height-default\" data-id=\"0bc5372\" data-element_type=\"section\" data-e-type=\"section\">\n\t\t\t\t\t\t<div class=\"elementor-container elementor-column-gap-default\">\n\t\t\t\t\t<div class=\"elementor-column elementor-col-100 elementor-top-column elementor-element elementor-element-5e0cab2\" data-id=\"5e0cab2\" data-element_type=\"column\" data-e-type=\"column\">\n\t\t\t<div class=\"elementor-widget-wrap elementor-element-populated\">\n\t\t\t\t\t\t<div class=\"elementor-element elementor-element-1b5a810 elementor-drop-cap-yes elementor-drop-cap-view-default elementor-widget elementor-widget-text-editor\" data-id=\"1b5a810\" data-element_type=\"widget\" data-e-type=\"widget\" data-settings=\"{&quot;drop_cap&quot;:&quot;yes&quot;}\" data-widget_type=\"text-editor.default\">\n\t\t\t\t<div class=\"elementor-widget-container\">\n\t\t\t\t\t\t\t\t\t<div class=\"wpb_text_column wpb_content_element\"><div class=\"wpb_wrapper\"><p>A Hundertwasser-iskol\u00e1ba csak akkor lehet tanul\u00f3t be\u00edratni, ha a sz\u00fcl\u0151k \u00fagy d\u00f6nt\u00f6ttek, hogy speci\u00e1lis iskol\u00e1ba j\u00e1rnak, \u00e9s az iskolai hat\u00f3s\u00e1g hat\u00e1rozatban \u00e1llap\u00edtotta meg a saj\u00e1tos nevel\u00e9si ig\u00e9nyt.<\/p><p>A 2014\/15-\u00f6s tan\u00e9v kezdete \u00f3ta a 9. iskolai t\u00f6rv\u00e9nym\u00f3dos\u00edt\u00f3 t\u00f6rv\u00e9ny van \u00e9rv\u00e9nyben \u00c9szak-Rajna-Vesztf\u00e1li\u00e1ban. Ez szab\u00e1lyozza a saj\u00e1tos nevel\u00e9si ig\u00e9ny\u0171 tanul\u00f3k v\u00e1laszt\u00e1si szabads\u00e1g\u00e1t a k\u00f6z\u00f6s tanul\u00e1s iskol\u00e1j\u00e1ba vagy speci\u00e1lis iskol\u00e1ba val\u00f3 j\u00e1r\u00e1s tekintet\u00e9ben.<\/p><p>Abban az esetben, ha a saj\u00e1tos nevel\u00e9si ig\u00e9ny\u0171 gyermek sz\u00fclei \u00fagy d\u00f6ntenek, hogy osztott tanul\u00e1s\u00fa \u00e1ltal\u00e1nos iskol\u00e1ba j\u00e1rnak, a saj\u00e1tos nevel\u00e9si ig\u00e9nyeket nem kell el\u0151sz\u00f6r meg\u00e1llap\u00edtani.\u00a0<\/p><p>Abban az esetben, ha a saj\u00e1tos t\u00e1mogat\u00e1si ig\u00e9ny\u0171 gyermek sz\u00fclei speci\u00e1lis iskol\u00e1ba val\u00f3 j\u00e1r\u00e1st fontolgatnak, a<strong>\u00a0A saj\u00e1tos nevel\u00e9si ig\u00e9ny meghat\u00e1roz\u00e1sa<\/strong>\u00a0hanem abszol\u00fat el\u0151felt\u00e9tel.<\/p><p>A saj\u00e1tos nevel\u00e9si ig\u00e9nyeket az iskolai hat\u00f3s\u00e1g \u00e1llap\u00edtja meg pedag\u00f3giai jelent\u00e9s alapj\u00e1n. Az elj\u00e1r\u00e1s, amelynek keret\u00e9ben ezt meg\u00e1llap\u00edtj\u00e1k, az \u00fagynevezett AO-SF (<strong>A<\/strong>oktat\u00e1s<strong>o<\/strong>rdnung\u00a0<strong>S<\/strong>onderp\u00e4dagogische\u00a0<strong>F<\/strong>s t\u00e1mogat\u00e1sa). Ezt az elj\u00e1r\u00e1st a sz\u00fcl\u0151k \u00e1ltal\u00e1ban csak az illet\u00e9kes \u00e1ltal\u00e1nos iskol\u00e1n kereszt\u00fcl k\u00e9rhetik az iskolai irod\u00e1ban. A sz\u00fcks\u00e9ges nyomtatv\u00e1nyok az \u00e1ltal\u00e1nos iskola titk\u00e1rs\u00e1g\u00e1n kaphat\u00f3k. Az AO-SF szerinti elj\u00e1r\u00e1s megind\u00edt\u00e1sa ut\u00e1n az iskolai hivatal k\u00e9t szak\u00e9rt\u0151t (1 \u00e1ltal\u00e1nos iskolai \u00e9s 1 speci\u00e1lis iskolai tan\u00e1r) b\u00edz meg, akik k\u00f6z\u00f6sen pedag\u00f3giai jelent\u00e9st k\u00e9sz\u00edtenek a gyermek t\u00e1mogat\u00e1si sz\u00fcks\u00e9glet\u00e9r\u0151l. Ha a jelent\u00e9sb\u0151l kider\u00fcl, hogy saj\u00e1tos nevel\u00e9si ig\u00e9nyt kell meg\u00e1llap\u00edtani, akkor ez a jelent\u00e9s javaslatot tartalmaz a t\u00e1mogat\u00e1s hely\u00e9re is. A sz\u00fcl\u0151ket a kezdetekt\u0151l fogva \u00e9s igen nagym\u00e9rt\u00e9kben bevonj\u00e1k a felm\u00e9r\u00e9s folyamat\u00e1ba, valamint a felm\u00e9r\u00e9s eredm\u00e9ny\u00e9be. Az iskolai hat\u00f3s\u00e1g ezut\u00e1n a pedag\u00f3giai jelent\u00e9s \u00e9s a sz\u00fcl\u0151k k\u00edv\u00e1ns\u00e1gai alapj\u00e1n d\u00f6nt.\u00a0<\/p><p>Ha az iskolai hat\u00f3s\u00e1g meg\u00e1llap\u00edtotta a saj\u00e1tos nevel\u00e9si ig\u00e9nyt, \u00e9s a sz\u00fcl\u0151k a Hundertwasser-iskol\u00e1ba k\u00edv\u00e1nj\u00e1k be\u00edratni gyermek\u00fcket, akkor a sz\u00fcl\u0151k az iskolai hat\u00f3s\u00e1g megfelel\u0151 hat\u00e1rozat\u00e1val \u00edrhatj\u00e1k be gyermek\u00fcket a Hundertwasser-iskol\u00e1ba.<\/p><\/div><\/div>\t\t\t\t\t\t\t\t<\/div>\n\t\t\t\t<\/div>\n\t\t\t\t\t<\/div>\n\t\t<\/div>\n\t\t\t\t\t<\/div>\n\t\t<\/section>\n\t\t\t\t<section class=\"elementor-section elementor-top-section elementor-element elementor-element-fd30a77 elementor-section-boxed elementor-section-height-default elementor-section-height-default\" data-id=\"fd30a77\" data-element_type=\"section\" data-e-type=\"section\">\n\t\t\t\t\t\t<div class=\"elementor-container elementor-column-gap-default\">\n\t\t\t\t\t<div class=\"elementor-column elementor-col-100 elementor-top-column elementor-element elementor-element-57ace9f\" data-id=\"57ace9f\" data-element_type=\"column\" data-e-type=\"column\">\n\t\t\t<div class=\"elementor-widget-wrap elementor-element-populated\">\n\t\t\t\t\t\t<div class=\"elementor-element elementor-element-cc597d9 elementor-widget elementor-widget-spacer\" data-id=\"cc597d9\" data-element_type=\"widget\" data-e-type=\"widget\" data-widget_type=\"spacer.default\">\n\t\t\t\t<div class=\"elementor-widget-container\">\n\t\t\t\t\t\t\t<div class=\"elementor-spacer\">\n\t\t\t<div class=\"elementor-spacer-inner\"><\/div>\n\t\t<\/div>\n\t\t\t\t\t\t<\/div>\n\t\t\t\t<\/div>\n\t\t\t\t\t<\/div>\n\t\t<\/div>\n\t\t\t\t\t<\/div>\n\t\t<\/section>\n\t\t\t\t<\/div>","protected":false},"excerpt":{"rendered":"<p>An der Hundertwasser-Schule k\u00f6nnen Sch\u00fclerinnen und Sch\u00fcler nur angemeldet werden, wenn Eltern sich f\u00fcr den Besuch einer F\u00f6rderschule entschieden haben und das Schulamt den sonderp\u00e4dagogischen F\u00f6rderbedarf in einem Bescheid festgestellt hat. Seit Beginn des Schuljahres 2014\/15 gilt in NRW das 9. Schulrechts\u00e4nderungsgesetz. Darin ist f\u00fcr\u00a0Sch\u00fclerinnen und Sch\u00fcler mit sonderp\u00e4dagogischem Unterst\u00fctzungsbedarf die Wahlfreiheit in der Beschulung [&hellip;]<\/p>\n","protected":false},"author":1,"featured_media":0,"parent":0,"menu_order":0,"comment_status":"closed","ping_status":"closed","template":"elementor_header_footer","meta":{"footnotes":""},"class_list":["post-678","page","type-page","status-publish","hentry"],"_links":{"self":[{"href":"https:\/\/hundertwasser-schule.de\/hu_hu\/wp-json\/wp\/v2\/pages\/678","targetHints":{"allow":["GET"]}}],"collection":[{"href":"https:\/\/hundertwasser-schule.de\/hu_hu\/wp-json\/wp\/v2\/pages"}],"about":[{"href":"https:\/\/hundertwasser-schule.de\/hu_hu\/wp-json\/wp\/v2\/types\/page"}],"author":[{"embeddable":true,"href":"https:\/\/hundertwasser-schule.de\/hu_hu\/wp-json\/wp\/v2\/users\/1"}],"replies":[{"embeddable":true,"href":"https:\/\/hundertwasser-schule.de\/hu_hu\/wp-json\/wp\/v2\/comments?post=678"}],"version-history":[{"count":3,"href":"https:\/\/hundertwasser-schule.de\/hu_hu\/wp-json\/wp\/v2\/pages\/678\/revisions"}],"predecessor-version":[{"id":704,"href":"https:\/\/hundertwasser-schule.de\/hu_hu\/wp-json\/wp\/v2\/pages\/678\/revisions\/704"}],"wp:attachment":[{"href":"https:\/\/hundertwasser-schule.de\/hu_hu\/wp-json\/wp\/v2\/media?parent=678"}],"curies":[{"name":"wp","href":"https:\/\/api.w.org\/{rel}","templated":true}]}}