{"id":851,"date":"2020-04-14T08:16:03","date_gmt":"2020-04-14T06:16:03","guid":{"rendered":"https:\/\/neu.hundertwasser-schule.de\/?page_id=851"},"modified":"2020-04-14T12:17:52","modified_gmt":"2020-04-14T10:17:52","slug":"presseinfo-2","status":"publish","type":"page","link":"https:\/\/hundertwasser-schule.de\/hu_hu\/presseinfo-2\/","title":{"rendered":"Sajt\u00f3k\u00f6zlem\u00e9ny"},"content":{"rendered":"<div data-elementor-type=\"wp-page\" data-elementor-id=\"851\" class=\"elementor elementor-851\" data-elementor-post-type=\"page\">\n\t\t\t\t\t\t<section class=\"elementor-section elementor-top-section elementor-element elementor-element-3c74706b elementor-section-stretched elementor-section-full_width elementor-section-height-default elementor-section-height-default\" data-id=\"3c74706b\" data-element_type=\"section\" data-e-type=\"section\" data-settings=\"{&quot;stretch_section&quot;:&quot;section-stretched&quot;}\">\n\t\t\t\t\t\t<div class=\"elementor-container elementor-column-gap-no\">\n\t\t\t\t\t<div class=\"elementor-column elementor-col-100 elementor-top-column elementor-element elementor-element-50667664\" data-id=\"50667664\" data-element_type=\"column\" data-e-type=\"column\">\n\t\t\t<div class=\"elementor-widget-wrap elementor-element-populated\">\n\t\t\t\t\t\t<div class=\"elementor-element elementor-element-64027a3a elementor-widget elementor-widget-image\" data-id=\"64027a3a\" data-element_type=\"widget\" data-e-type=\"widget\" data-widget_type=\"image.default\">\n\t\t\t\t<div class=\"elementor-widget-container\">\n\t\t\t\t\t\t\t\t\t\t\t\t\t\t\t<img fetchpriority=\"high\" decoding=\"async\" width=\"1920\" height=\"230\" src=\"https:\/\/hundertwasser-schule.de\/wp-content\/uploads\/2020\/03\/bild1.jpg\" class=\"attachment-full size-full wp-image-108\" alt=\"\" srcset=\"https:\/\/hundertwasser-schule.de\/wp-content\/uploads\/2020\/03\/bild1.jpg 1920w, https:\/\/hundertwasser-schule.de\/wp-content\/uploads\/2020\/03\/bild1-300x36.jpg 300w, https:\/\/hundertwasser-schule.de\/wp-content\/uploads\/2020\/03\/bild1-1024x123.jpg 1024w, https:\/\/hundertwasser-schule.de\/wp-content\/uploads\/2020\/03\/bild1-768x92.jpg 768w, https:\/\/hundertwasser-schule.de\/wp-content\/uploads\/2020\/03\/bild1-1536x184.jpg 1536w, https:\/\/hundertwasser-schule.de\/wp-content\/uploads\/2020\/03\/bild1-20x2.jpg 20w\" sizes=\"(max-width: 1920px) 100vw, 1920px\" \/>\t\t\t\t\t\t\t\t\t\t\t\t\t\t\t<\/div>\n\t\t\t\t<\/div>\n\t\t\t\t\t<\/div>\n\t\t<\/div>\n\t\t\t\t\t<\/div>\n\t\t<\/section>\n\t\t\t\t<section class=\"elementor-section elementor-top-section elementor-element elementor-element-4f9a8843 elementor-section-height-min-height elementor-section-boxed elementor-section-height-default elementor-section-items-middle\" data-id=\"4f9a8843\" data-element_type=\"section\" data-e-type=\"section\" data-settings=\"{&quot;background_background&quot;:&quot;classic&quot;}\">\n\t\t\t\t\t\t<div class=\"elementor-container elementor-column-gap-default\">\n\t\t\t\t\t<div class=\"elementor-column elementor-col-100 elementor-top-column elementor-element elementor-element-17041e88\" data-id=\"17041e88\" data-element_type=\"column\" data-e-type=\"column\">\n\t\t\t<div class=\"elementor-widget-wrap elementor-element-populated\">\n\t\t\t\t\t\t\t<\/div>\n\t\t<\/div>\n\t\t\t\t\t<\/div>\n\t\t<\/section>\n\t\t\t\t<section class=\"elementor-section elementor-top-section elementor-element elementor-element-47dc2325 elementor-section-boxed elementor-section-height-default elementor-section-height-default\" data-id=\"47dc2325\" data-element_type=\"section\" data-e-type=\"section\">\n\t\t\t\t\t\t<div class=\"elementor-container elementor-column-gap-default\">\n\t\t\t\t\t<div class=\"elementor-column elementor-col-100 elementor-top-column elementor-element elementor-element-699a63e7\" data-id=\"699a63e7\" data-element_type=\"column\" data-e-type=\"column\">\n\t\t\t<div class=\"elementor-widget-wrap elementor-element-populated\">\n\t\t\t\t\t\t<div class=\"elementor-element elementor-element-74cdb4ae elementor-widget elementor-widget-spacer\" data-id=\"74cdb4ae\" data-element_type=\"widget\" data-e-type=\"widget\" data-widget_type=\"spacer.default\">\n\t\t\t\t<div class=\"elementor-widget-container\">\n\t\t\t\t\t\t\t<div class=\"elementor-spacer\">\n\t\t\t<div class=\"elementor-spacer-inner\"><\/div>\n\t\t<\/div>\n\t\t\t\t\t\t<\/div>\n\t\t\t\t<\/div>\n\t\t\t\t\t<\/div>\n\t\t<\/div>\n\t\t\t\t\t<\/div>\n\t\t<\/section>\n\t\t\t\t<section class=\"elementor-section elementor-top-section elementor-element elementor-element-8a7cbd4 elementor-section-boxed elementor-section-height-default elementor-section-height-default\" data-id=\"8a7cbd4\" data-element_type=\"section\" data-e-type=\"section\">\n\t\t\t\t\t\t<div class=\"elementor-container elementor-column-gap-default\">\n\t\t\t\t\t<div class=\"elementor-column elementor-col-100 elementor-top-column elementor-element elementor-element-99a22aa\" data-id=\"99a22aa\" data-element_type=\"column\" data-e-type=\"column\">\n\t\t\t<div class=\"elementor-widget-wrap elementor-element-populated\">\n\t\t\t\t\t\t<div class=\"elementor-element elementor-element-082071a elementor-widget elementor-widget-text-editor\" data-id=\"082071a\" data-element_type=\"widget\" data-e-type=\"widget\" data-widget_type=\"text-editor.default\">\n\t\t\t\t<div class=\"elementor-widget-container\">\n\t\t\t\t\t\t\t\t\t<p><em>K\u00f6zz\u00e9t\u00e9ve a Bell sz\u00edves enged\u00e9ly\u00e9vel<\/em><\/p><p><strong>Egy hely, ahol j\u00f3l lehet tanulni \u00e9s \u00e9lni\u00a0\u00a0\u00a0<\/strong><br \/>G\u00fctersloh (bit). A gyermekbusz dobjai hirdetik, \u00e9s Gerhard Dickers igazgat\u00f3 \u00f6r\u00fcl: a Hundertwasser-iskola, amely az \u00e9rzelmi \u00e9s szoci\u00e1lis fejl\u0151d\u00e9sre helyezi a hangs\u00falyt az \u00e1ltal\u00e1nos iskolai \u00e1gazatban, \"igazi otthonra tal\u00e1lt\" a volt Volkening-iskola hely\u00e9n, a g\u00fcterslohi Holzstra\u00dfe-n. Egy \"tanul\u00e1si \u00e9s \u00e9lethelysz\u00edn, ahol otthon kell \u00e9rezni magunkat\".<br \/>Maria Unger polg\u00e1rmester asszony az \u00e1talak\u00edt\u00e1s \u00e9s az \u00e9p\u00edt\u00e9szetileg is leny\u0171g\u00f6z\u0151 b\u0151v\u00edt\u00e9s ut\u00e1n a tanul\u00f3k \u00e9s a v\u00e1ros nagy napj\u00e1r\u00f3l besz\u00e9lt. A Hundertwasser-iskola \u00f6t \u00e9vvel ezel\u0151tt a G\u00fcterslohi ker\u00fclet \u00e9gisze alatt az Edith Stein iskol\u00e1ban alakult, majd k\u00e9s\u0151bb az Anne Frank \u00d6sszevont Iskola szomsz\u00e9ds\u00e1g\u00e1ba k\u00f6lt\u00f6z\u00f6tt, \u00e9s 2006 \u00f3ta v\u00e1rosi iskola. Unger az iskol\u00e1nak nevet ad\u00f3 m\u0171v\u00e9szn\u0151 sz\u00edngazdags\u00e1g\u00e1ra utalt. A kreativit\u00e1st keres\u0151 di\u00e1kokat sz\u00f3l\u00edtja meg. \"A v\u00e1rosba hull\u00f3 es\u0151cseppj\u00e9ben\" a gyerekek megtal\u00e1ln\u00e1k v\u00e1gyaik p\u00e1rhuzam\u00e1t - mondta a polg\u00e1rmester.<br \/>Barbara Sommer, NRW oktat\u00e1si minisztere vend\u00e9gk\u00e9nt kiemelte a szoros kapcsolatot G\u00fctersloh v\u00e1ros\u00e1val \u00e9s ker\u00fclet\u00e9vel, ahol iskolai tan\u00e1csosk\u00e9nt dolgozott. P\u00e1rbesz\u00e9det szeretett volna folytatni a gyerekekkel, de \u0151k m\u00e1r az iskolabuszon \u00fcltek. Azt\u00e1n a Hundertwasserr\u0151l akart besz\u00e9lni. Unger megel\u0151zte \u0151t. A miniszter m\u00e9gis a m\u0171v\u00e9sz mellett maradt, aki haj\u00f3j\u00e1val a fi\u00fak \u00e9s a l\u00e1nyok fant\u00e1zi\u00e1j\u00e1t serkentette. Az \u00e9letnek vannak s\u00f6t\u00e9t \u00e9s vil\u00e1gos oldalai. Sommer h\u00e1l\u00e1t \u00e9rzett Hundertwasser ir\u00e1nt, aki mindig is szidta az egyenes vonalat, \u00e9s sz\u00ednes k\u00e9pei ir\u00e1nt.<br \/>\"Egy igazgat\u00f3, egy koll\u00e9ga \u00e9s \u00f6t fi\u00fa\" - \u00edrta le Dickers a kezdeteket az els\u0151 koll\u00e9g\u00e1val, Kerstin Richterrel folytatott p\u00e1rbesz\u00e9dben. \"Nem is voltunk t\u00f6rpeiskola, \u00e9s egy kicsit ki is nevettek minket\" - eml\u00e9kezett vissza az igazgat\u00f3. K\u00f6sz\u00f6netet mondott a detmoldi iskolai oszt\u00e1lyvezet\u0151nek, Siegfried Liesk\u00e9nek \u00e9s a ker\u00fcleti iskolasz\u00e9kben Hartmut Stieghorstnak a t\u00e1mogat\u00e1suk\u00e9rt. Szerencs\u00e9s pillanatnak nevezte a 2006-os \u00e1thelyez\u00e9st G\u00fctersloh v\u00e1ros\u00e1ba, mert a v\u00e1ros \u00e9ppen \u00e1tfog\u00f3, nyitott eg\u00e9sz napos iskol\u00e1kban gondolkodott. Dockers a Hundertwasser-iskola jelenlegi form\u00e1j\u00e1t, amely a v\u00e1ros iskolai \u00e9s ifj\u00fas\u00e1gi oszt\u00e1lyaival egy\u00fcttm\u0171k\u00f6dve a szoci\u00e1lis nevel\u00e9sre \u00f6sszpontos\u00edt\u00f3 eg\u00e9sz napos int\u00e9zm\u00e9nyk\u00e9nt m\u0171k\u00f6dik, modell\u00e9rt\u00e9k\u0171nek tartotta.<br \/>A vend\u00e9gek k\u00f6z\u00f6tt volt Ursula Doppmeier MdL \u00e9s Marianne Thomann-Stahl ker\u00fcleti eln\u00f6k. K\u00fcl\u00f6nleges vend\u00e9g volt Lisa Weber (92). \u0150 80 \u00e9vig \u00e9lt a Volkening iskola tan\u00e1ri lak\u00e1s\u00e1ban, ahol egykor az apja igazgat\u00f3 volt, \u00e9s ahol \u0151 maga 30 \u00e9vig tan\u00edtott.<br \/>(Megjelent: 15.09.2007 in Die Glocke)<\/p><p><em>A Westfalen Blatt sz\u00edves enged\u00e9ly\u00e9vel jelent meg.<\/em><\/p><p><strong>A multitalentumr\u00f3l nevezt\u00e9k el<\/strong><br \/>Ma avatj\u00e1k fel a Hundertwasser-iskol\u00e1t<br \/>Az iskola a m\u0171v\u00e9sz, multitalentum \u00e9s k\u00f6rnyezetv\u00e9d\u0151 Hundertwasser ut\u00e1n kapta a \"F\u00f6rderschule der Stadt G\u00fctersloh\" (G\u00fctersloh v\u00e1ros\u00e1nak k\u00fcl\u00f6nleges iskol\u00e1ja) nevet. A helysz\u00ednv\u00e1lt\u00e1s ut\u00e1n az elk\u00f6telezett iskola most a Holzstra\u00dfe 30-ban tal\u00e1lta meg \u00faj otthon\u00e1t.<br \/>Az iskola 2006. augusztus 1-je \u00f3ta a v\u00e1roshoz tartozik. 2002-ben a G\u00fcterslohi j\u00e1r\u00e1s nevel\u00e9st\u00e1mogat\u00f3 iskol\u00e1jak\u00e9nt alakult, egy \u00f6t tanul\u00f3b\u00f3l \u00e1ll\u00f3 oszt\u00e1llyal \u00e9s egy gy\u00f3gypedag\u00f3giai tan\u00e1rral, jelenleg a Holzstra\u00dfe alatt tal\u00e1lhat\u00f3.<br \/>Az \u00faj iskola\u00e9p\u00fcletet hivatalosan ma, p\u00e9nteken 14.30 \u00f3rakor avatj\u00e1k fel. A rendezv\u00e9nyre v\u00e1rj\u00e1k Barbara Sommert, \u00c9szak-Rajna-Vesztf\u00e1lia tartom\u00e1ny iskola\u00fcgyi miniszter\u00e9t. Gerhard Dickers igazgat\u00f3 \"A Hundertwasser-iskola \u00f6t \u00e9ve\" c\u00edm\u0171 el\u0151ad\u00e1s\u00e1ban sz\u00e1mot vet az iskola fejl\u0151d\u00e9s\u00e9vel \u00e9s kil\u00e1t\u00e1saival. Siegfried Lieske, a detmoldi iskolai oszt\u00e1ly vezet\u0151je a Hundertwasser-iskol\u00e1r\u00f3l tart el\u0151ad\u00e1st a v\u00e1ltoz\u00f3 iskolai k\u00f6rnyezet \u00f6sszef\u00fcgg\u00e9s\u00e9ben. A hivatalos program az iskola megtekint\u00e9s\u00e9vel z\u00e1rul.<br \/>Az \u00faj helysz\u00edn egy vonalat h\u00faz az ideiglenes int\u00e9zked\u00e9sek al\u00e1: A speci\u00e1lis iskola 2002 \u00e9s 2004 k\u00f6z\u00f6tt az Edith Stein Iskol\u00e1ban, 2004 \u00e9s 2007 k\u00f6z\u00f6tt pedig az Anne Frank Iskol\u00e1ban volt ideiglenes helyen. Ennek ellen\u00e9re a tan\u00e1ri csapat folyamatosan dolgozott az iskola fejleszt\u00e9s\u00e9n. A 2007\/2008-as tan\u00e9v kezdet\u00e9t\u0151l a speci\u00e1lis iskola nyitott eg\u00e9sz napos iskolak\u00e9nt m\u0171k\u00f6dik. A Hundertwasser-iskola \u00edgy k\u00edv\u00e1nja t\u00e1mogatni a mintegy 50 tanul\u00f3 \u00e9rzelmi \u00e9s szoci\u00e1lis fejl\u0151d\u00e9s\u00e9t. A Sozialp\u00e4dagogisches und Psychomotorisches Institut G\u00fctersloh (SPI) \u00e9s G\u00fctersloh v\u00e1ros\u00e1val az illet\u00e9kesek al\u00e1\u00edrt\u00e1k az err\u0151l sz\u00f3l\u00f3 meg\u00e1llapod\u00e1st. Az SPI-vel egy olyan szolg\u00e1ltat\u00f3 veszi \u00e1t az eg\u00e9sz napos ell\u00e1t\u00e1st, amellyel az Ifj\u00fas\u00e1gi Oszt\u00e1ly \u00e9vek \u00f3ta egy\u00fcttm\u0171k\u00f6dik a rehabilit\u00e1ci\u00f3 \u00e9s a nevel\u00e9si t\u00e1mogat\u00e1s ter\u00fclet\u00e9n. A v\u00e1ros h\u00e1rom milli\u00f3 eur\u00f3t fektetett a volt Volkening iskola b\u0151v\u00edt\u00e9s\u00e9be. Nincs egyenes vonal: Az egykori Volkening-iskola h\u00e1ts\u00f3 homlokzat\u00e1t Hundertwasser m\u0171v\u00e9sz szellem\u00e9ben tervezt\u00e9k a r\u00f3la elnevezett iskola sz\u00e1m\u00e1ra.<br \/>(Megjelent a Westfalen-Blatt 2007.09.14-i sz\u00e1m\u00e1ban)<\/p><p><em>A Westfalen Blatt sz\u00edves enged\u00e9ly\u00e9vel jelent meg.\u00a0<\/em><\/p><p><strong>A gyermekek vil\u00e1ga nem mindig sz\u00ednes<\/strong><br \/><strong>Hivatalosan felavatt\u00e1k a Hundertwasser-iskol\u00e1t<\/strong><br \/>Michael Delker<\/p><p>Gerhard Dicker iskolaigazgat\u00f3 egy Hundertwasser-h\u00e1zat kapott aj\u00e1nd\u00e9kba Maria Unger polg\u00e1rmester asszonyt\u00f3l. Az avat\u00e1son Barbara Sommer iskolalelk\u00e9szn\u0151 mondott k\u00f6sz\u00f6nt\u0151t.<\/p><p>G\u00fctersloh (WB) Az ideiglenes int\u00e9zked\u00e9sek ideje lej\u00e1rt. Miut\u00e1n a kor\u00e1bbi Volkening-iskol\u00e1t egy mell\u00e9k\u00e9p\u00fclettel+ b\u0151v\u00edtett\u00e9k, a Hundertwasser-iskola p\u00e9ntek d\u00e9lut\u00e1n hivatalosan is \u00e1tadhatta \u00faj sz\u00e9khely\u00e9t. Az Edith Stein Iskol\u00e1ban \u00e9s az Anne Frank Iskola ideiglenes \u00e9p\u00fclet\u00e9ben elt\u00f6lt\u00f6tt \u00e9vek ut\u00e1n a speci\u00e1lis iskola v\u00e9gre otthonra tal\u00e1lt. Hogy ez a l\u00e9p\u00e9s mennyire fontos a gyermekek, a sz\u00fcl\u0151k \u00e9s a tan\u00e1rok sz\u00e1m\u00e1ra, Maria Unger polg\u00e1rmester asszony aj\u00e1nd\u00e9ka is vil\u00e1goss\u00e1 tette: Gerhard Dickers igazgat\u00f3nak egy Hundertwasser-h\u00e1zat adott \u00e1t miniat\u0171rben - ez mad\u00e1retet\u0151nek is haszn\u00e1lhat\u00f3.<\/p><p>Az \u00e9szak-rajna-vesztf\u00e1liai oktat\u00e1si miniszter, Barbara Sommer, aki kor\u00e1bban iskolatan\u00e1csosk\u00e9nt dolgozott a g\u00fcterslohi k\u00f6rzetben (\"Itt \u00e9ltem \u00e1t a legjobb szakmai id\u0151met\"), \u00fcdv\u00f6zl\u0151 besz\u00e9det mondott. Elmondta a megh\u00edvott vend\u00e9geknek, hogy Friedensreich Hundertwasser m\u0171v\u00e9sz m\u00e9g \u00e9let\u00e9ben a \"Dunkelbunt\" nevet adta mag\u00e1nak. \"Ez a n\u00e9v j\u00f3l illik az itt iskol\u00e1ba j\u00e1r\u00f3 gyerekekhez. Az \u0151 vil\u00e1guk nem mindig sz\u00ednes\" - mondta Barbara Sommer. A Hundertwasser-iskola azt a c\u00e9lt t\u0171zte ki maga el\u00e9, hogy el\u0151seg\u00edtse azoknak a gyerekeknek az \u00e9rzelmi \u00e9s szoci\u00e1lis fejl\u0151d\u00e9s\u00e9t, akik a hagyom\u00e1nyos iskolat\u00edpusban nem tudnak boldogulni.<\/p><p>Gerhard Dickers koll\u00e9g\u00e1j\u00e1val, Kerstin Richterrel besz\u00e9lgetve felid\u00e9zte az iskola \u00f6t \u00e9vvel ezel\u0151tti megalap\u00edt\u00e1s\u00e1t. Akkoriban mind\u00f6ssze \u00f6t tanul\u00f3 volt, \"\u00e9s val\u00f3sz\u00edn\u0171leg mi voltunk a legkisebb iskola \u00c9szak-Rajna-Vesztf\u00e1li\u00e1ban\". Az\u00f3ta az iskola lassan fejl\u0151dik, \u00e9s ez j\u00f3 dolog.<\/p><p>(Megjelent a Westfalen-Blatt 2007.09.15-i sz\u00e1m\u00e1ban)<\/p><p><em>A NW - Neue Westf\u00e4lische sz\u00edves enged\u00e9ly\u00e9vel jelent meg.\u00a0<\/em><big><big><small><br \/><big><big><small><\/small><\/big><\/big><\/small><\/big><\/big><\/p><p><strong>V\u00e9gre otthonra lelt<\/strong><br \/><strong>G\u00fcterslohnak \u00faj iskol\u00e1ja van \/ Felavat\u00e1s Sommer miniszterrel\u00a0<\/strong><br \/>ROLF BIRKHOLZ<br \/>G\u00fctersloh. \"Mi ennek a vil\u00e1gnak a gyermekei vagyunk, \u00e9s \u00fagy dobolunk, ahogy nek\u00fcnk tetszik\". Dobolva, \u00e9nekelve, f\u00fcty\u00f6r\u00e9szve fogadt\u00e1k tegnap a Hundertwasser-iskola gyermekei Barbara Sommer iskolaminisztert, Marianne Thomann-Stahl ker\u00fcleti eln\u00f6k\u00f6t \u00e9s a t\u00f6bbi vend\u00e9get iskol\u00e1juk avat\u00f3\u00fcnneps\u00e9g\u00e9n. A zene \u00e9s az \u00e9nekl\u00e9s, egy afrikai dobprojekt eredm\u00e9nye, olyan hat\u00e1st keltett, mintha a tanul\u00f3k m\u00e1ris birtokba vett\u00e9k volna a Friedensreich Hundertwasser m\u0171v\u00e9szr\u0151l \u00e9s k\u00f6rnyezetv\u00e9d\u0151r\u0151l elnevezett h\u00e1zukat, az Oststra\u00dfe\/Holzstra\u00dfe egykori Volkening iskol\u00e1t, amelyet egy mell\u00e9k\u00e9p\u00fclettel b\u0151v\u00edtettek.<br \/>Gerhard Dickers igazgat\u00f3 \u00f6r\u00f6mmel nyugt\u00e1zta, hogy a 2002-ben alap\u00edtott, \u00e9rzelmi \u00e9s szoci\u00e1lis fejleszt\u00e9sre \u00f6sszpontos\u00edt\u00f3 speci\u00e1lis iskola, amely kezdetben a ker\u00fclet tulajdon\u00e1ban volt, de az\u00f3ta \u00f6nkorm\u00e1nyzati iskol\u00e1v\u00e1 v\u00e1lt, k\u00e9t k\u00f6lt\u00f6z\u00e9s ut\u00e1n most, \u00faj hely\u00e9n \"igazi otthonra\" tal\u00e1lt, \u00e9s iskol\u00e1ba j\u00e1r\u00e1si \u00e9s lak\u00f3helly\u00e9 v\u00e1lt. Szerencse a szerencs\u00e9tlens\u00e9gben, hogy Karl-Heinz Rempe v\u00e1rosi \u00e9p\u00edt\u00e9sz tervei \"Hundertwasser szellem\u00e9ben boldog tereket tudtak teremteni\". Dickers egy m\u00e1sik szerencs\u00e9tlens\u00e9get abban l\u00e1tott, hogy a Sozialp\u00e4dagogisches und Psychomotorisches Institut G\u00fctersloh (SPI), amellyel a k\u00f6zpont egy\u00fcttm\u0171k\u00f6dik a nappali ell\u00e1t\u00e1s, a t\u00e1mogat\u00f3 int\u00e9zked\u00e9sek \u00e9s a sz\u00fcl\u0151i gondoz\u00e1s ter\u00e9n, k\u00f6zvetlen\u00fcl a szomsz\u00e9dban, a Holzstra\u00dfe-n\u00e1l rendelkezik egy t\u00e1mogat\u00f3 k\u00f6zponttal \u00e9s egy sportcsarnokkal, amelyet szint\u00e9n ig\u00e9nybe lehet venni. Maria Unger polg\u00e1rmester asszony el\u0151sz\u00f6r gondolt arra, hogy a k\u00e9t l\u00e9tes\u00edtm\u00e9nyt egy helysz\u00ednen egyes\u00edts\u00e9k, \u00e9s ezzel lehet\u0151v\u00e9 tett\u00e9k a szinergiahat\u00e1st.<\/p><p>A j\u00f6v\u0151re n\u00e9zve Dickers el tudna itt k\u00e9pzelni egy szoci\u00e1lpedag\u00f3giai kompetenciak\u00f6zpontot. Ezt Siegfried Lieske, a ker\u00fcleti \u00f6nkorm\u00e1nyzat iskolai oszt\u00e1ly\u00e1nak vezet\u0151je \u00e9s Hartmut Stieghorst, a g\u00fcterslohi iskolasz\u00e9k tagja is meger\u0151s\u00edtette, akik egy szerepj\u00e1t\u00e9kos p\u00e1rbesz\u00e9det dolgoztak ki. Stieghorst kijelent\u00e9s\u00e9re, miszerint a Hundertwasser-iskola \u00f6t \u00e9v alatt sokat el\u00e9rt, Lieske \u00edgy reag\u00e1lt: \"Minden fiatal, rendk\u00edv\u00fcl motiv\u00e1lt: Mi m\u00e1st v\u00e1rhatn\u00e1nk?\"<\/p><p>Dickers \u00e9s Kerstin Richter, akkori els\u0151 alkalmazottja m\u00e1r ut\u00f3lag is ezt az \u00e9rt\u00e9kel\u00e9st sugallta. K\u00e9t tan\u00e1rral \u00e9s \u00f6t tanul\u00f3val \"\u00c9szak-Rajna-Vesztf\u00e1lia legkisebb iskol\u00e1j\u00e1nak \u00e9rezt\u00e9k magukat\", \u00e9s egy kicsit ki is nevett\u00e9k \u0151ket. Azt\u00e1n le\u00edrt\u00e1k a folyamatos felfel\u00e9 \u00edvel\u0151 fejl\u0151d\u00e9st, bele\u00e9rtve a f\u00fcggetlen iskol\u00e1ban \u00e9s a ny\u00edlt eg\u00e9sz napos projektekben val\u00f3 r\u00e9szv\u00e9telt, ahol n\u00e9ha \"kapacit\u00e1suk hat\u00e1r\u00e1ig jutottak\".<\/p><p>Barbara Sommer iskolalelk\u00e9sz \u00fcd\u00edt\u0151en szabadon, k\u00e9zirat n\u00e9lk\u00fcl besz\u00e9lt. Elmes\u00e9lte, hogy Friedrich Stowasser hogyan tal\u00e1lta meg egyszer a m\u0171v\u00e9sznev\u00e9t Friedensreich Hundertwasser. Azzal, hogy megpr\u00f3b\u00e1lta mag\u00e1t a gyerekek lelk\u00e9be k\u00e9pzelni, r\u00e1mutatott a m\u0171v\u00e9sz \"dunkelbunt\" (s\u00f6t\u00e9t sz\u00edn\u0171) kifejez\u00e9s\u00e9re minden \u00e9l\u00e9nk sz\u00edneire, melegen sz\u00f3l\u00edtotta meg a gyerekeket, ahelyett, hogy csak felolvasott volna egy bemutatott sz\u00f6veget, ahogy az ilyen esetekben nem szokatlan a politikusokn\u00e1l.<\/p><p>\u00a0<\/p><p><strong>Volkeningt\u0151l Hundertwasserig<\/strong><br \/>K\u00e9t ideiglenes helysz\u00edn ut\u00e1n a Hundertwasser-iskola \u00faj otthonra tal\u00e1lt a Holzstra\u00dfe 30-ban (val\u00f3j\u00e1ban Oststra\u00dfe) tal\u00e1lhat\u00f3 egykori n\u00e9piskol\u00e1ban, amelyet Johann Heinrich Volkening \u00e9bred\u00e9si pr\u00e9dik\u00e1torr\u00f3l neveztek el, \u00e9s 1903-ban \u00e9p\u00fclt. A ker\u00fclet nevel\u00e9st\u00e1mogat\u00f3 iskol\u00e1jak\u00e9nt kezdetben az Edith Stein iskol\u00e1ban, k\u00e9s\u0151bb az Anne Frank iskol\u00e1ban kapott helyet. Az iskola m\u0171k\u00f6dtet\u00e9s\u00e9t 2006-ban a v\u00e1ros vette \u00e1t. A 2002-ben k\u00e9tf\u0151s szem\u00e9lyzettel \u00e9s \u00f6t tanul\u00f3val indult, ma az eg\u00e9sz napos r\u00e9szleggel egy\u00fctt 20 szakember gondoskodik a telephelyen 50 tanul\u00f3r\u00f3l, valamint tov\u00e1bbi 20 olyan gyermekr\u0151l, akik k\u00f6zvetlen t\u00e1mogat\u00e1sban r\u00e9szes\u00fclnek az \u00e1ltal\u00e1nos iskol\u00e1jukban. A Karl-Heinz Rempe \u00e9p\u00edt\u00e9sz tervei szerinti fel\u00faj\u00edt\u00e1s \u00e9s b\u0151v\u00edt\u00e9s h\u00e1rommilli\u00f3 eur\u00f3ba ker\u00fclt. Rempe a b\u0151v\u00edt\u00e9sn\u00e9l h\u0171 maradt a der\u00e9ksz\u00f6g elv\u00e9hez. A sz\u00ednvil\u00e1g, k\u00fcl\u00f6n\u00f6sen a h\u00e1ts\u00f3 falon, valamint a sz\u00ednes tornyok azonban egy\u00e9rtelm\u0171en a m\u0171v\u00e9sz \u00e9s fant\u00e1zia\u00e9breszt\u0151 Hundertwasser kifejez\u00e9sm\u00f3dj\u00e1n alapulnak.<br \/><small>(Megjelent 2007.09.15-\u00e9n az NW- Neue Westf\u00e4lische)<\/small><\/p>\t\t\t\t\t\t\t\t<\/div>\n\t\t\t\t<\/div>\n\t\t\t\t\t<\/div>\n\t\t<\/div>\n\t\t\t\t\t<\/div>\n\t\t<\/section>\n\t\t\t\t<section class=\"elementor-section elementor-top-section elementor-element elementor-element-01dd008 elementor-section-boxed elementor-section-height-default elementor-section-height-default\" data-id=\"01dd008\" data-element_type=\"section\" data-e-type=\"section\">\n\t\t\t\t\t\t<div class=\"elementor-container elementor-column-gap-default\">\n\t\t\t\t\t<div class=\"elementor-column elementor-col-100 elementor-top-column elementor-element elementor-element-052942e\" data-id=\"052942e\" data-element_type=\"column\" data-e-type=\"column\">\n\t\t\t<div class=\"elementor-widget-wrap elementor-element-populated\">\n\t\t\t\t\t\t<div class=\"elementor-element elementor-element-7bae7a1 elementor-widget elementor-widget-spacer\" data-id=\"7bae7a1\" data-element_type=\"widget\" data-e-type=\"widget\" data-widget_type=\"spacer.default\">\n\t\t\t\t<div class=\"elementor-widget-container\">\n\t\t\t\t\t\t\t<div class=\"elementor-spacer\">\n\t\t\t<div class=\"elementor-spacer-inner\"><\/div>\n\t\t<\/div>\n\t\t\t\t\t\t<\/div>\n\t\t\t\t<\/div>\n\t\t\t\t\t<\/div>\n\t\t<\/div>\n\t\t\t\t\t<\/div>\n\t\t<\/section>\n\t\t\t\t<\/div>","protected":false},"excerpt":{"rendered":"<p>Ver\u00f6ffentlicht mit freundlicher Genehmigung der Glocke Ein Lern- und Lebensort zum Wohlf\u00fchlen\u00a0\u00a0\u00a0G\u00fctersloh (bit). Buschtrommeln der Kinder k\u00fcnden es, und Schulleiter Gerhard Dickers freut sich: Die Hundertwasserschule mit dem F\u00f6rderschwerpunkt emotionale und soziale Entwicklung im Primarbereich hat am Standort der ehemaligen Volkeningschule an der Holzstra\u00dfe in G\u00fctersloh \u201eeine wirkliche Heimat gefunden\u201c. Ein \u201eLern- und Lebensort, an [&hellip;]<\/p>\n","protected":false},"author":1,"featured_media":0,"parent":0,"menu_order":0,"comment_status":"closed","ping_status":"closed","template":"elementor_header_footer","meta":{"footnotes":""},"class_list":["post-851","page","type-page","status-publish","hentry"],"_links":{"self":[{"href":"https:\/\/hundertwasser-schule.de\/hu_hu\/wp-json\/wp\/v2\/pages\/851","targetHints":{"allow":["GET"]}}],"collection":[{"href":"https:\/\/hundertwasser-schule.de\/hu_hu\/wp-json\/wp\/v2\/pages"}],"about":[{"href":"https:\/\/hundertwasser-schule.de\/hu_hu\/wp-json\/wp\/v2\/types\/page"}],"author":[{"embeddable":true,"href":"https:\/\/hundertwasser-schule.de\/hu_hu\/wp-json\/wp\/v2\/users\/1"}],"replies":[{"embeddable":true,"href":"https:\/\/hundertwasser-schule.de\/hu_hu\/wp-json\/wp\/v2\/comments?post=851"}],"version-history":[{"count":2,"href":"https:\/\/hundertwasser-schule.de\/hu_hu\/wp-json\/wp\/v2\/pages\/851\/revisions"}],"predecessor-version":[{"id":1006,"href":"https:\/\/hundertwasser-schule.de\/hu_hu\/wp-json\/wp\/v2\/pages\/851\/revisions\/1006"}],"wp:attachment":[{"href":"https:\/\/hundertwasser-schule.de\/hu_hu\/wp-json\/wp\/v2\/media?parent=851"}],"curies":[{"name":"wp","href":"https:\/\/api.w.org\/{rel}","templated":true}]}}