{"id":31,"date":"2020-03-31T10:55:04","date_gmt":"2020-03-31T10:55:04","guid":{"rendered":"https:\/\/neu.hundertwasser-schule.de\/?page_id=31"},"modified":"2020-04-08T07:55:59","modified_gmt":"2020-04-08T07:55:59","slug":"die-grundhaltung-loesungs-und-ressourcenorientierte-kommunikation","status":"publish","type":"page","link":"https:\/\/hundertwasser-schule.de\/id_id\/die-grundhaltung-loesungs-und-ressourcenorientierte-kommunikation\/","title":{"rendered":"Sikap dasar: Komunikasi yang berorientasi pada solusi dan sumber daya"},"content":{"rendered":"<div data-elementor-type=\"wp-page\" data-elementor-id=\"31\" class=\"elementor elementor-31\" data-elementor-post-type=\"page\">\n\t\t\t\t\t\t<section class=\"elementor-section elementor-top-section elementor-element elementor-element-31ae5048 elementor-section-stretched elementor-section-full_width elementor-section-height-default elementor-section-height-default\" data-id=\"31ae5048\" data-element_type=\"section\" data-e-type=\"section\" data-settings=\"{&quot;stretch_section&quot;:&quot;section-stretched&quot;}\">\n\t\t\t\t\t\t<div class=\"elementor-container elementor-column-gap-no\">\n\t\t\t\t\t<div class=\"elementor-column elementor-col-100 elementor-top-column elementor-element elementor-element-7d45cc68\" data-id=\"7d45cc68\" data-element_type=\"column\" data-e-type=\"column\">\n\t\t\t<div class=\"elementor-widget-wrap elementor-element-populated\">\n\t\t\t\t\t\t<div class=\"elementor-element elementor-element-571564ab elementor-widget elementor-widget-image\" data-id=\"571564ab\" data-element_type=\"widget\" data-e-type=\"widget\" data-widget_type=\"image.default\">\n\t\t\t\t<div class=\"elementor-widget-container\">\n\t\t\t\t\t\t\t\t\t\t\t\t\t\t\t<img fetchpriority=\"high\" decoding=\"async\" width=\"1920\" height=\"230\" src=\"https:\/\/hundertwasser-schule.de\/wp-content\/uploads\/2020\/03\/bild1.jpg\" class=\"attachment-full size-full wp-image-108\" alt=\"\" srcset=\"https:\/\/hundertwasser-schule.de\/wp-content\/uploads\/2020\/03\/bild1.jpg 1920w, https:\/\/hundertwasser-schule.de\/wp-content\/uploads\/2020\/03\/bild1-300x36.jpg 300w, https:\/\/hundertwasser-schule.de\/wp-content\/uploads\/2020\/03\/bild1-1024x123.jpg 1024w, https:\/\/hundertwasser-schule.de\/wp-content\/uploads\/2020\/03\/bild1-768x92.jpg 768w, https:\/\/hundertwasser-schule.de\/wp-content\/uploads\/2020\/03\/bild1-1536x184.jpg 1536w, https:\/\/hundertwasser-schule.de\/wp-content\/uploads\/2020\/03\/bild1-20x2.jpg 20w\" sizes=\"(max-width: 1920px) 100vw, 1920px\" \/>\t\t\t\t\t\t\t\t\t\t\t\t\t\t\t<\/div>\n\t\t\t\t<\/div>\n\t\t\t\t\t<\/div>\n\t\t<\/div>\n\t\t\t\t\t<\/div>\n\t\t<\/section>\n\t\t\t\t<section class=\"elementor-section elementor-top-section elementor-element elementor-element-18b68af6 elementor-section-height-min-height elementor-section-boxed elementor-section-height-default elementor-section-items-middle\" data-id=\"18b68af6\" data-element_type=\"section\" data-e-type=\"section\" data-settings=\"{&quot;background_background&quot;:&quot;classic&quot;}\">\n\t\t\t\t\t\t<div class=\"elementor-container elementor-column-gap-default\">\n\t\t\t\t\t<div class=\"elementor-column elementor-col-100 elementor-top-column elementor-element elementor-element-469e150c\" data-id=\"469e150c\" data-element_type=\"column\" data-e-type=\"column\">\n\t\t\t<div class=\"elementor-widget-wrap elementor-element-populated\">\n\t\t\t\t\t\t\t<\/div>\n\t\t<\/div>\n\t\t\t\t\t<\/div>\n\t\t<\/section>\n\t\t\t\t<section class=\"elementor-section elementor-top-section elementor-element elementor-element-57a6d64b elementor-section-boxed elementor-section-height-default elementor-section-height-default\" data-id=\"57a6d64b\" data-element_type=\"section\" data-e-type=\"section\">\n\t\t\t\t\t\t<div class=\"elementor-container elementor-column-gap-default\">\n\t\t\t\t\t<div class=\"elementor-column elementor-col-100 elementor-top-column elementor-element elementor-element-5c9e9def\" data-id=\"5c9e9def\" data-element_type=\"column\" data-e-type=\"column\">\n\t\t\t<div class=\"elementor-widget-wrap elementor-element-populated\">\n\t\t\t\t\t\t<div class=\"elementor-element elementor-element-5f85c158 elementor-widget elementor-widget-spacer\" data-id=\"5f85c158\" data-element_type=\"widget\" data-e-type=\"widget\" data-widget_type=\"spacer.default\">\n\t\t\t\t<div class=\"elementor-widget-container\">\n\t\t\t\t\t\t\t<div class=\"elementor-spacer\">\n\t\t\t<div class=\"elementor-spacer-inner\"><\/div>\n\t\t<\/div>\n\t\t\t\t\t\t<\/div>\n\t\t\t\t<\/div>\n\t\t\t\t\t<\/div>\n\t\t<\/div>\n\t\t\t\t\t<\/div>\n\t\t<\/section>\n\t\t\t\t<section class=\"elementor-section elementor-top-section elementor-element elementor-element-83b374e elementor-section-boxed elementor-section-height-default elementor-section-height-default\" data-id=\"83b374e\" data-element_type=\"section\" data-e-type=\"section\">\n\t\t\t\t\t\t<div class=\"elementor-container elementor-column-gap-default\">\n\t\t\t\t\t<div class=\"elementor-column elementor-col-100 elementor-top-column elementor-element elementor-element-3879ba0\" data-id=\"3879ba0\" data-element_type=\"column\" data-e-type=\"column\">\n\t\t\t<div class=\"elementor-widget-wrap elementor-element-populated\">\n\t\t\t\t\t\t<div class=\"elementor-element elementor-element-3f657f7 elementor-widget elementor-widget-text-editor\" data-id=\"3f657f7\" data-element_type=\"widget\" data-e-type=\"widget\" data-widget_type=\"text-editor.default\">\n\t\t\t\t<div class=\"elementor-widget-container\">\n\t\t\t\t\t\t\t\t\t<div>Di Sekolah Hundertwasser, semua komunikasi profesional didasarkan pada pendekatan yang berorientasi pada solusi dan sumber daya: semua percakapan dan refleksi dengan para siswa, percakapan KESS, semua percakapan dengan orang tua siswa, dan juga semua pengembangan staf dan rapat staf. Komunikasi yang berorientasi pada solusi memberikan kontribusi yang sangat besar terhadap atmosfer positif di sekolah kami dan fakta bahwa semua anak dan orang dewasa dapat merasa nyaman di sekolah ini.<\/div><div>Semua staf sekolah dan sekolah sepanjang hari menerima pelatihan dasar dalam komunikasi berorientasi solusi serta induksi yang didukung oleh tim. Setiap tahun, sekolah dan sekolah sepanjang hari, bekerja sama dengan Institut Komunikasi Berorientasi Solusi di Bielefeld (ILK), menawarkan kepada para kolega baru sebuah pengenalan tentang pekerjaan praktis dengan pendekatan konseling ini. Hari konsep reguler diadakan untuk semua staf sekolah dan sekolah sepanjang hari tentang topik ini.<\/div><p>Pengantar teori singkat, yang kami kutip berikut ini, dapat ditemukan di<cite class=\"iUh30\">www.loesungsfokussiert.de \u00a0\u00a0<\/cite><\/p><p>\u00a0<\/p><div>\"LFT* (terapi yang berfokus pada solusi) dikembangkan pada awal tahun 1980-an oleh Steve de Shazer, Insoo Kim Berg dan rekan-rekannya di Brief Family Therapy Center (Milwaukee, Amerika Serikat) dan telah dimodifikasi secara terus menerus. Pendekatan yang berfokus pada solusi adalah model yang tidak bergantung pada masalah dan sangat berorientasi pada sumber daya untuk melakukan percakapan di berbagai bidang aplikasi. Ciri khas dari pendekatan yang berfokus pada solusi adalah orientasi tujuan dan sumber daya yang intensif, pemberdayaan, dan pencarian pragmatis untuk langkah selanjutnya yang mungkin dilakukan untuk mencapai solusi. Asumsi dasar dari LFT adalah bahwa pemeriksaan mendalam terhadap struktur dan penyebab masalah tidak diperlukan untuk menemukan solusi. Sebaliknya, diasumsikan bahwa mendorong klien untuk membicarakan pengecualian terhadap masalah di masa lalu dan keinginan serta tujuan untuk masa depan akan sangat membantu dalam mengembangkan langkah-langkah solusi.<\/div><p>\u00a0<\/p><div>Kami berasumsi bahwa setiap orang telah memiliki semua sumber daya yang mereka butuhkan untuk mencari solusi. Tugas konselor adalah untuk mengaktifkan sumber-sumber daya ini dan mengarahkan percakapan menuju saat-saat ketika \"segala sesuatunya menjadi lebih baik\". Pada saat-saat bebas masalah ini dan dalam permainan mental \"berpura-pura - bahwa - masalah - telah - terpecahkan\" terdapat petunjuk-petunjuk yang berharga untuk pengembangan solusi yang sebenarnya. Praktisi yang berfokus pada solusi bersifat direktif dalam memandu percakapan menuju tujuan, sumber daya, dan langkah kecil pertama, tetapi sebisa mungkin tidak mengarahkan tentang isi dari apa yang dibicarakan. Klien menentukan arah dan jalannya. Pada saat yang sama, sumber daya yang ditemukan dan keberhasilan yang dicapai diperkuat secara langsung dan tidak langsung.\u00a0<\/div><p>Kami percaya bahwa cara terbaik untuk membantu orang mengatasi masalah adalah dengan memusatkan perhatian melalui percakapan pada tujuan, pengecualian dari masalah, dan kekuatan. Kami tidak terlalu banyak menganalisis bagaimana dan mengapa masalah itu muncul, tetapi lebih fokus pada tujuan yang ingin dicapai.<\/p><p>Biasanya, kami mengklarifikasi di awal percakapan tentang tujuan dan keinginan klien kami:<\/p><ul><li style=\"list-style-type: none;\"><ul><li>Seperti apa sebenarnya kehidupan setelah masalah-masalah itu hilang?<\/li><li>Apa yang akan dilakukan klien kami secara berbeda pertama kali?<\/li><li>Apa selanjutnya?<\/li><li>Siapa di lingkungannya yang pertama kali akan menyadari hilangnya masalah tanpa klien secara langsung mengatasinya?<\/li><\/ul><\/li><\/ul><p>\u00a0<\/p><p>Jadi langkah pertama adalah menyusun tujuan konkret bersama, gambaran masa depan yang diinginkan yang memberi klien kami arah baru (fokus).<\/p><p>Maka penting untuk mengetahui apa langkah pertama, kecil, konkret dan layak untuk mencapai tujuan ini. Apabila sudah jelas apa langkah pertama dan kecil yang bisa dilakukan, ide untuk langkah kecil dan kedua berikutnya sering muncul, ... .<\/p><div>Dalam mencari langkah-langkah kecil berikutnya, akan sangat membantu untuk memvisualisasikan ketika ada saat-saat ketika segala sesuatunya berjalan lebih baik dan mengapa hal tersebut berjalan lebih baik (pengecualian). Salah satu tugas utama kami adalah mendukung klien kami untuk mengaktifkan pengetahuan ini dan membuatnya dapat digunakan sebagai solusi masalah saat ini. Dalam semua ini, kami selalu memperhatikan tindakan, perasaan, dan pemikiran yang konkret. Dengan demikian, tindakan yang berfokus pada solusi sangat praktis dan berorientasi pada kehidupan pribadi atau profesional sehari-hari. \"Sangat penting untuk pekerjaan bersama di sekolah kami bahwa semua anggota staf di sekolah dan sekolah sepanjang hari di semua bidang pekerjaan bertemu satu sama lain serta para siswa dan keluarga mereka dengan sikap dasar yang sama dan berdasarkan sikap dasar yang sama ini.<\/div>\t\t\t\t\t\t\t\t<\/div>\n\t\t\t\t<\/div>\n\t\t\t\t\t<\/div>\n\t\t<\/div>\n\t\t\t\t\t<\/div>\n\t\t<\/section>\n\t\t\t\t<section class=\"elementor-section elementor-top-section elementor-element elementor-element-08158d6 elementor-section-boxed elementor-section-height-default elementor-section-height-default\" data-id=\"08158d6\" data-element_type=\"section\" data-e-type=\"section\">\n\t\t\t\t\t\t<div class=\"elementor-container elementor-column-gap-default\">\n\t\t\t\t\t<div class=\"elementor-column elementor-col-100 elementor-top-column elementor-element elementor-element-43e97ae\" data-id=\"43e97ae\" data-element_type=\"column\" data-e-type=\"column\">\n\t\t\t<div class=\"elementor-widget-wrap elementor-element-populated\">\n\t\t\t\t\t\t<div class=\"elementor-element elementor-element-e5f2233 elementor-widget elementor-widget-spacer\" data-id=\"e5f2233\" data-element_type=\"widget\" data-e-type=\"widget\" data-widget_type=\"spacer.default\">\n\t\t\t\t<div class=\"elementor-widget-container\">\n\t\t\t\t\t\t\t<div class=\"elementor-spacer\">\n\t\t\t<div class=\"elementor-spacer-inner\"><\/div>\n\t\t<\/div>\n\t\t\t\t\t\t<\/div>\n\t\t\t\t<\/div>\n\t\t\t\t\t<\/div>\n\t\t<\/div>\n\t\t\t\t\t<\/div>\n\t\t<\/section>\n\t\t\t\t<\/div>","protected":false},"excerpt":{"rendered":"<p>In der Hundertwasser-Schule basiert alle professionelle Kommunikation auf dem l\u00f6sungs- und ressourcenorientierten Ansatz: alle Gespr\u00e4che und Reflexionen mit den Sch\u00fclerinnen und Sch\u00fclern, die KESS-Gespr\u00e4che, alle Gespr\u00e4che mit den Eltern, aber auch alle Personalentwicklungs- und Mitarbeitergespr\u00e4che. Die l\u00f6sungsorientierte Komunikation leistet einen sehr gro\u00dfen Beitrag zu der positiven Atmosph\u00e4re an unserer Schule und dazu, dass sich alle [&hellip;]<\/p>\n","protected":false},"author":1,"featured_media":0,"parent":0,"menu_order":0,"comment_status":"closed","ping_status":"closed","template":"elementor_header_footer","meta":{"footnotes":""},"class_list":["post-31","page","type-page","status-publish","hentry"],"_links":{"self":[{"href":"https:\/\/hundertwasser-schule.de\/id_id\/wp-json\/wp\/v2\/pages\/31","targetHints":{"allow":["GET"]}}],"collection":[{"href":"https:\/\/hundertwasser-schule.de\/id_id\/wp-json\/wp\/v2\/pages"}],"about":[{"href":"https:\/\/hundertwasser-schule.de\/id_id\/wp-json\/wp\/v2\/types\/page"}],"author":[{"embeddable":true,"href":"https:\/\/hundertwasser-schule.de\/id_id\/wp-json\/wp\/v2\/users\/1"}],"replies":[{"embeddable":true,"href":"https:\/\/hundertwasser-schule.de\/id_id\/wp-json\/wp\/v2\/comments?post=31"}],"version-history":[{"count":3,"href":"https:\/\/hundertwasser-schule.de\/id_id\/wp-json\/wp\/v2\/pages\/31\/revisions"}],"predecessor-version":[{"id":197,"href":"https:\/\/hundertwasser-schule.de\/id_id\/wp-json\/wp\/v2\/pages\/31\/revisions\/197"}],"wp:attachment":[{"href":"https:\/\/hundertwasser-schule.de\/id_id\/wp-json\/wp\/v2\/media?parent=31"}],"curies":[{"name":"wp","href":"https:\/\/api.w.org\/{rel}","templated":true}]}}