{"id":43,"date":"2020-03-31T10:56:38","date_gmt":"2020-03-31T10:56:38","guid":{"rendered":"https:\/\/neu.hundertwasser-schule.de\/?page_id=43"},"modified":"2020-06-02T13:30:37","modified_gmt":"2020-06-02T11:30:37","slug":"der-traeger-spi","status":"publish","type":"page","link":"https:\/\/hundertwasser-schule.de\/id_id\/der-traeger-spi\/","title":{"rendered":"Sponsor: SPI"},"content":{"rendered":"<div data-elementor-type=\"wp-page\" data-elementor-id=\"43\" class=\"elementor elementor-43\" data-elementor-post-type=\"page\">\n\t\t\t\t\t\t<section class=\"elementor-section elementor-top-section elementor-element elementor-element-5a7a1fed elementor-section-stretched elementor-section-full_width elementor-section-height-default elementor-section-height-default\" data-id=\"5a7a1fed\" data-element_type=\"section\" data-e-type=\"section\" data-settings=\"{&quot;stretch_section&quot;:&quot;section-stretched&quot;}\">\n\t\t\t\t\t\t<div class=\"elementor-container elementor-column-gap-no\">\n\t\t\t\t\t<div class=\"elementor-column elementor-col-100 elementor-top-column elementor-element elementor-element-5828ac9d\" data-id=\"5828ac9d\" data-element_type=\"column\" data-e-type=\"column\">\n\t\t\t<div class=\"elementor-widget-wrap elementor-element-populated\">\n\t\t\t\t\t\t<div class=\"elementor-element elementor-element-5f14c8bc elementor-widget elementor-widget-image\" data-id=\"5f14c8bc\" data-element_type=\"widget\" data-e-type=\"widget\" data-widget_type=\"image.default\">\n\t\t\t\t<div class=\"elementor-widget-container\">\n\t\t\t\t\t\t\t\t\t\t\t\t\t\t\t<img fetchpriority=\"high\" decoding=\"async\" width=\"1920\" height=\"230\" src=\"https:\/\/hundertwasser-schule.de\/wp-content\/uploads\/2020\/03\/bild1.jpg\" class=\"attachment-full size-full wp-image-108\" alt=\"\" srcset=\"https:\/\/hundertwasser-schule.de\/wp-content\/uploads\/2020\/03\/bild1.jpg 1920w, https:\/\/hundertwasser-schule.de\/wp-content\/uploads\/2020\/03\/bild1-300x36.jpg 300w, https:\/\/hundertwasser-schule.de\/wp-content\/uploads\/2020\/03\/bild1-1024x123.jpg 1024w, https:\/\/hundertwasser-schule.de\/wp-content\/uploads\/2020\/03\/bild1-768x92.jpg 768w, https:\/\/hundertwasser-schule.de\/wp-content\/uploads\/2020\/03\/bild1-1536x184.jpg 1536w, https:\/\/hundertwasser-schule.de\/wp-content\/uploads\/2020\/03\/bild1-20x2.jpg 20w\" sizes=\"(max-width: 1920px) 100vw, 1920px\" \/>\t\t\t\t\t\t\t\t\t\t\t\t\t\t\t<\/div>\n\t\t\t\t<\/div>\n\t\t\t\t\t<\/div>\n\t\t<\/div>\n\t\t\t\t\t<\/div>\n\t\t<\/section>\n\t\t\t\t<section class=\"elementor-section elementor-top-section elementor-element elementor-element-9d858a9 elementor-section-height-min-height elementor-section-boxed elementor-section-height-default elementor-section-items-middle\" data-id=\"9d858a9\" data-element_type=\"section\" data-e-type=\"section\" data-settings=\"{&quot;background_background&quot;:&quot;classic&quot;}\">\n\t\t\t\t\t\t<div class=\"elementor-container elementor-column-gap-default\">\n\t\t\t\t\t<div class=\"elementor-column elementor-col-100 elementor-top-column elementor-element elementor-element-3fb06de9\" data-id=\"3fb06de9\" data-element_type=\"column\" data-e-type=\"column\">\n\t\t\t<div class=\"elementor-widget-wrap elementor-element-populated\">\n\t\t\t\t\t\t\t<\/div>\n\t\t<\/div>\n\t\t\t\t\t<\/div>\n\t\t<\/section>\n\t\t\t\t<section class=\"elementor-section elementor-top-section elementor-element elementor-element-f6e6cca elementor-section-boxed elementor-section-height-default elementor-section-height-default\" data-id=\"f6e6cca\" data-element_type=\"section\" data-e-type=\"section\">\n\t\t\t\t\t\t<div class=\"elementor-container elementor-column-gap-default\">\n\t\t\t\t\t<div class=\"elementor-column elementor-col-100 elementor-top-column elementor-element elementor-element-1113d1a7\" data-id=\"1113d1a7\" data-element_type=\"column\" data-e-type=\"column\">\n\t\t\t<div class=\"elementor-widget-wrap elementor-element-populated\">\n\t\t\t\t\t\t<div class=\"elementor-element elementor-element-2481ebfb elementor-widget elementor-widget-spacer\" data-id=\"2481ebfb\" data-element_type=\"widget\" data-e-type=\"widget\" data-widget_type=\"spacer.default\">\n\t\t\t\t<div class=\"elementor-widget-container\">\n\t\t\t\t\t\t\t<div class=\"elementor-spacer\">\n\t\t\t<div class=\"elementor-spacer-inner\"><\/div>\n\t\t<\/div>\n\t\t\t\t\t\t<\/div>\n\t\t\t\t<\/div>\n\t\t\t\t\t<\/div>\n\t\t<\/div>\n\t\t\t\t\t<\/div>\n\t\t<\/section>\n\t\t\t\t<section class=\"elementor-section elementor-top-section elementor-element elementor-element-0832c41 elementor-section-boxed elementor-section-height-default elementor-section-height-default\" data-id=\"0832c41\" data-element_type=\"section\" data-e-type=\"section\">\n\t\t\t\t\t\t<div class=\"elementor-container elementor-column-gap-default\">\n\t\t\t\t\t<div class=\"elementor-column elementor-col-100 elementor-top-column elementor-element elementor-element-624cc38\" data-id=\"624cc38\" data-element_type=\"column\" data-e-type=\"column\">\n\t\t\t<div class=\"elementor-widget-wrap elementor-element-populated\">\n\t\t\t\t\t\t<div class=\"elementor-element elementor-element-7dfce16 elementor-widget elementor-widget-text-editor\" data-id=\"7dfce16\" data-element_type=\"widget\" data-e-type=\"widget\" data-widget_type=\"text-editor.default\">\n\t\t\t\t<div class=\"elementor-widget-container\">\n\t\t\t\t\t\t\t\t\t<p>Institut Pedagogis Sosial G\u00fctersloh e.V. bertanggung jawab atas program terbuka sepanjang hari. \u00a0 \u00a0 <a href=\"http:\/\/www.spi-gt.de\/\"><img decoding=\"async\" src=\"http:\/\/hundertwasser-schule.de\/inhalte\/2offenerganztag\/6Traeger\/spi.jpg\" alt=\"\" \/><\/a><br \/>SPI G\u00fctersloh e.V. adalah organisasi kesejahteraan pemuda yang diakui menurut \u00a7 75 KJHG dan penyedia layanan dalam konteks intervensi dini. SPI G\u00fctersloh e.V. telah menjadi anggota Asosiasi Kesejahteraan Paritas Jerman (DPWV) sejak 7 September 2001.<\/p><p>Asosiasi ini telah menetapkan tujuan untuk mendukung anak-anak, remaja dan keluarga mereka yang mengalami keterlambatan perkembangan, masalah perilaku dan\/atau anak-anak, remaja dan keluarga mereka yang kurang beruntung secara sosial melalui tindakan yang sesuai dan dengan demikian membantu mereka mengembangkan dan melatih kepribadian mereka. Selain itu, SPI telah menetapkan tugas untuk menyediakan layanan di bidang sekolah terbuka sepanjang hari sebagai bagian dari misi pendidikannya yang menyeluruh.<\/p><p>SPI G\u00fctersloh e.V. adalah sebuah lembaga modern yang terdesentralisasi dengan pengalaman lebih dari 10 tahun di berbagai bidang kesejahteraan anak dan remaja. Social Pedagogical Institute mengembangkan layanan individual dan layanan yang berbeda untuk anak-anak, remaja dan keluarga.<br \/>Bidang pekerjaan utamanya adalah:<\/p><p>- Langkah-langkah kesejahteraan pemuda rawat jalan yang fleksibel\u00a0<br \/>- Dukungan pendidikan kuratif\/pengembangan psikomotorik\u00a0<br \/>- Tindakan kesejahteraan remaja rawat inap parsial (kelompok harian)\u00a0<br \/>- Buka sepanjang hari dan layanan penitipan anak\u00a0<br \/>- Pekerjaan sosial sekolah\u00a0<\/p><p>Sozialp\u00e4dagogisches Institut G\u00fctersloh (SPI) e. V. aktif di seluruh kota dan distrik G\u00fctersloh. Terdapat perjanjian kerja sama dengan kantor kesejahteraan pemuda, kota dan distrik G\u00fctersloh serta kantor kesejahteraan sosial distrik G\u00fctersloh.<br \/>Untuk tujuan pengembangan dan penjaminan mutu, SPI secara teratur berpartisipasi dalam berbagai kelompok ahli di tingkat regional dan supra-regional.<\/p>\t\t\t\t\t\t\t\t<\/div>\n\t\t\t\t<\/div>\n\t\t\t\t\t<\/div>\n\t\t<\/div>\n\t\t\t\t\t<\/div>\n\t\t<\/section>\n\t\t\t\t<section class=\"elementor-section elementor-top-section elementor-element elementor-element-c429ca2 elementor-section-boxed elementor-section-height-default elementor-section-height-default\" data-id=\"c429ca2\" data-element_type=\"section\" data-e-type=\"section\">\n\t\t\t\t\t\t<div class=\"elementor-container elementor-column-gap-default\">\n\t\t\t\t\t<div class=\"elementor-column elementor-col-100 elementor-top-column elementor-element elementor-element-659c433\" data-id=\"659c433\" data-element_type=\"column\" data-e-type=\"column\">\n\t\t\t<div class=\"elementor-widget-wrap elementor-element-populated\">\n\t\t\t\t\t\t<div class=\"elementor-element elementor-element-ff5bef4 elementor-widget elementor-widget-spacer\" data-id=\"ff5bef4\" data-element_type=\"widget\" data-e-type=\"widget\" data-widget_type=\"spacer.default\">\n\t\t\t\t<div class=\"elementor-widget-container\">\n\t\t\t\t\t\t\t<div class=\"elementor-spacer\">\n\t\t\t<div class=\"elementor-spacer-inner\"><\/div>\n\t\t<\/div>\n\t\t\t\t\t\t<\/div>\n\t\t\t\t<\/div>\n\t\t\t\t\t<\/div>\n\t\t<\/div>\n\t\t\t\t\t<\/div>\n\t\t<\/section>\n\t\t\t\t<\/div>","protected":false},"excerpt":{"rendered":"<p>Tr\u00e4ger des Offenen Ganztages ist das Sozialp\u00e4dagogische Institut G\u00fctersloh e.V. \u00a0 \u00a0 Das SPI G\u00fctersloh e.V. ist anerkannter Tr\u00e4ger der Jugendhilfe nach \u00a7 75 KJHG und Dienstleister im Rahmen der Fr\u00fchf\u00f6rderung. Seit dem 07.09.2001 ist das SPI G\u00fctersloh e.V. Mitglied im Deutschen Parit\u00e4tischen Wohlfahrtsverband (DPWV). Der Verein hat sich zum Ziel gesetzt, entwicklungsverz\u00f6gerte, verhaltensauff\u00e4llige und\/oder [&hellip;]<\/p>\n","protected":false},"author":1,"featured_media":0,"parent":0,"menu_order":0,"comment_status":"closed","ping_status":"closed","template":"elementor_header_footer","meta":{"footnotes":""},"class_list":["post-43","page","type-page","status-publish","hentry"],"_links":{"self":[{"href":"https:\/\/hundertwasser-schule.de\/id_id\/wp-json\/wp\/v2\/pages\/43","targetHints":{"allow":["GET"]}}],"collection":[{"href":"https:\/\/hundertwasser-schule.de\/id_id\/wp-json\/wp\/v2\/pages"}],"about":[{"href":"https:\/\/hundertwasser-schule.de\/id_id\/wp-json\/wp\/v2\/types\/page"}],"author":[{"embeddable":true,"href":"https:\/\/hundertwasser-schule.de\/id_id\/wp-json\/wp\/v2\/users\/1"}],"replies":[{"embeddable":true,"href":"https:\/\/hundertwasser-schule.de\/id_id\/wp-json\/wp\/v2\/comments?post=43"}],"version-history":[{"count":4,"href":"https:\/\/hundertwasser-schule.de\/id_id\/wp-json\/wp\/v2\/pages\/43\/revisions"}],"predecessor-version":[{"id":1099,"href":"https:\/\/hundertwasser-schule.de\/id_id\/wp-json\/wp\/v2\/pages\/43\/revisions\/1099"}],"wp:attachment":[{"href":"https:\/\/hundertwasser-schule.de\/id_id\/wp-json\/wp\/v2\/media?parent=43"}],"curies":[{"name":"wp","href":"https:\/\/api.w.org\/{rel}","templated":true}]}}