{"id":4664,"date":"2023-11-07T21:28:29","date_gmt":"2023-11-07T20:28:29","guid":{"rendered":"https:\/\/hundertwasser-schule.de\/?page_id=4664"},"modified":"2024-05-16T13:25:07","modified_gmt":"2024-05-16T11:25:07","slug":"lies-mit-projekt","status":"publish","type":"page","link":"https:\/\/hundertwasser-schule.de\/id_id\/lies-mit-projekt\/","title":{"rendered":"Baca terus! - Proyek"},"content":{"rendered":"<div data-elementor-type=\"wp-page\" data-elementor-id=\"4664\" class=\"elementor elementor-4664\" data-elementor-post-type=\"page\">\n\t\t\t\t\t\t<section class=\"elementor-section elementor-top-section elementor-element elementor-element-8e29a50 elementor-section-boxed elementor-section-height-default elementor-section-height-default\" data-id=\"8e29a50\" data-element_type=\"section\" data-e-type=\"section\">\n\t\t\t\t\t\t<div class=\"elementor-container elementor-column-gap-default\">\n\t\t\t\t\t<div class=\"elementor-column elementor-col-100 elementor-top-column elementor-element elementor-element-1832f55\" data-id=\"1832f55\" data-element_type=\"column\" data-e-type=\"column\">\n\t\t\t<div class=\"elementor-widget-wrap elementor-element-populated\">\n\t\t\t\t\t\t<div class=\"elementor-element elementor-element-deb3dc9 elementor-widget elementor-widget-text-editor\" data-id=\"deb3dc9\" data-element_type=\"widget\" data-e-type=\"widget\" data-widget_type=\"text-editor.default\">\n\t\t\t\t<div class=\"elementor-widget-container\">\n\t\t\t\t\t\t\t\t\t<p><span style=\"color: #0000ff;\"><b>Tentang proyek<\/b><\/span><\/p><p>Proyek \"Lies mit\" merupakan tawaran bersama dari inspektorat sekolah untuk sekolah dasar di distrik G\u00fctersloh, tim kompetensi, manajemen pendidikan dan dinas pendidikan di distrik G\u00fctersloh, Pusat Pendidikan dan Peluang dan Yayasan Reinhard Mohn.<\/p><p>Kami sangat senang bahwa staf di Sekolah Hundertwasser dengan suara bulat setuju untuk mengambil bagian dalam proyek \"Lies mit\" di distrik G\u00fctersloh pada tahun ajaran 2023\/24 dan akan mengambil bagian dalam sesi pelatihan dengan sekolah dasar lainnya dalam waktu 18 bulan. Ide utama dari proyek ini adalah promosi membaca secara sistematis sebagai bagian dari proyek pengembangan sekolah yang didukung oleh semua kolega.<\/p><p>The\u00a0<strong>Sasaran terperinci<\/strong>\u00a0adalah sebagai berikut:<\/p><ol><li>Semua siswa yang diajar di tingkat yang sama mencapai kisaran standar penyaringan membaca Salzburg di paruh pertama kelas empat.<\/li><li>Murid-murid berkebutuhan khusus di sekolah yang berpartisipasi meningkatkan kecepatan membaca mereka dengan mengikuti pelatihan membaca secara rutin selama masa sekolah dasar.<\/li><li>Para guru menerapkan pelatihan membaca paling lambat pada tahun ajaran keempat setelah dimulainya partisipasi dalam proyek ini.<\/li><li>Proyek ini akan diujicobakan di lima sekolah dasar mulai tahun ajaran mendatang. Sekolah-sekolah ini mengajukan permohonan untuk ikut serta setelah mengikuti acara informasi dan penilaian.<\/li><\/ol><p><strong>Struktur penawaran<\/strong><\/p><p>Para guru dari sekolah dasar yang berpartisipasi mengambil bagian dalam tujuh modul selama 18 bulan.<strong>\u00a0<\/strong>yang mencakup topik-topik berikut:<br \/>Kefasihan membaca, diagnosis, dan lima metode membaca suara: Membaca paduan suara, membaca dadu, membaca tandem, membaca dengan buku audio, dan teater baca nyaring.<\/p><p>Setiap modul<strong>\u00a0<\/strong>terdiri dari:<\/p><ul><li>film, bertukar pikiran tentang film dan merencanakan pelaksanaannya<br \/>dalam tim tahun ini<\/li><li>Implementasi metode baca nyaring<\/li><li>Pertukaran antar sekolah<\/li><li>Tes dengan Skrining Membaca Salzburg dalam versi online gratis<\/li><li>Diskusi hasil-hasil dalam tim tahun ini.<\/li><\/ul><p>Jika Anda menginginkan informasi lebih rinci, Anda dapat menemukannya di sini\u00a0<strong>film tentang proyek tersebut:<br \/><\/strong><a href=\"https:\/\/youtu.be\/Q9TwVTWEg60?list=PL5LYbSLXzQs-pIlZO-9nmDxBdt5-eU7Qp\"><strong>https:\/\/youtu.be\/Q9TwVTWEg60?list=PL5LYbSLXzQs-pIlZO-9nmDxBdt5-<\/strong><\/a><a href=\"https:\/\/www.kreis-guetersloh.de\/themen\/bildung\/bildungsmanagement-und-bildungsbuero\/lies-mit\/qr-code.jpg?cid=18mk.5vo1\"><strong>eU7Qp<\/strong><\/a><strong>\u00a0 \u00a0<\/strong><\/p>\t\t\t\t\t\t\t\t<\/div>\n\t\t\t\t<\/div>\n\t\t\t\t<div class=\"elementor-element elementor-element-84b3ccb elementor-widget elementor-widget-text-editor\" data-id=\"84b3ccb\" data-element_type=\"widget\" data-e-type=\"widget\" data-widget_type=\"text-editor.default\">\n\t\t\t\t<div class=\"elementor-widget-container\">\n\t\t\t\t\t\t\t\t\t<p><span style=\"color: #0000ff;\"><strong>\"Membaca bersama\" di sekolah Hundertwasser<\/strong><\/span><\/p><p>Tahun ajaran 2023\/2024 dimulai dengan sejumlah perubahan untuk semua sekolah dasar. Di antaranya, negara bagian North Rhine-Westphalia mendorong sekolah dasar untuk memprioritaskan kegiatan membaca dan memasukkan waktu membaca wajib ke dalam jadwal pelajaran. Meningkatkan kelancaran membaca dan kemampuan untuk memahami sesuatu serta kegembiraan membaca merupakan tujuan yang penting.<\/p><p>Dalam perjalanannya, proyek ini <strong>\"Baca bersama\"<\/strong>yang telah diikuti dengan antusias oleh staf di Sekolah Hundertwasser sejak awal tahun ajaran. Proyek ini merupakan tawaran bersama dari inspektorat sekolah untuk sekolah dasar di distrik G\u00fctersloh, tim kompetensi, dinas pendidikan dan manajemen pendidikan, Pusat Pendidikan dan Sekolah Digital dan Yayasan Reinhard Mohn dan mencakup berbagai modul pelatihan, yang kemudian diimplementasikan dalam pengajaran sehari-hari dan kemudian direfleksikan sebagai bagian dari proyek.<\/p><p>Selama beberapa minggu ini, kalimat berikut ini telah terdengar empat kali seminggu pada waktu yang tetap di seluruh gedung sekolah: \"Ayo mulai membaca. Jari di bawah \"...\" - 3-2-1 ...\". Kami kemudian membaca bersama dalam paduan suara. Selama 15-20 menit waktu promosi membaca ini, anak-anak mencoba berbagai metode membaca dengan suara keras, seperti membaca paduan suara, membaca kubus, atau membaca buku audio. Semua metode tersebut telah terbukti meningkatkan kelancaran membaca, pemahaman membaca, dan motivasi membaca - dengan kata lain, dasar dari semua pendidikan. Kemajuan kemampuan membaca siswa diukur melalui tes rutin dengan Salzburg Reading Screening dalam versi online.<\/p><p>Anak-anak tidak sabar untuk menemukan dan membaca teks dan bacaan baru serta mempelajari dan mencoba teknik membaca suara lainnya.<\/p><p>Kami sangat antusias untuk melihat apa yang akan terjadi selanjutnya!\u00a0<\/p>\t\t\t\t\t\t\t\t<\/div>\n\t\t\t\t<\/div>\n\t\t\t\t<div class=\"elementor-element elementor-element-80f5d5f elementor-widget elementor-widget-video\" data-id=\"80f5d5f\" data-element_type=\"widget\" data-e-type=\"widget\" data-settings=\"{&quot;video_type&quot;:&quot;hosted&quot;,&quot;controls&quot;:&quot;yes&quot;}\" data-widget_type=\"video.default\">\n\t\t\t\t<div class=\"elementor-widget-container\">\n\t\t\t\t\t\t\t<div class=\"e-hosted-video elementor-wrapper elementor-open-inline\">\n\t\t\t\t\t<video class=\"elementor-video\" src=\"http:\/\/hundertwasser-schule.de\/wp-content\/uploads\/2023\/11\/IMG_2543.mov\" controls=\"\" preload=\"metadata\" controlslist=\"nodownload\"><\/video>\n\t\t\t\t<\/div>\n\t\t\t\t\t\t<\/div>\n\t\t\t\t<\/div>\n\t\t\t\t<div class=\"elementor-element elementor-element-1402dd5 elementor-widget elementor-widget-gallery\" data-id=\"1402dd5\" data-element_type=\"widget\" data-e-type=\"widget\" data-settings=\"{&quot;lazyload&quot;:&quot;yes&quot;,&quot;gallery_layout&quot;:&quot;grid&quot;,&quot;columns&quot;:4,&quot;columns_tablet&quot;:2,&quot;columns_mobile&quot;:1,&quot;gap&quot;:{&quot;unit&quot;:&quot;px&quot;,&quot;size&quot;:10,&quot;sizes&quot;:[]},&quot;gap_tablet&quot;:{&quot;unit&quot;:&quot;px&quot;,&quot;size&quot;:10,&quot;sizes&quot;:[]},&quot;gap_mobile&quot;:{&quot;unit&quot;:&quot;px&quot;,&quot;size&quot;:10,&quot;sizes&quot;:[]},&quot;link_to&quot;:&quot;file&quot;,&quot;aspect_ratio&quot;:&quot;3:2&quot;,&quot;overlay_background&quot;:&quot;yes&quot;,&quot;content_hover_animation&quot;:&quot;fade-in&quot;}\" data-widget_type=\"gallery.default\">\n\t\t\t\t<div class=\"elementor-widget-container\">\n\t\t\t\t\t\t\t<div class=\"elementor-gallery__container\">\n\t\t\t\t\t<\/div>\n\t\t\t\t\t<\/div>\n\t\t\t\t<\/div>\n\t\t\t\t\t<\/div>\n\t\t<\/div>\n\t\t\t\t\t<\/div>\n\t\t<\/section>\n\t\t\t\t<section class=\"elementor-section elementor-top-section elementor-element elementor-element-ec3786e elementor-section-boxed elementor-section-height-default elementor-section-height-default\" data-id=\"ec3786e\" data-element_type=\"section\" data-e-type=\"section\">\n\t\t\t\t\t\t<div class=\"elementor-container elementor-column-gap-default\">\n\t\t\t\t\t<div class=\"elementor-column elementor-col-100 elementor-top-column elementor-element elementor-element-d6b72ee\" data-id=\"d6b72ee\" data-element_type=\"column\" data-e-type=\"column\">\n\t\t\t<div class=\"elementor-widget-wrap\">\n\t\t\t\t\t\t\t<\/div>\n\t\t<\/div>\n\t\t\t\t\t<\/div>\n\t\t<\/section>\n\t\t\t\t<\/div>","protected":false},"excerpt":{"rendered":"<p>\u00dcber das Projekt Das Projekt\u00a0\u201eLies\u00a0mit\u201c ist ein gemeinsames Angebot der Schulaufsichten f\u00fcr die Grundschulen im Kreis G\u00fctersloh, des Kompetenzteams, des Bildungsmanagements und Bildungsb\u00fcro im Kreis G\u00fctersloh, des Zentrums f\u00fcr Bildung und Chancen und der Reinhard Mohn Stiftung. Wir freuen uns, dass sich das Kollegium der Hundertwasser-Schule einstimmig im Schuljahr 2023\/24 auf das Projekt \u201eLies mit\u201c [&hellip;]<\/p>\n","protected":false},"author":4,"featured_media":0,"parent":0,"menu_order":0,"comment_status":"closed","ping_status":"closed","template":"","meta":{"footnotes":""},"class_list":["post-4664","page","type-page","status-publish","hentry"],"_links":{"self":[{"href":"https:\/\/hundertwasser-schule.de\/id_id\/wp-json\/wp\/v2\/pages\/4664","targetHints":{"allow":["GET"]}}],"collection":[{"href":"https:\/\/hundertwasser-schule.de\/id_id\/wp-json\/wp\/v2\/pages"}],"about":[{"href":"https:\/\/hundertwasser-schule.de\/id_id\/wp-json\/wp\/v2\/types\/page"}],"author":[{"embeddable":true,"href":"https:\/\/hundertwasser-schule.de\/id_id\/wp-json\/wp\/v2\/users\/4"}],"replies":[{"embeddable":true,"href":"https:\/\/hundertwasser-schule.de\/id_id\/wp-json\/wp\/v2\/comments?post=4664"}],"version-history":[{"count":5,"href":"https:\/\/hundertwasser-schule.de\/id_id\/wp-json\/wp\/v2\/pages\/4664\/revisions"}],"predecessor-version":[{"id":5238,"href":"https:\/\/hundertwasser-schule.de\/id_id\/wp-json\/wp\/v2\/pages\/4664\/revisions\/5238"}],"wp:attachment":[{"href":"https:\/\/hundertwasser-schule.de\/id_id\/wp-json\/wp\/v2\/media?parent=4664"}],"curies":[{"name":"wp","href":"https:\/\/api.w.org\/{rel}","templated":true}]}}