{"id":4664,"date":"2023-11-07T21:28:29","date_gmt":"2023-11-07T20:28:29","guid":{"rendered":"https:\/\/hundertwasser-schule.de\/?page_id=4664"},"modified":"2024-05-16T13:25:07","modified_gmt":"2024-05-16T11:25:07","slug":"lies-mit-projekt","status":"publish","type":"page","link":"https:\/\/hundertwasser-schule.de\/it_it\/lies-mit-projekt\/","title":{"rendered":"Leggete insieme a noi! - Progetto"},"content":{"rendered":"<div data-elementor-type=\"wp-page\" data-elementor-id=\"4664\" class=\"elementor elementor-4664\" data-elementor-post-type=\"page\">\n\t\t\t\t\t\t<section class=\"elementor-section elementor-top-section elementor-element elementor-element-8e29a50 elementor-section-boxed elementor-section-height-default elementor-section-height-default\" data-id=\"8e29a50\" data-element_type=\"section\" data-e-type=\"section\">\n\t\t\t\t\t\t<div class=\"elementor-container elementor-column-gap-default\">\n\t\t\t\t\t<div class=\"elementor-column elementor-col-100 elementor-top-column elementor-element elementor-element-1832f55\" data-id=\"1832f55\" data-element_type=\"column\" data-e-type=\"column\">\n\t\t\t<div class=\"elementor-widget-wrap elementor-element-populated\">\n\t\t\t\t\t\t<div class=\"elementor-element elementor-element-deb3dc9 elementor-widget elementor-widget-text-editor\" data-id=\"deb3dc9\" data-element_type=\"widget\" data-e-type=\"widget\" data-widget_type=\"text-editor.default\">\n\t\t\t\t<div class=\"elementor-widget-container\">\n\t\t\t\t\t\t\t\t\t<p><span style=\"color: #0000ff;\"><b>Il progetto<\/b><\/span><\/p><p>Il progetto \"Lies mit\" \u00e8 un'offerta congiunta degli ispettorati scolastici delle scuole primarie del distretto di G\u00fctersloh, del team di competenza, dell'ufficio per la gestione e l'istruzione del distretto di G\u00fctersloh, del Centro per l'istruzione e le opportunit\u00e0 e della Fondazione Reinhard Mohn.<\/p><p>Siamo lieti che il personale della scuola Hundertwasser abbia accettato all'unanimit\u00e0 di partecipare al progetto \"Lies mit\" nel distretto di G\u00fctersloh nell'anno scolastico 2023\/24 e che prender\u00e0 parte alle sessioni di formazione con altre scuole primarie entro 18 mesi. L'idea centrale del progetto \u00e8 la promozione sistematica della lettura come parte di un progetto di sviluppo scolastico sostenuto da tutti i colleghi.<\/p><p>Il\u00a0<strong>Obiettivi dettagliati<\/strong>\u00a0sono i seguenti:<\/p><ol><li>Tutti gli alunni che ricevono un insegnamento di pari livello raggiungono la fascia standard dello screening di lettura di Salisburgo nella prima met\u00e0 della quarta classe.<\/li><li>Gli alunni con bisogni speciali della scuola partecipante migliorano la loro velocit\u00e0 di lettura partecipando regolarmente a corsi di lettura durante gli anni della scuola primaria.<\/li><li>Gli insegnanti attuano la formazione sulla lettura al pi\u00f9 tardi nel quarto anno scolastico dopo l'inizio della partecipazione al progetto.<\/li><li>Il progetto sar\u00e0 sperimentato con cinque scuole primarie a partire dal prossimo anno scolastico. Queste scuole si sono candidate a partecipare dopo un evento di informazione e valutazione.<\/li><\/ol><p><strong>La struttura dell'offerta<\/strong><\/p><p>Gli insegnanti delle scuole primarie partecipanti partecipano a sette moduli nell'arco di 18 mesi.<strong>\u00a0<\/strong>che coprono i seguenti argomenti:<br \/>Fluidit\u00e0 di lettura, diagnosi e cinque metodi di lettura sonora: Lettura corale, lettura a dadi, lettura in tandem, lettura con audiolibro e lettura teatrale ad alta voce.<\/p><p>Ogni modulo<strong>\u00a0<\/strong>\u00e8 costituito da:<\/p><ul><li>un film, scambio sul film e pianificazione della realizzazione<br \/>nel team dell'anno<\/li><li>Implementazione del metodo di lettura ad alta voce<\/li><li>Scambio interscolastico<\/li><li>Test con il Salzburg Reading Screening in una versione online gratuita<\/li><li>Discussione dei risultati nel team dell'anno.<\/li><\/ul><p>Se desiderate informazioni pi\u00f9 dettagliate, potete trovarle qui\u00a0<strong>il film sul progetto:<br \/><\/strong><a href=\"https:\/\/youtu.be\/Q9TwVTWEg60?list=PL5LYbSLXzQs-pIlZO-9nmDxBdt5-eU7Qp\"><strong>https:\/\/youtu.be\/Q9TwVTWEg60?list=PL5LYbSLXzQs-pIlZO-9nmDxBdt5-<\/strong><\/a><a href=\"https:\/\/www.kreis-guetersloh.de\/themen\/bildung\/bildungsmanagement-und-bildungsbuero\/lies-mit\/qr-code.jpg?cid=18mk.5vo1\"><strong>eU7Qp<\/strong><\/a><strong>\u00a0 \u00a0<\/strong><\/p>\t\t\t\t\t\t\t\t<\/div>\n\t\t\t\t<\/div>\n\t\t\t\t<div class=\"elementor-element elementor-element-84b3ccb elementor-widget elementor-widget-text-editor\" data-id=\"84b3ccb\" data-element_type=\"widget\" data-e-type=\"widget\" data-widget_type=\"text-editor.default\">\n\t\t\t\t<div class=\"elementor-widget-container\">\n\t\t\t\t\t\t\t\t\t<p><span style=\"color: #0000ff;\"><strong>\"Leggere insieme\" alla scuola Hundertwasser<\/strong><\/span><\/p><p>L'anno scolastico 2023\/2024 inizia con una serie di cambiamenti per tutte le scuole primarie. Tra le altre cose, lo Stato della Renania Settentrionale-Vestfalia incoraggia le scuole primarie a dare priorit\u00e0 alla lettura e a inserire nell'orario delle ore di lettura obbligatorie. Aumentare la fluidit\u00e0 della lettura e la capacit\u00e0 di dare un senso alle cose, nonch\u00e9 il piacere di leggere, sono obiettivi importanti.<\/p><p>Nel corso di questo, il progetto <strong>\"Leggi tutto\"<\/strong>a cui il personale della scuola Hundertwasser partecipa con entusiasmo dall'inizio dell'anno scolastico. Il progetto \u00e8 un'offerta congiunta degli ispettorati scolastici per le scuole primarie del distretto di G\u00fctersloh, del team di competenza, dell'ufficio istruzione e della direzione didattica, del Centro per l'istruzione e la scuola digitale e della Fondazione Reinhard Mohn e comprende vari moduli di formazione, che vengono poi implementati nell'insegnamento quotidiano e sui quali si riflette successivamente nell'ambito del progetto.<\/p><p>Da diverse settimane, la seguente frase si sente quattro volte alla settimana, a un orario fisso, in tutto l'edificio scolastico: \"Cominciamo a leggere\". Dita sotto \"...\" - 3-2-1 ...\". Poi leggiamo insieme in coro. Durante questi 15-20 minuti di promozione della lettura, i bambini sperimentano vari metodi di lettura ad alta voce, come la lettura corale, i cubi di lettura o la lettura di audiolibri. \u00c8 stato dimostrato che tutti i metodi promuovono la fluidit\u00e0 della lettura, la comprensione della lettura e la motivazione alla lettura - in altre parole, la base di tutta l'educazione. I progressi delle capacit\u00e0 di lettura degli alunni vengono misurati attraverso test regolari con il Salzburg Reading Screening in versione online.<\/p><p>I bambini non vedono l'ora di scoprire e leggere nuovi testi e letture e di conoscere e provare altre tecniche di lettura sonora.<\/p><p>Non vediamo l'ora di vedere cosa succeder\u00e0!\u00a0<\/p>\t\t\t\t\t\t\t\t<\/div>\n\t\t\t\t<\/div>\n\t\t\t\t<div class=\"elementor-element elementor-element-80f5d5f elementor-widget elementor-widget-video\" data-id=\"80f5d5f\" data-element_type=\"widget\" data-e-type=\"widget\" data-settings=\"{&quot;video_type&quot;:&quot;hosted&quot;,&quot;controls&quot;:&quot;yes&quot;}\" data-widget_type=\"video.default\">\n\t\t\t\t<div class=\"elementor-widget-container\">\n\t\t\t\t\t\t\t<div class=\"e-hosted-video elementor-wrapper elementor-open-inline\">\n\t\t\t\t\t<video class=\"elementor-video\" src=\"http:\/\/hundertwasser-schule.de\/wp-content\/uploads\/2023\/11\/IMG_2543.mov\" controls=\"\" preload=\"metadata\" controlslist=\"nodownload\"><\/video>\n\t\t\t\t<\/div>\n\t\t\t\t\t\t<\/div>\n\t\t\t\t<\/div>\n\t\t\t\t<div class=\"elementor-element elementor-element-1402dd5 elementor-widget elementor-widget-gallery\" data-id=\"1402dd5\" data-element_type=\"widget\" data-e-type=\"widget\" data-settings=\"{&quot;lazyload&quot;:&quot;yes&quot;,&quot;gallery_layout&quot;:&quot;grid&quot;,&quot;columns&quot;:4,&quot;columns_tablet&quot;:2,&quot;columns_mobile&quot;:1,&quot;gap&quot;:{&quot;unit&quot;:&quot;px&quot;,&quot;size&quot;:10,&quot;sizes&quot;:[]},&quot;gap_tablet&quot;:{&quot;unit&quot;:&quot;px&quot;,&quot;size&quot;:10,&quot;sizes&quot;:[]},&quot;gap_mobile&quot;:{&quot;unit&quot;:&quot;px&quot;,&quot;size&quot;:10,&quot;sizes&quot;:[]},&quot;link_to&quot;:&quot;file&quot;,&quot;aspect_ratio&quot;:&quot;3:2&quot;,&quot;overlay_background&quot;:&quot;yes&quot;,&quot;content_hover_animation&quot;:&quot;fade-in&quot;}\" data-widget_type=\"gallery.default\">\n\t\t\t\t<div class=\"elementor-widget-container\">\n\t\t\t\t\t\t\t<div class=\"elementor-gallery__container\">\n\t\t\t\t\t<\/div>\n\t\t\t\t\t<\/div>\n\t\t\t\t<\/div>\n\t\t\t\t\t<\/div>\n\t\t<\/div>\n\t\t\t\t\t<\/div>\n\t\t<\/section>\n\t\t\t\t<section class=\"elementor-section elementor-top-section elementor-element elementor-element-ec3786e elementor-section-boxed elementor-section-height-default elementor-section-height-default\" data-id=\"ec3786e\" data-element_type=\"section\" data-e-type=\"section\">\n\t\t\t\t\t\t<div class=\"elementor-container elementor-column-gap-default\">\n\t\t\t\t\t<div class=\"elementor-column elementor-col-100 elementor-top-column elementor-element elementor-element-d6b72ee\" data-id=\"d6b72ee\" data-element_type=\"column\" data-e-type=\"column\">\n\t\t\t<div class=\"elementor-widget-wrap\">\n\t\t\t\t\t\t\t<\/div>\n\t\t<\/div>\n\t\t\t\t\t<\/div>\n\t\t<\/section>\n\t\t\t\t<\/div>","protected":false},"excerpt":{"rendered":"<p>\u00dcber das Projekt Das Projekt\u00a0\u201eLies\u00a0mit\u201c ist ein gemeinsames Angebot der Schulaufsichten f\u00fcr die Grundschulen im Kreis G\u00fctersloh, des Kompetenzteams, des Bildungsmanagements und Bildungsb\u00fcro im Kreis G\u00fctersloh, des Zentrums f\u00fcr Bildung und Chancen und der Reinhard Mohn Stiftung. Wir freuen uns, dass sich das Kollegium der Hundertwasser-Schule einstimmig im Schuljahr 2023\/24 auf das Projekt \u201eLies mit\u201c [&hellip;]<\/p>\n","protected":false},"author":4,"featured_media":0,"parent":0,"menu_order":0,"comment_status":"closed","ping_status":"closed","template":"","meta":{"footnotes":""},"class_list":["post-4664","page","type-page","status-publish","hentry"],"_links":{"self":[{"href":"https:\/\/hundertwasser-schule.de\/it_it\/wp-json\/wp\/v2\/pages\/4664","targetHints":{"allow":["GET"]}}],"collection":[{"href":"https:\/\/hundertwasser-schule.de\/it_it\/wp-json\/wp\/v2\/pages"}],"about":[{"href":"https:\/\/hundertwasser-schule.de\/it_it\/wp-json\/wp\/v2\/types\/page"}],"author":[{"embeddable":true,"href":"https:\/\/hundertwasser-schule.de\/it_it\/wp-json\/wp\/v2\/users\/4"}],"replies":[{"embeddable":true,"href":"https:\/\/hundertwasser-schule.de\/it_it\/wp-json\/wp\/v2\/comments?post=4664"}],"version-history":[{"count":5,"href":"https:\/\/hundertwasser-schule.de\/it_it\/wp-json\/wp\/v2\/pages\/4664\/revisions"}],"predecessor-version":[{"id":5238,"href":"https:\/\/hundertwasser-schule.de\/it_it\/wp-json\/wp\/v2\/pages\/4664\/revisions\/5238"}],"wp:attachment":[{"href":"https:\/\/hundertwasser-schule.de\/it_it\/wp-json\/wp\/v2\/media?parent=4664"}],"curies":[{"name":"wp","href":"https:\/\/api.w.org\/{rel}","templated":true}]}}