{"id":65,"date":"2020-03-31T11:00:09","date_gmt":"2020-03-31T11:00:09","guid":{"rendered":"https:\/\/neu.hundertwasser-schule.de\/?page_id=65"},"modified":"2020-11-20T10:32:10","modified_gmt":"2020-11-20T09:32:10","slug":"konzept","status":"publish","type":"page","link":"https:\/\/hundertwasser-schule.de\/nl_nl\/konzept\/","title":{"rendered":"Concept"},"content":{"rendered":"<div data-elementor-type=\"wp-page\" data-elementor-id=\"65\" class=\"elementor elementor-65\" data-elementor-post-type=\"page\">\n\t\t\t\t\t\t<section class=\"elementor-section elementor-top-section elementor-element elementor-element-5e953abe elementor-section-stretched elementor-section-full_width elementor-section-height-default elementor-section-height-default\" data-id=\"5e953abe\" data-element_type=\"section\" data-e-type=\"section\" data-settings=\"{&quot;stretch_section&quot;:&quot;section-stretched&quot;}\">\n\t\t\t\t\t\t<div class=\"elementor-container elementor-column-gap-no\">\n\t\t\t\t\t<div class=\"elementor-column elementor-col-100 elementor-top-column elementor-element elementor-element-354871e3\" data-id=\"354871e3\" data-element_type=\"column\" data-e-type=\"column\">\n\t\t\t<div class=\"elementor-widget-wrap elementor-element-populated\">\n\t\t\t\t\t\t<div class=\"elementor-element elementor-element-683df095 elementor-widget elementor-widget-image\" data-id=\"683df095\" data-element_type=\"widget\" data-e-type=\"widget\" data-widget_type=\"image.default\">\n\t\t\t\t<div class=\"elementor-widget-container\">\n\t\t\t\t\t\t\t\t\t\t\t\t\t\t\t<img fetchpriority=\"high\" decoding=\"async\" width=\"1920\" height=\"230\" src=\"https:\/\/hundertwasser-schule.de\/wp-content\/uploads\/2020\/03\/bild1.jpg\" class=\"attachment-full size-full wp-image-108\" alt=\"\" srcset=\"https:\/\/hundertwasser-schule.de\/wp-content\/uploads\/2020\/03\/bild1.jpg 1920w, https:\/\/hundertwasser-schule.de\/wp-content\/uploads\/2020\/03\/bild1-300x36.jpg 300w, https:\/\/hundertwasser-schule.de\/wp-content\/uploads\/2020\/03\/bild1-1024x123.jpg 1024w, https:\/\/hundertwasser-schule.de\/wp-content\/uploads\/2020\/03\/bild1-768x92.jpg 768w, https:\/\/hundertwasser-schule.de\/wp-content\/uploads\/2020\/03\/bild1-1536x184.jpg 1536w, https:\/\/hundertwasser-schule.de\/wp-content\/uploads\/2020\/03\/bild1-20x2.jpg 20w\" sizes=\"(max-width: 1920px) 100vw, 1920px\" \/>\t\t\t\t\t\t\t\t\t\t\t\t\t\t\t<\/div>\n\t\t\t\t<\/div>\n\t\t\t\t\t<\/div>\n\t\t<\/div>\n\t\t\t\t\t<\/div>\n\t\t<\/section>\n\t\t\t\t<section class=\"elementor-section elementor-top-section elementor-element elementor-element-3fa1efff elementor-section-height-min-height elementor-section-boxed elementor-section-height-default elementor-section-items-middle\" data-id=\"3fa1efff\" data-element_type=\"section\" data-e-type=\"section\" data-settings=\"{&quot;background_background&quot;:&quot;classic&quot;}\">\n\t\t\t\t\t\t<div class=\"elementor-container elementor-column-gap-default\">\n\t\t\t\t\t<div class=\"elementor-column elementor-col-100 elementor-top-column elementor-element elementor-element-46bccb04\" data-id=\"46bccb04\" data-element_type=\"column\" data-e-type=\"column\">\n\t\t\t<div class=\"elementor-widget-wrap elementor-element-populated\">\n\t\t\t\t\t\t\t<\/div>\n\t\t<\/div>\n\t\t\t\t\t<\/div>\n\t\t<\/section>\n\t\t\t\t<section class=\"elementor-section elementor-top-section elementor-element elementor-element-21f27b3 elementor-section-full_width elementor-section-height-default elementor-section-height-default\" data-id=\"21f27b3\" data-element_type=\"section\" data-e-type=\"section\">\n\t\t\t\t\t\t<div class=\"elementor-container elementor-column-gap-default\">\n\t\t\t\t\t<div class=\"elementor-column elementor-col-100 elementor-top-column elementor-element elementor-element-24f5105\" data-id=\"24f5105\" data-element_type=\"column\" data-e-type=\"column\">\n\t\t\t<div class=\"elementor-widget-wrap elementor-element-populated\">\n\t\t\t\t\t\t<div class=\"elementor-element elementor-element-c208339 elementor-widget elementor-widget-image\" data-id=\"c208339\" data-element_type=\"widget\" data-e-type=\"widget\" data-widget_type=\"image.default\">\n\t\t\t\t<div class=\"elementor-widget-container\">\n\t\t\t\t\t\t\t\t\t\t\t\t\t\t\t<img decoding=\"async\" width=\"800\" height=\"573\" src=\"https:\/\/hundertwasser-schule.de\/wp-content\/uploads\/2020\/04\/Unbenanntes-Bild-1024x733.png\" class=\"attachment-large size-large wp-image-548\" alt=\"\" srcset=\"https:\/\/hundertwasser-schule.de\/wp-content\/uploads\/2020\/04\/Unbenanntes-Bild-1024x733.png 1024w, https:\/\/hundertwasser-schule.de\/wp-content\/uploads\/2020\/04\/Unbenanntes-Bild-300x215.png 300w, https:\/\/hundertwasser-schule.de\/wp-content\/uploads\/2020\/04\/Unbenanntes-Bild-768x549.png 768w, https:\/\/hundertwasser-schule.de\/wp-content\/uploads\/2020\/04\/Unbenanntes-Bild-20x14.png 20w, https:\/\/hundertwasser-schule.de\/wp-content\/uploads\/2020\/04\/Unbenanntes-Bild.png 1026w\" sizes=\"(max-width: 800px) 100vw, 800px\" \/>\t\t\t\t\t\t\t\t\t\t\t\t\t\t\t<\/div>\n\t\t\t\t<\/div>\n\t\t\t\t\t<\/div>\n\t\t<\/div>\n\t\t\t\t\t<\/div>\n\t\t<\/section>\n\t\t\t\t<section class=\"elementor-section elementor-top-section elementor-element elementor-element-5ce7149 elementor-section-boxed elementor-section-height-default elementor-section-height-default\" data-id=\"5ce7149\" data-element_type=\"section\" data-e-type=\"section\">\n\t\t\t\t\t\t<div class=\"elementor-container elementor-column-gap-default\">\n\t\t\t\t\t<div class=\"elementor-column elementor-col-100 elementor-top-column elementor-element elementor-element-7847b10\" data-id=\"7847b10\" data-element_type=\"column\" data-e-type=\"column\">\n\t\t\t<div class=\"elementor-widget-wrap elementor-element-populated\">\n\t\t\t\t\t\t<div class=\"elementor-element elementor-element-4221133 elementor-widget elementor-widget-text-editor\" data-id=\"4221133\" data-element_type=\"widget\" data-e-type=\"widget\" data-widget_type=\"text-editor.default\">\n\t\t\t\t<div class=\"elementor-widget-container\">\n\t\t\t\t\t\t\t\t\t<p>De Bauwagen is een speciale school-leerruimte voor leerlingen in bijzondere omstandigheden.<\/p><p>In het kader van de intensieve onderwijsmaatregelen van de Hundertwasserschool, die worden aangeboden aan leerlingen wier behoefte aan ondersteuning het gebruikelijke niveau ver te boven gaat, biedt het Bauwagenproject de mogelijkheid om 4 leerlingen in een zeer nauwe en intensieve begeleiding op speciale plaatsen en tijdstippen speciale educatieve en sociaal-educatieve ondersteuning te bieden.<\/p><p>In het Bauwagenproject werken school en jeugdzorg samen. Het wordt uitgevoerd door een leerkracht voor speciaal onderwijs van de Hundertwasserschool en een sociaal pedagoog van de Sociaal Pedagogische Hulpverlening (STB) van de Open Dag.<\/p>\t\t\t\t\t\t\t\t<\/div>\n\t\t\t\t<\/div>\n\t\t\t\t\t<\/div>\n\t\t<\/div>\n\t\t\t\t\t<\/div>\n\t\t<\/section>\n\t\t\t\t<section class=\"elementor-section elementor-top-section elementor-element elementor-element-ace2cf2 elementor-section-boxed elementor-section-height-default elementor-section-height-default\" data-id=\"ace2cf2\" data-element_type=\"section\" data-e-type=\"section\">\n\t\t\t\t\t\t<div class=\"elementor-container elementor-column-gap-default\">\n\t\t\t\t\t<div class=\"elementor-column elementor-col-100 elementor-top-column elementor-element elementor-element-5db1bfb\" data-id=\"5db1bfb\" data-element_type=\"column\" data-e-type=\"column\">\n\t\t\t<div class=\"elementor-widget-wrap elementor-element-populated\">\n\t\t\t\t\t\t<div class=\"elementor-element elementor-element-da3e455 elementor-widget elementor-widget-accordion\" data-id=\"da3e455\" data-element_type=\"widget\" data-e-type=\"widget\" data-widget_type=\"accordion.default\">\n\t\t\t\t<div class=\"elementor-widget-container\">\n\t\t\t\t\t\t\t<div class=\"elementor-accordion\">\n\t\t\t\t\t\t\t<div class=\"elementor-accordion-item\">\n\t\t\t\t\t<div id=\"elementor-tab-title-2281\" class=\"elementor-tab-title\" data-tab=\"1\" role=\"button\" aria-controls=\"elementor-tab-content-2281\" aria-expanded=\"false\">\n\t\t\t\t\t\t\t\t\t\t\t\t\t<span class=\"elementor-accordion-icon elementor-accordion-icon-left\" aria-hidden=\"true\">\n\t\t\t\t\t\t\t\t\t\t\t\t\t\t\t<span class=\"elementor-accordion-icon-closed\"><i class=\"fas fa-plus\"><\/i><\/span>\n\t\t\t\t\t\t\t\t<span class=\"elementor-accordion-icon-opened\"><i class=\"fas fa-minus\"><\/i><\/span>\n\t\t\t\t\t\t\t\t\t\t\t\t\t\t<\/span>\n\t\t\t\t\t\t\t\t\t\t\t\t<a class=\"elementor-accordion-title\" tabindex=\"0\">Maximaal 4 leerlingen brengen vier tot vijf dagen per week van 10.30-12.15 uur door in het project. Elke dag is op dezelfde manier opgebouwd:<\/a>\n\t\t\t\t\t<\/div>\n\t\t\t\t\t<div id=\"elementor-tab-content-2281\" class=\"elementor-tab-content elementor-clearfix\" data-tab=\"1\" role=\"region\" aria-labelledby=\"elementor-tab-title-2281\"><ul><li>Tot 10.30 uur nemen de kinderen deel aan het lesaanbod.<\/li><\/ul><ul><li>10.30 Aankomsttijd in de bouwwagen<\/li><li>10.45 - 12.00 uur Intensieve educatieve activiteiten (educatief paardrijden, circus, keuken, werkruimte, traumaverwerking, schooltuin, concentratietraining MKT-Marburg, enz.)<\/li><li>12.00 uur Afsluitende ronde met bezinning<\/li><li>J\u00dc 1\/2 kinderen worden om 12.15 uur naar hun respectieve STB-groep begeleid.<\/li><li>J\u00dc 3\/4 kinderen gaan naar hun klassikale lessen<\/li><\/ul><\/div>\n\t\t\t\t<\/div>\n\t\t\t\t\t\t\t<div class=\"elementor-accordion-item\">\n\t\t\t\t\t<div id=\"elementor-tab-title-2282\" class=\"elementor-tab-title\" data-tab=\"2\" role=\"button\" aria-controls=\"elementor-tab-content-2282\" aria-expanded=\"false\">\n\t\t\t\t\t\t\t\t\t\t\t\t\t<span class=\"elementor-accordion-icon elementor-accordion-icon-left\" aria-hidden=\"true\">\n\t\t\t\t\t\t\t\t\t\t\t\t\t\t\t<span class=\"elementor-accordion-icon-closed\"><i class=\"fas fa-plus\"><\/i><\/span>\n\t\t\t\t\t\t\t\t<span class=\"elementor-accordion-icon-opened\"><i class=\"fas fa-minus\"><\/i><\/span>\n\t\t\t\t\t\t\t\t\t\t\t\t\t\t<\/span>\n\t\t\t\t\t\t\t\t\t\t\t\t<a class=\"elementor-accordion-title\" tabindex=\"0\">De doelstellingen van het bouwwagenproject zijn:<\/a>\n\t\t\t\t\t<\/div>\n\t\t\t\t\t<div id=\"elementor-tab-content-2282\" class=\"elementor-tab-content elementor-clearfix\" data-tab=\"2\" role=\"region\" aria-labelledby=\"elementor-tab-title-2282\"><ul><li>Terug naar de klas en de activiteiten van de hele dag.<\/li><li>Ongestoord lesgeven voor de betreffende klas<\/li><li>Vermijden van disciplinaire maatregelen - in het bijzonder vermijden van verwijdering van school<\/li><li>Bevordering van schoolmotivatie, doorzettingsvermogen en frustratietolerantie<\/li><li>Afwisseling van spanning en ontspanning met speciale aanbiedingen<\/li><li>Persoonlijke en individuele ontmoeting en begeleiding van de kinderen met veel aandacht van de volwassenen<\/li><li>Er voor de kinderen zijn, rustig met hen communiceren\/releren<\/li><li>Ontwikkeling van strategie\u00ebn voor probleemoplossing<\/li><li>De druk van de school verminderen<\/li><li>Praktijkgerichte (school)structuren<\/li><li>Inzicht in waarden opbouwen<\/li><li>Ontwikkeling van communicatieve handelingsbekwaamheid<\/li><li>Initiatie en ontwikkeling van samenwerkingsvaardigheden<\/li><\/ul><\/div>\n\t\t\t\t<\/div>\n\t\t\t\t\t\t\t\t<\/div>\n\t\t\t\t\t\t<\/div>\n\t\t\t\t<\/div>\n\t\t\t\t\t<\/div>\n\t\t<\/div>\n\t\t\t\t\t<\/div>\n\t\t<\/section>\n\t\t\t\t<section class=\"elementor-section elementor-top-section elementor-element elementor-element-ec7f94a elementor-section-boxed elementor-section-height-default elementor-section-height-default\" data-id=\"ec7f94a\" data-element_type=\"section\" data-e-type=\"section\">\n\t\t\t\t\t\t<div class=\"elementor-container elementor-column-gap-default\">\n\t\t\t\t\t<div class=\"elementor-column elementor-col-100 elementor-top-column elementor-element elementor-element-f9f875f\" data-id=\"f9f875f\" data-element_type=\"column\" data-e-type=\"column\">\n\t\t\t<div class=\"elementor-widget-wrap elementor-element-populated\">\n\t\t\t\t\t\t<div class=\"elementor-element elementor-element-49b4e8e elementor-widget elementor-widget-text-editor\" data-id=\"49b4e8e\" data-element_type=\"widget\" data-e-type=\"widget\" data-widget_type=\"text-editor.default\">\n\t\t\t\t<div class=\"elementor-widget-container\">\n\t\t\t\t\t\t\t\t\t<p>U kunt het startconcept downloaden\u00a0<a href=\"http:\/\/hundertwasser-schule.de\/nl_nl\/inhalte\/5Bauwagen\/1Bauwagen\/Bauwagenkonzept%201.pdf\/\">hier<\/a>\u00a0Foto's van de verschillende activiteiten in het bouwwagenproject vindt u verderop op deze pagina.<\/p><p>Het Bauwagenproject wordt gezamenlijk gefinancierd door de school en de jeugdzorg. De personele middelen voor de leraarsplaats komen van de deelstaat Noordrijn-Westfalen, voor de jeugdzorg van de financi\u00eble deelname van de dienst Familie en Sociale Zaken van de stad G\u00fctersloh aan het open dagprogramma van de Hundertwasserschool. De lopende onderhoudskosten worden gedekt door het schoolbestuur van het district G\u00fctersloh en de installatie van de bouwwagen wordt gedekt door de begroting van de school.<\/p><p>De burgerlijke stichting van G\u00fctersloh heeft aanzienlijke steun verleend door de aankoop van de bouwwagen.<\/p>\t\t\t\t\t\t\t\t<\/div>\n\t\t\t\t<\/div>\n\t\t\t\t\t<\/div>\n\t\t<\/div>\n\t\t\t\t\t<\/div>\n\t\t<\/section>\n\t\t\t\t<section class=\"elementor-section elementor-top-section elementor-element elementor-element-bbba7fb elementor-section-boxed elementor-section-height-default elementor-section-height-default\" data-id=\"bbba7fb\" data-element_type=\"section\" data-e-type=\"section\">\n\t\t\t\t\t\t<div class=\"elementor-container elementor-column-gap-default\">\n\t\t\t\t\t<div class=\"elementor-column elementor-col-100 elementor-top-column elementor-element elementor-element-f0e1b40\" data-id=\"f0e1b40\" data-element_type=\"column\" data-e-type=\"column\">\n\t\t\t<div class=\"elementor-widget-wrap elementor-element-populated\">\n\t\t\t\t\t\t<div class=\"elementor-element elementor-element-dc9554c elementor-widget elementor-widget-spacer\" data-id=\"dc9554c\" data-element_type=\"widget\" data-e-type=\"widget\" data-widget_type=\"spacer.default\">\n\t\t\t\t<div class=\"elementor-widget-container\">\n\t\t\t\t\t\t\t<div class=\"elementor-spacer\">\n\t\t\t<div class=\"elementor-spacer-inner\"><\/div>\n\t\t<\/div>\n\t\t\t\t\t\t<\/div>\n\t\t\t\t<\/div>\n\t\t\t\t\t<\/div>\n\t\t<\/div>\n\t\t\t\t\t<\/div>\n\t\t<\/section>\n\t\t\t\t<\/div>","protected":false},"excerpt":{"rendered":"<p>Der Bauwagen ist ein besonderer schulischer Lernort f\u00fcr Sch\u00fclerinnen und Sch\u00fcler in besonderen Lebenslagen. Im Rahmen der intensivp\u00e4dagogischen Ma\u00dfnahmen der Hundertwasser-Schule, die f\u00fcr Sch\u00fclerinnen und Sch\u00fcler angeboten werden, deren Unterst\u00fctzungsbedarf weit \u00fcber das \u00fcbliche Ma\u00df hinausgeht, bietet das Bauwagen-Projekt die M\u00f6glichkeit 4 Sch\u00fclerinnen oder Sch\u00fcler in einer sehr engen und intensiven Begleitung an besonderen Orten [&hellip;]<\/p>\n","protected":false},"author":1,"featured_media":0,"parent":0,"menu_order":0,"comment_status":"closed","ping_status":"closed","template":"elementor_header_footer","meta":{"footnotes":""},"class_list":["post-65","page","type-page","status-publish","hentry"],"_links":{"self":[{"href":"https:\/\/hundertwasser-schule.de\/nl_nl\/wp-json\/wp\/v2\/pages\/65","targetHints":{"allow":["GET"]}}],"collection":[{"href":"https:\/\/hundertwasser-schule.de\/nl_nl\/wp-json\/wp\/v2\/pages"}],"about":[{"href":"https:\/\/hundertwasser-schule.de\/nl_nl\/wp-json\/wp\/v2\/types\/page"}],"author":[{"embeddable":true,"href":"https:\/\/hundertwasser-schule.de\/nl_nl\/wp-json\/wp\/v2\/users\/1"}],"replies":[{"embeddable":true,"href":"https:\/\/hundertwasser-schule.de\/nl_nl\/wp-json\/wp\/v2\/comments?post=65"}],"version-history":[{"count":5,"href":"https:\/\/hundertwasser-schule.de\/nl_nl\/wp-json\/wp\/v2\/pages\/65\/revisions"}],"predecessor-version":[{"id":2407,"href":"https:\/\/hundertwasser-schule.de\/nl_nl\/wp-json\/wp\/v2\/pages\/65\/revisions\/2407"}],"wp:attachment":[{"href":"https:\/\/hundertwasser-schule.de\/nl_nl\/wp-json\/wp\/v2\/media?parent=65"}],"curies":[{"name":"wp","href":"https:\/\/api.w.org\/{rel}","templated":true}]}}