{"id":37,"date":"2020-03-31T10:56:02","date_gmt":"2020-03-31T10:56:02","guid":{"rendered":"https:\/\/neu.hundertwasser-schule.de\/?page_id=37"},"modified":"2020-11-24T13:42:37","modified_gmt":"2020-11-24T12:42:37","slug":"auf-einen-blick","status":"publish","type":"page","link":"https:\/\/hundertwasser-schule.de\/pl\/auf-einen-blick\/","title":{"rendered":"Na pierwszy rzut oka"},"content":{"rendered":"<div data-elementor-type=\"wp-page\" data-elementor-id=\"37\" class=\"elementor elementor-37\" data-elementor-post-type=\"page\">\n\t\t\t\t\t\t<section class=\"elementor-section elementor-top-section elementor-element elementor-element-67358a02 elementor-section-stretched elementor-section-full_width elementor-section-height-default elementor-section-height-default\" data-id=\"67358a02\" data-element_type=\"section\" data-e-type=\"section\" data-settings=\"{&quot;stretch_section&quot;:&quot;section-stretched&quot;}\">\n\t\t\t\t\t\t<div class=\"elementor-container elementor-column-gap-no\">\n\t\t\t\t\t<div class=\"elementor-column elementor-col-100 elementor-top-column elementor-element elementor-element-586636bf\" data-id=\"586636bf\" data-element_type=\"column\" data-e-type=\"column\">\n\t\t\t<div class=\"elementor-widget-wrap elementor-element-populated\">\n\t\t\t\t\t\t<div class=\"elementor-element elementor-element-5ec13e42 elementor-widget elementor-widget-image\" data-id=\"5ec13e42\" data-element_type=\"widget\" data-e-type=\"widget\" data-widget_type=\"image.default\">\n\t\t\t\t<div class=\"elementor-widget-container\">\n\t\t\t\t\t\t\t\t\t\t\t\t\t\t\t<img fetchpriority=\"high\" decoding=\"async\" width=\"1920\" height=\"230\" src=\"https:\/\/hundertwasser-schule.de\/wp-content\/uploads\/2020\/03\/bild1.jpg\" class=\"attachment-full size-full wp-image-108\" alt=\"\" srcset=\"https:\/\/hundertwasser-schule.de\/wp-content\/uploads\/2020\/03\/bild1.jpg 1920w, https:\/\/hundertwasser-schule.de\/wp-content\/uploads\/2020\/03\/bild1-300x36.jpg 300w, https:\/\/hundertwasser-schule.de\/wp-content\/uploads\/2020\/03\/bild1-1024x123.jpg 1024w, https:\/\/hundertwasser-schule.de\/wp-content\/uploads\/2020\/03\/bild1-768x92.jpg 768w, https:\/\/hundertwasser-schule.de\/wp-content\/uploads\/2020\/03\/bild1-1536x184.jpg 1536w, https:\/\/hundertwasser-schule.de\/wp-content\/uploads\/2020\/03\/bild1-20x2.jpg 20w\" sizes=\"(max-width: 1920px) 100vw, 1920px\" \/>\t\t\t\t\t\t\t\t\t\t\t\t\t\t\t<\/div>\n\t\t\t\t<\/div>\n\t\t\t\t\t<\/div>\n\t\t<\/div>\n\t\t\t\t\t<\/div>\n\t\t<\/section>\n\t\t\t\t<section class=\"elementor-section elementor-top-section elementor-element elementor-element-71fa5576 elementor-section-height-min-height elementor-section-boxed elementor-section-height-default elementor-section-items-middle\" data-id=\"71fa5576\" data-element_type=\"section\" data-e-type=\"section\" data-settings=\"{&quot;background_background&quot;:&quot;classic&quot;}\">\n\t\t\t\t\t\t<div class=\"elementor-container elementor-column-gap-default\">\n\t\t\t\t\t<div class=\"elementor-column elementor-col-100 elementor-top-column elementor-element elementor-element-2a0b54c4\" data-id=\"2a0b54c4\" data-element_type=\"column\" data-e-type=\"column\">\n\t\t\t<div class=\"elementor-widget-wrap elementor-element-populated\">\n\t\t\t\t\t\t\t<\/div>\n\t\t<\/div>\n\t\t\t\t\t<\/div>\n\t\t<\/section>\n\t\t\t\t<section class=\"elementor-section elementor-top-section elementor-element elementor-element-4279139d elementor-section-boxed elementor-section-height-default elementor-section-height-default\" data-id=\"4279139d\" data-element_type=\"section\" data-e-type=\"section\">\n\t\t\t\t\t\t<div class=\"elementor-container elementor-column-gap-default\">\n\t\t\t\t\t<div class=\"elementor-column elementor-col-100 elementor-top-column elementor-element elementor-element-51af3ddc\" data-id=\"51af3ddc\" data-element_type=\"column\" data-e-type=\"column\">\n\t\t\t<div class=\"elementor-widget-wrap elementor-element-populated\">\n\t\t\t\t\t\t<div class=\"elementor-element elementor-element-6d210516 elementor-widget elementor-widget-spacer\" data-id=\"6d210516\" data-element_type=\"widget\" data-e-type=\"widget\" data-widget_type=\"spacer.default\">\n\t\t\t\t<div class=\"elementor-widget-container\">\n\t\t\t\t\t\t\t<div class=\"elementor-spacer\">\n\t\t\t<div class=\"elementor-spacer-inner\"><\/div>\n\t\t<\/div>\n\t\t\t\t\t\t<\/div>\n\t\t\t\t<\/div>\n\t\t\t\t\t<\/div>\n\t\t<\/div>\n\t\t\t\t\t<\/div>\n\t\t<\/section>\n\t\t\t\t<section class=\"elementor-section elementor-top-section elementor-element elementor-element-bd49105 elementor-section-boxed elementor-section-height-default elementor-section-height-default\" data-id=\"bd49105\" data-element_type=\"section\" data-e-type=\"section\">\n\t\t\t\t\t\t<div class=\"elementor-container elementor-column-gap-default\">\n\t\t\t\t\t<div class=\"elementor-column elementor-col-100 elementor-top-column elementor-element elementor-element-0a49f76\" data-id=\"0a49f76\" data-element_type=\"column\" data-e-type=\"column\">\n\t\t\t<div class=\"elementor-widget-wrap elementor-element-populated\">\n\t\t\t\t\t\t<div class=\"elementor-element elementor-element-6073bad elementor-widget elementor-widget-text-editor\" data-id=\"6073bad\" data-element_type=\"widget\" data-e-type=\"widget\" data-widget_type=\"text-editor.default\">\n\t\t\t\t<div class=\"elementor-widget-container\">\n\t\t\t\t\t\t\t\t\t<p>Podstawowym za\u0142o\u017ceniem Dnia Otwartego dla Wszystkich w Szkole Hundertwassera jest zapewnienie wszystkim dzieciom w szkole jak najlepszego wsparcia w obszarze ich rozwoju emocjonalnego i spo\u0142ecznego w otoczeniu wieloprofilowym.<\/p><p>Szko\u0142a Hundertwassera i SPI wsp\u00f3lnie organizuj\u0105 ten otwarty ca\u0142y dzie\u0144. Og\u00f3lna koncepcja jest dalej rozwijana przez pedagog\u00f3w spo\u0142ecznych otwartej szko\u0142y ca\u0142odziennej i nauczycieli tej szko\u0142y.<\/p><p>Spo\u0142eczna \u015bwietlica pedagogiczna oferuje nast\u0119puj\u0105ce us\u0142ugi:\u00a0<\/p><ul><li>\u015arodki strukturyzacji dnia<\/li><li>Praca w rodzinie\u00a0<\/li><li>Pomoc w wychowaniu\u00a0<\/li><li>Uczestnictwo<\/li><li>Godziny konsultacji dla dzieci<\/li><li>Finansowanie oparte na odsetkach (IF)<\/li><li>Szkolenie koncentracyjne w Marburgu<\/li><\/ul><p>\u00a0<\/p><p>W \u015awietlicy Socjalno-Pedagogicznej 54 dzieci i ich rodziny obj\u0119te s\u0105 opiek\u0105 o wysokim standardzie STB. 54 dzieci podzielonych jest na cztery grupy o liczebno\u015bci 12-15 dzieci. Godziny opieki to od 12:00 do 16:00 w poniedzia\u0142ki do czwartk\u00f3w i do 15:00 w pi\u0105tki. W okresie ferii szkolnych oraz w dni pomostowe oferujemy niezawodn\u0105 opiek\u0119 wakacyjn\u0105.<\/p><p>Zesp\u00f3\u0142 \u015awietlicy Socjalno-Pedagogicznej tworz\u0105 pedagodzy spo\u0142eczni, pracownicy socjalni, pedagodzy, wychowawcy i asystenci student\u00f3w. Ponadto specjali\u015bci posiadaj\u0105 dodatkowe szkolenia z zakresu poradnictwa skoncentrowanego na rozwi\u0105zaniach, terapii rodzinnej, psychomotoryki, edukacji do\u015bwiadczalnej, edukacji wspieranej przez zwierz\u0119ta oraz treningu koncentracji. Opr\u00f3cz tych podstawowych wymaga\u0144 wa\u017cnym elementem pracy s\u0105 regularne szkolenia dokszta\u0142caj\u0105ce i superwizja. Ka\u017cdy nauczyciel jest osob\u0105 kontaktow\u0105 dla poszczeg\u00f3lnych dzieci i ich rodzin w ramach \"systemu referencyjnego\".<\/p><p>W godzinach popo\u0142udniowych odbywaj\u0105 si\u0119 indywidualne sesje wsparcia dla dzieci. Bior\u0105 w nich udzia\u0142 dzieci przez okres kilku tygodni.<\/p>\t\t\t\t\t\t\t\t<\/div>\n\t\t\t\t<\/div>\n\t\t\t\t\t<\/div>\n\t\t<\/div>\n\t\t\t\t\t<\/div>\n\t\t<\/section>\n\t\t\t\t<\/div>","protected":false},"excerpt":{"rendered":"<p>Die Grundidee des Offenen Ganztags an der Hundertwasser-Schule ist es, allen Kindern der Schule in einem multiprofessionellem Setting eine m\u00f6glichst optimale F\u00f6rderung im Bereich ihrer emotionalen und sozialen Entwicklung zu erm\u00f6glichen. Hundertwasser-Schule und SPI gestalten diesen Offenen Ganztag gemeinsam. Das Gesamtkonzept wird von den Sozialp\u00e4dagoginnen und Sozialp\u00e4dagogen des Offenen Ganztags sowie den Lehrerinnen und und [&hellip;]<\/p>\n","protected":false},"author":1,"featured_media":0,"parent":0,"menu_order":0,"comment_status":"closed","ping_status":"closed","template":"elementor_header_footer","meta":{"footnotes":""},"class_list":["post-37","page","type-page","status-publish","hentry"],"_links":{"self":[{"href":"https:\/\/hundertwasser-schule.de\/pl\/wp-json\/wp\/v2\/pages\/37","targetHints":{"allow":["GET"]}}],"collection":[{"href":"https:\/\/hundertwasser-schule.de\/pl\/wp-json\/wp\/v2\/pages"}],"about":[{"href":"https:\/\/hundertwasser-schule.de\/pl\/wp-json\/wp\/v2\/types\/page"}],"author":[{"embeddable":true,"href":"https:\/\/hundertwasser-schule.de\/pl\/wp-json\/wp\/v2\/users\/1"}],"replies":[{"embeddable":true,"href":"https:\/\/hundertwasser-schule.de\/pl\/wp-json\/wp\/v2\/comments?post=37"}],"version-history":[{"count":5,"href":"https:\/\/hundertwasser-schule.de\/pl\/wp-json\/wp\/v2\/pages\/37\/revisions"}],"predecessor-version":[{"id":1575,"href":"https:\/\/hundertwasser-schule.de\/pl\/wp-json\/wp\/v2\/pages\/37\/revisions\/1575"}],"wp:attachment":[{"href":"https:\/\/hundertwasser-schule.de\/pl\/wp-json\/wp\/v2\/media?parent=37"}],"curies":[{"name":"wp","href":"https:\/\/api.w.org\/{rel}","templated":true}]}}