{"id":4664,"date":"2023-11-07T21:28:29","date_gmt":"2023-11-07T20:28:29","guid":{"rendered":"https:\/\/hundertwasser-schule.de\/?page_id=4664"},"modified":"2024-05-16T13:25:07","modified_gmt":"2024-05-16T11:25:07","slug":"lies-mit-projekt","status":"publish","type":"page","link":"https:\/\/hundertwasser-schule.de\/pl\/lies-mit-projekt\/","title":{"rendered":"Czytaj dalej! - Projekt"},"content":{"rendered":"<div data-elementor-type=\"wp-page\" data-elementor-id=\"4664\" class=\"elementor elementor-4664\" data-elementor-post-type=\"page\">\n\t\t\t\t\t\t<section class=\"elementor-section elementor-top-section elementor-element elementor-element-8e29a50 elementor-section-boxed elementor-section-height-default elementor-section-height-default\" data-id=\"8e29a50\" data-element_type=\"section\" data-e-type=\"section\">\n\t\t\t\t\t\t<div class=\"elementor-container elementor-column-gap-default\">\n\t\t\t\t\t<div class=\"elementor-column elementor-col-100 elementor-top-column elementor-element elementor-element-1832f55\" data-id=\"1832f55\" data-element_type=\"column\" data-e-type=\"column\">\n\t\t\t<div class=\"elementor-widget-wrap elementor-element-populated\">\n\t\t\t\t\t\t<div class=\"elementor-element elementor-element-deb3dc9 elementor-widget elementor-widget-text-editor\" data-id=\"deb3dc9\" data-element_type=\"widget\" data-e-type=\"widget\" data-widget_type=\"text-editor.default\">\n\t\t\t\t<div class=\"elementor-widget-container\">\n\t\t\t\t\t\t\t\t\t<p><span style=\"color: #0000ff;\"><b>O projekcie<\/b><\/span><\/p><p>Projekt \"Lies mit\" to wsp\u00f3lna oferta inspektorat\u00f3w szkolnych dla szk\u00f3\u0142 podstawowych w powiecie G\u00fctersloh, zespo\u0142u ds. kompetencji, biura zarz\u0105dzania edukacj\u0105 i edukacji w powiecie G\u00fctersloh, Centrum Edukacji i Szans oraz Fundacji Reinharda Mohna.<\/p><p>Cieszymy si\u0119, \u017ce pracownicy szko\u0142y Hundertwasser jednog\u0142o\u015bnie zgodzili si\u0119 wzi\u0105\u0107 udzia\u0142 w projekcie \"Lies mit\" w powiecie G\u00fctersloh w roku szkolnym 2023\/24 i wezm\u0105 udzia\u0142 w sesjach szkoleniowych z innymi szko\u0142ami podstawowymi w ci\u0105gu 18 miesi\u0119cy. G\u0142\u00f3wn\u0105 ide\u0105 projektu jest systematyczna promocja czytelnictwa w ramach projektu rozwoju szko\u0142y, kt\u00f3ry jest wspierany przez wszystkich koleg\u00f3w.<\/p><p>The\u00a0<strong>Cele szczeg\u00f3\u0142owe<\/strong>\u00a0s\u0105 nast\u0119puj\u0105ce:<\/p><ol><li>Wszyscy uczniowie nauczani na tym samym poziomie osi\u0105gaj\u0105 standardowy zakres salzburskich test\u00f3w czytania w pierwszej po\u0142owie czwartej klasy.<\/li><li>Uczniowie ze specjalnymi potrzebami w szkole uczestnicz\u0105cej w projekcie poprawiaj\u0105 szybko\u015b\u0107 czytania poprzez regularne uczestnictwo w szkoleniach z zakresu czytania podczas nauki w szkole podstawowej.<\/li><li>Nauczyciele wdra\u017caj\u0105 szkolenie w zakresie czytania najp\u00f3\u017aniej w czwartym roku szkolnym po rozpocz\u0119ciu udzia\u0142u w projekcie.<\/li><li>Projekt b\u0119dzie pilotowany w pi\u0119ciu szko\u0142ach podstawowych od nadchodz\u0105cego roku szkolnego. Szko\u0142y te zg\u0142osi\u0142y si\u0119 do udzia\u0142u w projekcie po przeprowadzeniu spotkania informacyjno-oceniaj\u0105cego.<\/li><\/ol><p><strong>Struktura oferty<\/strong><\/p><p>Nauczyciele z uczestnicz\u0105cych szk\u00f3\u0142 podstawowych bior\u0105 udzia\u0142 w siedmiu modu\u0142ach w ci\u0105gu 18 miesi\u0119cy.<strong>\u00a0<\/strong>kt\u00f3re obejmuj\u0105 nast\u0119puj\u0105ce tematy:<br \/>P\u0142ynno\u015b\u0107 czytania, diagnoza i pi\u0119\u0107 metod czytania d\u017awi\u0119k\u00f3w: Czytanie ch\u00f3ralne, czytanie z kostk\u0105, czytanie w tandemie, czytanie z audiobookiem i teatr czytania na g\u0142os.<\/p><p>Ka\u017cdy modu\u0142<strong>\u00a0<\/strong>sk\u0142ada si\u0119 z:<\/p><ul><li>film, wymiana pogl\u0105d\u00f3w na temat filmu i planowanie realizacji<br \/>w zespole roku<\/li><li>Wdro\u017cenie metody czytania na g\u0142os<\/li><li>Wymiana mi\u0119dzyszkolna<\/li><li>Test z Salzburg Reading Screening w bezp\u0142atnej wersji online<\/li><li>Om\u00f3wienie wynik\u00f3w w zespole roku.<\/li><\/ul><p>Bardziej szczeg\u00f3\u0142owe informacje mo\u017cna znale\u017a\u0107 tutaj\u00a0<strong>film o projekcie:<br \/><\/strong><a href=\"https:\/\/youtu.be\/Q9TwVTWEg60?list=PL5LYbSLXzQs-pIlZO-9nmDxBdt5-eU7Qp\"><strong>https:\/\/youtu.be\/Q9TwVTWEg60?list=PL5LYbSLXzQs-pIlZO-9nmDxBdt5-<\/strong><\/a><a href=\"https:\/\/www.kreis-guetersloh.de\/themen\/bildung\/bildungsmanagement-und-bildungsbuero\/lies-mit\/qr-code.jpg?cid=18mk.5vo1\"><strong>eU7Qp<\/strong><\/a><strong>\u00a0 \u00a0<\/strong><\/p>\t\t\t\t\t\t\t\t<\/div>\n\t\t\t\t<\/div>\n\t\t\t\t<div class=\"elementor-element elementor-element-84b3ccb elementor-widget elementor-widget-text-editor\" data-id=\"84b3ccb\" data-element_type=\"widget\" data-e-type=\"widget\" data-widget_type=\"text-editor.default\">\n\t\t\t\t<div class=\"elementor-widget-container\">\n\t\t\t\t\t\t\t\t\t<p><span style=\"color: #0000ff;\"><strong>\"Czytaj razem\" w szkole Hundertwasser<\/strong><\/span><\/p><p>Rok szkolny 2023\/2024 rozpoczyna si\u0119 od szeregu zmian dla wszystkich szk\u00f3\u0142 podstawowych. Kraj zwi\u0105zkowy Nadrenia P\u00f3\u0142nocna-Westfalia zach\u0119ca mi\u0119dzy innymi szko\u0142y podstawowe do priorytetowego traktowania czytania i w\u0142\u0105czenia obowi\u0105zkowych godzin czytania do planu lekcji. Wa\u017cnym celem jest zwi\u0119kszenie p\u0142ynno\u015bci czytania i umiej\u0119tno\u015bci nadawania sensu rzeczom, a tak\u017ce rado\u015bci z czytania.<\/p><p>W trakcie tego projektu <strong>\"Czytaj dalej\"<\/strong>w kt\u00f3rym pracownicy szko\u0142y Hundertwasser z entuzjazmem uczestnicz\u0105 od pocz\u0105tku roku szkolnego. Projekt jest wsp\u00f3ln\u0105 ofert\u0105 inspektorat\u00f3w szkolnych dla szk\u00f3\u0142 podstawowych w powiecie G\u00fctersloh, zespo\u0142u ds. kompetencji, biura edukacji i zarz\u0105dzania o\u015bwiat\u0105, Centrum Edukacji Cyfrowej i Szk\u00f3\u0142 oraz Fundacji Reinharda Mohna i obejmuje r\u00f3\u017cne modu\u0142y szkoleniowe, kt\u00f3re s\u0105 nast\u0119pnie wdra\u017cane w codziennym nauczaniu, a nast\u0119pnie analizowane w ramach projektu.<\/p><p>Od kilku tygodni cztery razy w tygodniu o sta\u0142ej porze w ca\u0142ym budynku szko\u0142y s\u0142ycha\u0107 nast\u0119puj\u0105ce zdanie: \"Zacznijmy czyta\u0107. Palce pod \"...\" - 3-2-1 ...\". Nast\u0119pnie czytamy razem ch\u00f3rem. Podczas tego 15-20-minutowego czasu promuj\u0105cego czytanie dzieci wypr\u00f3bowuj\u0105 r\u00f3\u017cne metody g\u0142o\u015bnego czytania, takie jak czytanie ch\u00f3ralne, czytanie kostek lub czytanie ksi\u0105\u017cek audio. Udowodniono, \u017ce wszystkie metody promuj\u0105 p\u0142ynno\u015b\u0107 czytania, czytanie ze zrozumieniem i motywacj\u0119 do czytania - innymi s\u0142owy, podstaw\u0119 ca\u0142ej edukacji. Post\u0119py uczni\u00f3w w czytaniu s\u0105 mierzone poprzez regularne testy z wykorzystaniem Salzburg Reading Screening w wersji online.<\/p><p>Dzieci nie mog\u0105 si\u0119 doczeka\u0107 odkrywania i czytania nowych tekst\u00f3w i lektur oraz poznawania i wypr\u00f3bowywania innych technik czytania d\u017awi\u0119k\u00f3w.<\/p><p>Jeste\u015bmy podekscytowani, aby zobaczy\u0107, co b\u0119dzie dalej!\u00a0<\/p>\t\t\t\t\t\t\t\t<\/div>\n\t\t\t\t<\/div>\n\t\t\t\t<div class=\"elementor-element elementor-element-80f5d5f elementor-widget elementor-widget-video\" data-id=\"80f5d5f\" data-element_type=\"widget\" data-e-type=\"widget\" data-settings=\"{&quot;video_type&quot;:&quot;hosted&quot;,&quot;controls&quot;:&quot;yes&quot;}\" data-widget_type=\"video.default\">\n\t\t\t\t<div class=\"elementor-widget-container\">\n\t\t\t\t\t\t\t<div class=\"e-hosted-video elementor-wrapper elementor-open-inline\">\n\t\t\t\t\t<video class=\"elementor-video\" src=\"http:\/\/hundertwasser-schule.de\/wp-content\/uploads\/2023\/11\/IMG_2543.mov\" controls=\"\" preload=\"metadata\" controlslist=\"nodownload\"><\/video>\n\t\t\t\t<\/div>\n\t\t\t\t\t\t<\/div>\n\t\t\t\t<\/div>\n\t\t\t\t<div class=\"elementor-element elementor-element-1402dd5 elementor-widget elementor-widget-gallery\" data-id=\"1402dd5\" data-element_type=\"widget\" data-e-type=\"widget\" data-settings=\"{&quot;lazyload&quot;:&quot;yes&quot;,&quot;gallery_layout&quot;:&quot;grid&quot;,&quot;columns&quot;:4,&quot;columns_tablet&quot;:2,&quot;columns_mobile&quot;:1,&quot;gap&quot;:{&quot;unit&quot;:&quot;px&quot;,&quot;size&quot;:10,&quot;sizes&quot;:[]},&quot;gap_tablet&quot;:{&quot;unit&quot;:&quot;px&quot;,&quot;size&quot;:10,&quot;sizes&quot;:[]},&quot;gap_mobile&quot;:{&quot;unit&quot;:&quot;px&quot;,&quot;size&quot;:10,&quot;sizes&quot;:[]},&quot;link_to&quot;:&quot;file&quot;,&quot;aspect_ratio&quot;:&quot;3:2&quot;,&quot;overlay_background&quot;:&quot;yes&quot;,&quot;content_hover_animation&quot;:&quot;fade-in&quot;}\" data-widget_type=\"gallery.default\">\n\t\t\t\t<div class=\"elementor-widget-container\">\n\t\t\t\t\t\t\t<div class=\"elementor-gallery__container\">\n\t\t\t\t\t<\/div>\n\t\t\t\t\t<\/div>\n\t\t\t\t<\/div>\n\t\t\t\t\t<\/div>\n\t\t<\/div>\n\t\t\t\t\t<\/div>\n\t\t<\/section>\n\t\t\t\t<section class=\"elementor-section elementor-top-section elementor-element elementor-element-ec3786e elementor-section-boxed elementor-section-height-default elementor-section-height-default\" data-id=\"ec3786e\" data-element_type=\"section\" data-e-type=\"section\">\n\t\t\t\t\t\t<div class=\"elementor-container elementor-column-gap-default\">\n\t\t\t\t\t<div class=\"elementor-column elementor-col-100 elementor-top-column elementor-element elementor-element-d6b72ee\" data-id=\"d6b72ee\" data-element_type=\"column\" data-e-type=\"column\">\n\t\t\t<div class=\"elementor-widget-wrap\">\n\t\t\t\t\t\t\t<\/div>\n\t\t<\/div>\n\t\t\t\t\t<\/div>\n\t\t<\/section>\n\t\t\t\t<\/div>","protected":false},"excerpt":{"rendered":"<p>\u00dcber das Projekt Das Projekt\u00a0\u201eLies\u00a0mit\u201c ist ein gemeinsames Angebot der Schulaufsichten f\u00fcr die Grundschulen im Kreis G\u00fctersloh, des Kompetenzteams, des Bildungsmanagements und Bildungsb\u00fcro im Kreis G\u00fctersloh, des Zentrums f\u00fcr Bildung und Chancen und der Reinhard Mohn Stiftung. Wir freuen uns, dass sich das Kollegium der Hundertwasser-Schule einstimmig im Schuljahr 2023\/24 auf das Projekt \u201eLies mit\u201c [&hellip;]<\/p>\n","protected":false},"author":4,"featured_media":0,"parent":0,"menu_order":0,"comment_status":"closed","ping_status":"closed","template":"","meta":{"footnotes":""},"class_list":["post-4664","page","type-page","status-publish","hentry"],"_links":{"self":[{"href":"https:\/\/hundertwasser-schule.de\/pl\/wp-json\/wp\/v2\/pages\/4664","targetHints":{"allow":["GET"]}}],"collection":[{"href":"https:\/\/hundertwasser-schule.de\/pl\/wp-json\/wp\/v2\/pages"}],"about":[{"href":"https:\/\/hundertwasser-schule.de\/pl\/wp-json\/wp\/v2\/types\/page"}],"author":[{"embeddable":true,"href":"https:\/\/hundertwasser-schule.de\/pl\/wp-json\/wp\/v2\/users\/4"}],"replies":[{"embeddable":true,"href":"https:\/\/hundertwasser-schule.de\/pl\/wp-json\/wp\/v2\/comments?post=4664"}],"version-history":[{"count":5,"href":"https:\/\/hundertwasser-schule.de\/pl\/wp-json\/wp\/v2\/pages\/4664\/revisions"}],"predecessor-version":[{"id":5238,"href":"https:\/\/hundertwasser-schule.de\/pl\/wp-json\/wp\/v2\/pages\/4664\/revisions\/5238"}],"wp:attachment":[{"href":"https:\/\/hundertwasser-schule.de\/pl\/wp-json\/wp\/v2\/media?parent=4664"}],"curies":[{"name":"wp","href":"https:\/\/api.w.org\/{rel}","templated":true}]}}