{"id":678,"date":"2020-04-13T10:30:06","date_gmt":"2020-04-13T08:30:06","guid":{"rendered":"https:\/\/neu.hundertwasser-schule.de\/?page_id=678"},"modified":"2020-04-13T10:38:17","modified_gmt":"2020-04-13T08:38:17","slug":"anmeldeverfahren","status":"publish","type":"page","link":"https:\/\/hundertwasser-schule.de\/pl\/anmeldeverfahren\/","title":{"rendered":"Procedura sk\u0142adania wniosk\u00f3w"},"content":{"rendered":"<div data-elementor-type=\"wp-page\" data-elementor-id=\"678\" class=\"elementor elementor-678\" data-elementor-post-type=\"page\">\n\t\t\t\t\t\t<section class=\"elementor-section elementor-top-section elementor-element elementor-element-46a8bb91 elementor-section-stretched elementor-section-full_width elementor-section-height-default elementor-section-height-default\" data-id=\"46a8bb91\" data-element_type=\"section\" data-e-type=\"section\" data-settings=\"{&quot;stretch_section&quot;:&quot;section-stretched&quot;}\">\n\t\t\t\t\t\t<div class=\"elementor-container elementor-column-gap-no\">\n\t\t\t\t\t<div class=\"elementor-column elementor-col-100 elementor-top-column elementor-element elementor-element-669f9052\" data-id=\"669f9052\" data-element_type=\"column\" data-e-type=\"column\">\n\t\t\t<div class=\"elementor-widget-wrap elementor-element-populated\">\n\t\t\t\t\t\t<div class=\"elementor-element elementor-element-ba37478 elementor-widget elementor-widget-image\" data-id=\"ba37478\" data-element_type=\"widget\" data-e-type=\"widget\" data-widget_type=\"image.default\">\n\t\t\t\t<div class=\"elementor-widget-container\">\n\t\t\t\t\t\t\t\t\t\t\t\t\t\t\t<img fetchpriority=\"high\" decoding=\"async\" width=\"1920\" height=\"230\" src=\"http:\/\/hundertwasser-schule.de\/wp-content\/uploads\/2020\/03\/bild1.jpg\" class=\"attachment-full size-full wp-image-108\" alt=\"\" srcset=\"http:\/\/hundertwasser-schule.de\/wp-content\/uploads\/2020\/03\/bild1.jpg 1920w, http:\/\/hundertwasser-schule.de\/wp-content\/uploads\/2020\/03\/bild1-300x36.jpg 300w, http:\/\/hundertwasser-schule.de\/wp-content\/uploads\/2020\/03\/bild1-1024x123.jpg 1024w, http:\/\/hundertwasser-schule.de\/wp-content\/uploads\/2020\/03\/bild1-768x92.jpg 768w, http:\/\/hundertwasser-schule.de\/wp-content\/uploads\/2020\/03\/bild1-1536x184.jpg 1536w, http:\/\/hundertwasser-schule.de\/wp-content\/uploads\/2020\/03\/bild1-20x2.jpg 20w\" sizes=\"(max-width: 1920px) 100vw, 1920px\" \/>\t\t\t\t\t\t\t\t\t\t\t\t\t\t\t<\/div>\n\t\t\t\t<\/div>\n\t\t\t\t\t<\/div>\n\t\t<\/div>\n\t\t\t\t\t<\/div>\n\t\t<\/section>\n\t\t\t\t<section class=\"elementor-section elementor-top-section elementor-element elementor-element-4fdc03db elementor-section-height-min-height elementor-section-boxed elementor-section-height-default elementor-section-items-middle\" data-id=\"4fdc03db\" data-element_type=\"section\" data-e-type=\"section\" data-settings=\"{&quot;background_background&quot;:&quot;classic&quot;}\">\n\t\t\t\t\t\t<div class=\"elementor-container elementor-column-gap-default\">\n\t\t\t\t\t<div class=\"elementor-column elementor-col-100 elementor-top-column elementor-element elementor-element-d0b6535\" data-id=\"d0b6535\" data-element_type=\"column\" data-e-type=\"column\">\n\t\t\t<div class=\"elementor-widget-wrap elementor-element-populated\">\n\t\t\t\t\t\t\t<\/div>\n\t\t<\/div>\n\t\t\t\t\t<\/div>\n\t\t<\/section>\n\t\t\t\t<section class=\"elementor-section elementor-top-section elementor-element elementor-element-14c58b56 elementor-section-boxed elementor-section-height-default elementor-section-height-default\" data-id=\"14c58b56\" data-element_type=\"section\" data-e-type=\"section\">\n\t\t\t\t\t\t<div class=\"elementor-container elementor-column-gap-default\">\n\t\t\t\t\t<div class=\"elementor-column elementor-col-100 elementor-top-column elementor-element elementor-element-6c11e110\" data-id=\"6c11e110\" data-element_type=\"column\" data-e-type=\"column\">\n\t\t\t<div class=\"elementor-widget-wrap elementor-element-populated\">\n\t\t\t\t\t\t<div class=\"elementor-element elementor-element-22c0802d elementor-widget elementor-widget-spacer\" data-id=\"22c0802d\" data-element_type=\"widget\" data-e-type=\"widget\" data-widget_type=\"spacer.default\">\n\t\t\t\t<div class=\"elementor-widget-container\">\n\t\t\t\t\t\t\t<div class=\"elementor-spacer\">\n\t\t\t<div class=\"elementor-spacer-inner\"><\/div>\n\t\t<\/div>\n\t\t\t\t\t\t<\/div>\n\t\t\t\t<\/div>\n\t\t\t\t\t<\/div>\n\t\t<\/div>\n\t\t\t\t\t<\/div>\n\t\t<\/section>\n\t\t\t\t<section class=\"elementor-section elementor-top-section elementor-element elementor-element-0bc5372 elementor-section-boxed elementor-section-height-default elementor-section-height-default\" data-id=\"0bc5372\" data-element_type=\"section\" data-e-type=\"section\">\n\t\t\t\t\t\t<div class=\"elementor-container elementor-column-gap-default\">\n\t\t\t\t\t<div class=\"elementor-column elementor-col-100 elementor-top-column elementor-element elementor-element-5e0cab2\" data-id=\"5e0cab2\" data-element_type=\"column\" data-e-type=\"column\">\n\t\t\t<div class=\"elementor-widget-wrap elementor-element-populated\">\n\t\t\t\t\t\t<div class=\"elementor-element elementor-element-1b5a810 elementor-drop-cap-yes elementor-drop-cap-view-default elementor-widget elementor-widget-text-editor\" data-id=\"1b5a810\" data-element_type=\"widget\" data-e-type=\"widget\" data-settings=\"{&quot;drop_cap&quot;:&quot;yes&quot;}\" data-widget_type=\"text-editor.default\">\n\t\t\t\t<div class=\"elementor-widget-container\">\n\t\t\t\t\t\t\t\t\t<div class=\"wpb_text_column wpb_content_element\"><div class=\"wpb_wrapper\"><p>Uczniowie mog\u0105 by\u0107 zapisani do Szko\u0142y Hundertwassera tylko wtedy, gdy rodzice zdecydowali o ucz\u0119szczaniu do szko\u0142y specjalnej, a organ prowadz\u0105cy szko\u0142\u0119 okre\u015bli\u0142 w orzeczeniu specjalne potrzeby edukacyjne.<\/p><p>Od pocz\u0105tku roku szkolnego 2014\/15 w NRW obowi\u0105zuje 9. ustawa o zmianie prawa szkolnego. Reguluje ona swobod\u0119 wyboru przez uczni\u00f3w ze specjalnymi potrzebami edukacyjnymi ucz\u0119szczania do szko\u0142y o wsp\u00f3lnym nauczaniu lub szko\u0142y specjalnej.<\/p><p>W przypadku, gdy rodzice dziecka ze specjalnymi potrzebami edukacyjnymi zdecyduj\u0105 si\u0119 na ucz\u0119szczanie do szko\u0142y podstawowej o wsp\u00f3lnym nauczaniu, specjalne potrzeby edukacyjne nie musz\u0105 by\u0107 na pocz\u0105tku ustalane.\u00a0<\/p><p>W przypadku, gdy rodzice dziecka ze specjalnymi potrzebami wsparcia rozwa\u017caj\u0105 mo\u017cliwo\u015b\u0107 ucz\u0119szczania do szko\u0142y specjalnej,.<strong>\u00a0Okre\u015blenie specjalnych potrzeb edukacyjnych<\/strong>\u00a0ale jest to warunek konieczny.<\/p><p>Specjalne potrzeby edukacyjne s\u0105 okre\u015blane przez w\u0142adze szkolne na podstawie raportu pedagogicznego. Procedura, w ramach kt\u00f3rej dokonuje si\u0119 tego ustalenia, nosi nazw\u0119 AO-SF (<strong>A<\/strong>eduKacja<strong>o<\/strong>rdnung\u00a0<strong>S<\/strong>onderp\u00e4dagogische\u00a0<strong>F<\/strong>s support). Z regu\u0142y o t\u0119 procedur\u0119 rodzice mog\u0105 ubiega\u0107 si\u0119 tylko za po\u015brednictwem w\u0142a\u015bciwej szko\u0142y podstawowej w sekretariacie szko\u0142y. Niezb\u0119dne formularze s\u0105 dost\u0119pne w sekretariacie szko\u0142y podstawowej. Po otwarciu procedury zgodnie z AO-SF, sekretariat szko\u0142y zleca dw\u00f3m ekspertom (1 nauczyciel szko\u0142y podstawowej i 1 nauczyciel szko\u0142y specjalnej), kt\u00f3rzy wsp\u00f3lnie sporz\u0105dzaj\u0105 raport pedagogiczny o potrzebie wsparcia dziecka. Je\u015bli z raportu wynika, \u017ce nale\u017cy ustali\u0107 specjaln\u0105 potrzeb\u0119 edukacyjn\u0105, raport ten zawiera r\u00f3wnie\u017c propozycj\u0119 miejsca wsparcia. Rodzice s\u0105 od pocz\u0105tku i w bardzo du\u017cym stopniu zaanga\u017cowani w proces wydawania orzeczenia, jak r\u00f3wnie\u017c w jego wynik. Nast\u0119pnie organ szko\u0142y podejmuje decyzj\u0119 na podstawie raportu pedagogicznego i \u017cycze\u0144 rodzic\u00f3w.\u00a0<\/p><p>Je\u017celi organ prowadz\u0105cy szko\u0142\u0119 orzek\u0142 o potrzebie kszta\u0142cenia specjalnego, a rodzice chc\u0105 zapisa\u0107 dziecko do Szko\u0142y Hundertwasser, to rodzice mog\u0105 zapisa\u0107 dziecko do Szko\u0142y Hundertwasser z odpowiednim orzeczeniem organu prowadz\u0105cego szko\u0142\u0119.<\/p><\/div><\/div>\t\t\t\t\t\t\t\t<\/div>\n\t\t\t\t<\/div>\n\t\t\t\t\t<\/div>\n\t\t<\/div>\n\t\t\t\t\t<\/div>\n\t\t<\/section>\n\t\t\t\t<section class=\"elementor-section elementor-top-section elementor-element elementor-element-fd30a77 elementor-section-boxed elementor-section-height-default elementor-section-height-default\" data-id=\"fd30a77\" data-element_type=\"section\" data-e-type=\"section\">\n\t\t\t\t\t\t<div class=\"elementor-container elementor-column-gap-default\">\n\t\t\t\t\t<div class=\"elementor-column elementor-col-100 elementor-top-column elementor-element elementor-element-57ace9f\" data-id=\"57ace9f\" data-element_type=\"column\" data-e-type=\"column\">\n\t\t\t<div class=\"elementor-widget-wrap elementor-element-populated\">\n\t\t\t\t\t\t<div class=\"elementor-element elementor-element-cc597d9 elementor-widget elementor-widget-spacer\" data-id=\"cc597d9\" data-element_type=\"widget\" data-e-type=\"widget\" data-widget_type=\"spacer.default\">\n\t\t\t\t<div class=\"elementor-widget-container\">\n\t\t\t\t\t\t\t<div class=\"elementor-spacer\">\n\t\t\t<div class=\"elementor-spacer-inner\"><\/div>\n\t\t<\/div>\n\t\t\t\t\t\t<\/div>\n\t\t\t\t<\/div>\n\t\t\t\t\t<\/div>\n\t\t<\/div>\n\t\t\t\t\t<\/div>\n\t\t<\/section>\n\t\t\t\t<\/div>","protected":false},"excerpt":{"rendered":"<p>An der Hundertwasser-Schule k\u00f6nnen Sch\u00fclerinnen und Sch\u00fcler nur angemeldet werden, wenn Eltern sich f\u00fcr den Besuch einer F\u00f6rderschule entschieden haben und das Schulamt den sonderp\u00e4dagogischen F\u00f6rderbedarf in einem Bescheid festgestellt hat. Seit Beginn des Schuljahres 2014\/15 gilt in NRW das 9. Schulrechts\u00e4nderungsgesetz. Darin ist f\u00fcr\u00a0Sch\u00fclerinnen und Sch\u00fcler mit sonderp\u00e4dagogischem Unterst\u00fctzungsbedarf die Wahlfreiheit in der Beschulung [&hellip;]<\/p>\n","protected":false},"author":1,"featured_media":0,"parent":0,"menu_order":0,"comment_status":"closed","ping_status":"closed","template":"elementor_header_footer","meta":{"footnotes":""},"class_list":["post-678","page","type-page","status-publish","hentry"],"_links":{"self":[{"href":"https:\/\/hundertwasser-schule.de\/pl\/wp-json\/wp\/v2\/pages\/678","targetHints":{"allow":["GET"]}}],"collection":[{"href":"https:\/\/hundertwasser-schule.de\/pl\/wp-json\/wp\/v2\/pages"}],"about":[{"href":"https:\/\/hundertwasser-schule.de\/pl\/wp-json\/wp\/v2\/types\/page"}],"author":[{"embeddable":true,"href":"https:\/\/hundertwasser-schule.de\/pl\/wp-json\/wp\/v2\/users\/1"}],"replies":[{"embeddable":true,"href":"https:\/\/hundertwasser-schule.de\/pl\/wp-json\/wp\/v2\/comments?post=678"}],"version-history":[{"count":3,"href":"https:\/\/hundertwasser-schule.de\/pl\/wp-json\/wp\/v2\/pages\/678\/revisions"}],"predecessor-version":[{"id":704,"href":"https:\/\/hundertwasser-schule.de\/pl\/wp-json\/wp\/v2\/pages\/678\/revisions\/704"}],"wp:attachment":[{"href":"https:\/\/hundertwasser-schule.de\/pl\/wp-json\/wp\/v2\/media?parent=678"}],"curies":[{"name":"wp","href":"https:\/\/api.w.org\/{rel}","templated":true}]}}