{"id":851,"date":"2020-04-14T08:16:03","date_gmt":"2020-04-14T06:16:03","guid":{"rendered":"https:\/\/neu.hundertwasser-schule.de\/?page_id=851"},"modified":"2020-04-14T12:17:52","modified_gmt":"2020-04-14T10:17:52","slug":"presseinfo-2","status":"publish","type":"page","link":"https:\/\/hundertwasser-schule.de\/pl\/presseinfo-2\/","title":{"rendered":"Komunikat prasowy"},"content":{"rendered":"<div data-elementor-type=\"wp-page\" data-elementor-id=\"851\" class=\"elementor elementor-851\" data-elementor-post-type=\"page\">\n\t\t\t\t\t\t<section class=\"elementor-section elementor-top-section elementor-element elementor-element-3c74706b elementor-section-stretched elementor-section-full_width elementor-section-height-default elementor-section-height-default\" data-id=\"3c74706b\" data-element_type=\"section\" data-e-type=\"section\" data-settings=\"{&quot;stretch_section&quot;:&quot;section-stretched&quot;}\">\n\t\t\t\t\t\t<div class=\"elementor-container elementor-column-gap-no\">\n\t\t\t\t\t<div class=\"elementor-column elementor-col-100 elementor-top-column elementor-element elementor-element-50667664\" data-id=\"50667664\" data-element_type=\"column\" data-e-type=\"column\">\n\t\t\t<div class=\"elementor-widget-wrap elementor-element-populated\">\n\t\t\t\t\t\t<div class=\"elementor-element elementor-element-64027a3a elementor-widget elementor-widget-image\" data-id=\"64027a3a\" data-element_type=\"widget\" data-e-type=\"widget\" data-widget_type=\"image.default\">\n\t\t\t\t<div class=\"elementor-widget-container\">\n\t\t\t\t\t\t\t\t\t\t\t\t\t\t\t<img fetchpriority=\"high\" decoding=\"async\" width=\"1920\" height=\"230\" src=\"http:\/\/hundertwasser-schule.de\/wp-content\/uploads\/2020\/03\/bild1.jpg\" class=\"attachment-full size-full wp-image-108\" alt=\"\" srcset=\"http:\/\/hundertwasser-schule.de\/wp-content\/uploads\/2020\/03\/bild1.jpg 1920w, http:\/\/hundertwasser-schule.de\/wp-content\/uploads\/2020\/03\/bild1-300x36.jpg 300w, http:\/\/hundertwasser-schule.de\/wp-content\/uploads\/2020\/03\/bild1-1024x123.jpg 1024w, http:\/\/hundertwasser-schule.de\/wp-content\/uploads\/2020\/03\/bild1-768x92.jpg 768w, http:\/\/hundertwasser-schule.de\/wp-content\/uploads\/2020\/03\/bild1-1536x184.jpg 1536w, http:\/\/hundertwasser-schule.de\/wp-content\/uploads\/2020\/03\/bild1-20x2.jpg 20w\" sizes=\"(max-width: 1920px) 100vw, 1920px\" \/>\t\t\t\t\t\t\t\t\t\t\t\t\t\t\t<\/div>\n\t\t\t\t<\/div>\n\t\t\t\t\t<\/div>\n\t\t<\/div>\n\t\t\t\t\t<\/div>\n\t\t<\/section>\n\t\t\t\t<section class=\"elementor-section elementor-top-section elementor-element elementor-element-4f9a8843 elementor-section-height-min-height elementor-section-boxed elementor-section-height-default elementor-section-items-middle\" data-id=\"4f9a8843\" data-element_type=\"section\" data-e-type=\"section\" data-settings=\"{&quot;background_background&quot;:&quot;classic&quot;}\">\n\t\t\t\t\t\t<div class=\"elementor-container elementor-column-gap-default\">\n\t\t\t\t\t<div class=\"elementor-column elementor-col-100 elementor-top-column elementor-element elementor-element-17041e88\" data-id=\"17041e88\" data-element_type=\"column\" data-e-type=\"column\">\n\t\t\t<div class=\"elementor-widget-wrap elementor-element-populated\">\n\t\t\t\t\t\t\t<\/div>\n\t\t<\/div>\n\t\t\t\t\t<\/div>\n\t\t<\/section>\n\t\t\t\t<section class=\"elementor-section elementor-top-section elementor-element elementor-element-47dc2325 elementor-section-boxed elementor-section-height-default elementor-section-height-default\" data-id=\"47dc2325\" data-element_type=\"section\" data-e-type=\"section\">\n\t\t\t\t\t\t<div class=\"elementor-container elementor-column-gap-default\">\n\t\t\t\t\t<div class=\"elementor-column elementor-col-100 elementor-top-column elementor-element elementor-element-699a63e7\" data-id=\"699a63e7\" data-element_type=\"column\" data-e-type=\"column\">\n\t\t\t<div class=\"elementor-widget-wrap elementor-element-populated\">\n\t\t\t\t\t\t<div class=\"elementor-element elementor-element-74cdb4ae elementor-widget elementor-widget-spacer\" data-id=\"74cdb4ae\" data-element_type=\"widget\" data-e-type=\"widget\" data-widget_type=\"spacer.default\">\n\t\t\t\t<div class=\"elementor-widget-container\">\n\t\t\t\t\t\t\t<div class=\"elementor-spacer\">\n\t\t\t<div class=\"elementor-spacer-inner\"><\/div>\n\t\t<\/div>\n\t\t\t\t\t\t<\/div>\n\t\t\t\t<\/div>\n\t\t\t\t\t<\/div>\n\t\t<\/div>\n\t\t\t\t\t<\/div>\n\t\t<\/section>\n\t\t\t\t<section class=\"elementor-section elementor-top-section elementor-element elementor-element-8a7cbd4 elementor-section-boxed elementor-section-height-default elementor-section-height-default\" data-id=\"8a7cbd4\" data-element_type=\"section\" data-e-type=\"section\">\n\t\t\t\t\t\t<div class=\"elementor-container elementor-column-gap-default\">\n\t\t\t\t\t<div class=\"elementor-column elementor-col-100 elementor-top-column elementor-element elementor-element-99a22aa\" data-id=\"99a22aa\" data-element_type=\"column\" data-e-type=\"column\">\n\t\t\t<div class=\"elementor-widget-wrap elementor-element-populated\">\n\t\t\t\t\t\t<div class=\"elementor-element elementor-element-082071a elementor-widget elementor-widget-text-editor\" data-id=\"082071a\" data-element_type=\"widget\" data-e-type=\"widget\" data-widget_type=\"text-editor.default\">\n\t\t\t\t<div class=\"elementor-widget-container\">\n\t\t\t\t\t\t\t\t\t<p><em>Publikacja za uprzejm\u0105 zgod\u0105 Bell<\/em><\/p><p><strong>Miejsce do nauki i dobrego \u017cycia\u00a0\u00a0\u00a0<\/strong><br \/>G\u00fctersloh (bit). Og\u0142aszaj\u0105 to b\u0119bny autobusu dzieci\u0119cego, a dyrektor szko\u0142y Gerhard Dickers jest zadowolony: Szko\u0142a Hundertwassera ze szczeg\u00f3lnym uwzgl\u0119dnieniem rozwoju emocjonalnego i spo\u0142ecznego w sektorze podstawowym \"znalaz\u0142a prawdziwy dom\" w miejscu dawnej szko\u0142y Volkening przy Holzstra\u00dfe w G\u00fctersloh. To \"miejsce nauki i \u017cycia, w kt\u00f3rym trzeba czu\u0107 si\u0119 jak w domu\".<br \/>Po przebudowie i uderzaj\u0105cej architektonicznie rozbudowie burmistrz Maria Unger m\u00f3wi\u0142a o wielkim dniu dla uczni\u00f3w i miasta. Szko\u0142a Hundertwassera, za\u0142o\u017cona pi\u0119\u0107 lat temu pod patronatem dzielnicy G\u00fctersloh przy szkole im. Edyty Stein, przenios\u0142a si\u0119 p\u00f3\u017aniej w s\u0105siedztwo Szko\u0142y Og\u00f3lnokszta\u0142c\u0105cej im. Anny Frank i od 2006 roku jest szko\u0142\u0105 miejsk\u0105. Unger nawi\u0105za\u0142 do bogactwa kolor\u00f3w artystki, kt\u00f3ra nada\u0142a szkole imi\u0119. Przemawia on do uczni\u00f3w, kt\u00f3rzy szukaj\u0105 kreatywno\u015bci. W jego \"kropli deszczu spadaj\u0105cej do miasta\" dzieci znajd\u0105 paralele swoich pragnie\u0144, powiedzia\u0142 burmistrz.<br \/>Minister szkolnictwa NRW Barbara Sommer jako go\u015b\u0107 podkre\u015bla\u0142a wi\u0119\u017a z miastem i powiatem G\u00fctersloh, gdzie pracowa\u0142a jako radna szkolna. Chcia\u0142a prowadzi\u0107 dialog z dzie\u0107mi, ale one by\u0142y ju\u017c w szkolnym autobusie. Potem chcia\u0142a porozmawia\u0107 o Hundertwasserze. Unger j\u0105 ubieg\u0142. Mimo to minister zosta\u0142a z artyst\u0105, kt\u00f3ry swoj\u0105 \u0142odzi\u0105 pobudza\u0142 fantazje ch\u0142opc\u00f3w i dziewcz\u0105t. \u017bycie ma strony ciemno\u015bci i jasno\u015bci. Sommer czu\u0142 wdzi\u0119czno\u015b\u0107 dla Hundertwassera, kt\u00f3ry zawsze buntowa\u0142 si\u0119 przeciwko prostej linii, i dla jego kolorowych obraz\u00f3w.<br \/>\"Jeden dyrektor, jedna kole\u017canka i pi\u0119ciu ch\u0142opc\u00f3w\" - opisywa\u0142 Dickers pocz\u0105tki w dialogu z t\u0105 pierwsz\u0105 kole\u017cank\u0105 Kerstin Richter. \"Nie byli\u015bmy nawet szko\u0142\u0105 kar\u0142\u00f3w i troch\u0119 si\u0119 z nas \u015bmiano\", wspomina\u0142 dyrektor. Podzi\u0119kowa\u0142 za wsparcie kierownikowi wydzia\u0142u szkolnego Siegfriedowi Lieske w Detmold i cz\u0142onkowi rady szkolnej Hartmutowi Stieghorstowi w zarz\u0105dzie powiatu. Przeniesienie do miasta G\u00fctersloh w 2006 roku nazwa\u0142 szcz\u0119\u015bliwym momentem, poniewa\u017c miasto dopiero my\u015bla\u0142o o kompleksowo otwartych szko\u0142ach ca\u0142odziennych. Dockers uzna\u0142 obecn\u0105 form\u0119 szko\u0142y Hundertwasser jako ca\u0142odziennej plac\u00f3wki z naciskiem na edukacj\u0119 spo\u0142eczn\u0105 we wsp\u00f3\u0142pracy z miejskimi wydzia\u0142ami szkolnymi i m\u0142odzie\u017cowymi za przypadek modelowy.<br \/>W\u015br\u00f3d go\u015bci by\u0142a Ursula Doppmeier MdL i prezydent dystryktu Marianne Thomann-Stahl. Szczeg\u00f3lnym go\u015bciem by\u0142a Lisa Weber (92). Od 80 lat mieszka\u0142a w mieszkaniu nauczycielskim w szkole Volkening, gdzie jej ojciec by\u0142 kiedy\u015b dyrektorem, a ona sama uczy\u0142a przez 30 lat.<br \/>(Opublikowano 15.09.2007 w Die Glocke)<\/p><p><em>Publikacja za zgod\u0105 Westfalen Blatt<\/em><\/p><p><strong>Nazwany po wszechstronnie utalentowanym<\/strong><br \/>Dzi\u015b inauguracja Szko\u0142y Hundertwassera<br \/>Szko\u0142a nosi nazw\u0119 \"Szko\u0142a Specjalna Miasta G\u00fctersloh\" i zosta\u0142a nazwana na cze\u015b\u0107 artysty, wszechstronnie uzdolnionego i ekologa Hundertwassera. Po zmianie lokalizacji, szko\u0142a specjalna znalaz\u0142a swoj\u0105 now\u0105 siedzib\u0119 przy Holzstra\u00dfe 30.<br \/>Szko\u0142a nale\u017cy do miasta od 1 sierpnia 2006 roku. W 2002 roku zosta\u0142a za\u0142o\u017cona jako szko\u0142a wsparcia edukacyjnego powiatu G\u00fctersloh z klas\u0105 pi\u0119ciu uczni\u00f3w i nauczycielem do spraw kszta\u0142cenia specjalnego i obecnie mie\u015bci si\u0119 przy Holzstra\u00dfe.<br \/>Uroczyste otwarcie nowego budynku szko\u0142y odb\u0119dzie si\u0119 dzi\u015b, w pi\u0105tek, o godz. 14.30. Oczekuje si\u0119, \u017ce w uroczysto\u015bci we\u017amie udzia\u0142 minister szkolnictwa kraju zwi\u0105zkowego Nadrenii P\u00f3\u0142nocnej-Westfalii, Barbara Sommer. W prezentacji zatytu\u0142owanej \"Pi\u0119\u0107 lat Szko\u0142y Hundertwassera\" dyrektor Gerhard Dickers dokona bilansu rozwoju szko\u0142y i nakre\u015bli jej perspektywy. Siegfried Lieske, kierownik wydzia\u0142u szkolnego w Detmold, przedstawi prezentacj\u0119 na temat Szko\u0142y Hundertwassera w kontek\u015bcie zmieniaj\u0105cego si\u0119 krajobrazu szkolnego. Oficjalny program zako\u0144czy si\u0119 zwiedzaniem szko\u0142y.<br \/>Nowa lokalizacja oznacza koniec tymczasowych ustale\u0144: W latach 2002-2004 szko\u0142a specjalna mie\u015bci\u0142a si\u0119 w Szkole Edith Stein, a w latach 2004-2007 w tymczasowej lokalizacji w Szkole Anne Frank. Mimo to zesp\u00f3\u0142 nauczycieli stale pracowa\u0142 nad rozwojem tej szko\u0142y. Od pocz\u0105tku roku szkolnego 2007\/2008 szko\u0142a specjalna b\u0119dzie prowadzona jako otwarta szko\u0142a ca\u0142odzienna. W ten spos\u00f3b Szko\u0142a Hundertwassera chce wspiera\u0107 emocjonalny i spo\u0142eczny rozw\u00f3j swoich oko\u0142o 50 uczni\u00f3w. Odpowiedzialni za to podpisali odpowiedni\u0105 umow\u0119 z Instytutem Psychomotoryki i Socjologii w G\u00fctersloh (SPI) oraz miastem G\u00fctersloh. Dzi\u0119ki SPI dostawca, z kt\u00f3rym Wydzia\u0142 M\u0142odzie\u017cy wsp\u00f3\u0142pracuje od lat w zakresie rehabilitacji i wsparcia edukacyjnego, przejmuje ca\u0142odzienn\u0105 opiek\u0119. Miasto zainwestowa\u0142o trzy miliony euro w rozbudow\u0119 dawnej szko\u0142y Volkening. Bez linii prostych: Fasada na ty\u0142ach dawnej szko\u0142y Volkening zosta\u0142a zaprojektowana w duchu artysty Hundertwassera dla szko\u0142y nosz\u0105cej jego imi\u0119.<br \/>(Opublikowano 14.09.2007 w Westfalen-Blatt)<\/p><p><em>Publikacja za zgod\u0105 Westfalen Blatt\u00a0<\/em><\/p><p><strong>\u015awiat dzieci nie zawsze jest kolorowy<\/strong><br \/><strong>Uroczyste otwarcie Szko\u0142y Hundertwassera<\/strong><br \/>Przez Michaela Delkera<\/p><p>Dyrektor szko\u0142y Gerhard Dicker otrzyma\u0142 w prezencie od burmistrz Marii Unger dom Hundertwassera w miniaturze. Minister szkolny Barbara Sommer wyg\u0142osi\u0142a podczas inauguracji s\u0142owa powitania.<\/p><p>G\u00fctersloh (WB) Czas prowizorycznych rozwi\u0105za\u0144 dobieg\u0142 ko\u0144ca. Po rozbudowie by\u0142ej szko\u0142y Volkening o przybud\u00f3wk\u0119+, szko\u0142a Hundertwasser mog\u0142a w pi\u0105tek po po\u0142udniu oficjalnie zainaugurowa\u0107 swoj\u0105 now\u0105 siedzib\u0119. Po latach sp\u0119dzonych w szkole Edith Stein i w tymczasowym budynku szko\u0142y Anne Frank, szko\u0142a specjalna znalaz\u0142a wreszcie swoj\u0105 siedzib\u0119. O tym, jak wa\u017cny jest to krok dla dzieci, rodzic\u00f3w i nauczycieli, \u015bwiadczy prezent od burmistrz Marii Unger: wr\u0119czy\u0142a ona dyrektorowi Gerhardowi Dickersowi domek Hundertwassera w miniaturze - mo\u017ce on s\u0142u\u017cy\u0107 jako domek dla ptak\u00f3w.<\/p><p>Minister Edukacji Nadrenii P\u00f3\u0142nocnej-Westfalii, Barbara Sommer, kt\u00f3ra pracowa\u0142a kiedy\u015b jako radna szkolna w powiecie G\u00fctersloh (\"Tutaj prze\u017cy\u0142am sw\u00f3j najlepszy czas zawodowy\"), wyg\u0142osi\u0142a mow\u0119 powitaln\u0105. Powiedzia\u0142a zaproszonym go\u015bciom, \u017ce artysta Friedensreich Hundertwasser nada\u0142 sobie za \u017cycia imi\u0119 \"Dunkelbunt\". \"To imi\u0119 dobrze pasuje do dzieci, kt\u00f3re chodz\u0105 tu do szko\u0142y. Ich \u015bwiat nie zawsze jest kolorowy\" - powiedzia\u0142a Barbara Sommer. Szko\u0142a Hundertwassera postawi\u0142a sobie za cel wspieranie rozwoju emocjonalnego i spo\u0142ecznego dzieci, kt\u00f3re nie radz\u0105 sobie w konwencjonalnym typie szko\u0142y.<\/p><p>W rozmowie ze swoj\u0105 kole\u017cank\u0105 Kerstin Richter, Gerhard Dickers wspomina\u0142 za\u0142o\u017cenie szko\u0142y pi\u0119\u0107 lat temu. W\u00f3wczas by\u0142o tylko pi\u0119ciu uczni\u00f3w, \"i byli\u015bmy prawdopodobnie najmniejsz\u0105 szko\u0142\u0105 w Nadrenii P\u00f3\u0142nocnej-Westfalii.\" Od tego czasu szko\u0142a powoli si\u0119 rozwija i to jest dobra rzecz.<\/p><p>(Opublikowano 15.09.2007 w Westfalen-Blatt)<\/p><p><em>Publikacja za zgod\u0105 NW - Neue Westf\u00e4lische\u00a0<\/em><big><big><small><br \/><big><big><small><\/small><\/big><\/big><\/small><\/big><\/big><\/p><p><strong>Wreszcie znalaz\u0142 dom<\/strong><br \/><strong>G\u00fctersloh ma now\u0105 szko\u0142\u0119 \/ Inauguracja z udzia\u0142em ministra Sommera\u00a0<\/strong><br \/>PRZEZ ROLFA BIRKHOLZA<br \/>G\u00fctersloh. \"Jeste\u015bmy dzie\u0107mi tego \u015bwiata i b\u0119bnimy, jak nam si\u0119 podoba\". B\u0119bni\u0105c, \u015bpiewaj\u0105c, gwi\u017cd\u017c\u0105c, dzieci ze szko\u0142y Hundertwasser powita\u0142y wczoraj minister szkolnictwa Barbar\u0119 Sommer, przewodnicz\u0105c\u0105 okr\u0119gu Marianne Thomann-Stahl i innych go\u015bci na uroczysto\u015bci inauguracji swojej szko\u0142y. Muzyka i \u015bpiew, efekty projektu b\u0119bniarskiego w Afryce, sprawi\u0142y, \u017ce wydawa\u0142o si\u0119, i\u017c uczniowie weszli ju\u017c w posiadanie swojego domu nazwanego imieniem artysty i ekologa Friedensreicha Hundertwassera, dawnej szko\u0142y Volkening przy Oststra\u00dfe\/Holzstra\u00dfe, kt\u00f3ra zosta\u0142a rozbudowana o przybud\u00f3wk\u0119.<br \/>Dyrektor szko\u0142y Gerhard Dickers cieszy\u0142 si\u0119, \u017ce za\u0142o\u017cona w 2002 roku szko\u0142a specjalna ukierunkowana na rozw\u00f3j emocjonalno-spo\u0142eczny, kt\u00f3ra pocz\u0105tkowo by\u0142a w\u0142asno\u015bci\u0105 powiatu, a nast\u0119pnie sta\u0142a si\u0119 szko\u0142\u0105 miejsk\u0105, po dw\u00f3ch przeprowadzkach znalaz\u0142a w nowej lokalizacji \"prawdziwy dom\" i sta\u0142a si\u0119 miejscem, gdzie mo\u017cna chodzi\u0107 do szko\u0142y i gdzie mo\u017cna mieszka\u0107. Szcz\u0119\u015bciem w nieszcz\u0119\u015bciu by\u0142o to, \u017ce projekty architekta miejskiego Karla-Heinza Rempe \"potrafi\u0142y stworzy\u0107 szcz\u0119\u015bliwe przestrzenie w duchu Hundertwassera\". Dickers dostrzeg\u0142 kolejny \u0142ut szcz\u0119\u015bcia w tym, \u017ce Sozialp\u00e4dagogisches und Psychomotorisches Institut G\u00fctersloh (SPI), z kt\u00f3rym o\u015brodek wsp\u00f3\u0142pracuje w zakresie opieki dziennej, dzia\u0142a\u0144 wspieraj\u0105cych i opieki nad rodzicami, posiada tu\u017c obok na Holzstra\u00dfe centrum wsparcia i hal\u0119 sportow\u0105, z kt\u00f3rych r\u00f3wnie\u017c mo\u017cna korzysta\u0107. Burmistrz Maria Unger najpierw pomy\u015bla\u0142a o po\u0142\u0105czeniu obu obiekt\u00f3w na jednym terenie i w ten spos\u00f3b umo\u017cliwi\u0142a uzyskanie efektu synergii.<\/p><p>Patrz\u0105c w przysz\u0142o\u015b\u0107, Dickers wyobra\u017ca sobie tutaj centrum kompetencji spo\u0142eczno-edukacyjnych. To samo powt\u00f3rzyli Siegfried Lieske, kierownik wydzia\u0142u szkolnego urz\u0119du powiatowego, i Hartmut Stieghorst, cz\u0142onek zarz\u0105du szko\u0142y w G\u00fctersloh, kt\u00f3rzy opracowali dialog z podzia\u0142em na role. W odpowiedzi na stwierdzenie Stieghorsta, \u017ce szko\u0142a Hundertwasser wiele osi\u0105gn\u0119\u0142a w ci\u0105gu pi\u0119ciu lat, Lieske powiedzia\u0142: \"Wszyscy m\u0142odzi ludzie, bardzo zmotywowani: Czego innego mo\u017cna by si\u0119 spodziewa\u0107?\".<\/p><p>Dickers i Kerstin Richter, jego \u00f3wczesna pierwsza pracownica, ju\u017c z perspektywy czasu sugerowali si\u0119 t\u0105 ocen\u0105. Z dwoma nauczycielami i pi\u0119cioma uczniami \"czuli si\u0119 jak najmniejsza szko\u0142a w Nadrenii P\u00f3\u0142nocnej-Westfalii\" i troch\u0119 si\u0119 z nich \u015bmiano. Nast\u0119pnie opisali sta\u0142y rozw\u00f3j w g\u00f3r\u0119, w tym udzia\u0142 w szkole niezale\u017cnej i otwartych projektach ca\u0142odziennych, gdzie czasami \"osi\u0105gali granice swoich mo\u017cliwo\u015bci\".<\/p><p>Minister szkolny Barbara Sommer m\u00f3wi\u0142a orze\u017awiaj\u0105co swobodnie bez r\u0119kopisu. Opowiedzia\u0142a, jak Friedrich Stowasser odnalaz\u0142 kiedy\u015b swoje nazwisko artysty Friedensreicha Hundertwassera. Pr\u00f3buj\u0105c wczu\u0107 si\u0119 w dusze dzieci, wskazuj\u0105c na okre\u015blenie artysty jako \"dunkelbunt\" (ciemny kolor) przy ca\u0142ej jego jasnej kolorystyce, wyg\u0142osi\u0142a serdeczn\u0105 pro\u015bb\u0119 do dzieci, a nie tylko odczyta\u0142a przedstawiony tekst, jak to bywa w takich przypadkach z politykami.<\/p><p>\u00a0<\/p><p><strong>Od Volkeninga do Hundertwassera<\/strong><br \/>Po dw\u00f3ch tymczasowych lokalizacjach, Szko\u0142a Hundertwassera znalaz\u0142a swoj\u0105 now\u0105 siedzib\u0119 w dawnej Volkschule przy Holzstra\u00dfe 30 (dost\u0119p w\u0142a\u015bciwie Oststra\u00dfe), nazwanej na cze\u015b\u0107 renesansowego kaznodziei Johanna Heinricha Volkeninga i zbudowanej w 1903 roku. Jako szko\u0142a wspieraj\u0105ca edukacj\u0119 dzielnicy, pocz\u0105tkowo mie\u015bci\u0142a si\u0119 w szkole Edith Stein, p\u00f3\u017aniej w szkole Anne Frank. W 2006 roku miasto przej\u0119\u0142o prowadzenie szko\u0142y. Rozpocz\u0119ta w 2002 roku z dwuosobow\u0105 kadr\u0105 i pi\u0119cioma uczniami, dzi\u015b, \u0142\u0105cznie z ca\u0142odziennym rejonem, 20 specjalist\u00f3w opiekuje si\u0119 50 uczniami w plac\u00f3wce, a tak\u017ce 20 innymi dzie\u0107mi, kt\u00f3re otrzymuj\u0105 bezpo\u015brednie wsparcie w swoich szko\u0142ach podstawowych. Remont i rozbudowa wed\u0142ug plan\u00f3w architekta Karla-Heinza Rempe kosztowa\u0142y trzy miliony euro. Rempe pozosta\u0142 wierny zasadzie k\u0105ta prostego w rozbudowie. Jednak kolorystyka, szczeg\u00f3lnie na tylnej \u015bcianie, jak r\u00f3wnie\u017c kolorowe wie\u017cyczki wyra\u017anie nawi\u0105zuj\u0105 do wypowiedzi artysty i budziciela fantazji Hundertwassera.<br \/><small>(Opublikowano 15.09.2007 w NW- Neue Westf\u00e4lische)<\/small><\/p>\t\t\t\t\t\t\t\t<\/div>\n\t\t\t\t<\/div>\n\t\t\t\t\t<\/div>\n\t\t<\/div>\n\t\t\t\t\t<\/div>\n\t\t<\/section>\n\t\t\t\t<section class=\"elementor-section elementor-top-section elementor-element elementor-element-01dd008 elementor-section-boxed elementor-section-height-default elementor-section-height-default\" data-id=\"01dd008\" data-element_type=\"section\" data-e-type=\"section\">\n\t\t\t\t\t\t<div class=\"elementor-container elementor-column-gap-default\">\n\t\t\t\t\t<div class=\"elementor-column elementor-col-100 elementor-top-column elementor-element elementor-element-052942e\" data-id=\"052942e\" data-element_type=\"column\" data-e-type=\"column\">\n\t\t\t<div class=\"elementor-widget-wrap elementor-element-populated\">\n\t\t\t\t\t\t<div class=\"elementor-element elementor-element-7bae7a1 elementor-widget elementor-widget-spacer\" data-id=\"7bae7a1\" data-element_type=\"widget\" data-e-type=\"widget\" data-widget_type=\"spacer.default\">\n\t\t\t\t<div class=\"elementor-widget-container\">\n\t\t\t\t\t\t\t<div class=\"elementor-spacer\">\n\t\t\t<div class=\"elementor-spacer-inner\"><\/div>\n\t\t<\/div>\n\t\t\t\t\t\t<\/div>\n\t\t\t\t<\/div>\n\t\t\t\t\t<\/div>\n\t\t<\/div>\n\t\t\t\t\t<\/div>\n\t\t<\/section>\n\t\t\t\t<\/div>","protected":false},"excerpt":{"rendered":"<p>Ver\u00f6ffentlicht mit freundlicher Genehmigung der Glocke Ein Lern- und Lebensort zum Wohlf\u00fchlen\u00a0\u00a0\u00a0G\u00fctersloh (bit). Buschtrommeln der Kinder k\u00fcnden es, und Schulleiter Gerhard Dickers freut sich: Die Hundertwasserschule mit dem F\u00f6rderschwerpunkt emotionale und soziale Entwicklung im Primarbereich hat am Standort der ehemaligen Volkeningschule an der Holzstra\u00dfe in G\u00fctersloh \u201eeine wirkliche Heimat gefunden\u201c. Ein \u201eLern- und Lebensort, an [&hellip;]<\/p>\n","protected":false},"author":1,"featured_media":0,"parent":0,"menu_order":0,"comment_status":"closed","ping_status":"closed","template":"elementor_header_footer","meta":{"footnotes":""},"class_list":["post-851","page","type-page","status-publish","hentry"],"_links":{"self":[{"href":"https:\/\/hundertwasser-schule.de\/pl\/wp-json\/wp\/v2\/pages\/851","targetHints":{"allow":["GET"]}}],"collection":[{"href":"https:\/\/hundertwasser-schule.de\/pl\/wp-json\/wp\/v2\/pages"}],"about":[{"href":"https:\/\/hundertwasser-schule.de\/pl\/wp-json\/wp\/v2\/types\/page"}],"author":[{"embeddable":true,"href":"https:\/\/hundertwasser-schule.de\/pl\/wp-json\/wp\/v2\/users\/1"}],"replies":[{"embeddable":true,"href":"https:\/\/hundertwasser-schule.de\/pl\/wp-json\/wp\/v2\/comments?post=851"}],"version-history":[{"count":2,"href":"https:\/\/hundertwasser-schule.de\/pl\/wp-json\/wp\/v2\/pages\/851\/revisions"}],"predecessor-version":[{"id":1006,"href":"https:\/\/hundertwasser-schule.de\/pl\/wp-json\/wp\/v2\/pages\/851\/revisions\/1006"}],"wp:attachment":[{"href":"https:\/\/hundertwasser-schule.de\/pl\/wp-json\/wp\/v2\/media?parent=851"}],"curies":[{"name":"wp","href":"https:\/\/api.w.org\/{rel}","templated":true}]}}